{"id":76723,"date":"2025-07-08T13:20:10","date_gmt":"2025-07-08T13:20:10","guid":{"rendered":"https:\/\/autorival.ro\/mercedesbenz\/produs\/bec-far-faza-lunga-mercedes-benz-a-class-w177-a-250-e-177-085-benzina-elector-218-cai-hilmann-h712-b1\/"},"modified":"2025-07-08T13:20:10","modified_gmt":"2025-07-08T13:20:10","slug":"bec-far-faza-lunga-mercedes-benz-a-class-w177-a-250-e-177-085-benzina-elector-218-cai-hilmann-h712-b1","status":"publish","type":"product","link":"https:\/\/autorival.ro\/mercedesbenz\/produs\/bec-far-faza-lunga-mercedes-benz-a-class-w177-a-250-e-177-085-benzina-elector-218-cai-hilmann-h712-b1\/","title":{"rendered":"Bec far faza lunga MERCEDES-BENZ A-CLASS (W177) A 250 e (177.085) benzina\/elector 218 cai HILMANN H712-B1"},"content":{"rendered":"<p>Echipament vehicul: pentru vehicule f\u0103r\u0103 faruri cu LEDTIp lampa: H7Tensiune [V]: 12Putere nominal\u0103 [W]: 55Variant\u0103 de execu\u021bie soclu lamp\u0103 incandescent\u0103: PX26dTip ambalaj: Cutie<\/p>\n","protected":false},"excerpt":{"rendered":"<p>Producator: HILMANN Cod producator: H712-B1<\/p>\n","protected":false},"featured_media":76724,"comment_status":"open","ping_status":"closed","template":"","meta":[],"product_brand":[3859],"product_cat":[3927],"product_tag":[45802,48277,48278,48284,48289,48285,45795,45801],"class_list":{"0":"post-76723","1":"product","2":"type-product","3":"status-publish","4":"has-post-thumbnail","6":"product_brand-hilmann","7":"product_cat-bec-far-faza-lunga-w177-a-250-e-177-085-benzina-elector-218","8":"product_tag-a-class","9":"product_tag-bec","10":"product_tag-far","11":"product_tag-faza","12":"product_tag-hilmann","13":"product_tag-lunga","14":"product_tag-mercedes","15":"product_tag-mercedes-benz","17":"first","18":"instock","19":"shipping-taxable","20":"purchasable","21":"product-type-simple"},"yoast_head":"<!-- This site is optimized with the Yoast SEO plugin v27.3 - https:\/\/yoast.com\/product\/yoast-seo-wordpress\/ -->\n<title>Bec far faza lunga MERCEDES-BENZ A-CLASS (W177) A 250 e (177.085) benzina\/elector 218 cai HILMANN H712-B1 - Mercedes<\/title>\n<meta name=\"description\" content=\"Bec far faza\" \/>\n<meta name=\"robots\" content=\"index, follow, max-snippet:-1, max-image-preview:large, max-video-preview:-1\" \/>\n<meta property=\"og:locale\" content=\"ro_RO\" \/>\n<meta property=\"og:type\" content=\"article\" \/>\n<meta property=\"og:title\" content=\"Bec far faza lunga MERCEDES-BENZ A-CLASS (W177) A 250 e (177.085) benzina\/elector 218 cai HILMANN H712-B1 - Mercedes\" \/>\n<meta property=\"og:description\" content=\"Bec far faza\" \/>\n<meta property=\"og:url\" content=\"https:\/\/autorival.ro\/mercedesbenz\/produs\/bec-far-faza-lunga-mercedes-benz-a-class-w177-a-250-e-177-085-benzina-elector-218-cai-hilmann-h712-b1\/\" \/>\n<meta property=\"og:site_name\" content=\"Mercedes\" \/>\n<meta property=\"og:image\" content=\"https:\/\/autorival.ro\/mercedesbenz\/wp-content\/uploads\/sites\/28\/2025\/07\/5318064-61.jpg\" \/>\n\t<meta property=\"og:image:width\" content=\"2500\" \/>\n\t<meta property=\"og:image:height\" content=\"2500\" \/>\n\t<meta property=\"og:image:type\" content=\"image\/jpeg\" \/>\n<meta name=\"twitter:card\" content=\"summary_large_image\" \/>\n<script type=\"application\/ld+json\" class=\"yoast-schema-graph\">{\"@context\":\"https:\\\/\\\/schema.org\",\"@graph\":[{\"@type\":\"WebPage\",\"@id\":\"https:\\\/\\\/autorival.ro\\\/mercedesbenz\\\/produs\\\/bec-far-faza-lunga-mercedes-benz-a-class-w177-a-250-e-177-085-benzina-elector-218-cai-hilmann-h712-b1\\\/\",\"url\":\"https:\\\/\\\/autorival.ro\\\/mercedesbenz\\\/produs\\\/bec-far-faza-lunga-mercedes-benz-a-class-w177-a-250-e-177-085-benzina-elector-218-cai-hilmann-h712-b1\\\/\",\"name\":\"Bec far faza lunga MERCEDES-BENZ A-CLASS (W177) A 250 e (177.085) benzina\\\/elector 218 cai HILMANN H712-B1 - Mercedes\",\"isPartOf\":{\"@id\":\"https:\\\/\\\/autorival.ro\\\/mercedesbenz\\\/#website\"},\"primaryImageOfPage\":{\"@id\":\"https:\\\/\\\/autorival.ro\\\/mercedesbenz\\\/produs\\\/bec-far-faza-lunga-mercedes-benz-a-class-w177-a-250-e-177-085-benzina-elector-218-cai-hilmann-h712-b1\\\/#primaryimage\"},\"image\":{\"@id\":\"https:\\\/\\\/autorival.ro\\\/mercedesbenz\\\/produs\\\/bec-far-faza-lunga-mercedes-benz-a-class-w177-a-250-e-177-085-benzina-elector-218-cai-hilmann-h712-b1\\\/#primaryimage\"},\"thumbnailUrl\":\"https:\\\/\\\/autorival.ro\\\/mercedesbenz\\\/wp-content\\\/uploads\\\/sites\\\/28\\\/2025\\\/07\\\/5318064-61.jpg\",\"datePublished\":\"2025-07-08T13:20:10+00:00\",\"description\":\"Bec far faza\",\"breadcrumb\":{\"@id\":\"https:\\\/\\\/autorival.ro\\\/mercedesbenz\\\/produs\\\/bec-far-faza-lunga-mercedes-benz-a-class-w177-a-250-e-177-085-benzina-elector-218-cai-hilmann-h712-b1\\\/#breadcrumb\"},\"inLanguage\":\"ro-RO\",\"potentialAction\":[{\"@type\":\"ReadAction\",\"target\":[\"https:\\\/\\\/autorival.ro\\\/mercedesbenz\\\/produs\\\/bec-far-faza-lunga-mercedes-benz-a-class-w177-a-250-e-177-085-benzina-elector-218-cai-hilmann-h712-b1\\\/\"]}]},{\"@type\":\"ImageObject\",\"inLanguage\":\"ro-RO\",\"@id\":\"https:\\\/\\\/autorival.ro\\\/mercedesbenz\\\/produs\\\/bec-far-faza-lunga-mercedes-benz-a-class-w177-a-250-e-177-085-benzina-elector-218-cai-hilmann-h712-b1\\\/#primaryimage\",\"url\":\"https:\\\/\\\/autorival.ro\\\/mercedesbenz\\\/wp-content\\\/uploads\\\/sites\\\/28\\\/2025\\\/07\\\/5318064-61.jpg\",\"contentUrl\":\"https:\\\/\\\/autorival.ro\\\/mercedesbenz\\\/wp-content\\\/uploads\\\/sites\\\/28\\\/2025\\\/07\\\/5318064-61.jpg\",\"width\":2500,\"height\":2500,\"caption\":\"Bec far faza lunga MERCEDES-BENZ A-CLASS (W177) A 250 e (177.085) benzina\\\/elector 218 cai HILMANN H712-B1\"},{\"@type\":\"BreadcrumbList\",\"@id\":\"https:\\\/\\\/autorival.ro\\\/mercedesbenz\\\/produs\\\/bec-far-faza-lunga-mercedes-benz-a-class-w177-a-250-e-177-085-benzina-elector-218-cai-hilmann-h712-b1\\\/#breadcrumb\",\"itemListElement\":[{\"@type\":\"ListItem\",\"position\":1,\"name\":\"Prima pagin\u0103\",\"item\":\"https:\\\/\\\/autorival.ro\\\/mercedesbenz\\\/\"},{\"@type\":\"ListItem\",\"position\":2,\"name\":\"Piese auto MERCEDES\",\"item\":\"https:\\\/\\\/autorival.ro\\\/mercedesbenz\\\/\"},{\"@type\":\"ListItem\",\"position\":3,\"name\":\"Bec far faza lunga MERCEDES-BENZ A-CLASS (W177) A 250 e (177.085) benzina\\\/elector 218 cai HILMANN H712-B1\"}]},{\"@type\":\"WebSite\",\"@id\":\"https:\\\/\\\/autorival.ro\\\/mercedesbenz\\\/#website\",\"url\":\"https:\\\/\\\/autorival.ro\\\/mercedesbenz\\\/\",\"name\":\"Mercedes\",\"description\":\"\",\"potentialAction\":[{\"@type\":\"SearchAction\",\"target\":{\"@type\":\"EntryPoint\",\"urlTemplate\":\"https:\\\/\\\/autorival.ro\\\/mercedesbenz\\\/?s={search_term_string}\"},\"query-input\":{\"@type\":\"PropertyValueSpecification\",\"valueRequired\":true,\"valueName\":\"search_term_string\"}}],\"inLanguage\":\"ro-RO\"}]}<\/script>\n<!-- \/ Yoast SEO plugin. -->","yoast_head_json":{"title":"Bec far faza lunga MERCEDES-BENZ A-CLASS (W177) A 250 e (177.085) benzina\/elector 218 cai HILMANN H712-B1 - Mercedes","description":"Bec far faza","robots":{"index":"index","follow":"follow","max-snippet":"max-snippet:-1","max-image-preview":"max-image-preview:large","max-video-preview":"max-video-preview:-1"},"og_locale":"ro_RO","og_type":"article","og_title":"Bec far faza lunga MERCEDES-BENZ A-CLASS (W177) A 250 e (177.085) benzina\/elector 218 cai HILMANN H712-B1 - Mercedes","og_description":"Bec far faza","og_url":"https:\/\/autorival.ro\/mercedesbenz\/produs\/bec-far-faza-lunga-mercedes-benz-a-class-w177-a-250-e-177-085-benzina-elector-218-cai-hilmann-h712-b1\/","og_site_name":"Mercedes","og_image":[{"width":2500,"height":2500,"url":"https:\/\/autorival.ro\/mercedesbenz\/wp-content\/uploads\/sites\/28\/2025\/07\/5318064-61.jpg","type":"image\/jpeg"}],"twitter_card":"summary_large_image","schema":{"@context":"https:\/\/schema.org","@graph":[{"@type":"WebPage","@id":"https:\/\/autorival.ro\/mercedesbenz\/produs\/bec-far-faza-lunga-mercedes-benz-a-class-w177-a-250-e-177-085-benzina-elector-218-cai-hilmann-h712-b1\/","url":"https:\/\/autorival.ro\/mercedesbenz\/produs\/bec-far-faza-lunga-mercedes-benz-a-class-w177-a-250-e-177-085-benzina-elector-218-cai-hilmann-h712-b1\/","name":"Bec far faza lunga MERCEDES-BENZ A-CLASS (W177) A 250 e (177.085) benzina\/elector 218 cai HILMANN H712-B1 - Mercedes","isPartOf":{"@id":"https:\/\/autorival.ro\/mercedesbenz\/#website"},"primaryImageOfPage":{"@id":"https:\/\/autorival.ro\/mercedesbenz\/produs\/bec-far-faza-lunga-mercedes-benz-a-class-w177-a-250-e-177-085-benzina-elector-218-cai-hilmann-h712-b1\/#primaryimage"},"image":{"@id":"https:\/\/autorival.ro\/mercedesbenz\/produs\/bec-far-faza-lunga-mercedes-benz-a-class-w177-a-250-e-177-085-benzina-elector-218-cai-hilmann-h712-b1\/#primaryimage"},"thumbnailUrl":"https:\/\/autorival.ro\/mercedesbenz\/wp-content\/uploads\/sites\/28\/2025\/07\/5318064-61.jpg","datePublished":"2025-07-08T13:20:10+00:00","description":"Bec far faza","breadcrumb":{"@id":"https:\/\/autorival.ro\/mercedesbenz\/produs\/bec-far-faza-lunga-mercedes-benz-a-class-w177-a-250-e-177-085-benzina-elector-218-cai-hilmann-h712-b1\/#breadcrumb"},"inLanguage":"ro-RO","potentialAction":[{"@type":"ReadAction","target":["https:\/\/autorival.ro\/mercedesbenz\/produs\/bec-far-faza-lunga-mercedes-benz-a-class-w177-a-250-e-177-085-benzina-elector-218-cai-hilmann-h712-b1\/"]}]},{"@type":"ImageObject","inLanguage":"ro-RO","@id":"https:\/\/autorival.ro\/mercedesbenz\/produs\/bec-far-faza-lunga-mercedes-benz-a-class-w177-a-250-e-177-085-benzina-elector-218-cai-hilmann-h712-b1\/#primaryimage","url":"https:\/\/autorival.ro\/mercedesbenz\/wp-content\/uploads\/sites\/28\/2025\/07\/5318064-61.jpg","contentUrl":"https:\/\/autorival.ro\/mercedesbenz\/wp-content\/uploads\/sites\/28\/2025\/07\/5318064-61.jpg","width":2500,"height":2500,"caption":"Bec far faza lunga MERCEDES-BENZ A-CLASS (W177) A 250 e (177.085) benzina\/elector 218 cai HILMANN H712-B1"},{"@type":"BreadcrumbList","@id":"https:\/\/autorival.ro\/mercedesbenz\/produs\/bec-far-faza-lunga-mercedes-benz-a-class-w177-a-250-e-177-085-benzina-elector-218-cai-hilmann-h712-b1\/#breadcrumb","itemListElement":[{"@type":"ListItem","position":1,"name":"Prima pagin\u0103","item":"https:\/\/autorival.ro\/mercedesbenz\/"},{"@type":"ListItem","position":2,"name":"Piese auto MERCEDES","item":"https:\/\/autorival.ro\/mercedesbenz\/"},{"@type":"ListItem","position":3,"name":"Bec far faza lunga MERCEDES-BENZ A-CLASS (W177) A 250 e (177.085) benzina\/elector 218 cai HILMANN H712-B1"}]},{"@type":"WebSite","@id":"https:\/\/autorival.ro\/mercedesbenz\/#website","url":"https:\/\/autorival.ro\/mercedesbenz\/","name":"Mercedes","description":"","potentialAction":[{"@type":"SearchAction","target":{"@type":"EntryPoint","urlTemplate":"https:\/\/autorival.ro\/mercedesbenz\/?s={search_term_string}"},"query-input":{"@type":"PropertyValueSpecification","valueRequired":true,"valueName":"search_term_string"}}],"inLanguage":"ro-RO"}]}},"_links":{"self":[{"href":"https:\/\/autorival.ro\/mercedesbenz\/wp-json\/wp\/v2\/product\/76723","targetHints":{"allow":["GET"]}}],"collection":[{"href":"https:\/\/autorival.ro\/mercedesbenz\/wp-json\/wp\/v2\/product"}],"about":[{"href":"https:\/\/autorival.ro\/mercedesbenz\/wp-json\/wp\/v2\/types\/product"}],"replies":[{"embeddable":true,"href":"https:\/\/autorival.ro\/mercedesbenz\/wp-json\/wp\/v2\/comments?post=76723"}],"wp:featuredmedia":[{"embeddable":true,"href":"https:\/\/autorival.ro\/mercedesbenz\/wp-json\/wp\/v2\/media\/76724"}],"wp:attachment":[{"href":"https:\/\/autorival.ro\/mercedesbenz\/wp-json\/wp\/v2\/media?parent=76723"}],"wp:term":[{"taxonomy":"product_brand","embeddable":true,"href":"https:\/\/autorival.ro\/mercedesbenz\/wp-json\/wp\/v2\/product_brand?post=76723"},{"taxonomy":"product_cat","embeddable":true,"href":"https:\/\/autorival.ro\/mercedesbenz\/wp-json\/wp\/v2\/product_cat?post=76723"},{"taxonomy":"product_tag","embeddable":true,"href":"https:\/\/autorival.ro\/mercedesbenz\/wp-json\/wp\/v2\/product_tag?post=76723"}],"curies":[{"name":"wp","href":"https:\/\/api.w.org\/{rel}","templated":true}]}}