{"id":613177,"date":"2025-07-15T09:19:49","date_gmt":"2025-07-15T09:19:49","guid":{"rendered":"https:\/\/autorival.ro\/mercedesbenz\/produs\/sensor-ajutor-parcare-mercedes-benz-a-class-w169-e-cell-169-090-electric-68-cai-hella-6px-358-141-371\/"},"modified":"2025-07-15T09:19:49","modified_gmt":"2025-07-15T09:19:49","slug":"sensor-ajutor-parcare-mercedes-benz-a-class-w169-e-cell-169-090-electric-68-cai-hella-6px-358-141-371","status":"publish","type":"product","link":"https:\/\/autorival.ro\/mercedesbenz\/produs\/sensor-ajutor-parcare-mercedes-benz-a-class-w169-e-cell-169-090-electric-68-cai-hella-6px-358-141-371\/","title":{"rendered":"Sensor ajutor parcare MERCEDES-BENZ A-CLASS (W169) E-CELL (169.090) electric 68 cai HELLA 6PX 358 141-371"},"content":{"rendered":"<p>Numar bucati necesare: 2Partea de montare: pe ambele parti, exterior, fataEchipament vehicul: petru autovehicule cu sistem de parcare semiautomatpentru cod dotare special\u0103: 220, 235Num\u0103rul conexiunilor cu muf\u0103: 3Proprietati chimice: vopsibilSpecificatii de asamblare: conectatCuloare stecher: negruForma: in unghiArticol extins\/Informatii de extindere: cu inel de fixareMontarea\/demontarea de personal de specialitate necesar\u0103!<\/p>\n","protected":false},"excerpt":{"rendered":"<p>Producator: HELLA Cod producator: 6PX 358 141-371<\/p>\n","protected":false},"featured_media":613178,"comment_status":"open","ping_status":"closed","template":"","meta":[],"product_brand":[301],"product_cat":[41887],"product_tag":[45813,45802,65931,45866,45795,45801,54354,65930],"class_list":{"0":"post-613177","1":"product","2":"type-product","3":"status-publish","4":"has-post-thumbnail","6":"product_brand-hella","7":"product_cat-sensor-ajutor-parcare-w169-e-cell-169-090-electric-68","8":"product_tag-w169","9":"product_tag-a-class","10":"product_tag-ajutor","11":"product_tag-hella","12":"product_tag-mercedes","13":"product_tag-mercedes-benz","14":"product_tag-parcare","15":"product_tag-sensor","17":"first","18":"instock","19":"shipping-taxable","20":"purchasable","21":"product-type-simple"},"yoast_head":"<!-- This site is optimized with the Yoast SEO plugin v27.3 - https:\/\/yoast.com\/product\/yoast-seo-wordpress\/ -->\n<title>Sensor ajutor parcare MERCEDES-BENZ A-CLASS (W169) E-CELL (169.090) electric 68 cai HELLA 6PX 358 141-371 Mercedes | HELLA - Autorival<\/title>\n<meta name=\"description\" content=\"\u26a1 Sensor ajutor parcare MERCEDES-BENZ A-CLASS (W169) E-CELL (169.090) electric 68 cai HELLA 6PX 358 141-371 pentru Mercedes la doar 190.04 RON. \u2713 Cod: 6PX \u2713 Brand: HELLA \u2713 \u00cen stoc \u2713 Livrare 24h \u2713 Garan\u021bie!\" \/>\n<meta name=\"robots\" content=\"index, follow, max-snippet:-1, max-image-preview:large, max-video-preview:-1\" \/>\n<meta property=\"og:locale\" content=\"ro_RO\" \/>\n<meta property=\"og:type\" content=\"article\" \/>\n<meta property=\"og:title\" content=\"Sensor ajutor parcare MERCEDES-BENZ A-CLASS (W169) E-CELL (169.090) electric 68 cai HELLA 6PX 358 141-371 Mercedes | HELLA - Autorival\" \/>\n<meta property=\"og:description\" content=\"\u26a1 Sensor ajutor parcare MERCEDES-BENZ A-CLASS (W169) E-CELL (169.090) electric 68 cai HELLA 6PX 358 141-371 pentru Mercedes la doar 190.04 RON. \u2713 Cod: 6PX \u2713 Brand: HELLA \u2713 \u00cen stoc \u2713 Livrare 24h \u2713 Garan\u021bie!\" \/>\n<meta property=\"og:url\" content=\"https:\/\/autorival.ro\/mercedesbenz\/produs\/sensor-ajutor-parcare-mercedes-benz-a-class-w169-e-cell-169-090-electric-68-cai-hella-6px-358-141-371\/\" \/>\n<meta property=\"og:site_name\" content=\"Mercedes\" \/>\n<meta property=\"og:image\" content=\"https:\/\/autorival.ro\/mercedesbenz\/wp-content\/uploads\/sites\/28\/2025\/07\/6px_358_141-371-10.jpg\" \/>\n\t<meta property=\"og:image:width\" content=\"597\" \/>\n\t<meta property=\"og:image:height\" content=\"400\" \/>\n\t<meta property=\"og:image:type\" content=\"image\/jpeg\" \/>\n<meta name=\"twitter:card\" content=\"summary_large_image\" \/>\n<meta name=\"twitter:title\" content=\"Sensor ajutor parcare MERCEDES-BENZ A-CLASS (W169) E-CELL (169.090) electric 68 cai HELLA 6PX 358 141-371 Mercedes | HELLA - Autorival\" \/>\n<meta name=\"twitter:description\" content=\"\u26a1 Sensor ajutor parcare MERCEDES-BENZ A-CLASS (W169) E-CELL (169.090) electric 68 cai HELLA 6PX 358 141-371 pentru Mercedes la doar 190.04 RON. \u2713 Cod: 6PX \u2713 Brand: HELLA \u2713 \u00cen stoc \u2713 Livrare 24h \u2713 Garan\u021bie!\" \/>\n<script type=\"application\/ld+json\" class=\"yoast-schema-graph\">{\"@context\":\"https:\\\/\\\/schema.org\",\"@graph\":[{\"@type\":\"WebPage\",\"@id\":\"https:\\\/\\\/autorival.ro\\\/mercedesbenz\\\/produs\\\/sensor-ajutor-parcare-mercedes-benz-a-class-w169-e-cell-169-090-electric-68-cai-hella-6px-358-141-371\\\/\",\"url\":\"https:\\\/\\\/autorival.ro\\\/mercedesbenz\\\/produs\\\/sensor-ajutor-parcare-mercedes-benz-a-class-w169-e-cell-169-090-electric-68-cai-hella-6px-358-141-371\\\/\",\"name\":\"Sensor ajutor parcare MERCEDES-BENZ A-CLASS (W169) E-CELL (169.090) electric 68 cai HELLA 6PX 358 141-371 Mercedes | HELLA - Autorival\",\"isPartOf\":{\"@id\":\"https:\\\/\\\/autorival.ro\\\/mercedesbenz\\\/#website\"},\"primaryImageOfPage\":{\"@id\":\"https:\\\/\\\/autorival.ro\\\/mercedesbenz\\\/produs\\\/sensor-ajutor-parcare-mercedes-benz-a-class-w169-e-cell-169-090-electric-68-cai-hella-6px-358-141-371\\\/#primaryimage\"},\"image\":{\"@id\":\"https:\\\/\\\/autorival.ro\\\/mercedesbenz\\\/produs\\\/sensor-ajutor-parcare-mercedes-benz-a-class-w169-e-cell-169-090-electric-68-cai-hella-6px-358-141-371\\\/#primaryimage\"},\"thumbnailUrl\":\"https:\\\/\\\/autorival.ro\\\/mercedesbenz\\\/wp-content\\\/uploads\\\/sites\\\/28\\\/2025\\\/07\\\/6px_358_141-371-10.jpg\",\"datePublished\":\"2025-07-15T09:19:49+00:00\",\"description\":\"\u26a1 Sensor ajutor parcare MERCEDES-BENZ A-CLASS (W169) E-CELL (169.090) electric 68 cai HELLA 6PX 358 141-371 pentru Mercedes la doar 190.04 RON. \u2713 Cod: 6PX \u2713 Brand: HELLA \u2713 \u00cen stoc \u2713 Livrare 24h \u2713 Garan\u021bie!\",\"breadcrumb\":{\"@id\":\"https:\\\/\\\/autorival.ro\\\/mercedesbenz\\\/produs\\\/sensor-ajutor-parcare-mercedes-benz-a-class-w169-e-cell-169-090-electric-68-cai-hella-6px-358-141-371\\\/#breadcrumb\"},\"inLanguage\":\"ro-RO\",\"potentialAction\":[{\"@type\":\"ReadAction\",\"target\":[\"https:\\\/\\\/autorival.ro\\\/mercedesbenz\\\/produs\\\/sensor-ajutor-parcare-mercedes-benz-a-class-w169-e-cell-169-090-electric-68-cai-hella-6px-358-141-371\\\/\"]}]},{\"@type\":\"ImageObject\",\"inLanguage\":\"ro-RO\",\"@id\":\"https:\\\/\\\/autorival.ro\\\/mercedesbenz\\\/produs\\\/sensor-ajutor-parcare-mercedes-benz-a-class-w169-e-cell-169-090-electric-68-cai-hella-6px-358-141-371\\\/#primaryimage\",\"url\":\"https:\\\/\\\/autorival.ro\\\/mercedesbenz\\\/wp-content\\\/uploads\\\/sites\\\/28\\\/2025\\\/07\\\/6px_358_141-371-10.jpg\",\"contentUrl\":\"https:\\\/\\\/autorival.ro\\\/mercedesbenz\\\/wp-content\\\/uploads\\\/sites\\\/28\\\/2025\\\/07\\\/6px_358_141-371-10.jpg\",\"width\":597,\"height\":400},{\"@type\":\"BreadcrumbList\",\"@id\":\"https:\\\/\\\/autorival.ro\\\/mercedesbenz\\\/produs\\\/sensor-ajutor-parcare-mercedes-benz-a-class-w169-e-cell-169-090-electric-68-cai-hella-6px-358-141-371\\\/#breadcrumb\",\"itemListElement\":[{\"@type\":\"ListItem\",\"position\":1,\"name\":\"Prima pagin\u0103\",\"item\":\"https:\\\/\\\/autorival.ro\\\/mercedesbenz\\\/\"},{\"@type\":\"ListItem\",\"position\":2,\"name\":\"Piese auto MERCEDES\",\"item\":\"https:\\\/\\\/autorival.ro\\\/mercedesbenz\\\/\"},{\"@type\":\"ListItem\",\"position\":3,\"name\":\"Sensor ajutor parcare MERCEDES-BENZ A-CLASS (W169) E-CELL (169.090) electric 68 cai HELLA 6PX 358 141-371\"}]},{\"@type\":\"WebSite\",\"@id\":\"https:\\\/\\\/autorival.ro\\\/mercedesbenz\\\/#website\",\"url\":\"https:\\\/\\\/autorival.ro\\\/mercedesbenz\\\/\",\"name\":\"Mercedes\",\"description\":\"\",\"potentialAction\":[{\"@type\":\"SearchAction\",\"target\":{\"@type\":\"EntryPoint\",\"urlTemplate\":\"https:\\\/\\\/autorival.ro\\\/mercedesbenz\\\/?s={search_term_string}\"},\"query-input\":{\"@type\":\"PropertyValueSpecification\",\"valueRequired\":true,\"valueName\":\"search_term_string\"}}],\"inLanguage\":\"ro-RO\"}]}<\/script>\n<!-- \/ Yoast SEO plugin. -->","yoast_head_json":{"title":"Sensor ajutor parcare MERCEDES-BENZ A-CLASS (W169) E-CELL (169.090) electric 68 cai HELLA 6PX 358 141-371 Mercedes | HELLA - Autorival","description":"\u26a1 Sensor ajutor parcare MERCEDES-BENZ A-CLASS (W169) E-CELL (169.090) electric 68 cai HELLA 6PX 358 141-371 pentru Mercedes la doar 190.04 RON. \u2713 Cod: 6PX \u2713 Brand: HELLA \u2713 \u00cen stoc \u2713 Livrare 24h \u2713 Garan\u021bie!","robots":{"index":"index","follow":"follow","max-snippet":"max-snippet:-1","max-image-preview":"max-image-preview:large","max-video-preview":"max-video-preview:-1"},"og_locale":"ro_RO","og_type":"article","og_title":"Sensor ajutor parcare MERCEDES-BENZ A-CLASS (W169) E-CELL (169.090) electric 68 cai HELLA 6PX 358 141-371 Mercedes | HELLA - Autorival","og_description":"\u26a1 Sensor ajutor parcare MERCEDES-BENZ A-CLASS (W169) E-CELL (169.090) electric 68 cai HELLA 6PX 358 141-371 pentru Mercedes la doar 190.04 RON. \u2713 Cod: 6PX \u2713 Brand: HELLA \u2713 \u00cen stoc \u2713 Livrare 24h \u2713 Garan\u021bie!","og_url":"https:\/\/autorival.ro\/mercedesbenz\/produs\/sensor-ajutor-parcare-mercedes-benz-a-class-w169-e-cell-169-090-electric-68-cai-hella-6px-358-141-371\/","og_site_name":"Mercedes","og_image":[{"width":597,"height":400,"url":"https:\/\/autorival.ro\/mercedesbenz\/wp-content\/uploads\/sites\/28\/2025\/07\/6px_358_141-371-10.jpg","type":"image\/jpeg"}],"twitter_card":"summary_large_image","twitter_title":"Sensor ajutor parcare MERCEDES-BENZ A-CLASS (W169) E-CELL (169.090) electric 68 cai HELLA 6PX 358 141-371 Mercedes | HELLA - Autorival","twitter_description":"\u26a1 Sensor ajutor parcare MERCEDES-BENZ A-CLASS (W169) E-CELL (169.090) electric 68 cai HELLA 6PX 358 141-371 pentru Mercedes la doar 190.04 RON. \u2713 Cod: 6PX \u2713 Brand: HELLA \u2713 \u00cen stoc \u2713 Livrare 24h \u2713 Garan\u021bie!","schema":{"@context":"https:\/\/schema.org","@graph":[{"@type":"WebPage","@id":"https:\/\/autorival.ro\/mercedesbenz\/produs\/sensor-ajutor-parcare-mercedes-benz-a-class-w169-e-cell-169-090-electric-68-cai-hella-6px-358-141-371\/","url":"https:\/\/autorival.ro\/mercedesbenz\/produs\/sensor-ajutor-parcare-mercedes-benz-a-class-w169-e-cell-169-090-electric-68-cai-hella-6px-358-141-371\/","name":"Sensor ajutor parcare MERCEDES-BENZ A-CLASS (W169) E-CELL (169.090) electric 68 cai HELLA 6PX 358 141-371 Mercedes | HELLA - Autorival","isPartOf":{"@id":"https:\/\/autorival.ro\/mercedesbenz\/#website"},"primaryImageOfPage":{"@id":"https:\/\/autorival.ro\/mercedesbenz\/produs\/sensor-ajutor-parcare-mercedes-benz-a-class-w169-e-cell-169-090-electric-68-cai-hella-6px-358-141-371\/#primaryimage"},"image":{"@id":"https:\/\/autorival.ro\/mercedesbenz\/produs\/sensor-ajutor-parcare-mercedes-benz-a-class-w169-e-cell-169-090-electric-68-cai-hella-6px-358-141-371\/#primaryimage"},"thumbnailUrl":"https:\/\/autorival.ro\/mercedesbenz\/wp-content\/uploads\/sites\/28\/2025\/07\/6px_358_141-371-10.jpg","datePublished":"2025-07-15T09:19:49+00:00","description":"\u26a1 Sensor ajutor parcare MERCEDES-BENZ A-CLASS (W169) E-CELL (169.090) electric 68 cai HELLA 6PX 358 141-371 pentru Mercedes la doar 190.04 RON. \u2713 Cod: 6PX \u2713 Brand: HELLA \u2713 \u00cen stoc \u2713 Livrare 24h \u2713 Garan\u021bie!","breadcrumb":{"@id":"https:\/\/autorival.ro\/mercedesbenz\/produs\/sensor-ajutor-parcare-mercedes-benz-a-class-w169-e-cell-169-090-electric-68-cai-hella-6px-358-141-371\/#breadcrumb"},"inLanguage":"ro-RO","potentialAction":[{"@type":"ReadAction","target":["https:\/\/autorival.ro\/mercedesbenz\/produs\/sensor-ajutor-parcare-mercedes-benz-a-class-w169-e-cell-169-090-electric-68-cai-hella-6px-358-141-371\/"]}]},{"@type":"ImageObject","inLanguage":"ro-RO","@id":"https:\/\/autorival.ro\/mercedesbenz\/produs\/sensor-ajutor-parcare-mercedes-benz-a-class-w169-e-cell-169-090-electric-68-cai-hella-6px-358-141-371\/#primaryimage","url":"https:\/\/autorival.ro\/mercedesbenz\/wp-content\/uploads\/sites\/28\/2025\/07\/6px_358_141-371-10.jpg","contentUrl":"https:\/\/autorival.ro\/mercedesbenz\/wp-content\/uploads\/sites\/28\/2025\/07\/6px_358_141-371-10.jpg","width":597,"height":400},{"@type":"BreadcrumbList","@id":"https:\/\/autorival.ro\/mercedesbenz\/produs\/sensor-ajutor-parcare-mercedes-benz-a-class-w169-e-cell-169-090-electric-68-cai-hella-6px-358-141-371\/#breadcrumb","itemListElement":[{"@type":"ListItem","position":1,"name":"Prima pagin\u0103","item":"https:\/\/autorival.ro\/mercedesbenz\/"},{"@type":"ListItem","position":2,"name":"Piese auto MERCEDES","item":"https:\/\/autorival.ro\/mercedesbenz\/"},{"@type":"ListItem","position":3,"name":"Sensor ajutor parcare MERCEDES-BENZ A-CLASS (W169) E-CELL (169.090) electric 68 cai HELLA 6PX 358 141-371"}]},{"@type":"WebSite","@id":"https:\/\/autorival.ro\/mercedesbenz\/#website","url":"https:\/\/autorival.ro\/mercedesbenz\/","name":"Mercedes","description":"","potentialAction":[{"@type":"SearchAction","target":{"@type":"EntryPoint","urlTemplate":"https:\/\/autorival.ro\/mercedesbenz\/?s={search_term_string}"},"query-input":{"@type":"PropertyValueSpecification","valueRequired":true,"valueName":"search_term_string"}}],"inLanguage":"ro-RO"}]}},"_links":{"self":[{"href":"https:\/\/autorival.ro\/mercedesbenz\/wp-json\/wp\/v2\/product\/613177","targetHints":{"allow":["GET"]}}],"collection":[{"href":"https:\/\/autorival.ro\/mercedesbenz\/wp-json\/wp\/v2\/product"}],"about":[{"href":"https:\/\/autorival.ro\/mercedesbenz\/wp-json\/wp\/v2\/types\/product"}],"replies":[{"embeddable":true,"href":"https:\/\/autorival.ro\/mercedesbenz\/wp-json\/wp\/v2\/comments?post=613177"}],"wp:featuredmedia":[{"embeddable":true,"href":"https:\/\/autorival.ro\/mercedesbenz\/wp-json\/wp\/v2\/media\/613178"}],"wp:attachment":[{"href":"https:\/\/autorival.ro\/mercedesbenz\/wp-json\/wp\/v2\/media?parent=613177"}],"wp:term":[{"taxonomy":"product_brand","embeddable":true,"href":"https:\/\/autorival.ro\/mercedesbenz\/wp-json\/wp\/v2\/product_brand?post=613177"},{"taxonomy":"product_cat","embeddable":true,"href":"https:\/\/autorival.ro\/mercedesbenz\/wp-json\/wp\/v2\/product_cat?post=613177"},{"taxonomy":"product_tag","embeddable":true,"href":"https:\/\/autorival.ro\/mercedesbenz\/wp-json\/wp\/v2\/product_tag?post=613177"}],"curies":[{"name":"wp","href":"https:\/\/api.w.org\/{rel}","templated":true}]}}