{"id":612365,"date":"2025-07-15T08:55:11","date_gmt":"2025-07-15T08:55:11","guid":{"rendered":"https:\/\/autorival.ro\/mercedesbenz\/produs\/sensor-ajutor-parcare-mercedes-benz-a-class-w169-a-150-169-031-169-331-benzina-95-cai-metzger-0901189\/"},"modified":"2025-07-15T08:55:11","modified_gmt":"2025-07-15T08:55:11","slug":"sensor-ajutor-parcare-mercedes-benz-a-class-w169-a-150-169-031-169-331-benzina-95-cai-metzger-0901189","status":"publish","type":"product","link":"https:\/\/autorival.ro\/mercedesbenz\/produs\/sensor-ajutor-parcare-mercedes-benz-a-class-w169-a-150-169-031-169-331-benzina-95-cai-metzger-0901189\/","title":{"rendered":"Sensor ajutor parcare MERCEDES-BENZ A-CLASS (W169) A 150 (169.031, 169.331) benzina 95 cai METZGER 0901189"},"content":{"rendered":"<p>Partea de montare: spate, fataSerie \u00c3\u02c6\u00e2\u201e\u00a2asiu (VIN)p\u00e2n\u0103 la: J 625722Pana la data de productie: 27.05.2008pentru cod dotare special\u0103: 220Numar bucati necesare: 4Separarea blocurilorTip senzor: senzor ultrasuneteProprietati chimice: vopsibilNum\u0103rul conexiunilor cu muf\u0103: 3Forma carcasa stecher: prelucrat cu colturi<\/p>\n","protected":false},"excerpt":{"rendered":"<p>Producator: METZGER Cod producator: 0901189<\/p>\n","protected":false},"featured_media":612366,"comment_status":"open","ping_status":"closed","template":"","meta":[],"product_brand":[939],"product_cat":[41877],"product_tag":[45813,45802,65931,45795,45801,46230,54354,65930],"class_list":{"0":"post-612365","1":"product","2":"type-product","3":"status-publish","4":"has-post-thumbnail","6":"product_brand-metzger","7":"product_cat-sensor-ajutor-parcare-w169-a-150-169-031-169-331-benzina-95","8":"product_tag-w169","9":"product_tag-a-class","10":"product_tag-ajutor","11":"product_tag-mercedes","12":"product_tag-mercedes-benz","13":"product_tag-metzger","14":"product_tag-parcare","15":"product_tag-sensor","17":"first","18":"instock","19":"shipping-taxable","20":"purchasable","21":"product-type-simple"},"yoast_head":"<!-- This site is optimized with the Yoast SEO plugin v27.3 - https:\/\/yoast.com\/product\/yoast-seo-wordpress\/ -->\n<title>Sensor ajutor parcare MERCEDES-BENZ A-CLASS (W169) A 150 (169.031, 169.331) benzina 95 cai METZGER 0901189 Mercedes | METZGER - Autorival<\/title>\n<meta name=\"description\" content=\"\u26a1 Sensor ajutor parcare MERCEDES-BENZ A-CLASS (W169) A 150 (169.031, 169.331) benzina 95 cai METZGER 0901189 pentru Mercedes la doar 106.76 RON. \u2713 Cod: 0901189 \u2713 Brand: METZGER \u2713 \u00cen stoc \u2713 Livrare 24h \u2713 Garan\u021bie!\" \/>\n<meta name=\"robots\" content=\"index, follow, max-snippet:-1, max-image-preview:large, max-video-preview:-1\" \/>\n<meta property=\"og:locale\" content=\"ro_RO\" \/>\n<meta property=\"og:type\" content=\"article\" \/>\n<meta property=\"og:title\" content=\"Sensor ajutor parcare MERCEDES-BENZ A-CLASS (W169) A 150 (169.031, 169.331) benzina 95 cai METZGER 0901189 Mercedes | METZGER - Autorival\" \/>\n<meta property=\"og:description\" content=\"\u26a1 Sensor ajutor parcare MERCEDES-BENZ A-CLASS (W169) A 150 (169.031, 169.331) benzina 95 cai METZGER 0901189 pentru Mercedes la doar 106.76 RON. \u2713 Cod: 0901189 \u2713 Brand: METZGER \u2713 \u00cen stoc \u2713 Livrare 24h \u2713 Garan\u021bie!\" \/>\n<meta property=\"og:url\" content=\"https:\/\/autorival.ro\/mercedesbenz\/produs\/sensor-ajutor-parcare-mercedes-benz-a-class-w169-a-150-169-031-169-331-benzina-95-cai-metzger-0901189\/\" \/>\n<meta property=\"og:site_name\" content=\"Mercedes\" \/>\n<meta property=\"og:image\" content=\"https:\/\/autorival.ro\/mercedesbenz\/wp-content\/uploads\/sites\/28\/2025\/07\/0901189.jpg\" \/>\n\t<meta property=\"og:image:width\" content=\"447\" \/>\n\t<meta property=\"og:image:height\" content=\"399\" \/>\n\t<meta property=\"og:image:type\" content=\"image\/jpeg\" \/>\n<meta name=\"twitter:card\" content=\"summary_large_image\" \/>\n<meta name=\"twitter:title\" content=\"Sensor ajutor parcare MERCEDES-BENZ A-CLASS (W169) A 150 (169.031, 169.331) benzina 95 cai METZGER 0901189 Mercedes | METZGER - Autorival\" \/>\n<meta name=\"twitter:description\" content=\"\u26a1 Sensor ajutor parcare MERCEDES-BENZ A-CLASS (W169) A 150 (169.031, 169.331) benzina 95 cai METZGER 0901189 pentru Mercedes la doar 106.76 RON. \u2713 Cod: 0901189 \u2713 Brand: METZGER \u2713 \u00cen stoc \u2713 Livrare 24h \u2713 Garan\u021bie!\" \/>\n<script type=\"application\/ld+json\" class=\"yoast-schema-graph\">{\"@context\":\"https:\\\/\\\/schema.org\",\"@graph\":[{\"@type\":\"WebPage\",\"@id\":\"https:\\\/\\\/autorival.ro\\\/mercedesbenz\\\/produs\\\/sensor-ajutor-parcare-mercedes-benz-a-class-w169-a-150-169-031-169-331-benzina-95-cai-metzger-0901189\\\/\",\"url\":\"https:\\\/\\\/autorival.ro\\\/mercedesbenz\\\/produs\\\/sensor-ajutor-parcare-mercedes-benz-a-class-w169-a-150-169-031-169-331-benzina-95-cai-metzger-0901189\\\/\",\"name\":\"Sensor ajutor parcare MERCEDES-BENZ A-CLASS (W169) A 150 (169.031, 169.331) benzina 95 cai METZGER 0901189 Mercedes | METZGER - Autorival\",\"isPartOf\":{\"@id\":\"https:\\\/\\\/autorival.ro\\\/mercedesbenz\\\/#website\"},\"primaryImageOfPage\":{\"@id\":\"https:\\\/\\\/autorival.ro\\\/mercedesbenz\\\/produs\\\/sensor-ajutor-parcare-mercedes-benz-a-class-w169-a-150-169-031-169-331-benzina-95-cai-metzger-0901189\\\/#primaryimage\"},\"image\":{\"@id\":\"https:\\\/\\\/autorival.ro\\\/mercedesbenz\\\/produs\\\/sensor-ajutor-parcare-mercedes-benz-a-class-w169-a-150-169-031-169-331-benzina-95-cai-metzger-0901189\\\/#primaryimage\"},\"thumbnailUrl\":\"https:\\\/\\\/autorival.ro\\\/mercedesbenz\\\/wp-content\\\/uploads\\\/sites\\\/28\\\/2025\\\/07\\\/0901189.jpg\",\"datePublished\":\"2025-07-15T08:55:11+00:00\",\"description\":\"\u26a1 Sensor ajutor parcare MERCEDES-BENZ A-CLASS (W169) A 150 (169.031, 169.331) benzina 95 cai METZGER 0901189 pentru Mercedes la doar 106.76 RON. \u2713 Cod: 0901189 \u2713 Brand: METZGER \u2713 \u00cen stoc \u2713 Livrare 24h \u2713 Garan\u021bie!\",\"breadcrumb\":{\"@id\":\"https:\\\/\\\/autorival.ro\\\/mercedesbenz\\\/produs\\\/sensor-ajutor-parcare-mercedes-benz-a-class-w169-a-150-169-031-169-331-benzina-95-cai-metzger-0901189\\\/#breadcrumb\"},\"inLanguage\":\"ro-RO\",\"potentialAction\":[{\"@type\":\"ReadAction\",\"target\":[\"https:\\\/\\\/autorival.ro\\\/mercedesbenz\\\/produs\\\/sensor-ajutor-parcare-mercedes-benz-a-class-w169-a-150-169-031-169-331-benzina-95-cai-metzger-0901189\\\/\"]}]},{\"@type\":\"ImageObject\",\"inLanguage\":\"ro-RO\",\"@id\":\"https:\\\/\\\/autorival.ro\\\/mercedesbenz\\\/produs\\\/sensor-ajutor-parcare-mercedes-benz-a-class-w169-a-150-169-031-169-331-benzina-95-cai-metzger-0901189\\\/#primaryimage\",\"url\":\"https:\\\/\\\/autorival.ro\\\/mercedesbenz\\\/wp-content\\\/uploads\\\/sites\\\/28\\\/2025\\\/07\\\/0901189.jpg\",\"contentUrl\":\"https:\\\/\\\/autorival.ro\\\/mercedesbenz\\\/wp-content\\\/uploads\\\/sites\\\/28\\\/2025\\\/07\\\/0901189.jpg\",\"width\":447,\"height\":399},{\"@type\":\"BreadcrumbList\",\"@id\":\"https:\\\/\\\/autorival.ro\\\/mercedesbenz\\\/produs\\\/sensor-ajutor-parcare-mercedes-benz-a-class-w169-a-150-169-031-169-331-benzina-95-cai-metzger-0901189\\\/#breadcrumb\",\"itemListElement\":[{\"@type\":\"ListItem\",\"position\":1,\"name\":\"Prima pagin\u0103\",\"item\":\"https:\\\/\\\/autorival.ro\\\/mercedesbenz\\\/\"},{\"@type\":\"ListItem\",\"position\":2,\"name\":\"Piese auto MERCEDES\",\"item\":\"https:\\\/\\\/autorival.ro\\\/mercedesbenz\\\/\"},{\"@type\":\"ListItem\",\"position\":3,\"name\":\"Sensor ajutor parcare MERCEDES-BENZ A-CLASS (W169) A 150 (169.031, 169.331) benzina 95 cai METZGER 0901189\"}]},{\"@type\":\"WebSite\",\"@id\":\"https:\\\/\\\/autorival.ro\\\/mercedesbenz\\\/#website\",\"url\":\"https:\\\/\\\/autorival.ro\\\/mercedesbenz\\\/\",\"name\":\"Mercedes\",\"description\":\"\",\"potentialAction\":[{\"@type\":\"SearchAction\",\"target\":{\"@type\":\"EntryPoint\",\"urlTemplate\":\"https:\\\/\\\/autorival.ro\\\/mercedesbenz\\\/?s={search_term_string}\"},\"query-input\":{\"@type\":\"PropertyValueSpecification\",\"valueRequired\":true,\"valueName\":\"search_term_string\"}}],\"inLanguage\":\"ro-RO\"}]}<\/script>\n<!-- \/ Yoast SEO plugin. -->","yoast_head_json":{"title":"Sensor ajutor parcare MERCEDES-BENZ A-CLASS (W169) A 150 (169.031, 169.331) benzina 95 cai METZGER 0901189 Mercedes | METZGER - Autorival","description":"\u26a1 Sensor ajutor parcare MERCEDES-BENZ A-CLASS (W169) A 150 (169.031, 169.331) benzina 95 cai METZGER 0901189 pentru Mercedes la doar 106.76 RON. \u2713 Cod: 0901189 \u2713 Brand: METZGER \u2713 \u00cen stoc \u2713 Livrare 24h \u2713 Garan\u021bie!","robots":{"index":"index","follow":"follow","max-snippet":"max-snippet:-1","max-image-preview":"max-image-preview:large","max-video-preview":"max-video-preview:-1"},"og_locale":"ro_RO","og_type":"article","og_title":"Sensor ajutor parcare MERCEDES-BENZ A-CLASS (W169) A 150 (169.031, 169.331) benzina 95 cai METZGER 0901189 Mercedes | METZGER - Autorival","og_description":"\u26a1 Sensor ajutor parcare MERCEDES-BENZ A-CLASS (W169) A 150 (169.031, 169.331) benzina 95 cai METZGER 0901189 pentru Mercedes la doar 106.76 RON. \u2713 Cod: 0901189 \u2713 Brand: METZGER \u2713 \u00cen stoc \u2713 Livrare 24h \u2713 Garan\u021bie!","og_url":"https:\/\/autorival.ro\/mercedesbenz\/produs\/sensor-ajutor-parcare-mercedes-benz-a-class-w169-a-150-169-031-169-331-benzina-95-cai-metzger-0901189\/","og_site_name":"Mercedes","og_image":[{"width":447,"height":399,"url":"https:\/\/autorival.ro\/mercedesbenz\/wp-content\/uploads\/sites\/28\/2025\/07\/0901189.jpg","type":"image\/jpeg"}],"twitter_card":"summary_large_image","twitter_title":"Sensor ajutor parcare MERCEDES-BENZ A-CLASS (W169) A 150 (169.031, 169.331) benzina 95 cai METZGER 0901189 Mercedes | METZGER - Autorival","twitter_description":"\u26a1 Sensor ajutor parcare MERCEDES-BENZ A-CLASS (W169) A 150 (169.031, 169.331) benzina 95 cai METZGER 0901189 pentru Mercedes la doar 106.76 RON. \u2713 Cod: 0901189 \u2713 Brand: METZGER \u2713 \u00cen stoc \u2713 Livrare 24h \u2713 Garan\u021bie!","schema":{"@context":"https:\/\/schema.org","@graph":[{"@type":"WebPage","@id":"https:\/\/autorival.ro\/mercedesbenz\/produs\/sensor-ajutor-parcare-mercedes-benz-a-class-w169-a-150-169-031-169-331-benzina-95-cai-metzger-0901189\/","url":"https:\/\/autorival.ro\/mercedesbenz\/produs\/sensor-ajutor-parcare-mercedes-benz-a-class-w169-a-150-169-031-169-331-benzina-95-cai-metzger-0901189\/","name":"Sensor ajutor parcare MERCEDES-BENZ A-CLASS (W169) A 150 (169.031, 169.331) benzina 95 cai METZGER 0901189 Mercedes | METZGER - Autorival","isPartOf":{"@id":"https:\/\/autorival.ro\/mercedesbenz\/#website"},"primaryImageOfPage":{"@id":"https:\/\/autorival.ro\/mercedesbenz\/produs\/sensor-ajutor-parcare-mercedes-benz-a-class-w169-a-150-169-031-169-331-benzina-95-cai-metzger-0901189\/#primaryimage"},"image":{"@id":"https:\/\/autorival.ro\/mercedesbenz\/produs\/sensor-ajutor-parcare-mercedes-benz-a-class-w169-a-150-169-031-169-331-benzina-95-cai-metzger-0901189\/#primaryimage"},"thumbnailUrl":"https:\/\/autorival.ro\/mercedesbenz\/wp-content\/uploads\/sites\/28\/2025\/07\/0901189.jpg","datePublished":"2025-07-15T08:55:11+00:00","description":"\u26a1 Sensor ajutor parcare MERCEDES-BENZ A-CLASS (W169) A 150 (169.031, 169.331) benzina 95 cai METZGER 0901189 pentru Mercedes la doar 106.76 RON. \u2713 Cod: 0901189 \u2713 Brand: METZGER \u2713 \u00cen stoc \u2713 Livrare 24h \u2713 Garan\u021bie!","breadcrumb":{"@id":"https:\/\/autorival.ro\/mercedesbenz\/produs\/sensor-ajutor-parcare-mercedes-benz-a-class-w169-a-150-169-031-169-331-benzina-95-cai-metzger-0901189\/#breadcrumb"},"inLanguage":"ro-RO","potentialAction":[{"@type":"ReadAction","target":["https:\/\/autorival.ro\/mercedesbenz\/produs\/sensor-ajutor-parcare-mercedes-benz-a-class-w169-a-150-169-031-169-331-benzina-95-cai-metzger-0901189\/"]}]},{"@type":"ImageObject","inLanguage":"ro-RO","@id":"https:\/\/autorival.ro\/mercedesbenz\/produs\/sensor-ajutor-parcare-mercedes-benz-a-class-w169-a-150-169-031-169-331-benzina-95-cai-metzger-0901189\/#primaryimage","url":"https:\/\/autorival.ro\/mercedesbenz\/wp-content\/uploads\/sites\/28\/2025\/07\/0901189.jpg","contentUrl":"https:\/\/autorival.ro\/mercedesbenz\/wp-content\/uploads\/sites\/28\/2025\/07\/0901189.jpg","width":447,"height":399},{"@type":"BreadcrumbList","@id":"https:\/\/autorival.ro\/mercedesbenz\/produs\/sensor-ajutor-parcare-mercedes-benz-a-class-w169-a-150-169-031-169-331-benzina-95-cai-metzger-0901189\/#breadcrumb","itemListElement":[{"@type":"ListItem","position":1,"name":"Prima pagin\u0103","item":"https:\/\/autorival.ro\/mercedesbenz\/"},{"@type":"ListItem","position":2,"name":"Piese auto MERCEDES","item":"https:\/\/autorival.ro\/mercedesbenz\/"},{"@type":"ListItem","position":3,"name":"Sensor ajutor parcare MERCEDES-BENZ A-CLASS (W169) A 150 (169.031, 169.331) benzina 95 cai METZGER 0901189"}]},{"@type":"WebSite","@id":"https:\/\/autorival.ro\/mercedesbenz\/#website","url":"https:\/\/autorival.ro\/mercedesbenz\/","name":"Mercedes","description":"","potentialAction":[{"@type":"SearchAction","target":{"@type":"EntryPoint","urlTemplate":"https:\/\/autorival.ro\/mercedesbenz\/?s={search_term_string}"},"query-input":{"@type":"PropertyValueSpecification","valueRequired":true,"valueName":"search_term_string"}}],"inLanguage":"ro-RO"}]}},"_links":{"self":[{"href":"https:\/\/autorival.ro\/mercedesbenz\/wp-json\/wp\/v2\/product\/612365","targetHints":{"allow":["GET"]}}],"collection":[{"href":"https:\/\/autorival.ro\/mercedesbenz\/wp-json\/wp\/v2\/product"}],"about":[{"href":"https:\/\/autorival.ro\/mercedesbenz\/wp-json\/wp\/v2\/types\/product"}],"replies":[{"embeddable":true,"href":"https:\/\/autorival.ro\/mercedesbenz\/wp-json\/wp\/v2\/comments?post=612365"}],"wp:featuredmedia":[{"embeddable":true,"href":"https:\/\/autorival.ro\/mercedesbenz\/wp-json\/wp\/v2\/media\/612366"}],"wp:attachment":[{"href":"https:\/\/autorival.ro\/mercedesbenz\/wp-json\/wp\/v2\/media?parent=612365"}],"wp:term":[{"taxonomy":"product_brand","embeddable":true,"href":"https:\/\/autorival.ro\/mercedesbenz\/wp-json\/wp\/v2\/product_brand?post=612365"},{"taxonomy":"product_cat","embeddable":true,"href":"https:\/\/autorival.ro\/mercedesbenz\/wp-json\/wp\/v2\/product_cat?post=612365"},{"taxonomy":"product_tag","embeddable":true,"href":"https:\/\/autorival.ro\/mercedesbenz\/wp-json\/wp\/v2\/product_tag?post=612365"}],"curies":[{"name":"wp","href":"https:\/\/api.w.org\/{rel}","templated":true}]}}