{"id":577671,"date":"2025-07-14T12:56:17","date_gmt":"2025-07-14T12:56:17","guid":{"rendered":"https:\/\/autorival.ro\/mercedesbenz\/produs\/releu-abs-mercedes-benz-a-class-w169-e-cell-169-090-electric-68-cai-hella-4ra-933-332-541\/"},"modified":"2025-07-14T12:56:17","modified_gmt":"2025-07-14T12:56:17","slug":"releu-abs-mercedes-benz-a-class-w169-e-cell-169-090-electric-68-cai-hella-4ra-933-332-541","status":"publish","type":"product","link":"https:\/\/autorival.ro\/mercedesbenz\/produs\/releu-abs-mercedes-benz-a-class-w169-e-cell-169-090-electric-68-cai-hella-4ra-933-332-541\/","title":{"rendered":"Releu ABS MERCEDES-BENZ A-CLASS (W169) E-CELL (169.090) electric 68 cai HELLA 4RA 933 332-541"},"content":{"rendered":"<p>Articol completare\/Info suplimentar 2: cu rezistentaTip protectie (cod IP): IP54Tensiune [V]: 12Capacitate de incarcare la 12V: 40AFunctie comutator combinat: InchizatorSarcina inductiva [A]: 35Capacitate de incarcare [A]: 30Sarcina rezistiva [A]: 40Num\u0103rul conexiunilor cu muf\u0103: 4Schema circuit electric: S2Identificare constructie stecher: BGama de temperatura [\u00c3\u201a\u00c2\u00b0C]: 80Functie releu: Contact de lucru, ABS, Faza scurta, Faza lunga, Luneta incalzita, ESP, Macara geam, Electromotor, Claxon, Sistem aer conditionat, Pachet comfort, Bloc de lumini, Ventilator, instalatie incalzire\/clima, Ventilator habitaclu, Clema 15, Lumina de circulat ziua, Hidraulica pavilion, Sistem inchidere centralizata, Pompa recirculare ABS, Reglaj oglinda exterioara, Oglinda exterioara incalzita, Ajutor parcare, Incalzire electrica, Iluminare habitaclu, Clema 15R, Clema 87, Pompa combustibil, Sonda lambda, Ventilator, radiator motor, Proiector ceata, Stergator parbriz, Incalzire stergator parbriz, Trapa, parasolar, Sitsem aer secundar, Incalzire scaunMontarea\/demontarea de personal de specialitate necesar\u0103!<\/p>\n","protected":false},"excerpt":{"rendered":"<p>Producator: HELLA Cod producator: 4RA 933 332-541<\/p>\n","protected":false},"featured_media":577672,"comment_status":"open","ping_status":"closed","template":"","meta":[],"product_brand":[301],"product_cat":[39500],"product_tag":[45813,45802,48758,45866,45795,45801,65898],"class_list":{"0":"post-577671","1":"product","2":"type-product","3":"status-publish","4":"has-post-thumbnail","6":"product_brand-hella","7":"product_cat-releu-abs-w169-e-cell-169-090-electric-68","8":"product_tag-w169","9":"product_tag-a-class","10":"product_tag-abs","11":"product_tag-hella","12":"product_tag-mercedes","13":"product_tag-mercedes-benz","14":"product_tag-releu","16":"first","17":"instock","18":"shipping-taxable","19":"purchasable","20":"product-type-simple"},"yoast_head":"<!-- This site is optimized with the Yoast SEO plugin v27.3 - https:\/\/yoast.com\/product\/yoast-seo-wordpress\/ -->\n<title>Releu ABS MERCEDES-BENZ A-CLASS (W169) E-CELL (169.090) electric 68 cai HELLA 4RA 933 332-541 Mercedes | HELLA - Autorival<\/title>\n<meta name=\"description\" content=\"\u26a1 Releu ABS MERCEDES-BENZ A-CLASS (W169) E-CELL (169.090) electric 68 cai HELLA 4RA 933 332-541 pentru Mercedes la doar 21 RON. \u2713 Cod: 4RA \u2713 Brand: HELLA \u2713 \u00cen stoc \u2713 Livrare 24h \u2713 Garan\u021bie!\" \/>\n<meta name=\"robots\" content=\"index, follow, max-snippet:-1, max-image-preview:large, max-video-preview:-1\" \/>\n<meta property=\"og:locale\" content=\"ro_RO\" \/>\n<meta property=\"og:type\" content=\"article\" \/>\n<meta property=\"og:title\" content=\"Releu ABS MERCEDES-BENZ A-CLASS (W169) E-CELL (169.090) electric 68 cai HELLA 4RA 933 332-541 Mercedes | HELLA - Autorival\" \/>\n<meta property=\"og:description\" content=\"\u26a1 Releu ABS MERCEDES-BENZ A-CLASS (W169) E-CELL (169.090) electric 68 cai HELLA 4RA 933 332-541 pentru Mercedes la doar 21 RON. \u2713 Cod: 4RA \u2713 Brand: HELLA \u2713 \u00cen stoc \u2713 Livrare 24h \u2713 Garan\u021bie!\" \/>\n<meta property=\"og:url\" content=\"https:\/\/autorival.ro\/mercedesbenz\/produs\/releu-abs-mercedes-benz-a-class-w169-e-cell-169-090-electric-68-cai-hella-4ra-933-332-541\/\" \/>\n<meta property=\"og:site_name\" content=\"Mercedes\" \/>\n<meta property=\"og:image\" content=\"https:\/\/autorival.ro\/mercedesbenz\/wp-content\/uploads\/sites\/28\/2025\/07\/4ra_933_332-541-18.jpg\" \/>\n\t<meta property=\"og:image:width\" content=\"600\" \/>\n\t<meta property=\"og:image:height\" content=\"400\" \/>\n\t<meta property=\"og:image:type\" content=\"image\/jpeg\" \/>\n<meta name=\"twitter:card\" content=\"summary_large_image\" \/>\n<meta name=\"twitter:title\" content=\"Releu ABS MERCEDES-BENZ A-CLASS (W169) E-CELL (169.090) electric 68 cai HELLA 4RA 933 332-541 Mercedes | HELLA - Autorival\" \/>\n<meta name=\"twitter:description\" content=\"\u26a1 Releu ABS MERCEDES-BENZ A-CLASS (W169) E-CELL (169.090) electric 68 cai HELLA 4RA 933 332-541 pentru Mercedes la doar 21 RON. \u2713 Cod: 4RA \u2713 Brand: HELLA \u2713 \u00cen stoc \u2713 Livrare 24h \u2713 Garan\u021bie!\" \/>\n<meta name=\"twitter:label1\" content=\"Timp estimat pentru citire\" \/>\n\t<meta name=\"twitter:data1\" content=\"1 minut\" \/>\n<script type=\"application\/ld+json\" class=\"yoast-schema-graph\">{\"@context\":\"https:\\\/\\\/schema.org\",\"@graph\":[{\"@type\":\"WebPage\",\"@id\":\"https:\\\/\\\/autorival.ro\\\/mercedesbenz\\\/produs\\\/releu-abs-mercedes-benz-a-class-w169-e-cell-169-090-electric-68-cai-hella-4ra-933-332-541\\\/\",\"url\":\"https:\\\/\\\/autorival.ro\\\/mercedesbenz\\\/produs\\\/releu-abs-mercedes-benz-a-class-w169-e-cell-169-090-electric-68-cai-hella-4ra-933-332-541\\\/\",\"name\":\"Releu ABS MERCEDES-BENZ A-CLASS (W169) E-CELL (169.090) electric 68 cai HELLA 4RA 933 332-541 Mercedes | HELLA - Autorival\",\"isPartOf\":{\"@id\":\"https:\\\/\\\/autorival.ro\\\/mercedesbenz\\\/#website\"},\"primaryImageOfPage\":{\"@id\":\"https:\\\/\\\/autorival.ro\\\/mercedesbenz\\\/produs\\\/releu-abs-mercedes-benz-a-class-w169-e-cell-169-090-electric-68-cai-hella-4ra-933-332-541\\\/#primaryimage\"},\"image\":{\"@id\":\"https:\\\/\\\/autorival.ro\\\/mercedesbenz\\\/produs\\\/releu-abs-mercedes-benz-a-class-w169-e-cell-169-090-electric-68-cai-hella-4ra-933-332-541\\\/#primaryimage\"},\"thumbnailUrl\":\"https:\\\/\\\/autorival.ro\\\/mercedesbenz\\\/wp-content\\\/uploads\\\/sites\\\/28\\\/2025\\\/07\\\/4ra_933_332-541-18.jpg\",\"datePublished\":\"2025-07-14T12:56:17+00:00\",\"description\":\"\u26a1 Releu ABS MERCEDES-BENZ A-CLASS (W169) E-CELL (169.090) electric 68 cai HELLA 4RA 933 332-541 pentru Mercedes la doar 21 RON. \u2713 Cod: 4RA \u2713 Brand: HELLA \u2713 \u00cen stoc \u2713 Livrare 24h \u2713 Garan\u021bie!\",\"breadcrumb\":{\"@id\":\"https:\\\/\\\/autorival.ro\\\/mercedesbenz\\\/produs\\\/releu-abs-mercedes-benz-a-class-w169-e-cell-169-090-electric-68-cai-hella-4ra-933-332-541\\\/#breadcrumb\"},\"inLanguage\":\"ro-RO\",\"potentialAction\":[{\"@type\":\"ReadAction\",\"target\":[\"https:\\\/\\\/autorival.ro\\\/mercedesbenz\\\/produs\\\/releu-abs-mercedes-benz-a-class-w169-e-cell-169-090-electric-68-cai-hella-4ra-933-332-541\\\/\"]}]},{\"@type\":\"ImageObject\",\"inLanguage\":\"ro-RO\",\"@id\":\"https:\\\/\\\/autorival.ro\\\/mercedesbenz\\\/produs\\\/releu-abs-mercedes-benz-a-class-w169-e-cell-169-090-electric-68-cai-hella-4ra-933-332-541\\\/#primaryimage\",\"url\":\"https:\\\/\\\/autorival.ro\\\/mercedesbenz\\\/wp-content\\\/uploads\\\/sites\\\/28\\\/2025\\\/07\\\/4ra_933_332-541-18.jpg\",\"contentUrl\":\"https:\\\/\\\/autorival.ro\\\/mercedesbenz\\\/wp-content\\\/uploads\\\/sites\\\/28\\\/2025\\\/07\\\/4ra_933_332-541-18.jpg\",\"width\":600,\"height\":400},{\"@type\":\"BreadcrumbList\",\"@id\":\"https:\\\/\\\/autorival.ro\\\/mercedesbenz\\\/produs\\\/releu-abs-mercedes-benz-a-class-w169-e-cell-169-090-electric-68-cai-hella-4ra-933-332-541\\\/#breadcrumb\",\"itemListElement\":[{\"@type\":\"ListItem\",\"position\":1,\"name\":\"Prima pagin\u0103\",\"item\":\"https:\\\/\\\/autorival.ro\\\/mercedesbenz\\\/\"},{\"@type\":\"ListItem\",\"position\":2,\"name\":\"Piese auto MERCEDES\",\"item\":\"https:\\\/\\\/autorival.ro\\\/mercedesbenz\\\/\"},{\"@type\":\"ListItem\",\"position\":3,\"name\":\"Releu ABS MERCEDES-BENZ A-CLASS (W169) E-CELL (169.090) electric 68 cai HELLA 4RA 933 332-541\"}]},{\"@type\":\"WebSite\",\"@id\":\"https:\\\/\\\/autorival.ro\\\/mercedesbenz\\\/#website\",\"url\":\"https:\\\/\\\/autorival.ro\\\/mercedesbenz\\\/\",\"name\":\"Mercedes\",\"description\":\"\",\"potentialAction\":[{\"@type\":\"SearchAction\",\"target\":{\"@type\":\"EntryPoint\",\"urlTemplate\":\"https:\\\/\\\/autorival.ro\\\/mercedesbenz\\\/?s={search_term_string}\"},\"query-input\":{\"@type\":\"PropertyValueSpecification\",\"valueRequired\":true,\"valueName\":\"search_term_string\"}}],\"inLanguage\":\"ro-RO\"}]}<\/script>\n<!-- \/ Yoast SEO plugin. -->","yoast_head_json":{"title":"Releu ABS MERCEDES-BENZ A-CLASS (W169) E-CELL (169.090) electric 68 cai HELLA 4RA 933 332-541 Mercedes | HELLA - Autorival","description":"\u26a1 Releu ABS MERCEDES-BENZ A-CLASS (W169) E-CELL (169.090) electric 68 cai HELLA 4RA 933 332-541 pentru Mercedes la doar 21 RON. \u2713 Cod: 4RA \u2713 Brand: HELLA \u2713 \u00cen stoc \u2713 Livrare 24h \u2713 Garan\u021bie!","robots":{"index":"index","follow":"follow","max-snippet":"max-snippet:-1","max-image-preview":"max-image-preview:large","max-video-preview":"max-video-preview:-1"},"og_locale":"ro_RO","og_type":"article","og_title":"Releu ABS MERCEDES-BENZ A-CLASS (W169) E-CELL (169.090) electric 68 cai HELLA 4RA 933 332-541 Mercedes | HELLA - Autorival","og_description":"\u26a1 Releu ABS MERCEDES-BENZ A-CLASS (W169) E-CELL (169.090) electric 68 cai HELLA 4RA 933 332-541 pentru Mercedes la doar 21 RON. \u2713 Cod: 4RA \u2713 Brand: HELLA \u2713 \u00cen stoc \u2713 Livrare 24h \u2713 Garan\u021bie!","og_url":"https:\/\/autorival.ro\/mercedesbenz\/produs\/releu-abs-mercedes-benz-a-class-w169-e-cell-169-090-electric-68-cai-hella-4ra-933-332-541\/","og_site_name":"Mercedes","og_image":[{"width":600,"height":400,"url":"https:\/\/autorival.ro\/mercedesbenz\/wp-content\/uploads\/sites\/28\/2025\/07\/4ra_933_332-541-18.jpg","type":"image\/jpeg"}],"twitter_card":"summary_large_image","twitter_title":"Releu ABS MERCEDES-BENZ A-CLASS (W169) E-CELL (169.090) electric 68 cai HELLA 4RA 933 332-541 Mercedes | HELLA - Autorival","twitter_description":"\u26a1 Releu ABS MERCEDES-BENZ A-CLASS (W169) E-CELL (169.090) electric 68 cai HELLA 4RA 933 332-541 pentru Mercedes la doar 21 RON. \u2713 Cod: 4RA \u2713 Brand: HELLA \u2713 \u00cen stoc \u2713 Livrare 24h \u2713 Garan\u021bie!","twitter_misc":{"Timp estimat pentru citire":"1 minut"},"schema":{"@context":"https:\/\/schema.org","@graph":[{"@type":"WebPage","@id":"https:\/\/autorival.ro\/mercedesbenz\/produs\/releu-abs-mercedes-benz-a-class-w169-e-cell-169-090-electric-68-cai-hella-4ra-933-332-541\/","url":"https:\/\/autorival.ro\/mercedesbenz\/produs\/releu-abs-mercedes-benz-a-class-w169-e-cell-169-090-electric-68-cai-hella-4ra-933-332-541\/","name":"Releu ABS MERCEDES-BENZ A-CLASS (W169) E-CELL (169.090) electric 68 cai HELLA 4RA 933 332-541 Mercedes | HELLA - Autorival","isPartOf":{"@id":"https:\/\/autorival.ro\/mercedesbenz\/#website"},"primaryImageOfPage":{"@id":"https:\/\/autorival.ro\/mercedesbenz\/produs\/releu-abs-mercedes-benz-a-class-w169-e-cell-169-090-electric-68-cai-hella-4ra-933-332-541\/#primaryimage"},"image":{"@id":"https:\/\/autorival.ro\/mercedesbenz\/produs\/releu-abs-mercedes-benz-a-class-w169-e-cell-169-090-electric-68-cai-hella-4ra-933-332-541\/#primaryimage"},"thumbnailUrl":"https:\/\/autorival.ro\/mercedesbenz\/wp-content\/uploads\/sites\/28\/2025\/07\/4ra_933_332-541-18.jpg","datePublished":"2025-07-14T12:56:17+00:00","description":"\u26a1 Releu ABS MERCEDES-BENZ A-CLASS (W169) E-CELL (169.090) electric 68 cai HELLA 4RA 933 332-541 pentru Mercedes la doar 21 RON. \u2713 Cod: 4RA \u2713 Brand: HELLA \u2713 \u00cen stoc \u2713 Livrare 24h \u2713 Garan\u021bie!","breadcrumb":{"@id":"https:\/\/autorival.ro\/mercedesbenz\/produs\/releu-abs-mercedes-benz-a-class-w169-e-cell-169-090-electric-68-cai-hella-4ra-933-332-541\/#breadcrumb"},"inLanguage":"ro-RO","potentialAction":[{"@type":"ReadAction","target":["https:\/\/autorival.ro\/mercedesbenz\/produs\/releu-abs-mercedes-benz-a-class-w169-e-cell-169-090-electric-68-cai-hella-4ra-933-332-541\/"]}]},{"@type":"ImageObject","inLanguage":"ro-RO","@id":"https:\/\/autorival.ro\/mercedesbenz\/produs\/releu-abs-mercedes-benz-a-class-w169-e-cell-169-090-electric-68-cai-hella-4ra-933-332-541\/#primaryimage","url":"https:\/\/autorival.ro\/mercedesbenz\/wp-content\/uploads\/sites\/28\/2025\/07\/4ra_933_332-541-18.jpg","contentUrl":"https:\/\/autorival.ro\/mercedesbenz\/wp-content\/uploads\/sites\/28\/2025\/07\/4ra_933_332-541-18.jpg","width":600,"height":400},{"@type":"BreadcrumbList","@id":"https:\/\/autorival.ro\/mercedesbenz\/produs\/releu-abs-mercedes-benz-a-class-w169-e-cell-169-090-electric-68-cai-hella-4ra-933-332-541\/#breadcrumb","itemListElement":[{"@type":"ListItem","position":1,"name":"Prima pagin\u0103","item":"https:\/\/autorival.ro\/mercedesbenz\/"},{"@type":"ListItem","position":2,"name":"Piese auto MERCEDES","item":"https:\/\/autorival.ro\/mercedesbenz\/"},{"@type":"ListItem","position":3,"name":"Releu ABS MERCEDES-BENZ A-CLASS (W169) E-CELL (169.090) electric 68 cai HELLA 4RA 933 332-541"}]},{"@type":"WebSite","@id":"https:\/\/autorival.ro\/mercedesbenz\/#website","url":"https:\/\/autorival.ro\/mercedesbenz\/","name":"Mercedes","description":"","potentialAction":[{"@type":"SearchAction","target":{"@type":"EntryPoint","urlTemplate":"https:\/\/autorival.ro\/mercedesbenz\/?s={search_term_string}"},"query-input":{"@type":"PropertyValueSpecification","valueRequired":true,"valueName":"search_term_string"}}],"inLanguage":"ro-RO"}]}},"_links":{"self":[{"href":"https:\/\/autorival.ro\/mercedesbenz\/wp-json\/wp\/v2\/product\/577671","targetHints":{"allow":["GET"]}}],"collection":[{"href":"https:\/\/autorival.ro\/mercedesbenz\/wp-json\/wp\/v2\/product"}],"about":[{"href":"https:\/\/autorival.ro\/mercedesbenz\/wp-json\/wp\/v2\/types\/product"}],"replies":[{"embeddable":true,"href":"https:\/\/autorival.ro\/mercedesbenz\/wp-json\/wp\/v2\/comments?post=577671"}],"wp:featuredmedia":[{"embeddable":true,"href":"https:\/\/autorival.ro\/mercedesbenz\/wp-json\/wp\/v2\/media\/577672"}],"wp:attachment":[{"href":"https:\/\/autorival.ro\/mercedesbenz\/wp-json\/wp\/v2\/media?parent=577671"}],"wp:term":[{"taxonomy":"product_brand","embeddable":true,"href":"https:\/\/autorival.ro\/mercedesbenz\/wp-json\/wp\/v2\/product_brand?post=577671"},{"taxonomy":"product_cat","embeddable":true,"href":"https:\/\/autorival.ro\/mercedesbenz\/wp-json\/wp\/v2\/product_cat?post=577671"},{"taxonomy":"product_tag","embeddable":true,"href":"https:\/\/autorival.ro\/mercedesbenz\/wp-json\/wp\/v2\/product_tag?post=577671"}],"curies":[{"name":"wp","href":"https:\/\/api.w.org\/{rel}","templated":true}]}}