{"id":573743,"date":"2025-07-14T10:49:25","date_gmt":"2025-07-14T10:49:25","guid":{"rendered":"https:\/\/autorival.ro\/mercedesbenz\/produs\/regulator-alternator-mercedes-benz-actros-1831-1831-l-diesel-313-cai-as-pl-are0005bosch\/"},"modified":"2025-07-14T10:49:25","modified_gmt":"2025-07-14T10:49:25","slug":"regulator-alternator-mercedes-benz-actros-1831-1831-l-diesel-313-cai-as-pl-are0005bosch","status":"publish","type":"product","link":"https:\/\/autorival.ro\/mercedesbenz\/produs\/regulator-alternator-mercedes-benz-actros-1831-1831-l-diesel-313-cai-as-pl-are0005bosch\/","title":{"rendered":"Regulator alternator MERCEDES-BENZ ACTROS 1831, 1831 L diesel 313 cai AS-PL ARE0005(BOSCH)"},"content":{"rendered":"<p>Restrictiile producatorului: BOSCHTensiune [V]: 24Calitate: PREMIUM LINEPies\u0103 nou\u0103 f\u0103r\u0103 gaj<\/p>\n","protected":false},"excerpt":{"rendered":"<p>Producator: AS-PL Cod producator: ARE0005(BOSCH)<\/p>\n","protected":false},"featured_media":573744,"comment_status":"open","ping_status":"closed","template":"","meta":[],"product_brand":[294],"product_cat":[39192],"product_tag":[45803,45857,65894,45856,45795,45801,65893],"class_list":{"0":"post-573743","1":"product","2":"type-product","3":"status-publish","4":"has-post-thumbnail","6":"product_brand-as-pl","7":"product_cat-regulator-alternator-1831-1831-l-diesel-313","8":"product_tag-actros","9":"product_tag-alternator","10":"product_tag-are","11":"product_tag-as","12":"product_tag-mercedes","13":"product_tag-mercedes-benz","14":"product_tag-regulator","16":"first","17":"instock","18":"shipping-taxable","19":"purchasable","20":"product-type-simple"},"yoast_head":"<!-- This site is optimized with the Yoast SEO plugin v27.3 - https:\/\/yoast.com\/product\/yoast-seo-wordpress\/ -->\n<title>Regulator alternator MERCEDES-BENZ ACTROS 1831, 1831 L diesel 313 cai AS-PL ARE0005(BOSCH) Mercedes | AS-PL - Autorival<\/title>\n<meta name=\"description\" content=\"\u26a1 Regulator alternator MERCEDES-BENZ ACTROS 1831, 1831 L diesel 313 cai AS-PL ARE0005(BOSCH) pentru Mercedes la doar 322.43 RON. \u2713 Cod: ARE0005 \u2713 Brand: AS-PL \u2713 \u00cen stoc \u2713 Livrare 24h \u2713 Garan\u021bie!\" \/>\n<meta name=\"robots\" content=\"index, follow, max-snippet:-1, max-image-preview:large, max-video-preview:-1\" \/>\n<meta property=\"og:locale\" content=\"ro_RO\" \/>\n<meta property=\"og:type\" content=\"article\" \/>\n<meta property=\"og:title\" content=\"Regulator alternator MERCEDES-BENZ ACTROS 1831, 1831 L diesel 313 cai AS-PL ARE0005(BOSCH) Mercedes | AS-PL - Autorival\" \/>\n<meta property=\"og:description\" content=\"\u26a1 Regulator alternator MERCEDES-BENZ ACTROS 1831, 1831 L diesel 313 cai AS-PL ARE0005(BOSCH) pentru Mercedes la doar 322.43 RON. \u2713 Cod: ARE0005 \u2713 Brand: AS-PL \u2713 \u00cen stoc \u2713 Livrare 24h \u2713 Garan\u021bie!\" \/>\n<meta property=\"og:url\" content=\"https:\/\/autorival.ro\/mercedesbenz\/produs\/regulator-alternator-mercedes-benz-actros-1831-1831-l-diesel-313-cai-as-pl-are0005bosch\/\" \/>\n<meta property=\"og:site_name\" content=\"Mercedes\" \/>\n<meta property=\"og:image\" content=\"https:\/\/autorival.ro\/mercedesbenz\/wp-content\/uploads\/sites\/28\/2025\/07\/338523-3.jpg\" \/>\n\t<meta property=\"og:image:width\" content=\"1080\" \/>\n\t<meta property=\"og:image:height\" content=\"810\" \/>\n\t<meta property=\"og:image:type\" content=\"image\/jpeg\" \/>\n<meta name=\"twitter:card\" content=\"summary_large_image\" \/>\n<meta name=\"twitter:title\" content=\"Regulator alternator MERCEDES-BENZ ACTROS 1831, 1831 L diesel 313 cai AS-PL ARE0005(BOSCH) Mercedes | AS-PL - Autorival\" \/>\n<meta name=\"twitter:description\" content=\"\u26a1 Regulator alternator MERCEDES-BENZ ACTROS 1831, 1831 L diesel 313 cai AS-PL ARE0005(BOSCH) pentru Mercedes la doar 322.43 RON. \u2713 Cod: ARE0005 \u2713 Brand: AS-PL \u2713 \u00cen stoc \u2713 Livrare 24h \u2713 Garan\u021bie!\" \/>\n<script type=\"application\/ld+json\" class=\"yoast-schema-graph\">{\"@context\":\"https:\\\/\\\/schema.org\",\"@graph\":[{\"@type\":\"WebPage\",\"@id\":\"https:\\\/\\\/autorival.ro\\\/mercedesbenz\\\/produs\\\/regulator-alternator-mercedes-benz-actros-1831-1831-l-diesel-313-cai-as-pl-are0005bosch\\\/\",\"url\":\"https:\\\/\\\/autorival.ro\\\/mercedesbenz\\\/produs\\\/regulator-alternator-mercedes-benz-actros-1831-1831-l-diesel-313-cai-as-pl-are0005bosch\\\/\",\"name\":\"Regulator alternator MERCEDES-BENZ ACTROS 1831, 1831 L diesel 313 cai AS-PL ARE0005(BOSCH) Mercedes | AS-PL - Autorival\",\"isPartOf\":{\"@id\":\"https:\\\/\\\/autorival.ro\\\/mercedesbenz\\\/#website\"},\"primaryImageOfPage\":{\"@id\":\"https:\\\/\\\/autorival.ro\\\/mercedesbenz\\\/produs\\\/regulator-alternator-mercedes-benz-actros-1831-1831-l-diesel-313-cai-as-pl-are0005bosch\\\/#primaryimage\"},\"image\":{\"@id\":\"https:\\\/\\\/autorival.ro\\\/mercedesbenz\\\/produs\\\/regulator-alternator-mercedes-benz-actros-1831-1831-l-diesel-313-cai-as-pl-are0005bosch\\\/#primaryimage\"},\"thumbnailUrl\":\"https:\\\/\\\/autorival.ro\\\/mercedesbenz\\\/wp-content\\\/uploads\\\/sites\\\/28\\\/2025\\\/07\\\/338523-3.jpg\",\"datePublished\":\"2025-07-14T10:49:25+00:00\",\"description\":\"\u26a1 Regulator alternator MERCEDES-BENZ ACTROS 1831, 1831 L diesel 313 cai AS-PL ARE0005(BOSCH) pentru Mercedes la doar 322.43 RON. \u2713 Cod: ARE0005 \u2713 Brand: AS-PL \u2713 \u00cen stoc \u2713 Livrare 24h \u2713 Garan\u021bie!\",\"breadcrumb\":{\"@id\":\"https:\\\/\\\/autorival.ro\\\/mercedesbenz\\\/produs\\\/regulator-alternator-mercedes-benz-actros-1831-1831-l-diesel-313-cai-as-pl-are0005bosch\\\/#breadcrumb\"},\"inLanguage\":\"ro-RO\",\"potentialAction\":[{\"@type\":\"ReadAction\",\"target\":[\"https:\\\/\\\/autorival.ro\\\/mercedesbenz\\\/produs\\\/regulator-alternator-mercedes-benz-actros-1831-1831-l-diesel-313-cai-as-pl-are0005bosch\\\/\"]}]},{\"@type\":\"ImageObject\",\"inLanguage\":\"ro-RO\",\"@id\":\"https:\\\/\\\/autorival.ro\\\/mercedesbenz\\\/produs\\\/regulator-alternator-mercedes-benz-actros-1831-1831-l-diesel-313-cai-as-pl-are0005bosch\\\/#primaryimage\",\"url\":\"https:\\\/\\\/autorival.ro\\\/mercedesbenz\\\/wp-content\\\/uploads\\\/sites\\\/28\\\/2025\\\/07\\\/338523-3.jpg\",\"contentUrl\":\"https:\\\/\\\/autorival.ro\\\/mercedesbenz\\\/wp-content\\\/uploads\\\/sites\\\/28\\\/2025\\\/07\\\/338523-3.jpg\",\"width\":1080,\"height\":810},{\"@type\":\"BreadcrumbList\",\"@id\":\"https:\\\/\\\/autorival.ro\\\/mercedesbenz\\\/produs\\\/regulator-alternator-mercedes-benz-actros-1831-1831-l-diesel-313-cai-as-pl-are0005bosch\\\/#breadcrumb\",\"itemListElement\":[{\"@type\":\"ListItem\",\"position\":1,\"name\":\"Prima pagin\u0103\",\"item\":\"https:\\\/\\\/autorival.ro\\\/mercedesbenz\\\/\"},{\"@type\":\"ListItem\",\"position\":2,\"name\":\"Piese auto MERCEDES\",\"item\":\"https:\\\/\\\/autorival.ro\\\/mercedesbenz\\\/\"},{\"@type\":\"ListItem\",\"position\":3,\"name\":\"Regulator alternator MERCEDES-BENZ ACTROS 1831, 1831 L diesel 313 cai AS-PL ARE0005(BOSCH)\"}]},{\"@type\":\"WebSite\",\"@id\":\"https:\\\/\\\/autorival.ro\\\/mercedesbenz\\\/#website\",\"url\":\"https:\\\/\\\/autorival.ro\\\/mercedesbenz\\\/\",\"name\":\"Mercedes\",\"description\":\"\",\"potentialAction\":[{\"@type\":\"SearchAction\",\"target\":{\"@type\":\"EntryPoint\",\"urlTemplate\":\"https:\\\/\\\/autorival.ro\\\/mercedesbenz\\\/?s={search_term_string}\"},\"query-input\":{\"@type\":\"PropertyValueSpecification\",\"valueRequired\":true,\"valueName\":\"search_term_string\"}}],\"inLanguage\":\"ro-RO\"}]}<\/script>\n<!-- \/ Yoast SEO plugin. -->","yoast_head_json":{"title":"Regulator alternator MERCEDES-BENZ ACTROS 1831, 1831 L diesel 313 cai AS-PL ARE0005(BOSCH) Mercedes | AS-PL - Autorival","description":"\u26a1 Regulator alternator MERCEDES-BENZ ACTROS 1831, 1831 L diesel 313 cai AS-PL ARE0005(BOSCH) pentru Mercedes la doar 322.43 RON. \u2713 Cod: ARE0005 \u2713 Brand: AS-PL \u2713 \u00cen stoc \u2713 Livrare 24h \u2713 Garan\u021bie!","robots":{"index":"index","follow":"follow","max-snippet":"max-snippet:-1","max-image-preview":"max-image-preview:large","max-video-preview":"max-video-preview:-1"},"og_locale":"ro_RO","og_type":"article","og_title":"Regulator alternator MERCEDES-BENZ ACTROS 1831, 1831 L diesel 313 cai AS-PL ARE0005(BOSCH) Mercedes | AS-PL - Autorival","og_description":"\u26a1 Regulator alternator MERCEDES-BENZ ACTROS 1831, 1831 L diesel 313 cai AS-PL ARE0005(BOSCH) pentru Mercedes la doar 322.43 RON. \u2713 Cod: ARE0005 \u2713 Brand: AS-PL \u2713 \u00cen stoc \u2713 Livrare 24h \u2713 Garan\u021bie!","og_url":"https:\/\/autorival.ro\/mercedesbenz\/produs\/regulator-alternator-mercedes-benz-actros-1831-1831-l-diesel-313-cai-as-pl-are0005bosch\/","og_site_name":"Mercedes","og_image":[{"width":1080,"height":810,"url":"https:\/\/autorival.ro\/mercedesbenz\/wp-content\/uploads\/sites\/28\/2025\/07\/338523-3.jpg","type":"image\/jpeg"}],"twitter_card":"summary_large_image","twitter_title":"Regulator alternator MERCEDES-BENZ ACTROS 1831, 1831 L diesel 313 cai AS-PL ARE0005(BOSCH) Mercedes | AS-PL - Autorival","twitter_description":"\u26a1 Regulator alternator MERCEDES-BENZ ACTROS 1831, 1831 L diesel 313 cai AS-PL ARE0005(BOSCH) pentru Mercedes la doar 322.43 RON. \u2713 Cod: ARE0005 \u2713 Brand: AS-PL \u2713 \u00cen stoc \u2713 Livrare 24h \u2713 Garan\u021bie!","schema":{"@context":"https:\/\/schema.org","@graph":[{"@type":"WebPage","@id":"https:\/\/autorival.ro\/mercedesbenz\/produs\/regulator-alternator-mercedes-benz-actros-1831-1831-l-diesel-313-cai-as-pl-are0005bosch\/","url":"https:\/\/autorival.ro\/mercedesbenz\/produs\/regulator-alternator-mercedes-benz-actros-1831-1831-l-diesel-313-cai-as-pl-are0005bosch\/","name":"Regulator alternator MERCEDES-BENZ ACTROS 1831, 1831 L diesel 313 cai AS-PL ARE0005(BOSCH) Mercedes | AS-PL - Autorival","isPartOf":{"@id":"https:\/\/autorival.ro\/mercedesbenz\/#website"},"primaryImageOfPage":{"@id":"https:\/\/autorival.ro\/mercedesbenz\/produs\/regulator-alternator-mercedes-benz-actros-1831-1831-l-diesel-313-cai-as-pl-are0005bosch\/#primaryimage"},"image":{"@id":"https:\/\/autorival.ro\/mercedesbenz\/produs\/regulator-alternator-mercedes-benz-actros-1831-1831-l-diesel-313-cai-as-pl-are0005bosch\/#primaryimage"},"thumbnailUrl":"https:\/\/autorival.ro\/mercedesbenz\/wp-content\/uploads\/sites\/28\/2025\/07\/338523-3.jpg","datePublished":"2025-07-14T10:49:25+00:00","description":"\u26a1 Regulator alternator MERCEDES-BENZ ACTROS 1831, 1831 L diesel 313 cai AS-PL ARE0005(BOSCH) pentru Mercedes la doar 322.43 RON. \u2713 Cod: ARE0005 \u2713 Brand: AS-PL \u2713 \u00cen stoc \u2713 Livrare 24h \u2713 Garan\u021bie!","breadcrumb":{"@id":"https:\/\/autorival.ro\/mercedesbenz\/produs\/regulator-alternator-mercedes-benz-actros-1831-1831-l-diesel-313-cai-as-pl-are0005bosch\/#breadcrumb"},"inLanguage":"ro-RO","potentialAction":[{"@type":"ReadAction","target":["https:\/\/autorival.ro\/mercedesbenz\/produs\/regulator-alternator-mercedes-benz-actros-1831-1831-l-diesel-313-cai-as-pl-are0005bosch\/"]}]},{"@type":"ImageObject","inLanguage":"ro-RO","@id":"https:\/\/autorival.ro\/mercedesbenz\/produs\/regulator-alternator-mercedes-benz-actros-1831-1831-l-diesel-313-cai-as-pl-are0005bosch\/#primaryimage","url":"https:\/\/autorival.ro\/mercedesbenz\/wp-content\/uploads\/sites\/28\/2025\/07\/338523-3.jpg","contentUrl":"https:\/\/autorival.ro\/mercedesbenz\/wp-content\/uploads\/sites\/28\/2025\/07\/338523-3.jpg","width":1080,"height":810},{"@type":"BreadcrumbList","@id":"https:\/\/autorival.ro\/mercedesbenz\/produs\/regulator-alternator-mercedes-benz-actros-1831-1831-l-diesel-313-cai-as-pl-are0005bosch\/#breadcrumb","itemListElement":[{"@type":"ListItem","position":1,"name":"Prima pagin\u0103","item":"https:\/\/autorival.ro\/mercedesbenz\/"},{"@type":"ListItem","position":2,"name":"Piese auto MERCEDES","item":"https:\/\/autorival.ro\/mercedesbenz\/"},{"@type":"ListItem","position":3,"name":"Regulator alternator MERCEDES-BENZ ACTROS 1831, 1831 L diesel 313 cai AS-PL ARE0005(BOSCH)"}]},{"@type":"WebSite","@id":"https:\/\/autorival.ro\/mercedesbenz\/#website","url":"https:\/\/autorival.ro\/mercedesbenz\/","name":"Mercedes","description":"","potentialAction":[{"@type":"SearchAction","target":{"@type":"EntryPoint","urlTemplate":"https:\/\/autorival.ro\/mercedesbenz\/?s={search_term_string}"},"query-input":{"@type":"PropertyValueSpecification","valueRequired":true,"valueName":"search_term_string"}}],"inLanguage":"ro-RO"}]}},"_links":{"self":[{"href":"https:\/\/autorival.ro\/mercedesbenz\/wp-json\/wp\/v2\/product\/573743","targetHints":{"allow":["GET"]}}],"collection":[{"href":"https:\/\/autorival.ro\/mercedesbenz\/wp-json\/wp\/v2\/product"}],"about":[{"href":"https:\/\/autorival.ro\/mercedesbenz\/wp-json\/wp\/v2\/types\/product"}],"replies":[{"embeddable":true,"href":"https:\/\/autorival.ro\/mercedesbenz\/wp-json\/wp\/v2\/comments?post=573743"}],"wp:featuredmedia":[{"embeddable":true,"href":"https:\/\/autorival.ro\/mercedesbenz\/wp-json\/wp\/v2\/media\/573744"}],"wp:attachment":[{"href":"https:\/\/autorival.ro\/mercedesbenz\/wp-json\/wp\/v2\/media?parent=573743"}],"wp:term":[{"taxonomy":"product_brand","embeddable":true,"href":"https:\/\/autorival.ro\/mercedesbenz\/wp-json\/wp\/v2\/product_brand?post=573743"},{"taxonomy":"product_cat","embeddable":true,"href":"https:\/\/autorival.ro\/mercedesbenz\/wp-json\/wp\/v2\/product_cat?post=573743"},{"taxonomy":"product_tag","embeddable":true,"href":"https:\/\/autorival.ro\/mercedesbenz\/wp-json\/wp\/v2\/product_tag?post=573743"}],"curies":[{"name":"wp","href":"https:\/\/api.w.org\/{rel}","templated":true}]}}