{"id":570457,"date":"2025-07-14T09:10:12","date_gmt":"2025-07-14T09:10:12","guid":{"rendered":"https:\/\/autorival.ro\/mercedesbenz\/produs\/reglaj-parghie-sistem-franare-mercedes-benz-actros-3340-ak-diesel-394-cai-sbp-08-me004\/"},"modified":"2025-07-14T09:10:12","modified_gmt":"2025-07-14T09:10:12","slug":"reglaj-parghie-sistem-franare-mercedes-benz-actros-3340-ak-diesel-394-cai-sbp-08-me004","status":"publish","type":"product","link":"https:\/\/autorival.ro\/mercedesbenz\/produs\/reglaj-parghie-sistem-franare-mercedes-benz-actros-3340-ak-diesel-394-cai-sbp-08-me004\/","title":{"rendered":"Reglaj parghie sistem franare MERCEDES-BENZ ACTROS 3340 AK diesel 394 cai SBP 08-ME004"},"content":{"rendered":"<p>Cod ax\u0103: BM 739.005-009, 198,199,336,391, 392,400,401,410-412, 430,431,433,434,436, 438,440,445,540-544, 012-020,030-034, 036,040,041,049, 051,052,055,056,058, 059,061,063,064,065, 066,068-074,076,080, 082-084,086-090,092, 096-099,123,167,168, 172,179,184,192-194, BM 739.044-046, 050,054,060,062,078, 079,116-122,179,182, 183,192-194,197,435, 437,439, 739.166, 739.174, 739.175, BM 730.100-102, 107-111,114-118, 739.391,932,411, 540,542Separarea blocurilorSerie \u00c3\u02c6\u00e2\u201e\u00a2asiu (VIN) \u00eencep\u00e2nd cu: E 397781, 8 139997, 8 934478, 8 934469Variant\u0103 de echipare: SA 504527 01\/02\/11, 12\/37\/38\/39\/40\/89\/90, SA 504527 13\/14\/19, 20\/47\/48\/46\/50\/61, 62\/63\/64Mod de operare: automaticPartea de montare: stanga<\/p>\n","protected":false},"excerpt":{"rendered":"<p>Producator: SBP Cod producator: 08-ME004<\/p>\n","protected":false},"featured_media":570458,"comment_status":"open","ping_status":"closed","template":"","meta":[],"product_brand":[12386],"product_cat":[39095],"product_tag":[45803,45804,65871,45795,65888,47545,59342,45844],"class_list":{"0":"post-570457","1":"product","2":"type-product","3":"status-publish","4":"has-post-thumbnail","6":"product_brand-sbp","7":"product_cat-reglaj-parghie-sistem-franare-3340-ak-diesel-394","8":"product_tag-actros","9":"product_tag-ak","10":"product_tag-franare","11":"product_tag-mercedes","12":"product_tag-parghie","13":"product_tag-reglaj","14":"product_tag-sbp","15":"product_tag-sistem","17":"first","18":"instock","19":"shipping-taxable","20":"purchasable","21":"product-type-simple"},"yoast_head":"<!-- This site is optimized with the Yoast SEO plugin v27.4 - https:\/\/yoast.com\/product\/yoast-seo-wordpress\/ -->\n<title>Reglaj parghie sistem franare MERCEDES-BENZ ACTROS 3340 AK diesel 394 cai SBP 08-ME004 Mercedes | SBP - Autorival<\/title>\n<meta name=\"description\" content=\"\u26a1 Reglaj parghie sistem franare MERCEDES-BENZ ACTROS 3340 AK diesel 394 cai SBP 08-ME004 pentru Mercedes la doar 328 RON. \u2713 Cod: 08-ME004 \u2713 Brand: SBP \u2713 \u00cen stoc \u2713 Livrare 24h \u2713 Garan\u021bie!\" \/>\n<meta name=\"robots\" content=\"index, follow, max-snippet:-1, max-image-preview:large, max-video-preview:-1\" \/>\n<meta property=\"og:locale\" content=\"ro_RO\" \/>\n<meta property=\"og:type\" content=\"article\" \/>\n<meta property=\"og:title\" content=\"Reglaj parghie sistem franare MERCEDES-BENZ ACTROS 3340 AK diesel 394 cai SBP 08-ME004 Mercedes | SBP - Autorival\" \/>\n<meta property=\"og:description\" content=\"\u26a1 Reglaj parghie sistem franare MERCEDES-BENZ ACTROS 3340 AK diesel 394 cai SBP 08-ME004 pentru Mercedes la doar 328 RON. \u2713 Cod: 08-ME004 \u2713 Brand: SBP \u2713 \u00cen stoc \u2713 Livrare 24h \u2713 Garan\u021bie!\" \/>\n<meta property=\"og:url\" content=\"https:\/\/autorival.ro\/mercedesbenz\/produs\/reglaj-parghie-sistem-franare-mercedes-benz-actros-3340-ak-diesel-394-cai-sbp-08-me004\/\" \/>\n<meta property=\"og:site_name\" content=\"Mercedes\" \/>\n<meta property=\"og:image\" content=\"https:\/\/autorival.ro\/mercedesbenz\/wp-content\/uploads\/sites\/28\/2025\/07\/MERCEDES_BENZ0105-36494.png\" \/>\n\t<meta property=\"og:image:width\" content=\"400\" \/>\n\t<meta property=\"og:image:height\" content=\"225\" \/>\n\t<meta property=\"og:image:type\" content=\"image\/png\" \/>\n<meta name=\"twitter:card\" content=\"summary_large_image\" \/>\n<meta name=\"twitter:title\" content=\"Reglaj parghie sistem franare MERCEDES-BENZ ACTROS 3340 AK diesel 394 cai SBP 08-ME004 Mercedes | SBP - Autorival\" \/>\n<meta name=\"twitter:description\" content=\"\u26a1 Reglaj parghie sistem franare MERCEDES-BENZ ACTROS 3340 AK diesel 394 cai SBP 08-ME004 pentru Mercedes la doar 328 RON. \u2713 Cod: 08-ME004 \u2713 Brand: SBP \u2713 \u00cen stoc \u2713 Livrare 24h \u2713 Garan\u021bie!\" \/>\n<script type=\"application\/ld+json\" class=\"yoast-schema-graph\">{\"@context\":\"https:\\\/\\\/schema.org\",\"@graph\":[{\"@type\":\"WebPage\",\"@id\":\"https:\\\/\\\/autorival.ro\\\/mercedesbenz\\\/produs\\\/reglaj-parghie-sistem-franare-mercedes-benz-actros-3340-ak-diesel-394-cai-sbp-08-me004\\\/\",\"url\":\"https:\\\/\\\/autorival.ro\\\/mercedesbenz\\\/produs\\\/reglaj-parghie-sistem-franare-mercedes-benz-actros-3340-ak-diesel-394-cai-sbp-08-me004\\\/\",\"name\":\"Reglaj parghie sistem franare MERCEDES-BENZ ACTROS 3340 AK diesel 394 cai SBP 08-ME004 Mercedes | SBP - Autorival\",\"isPartOf\":{\"@id\":\"https:\\\/\\\/autorival.ro\\\/mercedesbenz\\\/#website\"},\"primaryImageOfPage\":{\"@id\":\"https:\\\/\\\/autorival.ro\\\/mercedesbenz\\\/produs\\\/reglaj-parghie-sistem-franare-mercedes-benz-actros-3340-ak-diesel-394-cai-sbp-08-me004\\\/#primaryimage\"},\"image\":{\"@id\":\"https:\\\/\\\/autorival.ro\\\/mercedesbenz\\\/produs\\\/reglaj-parghie-sistem-franare-mercedes-benz-actros-3340-ak-diesel-394-cai-sbp-08-me004\\\/#primaryimage\"},\"thumbnailUrl\":\"https:\\\/\\\/autorival.ro\\\/mercedesbenz\\\/wp-content\\\/uploads\\\/sites\\\/28\\\/2025\\\/07\\\/MERCEDES_BENZ0105-36494.png\",\"datePublished\":\"2025-07-14T09:10:12+00:00\",\"description\":\"\u26a1 Reglaj parghie sistem franare MERCEDES-BENZ ACTROS 3340 AK diesel 394 cai SBP 08-ME004 pentru Mercedes la doar 328 RON. \u2713 Cod: 08-ME004 \u2713 Brand: SBP \u2713 \u00cen stoc \u2713 Livrare 24h \u2713 Garan\u021bie!\",\"breadcrumb\":{\"@id\":\"https:\\\/\\\/autorival.ro\\\/mercedesbenz\\\/produs\\\/reglaj-parghie-sistem-franare-mercedes-benz-actros-3340-ak-diesel-394-cai-sbp-08-me004\\\/#breadcrumb\"},\"inLanguage\":\"ro-RO\",\"potentialAction\":[{\"@type\":\"ReadAction\",\"target\":[\"https:\\\/\\\/autorival.ro\\\/mercedesbenz\\\/produs\\\/reglaj-parghie-sistem-franare-mercedes-benz-actros-3340-ak-diesel-394-cai-sbp-08-me004\\\/\"]}]},{\"@type\":\"ImageObject\",\"inLanguage\":\"ro-RO\",\"@id\":\"https:\\\/\\\/autorival.ro\\\/mercedesbenz\\\/produs\\\/reglaj-parghie-sistem-franare-mercedes-benz-actros-3340-ak-diesel-394-cai-sbp-08-me004\\\/#primaryimage\",\"url\":\"https:\\\/\\\/autorival.ro\\\/mercedesbenz\\\/wp-content\\\/uploads\\\/sites\\\/28\\\/2025\\\/07\\\/MERCEDES_BENZ0105-36494.png\",\"contentUrl\":\"https:\\\/\\\/autorival.ro\\\/mercedesbenz\\\/wp-content\\\/uploads\\\/sites\\\/28\\\/2025\\\/07\\\/MERCEDES_BENZ0105-36494.png\",\"width\":400,\"height\":225},{\"@type\":\"BreadcrumbList\",\"@id\":\"https:\\\/\\\/autorival.ro\\\/mercedesbenz\\\/produs\\\/reglaj-parghie-sistem-franare-mercedes-benz-actros-3340-ak-diesel-394-cai-sbp-08-me004\\\/#breadcrumb\",\"itemListElement\":[{\"@type\":\"ListItem\",\"position\":1,\"name\":\"Prima pagin\u0103\",\"item\":\"https:\\\/\\\/autorival.ro\\\/mercedesbenz\\\/\"},{\"@type\":\"ListItem\",\"position\":2,\"name\":\"Piese auto MERCEDES\",\"item\":\"https:\\\/\\\/autorival.ro\\\/mercedesbenz\\\/\"},{\"@type\":\"ListItem\",\"position\":3,\"name\":\"Reglaj parghie sistem franare MERCEDES-BENZ ACTROS 3340 AK diesel 394 cai SBP 08-ME004\"}]},{\"@type\":\"WebSite\",\"@id\":\"https:\\\/\\\/autorival.ro\\\/mercedesbenz\\\/#website\",\"url\":\"https:\\\/\\\/autorival.ro\\\/mercedesbenz\\\/\",\"name\":\"Mercedes\",\"description\":\"\",\"potentialAction\":[{\"@type\":\"SearchAction\",\"target\":{\"@type\":\"EntryPoint\",\"urlTemplate\":\"https:\\\/\\\/autorival.ro\\\/mercedesbenz\\\/?s={search_term_string}\"},\"query-input\":{\"@type\":\"PropertyValueSpecification\",\"valueRequired\":true,\"valueName\":\"search_term_string\"}}],\"inLanguage\":\"ro-RO\"}]}<\/script>\n<!-- \/ Yoast SEO plugin. -->","yoast_head_json":{"title":"Reglaj parghie sistem franare MERCEDES-BENZ ACTROS 3340 AK diesel 394 cai SBP 08-ME004 Mercedes | SBP - Autorival","description":"\u26a1 Reglaj parghie sistem franare MERCEDES-BENZ ACTROS 3340 AK diesel 394 cai SBP 08-ME004 pentru Mercedes la doar 328 RON. \u2713 Cod: 08-ME004 \u2713 Brand: SBP \u2713 \u00cen stoc \u2713 Livrare 24h \u2713 Garan\u021bie!","robots":{"index":"index","follow":"follow","max-snippet":"max-snippet:-1","max-image-preview":"max-image-preview:large","max-video-preview":"max-video-preview:-1"},"og_locale":"ro_RO","og_type":"article","og_title":"Reglaj parghie sistem franare MERCEDES-BENZ ACTROS 3340 AK diesel 394 cai SBP 08-ME004 Mercedes | SBP - Autorival","og_description":"\u26a1 Reglaj parghie sistem franare MERCEDES-BENZ ACTROS 3340 AK diesel 394 cai SBP 08-ME004 pentru Mercedes la doar 328 RON. \u2713 Cod: 08-ME004 \u2713 Brand: SBP \u2713 \u00cen stoc \u2713 Livrare 24h \u2713 Garan\u021bie!","og_url":"https:\/\/autorival.ro\/mercedesbenz\/produs\/reglaj-parghie-sistem-franare-mercedes-benz-actros-3340-ak-diesel-394-cai-sbp-08-me004\/","og_site_name":"Mercedes","og_image":[{"width":400,"height":225,"url":"https:\/\/autorival.ro\/mercedesbenz\/wp-content\/uploads\/sites\/28\/2025\/07\/MERCEDES_BENZ0105-36494.png","type":"image\/png"}],"twitter_card":"summary_large_image","twitter_title":"Reglaj parghie sistem franare MERCEDES-BENZ ACTROS 3340 AK diesel 394 cai SBP 08-ME004 Mercedes | SBP - Autorival","twitter_description":"\u26a1 Reglaj parghie sistem franare MERCEDES-BENZ ACTROS 3340 AK diesel 394 cai SBP 08-ME004 pentru Mercedes la doar 328 RON. \u2713 Cod: 08-ME004 \u2713 Brand: SBP \u2713 \u00cen stoc \u2713 Livrare 24h \u2713 Garan\u021bie!","schema":{"@context":"https:\/\/schema.org","@graph":[{"@type":"WebPage","@id":"https:\/\/autorival.ro\/mercedesbenz\/produs\/reglaj-parghie-sistem-franare-mercedes-benz-actros-3340-ak-diesel-394-cai-sbp-08-me004\/","url":"https:\/\/autorival.ro\/mercedesbenz\/produs\/reglaj-parghie-sistem-franare-mercedes-benz-actros-3340-ak-diesel-394-cai-sbp-08-me004\/","name":"Reglaj parghie sistem franare MERCEDES-BENZ ACTROS 3340 AK diesel 394 cai SBP 08-ME004 Mercedes | SBP - Autorival","isPartOf":{"@id":"https:\/\/autorival.ro\/mercedesbenz\/#website"},"primaryImageOfPage":{"@id":"https:\/\/autorival.ro\/mercedesbenz\/produs\/reglaj-parghie-sistem-franare-mercedes-benz-actros-3340-ak-diesel-394-cai-sbp-08-me004\/#primaryimage"},"image":{"@id":"https:\/\/autorival.ro\/mercedesbenz\/produs\/reglaj-parghie-sistem-franare-mercedes-benz-actros-3340-ak-diesel-394-cai-sbp-08-me004\/#primaryimage"},"thumbnailUrl":"https:\/\/autorival.ro\/mercedesbenz\/wp-content\/uploads\/sites\/28\/2025\/07\/MERCEDES_BENZ0105-36494.png","datePublished":"2025-07-14T09:10:12+00:00","description":"\u26a1 Reglaj parghie sistem franare MERCEDES-BENZ ACTROS 3340 AK diesel 394 cai SBP 08-ME004 pentru Mercedes la doar 328 RON. \u2713 Cod: 08-ME004 \u2713 Brand: SBP \u2713 \u00cen stoc \u2713 Livrare 24h \u2713 Garan\u021bie!","breadcrumb":{"@id":"https:\/\/autorival.ro\/mercedesbenz\/produs\/reglaj-parghie-sistem-franare-mercedes-benz-actros-3340-ak-diesel-394-cai-sbp-08-me004\/#breadcrumb"},"inLanguage":"ro-RO","potentialAction":[{"@type":"ReadAction","target":["https:\/\/autorival.ro\/mercedesbenz\/produs\/reglaj-parghie-sistem-franare-mercedes-benz-actros-3340-ak-diesel-394-cai-sbp-08-me004\/"]}]},{"@type":"ImageObject","inLanguage":"ro-RO","@id":"https:\/\/autorival.ro\/mercedesbenz\/produs\/reglaj-parghie-sistem-franare-mercedes-benz-actros-3340-ak-diesel-394-cai-sbp-08-me004\/#primaryimage","url":"https:\/\/autorival.ro\/mercedesbenz\/wp-content\/uploads\/sites\/28\/2025\/07\/MERCEDES_BENZ0105-36494.png","contentUrl":"https:\/\/autorival.ro\/mercedesbenz\/wp-content\/uploads\/sites\/28\/2025\/07\/MERCEDES_BENZ0105-36494.png","width":400,"height":225},{"@type":"BreadcrumbList","@id":"https:\/\/autorival.ro\/mercedesbenz\/produs\/reglaj-parghie-sistem-franare-mercedes-benz-actros-3340-ak-diesel-394-cai-sbp-08-me004\/#breadcrumb","itemListElement":[{"@type":"ListItem","position":1,"name":"Prima pagin\u0103","item":"https:\/\/autorival.ro\/mercedesbenz\/"},{"@type":"ListItem","position":2,"name":"Piese auto MERCEDES","item":"https:\/\/autorival.ro\/mercedesbenz\/"},{"@type":"ListItem","position":3,"name":"Reglaj parghie sistem franare MERCEDES-BENZ ACTROS 3340 AK diesel 394 cai SBP 08-ME004"}]},{"@type":"WebSite","@id":"https:\/\/autorival.ro\/mercedesbenz\/#website","url":"https:\/\/autorival.ro\/mercedesbenz\/","name":"Mercedes","description":"","potentialAction":[{"@type":"SearchAction","target":{"@type":"EntryPoint","urlTemplate":"https:\/\/autorival.ro\/mercedesbenz\/?s={search_term_string}"},"query-input":{"@type":"PropertyValueSpecification","valueRequired":true,"valueName":"search_term_string"}}],"inLanguage":"ro-RO"}]}},"_links":{"self":[{"href":"https:\/\/autorival.ro\/mercedesbenz\/wp-json\/wp\/v2\/product\/570457","targetHints":{"allow":["GET"]}}],"collection":[{"href":"https:\/\/autorival.ro\/mercedesbenz\/wp-json\/wp\/v2\/product"}],"about":[{"href":"https:\/\/autorival.ro\/mercedesbenz\/wp-json\/wp\/v2\/types\/product"}],"replies":[{"embeddable":true,"href":"https:\/\/autorival.ro\/mercedesbenz\/wp-json\/wp\/v2\/comments?post=570457"}],"wp:featuredmedia":[{"embeddable":true,"href":"https:\/\/autorival.ro\/mercedesbenz\/wp-json\/wp\/v2\/media\/570458"}],"wp:attachment":[{"href":"https:\/\/autorival.ro\/mercedesbenz\/wp-json\/wp\/v2\/media?parent=570457"}],"wp:term":[{"taxonomy":"product_brand","embeddable":true,"href":"https:\/\/autorival.ro\/mercedesbenz\/wp-json\/wp\/v2\/product_brand?post=570457"},{"taxonomy":"product_cat","embeddable":true,"href":"https:\/\/autorival.ro\/mercedesbenz\/wp-json\/wp\/v2\/product_cat?post=570457"},{"taxonomy":"product_tag","embeddable":true,"href":"https:\/\/autorival.ro\/mercedesbenz\/wp-json\/wp\/v2\/product_tag?post=570457"}],"curies":[{"name":"wp","href":"https:\/\/api.w.org\/{rel}","templated":true}]}}