{"id":5679,"date":"2025-07-08T10:21:46","date_gmt":"2025-07-08T10:21:46","guid":{"rendered":"https:\/\/autorival.ro\/mercedesbenz\/produs\/alternator-mercedes-benz-a-class-w169-a-200-cdi-169-008-169-308-diesel-140-cai-valeo-200028\/"},"modified":"2025-07-08T10:21:46","modified_gmt":"2025-07-08T10:21:46","slug":"alternator-mercedes-benz-a-class-w169-a-200-cdi-169-008-169-308-diesel-140-cai-valeo-200028","status":"publish","type":"product","link":"https:\/\/autorival.ro\/mercedesbenz\/produs\/alternator-mercedes-benz-a-class-w169-a-200-cdi-169-008-169-308-diesel-140-cai-valeo-200028\/","title":{"rendered":"Alternator MERCEDES-BENZ A-CLASS (W169) A 200 CDI (169.008, 169.308) diesel 140 cai VALEO 200028"},"content":{"rendered":"<p>Serie \u00c3\u02c6\u00e2\u201e\u00a2asiu (VIN) \u00eencep\u00e2nd cu: J108540Cod motor: 640.941Tip cutie viteza: Cutie de viteze automat\u0103 CVT (continu\u0103), cv. manuala, 6 vitezepies\u0103 de schimb recondi\u021bionat\u0103 (REMAN)Pies\u0103 de schimb f\u0103r\u0103 gajTensiune [V]: 14Curent de incarcare generator [A]: 150Tip centura de siguranta: Fixare directaDirectia de rotatie: rotatie contrar acelor de ceasornicRole: cu rola curea, cu rola curea cu cuplaj unisensNumar nervuri: 5Fulie curea \u00d8 [mm]: 51Clema: B+ ->Greutate [kg]: 7,08<\/p>\n","protected":false},"excerpt":{"rendered":"<p>Producator: VALEO Cod producator: 200028<\/p>\n","protected":false},"featured_media":5680,"comment_status":"open","ping_status":"closed","template":"","meta":[],"product_brand":[305],"product_cat":[317],"product_tag":[45813,45889,45802,45857,45810,45795,45801,45871],"class_list":{"0":"post-5679","1":"product","2":"type-product","3":"status-publish","4":"has-post-thumbnail","6":"product_brand-valeo","7":"product_cat-alternator-w169-a-200-cdi-169-008-169-308-diesel-140","8":"product_tag-w169","9":"product_tag-45889","10":"product_tag-a-class","11":"product_tag-alternator","12":"product_tag-cdi","13":"product_tag-mercedes","14":"product_tag-mercedes-benz","15":"product_tag-valeo","17":"first","18":"instock","19":"shipping-taxable","20":"purchasable","21":"product-type-simple"},"yoast_head":"<!-- This site is optimized with the Yoast SEO plugin v27.3 - https:\/\/yoast.com\/product\/yoast-seo-wordpress\/ -->\n<title>Alternator MERCEDES-BENZ A-CLASS (W169) A 200 CDI (169.008, 169.308) diesel 140 cai VALEO 200028 - Mercedes<\/title>\n<meta name=\"description\" content=\"Alternator MERCEDES-BENZ A-CLASS\" \/>\n<meta name=\"robots\" content=\"index, follow, max-snippet:-1, max-image-preview:large, max-video-preview:-1\" \/>\n<meta property=\"og:locale\" content=\"ro_RO\" \/>\n<meta property=\"og:type\" content=\"article\" \/>\n<meta property=\"og:title\" content=\"Alternator MERCEDES-BENZ A-CLASS (W169) A 200 CDI (169.008, 169.308) diesel 140 cai VALEO 200028 - Mercedes\" \/>\n<meta property=\"og:description\" content=\"Alternator MERCEDES-BENZ A-CLASS\" \/>\n<meta property=\"og:url\" content=\"https:\/\/autorival.ro\/mercedesbenz\/produs\/alternator-mercedes-benz-a-class-w169-a-200-cdi-169-008-169-308-diesel-140-cai-valeo-200028\/\" \/>\n<meta property=\"og:site_name\" content=\"Mercedes\" \/>\n<meta property=\"og:image\" content=\"https:\/\/autorival.ro\/mercedesbenz\/wp-content\/uploads\/sites\/28\/2025\/07\/alternator_200028_50-6.jpg\" \/>\n\t<meta property=\"og:image:width\" content=\"1200\" \/>\n\t<meta property=\"og:image:height\" content=\"800\" \/>\n\t<meta property=\"og:image:type\" content=\"image\/jpeg\" \/>\n<meta name=\"twitter:card\" content=\"summary_large_image\" \/>\n<script type=\"application\/ld+json\" class=\"yoast-schema-graph\">{\"@context\":\"https:\\\/\\\/schema.org\",\"@graph\":[{\"@type\":\"WebPage\",\"@id\":\"https:\\\/\\\/autorival.ro\\\/mercedesbenz\\\/produs\\\/alternator-mercedes-benz-a-class-w169-a-200-cdi-169-008-169-308-diesel-140-cai-valeo-200028\\\/\",\"url\":\"https:\\\/\\\/autorival.ro\\\/mercedesbenz\\\/produs\\\/alternator-mercedes-benz-a-class-w169-a-200-cdi-169-008-169-308-diesel-140-cai-valeo-200028\\\/\",\"name\":\"Alternator MERCEDES-BENZ A-CLASS (W169) A 200 CDI (169.008, 169.308) diesel 140 cai VALEO 200028 - Mercedes\",\"isPartOf\":{\"@id\":\"https:\\\/\\\/autorival.ro\\\/mercedesbenz\\\/#website\"},\"primaryImageOfPage\":{\"@id\":\"https:\\\/\\\/autorival.ro\\\/mercedesbenz\\\/produs\\\/alternator-mercedes-benz-a-class-w169-a-200-cdi-169-008-169-308-diesel-140-cai-valeo-200028\\\/#primaryimage\"},\"image\":{\"@id\":\"https:\\\/\\\/autorival.ro\\\/mercedesbenz\\\/produs\\\/alternator-mercedes-benz-a-class-w169-a-200-cdi-169-008-169-308-diesel-140-cai-valeo-200028\\\/#primaryimage\"},\"thumbnailUrl\":\"https:\\\/\\\/autorival.ro\\\/mercedesbenz\\\/wp-content\\\/uploads\\\/sites\\\/28\\\/2025\\\/07\\\/alternator_200028_50-6.jpg\",\"datePublished\":\"2025-07-08T10:21:46+00:00\",\"description\":\"Alternator MERCEDES-BENZ A-CLASS\",\"breadcrumb\":{\"@id\":\"https:\\\/\\\/autorival.ro\\\/mercedesbenz\\\/produs\\\/alternator-mercedes-benz-a-class-w169-a-200-cdi-169-008-169-308-diesel-140-cai-valeo-200028\\\/#breadcrumb\"},\"inLanguage\":\"ro-RO\",\"potentialAction\":[{\"@type\":\"ReadAction\",\"target\":[\"https:\\\/\\\/autorival.ro\\\/mercedesbenz\\\/produs\\\/alternator-mercedes-benz-a-class-w169-a-200-cdi-169-008-169-308-diesel-140-cai-valeo-200028\\\/\"]}]},{\"@type\":\"ImageObject\",\"inLanguage\":\"ro-RO\",\"@id\":\"https:\\\/\\\/autorival.ro\\\/mercedesbenz\\\/produs\\\/alternator-mercedes-benz-a-class-w169-a-200-cdi-169-008-169-308-diesel-140-cai-valeo-200028\\\/#primaryimage\",\"url\":\"https:\\\/\\\/autorival.ro\\\/mercedesbenz\\\/wp-content\\\/uploads\\\/sites\\\/28\\\/2025\\\/07\\\/alternator_200028_50-6.jpg\",\"contentUrl\":\"https:\\\/\\\/autorival.ro\\\/mercedesbenz\\\/wp-content\\\/uploads\\\/sites\\\/28\\\/2025\\\/07\\\/alternator_200028_50-6.jpg\",\"width\":1200,\"height\":800,\"caption\":\"Alternator MERCEDES-BENZ A-CLASS (W169) A 200 CDI (169.008, 169.308) diesel 140 cai VALEO 200028\"},{\"@type\":\"BreadcrumbList\",\"@id\":\"https:\\\/\\\/autorival.ro\\\/mercedesbenz\\\/produs\\\/alternator-mercedes-benz-a-class-w169-a-200-cdi-169-008-169-308-diesel-140-cai-valeo-200028\\\/#breadcrumb\",\"itemListElement\":[{\"@type\":\"ListItem\",\"position\":1,\"name\":\"Prima pagin\u0103\",\"item\":\"https:\\\/\\\/autorival.ro\\\/mercedesbenz\\\/\"},{\"@type\":\"ListItem\",\"position\":2,\"name\":\"Piese auto MERCEDES\",\"item\":\"https:\\\/\\\/autorival.ro\\\/mercedesbenz\\\/\"},{\"@type\":\"ListItem\",\"position\":3,\"name\":\"Alternator MERCEDES-BENZ A-CLASS (W169) A 200 CDI (169.008, 169.308) diesel 140 cai VALEO 200028\"}]},{\"@type\":\"WebSite\",\"@id\":\"https:\\\/\\\/autorival.ro\\\/mercedesbenz\\\/#website\",\"url\":\"https:\\\/\\\/autorival.ro\\\/mercedesbenz\\\/\",\"name\":\"Mercedes\",\"description\":\"\",\"potentialAction\":[{\"@type\":\"SearchAction\",\"target\":{\"@type\":\"EntryPoint\",\"urlTemplate\":\"https:\\\/\\\/autorival.ro\\\/mercedesbenz\\\/?s={search_term_string}\"},\"query-input\":{\"@type\":\"PropertyValueSpecification\",\"valueRequired\":true,\"valueName\":\"search_term_string\"}}],\"inLanguage\":\"ro-RO\"}]}<\/script>\n<!-- \/ Yoast SEO plugin. -->","yoast_head_json":{"title":"Alternator MERCEDES-BENZ A-CLASS (W169) A 200 CDI (169.008, 169.308) diesel 140 cai VALEO 200028 - Mercedes","description":"Alternator MERCEDES-BENZ A-CLASS","robots":{"index":"index","follow":"follow","max-snippet":"max-snippet:-1","max-image-preview":"max-image-preview:large","max-video-preview":"max-video-preview:-1"},"og_locale":"ro_RO","og_type":"article","og_title":"Alternator MERCEDES-BENZ A-CLASS (W169) A 200 CDI (169.008, 169.308) diesel 140 cai VALEO 200028 - Mercedes","og_description":"Alternator MERCEDES-BENZ A-CLASS","og_url":"https:\/\/autorival.ro\/mercedesbenz\/produs\/alternator-mercedes-benz-a-class-w169-a-200-cdi-169-008-169-308-diesel-140-cai-valeo-200028\/","og_site_name":"Mercedes","og_image":[{"width":1200,"height":800,"url":"https:\/\/autorival.ro\/mercedesbenz\/wp-content\/uploads\/sites\/28\/2025\/07\/alternator_200028_50-6.jpg","type":"image\/jpeg"}],"twitter_card":"summary_large_image","schema":{"@context":"https:\/\/schema.org","@graph":[{"@type":"WebPage","@id":"https:\/\/autorival.ro\/mercedesbenz\/produs\/alternator-mercedes-benz-a-class-w169-a-200-cdi-169-008-169-308-diesel-140-cai-valeo-200028\/","url":"https:\/\/autorival.ro\/mercedesbenz\/produs\/alternator-mercedes-benz-a-class-w169-a-200-cdi-169-008-169-308-diesel-140-cai-valeo-200028\/","name":"Alternator MERCEDES-BENZ A-CLASS (W169) A 200 CDI (169.008, 169.308) diesel 140 cai VALEO 200028 - Mercedes","isPartOf":{"@id":"https:\/\/autorival.ro\/mercedesbenz\/#website"},"primaryImageOfPage":{"@id":"https:\/\/autorival.ro\/mercedesbenz\/produs\/alternator-mercedes-benz-a-class-w169-a-200-cdi-169-008-169-308-diesel-140-cai-valeo-200028\/#primaryimage"},"image":{"@id":"https:\/\/autorival.ro\/mercedesbenz\/produs\/alternator-mercedes-benz-a-class-w169-a-200-cdi-169-008-169-308-diesel-140-cai-valeo-200028\/#primaryimage"},"thumbnailUrl":"https:\/\/autorival.ro\/mercedesbenz\/wp-content\/uploads\/sites\/28\/2025\/07\/alternator_200028_50-6.jpg","datePublished":"2025-07-08T10:21:46+00:00","description":"Alternator MERCEDES-BENZ A-CLASS","breadcrumb":{"@id":"https:\/\/autorival.ro\/mercedesbenz\/produs\/alternator-mercedes-benz-a-class-w169-a-200-cdi-169-008-169-308-diesel-140-cai-valeo-200028\/#breadcrumb"},"inLanguage":"ro-RO","potentialAction":[{"@type":"ReadAction","target":["https:\/\/autorival.ro\/mercedesbenz\/produs\/alternator-mercedes-benz-a-class-w169-a-200-cdi-169-008-169-308-diesel-140-cai-valeo-200028\/"]}]},{"@type":"ImageObject","inLanguage":"ro-RO","@id":"https:\/\/autorival.ro\/mercedesbenz\/produs\/alternator-mercedes-benz-a-class-w169-a-200-cdi-169-008-169-308-diesel-140-cai-valeo-200028\/#primaryimage","url":"https:\/\/autorival.ro\/mercedesbenz\/wp-content\/uploads\/sites\/28\/2025\/07\/alternator_200028_50-6.jpg","contentUrl":"https:\/\/autorival.ro\/mercedesbenz\/wp-content\/uploads\/sites\/28\/2025\/07\/alternator_200028_50-6.jpg","width":1200,"height":800,"caption":"Alternator MERCEDES-BENZ A-CLASS (W169) A 200 CDI (169.008, 169.308) diesel 140 cai VALEO 200028"},{"@type":"BreadcrumbList","@id":"https:\/\/autorival.ro\/mercedesbenz\/produs\/alternator-mercedes-benz-a-class-w169-a-200-cdi-169-008-169-308-diesel-140-cai-valeo-200028\/#breadcrumb","itemListElement":[{"@type":"ListItem","position":1,"name":"Prima pagin\u0103","item":"https:\/\/autorival.ro\/mercedesbenz\/"},{"@type":"ListItem","position":2,"name":"Piese auto MERCEDES","item":"https:\/\/autorival.ro\/mercedesbenz\/"},{"@type":"ListItem","position":3,"name":"Alternator MERCEDES-BENZ A-CLASS (W169) A 200 CDI (169.008, 169.308) diesel 140 cai VALEO 200028"}]},{"@type":"WebSite","@id":"https:\/\/autorival.ro\/mercedesbenz\/#website","url":"https:\/\/autorival.ro\/mercedesbenz\/","name":"Mercedes","description":"","potentialAction":[{"@type":"SearchAction","target":{"@type":"EntryPoint","urlTemplate":"https:\/\/autorival.ro\/mercedesbenz\/?s={search_term_string}"},"query-input":{"@type":"PropertyValueSpecification","valueRequired":true,"valueName":"search_term_string"}}],"inLanguage":"ro-RO"}]}},"_links":{"self":[{"href":"https:\/\/autorival.ro\/mercedesbenz\/wp-json\/wp\/v2\/product\/5679","targetHints":{"allow":["GET"]}}],"collection":[{"href":"https:\/\/autorival.ro\/mercedesbenz\/wp-json\/wp\/v2\/product"}],"about":[{"href":"https:\/\/autorival.ro\/mercedesbenz\/wp-json\/wp\/v2\/types\/product"}],"replies":[{"embeddable":true,"href":"https:\/\/autorival.ro\/mercedesbenz\/wp-json\/wp\/v2\/comments?post=5679"}],"wp:featuredmedia":[{"embeddable":true,"href":"https:\/\/autorival.ro\/mercedesbenz\/wp-json\/wp\/v2\/media\/5680"}],"wp:attachment":[{"href":"https:\/\/autorival.ro\/mercedesbenz\/wp-json\/wp\/v2\/media?parent=5679"}],"wp:term":[{"taxonomy":"product_brand","embeddable":true,"href":"https:\/\/autorival.ro\/mercedesbenz\/wp-json\/wp\/v2\/product_brand?post=5679"},{"taxonomy":"product_cat","embeddable":true,"href":"https:\/\/autorival.ro\/mercedesbenz\/wp-json\/wp\/v2\/product_cat?post=5679"},{"taxonomy":"product_tag","embeddable":true,"href":"https:\/\/autorival.ro\/mercedesbenz\/wp-json\/wp\/v2\/product_tag?post=5679"}],"curies":[{"name":"wp","href":"https:\/\/api.w.org\/{rel}","templated":true}]}}