{"id":517380,"date":"2025-07-13T07:25:41","date_gmt":"2025-07-13T07:25:41","guid":{"rendered":"https:\/\/autorival.ro\/mercedesbenz\/produs\/placute-frana-mercedes-benz-a-class-w177-a-200-d-177-012-diesel-150-cai-ate-13-0470-3882-2\/"},"modified":"2025-07-13T07:25:41","modified_gmt":"2025-07-13T07:25:41","slug":"placute-frana-mercedes-benz-a-class-w177-a-200-d-177-012-diesel-150-cai-ate-13-0470-3882-2","status":"publish","type":"product","link":"https:\/\/autorival.ro\/mercedesbenz\/produs\/placute-frana-mercedes-benz-a-class-w177-a-200-d-177-012-diesel-150-cai-ate-13-0470-3882-2\/","title":{"rendered":"Placute frana MERCEDES-BENZ A-CLASS (W177) A 200 d (177.012) diesel 150 cai ATE 13.0470-3882.2"},"content":{"rendered":"<p>Partea de montare: punte fataInstala\u021bie de fr\u00e2nare: pentru vehicule cu instala\u021bie de fr\u00e2n\u0103 sport ->Latime [mm]: 163,2\u00cenaltime 1 [mm]: 71,5\u00cenaltime 2 [mm]: 80,8 ->Grosime [mm]: 18,9Contact indicator uzura: pentru indicator avertizare, fara contact avertizare uzuraArticol extins\/Informatii de extindere: cu acceasoriiArticol completare\/Info suplimentar 2: cu suruburi etrierNumarul suruburilor: 4Aprobare: E1 90R-02A0479\/0701Cod MAPP disponibilAdmis p\u00e2n\u0103 la performan\u021b\u0103 autovehicul [kW]: 225<\/p>\n","protected":false},"excerpt":{"rendered":"<p>Producator: ATE Cod producator: 13.0470-3882.2<\/p>\n","protected":false},"featured_media":517381,"comment_status":"open","ping_status":"closed","template":"","meta":[],"product_brand":[8935],"product_cat":[36608],"product_tag":[45906,45889,45802,54356,45829,45795,45801,65700],"class_list":{"0":"post-517380","1":"product","2":"type-product","3":"status-publish","4":"has-post-thumbnail","6":"product_brand-ate","7":"product_cat-placute-frana-w177-a-200-d-177-012-diesel-150","8":"product_tag-w177","9":"product_tag-45889","10":"product_tag-a-class","11":"product_tag-ate","12":"product_tag-frana","13":"product_tag-mercedes","14":"product_tag-mercedes-benz","15":"product_tag-placute","17":"first","18":"instock","19":"shipping-taxable","20":"purchasable","21":"product-type-simple"},"yoast_head":"<!-- This site is optimized with the Yoast SEO plugin v27.3 - https:\/\/yoast.com\/product\/yoast-seo-wordpress\/ -->\n<title>Placute frana MERCEDES-BENZ A-CLASS (W177) A 200 d (177.012) diesel 150 cai ATE 13.0470-3882.2 Mercedes | ATE - Autorival<\/title>\n<meta name=\"description\" content=\"\u26a1 Placute frana MERCEDES-BENZ A-CLASS (W177) A 200 d (177.012) diesel 150 cai ATE 13.0470-3882.2 pentru Mercedes la doar 425.25 RON. \u2713 Cod: 13 \u2713 Brand: ATE \u2713 \u00cen stoc \u2713 Livrare 24h \u2713 Garan\u021bie!\" \/>\n<meta name=\"robots\" content=\"index, follow, max-snippet:-1, max-image-preview:large, max-video-preview:-1\" \/>\n<meta property=\"og:locale\" content=\"ro_RO\" \/>\n<meta property=\"og:type\" content=\"article\" \/>\n<meta property=\"og:title\" content=\"Placute frana MERCEDES-BENZ A-CLASS (W177) A 200 d (177.012) diesel 150 cai ATE 13.0470-3882.2 Mercedes | ATE - Autorival\" \/>\n<meta property=\"og:description\" content=\"\u26a1 Placute frana MERCEDES-BENZ A-CLASS (W177) A 200 d (177.012) diesel 150 cai ATE 13.0470-3882.2 pentru Mercedes la doar 425.25 RON. \u2713 Cod: 13 \u2713 Brand: ATE \u2713 \u00cen stoc \u2713 Livrare 24h \u2713 Garan\u021bie!\" \/>\n<meta property=\"og:url\" content=\"https:\/\/autorival.ro\/mercedesbenz\/produs\/placute-frana-mercedes-benz-a-class-w177-a-200-d-177-012-diesel-150-cai-ate-13-0470-3882-2\/\" \/>\n<meta property=\"og:site_name\" content=\"Mercedes\" \/>\n<meta property=\"og:image\" content=\"https:\/\/autorival.ro\/mercedesbenz\/wp-content\/uploads\/sites\/28\/2025\/07\/ld3882-10.jpg\" \/>\n\t<meta property=\"og:image:width\" content=\"600\" \/>\n\t<meta property=\"og:image:height\" content=\"400\" \/>\n\t<meta property=\"og:image:type\" content=\"image\/jpeg\" \/>\n<meta name=\"twitter:card\" content=\"summary_large_image\" \/>\n<meta name=\"twitter:title\" content=\"Placute frana MERCEDES-BENZ A-CLASS (W177) A 200 d (177.012) diesel 150 cai ATE 13.0470-3882.2 Mercedes | ATE - Autorival\" \/>\n<meta name=\"twitter:description\" content=\"\u26a1 Placute frana MERCEDES-BENZ A-CLASS (W177) A 200 d (177.012) diesel 150 cai ATE 13.0470-3882.2 pentru Mercedes la doar 425.25 RON. \u2713 Cod: 13 \u2713 Brand: ATE \u2713 \u00cen stoc \u2713 Livrare 24h \u2713 Garan\u021bie!\" \/>\n<script type=\"application\/ld+json\" class=\"yoast-schema-graph\">{\"@context\":\"https:\\\/\\\/schema.org\",\"@graph\":[{\"@type\":\"WebPage\",\"@id\":\"https:\\\/\\\/autorival.ro\\\/mercedesbenz\\\/produs\\\/placute-frana-mercedes-benz-a-class-w177-a-200-d-177-012-diesel-150-cai-ate-13-0470-3882-2\\\/\",\"url\":\"https:\\\/\\\/autorival.ro\\\/mercedesbenz\\\/produs\\\/placute-frana-mercedes-benz-a-class-w177-a-200-d-177-012-diesel-150-cai-ate-13-0470-3882-2\\\/\",\"name\":\"Placute frana MERCEDES-BENZ A-CLASS (W177) A 200 d (177.012) diesel 150 cai ATE 13.0470-3882.2 Mercedes | ATE - Autorival\",\"isPartOf\":{\"@id\":\"https:\\\/\\\/autorival.ro\\\/mercedesbenz\\\/#website\"},\"primaryImageOfPage\":{\"@id\":\"https:\\\/\\\/autorival.ro\\\/mercedesbenz\\\/produs\\\/placute-frana-mercedes-benz-a-class-w177-a-200-d-177-012-diesel-150-cai-ate-13-0470-3882-2\\\/#primaryimage\"},\"image\":{\"@id\":\"https:\\\/\\\/autorival.ro\\\/mercedesbenz\\\/produs\\\/placute-frana-mercedes-benz-a-class-w177-a-200-d-177-012-diesel-150-cai-ate-13-0470-3882-2\\\/#primaryimage\"},\"thumbnailUrl\":\"https:\\\/\\\/autorival.ro\\\/mercedesbenz\\\/wp-content\\\/uploads\\\/sites\\\/28\\\/2025\\\/07\\\/ld3882-10.jpg\",\"datePublished\":\"2025-07-13T07:25:41+00:00\",\"description\":\"\u26a1 Placute frana MERCEDES-BENZ A-CLASS (W177) A 200 d (177.012) diesel 150 cai ATE 13.0470-3882.2 pentru Mercedes la doar 425.25 RON. \u2713 Cod: 13 \u2713 Brand: ATE \u2713 \u00cen stoc \u2713 Livrare 24h \u2713 Garan\u021bie!\",\"breadcrumb\":{\"@id\":\"https:\\\/\\\/autorival.ro\\\/mercedesbenz\\\/produs\\\/placute-frana-mercedes-benz-a-class-w177-a-200-d-177-012-diesel-150-cai-ate-13-0470-3882-2\\\/#breadcrumb\"},\"inLanguage\":\"ro-RO\",\"potentialAction\":[{\"@type\":\"ReadAction\",\"target\":[\"https:\\\/\\\/autorival.ro\\\/mercedesbenz\\\/produs\\\/placute-frana-mercedes-benz-a-class-w177-a-200-d-177-012-diesel-150-cai-ate-13-0470-3882-2\\\/\"]}]},{\"@type\":\"ImageObject\",\"inLanguage\":\"ro-RO\",\"@id\":\"https:\\\/\\\/autorival.ro\\\/mercedesbenz\\\/produs\\\/placute-frana-mercedes-benz-a-class-w177-a-200-d-177-012-diesel-150-cai-ate-13-0470-3882-2\\\/#primaryimage\",\"url\":\"https:\\\/\\\/autorival.ro\\\/mercedesbenz\\\/wp-content\\\/uploads\\\/sites\\\/28\\\/2025\\\/07\\\/ld3882-10.jpg\",\"contentUrl\":\"https:\\\/\\\/autorival.ro\\\/mercedesbenz\\\/wp-content\\\/uploads\\\/sites\\\/28\\\/2025\\\/07\\\/ld3882-10.jpg\",\"width\":600,\"height\":400},{\"@type\":\"BreadcrumbList\",\"@id\":\"https:\\\/\\\/autorival.ro\\\/mercedesbenz\\\/produs\\\/placute-frana-mercedes-benz-a-class-w177-a-200-d-177-012-diesel-150-cai-ate-13-0470-3882-2\\\/#breadcrumb\",\"itemListElement\":[{\"@type\":\"ListItem\",\"position\":1,\"name\":\"Prima pagin\u0103\",\"item\":\"https:\\\/\\\/autorival.ro\\\/mercedesbenz\\\/\"},{\"@type\":\"ListItem\",\"position\":2,\"name\":\"Piese auto MERCEDES\",\"item\":\"https:\\\/\\\/autorival.ro\\\/mercedesbenz\\\/\"},{\"@type\":\"ListItem\",\"position\":3,\"name\":\"Placute frana MERCEDES-BENZ A-CLASS (W177) A 200 d (177.012) diesel 150 cai ATE 13.0470-3882.2\"}]},{\"@type\":\"WebSite\",\"@id\":\"https:\\\/\\\/autorival.ro\\\/mercedesbenz\\\/#website\",\"url\":\"https:\\\/\\\/autorival.ro\\\/mercedesbenz\\\/\",\"name\":\"Mercedes\",\"description\":\"\",\"potentialAction\":[{\"@type\":\"SearchAction\",\"target\":{\"@type\":\"EntryPoint\",\"urlTemplate\":\"https:\\\/\\\/autorival.ro\\\/mercedesbenz\\\/?s={search_term_string}\"},\"query-input\":{\"@type\":\"PropertyValueSpecification\",\"valueRequired\":true,\"valueName\":\"search_term_string\"}}],\"inLanguage\":\"ro-RO\"}]}<\/script>\n<!-- \/ Yoast SEO plugin. -->","yoast_head_json":{"title":"Placute frana MERCEDES-BENZ A-CLASS (W177) A 200 d (177.012) diesel 150 cai ATE 13.0470-3882.2 Mercedes | ATE - Autorival","description":"\u26a1 Placute frana MERCEDES-BENZ A-CLASS (W177) A 200 d (177.012) diesel 150 cai ATE 13.0470-3882.2 pentru Mercedes la doar 425.25 RON. \u2713 Cod: 13 \u2713 Brand: ATE \u2713 \u00cen stoc \u2713 Livrare 24h \u2713 Garan\u021bie!","robots":{"index":"index","follow":"follow","max-snippet":"max-snippet:-1","max-image-preview":"max-image-preview:large","max-video-preview":"max-video-preview:-1"},"og_locale":"ro_RO","og_type":"article","og_title":"Placute frana MERCEDES-BENZ A-CLASS (W177) A 200 d (177.012) diesel 150 cai ATE 13.0470-3882.2 Mercedes | ATE - Autorival","og_description":"\u26a1 Placute frana MERCEDES-BENZ A-CLASS (W177) A 200 d (177.012) diesel 150 cai ATE 13.0470-3882.2 pentru Mercedes la doar 425.25 RON. \u2713 Cod: 13 \u2713 Brand: ATE \u2713 \u00cen stoc \u2713 Livrare 24h \u2713 Garan\u021bie!","og_url":"https:\/\/autorival.ro\/mercedesbenz\/produs\/placute-frana-mercedes-benz-a-class-w177-a-200-d-177-012-diesel-150-cai-ate-13-0470-3882-2\/","og_site_name":"Mercedes","og_image":[{"width":600,"height":400,"url":"https:\/\/autorival.ro\/mercedesbenz\/wp-content\/uploads\/sites\/28\/2025\/07\/ld3882-10.jpg","type":"image\/jpeg"}],"twitter_card":"summary_large_image","twitter_title":"Placute frana MERCEDES-BENZ A-CLASS (W177) A 200 d (177.012) diesel 150 cai ATE 13.0470-3882.2 Mercedes | ATE - Autorival","twitter_description":"\u26a1 Placute frana MERCEDES-BENZ A-CLASS (W177) A 200 d (177.012) diesel 150 cai ATE 13.0470-3882.2 pentru Mercedes la doar 425.25 RON. \u2713 Cod: 13 \u2713 Brand: ATE \u2713 \u00cen stoc \u2713 Livrare 24h \u2713 Garan\u021bie!","schema":{"@context":"https:\/\/schema.org","@graph":[{"@type":"WebPage","@id":"https:\/\/autorival.ro\/mercedesbenz\/produs\/placute-frana-mercedes-benz-a-class-w177-a-200-d-177-012-diesel-150-cai-ate-13-0470-3882-2\/","url":"https:\/\/autorival.ro\/mercedesbenz\/produs\/placute-frana-mercedes-benz-a-class-w177-a-200-d-177-012-diesel-150-cai-ate-13-0470-3882-2\/","name":"Placute frana MERCEDES-BENZ A-CLASS (W177) A 200 d (177.012) diesel 150 cai ATE 13.0470-3882.2 Mercedes | ATE - Autorival","isPartOf":{"@id":"https:\/\/autorival.ro\/mercedesbenz\/#website"},"primaryImageOfPage":{"@id":"https:\/\/autorival.ro\/mercedesbenz\/produs\/placute-frana-mercedes-benz-a-class-w177-a-200-d-177-012-diesel-150-cai-ate-13-0470-3882-2\/#primaryimage"},"image":{"@id":"https:\/\/autorival.ro\/mercedesbenz\/produs\/placute-frana-mercedes-benz-a-class-w177-a-200-d-177-012-diesel-150-cai-ate-13-0470-3882-2\/#primaryimage"},"thumbnailUrl":"https:\/\/autorival.ro\/mercedesbenz\/wp-content\/uploads\/sites\/28\/2025\/07\/ld3882-10.jpg","datePublished":"2025-07-13T07:25:41+00:00","description":"\u26a1 Placute frana MERCEDES-BENZ A-CLASS (W177) A 200 d (177.012) diesel 150 cai ATE 13.0470-3882.2 pentru Mercedes la doar 425.25 RON. \u2713 Cod: 13 \u2713 Brand: ATE \u2713 \u00cen stoc \u2713 Livrare 24h \u2713 Garan\u021bie!","breadcrumb":{"@id":"https:\/\/autorival.ro\/mercedesbenz\/produs\/placute-frana-mercedes-benz-a-class-w177-a-200-d-177-012-diesel-150-cai-ate-13-0470-3882-2\/#breadcrumb"},"inLanguage":"ro-RO","potentialAction":[{"@type":"ReadAction","target":["https:\/\/autorival.ro\/mercedesbenz\/produs\/placute-frana-mercedes-benz-a-class-w177-a-200-d-177-012-diesel-150-cai-ate-13-0470-3882-2\/"]}]},{"@type":"ImageObject","inLanguage":"ro-RO","@id":"https:\/\/autorival.ro\/mercedesbenz\/produs\/placute-frana-mercedes-benz-a-class-w177-a-200-d-177-012-diesel-150-cai-ate-13-0470-3882-2\/#primaryimage","url":"https:\/\/autorival.ro\/mercedesbenz\/wp-content\/uploads\/sites\/28\/2025\/07\/ld3882-10.jpg","contentUrl":"https:\/\/autorival.ro\/mercedesbenz\/wp-content\/uploads\/sites\/28\/2025\/07\/ld3882-10.jpg","width":600,"height":400},{"@type":"BreadcrumbList","@id":"https:\/\/autorival.ro\/mercedesbenz\/produs\/placute-frana-mercedes-benz-a-class-w177-a-200-d-177-012-diesel-150-cai-ate-13-0470-3882-2\/#breadcrumb","itemListElement":[{"@type":"ListItem","position":1,"name":"Prima pagin\u0103","item":"https:\/\/autorival.ro\/mercedesbenz\/"},{"@type":"ListItem","position":2,"name":"Piese auto MERCEDES","item":"https:\/\/autorival.ro\/mercedesbenz\/"},{"@type":"ListItem","position":3,"name":"Placute frana MERCEDES-BENZ A-CLASS (W177) A 200 d (177.012) diesel 150 cai ATE 13.0470-3882.2"}]},{"@type":"WebSite","@id":"https:\/\/autorival.ro\/mercedesbenz\/#website","url":"https:\/\/autorival.ro\/mercedesbenz\/","name":"Mercedes","description":"","potentialAction":[{"@type":"SearchAction","target":{"@type":"EntryPoint","urlTemplate":"https:\/\/autorival.ro\/mercedesbenz\/?s={search_term_string}"},"query-input":{"@type":"PropertyValueSpecification","valueRequired":true,"valueName":"search_term_string"}}],"inLanguage":"ro-RO"}]}},"_links":{"self":[{"href":"https:\/\/autorival.ro\/mercedesbenz\/wp-json\/wp\/v2\/product\/517380","targetHints":{"allow":["GET"]}}],"collection":[{"href":"https:\/\/autorival.ro\/mercedesbenz\/wp-json\/wp\/v2\/product"}],"about":[{"href":"https:\/\/autorival.ro\/mercedesbenz\/wp-json\/wp\/v2\/types\/product"}],"replies":[{"embeddable":true,"href":"https:\/\/autorival.ro\/mercedesbenz\/wp-json\/wp\/v2\/comments?post=517380"}],"wp:featuredmedia":[{"embeddable":true,"href":"https:\/\/autorival.ro\/mercedesbenz\/wp-json\/wp\/v2\/media\/517381"}],"wp:attachment":[{"href":"https:\/\/autorival.ro\/mercedesbenz\/wp-json\/wp\/v2\/media?parent=517380"}],"wp:term":[{"taxonomy":"product_brand","embeddable":true,"href":"https:\/\/autorival.ro\/mercedesbenz\/wp-json\/wp\/v2\/product_brand?post=517380"},{"taxonomy":"product_cat","embeddable":true,"href":"https:\/\/autorival.ro\/mercedesbenz\/wp-json\/wp\/v2\/product_cat?post=517380"},{"taxonomy":"product_tag","embeddable":true,"href":"https:\/\/autorival.ro\/mercedesbenz\/wp-json\/wp\/v2\/product_tag?post=517380"}],"curies":[{"name":"wp","href":"https:\/\/api.w.org\/{rel}","templated":true}]}}