{"id":492220,"date":"2025-07-12T19:53:00","date_gmt":"2025-07-12T19:53:00","guid":{"rendered":"https:\/\/autorival.ro\/mercedesbenz\/produs\/panou-lateral-mercedes-benz-a-class-w169-a-180-169-032-169-332-benzina-116-cai-van-wezel-9901149\/"},"modified":"2025-07-12T19:53:00","modified_gmt":"2025-07-12T19:53:00","slug":"panou-lateral-mercedes-benz-a-class-w169-a-180-169-032-169-332-benzina-116-cai-van-wezel-9901149","status":"publish","type":"product","link":"https:\/\/autorival.ro\/mercedesbenz\/produs\/panou-lateral-mercedes-benz-a-class-w169-a-180-169-032-169-332-benzina-116-cai-van-wezel-9901149\/","title":{"rendered":"Panou lateral MERCEDES-BENZ A-CLASS (W169) A 180 (169.032, 169.332) benzina 116 cai VAN WEZEL 9901149"},"content":{"rendered":"<p>Partea de montare: stanga, dreaptaTip tabla: arc roataSectiune: partea exterioaraForm\u0103 adaptat\u0103: Universal ->Lungime 1 [mm]: 1250 ->Latime 1 [mm]: 50 ->Latime tabla [mm]: 0,7\u00cenaltime 1 [mm]: 20Procesare: pe scurtCalitate\/Clasa: DC01 ST12Suprafata: zincatpanou reparatie: panelreparatieNumar usi: 2\/4, 3\/5<\/p>\n","protected":false},"excerpt":{"rendered":"<p>Producator: VAN WEZEL Cod producator: 9901149<\/p>\n","protected":false},"featured_media":492221,"comment_status":"open","ping_status":"closed","template":"","meta":[],"product_brand":[16],"product_cat":[34315],"product_tag":[45813,45802,65801,45795,45801,65800,45796,45797],"class_list":{"0":"post-492220","1":"product","2":"type-product","3":"status-publish","4":"has-post-thumbnail","6":"product_brand-van-wezel","7":"product_cat-panou-lateral-w169-a-180-169-032-169-332-benzina-116","8":"product_tag-w169","9":"product_tag-a-class","10":"product_tag-lateral","11":"product_tag-mercedes","12":"product_tag-mercedes-benz","13":"product_tag-panou","14":"product_tag-van","15":"product_tag-wezel","17":"first","18":"instock","19":"shipping-taxable","20":"purchasable","21":"product-type-simple"},"yoast_head":"<!-- This site is optimized with the Yoast SEO plugin v27.3 - https:\/\/yoast.com\/product\/yoast-seo-wordpress\/ -->\n<title>Panou lateral MERCEDES-BENZ A-CLASS (W169) A 180 (169.032, 169.332) benzina 116 cai VAN WEZEL 9901149 Mercedes | VAN - Autorival<\/title>\n<meta name=\"description\" content=\"\u26a1 Panou lateral MERCEDES-BENZ A-CLASS (W169) A 180 (169.032, 169.332) benzina 116 cai VAN WEZEL 9901149 pentru Mercedes la doar 172 RON. \u2713 Cod: 9901149 \u2713 Brand: VAN \u2713 \u00cen stoc \u2713 Livrare 24h \u2713 Garan\u021bie!\" \/>\n<meta name=\"robots\" content=\"index, follow, max-snippet:-1, max-image-preview:large, max-video-preview:-1\" \/>\n<meta property=\"og:locale\" content=\"ro_RO\" \/>\n<meta property=\"og:type\" content=\"article\" \/>\n<meta property=\"og:title\" content=\"Panou lateral MERCEDES-BENZ A-CLASS (W169) A 180 (169.032, 169.332) benzina 116 cai VAN WEZEL 9901149 Mercedes | VAN - Autorival\" \/>\n<meta property=\"og:description\" content=\"\u26a1 Panou lateral MERCEDES-BENZ A-CLASS (W169) A 180 (169.032, 169.332) benzina 116 cai VAN WEZEL 9901149 pentru Mercedes la doar 172 RON. \u2713 Cod: 9901149 \u2713 Brand: VAN \u2713 \u00cen stoc \u2713 Livrare 24h \u2713 Garan\u021bie!\" \/>\n<meta property=\"og:url\" content=\"https:\/\/autorival.ro\/mercedesbenz\/produs\/panou-lateral-mercedes-benz-a-class-w169-a-180-169-032-169-332-benzina-116-cai-van-wezel-9901149\/\" \/>\n<meta property=\"og:site_name\" content=\"Mercedes\" \/>\n<meta property=\"og:image\" content=\"https:\/\/autorival.ro\/mercedesbenz\/wp-content\/uploads\/sites\/28\/2025\/07\/i9901149-12.jpg\" \/>\n\t<meta property=\"og:image:width\" content=\"400\" \/>\n\t<meta property=\"og:image:height\" content=\"280\" \/>\n\t<meta property=\"og:image:type\" content=\"image\/jpeg\" \/>\n<meta name=\"twitter:card\" content=\"summary_large_image\" \/>\n<meta name=\"twitter:title\" content=\"Panou lateral MERCEDES-BENZ A-CLASS (W169) A 180 (169.032, 169.332) benzina 116 cai VAN WEZEL 9901149 Mercedes | VAN - Autorival\" \/>\n<meta name=\"twitter:description\" content=\"\u26a1 Panou lateral MERCEDES-BENZ A-CLASS (W169) A 180 (169.032, 169.332) benzina 116 cai VAN WEZEL 9901149 pentru Mercedes la doar 172 RON. \u2713 Cod: 9901149 \u2713 Brand: VAN \u2713 \u00cen stoc \u2713 Livrare 24h \u2713 Garan\u021bie!\" \/>\n<script type=\"application\/ld+json\" class=\"yoast-schema-graph\">{\"@context\":\"https:\\\/\\\/schema.org\",\"@graph\":[{\"@type\":\"WebPage\",\"@id\":\"https:\\\/\\\/autorival.ro\\\/mercedesbenz\\\/produs\\\/panou-lateral-mercedes-benz-a-class-w169-a-180-169-032-169-332-benzina-116-cai-van-wezel-9901149\\\/\",\"url\":\"https:\\\/\\\/autorival.ro\\\/mercedesbenz\\\/produs\\\/panou-lateral-mercedes-benz-a-class-w169-a-180-169-032-169-332-benzina-116-cai-van-wezel-9901149\\\/\",\"name\":\"Panou lateral MERCEDES-BENZ A-CLASS (W169) A 180 (169.032, 169.332) benzina 116 cai VAN WEZEL 9901149 Mercedes | VAN - Autorival\",\"isPartOf\":{\"@id\":\"https:\\\/\\\/autorival.ro\\\/mercedesbenz\\\/#website\"},\"primaryImageOfPage\":{\"@id\":\"https:\\\/\\\/autorival.ro\\\/mercedesbenz\\\/produs\\\/panou-lateral-mercedes-benz-a-class-w169-a-180-169-032-169-332-benzina-116-cai-van-wezel-9901149\\\/#primaryimage\"},\"image\":{\"@id\":\"https:\\\/\\\/autorival.ro\\\/mercedesbenz\\\/produs\\\/panou-lateral-mercedes-benz-a-class-w169-a-180-169-032-169-332-benzina-116-cai-van-wezel-9901149\\\/#primaryimage\"},\"thumbnailUrl\":\"https:\\\/\\\/autorival.ro\\\/mercedesbenz\\\/wp-content\\\/uploads\\\/sites\\\/28\\\/2025\\\/07\\\/i9901149-12.jpg\",\"datePublished\":\"2025-07-12T19:53:00+00:00\",\"description\":\"\u26a1 Panou lateral MERCEDES-BENZ A-CLASS (W169) A 180 (169.032, 169.332) benzina 116 cai VAN WEZEL 9901149 pentru Mercedes la doar 172 RON. \u2713 Cod: 9901149 \u2713 Brand: VAN \u2713 \u00cen stoc \u2713 Livrare 24h \u2713 Garan\u021bie!\",\"breadcrumb\":{\"@id\":\"https:\\\/\\\/autorival.ro\\\/mercedesbenz\\\/produs\\\/panou-lateral-mercedes-benz-a-class-w169-a-180-169-032-169-332-benzina-116-cai-van-wezel-9901149\\\/#breadcrumb\"},\"inLanguage\":\"ro-RO\",\"potentialAction\":[{\"@type\":\"ReadAction\",\"target\":[\"https:\\\/\\\/autorival.ro\\\/mercedesbenz\\\/produs\\\/panou-lateral-mercedes-benz-a-class-w169-a-180-169-032-169-332-benzina-116-cai-van-wezel-9901149\\\/\"]}]},{\"@type\":\"ImageObject\",\"inLanguage\":\"ro-RO\",\"@id\":\"https:\\\/\\\/autorival.ro\\\/mercedesbenz\\\/produs\\\/panou-lateral-mercedes-benz-a-class-w169-a-180-169-032-169-332-benzina-116-cai-van-wezel-9901149\\\/#primaryimage\",\"url\":\"https:\\\/\\\/autorival.ro\\\/mercedesbenz\\\/wp-content\\\/uploads\\\/sites\\\/28\\\/2025\\\/07\\\/i9901149-12.jpg\",\"contentUrl\":\"https:\\\/\\\/autorival.ro\\\/mercedesbenz\\\/wp-content\\\/uploads\\\/sites\\\/28\\\/2025\\\/07\\\/i9901149-12.jpg\",\"width\":400,\"height\":280},{\"@type\":\"BreadcrumbList\",\"@id\":\"https:\\\/\\\/autorival.ro\\\/mercedesbenz\\\/produs\\\/panou-lateral-mercedes-benz-a-class-w169-a-180-169-032-169-332-benzina-116-cai-van-wezel-9901149\\\/#breadcrumb\",\"itemListElement\":[{\"@type\":\"ListItem\",\"position\":1,\"name\":\"Prima pagin\u0103\",\"item\":\"https:\\\/\\\/autorival.ro\\\/mercedesbenz\\\/\"},{\"@type\":\"ListItem\",\"position\":2,\"name\":\"Piese auto MERCEDES\",\"item\":\"https:\\\/\\\/autorival.ro\\\/mercedesbenz\\\/\"},{\"@type\":\"ListItem\",\"position\":3,\"name\":\"Panou lateral MERCEDES-BENZ A-CLASS (W169) A 180 (169.032, 169.332) benzina 116 cai VAN WEZEL 9901149\"}]},{\"@type\":\"WebSite\",\"@id\":\"https:\\\/\\\/autorival.ro\\\/mercedesbenz\\\/#website\",\"url\":\"https:\\\/\\\/autorival.ro\\\/mercedesbenz\\\/\",\"name\":\"Mercedes\",\"description\":\"\",\"potentialAction\":[{\"@type\":\"SearchAction\",\"target\":{\"@type\":\"EntryPoint\",\"urlTemplate\":\"https:\\\/\\\/autorival.ro\\\/mercedesbenz\\\/?s={search_term_string}\"},\"query-input\":{\"@type\":\"PropertyValueSpecification\",\"valueRequired\":true,\"valueName\":\"search_term_string\"}}],\"inLanguage\":\"ro-RO\"}]}<\/script>\n<!-- \/ Yoast SEO plugin. -->","yoast_head_json":{"title":"Panou lateral MERCEDES-BENZ A-CLASS (W169) A 180 (169.032, 169.332) benzina 116 cai VAN WEZEL 9901149 Mercedes | VAN - Autorival","description":"\u26a1 Panou lateral MERCEDES-BENZ A-CLASS (W169) A 180 (169.032, 169.332) benzina 116 cai VAN WEZEL 9901149 pentru Mercedes la doar 172 RON. \u2713 Cod: 9901149 \u2713 Brand: VAN \u2713 \u00cen stoc \u2713 Livrare 24h \u2713 Garan\u021bie!","robots":{"index":"index","follow":"follow","max-snippet":"max-snippet:-1","max-image-preview":"max-image-preview:large","max-video-preview":"max-video-preview:-1"},"og_locale":"ro_RO","og_type":"article","og_title":"Panou lateral MERCEDES-BENZ A-CLASS (W169) A 180 (169.032, 169.332) benzina 116 cai VAN WEZEL 9901149 Mercedes | VAN - Autorival","og_description":"\u26a1 Panou lateral MERCEDES-BENZ A-CLASS (W169) A 180 (169.032, 169.332) benzina 116 cai VAN WEZEL 9901149 pentru Mercedes la doar 172 RON. \u2713 Cod: 9901149 \u2713 Brand: VAN \u2713 \u00cen stoc \u2713 Livrare 24h \u2713 Garan\u021bie!","og_url":"https:\/\/autorival.ro\/mercedesbenz\/produs\/panou-lateral-mercedes-benz-a-class-w169-a-180-169-032-169-332-benzina-116-cai-van-wezel-9901149\/","og_site_name":"Mercedes","og_image":[{"width":400,"height":280,"url":"https:\/\/autorival.ro\/mercedesbenz\/wp-content\/uploads\/sites\/28\/2025\/07\/i9901149-12.jpg","type":"image\/jpeg"}],"twitter_card":"summary_large_image","twitter_title":"Panou lateral MERCEDES-BENZ A-CLASS (W169) A 180 (169.032, 169.332) benzina 116 cai VAN WEZEL 9901149 Mercedes | VAN - Autorival","twitter_description":"\u26a1 Panou lateral MERCEDES-BENZ A-CLASS (W169) A 180 (169.032, 169.332) benzina 116 cai VAN WEZEL 9901149 pentru Mercedes la doar 172 RON. \u2713 Cod: 9901149 \u2713 Brand: VAN \u2713 \u00cen stoc \u2713 Livrare 24h \u2713 Garan\u021bie!","schema":{"@context":"https:\/\/schema.org","@graph":[{"@type":"WebPage","@id":"https:\/\/autorival.ro\/mercedesbenz\/produs\/panou-lateral-mercedes-benz-a-class-w169-a-180-169-032-169-332-benzina-116-cai-van-wezel-9901149\/","url":"https:\/\/autorival.ro\/mercedesbenz\/produs\/panou-lateral-mercedes-benz-a-class-w169-a-180-169-032-169-332-benzina-116-cai-van-wezel-9901149\/","name":"Panou lateral MERCEDES-BENZ A-CLASS (W169) A 180 (169.032, 169.332) benzina 116 cai VAN WEZEL 9901149 Mercedes | VAN - Autorival","isPartOf":{"@id":"https:\/\/autorival.ro\/mercedesbenz\/#website"},"primaryImageOfPage":{"@id":"https:\/\/autorival.ro\/mercedesbenz\/produs\/panou-lateral-mercedes-benz-a-class-w169-a-180-169-032-169-332-benzina-116-cai-van-wezel-9901149\/#primaryimage"},"image":{"@id":"https:\/\/autorival.ro\/mercedesbenz\/produs\/panou-lateral-mercedes-benz-a-class-w169-a-180-169-032-169-332-benzina-116-cai-van-wezel-9901149\/#primaryimage"},"thumbnailUrl":"https:\/\/autorival.ro\/mercedesbenz\/wp-content\/uploads\/sites\/28\/2025\/07\/i9901149-12.jpg","datePublished":"2025-07-12T19:53:00+00:00","description":"\u26a1 Panou lateral MERCEDES-BENZ A-CLASS (W169) A 180 (169.032, 169.332) benzina 116 cai VAN WEZEL 9901149 pentru Mercedes la doar 172 RON. \u2713 Cod: 9901149 \u2713 Brand: VAN \u2713 \u00cen stoc \u2713 Livrare 24h \u2713 Garan\u021bie!","breadcrumb":{"@id":"https:\/\/autorival.ro\/mercedesbenz\/produs\/panou-lateral-mercedes-benz-a-class-w169-a-180-169-032-169-332-benzina-116-cai-van-wezel-9901149\/#breadcrumb"},"inLanguage":"ro-RO","potentialAction":[{"@type":"ReadAction","target":["https:\/\/autorival.ro\/mercedesbenz\/produs\/panou-lateral-mercedes-benz-a-class-w169-a-180-169-032-169-332-benzina-116-cai-van-wezel-9901149\/"]}]},{"@type":"ImageObject","inLanguage":"ro-RO","@id":"https:\/\/autorival.ro\/mercedesbenz\/produs\/panou-lateral-mercedes-benz-a-class-w169-a-180-169-032-169-332-benzina-116-cai-van-wezel-9901149\/#primaryimage","url":"https:\/\/autorival.ro\/mercedesbenz\/wp-content\/uploads\/sites\/28\/2025\/07\/i9901149-12.jpg","contentUrl":"https:\/\/autorival.ro\/mercedesbenz\/wp-content\/uploads\/sites\/28\/2025\/07\/i9901149-12.jpg","width":400,"height":280},{"@type":"BreadcrumbList","@id":"https:\/\/autorival.ro\/mercedesbenz\/produs\/panou-lateral-mercedes-benz-a-class-w169-a-180-169-032-169-332-benzina-116-cai-van-wezel-9901149\/#breadcrumb","itemListElement":[{"@type":"ListItem","position":1,"name":"Prima pagin\u0103","item":"https:\/\/autorival.ro\/mercedesbenz\/"},{"@type":"ListItem","position":2,"name":"Piese auto MERCEDES","item":"https:\/\/autorival.ro\/mercedesbenz\/"},{"@type":"ListItem","position":3,"name":"Panou lateral MERCEDES-BENZ A-CLASS (W169) A 180 (169.032, 169.332) benzina 116 cai VAN WEZEL 9901149"}]},{"@type":"WebSite","@id":"https:\/\/autorival.ro\/mercedesbenz\/#website","url":"https:\/\/autorival.ro\/mercedesbenz\/","name":"Mercedes","description":"","potentialAction":[{"@type":"SearchAction","target":{"@type":"EntryPoint","urlTemplate":"https:\/\/autorival.ro\/mercedesbenz\/?s={search_term_string}"},"query-input":{"@type":"PropertyValueSpecification","valueRequired":true,"valueName":"search_term_string"}}],"inLanguage":"ro-RO"}]}},"_links":{"self":[{"href":"https:\/\/autorival.ro\/mercedesbenz\/wp-json\/wp\/v2\/product\/492220","targetHints":{"allow":["GET"]}}],"collection":[{"href":"https:\/\/autorival.ro\/mercedesbenz\/wp-json\/wp\/v2\/product"}],"about":[{"href":"https:\/\/autorival.ro\/mercedesbenz\/wp-json\/wp\/v2\/types\/product"}],"replies":[{"embeddable":true,"href":"https:\/\/autorival.ro\/mercedesbenz\/wp-json\/wp\/v2\/comments?post=492220"}],"wp:featuredmedia":[{"embeddable":true,"href":"https:\/\/autorival.ro\/mercedesbenz\/wp-json\/wp\/v2\/media\/492221"}],"wp:attachment":[{"href":"https:\/\/autorival.ro\/mercedesbenz\/wp-json\/wp\/v2\/media?parent=492220"}],"wp:term":[{"taxonomy":"product_brand","embeddable":true,"href":"https:\/\/autorival.ro\/mercedesbenz\/wp-json\/wp\/v2\/product_brand?post=492220"},{"taxonomy":"product_cat","embeddable":true,"href":"https:\/\/autorival.ro\/mercedesbenz\/wp-json\/wp\/v2\/product_cat?post=492220"},{"taxonomy":"product_tag","embeddable":true,"href":"https:\/\/autorival.ro\/mercedesbenz\/wp-json\/wp\/v2\/product_tag?post=492220"}],"curies":[{"name":"wp","href":"https:\/\/api.w.org\/{rel}","templated":true}]}}