{"id":272871,"date":"2025-07-09T18:40:48","date_gmt":"2025-07-09T18:40:48","guid":{"rendered":"https:\/\/autorival.ro\/mercedesbenz\/produs\/electromotor-mercedes-benz-a-class-w176-a-45-amg-4-matic-176-052-benzina-360-cai-as-pl-s0779s\/"},"modified":"2025-07-09T18:40:48","modified_gmt":"2025-07-09T18:40:48","slug":"electromotor-mercedes-benz-a-class-w176-a-45-amg-4-matic-176-052-benzina-360-cai-as-pl-s0779s","status":"publish","type":"product","link":"https:\/\/autorival.ro\/mercedesbenz\/produs\/electromotor-mercedes-benz-a-class-w176-a-45-amg-4-matic-176-052-benzina-360-cai-as-pl-s0779s\/","title":{"rendered":"Electromotor MERCEDES-BENZ A-CLASS (W176) A 45 AMG 4-matic (176.052) benzina 360 cai AS-PL S0779S"},"content":{"rendered":"<p>Restrictiile producatorului: BOSCHPutere electromotor [kW]: 1,7Tensiune [V]: 12Numarul gaurilor de fixare: 2Directia de rotatie: rotatie contrar acelor de ceasornicNumar dinti: 13Versiune: 0001152410Calitate: STANDARD LINEPies\u0103 nou\u0103 f\u0103r\u0103 gaj<\/p>\n","protected":false},"excerpt":{"rendered":"<p>Producator: AS-PL Cod producator: S0779S<\/p>\n","protected":false},"featured_media":272872,"comment_status":"open","ping_status":"closed","template":"","meta":[],"product_brand":[294],"product_cat":[18676],"product_tag":[45818,45802,45820,45856,64251,45795,45801],"class_list":{"0":"post-272871","1":"product","2":"type-product","3":"status-publish","4":"has-post-thumbnail","6":"product_brand-as-pl","7":"product_cat-electromotor-w176-a-45-amg-4-matic-176-052-benzina-360","8":"product_tag-w176","9":"product_tag-a-class","10":"product_tag-amg","11":"product_tag-as","12":"product_tag-electromotor","13":"product_tag-mercedes","14":"product_tag-mercedes-benz","16":"first","17":"instock","18":"shipping-taxable","19":"purchasable","20":"product-type-simple"},"yoast_head":"<!-- This site is optimized with the Yoast SEO plugin v27.3 - https:\/\/yoast.com\/product\/yoast-seo-wordpress\/ -->\n<title>Electromotor MERCEDES-BENZ A-CLASS (W176) A 45 AMG 4-matic (176.052) benzina 360 cai AS-PL S0779S Mercedes | AS-PL - Autorival<\/title>\n<meta name=\"description\" content=\"\u26a1 Electromotor MERCEDES-BENZ A-CLASS (W176) A 45 AMG 4-matic (176.052) benzina 360 cai AS-PL S0779S pentru Mercedes la doar 786.86 RON. \u2713 Cod: S0779S \u2713 Brand: AS-PL \u2713 \u00cen stoc \u2713 Livrare 24h \u2713 Garan\u021bie!\" \/>\n<meta name=\"robots\" content=\"index, follow, max-snippet:-1, max-image-preview:large, max-video-preview:-1\" \/>\n<meta property=\"og:locale\" content=\"ro_RO\" \/>\n<meta property=\"og:type\" content=\"article\" \/>\n<meta property=\"og:title\" content=\"Electromotor MERCEDES-BENZ A-CLASS (W176) A 45 AMG 4-matic (176.052) benzina 360 cai AS-PL S0779S Mercedes | AS-PL - Autorival\" \/>\n<meta property=\"og:description\" content=\"\u26a1 Electromotor MERCEDES-BENZ A-CLASS (W176) A 45 AMG 4-matic (176.052) benzina 360 cai AS-PL S0779S pentru Mercedes la doar 786.86 RON. \u2713 Cod: S0779S \u2713 Brand: AS-PL \u2713 \u00cen stoc \u2713 Livrare 24h \u2713 Garan\u021bie!\" \/>\n<meta property=\"og:url\" content=\"https:\/\/autorival.ro\/mercedesbenz\/produs\/electromotor-mercedes-benz-a-class-w176-a-45-amg-4-matic-176-052-benzina-360-cai-as-pl-s0779s\/\" \/>\n<meta property=\"og:site_name\" content=\"Mercedes\" \/>\n<meta property=\"og:image\" content=\"https:\/\/autorival.ro\/mercedesbenz\/wp-content\/uploads\/sites\/28\/2025\/07\/173061-19.jpg\" \/>\n\t<meta property=\"og:image:width\" content=\"1080\" \/>\n\t<meta property=\"og:image:height\" content=\"810\" \/>\n\t<meta property=\"og:image:type\" content=\"image\/jpeg\" \/>\n<meta name=\"twitter:card\" content=\"summary_large_image\" \/>\n<meta name=\"twitter:title\" content=\"Electromotor MERCEDES-BENZ A-CLASS (W176) A 45 AMG 4-matic (176.052) benzina 360 cai AS-PL S0779S Mercedes | AS-PL - Autorival\" \/>\n<meta name=\"twitter:description\" content=\"\u26a1 Electromotor MERCEDES-BENZ A-CLASS (W176) A 45 AMG 4-matic (176.052) benzina 360 cai AS-PL S0779S pentru Mercedes la doar 786.86 RON. \u2713 Cod: S0779S \u2713 Brand: AS-PL \u2713 \u00cen stoc \u2713 Livrare 24h \u2713 Garan\u021bie!\" \/>\n<script type=\"application\/ld+json\" class=\"yoast-schema-graph\">{\"@context\":\"https:\\\/\\\/schema.org\",\"@graph\":[{\"@type\":\"WebPage\",\"@id\":\"https:\\\/\\\/autorival.ro\\\/mercedesbenz\\\/produs\\\/electromotor-mercedes-benz-a-class-w176-a-45-amg-4-matic-176-052-benzina-360-cai-as-pl-s0779s\\\/\",\"url\":\"https:\\\/\\\/autorival.ro\\\/mercedesbenz\\\/produs\\\/electromotor-mercedes-benz-a-class-w176-a-45-amg-4-matic-176-052-benzina-360-cai-as-pl-s0779s\\\/\",\"name\":\"Electromotor MERCEDES-BENZ A-CLASS (W176) A 45 AMG 4-matic (176.052) benzina 360 cai AS-PL S0779S Mercedes | AS-PL - Autorival\",\"isPartOf\":{\"@id\":\"https:\\\/\\\/autorival.ro\\\/mercedesbenz\\\/#website\"},\"primaryImageOfPage\":{\"@id\":\"https:\\\/\\\/autorival.ro\\\/mercedesbenz\\\/produs\\\/electromotor-mercedes-benz-a-class-w176-a-45-amg-4-matic-176-052-benzina-360-cai-as-pl-s0779s\\\/#primaryimage\"},\"image\":{\"@id\":\"https:\\\/\\\/autorival.ro\\\/mercedesbenz\\\/produs\\\/electromotor-mercedes-benz-a-class-w176-a-45-amg-4-matic-176-052-benzina-360-cai-as-pl-s0779s\\\/#primaryimage\"},\"thumbnailUrl\":\"https:\\\/\\\/autorival.ro\\\/mercedesbenz\\\/wp-content\\\/uploads\\\/sites\\\/28\\\/2025\\\/07\\\/173061-19.jpg\",\"datePublished\":\"2025-07-09T18:40:48+00:00\",\"description\":\"\u26a1 Electromotor MERCEDES-BENZ A-CLASS (W176) A 45 AMG 4-matic (176.052) benzina 360 cai AS-PL S0779S pentru Mercedes la doar 786.86 RON. \u2713 Cod: S0779S \u2713 Brand: AS-PL \u2713 \u00cen stoc \u2713 Livrare 24h \u2713 Garan\u021bie!\",\"breadcrumb\":{\"@id\":\"https:\\\/\\\/autorival.ro\\\/mercedesbenz\\\/produs\\\/electromotor-mercedes-benz-a-class-w176-a-45-amg-4-matic-176-052-benzina-360-cai-as-pl-s0779s\\\/#breadcrumb\"},\"inLanguage\":\"ro-RO\",\"potentialAction\":[{\"@type\":\"ReadAction\",\"target\":[\"https:\\\/\\\/autorival.ro\\\/mercedesbenz\\\/produs\\\/electromotor-mercedes-benz-a-class-w176-a-45-amg-4-matic-176-052-benzina-360-cai-as-pl-s0779s\\\/\"]}]},{\"@type\":\"ImageObject\",\"inLanguage\":\"ro-RO\",\"@id\":\"https:\\\/\\\/autorival.ro\\\/mercedesbenz\\\/produs\\\/electromotor-mercedes-benz-a-class-w176-a-45-amg-4-matic-176-052-benzina-360-cai-as-pl-s0779s\\\/#primaryimage\",\"url\":\"https:\\\/\\\/autorival.ro\\\/mercedesbenz\\\/wp-content\\\/uploads\\\/sites\\\/28\\\/2025\\\/07\\\/173061-19.jpg\",\"contentUrl\":\"https:\\\/\\\/autorival.ro\\\/mercedesbenz\\\/wp-content\\\/uploads\\\/sites\\\/28\\\/2025\\\/07\\\/173061-19.jpg\",\"width\":1080,\"height\":810,\"caption\":\"Electromotor MERCEDES-BENZ A-CLASS (W176) A 45 AMG 4-matic (176.052) benzina 360 cai AS-PL S0779S\"},{\"@type\":\"BreadcrumbList\",\"@id\":\"https:\\\/\\\/autorival.ro\\\/mercedesbenz\\\/produs\\\/electromotor-mercedes-benz-a-class-w176-a-45-amg-4-matic-176-052-benzina-360-cai-as-pl-s0779s\\\/#breadcrumb\",\"itemListElement\":[{\"@type\":\"ListItem\",\"position\":1,\"name\":\"Prima pagin\u0103\",\"item\":\"https:\\\/\\\/autorival.ro\\\/mercedesbenz\\\/\"},{\"@type\":\"ListItem\",\"position\":2,\"name\":\"Piese auto MERCEDES\",\"item\":\"https:\\\/\\\/autorival.ro\\\/mercedesbenz\\\/\"},{\"@type\":\"ListItem\",\"position\":3,\"name\":\"Electromotor MERCEDES-BENZ A-CLASS (W176) A 45 AMG 4-matic (176.052) benzina 360 cai AS-PL S0779S\"}]},{\"@type\":\"WebSite\",\"@id\":\"https:\\\/\\\/autorival.ro\\\/mercedesbenz\\\/#website\",\"url\":\"https:\\\/\\\/autorival.ro\\\/mercedesbenz\\\/\",\"name\":\"Mercedes\",\"description\":\"\",\"potentialAction\":[{\"@type\":\"SearchAction\",\"target\":{\"@type\":\"EntryPoint\",\"urlTemplate\":\"https:\\\/\\\/autorival.ro\\\/mercedesbenz\\\/?s={search_term_string}\"},\"query-input\":{\"@type\":\"PropertyValueSpecification\",\"valueRequired\":true,\"valueName\":\"search_term_string\"}}],\"inLanguage\":\"ro-RO\"}]}<\/script>\n<!-- \/ Yoast SEO plugin. -->","yoast_head_json":{"title":"Electromotor MERCEDES-BENZ A-CLASS (W176) A 45 AMG 4-matic (176.052) benzina 360 cai AS-PL S0779S Mercedes | AS-PL - Autorival","description":"\u26a1 Electromotor MERCEDES-BENZ A-CLASS (W176) A 45 AMG 4-matic (176.052) benzina 360 cai AS-PL S0779S pentru Mercedes la doar 786.86 RON. \u2713 Cod: S0779S \u2713 Brand: AS-PL \u2713 \u00cen stoc \u2713 Livrare 24h \u2713 Garan\u021bie!","robots":{"index":"index","follow":"follow","max-snippet":"max-snippet:-1","max-image-preview":"max-image-preview:large","max-video-preview":"max-video-preview:-1"},"og_locale":"ro_RO","og_type":"article","og_title":"Electromotor MERCEDES-BENZ A-CLASS (W176) A 45 AMG 4-matic (176.052) benzina 360 cai AS-PL S0779S Mercedes | AS-PL - Autorival","og_description":"\u26a1 Electromotor MERCEDES-BENZ A-CLASS (W176) A 45 AMG 4-matic (176.052) benzina 360 cai AS-PL S0779S pentru Mercedes la doar 786.86 RON. \u2713 Cod: S0779S \u2713 Brand: AS-PL \u2713 \u00cen stoc \u2713 Livrare 24h \u2713 Garan\u021bie!","og_url":"https:\/\/autorival.ro\/mercedesbenz\/produs\/electromotor-mercedes-benz-a-class-w176-a-45-amg-4-matic-176-052-benzina-360-cai-as-pl-s0779s\/","og_site_name":"Mercedes","og_image":[{"width":1080,"height":810,"url":"https:\/\/autorival.ro\/mercedesbenz\/wp-content\/uploads\/sites\/28\/2025\/07\/173061-19.jpg","type":"image\/jpeg"}],"twitter_card":"summary_large_image","twitter_title":"Electromotor MERCEDES-BENZ A-CLASS (W176) A 45 AMG 4-matic (176.052) benzina 360 cai AS-PL S0779S Mercedes | AS-PL - Autorival","twitter_description":"\u26a1 Electromotor MERCEDES-BENZ A-CLASS (W176) A 45 AMG 4-matic (176.052) benzina 360 cai AS-PL S0779S pentru Mercedes la doar 786.86 RON. \u2713 Cod: S0779S \u2713 Brand: AS-PL \u2713 \u00cen stoc \u2713 Livrare 24h \u2713 Garan\u021bie!","schema":{"@context":"https:\/\/schema.org","@graph":[{"@type":"WebPage","@id":"https:\/\/autorival.ro\/mercedesbenz\/produs\/electromotor-mercedes-benz-a-class-w176-a-45-amg-4-matic-176-052-benzina-360-cai-as-pl-s0779s\/","url":"https:\/\/autorival.ro\/mercedesbenz\/produs\/electromotor-mercedes-benz-a-class-w176-a-45-amg-4-matic-176-052-benzina-360-cai-as-pl-s0779s\/","name":"Electromotor MERCEDES-BENZ A-CLASS (W176) A 45 AMG 4-matic (176.052) benzina 360 cai AS-PL S0779S Mercedes | AS-PL - Autorival","isPartOf":{"@id":"https:\/\/autorival.ro\/mercedesbenz\/#website"},"primaryImageOfPage":{"@id":"https:\/\/autorival.ro\/mercedesbenz\/produs\/electromotor-mercedes-benz-a-class-w176-a-45-amg-4-matic-176-052-benzina-360-cai-as-pl-s0779s\/#primaryimage"},"image":{"@id":"https:\/\/autorival.ro\/mercedesbenz\/produs\/electromotor-mercedes-benz-a-class-w176-a-45-amg-4-matic-176-052-benzina-360-cai-as-pl-s0779s\/#primaryimage"},"thumbnailUrl":"https:\/\/autorival.ro\/mercedesbenz\/wp-content\/uploads\/sites\/28\/2025\/07\/173061-19.jpg","datePublished":"2025-07-09T18:40:48+00:00","description":"\u26a1 Electromotor MERCEDES-BENZ A-CLASS (W176) A 45 AMG 4-matic (176.052) benzina 360 cai AS-PL S0779S pentru Mercedes la doar 786.86 RON. \u2713 Cod: S0779S \u2713 Brand: AS-PL \u2713 \u00cen stoc \u2713 Livrare 24h \u2713 Garan\u021bie!","breadcrumb":{"@id":"https:\/\/autorival.ro\/mercedesbenz\/produs\/electromotor-mercedes-benz-a-class-w176-a-45-amg-4-matic-176-052-benzina-360-cai-as-pl-s0779s\/#breadcrumb"},"inLanguage":"ro-RO","potentialAction":[{"@type":"ReadAction","target":["https:\/\/autorival.ro\/mercedesbenz\/produs\/electromotor-mercedes-benz-a-class-w176-a-45-amg-4-matic-176-052-benzina-360-cai-as-pl-s0779s\/"]}]},{"@type":"ImageObject","inLanguage":"ro-RO","@id":"https:\/\/autorival.ro\/mercedesbenz\/produs\/electromotor-mercedes-benz-a-class-w176-a-45-amg-4-matic-176-052-benzina-360-cai-as-pl-s0779s\/#primaryimage","url":"https:\/\/autorival.ro\/mercedesbenz\/wp-content\/uploads\/sites\/28\/2025\/07\/173061-19.jpg","contentUrl":"https:\/\/autorival.ro\/mercedesbenz\/wp-content\/uploads\/sites\/28\/2025\/07\/173061-19.jpg","width":1080,"height":810,"caption":"Electromotor MERCEDES-BENZ A-CLASS (W176) A 45 AMG 4-matic (176.052) benzina 360 cai AS-PL S0779S"},{"@type":"BreadcrumbList","@id":"https:\/\/autorival.ro\/mercedesbenz\/produs\/electromotor-mercedes-benz-a-class-w176-a-45-amg-4-matic-176-052-benzina-360-cai-as-pl-s0779s\/#breadcrumb","itemListElement":[{"@type":"ListItem","position":1,"name":"Prima pagin\u0103","item":"https:\/\/autorival.ro\/mercedesbenz\/"},{"@type":"ListItem","position":2,"name":"Piese auto MERCEDES","item":"https:\/\/autorival.ro\/mercedesbenz\/"},{"@type":"ListItem","position":3,"name":"Electromotor MERCEDES-BENZ A-CLASS (W176) A 45 AMG 4-matic (176.052) benzina 360 cai AS-PL S0779S"}]},{"@type":"WebSite","@id":"https:\/\/autorival.ro\/mercedesbenz\/#website","url":"https:\/\/autorival.ro\/mercedesbenz\/","name":"Mercedes","description":"","potentialAction":[{"@type":"SearchAction","target":{"@type":"EntryPoint","urlTemplate":"https:\/\/autorival.ro\/mercedesbenz\/?s={search_term_string}"},"query-input":{"@type":"PropertyValueSpecification","valueRequired":true,"valueName":"search_term_string"}}],"inLanguage":"ro-RO"}]}},"_links":{"self":[{"href":"https:\/\/autorival.ro\/mercedesbenz\/wp-json\/wp\/v2\/product\/272871","targetHints":{"allow":["GET"]}}],"collection":[{"href":"https:\/\/autorival.ro\/mercedesbenz\/wp-json\/wp\/v2\/product"}],"about":[{"href":"https:\/\/autorival.ro\/mercedesbenz\/wp-json\/wp\/v2\/types\/product"}],"replies":[{"embeddable":true,"href":"https:\/\/autorival.ro\/mercedesbenz\/wp-json\/wp\/v2\/comments?post=272871"}],"wp:featuredmedia":[{"embeddable":true,"href":"https:\/\/autorival.ro\/mercedesbenz\/wp-json\/wp\/v2\/media\/272872"}],"wp:attachment":[{"href":"https:\/\/autorival.ro\/mercedesbenz\/wp-json\/wp\/v2\/media?parent=272871"}],"wp:term":[{"taxonomy":"product_brand","embeddable":true,"href":"https:\/\/autorival.ro\/mercedesbenz\/wp-json\/wp\/v2\/product_brand?post=272871"},{"taxonomy":"product_cat","embeddable":true,"href":"https:\/\/autorival.ro\/mercedesbenz\/wp-json\/wp\/v2\/product_cat?post=272871"},{"taxonomy":"product_tag","embeddable":true,"href":"https:\/\/autorival.ro\/mercedesbenz\/wp-json\/wp\/v2\/product_tag?post=272871"}],"curies":[{"name":"wp","href":"https:\/\/api.w.org\/{rel}","templated":true}]}}