{"id":270027,"date":"2025-07-09T17:55:47","date_gmt":"2025-07-09T17:55:47","guid":{"rendered":"https:\/\/autorival.ro\/mercedesbenz\/produs\/distantier-marire-ecartament-mercedes-benz-a-class-w176-amg-a-45-4-matic-176-052-benzina-381-cai-eibach-s90-2-10-002\/"},"modified":"2025-07-09T17:55:47","modified_gmt":"2025-07-09T17:55:47","slug":"distantier-marire-ecartament-mercedes-benz-a-class-w176-amg-a-45-4-matic-176-052-benzina-381-cai-eibach-s90-2-10-002","status":"publish","type":"product","link":"https:\/\/autorival.ro\/mercedesbenz\/produs\/distantier-marire-ecartament-mercedes-benz-a-class-w176-amg-a-45-4-matic-176-052-benzina-381-cai-eibach-s90-2-10-002\/","title":{"rendered":"Distantier marire ecartament MERCEDES-BENZ A-CLASS (W176) AMG A 45 4-matic (176.052) benzina 381 cai EIBACH S90-2-10-002"},"content":{"rendered":"<p>Tip inmatriculare: cu Certificat de Inmatriculare ->Dimensiune filet: M14x1,5Ad\u00e2ncime de presare (ET) [mm]: 17Atentie la informatii de service ->Grosime [mm]: 10Largire ecartament pe axa [mm]: 20 ->Diametru de centrare [mm]: 66,5Asezare gauri \u00d8 [mm]: 112Numar gauri: 5Suprafata: eloxatCuloare: argintiuurmariti indicatiile de montaj\u00cen\u0103l\u021bimea minim\u0103 te\u00c3\u02c6\u00e2\u201e\u00a2itur\u0103 jant\u0103 [mm]: 1,5pentru unghi te\u00c3\u02c6\u00e2\u201e\u00a2itur\u0103 jant\u0103 [\u00c3\u201a\u00c2\u00b0]: 45<\/p>\n","protected":false},"excerpt":{"rendered":"<p>Producator: EIBACH Cod producator: S90-2-10-002<\/p>\n","protected":false},"featured_media":270028,"comment_status":"open","ping_status":"closed","template":"","meta":[],"product_brand":[2662],"product_cat":[18343],"product_tag":[45802,45820,52505,63820,47555,63819,45795,45801],"class_list":{"0":"post-270027","1":"product","2":"type-product","3":"status-publish","4":"has-post-thumbnail","6":"product_brand-eibach","7":"product_cat-distantier-marire-ecartament-w176-amg-a-45-4-matic-176-052-benzina-381","8":"product_tag-a-class","9":"product_tag-amg","10":"product_tag-distantier","11":"product_tag-ecartament","12":"product_tag-eibach","13":"product_tag-marire","14":"product_tag-mercedes","15":"product_tag-mercedes-benz","17":"first","18":"instock","19":"shipping-taxable","20":"purchasable","21":"product-type-simple"},"yoast_head":"<!-- This site is optimized with the Yoast SEO plugin v27.3 - https:\/\/yoast.com\/product\/yoast-seo-wordpress\/ -->\n<title>Distantier marire ecartament MERCEDES-BENZ A-CLASS (W176) AMG A 45 4-matic (176.052) benzina 381 cai EIBACH S90-2-10-002 Mercedes | EIBACH - Autorival<\/title>\n<meta name=\"description\" content=\"\u26a1 Distantier marire ecartament MERCEDES-BENZ A-CLASS (W176) AMG A 45 4-matic (176.052) benzina 381 cai EIBACH S90-2-10-002 pentru Mercedes la doar 611 RON. \u2713 Cod: S90-2-10-002 \u2713 Brand: EIBACH \u2713 \u00cen stoc \u2713 Livrare 24h \u2713 Garan\u021bie!\" \/>\n<meta name=\"robots\" content=\"index, follow, max-snippet:-1, max-image-preview:large, max-video-preview:-1\" \/>\n<meta property=\"og:locale\" content=\"ro_RO\" \/>\n<meta property=\"og:type\" content=\"article\" \/>\n<meta property=\"og:title\" content=\"Distantier marire ecartament MERCEDES-BENZ A-CLASS (W176) AMG A 45 4-matic (176.052) benzina 381 cai EIBACH S90-2-10-002 Mercedes | EIBACH - Autorival\" \/>\n<meta property=\"og:description\" content=\"\u26a1 Distantier marire ecartament MERCEDES-BENZ A-CLASS (W176) AMG A 45 4-matic (176.052) benzina 381 cai EIBACH S90-2-10-002 pentru Mercedes la doar 611 RON. \u2713 Cod: S90-2-10-002 \u2713 Brand: EIBACH \u2713 \u00cen stoc \u2713 Livrare 24h \u2713 Garan\u021bie!\" \/>\n<meta property=\"og:url\" content=\"https:\/\/autorival.ro\/mercedesbenz\/produs\/distantier-marire-ecartament-mercedes-benz-a-class-w176-amg-a-45-4-matic-176-052-benzina-381-cai-eibach-s90-2-10-002\/\" \/>\n<meta property=\"og:site_name\" content=\"Mercedes\" \/>\n<meta property=\"og:image\" content=\"https:\/\/autorival.ro\/mercedesbenz\/wp-content\/uploads\/sites\/28\/2025\/07\/ps_2-144.jpg\" \/>\n\t<meta property=\"og:image:width\" content=\"1800\" \/>\n\t<meta property=\"og:image:height\" content=\"1800\" \/>\n\t<meta property=\"og:image:type\" content=\"image\/jpeg\" \/>\n<meta name=\"twitter:card\" content=\"summary_large_image\" \/>\n<meta name=\"twitter:title\" content=\"Distantier marire ecartament MERCEDES-BENZ A-CLASS (W176) AMG A 45 4-matic (176.052) benzina 381 cai EIBACH S90-2-10-002 Mercedes | EIBACH - Autorival\" \/>\n<meta name=\"twitter:description\" content=\"\u26a1 Distantier marire ecartament MERCEDES-BENZ A-CLASS (W176) AMG A 45 4-matic (176.052) benzina 381 cai EIBACH S90-2-10-002 pentru Mercedes la doar 611 RON. \u2713 Cod: S90-2-10-002 \u2713 Brand: EIBACH \u2713 \u00cen stoc \u2713 Livrare 24h \u2713 Garan\u021bie!\" \/>\n<script type=\"application\/ld+json\" class=\"yoast-schema-graph\">{\"@context\":\"https:\\\/\\\/schema.org\",\"@graph\":[{\"@type\":\"WebPage\",\"@id\":\"https:\\\/\\\/autorival.ro\\\/mercedesbenz\\\/produs\\\/distantier-marire-ecartament-mercedes-benz-a-class-w176-amg-a-45-4-matic-176-052-benzina-381-cai-eibach-s90-2-10-002\\\/\",\"url\":\"https:\\\/\\\/autorival.ro\\\/mercedesbenz\\\/produs\\\/distantier-marire-ecartament-mercedes-benz-a-class-w176-amg-a-45-4-matic-176-052-benzina-381-cai-eibach-s90-2-10-002\\\/\",\"name\":\"Distantier marire ecartament MERCEDES-BENZ A-CLASS (W176) AMG A 45 4-matic (176.052) benzina 381 cai EIBACH S90-2-10-002 Mercedes | EIBACH - Autorival\",\"isPartOf\":{\"@id\":\"https:\\\/\\\/autorival.ro\\\/mercedesbenz\\\/#website\"},\"primaryImageOfPage\":{\"@id\":\"https:\\\/\\\/autorival.ro\\\/mercedesbenz\\\/produs\\\/distantier-marire-ecartament-mercedes-benz-a-class-w176-amg-a-45-4-matic-176-052-benzina-381-cai-eibach-s90-2-10-002\\\/#primaryimage\"},\"image\":{\"@id\":\"https:\\\/\\\/autorival.ro\\\/mercedesbenz\\\/produs\\\/distantier-marire-ecartament-mercedes-benz-a-class-w176-amg-a-45-4-matic-176-052-benzina-381-cai-eibach-s90-2-10-002\\\/#primaryimage\"},\"thumbnailUrl\":\"https:\\\/\\\/autorival.ro\\\/mercedesbenz\\\/wp-content\\\/uploads\\\/sites\\\/28\\\/2025\\\/07\\\/ps_2-144.jpg\",\"datePublished\":\"2025-07-09T17:55:47+00:00\",\"description\":\"\u26a1 Distantier marire ecartament MERCEDES-BENZ A-CLASS (W176) AMG A 45 4-matic (176.052) benzina 381 cai EIBACH S90-2-10-002 pentru Mercedes la doar 611 RON. \u2713 Cod: S90-2-10-002 \u2713 Brand: EIBACH \u2713 \u00cen stoc \u2713 Livrare 24h \u2713 Garan\u021bie!\",\"breadcrumb\":{\"@id\":\"https:\\\/\\\/autorival.ro\\\/mercedesbenz\\\/produs\\\/distantier-marire-ecartament-mercedes-benz-a-class-w176-amg-a-45-4-matic-176-052-benzina-381-cai-eibach-s90-2-10-002\\\/#breadcrumb\"},\"inLanguage\":\"ro-RO\",\"potentialAction\":[{\"@type\":\"ReadAction\",\"target\":[\"https:\\\/\\\/autorival.ro\\\/mercedesbenz\\\/produs\\\/distantier-marire-ecartament-mercedes-benz-a-class-w176-amg-a-45-4-matic-176-052-benzina-381-cai-eibach-s90-2-10-002\\\/\"]}]},{\"@type\":\"ImageObject\",\"inLanguage\":\"ro-RO\",\"@id\":\"https:\\\/\\\/autorival.ro\\\/mercedesbenz\\\/produs\\\/distantier-marire-ecartament-mercedes-benz-a-class-w176-amg-a-45-4-matic-176-052-benzina-381-cai-eibach-s90-2-10-002\\\/#primaryimage\",\"url\":\"https:\\\/\\\/autorival.ro\\\/mercedesbenz\\\/wp-content\\\/uploads\\\/sites\\\/28\\\/2025\\\/07\\\/ps_2-144.jpg\",\"contentUrl\":\"https:\\\/\\\/autorival.ro\\\/mercedesbenz\\\/wp-content\\\/uploads\\\/sites\\\/28\\\/2025\\\/07\\\/ps_2-144.jpg\",\"width\":1800,\"height\":1800,\"caption\":\"Distantier marire ecartament MERCEDES-BENZ A-CLASS (W176) AMG A 45 4-matic (176.052) benzina 381 cai EIBACH S90-2-10-002\"},{\"@type\":\"BreadcrumbList\",\"@id\":\"https:\\\/\\\/autorival.ro\\\/mercedesbenz\\\/produs\\\/distantier-marire-ecartament-mercedes-benz-a-class-w176-amg-a-45-4-matic-176-052-benzina-381-cai-eibach-s90-2-10-002\\\/#breadcrumb\",\"itemListElement\":[{\"@type\":\"ListItem\",\"position\":1,\"name\":\"Prima pagin\u0103\",\"item\":\"https:\\\/\\\/autorival.ro\\\/mercedesbenz\\\/\"},{\"@type\":\"ListItem\",\"position\":2,\"name\":\"Piese auto MERCEDES\",\"item\":\"https:\\\/\\\/autorival.ro\\\/mercedesbenz\\\/\"},{\"@type\":\"ListItem\",\"position\":3,\"name\":\"Distantier marire ecartament MERCEDES-BENZ A-CLASS (W176) AMG A 45 4-matic (176.052) benzina 381 cai EIBACH S90-2-10-002\"}]},{\"@type\":\"WebSite\",\"@id\":\"https:\\\/\\\/autorival.ro\\\/mercedesbenz\\\/#website\",\"url\":\"https:\\\/\\\/autorival.ro\\\/mercedesbenz\\\/\",\"name\":\"Mercedes\",\"description\":\"\",\"potentialAction\":[{\"@type\":\"SearchAction\",\"target\":{\"@type\":\"EntryPoint\",\"urlTemplate\":\"https:\\\/\\\/autorival.ro\\\/mercedesbenz\\\/?s={search_term_string}\"},\"query-input\":{\"@type\":\"PropertyValueSpecification\",\"valueRequired\":true,\"valueName\":\"search_term_string\"}}],\"inLanguage\":\"ro-RO\"}]}<\/script>\n<!-- \/ Yoast SEO plugin. -->","yoast_head_json":{"title":"Distantier marire ecartament MERCEDES-BENZ A-CLASS (W176) AMG A 45 4-matic (176.052) benzina 381 cai EIBACH S90-2-10-002 Mercedes | EIBACH - Autorival","description":"\u26a1 Distantier marire ecartament MERCEDES-BENZ A-CLASS (W176) AMG A 45 4-matic (176.052) benzina 381 cai EIBACH S90-2-10-002 pentru Mercedes la doar 611 RON. \u2713 Cod: S90-2-10-002 \u2713 Brand: EIBACH \u2713 \u00cen stoc \u2713 Livrare 24h \u2713 Garan\u021bie!","robots":{"index":"index","follow":"follow","max-snippet":"max-snippet:-1","max-image-preview":"max-image-preview:large","max-video-preview":"max-video-preview:-1"},"og_locale":"ro_RO","og_type":"article","og_title":"Distantier marire ecartament MERCEDES-BENZ A-CLASS (W176) AMG A 45 4-matic (176.052) benzina 381 cai EIBACH S90-2-10-002 Mercedes | EIBACH - Autorival","og_description":"\u26a1 Distantier marire ecartament MERCEDES-BENZ A-CLASS (W176) AMG A 45 4-matic (176.052) benzina 381 cai EIBACH S90-2-10-002 pentru Mercedes la doar 611 RON. \u2713 Cod: S90-2-10-002 \u2713 Brand: EIBACH \u2713 \u00cen stoc \u2713 Livrare 24h \u2713 Garan\u021bie!","og_url":"https:\/\/autorival.ro\/mercedesbenz\/produs\/distantier-marire-ecartament-mercedes-benz-a-class-w176-amg-a-45-4-matic-176-052-benzina-381-cai-eibach-s90-2-10-002\/","og_site_name":"Mercedes","og_image":[{"width":1800,"height":1800,"url":"https:\/\/autorival.ro\/mercedesbenz\/wp-content\/uploads\/sites\/28\/2025\/07\/ps_2-144.jpg","type":"image\/jpeg"}],"twitter_card":"summary_large_image","twitter_title":"Distantier marire ecartament MERCEDES-BENZ A-CLASS (W176) AMG A 45 4-matic (176.052) benzina 381 cai EIBACH S90-2-10-002 Mercedes | EIBACH - Autorival","twitter_description":"\u26a1 Distantier marire ecartament MERCEDES-BENZ A-CLASS (W176) AMG A 45 4-matic (176.052) benzina 381 cai EIBACH S90-2-10-002 pentru Mercedes la doar 611 RON. \u2713 Cod: S90-2-10-002 \u2713 Brand: EIBACH \u2713 \u00cen stoc \u2713 Livrare 24h \u2713 Garan\u021bie!","schema":{"@context":"https:\/\/schema.org","@graph":[{"@type":"WebPage","@id":"https:\/\/autorival.ro\/mercedesbenz\/produs\/distantier-marire-ecartament-mercedes-benz-a-class-w176-amg-a-45-4-matic-176-052-benzina-381-cai-eibach-s90-2-10-002\/","url":"https:\/\/autorival.ro\/mercedesbenz\/produs\/distantier-marire-ecartament-mercedes-benz-a-class-w176-amg-a-45-4-matic-176-052-benzina-381-cai-eibach-s90-2-10-002\/","name":"Distantier marire ecartament MERCEDES-BENZ A-CLASS (W176) AMG A 45 4-matic (176.052) benzina 381 cai EIBACH S90-2-10-002 Mercedes | EIBACH - Autorival","isPartOf":{"@id":"https:\/\/autorival.ro\/mercedesbenz\/#website"},"primaryImageOfPage":{"@id":"https:\/\/autorival.ro\/mercedesbenz\/produs\/distantier-marire-ecartament-mercedes-benz-a-class-w176-amg-a-45-4-matic-176-052-benzina-381-cai-eibach-s90-2-10-002\/#primaryimage"},"image":{"@id":"https:\/\/autorival.ro\/mercedesbenz\/produs\/distantier-marire-ecartament-mercedes-benz-a-class-w176-amg-a-45-4-matic-176-052-benzina-381-cai-eibach-s90-2-10-002\/#primaryimage"},"thumbnailUrl":"https:\/\/autorival.ro\/mercedesbenz\/wp-content\/uploads\/sites\/28\/2025\/07\/ps_2-144.jpg","datePublished":"2025-07-09T17:55:47+00:00","description":"\u26a1 Distantier marire ecartament MERCEDES-BENZ A-CLASS (W176) AMG A 45 4-matic (176.052) benzina 381 cai EIBACH S90-2-10-002 pentru Mercedes la doar 611 RON. \u2713 Cod: S90-2-10-002 \u2713 Brand: EIBACH \u2713 \u00cen stoc \u2713 Livrare 24h \u2713 Garan\u021bie!","breadcrumb":{"@id":"https:\/\/autorival.ro\/mercedesbenz\/produs\/distantier-marire-ecartament-mercedes-benz-a-class-w176-amg-a-45-4-matic-176-052-benzina-381-cai-eibach-s90-2-10-002\/#breadcrumb"},"inLanguage":"ro-RO","potentialAction":[{"@type":"ReadAction","target":["https:\/\/autorival.ro\/mercedesbenz\/produs\/distantier-marire-ecartament-mercedes-benz-a-class-w176-amg-a-45-4-matic-176-052-benzina-381-cai-eibach-s90-2-10-002\/"]}]},{"@type":"ImageObject","inLanguage":"ro-RO","@id":"https:\/\/autorival.ro\/mercedesbenz\/produs\/distantier-marire-ecartament-mercedes-benz-a-class-w176-amg-a-45-4-matic-176-052-benzina-381-cai-eibach-s90-2-10-002\/#primaryimage","url":"https:\/\/autorival.ro\/mercedesbenz\/wp-content\/uploads\/sites\/28\/2025\/07\/ps_2-144.jpg","contentUrl":"https:\/\/autorival.ro\/mercedesbenz\/wp-content\/uploads\/sites\/28\/2025\/07\/ps_2-144.jpg","width":1800,"height":1800,"caption":"Distantier marire ecartament MERCEDES-BENZ A-CLASS (W176) AMG A 45 4-matic (176.052) benzina 381 cai EIBACH S90-2-10-002"},{"@type":"BreadcrumbList","@id":"https:\/\/autorival.ro\/mercedesbenz\/produs\/distantier-marire-ecartament-mercedes-benz-a-class-w176-amg-a-45-4-matic-176-052-benzina-381-cai-eibach-s90-2-10-002\/#breadcrumb","itemListElement":[{"@type":"ListItem","position":1,"name":"Prima pagin\u0103","item":"https:\/\/autorival.ro\/mercedesbenz\/"},{"@type":"ListItem","position":2,"name":"Piese auto MERCEDES","item":"https:\/\/autorival.ro\/mercedesbenz\/"},{"@type":"ListItem","position":3,"name":"Distantier marire ecartament MERCEDES-BENZ A-CLASS (W176) AMG A 45 4-matic (176.052) benzina 381 cai EIBACH S90-2-10-002"}]},{"@type":"WebSite","@id":"https:\/\/autorival.ro\/mercedesbenz\/#website","url":"https:\/\/autorival.ro\/mercedesbenz\/","name":"Mercedes","description":"","potentialAction":[{"@type":"SearchAction","target":{"@type":"EntryPoint","urlTemplate":"https:\/\/autorival.ro\/mercedesbenz\/?s={search_term_string}"},"query-input":{"@type":"PropertyValueSpecification","valueRequired":true,"valueName":"search_term_string"}}],"inLanguage":"ro-RO"}]}},"_links":{"self":[{"href":"https:\/\/autorival.ro\/mercedesbenz\/wp-json\/wp\/v2\/product\/270027","targetHints":{"allow":["GET"]}}],"collection":[{"href":"https:\/\/autorival.ro\/mercedesbenz\/wp-json\/wp\/v2\/product"}],"about":[{"href":"https:\/\/autorival.ro\/mercedesbenz\/wp-json\/wp\/v2\/types\/product"}],"replies":[{"embeddable":true,"href":"https:\/\/autorival.ro\/mercedesbenz\/wp-json\/wp\/v2\/comments?post=270027"}],"wp:featuredmedia":[{"embeddable":true,"href":"https:\/\/autorival.ro\/mercedesbenz\/wp-json\/wp\/v2\/media\/270028"}],"wp:attachment":[{"href":"https:\/\/autorival.ro\/mercedesbenz\/wp-json\/wp\/v2\/media?parent=270027"}],"wp:term":[{"taxonomy":"product_brand","embeddable":true,"href":"https:\/\/autorival.ro\/mercedesbenz\/wp-json\/wp\/v2\/product_brand?post=270027"},{"taxonomy":"product_cat","embeddable":true,"href":"https:\/\/autorival.ro\/mercedesbenz\/wp-json\/wp\/v2\/product_cat?post=270027"},{"taxonomy":"product_tag","embeddable":true,"href":"https:\/\/autorival.ro\/mercedesbenz\/wp-json\/wp\/v2\/product_tag?post=270027"}],"curies":[{"name":"wp","href":"https:\/\/api.w.org\/{rel}","templated":true}]}}