{"id":268353,"date":"2025-07-09T17:30:06","date_gmt":"2025-07-09T17:30:06","guid":{"rendered":"https:\/\/autorival.ro\/mercedesbenz\/produs\/disc-frana-mercedes-benz-actros-3357-diesel-571-cai-sampa-100-462\/"},"modified":"2025-07-09T17:30:06","modified_gmt":"2025-07-09T17:30:06","slug":"disc-frana-mercedes-benz-actros-3357-diesel-571-cai-sampa-100-462","status":"publish","type":"product","link":"https:\/\/autorival.ro\/mercedesbenz\/produs\/disc-frana-mercedes-benz-actros-3357-diesel-571-cai-sampa-100-462\/","title":{"rendered":"Disc frana MERCEDES-BENZ ACTROS 3357 diesel 571 cai SAMPA 100.462"},"content":{"rendered":"<p>Partea de montare: punte fata\u00cenaltime [mm]: 143,5 ->Greutate [kg]: 31,385 ->Diametrul orificiului [mm]: 21Tip disc fr\u00e2na: ventilat interior ->Grosime disc fr\u00e2na [mm]: 45 ->Grosime minima [mm]: 37 ->Diametru exterior [mm]: 430Numar gauri: 10 ->Diametru de centrare [mm]: 131Asezare gauri \u00d8 [mm]: 168Sistem de fr\u00e2nare: Knorr SB\/SN7<\/p>\n","protected":false},"excerpt":{"rendered":"<p>Producator: SAMPA Cod producator: 100.462<\/p>\n","protected":false},"featured_media":268354,"comment_status":"open","ping_status":"closed","template":"","meta":[],"product_brand":[127],"product_cat":[18221],"product_tag":[46184,45803,63029,45829,45795,45801,45825],"class_list":{"0":"post-268353","1":"product","2":"type-product","3":"status-publish","4":"has-post-thumbnail","6":"product_brand-sampa","7":"product_cat-disc-frana-3357-diesel-571","8":"product_tag-46184","9":"product_tag-actros","10":"product_tag-disc","11":"product_tag-frana","12":"product_tag-mercedes","13":"product_tag-mercedes-benz","14":"product_tag-sampa","16":"first","17":"instock","18":"shipping-taxable","19":"purchasable","20":"product-type-simple"},"yoast_head":"<!-- This site is optimized with the Yoast SEO plugin v27.3 - https:\/\/yoast.com\/product\/yoast-seo-wordpress\/ -->\n<title>Disc frana MERCEDES-BENZ ACTROS 3357 diesel 571 cai SAMPA 100.462 - Mercedes<\/title>\n<meta name=\"description\" content=\"Disc frana MERCEDES-BENZ\" \/>\n<meta name=\"robots\" content=\"index, follow, max-snippet:-1, max-image-preview:large, max-video-preview:-1\" \/>\n<meta property=\"og:locale\" content=\"ro_RO\" \/>\n<meta property=\"og:type\" content=\"article\" \/>\n<meta property=\"og:title\" content=\"Disc frana MERCEDES-BENZ ACTROS 3357 diesel 571 cai SAMPA 100.462 - Mercedes\" \/>\n<meta property=\"og:description\" content=\"Disc frana MERCEDES-BENZ\" \/>\n<meta property=\"og:url\" content=\"https:\/\/autorival.ro\/mercedesbenz\/produs\/disc-frana-mercedes-benz-actros-3357-diesel-571-cai-sampa-100-462\/\" \/>\n<meta property=\"og:site_name\" content=\"Mercedes\" \/>\n<meta property=\"og:image\" content=\"https:\/\/autorival.ro\/mercedesbenz\/wp-content\/uploads\/sites\/28\/2025\/07\/100462-35.jpg\" \/>\n\t<meta property=\"og:image:width\" content=\"600\" \/>\n\t<meta property=\"og:image:height\" content=\"400\" \/>\n\t<meta property=\"og:image:type\" content=\"image\/jpeg\" \/>\n<meta name=\"twitter:card\" content=\"summary_large_image\" \/>\n<script type=\"application\/ld+json\" class=\"yoast-schema-graph\">{\"@context\":\"https:\\\/\\\/schema.org\",\"@graph\":[{\"@type\":\"WebPage\",\"@id\":\"https:\\\/\\\/autorival.ro\\\/mercedesbenz\\\/produs\\\/disc-frana-mercedes-benz-actros-3357-diesel-571-cai-sampa-100-462\\\/\",\"url\":\"https:\\\/\\\/autorival.ro\\\/mercedesbenz\\\/produs\\\/disc-frana-mercedes-benz-actros-3357-diesel-571-cai-sampa-100-462\\\/\",\"name\":\"Disc frana MERCEDES-BENZ ACTROS 3357 diesel 571 cai SAMPA 100.462 - Mercedes\",\"isPartOf\":{\"@id\":\"https:\\\/\\\/autorival.ro\\\/mercedesbenz\\\/#website\"},\"primaryImageOfPage\":{\"@id\":\"https:\\\/\\\/autorival.ro\\\/mercedesbenz\\\/produs\\\/disc-frana-mercedes-benz-actros-3357-diesel-571-cai-sampa-100-462\\\/#primaryimage\"},\"image\":{\"@id\":\"https:\\\/\\\/autorival.ro\\\/mercedesbenz\\\/produs\\\/disc-frana-mercedes-benz-actros-3357-diesel-571-cai-sampa-100-462\\\/#primaryimage\"},\"thumbnailUrl\":\"https:\\\/\\\/autorival.ro\\\/mercedesbenz\\\/wp-content\\\/uploads\\\/sites\\\/28\\\/2025\\\/07\\\/100462-35.jpg\",\"datePublished\":\"2025-07-09T17:30:06+00:00\",\"description\":\"Disc frana MERCEDES-BENZ\",\"breadcrumb\":{\"@id\":\"https:\\\/\\\/autorival.ro\\\/mercedesbenz\\\/produs\\\/disc-frana-mercedes-benz-actros-3357-diesel-571-cai-sampa-100-462\\\/#breadcrumb\"},\"inLanguage\":\"ro-RO\",\"potentialAction\":[{\"@type\":\"ReadAction\",\"target\":[\"https:\\\/\\\/autorival.ro\\\/mercedesbenz\\\/produs\\\/disc-frana-mercedes-benz-actros-3357-diesel-571-cai-sampa-100-462\\\/\"]}]},{\"@type\":\"ImageObject\",\"inLanguage\":\"ro-RO\",\"@id\":\"https:\\\/\\\/autorival.ro\\\/mercedesbenz\\\/produs\\\/disc-frana-mercedes-benz-actros-3357-diesel-571-cai-sampa-100-462\\\/#primaryimage\",\"url\":\"https:\\\/\\\/autorival.ro\\\/mercedesbenz\\\/wp-content\\\/uploads\\\/sites\\\/28\\\/2025\\\/07\\\/100462-35.jpg\",\"contentUrl\":\"https:\\\/\\\/autorival.ro\\\/mercedesbenz\\\/wp-content\\\/uploads\\\/sites\\\/28\\\/2025\\\/07\\\/100462-35.jpg\",\"width\":600,\"height\":400,\"caption\":\"Disc frana MERCEDES-BENZ ACTROS 3357 diesel 571 cai SAMPA 100.462\"},{\"@type\":\"BreadcrumbList\",\"@id\":\"https:\\\/\\\/autorival.ro\\\/mercedesbenz\\\/produs\\\/disc-frana-mercedes-benz-actros-3357-diesel-571-cai-sampa-100-462\\\/#breadcrumb\",\"itemListElement\":[{\"@type\":\"ListItem\",\"position\":1,\"name\":\"Prima pagin\u0103\",\"item\":\"https:\\\/\\\/autorival.ro\\\/mercedesbenz\\\/\"},{\"@type\":\"ListItem\",\"position\":2,\"name\":\"Piese auto MERCEDES\",\"item\":\"https:\\\/\\\/autorival.ro\\\/mercedesbenz\\\/\"},{\"@type\":\"ListItem\",\"position\":3,\"name\":\"Disc frana MERCEDES-BENZ ACTROS 3357 diesel 571 cai SAMPA 100.462\"}]},{\"@type\":\"WebSite\",\"@id\":\"https:\\\/\\\/autorival.ro\\\/mercedesbenz\\\/#website\",\"url\":\"https:\\\/\\\/autorival.ro\\\/mercedesbenz\\\/\",\"name\":\"Mercedes\",\"description\":\"\",\"potentialAction\":[{\"@type\":\"SearchAction\",\"target\":{\"@type\":\"EntryPoint\",\"urlTemplate\":\"https:\\\/\\\/autorival.ro\\\/mercedesbenz\\\/?s={search_term_string}\"},\"query-input\":{\"@type\":\"PropertyValueSpecification\",\"valueRequired\":true,\"valueName\":\"search_term_string\"}}],\"inLanguage\":\"ro-RO\"}]}<\/script>\n<!-- \/ Yoast SEO plugin. -->","yoast_head_json":{"title":"Disc frana MERCEDES-BENZ ACTROS 3357 diesel 571 cai SAMPA 100.462 - Mercedes","description":"Disc frana MERCEDES-BENZ","robots":{"index":"index","follow":"follow","max-snippet":"max-snippet:-1","max-image-preview":"max-image-preview:large","max-video-preview":"max-video-preview:-1"},"og_locale":"ro_RO","og_type":"article","og_title":"Disc frana MERCEDES-BENZ ACTROS 3357 diesel 571 cai SAMPA 100.462 - Mercedes","og_description":"Disc frana MERCEDES-BENZ","og_url":"https:\/\/autorival.ro\/mercedesbenz\/produs\/disc-frana-mercedes-benz-actros-3357-diesel-571-cai-sampa-100-462\/","og_site_name":"Mercedes","og_image":[{"width":600,"height":400,"url":"https:\/\/autorival.ro\/mercedesbenz\/wp-content\/uploads\/sites\/28\/2025\/07\/100462-35.jpg","type":"image\/jpeg"}],"twitter_card":"summary_large_image","schema":{"@context":"https:\/\/schema.org","@graph":[{"@type":"WebPage","@id":"https:\/\/autorival.ro\/mercedesbenz\/produs\/disc-frana-mercedes-benz-actros-3357-diesel-571-cai-sampa-100-462\/","url":"https:\/\/autorival.ro\/mercedesbenz\/produs\/disc-frana-mercedes-benz-actros-3357-diesel-571-cai-sampa-100-462\/","name":"Disc frana MERCEDES-BENZ ACTROS 3357 diesel 571 cai SAMPA 100.462 - Mercedes","isPartOf":{"@id":"https:\/\/autorival.ro\/mercedesbenz\/#website"},"primaryImageOfPage":{"@id":"https:\/\/autorival.ro\/mercedesbenz\/produs\/disc-frana-mercedes-benz-actros-3357-diesel-571-cai-sampa-100-462\/#primaryimage"},"image":{"@id":"https:\/\/autorival.ro\/mercedesbenz\/produs\/disc-frana-mercedes-benz-actros-3357-diesel-571-cai-sampa-100-462\/#primaryimage"},"thumbnailUrl":"https:\/\/autorival.ro\/mercedesbenz\/wp-content\/uploads\/sites\/28\/2025\/07\/100462-35.jpg","datePublished":"2025-07-09T17:30:06+00:00","description":"Disc frana MERCEDES-BENZ","breadcrumb":{"@id":"https:\/\/autorival.ro\/mercedesbenz\/produs\/disc-frana-mercedes-benz-actros-3357-diesel-571-cai-sampa-100-462\/#breadcrumb"},"inLanguage":"ro-RO","potentialAction":[{"@type":"ReadAction","target":["https:\/\/autorival.ro\/mercedesbenz\/produs\/disc-frana-mercedes-benz-actros-3357-diesel-571-cai-sampa-100-462\/"]}]},{"@type":"ImageObject","inLanguage":"ro-RO","@id":"https:\/\/autorival.ro\/mercedesbenz\/produs\/disc-frana-mercedes-benz-actros-3357-diesel-571-cai-sampa-100-462\/#primaryimage","url":"https:\/\/autorival.ro\/mercedesbenz\/wp-content\/uploads\/sites\/28\/2025\/07\/100462-35.jpg","contentUrl":"https:\/\/autorival.ro\/mercedesbenz\/wp-content\/uploads\/sites\/28\/2025\/07\/100462-35.jpg","width":600,"height":400,"caption":"Disc frana MERCEDES-BENZ ACTROS 3357 diesel 571 cai SAMPA 100.462"},{"@type":"BreadcrumbList","@id":"https:\/\/autorival.ro\/mercedesbenz\/produs\/disc-frana-mercedes-benz-actros-3357-diesel-571-cai-sampa-100-462\/#breadcrumb","itemListElement":[{"@type":"ListItem","position":1,"name":"Prima pagin\u0103","item":"https:\/\/autorival.ro\/mercedesbenz\/"},{"@type":"ListItem","position":2,"name":"Piese auto MERCEDES","item":"https:\/\/autorival.ro\/mercedesbenz\/"},{"@type":"ListItem","position":3,"name":"Disc frana MERCEDES-BENZ ACTROS 3357 diesel 571 cai SAMPA 100.462"}]},{"@type":"WebSite","@id":"https:\/\/autorival.ro\/mercedesbenz\/#website","url":"https:\/\/autorival.ro\/mercedesbenz\/","name":"Mercedes","description":"","potentialAction":[{"@type":"SearchAction","target":{"@type":"EntryPoint","urlTemplate":"https:\/\/autorival.ro\/mercedesbenz\/?s={search_term_string}"},"query-input":{"@type":"PropertyValueSpecification","valueRequired":true,"valueName":"search_term_string"}}],"inLanguage":"ro-RO"}]}},"_links":{"self":[{"href":"https:\/\/autorival.ro\/mercedesbenz\/wp-json\/wp\/v2\/product\/268353","targetHints":{"allow":["GET"]}}],"collection":[{"href":"https:\/\/autorival.ro\/mercedesbenz\/wp-json\/wp\/v2\/product"}],"about":[{"href":"https:\/\/autorival.ro\/mercedesbenz\/wp-json\/wp\/v2\/types\/product"}],"replies":[{"embeddable":true,"href":"https:\/\/autorival.ro\/mercedesbenz\/wp-json\/wp\/v2\/comments?post=268353"}],"wp:featuredmedia":[{"embeddable":true,"href":"https:\/\/autorival.ro\/mercedesbenz\/wp-json\/wp\/v2\/media\/268354"}],"wp:attachment":[{"href":"https:\/\/autorival.ro\/mercedesbenz\/wp-json\/wp\/v2\/media?parent=268353"}],"wp:term":[{"taxonomy":"product_brand","embeddable":true,"href":"https:\/\/autorival.ro\/mercedesbenz\/wp-json\/wp\/v2\/product_brand?post=268353"},{"taxonomy":"product_cat","embeddable":true,"href":"https:\/\/autorival.ro\/mercedesbenz\/wp-json\/wp\/v2\/product_cat?post=268353"},{"taxonomy":"product_tag","embeddable":true,"href":"https:\/\/autorival.ro\/mercedesbenz\/wp-json\/wp\/v2\/product_tag?post=268353"}],"curies":[{"name":"wp","href":"https:\/\/api.w.org\/{rel}","templated":true}]}}