{"id":268023,"date":"2025-07-09T17:25:19","date_gmt":"2025-07-09T17:25:19","guid":{"rendered":"https:\/\/autorival.ro\/mercedesbenz\/produs\/disc-frana-mercedes-benz-actros-3348-diesel-476-cai-textar-93186700\/"},"modified":"2025-07-09T17:25:19","modified_gmt":"2025-07-09T17:25:19","slug":"disc-frana-mercedes-benz-actros-3348-diesel-476-cai-textar-93186700","status":"publish","type":"product","link":"https:\/\/autorival.ro\/mercedesbenz\/produs\/disc-frana-mercedes-benz-actros-3348-diesel-476-cai-textar-93186700\/","title":{"rendered":"Disc frana MERCEDES-BENZ ACTROS 3348 diesel 476 cai TEXTAR 93186700"},"content":{"rendered":"<p>Partea de montare: punte fataVa rugam, respectati intructiunile de folosireTip disc fr\u00e2na: ventilat interior ->Diametru exterior [mm]: 430 ->Grosime disc fr\u00e2na [mm]: 45\u00cenaltime [mm]: 143,3 ->Grosime minima [mm]: 37Asezare gauri \u00d8 [mm]: 168 ->Diametru de centrare [mm]: 131Asezare gauri\/numar gauri: 10\/12Articol completare\/Info suplimentar 2: fara butuc roata, fara suruburi de fixare roata ->Lungime ambalaj [cm]: 46,5 ->Latime ambalaj [cm]: 45 ->Inaltime ambalaj [cm]: 17,5 ->Greutate [kg]: 33,8<\/p>\n","protected":false},"excerpt":{"rendered":"<p>Producator: TEXTAR Cod producator: 93186700<\/p>\n","protected":false},"featured_media":268024,"comment_status":"open","ping_status":"closed","template":"","meta":[],"product_brand":[6679],"product_cat":[18211],"product_tag":[46173,45803,63029,45829,45795,45801,52540],"class_list":{"0":"post-268023","1":"product","2":"type-product","3":"status-publish","4":"has-post-thumbnail","6":"product_brand-textar","7":"product_cat-disc-frana-3348-diesel-476","8":"product_tag-46173","9":"product_tag-actros","10":"product_tag-disc","11":"product_tag-frana","12":"product_tag-mercedes","13":"product_tag-mercedes-benz","14":"product_tag-textar","16":"first","17":"instock","18":"shipping-taxable","19":"purchasable","20":"product-type-simple"},"yoast_head":"<!-- This site is optimized with the Yoast SEO plugin v27.3 - https:\/\/yoast.com\/product\/yoast-seo-wordpress\/ -->\n<title>Disc frana MERCEDES-BENZ ACTROS 3348 diesel 476 cai TEXTAR 93186700 Mercedes | TEXTAR - Autorival<\/title>\n<meta name=\"description\" content=\"\u26a1 Disc frana MERCEDES-BENZ ACTROS 3348 diesel 476 cai TEXTAR 93186700 pentru Mercedes la doar 655.84 RON. \u2713 Cod: 93186700 \u2713 Brand: TEXTAR \u2713 \u00cen stoc \u2713 Livrare 24h \u2713 Garan\u021bie!\" \/>\n<meta name=\"robots\" content=\"index, follow, max-snippet:-1, max-image-preview:large, max-video-preview:-1\" \/>\n<meta property=\"og:locale\" content=\"ro_RO\" \/>\n<meta property=\"og:type\" content=\"article\" \/>\n<meta property=\"og:title\" content=\"Disc frana MERCEDES-BENZ ACTROS 3348 diesel 476 cai TEXTAR 93186700 Mercedes | TEXTAR - Autorival\" \/>\n<meta property=\"og:description\" content=\"\u26a1 Disc frana MERCEDES-BENZ ACTROS 3348 diesel 476 cai TEXTAR 93186700 pentru Mercedes la doar 655.84 RON. \u2713 Cod: 93186700 \u2713 Brand: TEXTAR \u2713 \u00cen stoc \u2713 Livrare 24h \u2713 Garan\u021bie!\" \/>\n<meta property=\"og:url\" content=\"https:\/\/autorival.ro\/mercedesbenz\/produs\/disc-frana-mercedes-benz-actros-3348-diesel-476-cai-textar-93186700\/\" \/>\n<meta property=\"og:site_name\" content=\"Mercedes\" \/>\n<meta property=\"og:image\" content=\"https:\/\/autorival.ro\/mercedesbenz\/wp-content\/uploads\/sites\/28\/2025\/07\/98200_1867_0_1_tex-120.jpg\" \/>\n\t<meta property=\"og:image:width\" content=\"600\" \/>\n\t<meta property=\"og:image:height\" content=\"400\" \/>\n\t<meta property=\"og:image:type\" content=\"image\/jpeg\" \/>\n<meta name=\"twitter:card\" content=\"summary_large_image\" \/>\n<meta name=\"twitter:title\" content=\"Disc frana MERCEDES-BENZ ACTROS 3348 diesel 476 cai TEXTAR 93186700 Mercedes | TEXTAR - Autorival\" \/>\n<meta name=\"twitter:description\" content=\"\u26a1 Disc frana MERCEDES-BENZ ACTROS 3348 diesel 476 cai TEXTAR 93186700 pentru Mercedes la doar 655.84 RON. \u2713 Cod: 93186700 \u2713 Brand: TEXTAR \u2713 \u00cen stoc \u2713 Livrare 24h \u2713 Garan\u021bie!\" \/>\n<script type=\"application\/ld+json\" class=\"yoast-schema-graph\">{\"@context\":\"https:\\\/\\\/schema.org\",\"@graph\":[{\"@type\":\"WebPage\",\"@id\":\"https:\\\/\\\/autorival.ro\\\/mercedesbenz\\\/produs\\\/disc-frana-mercedes-benz-actros-3348-diesel-476-cai-textar-93186700\\\/\",\"url\":\"https:\\\/\\\/autorival.ro\\\/mercedesbenz\\\/produs\\\/disc-frana-mercedes-benz-actros-3348-diesel-476-cai-textar-93186700\\\/\",\"name\":\"Disc frana MERCEDES-BENZ ACTROS 3348 diesel 476 cai TEXTAR 93186700 Mercedes | TEXTAR - Autorival\",\"isPartOf\":{\"@id\":\"https:\\\/\\\/autorival.ro\\\/mercedesbenz\\\/#website\"},\"primaryImageOfPage\":{\"@id\":\"https:\\\/\\\/autorival.ro\\\/mercedesbenz\\\/produs\\\/disc-frana-mercedes-benz-actros-3348-diesel-476-cai-textar-93186700\\\/#primaryimage\"},\"image\":{\"@id\":\"https:\\\/\\\/autorival.ro\\\/mercedesbenz\\\/produs\\\/disc-frana-mercedes-benz-actros-3348-diesel-476-cai-textar-93186700\\\/#primaryimage\"},\"thumbnailUrl\":\"https:\\\/\\\/autorival.ro\\\/mercedesbenz\\\/wp-content\\\/uploads\\\/sites\\\/28\\\/2025\\\/07\\\/98200_1867_0_1_tex-120.jpg\",\"datePublished\":\"2025-07-09T17:25:19+00:00\",\"description\":\"\u26a1 Disc frana MERCEDES-BENZ ACTROS 3348 diesel 476 cai TEXTAR 93186700 pentru Mercedes la doar 655.84 RON. \u2713 Cod: 93186700 \u2713 Brand: TEXTAR \u2713 \u00cen stoc \u2713 Livrare 24h \u2713 Garan\u021bie!\",\"breadcrumb\":{\"@id\":\"https:\\\/\\\/autorival.ro\\\/mercedesbenz\\\/produs\\\/disc-frana-mercedes-benz-actros-3348-diesel-476-cai-textar-93186700\\\/#breadcrumb\"},\"inLanguage\":\"ro-RO\",\"potentialAction\":[{\"@type\":\"ReadAction\",\"target\":[\"https:\\\/\\\/autorival.ro\\\/mercedesbenz\\\/produs\\\/disc-frana-mercedes-benz-actros-3348-diesel-476-cai-textar-93186700\\\/\"]}]},{\"@type\":\"ImageObject\",\"inLanguage\":\"ro-RO\",\"@id\":\"https:\\\/\\\/autorival.ro\\\/mercedesbenz\\\/produs\\\/disc-frana-mercedes-benz-actros-3348-diesel-476-cai-textar-93186700\\\/#primaryimage\",\"url\":\"https:\\\/\\\/autorival.ro\\\/mercedesbenz\\\/wp-content\\\/uploads\\\/sites\\\/28\\\/2025\\\/07\\\/98200_1867_0_1_tex-120.jpg\",\"contentUrl\":\"https:\\\/\\\/autorival.ro\\\/mercedesbenz\\\/wp-content\\\/uploads\\\/sites\\\/28\\\/2025\\\/07\\\/98200_1867_0_1_tex-120.jpg\",\"width\":600,\"height\":400,\"caption\":\"Disc frana MERCEDES-BENZ ACTROS 3348 diesel 476 cai TEXTAR 93186700\"},{\"@type\":\"BreadcrumbList\",\"@id\":\"https:\\\/\\\/autorival.ro\\\/mercedesbenz\\\/produs\\\/disc-frana-mercedes-benz-actros-3348-diesel-476-cai-textar-93186700\\\/#breadcrumb\",\"itemListElement\":[{\"@type\":\"ListItem\",\"position\":1,\"name\":\"Prima pagin\u0103\",\"item\":\"https:\\\/\\\/autorival.ro\\\/mercedesbenz\\\/\"},{\"@type\":\"ListItem\",\"position\":2,\"name\":\"Piese auto MERCEDES\",\"item\":\"https:\\\/\\\/autorival.ro\\\/mercedesbenz\\\/\"},{\"@type\":\"ListItem\",\"position\":3,\"name\":\"Disc frana MERCEDES-BENZ ACTROS 3348 diesel 476 cai TEXTAR 93186700\"}]},{\"@type\":\"WebSite\",\"@id\":\"https:\\\/\\\/autorival.ro\\\/mercedesbenz\\\/#website\",\"url\":\"https:\\\/\\\/autorival.ro\\\/mercedesbenz\\\/\",\"name\":\"Mercedes\",\"description\":\"\",\"potentialAction\":[{\"@type\":\"SearchAction\",\"target\":{\"@type\":\"EntryPoint\",\"urlTemplate\":\"https:\\\/\\\/autorival.ro\\\/mercedesbenz\\\/?s={search_term_string}\"},\"query-input\":{\"@type\":\"PropertyValueSpecification\",\"valueRequired\":true,\"valueName\":\"search_term_string\"}}],\"inLanguage\":\"ro-RO\"}]}<\/script>\n<!-- \/ Yoast SEO plugin. -->","yoast_head_json":{"title":"Disc frana MERCEDES-BENZ ACTROS 3348 diesel 476 cai TEXTAR 93186700 Mercedes | TEXTAR - Autorival","description":"\u26a1 Disc frana MERCEDES-BENZ ACTROS 3348 diesel 476 cai TEXTAR 93186700 pentru Mercedes la doar 655.84 RON. \u2713 Cod: 93186700 \u2713 Brand: TEXTAR \u2713 \u00cen stoc \u2713 Livrare 24h \u2713 Garan\u021bie!","robots":{"index":"index","follow":"follow","max-snippet":"max-snippet:-1","max-image-preview":"max-image-preview:large","max-video-preview":"max-video-preview:-1"},"og_locale":"ro_RO","og_type":"article","og_title":"Disc frana MERCEDES-BENZ ACTROS 3348 diesel 476 cai TEXTAR 93186700 Mercedes | TEXTAR - Autorival","og_description":"\u26a1 Disc frana MERCEDES-BENZ ACTROS 3348 diesel 476 cai TEXTAR 93186700 pentru Mercedes la doar 655.84 RON. \u2713 Cod: 93186700 \u2713 Brand: TEXTAR \u2713 \u00cen stoc \u2713 Livrare 24h \u2713 Garan\u021bie!","og_url":"https:\/\/autorival.ro\/mercedesbenz\/produs\/disc-frana-mercedes-benz-actros-3348-diesel-476-cai-textar-93186700\/","og_site_name":"Mercedes","og_image":[{"width":600,"height":400,"url":"https:\/\/autorival.ro\/mercedesbenz\/wp-content\/uploads\/sites\/28\/2025\/07\/98200_1867_0_1_tex-120.jpg","type":"image\/jpeg"}],"twitter_card":"summary_large_image","twitter_title":"Disc frana MERCEDES-BENZ ACTROS 3348 diesel 476 cai TEXTAR 93186700 Mercedes | TEXTAR - Autorival","twitter_description":"\u26a1 Disc frana MERCEDES-BENZ ACTROS 3348 diesel 476 cai TEXTAR 93186700 pentru Mercedes la doar 655.84 RON. \u2713 Cod: 93186700 \u2713 Brand: TEXTAR \u2713 \u00cen stoc \u2713 Livrare 24h \u2713 Garan\u021bie!","schema":{"@context":"https:\/\/schema.org","@graph":[{"@type":"WebPage","@id":"https:\/\/autorival.ro\/mercedesbenz\/produs\/disc-frana-mercedes-benz-actros-3348-diesel-476-cai-textar-93186700\/","url":"https:\/\/autorival.ro\/mercedesbenz\/produs\/disc-frana-mercedes-benz-actros-3348-diesel-476-cai-textar-93186700\/","name":"Disc frana MERCEDES-BENZ ACTROS 3348 diesel 476 cai TEXTAR 93186700 Mercedes | TEXTAR - Autorival","isPartOf":{"@id":"https:\/\/autorival.ro\/mercedesbenz\/#website"},"primaryImageOfPage":{"@id":"https:\/\/autorival.ro\/mercedesbenz\/produs\/disc-frana-mercedes-benz-actros-3348-diesel-476-cai-textar-93186700\/#primaryimage"},"image":{"@id":"https:\/\/autorival.ro\/mercedesbenz\/produs\/disc-frana-mercedes-benz-actros-3348-diesel-476-cai-textar-93186700\/#primaryimage"},"thumbnailUrl":"https:\/\/autorival.ro\/mercedesbenz\/wp-content\/uploads\/sites\/28\/2025\/07\/98200_1867_0_1_tex-120.jpg","datePublished":"2025-07-09T17:25:19+00:00","description":"\u26a1 Disc frana MERCEDES-BENZ ACTROS 3348 diesel 476 cai TEXTAR 93186700 pentru Mercedes la doar 655.84 RON. \u2713 Cod: 93186700 \u2713 Brand: TEXTAR \u2713 \u00cen stoc \u2713 Livrare 24h \u2713 Garan\u021bie!","breadcrumb":{"@id":"https:\/\/autorival.ro\/mercedesbenz\/produs\/disc-frana-mercedes-benz-actros-3348-diesel-476-cai-textar-93186700\/#breadcrumb"},"inLanguage":"ro-RO","potentialAction":[{"@type":"ReadAction","target":["https:\/\/autorival.ro\/mercedesbenz\/produs\/disc-frana-mercedes-benz-actros-3348-diesel-476-cai-textar-93186700\/"]}]},{"@type":"ImageObject","inLanguage":"ro-RO","@id":"https:\/\/autorival.ro\/mercedesbenz\/produs\/disc-frana-mercedes-benz-actros-3348-diesel-476-cai-textar-93186700\/#primaryimage","url":"https:\/\/autorival.ro\/mercedesbenz\/wp-content\/uploads\/sites\/28\/2025\/07\/98200_1867_0_1_tex-120.jpg","contentUrl":"https:\/\/autorival.ro\/mercedesbenz\/wp-content\/uploads\/sites\/28\/2025\/07\/98200_1867_0_1_tex-120.jpg","width":600,"height":400,"caption":"Disc frana MERCEDES-BENZ ACTROS 3348 diesel 476 cai TEXTAR 93186700"},{"@type":"BreadcrumbList","@id":"https:\/\/autorival.ro\/mercedesbenz\/produs\/disc-frana-mercedes-benz-actros-3348-diesel-476-cai-textar-93186700\/#breadcrumb","itemListElement":[{"@type":"ListItem","position":1,"name":"Prima pagin\u0103","item":"https:\/\/autorival.ro\/mercedesbenz\/"},{"@type":"ListItem","position":2,"name":"Piese auto MERCEDES","item":"https:\/\/autorival.ro\/mercedesbenz\/"},{"@type":"ListItem","position":3,"name":"Disc frana MERCEDES-BENZ ACTROS 3348 diesel 476 cai TEXTAR 93186700"}]},{"@type":"WebSite","@id":"https:\/\/autorival.ro\/mercedesbenz\/#website","url":"https:\/\/autorival.ro\/mercedesbenz\/","name":"Mercedes","description":"","potentialAction":[{"@type":"SearchAction","target":{"@type":"EntryPoint","urlTemplate":"https:\/\/autorival.ro\/mercedesbenz\/?s={search_term_string}"},"query-input":{"@type":"PropertyValueSpecification","valueRequired":true,"valueName":"search_term_string"}}],"inLanguage":"ro-RO"}]}},"_links":{"self":[{"href":"https:\/\/autorival.ro\/mercedesbenz\/wp-json\/wp\/v2\/product\/268023","targetHints":{"allow":["GET"]}}],"collection":[{"href":"https:\/\/autorival.ro\/mercedesbenz\/wp-json\/wp\/v2\/product"}],"about":[{"href":"https:\/\/autorival.ro\/mercedesbenz\/wp-json\/wp\/v2\/types\/product"}],"replies":[{"embeddable":true,"href":"https:\/\/autorival.ro\/mercedesbenz\/wp-json\/wp\/v2\/comments?post=268023"}],"wp:featuredmedia":[{"embeddable":true,"href":"https:\/\/autorival.ro\/mercedesbenz\/wp-json\/wp\/v2\/media\/268024"}],"wp:attachment":[{"href":"https:\/\/autorival.ro\/mercedesbenz\/wp-json\/wp\/v2\/media?parent=268023"}],"wp:term":[{"taxonomy":"product_brand","embeddable":true,"href":"https:\/\/autorival.ro\/mercedesbenz\/wp-json\/wp\/v2\/product_brand?post=268023"},{"taxonomy":"product_cat","embeddable":true,"href":"https:\/\/autorival.ro\/mercedesbenz\/wp-json\/wp\/v2\/product_cat?post=268023"},{"taxonomy":"product_tag","embeddable":true,"href":"https:\/\/autorival.ro\/mercedesbenz\/wp-json\/wp\/v2\/product_tag?post=268023"}],"curies":[{"name":"wp","href":"https:\/\/api.w.org\/{rel}","templated":true}]}}