{"id":267367,"date":"2025-07-09T17:15:50","date_gmt":"2025-07-09T17:15:50","guid":{"rendered":"https:\/\/autorival.ro\/mercedesbenz\/produs\/disc-frana-mercedes-benz-actros-3340-s-diesel-394-cai-brembo-09-8793-10\/"},"modified":"2025-07-09T17:15:50","modified_gmt":"2025-07-09T17:15:50","slug":"disc-frana-mercedes-benz-actros-3340-s-diesel-394-cai-brembo-09-8793-10","status":"publish","type":"product","link":"https:\/\/autorival.ro\/mercedesbenz\/produs\/disc-frana-mercedes-benz-actros-3340-s-diesel-394-cai-brembo-09-8793-10\/","title":{"rendered":"Disc frana MERCEDES-BENZ ACTROS 3340 S diesel 394 cai BREMBO 09.8793.10"},"content":{"rendered":"<p>Partea de montare: punte fataVarianta osie: VL4, 50DC-7,5, 54DC-8Numar osie: 739500, 739550pentru cod dotare special\u0103: 50430453, 50430553Separarea blocurilorTip disc fr\u00e2na: ventilat interior ->Grosime disc fr\u00e2na [mm]: 45Numar gauri: 12\u00cenaltime [mm]: 130 ->Diametru de centrare [mm]: 196 ->Diametru exterior [mm]: 430Procesare: continut ridicat de carbon ->Grosime minima [mm]: 37<\/p>\n","protected":false},"excerpt":{"rendered":"<p>Producator: BREMBO Cod producator: 09.8793.10<\/p>\n","protected":false},"featured_media":267368,"comment_status":"open","ping_status":"closed","template":"","meta":[],"product_brand":[12743],"product_cat":[18192],"product_tag":[46155,45803,59813,63029,45829,45795,45801],"class_list":{"0":"post-267367","1":"product","2":"type-product","3":"status-publish","4":"has-post-thumbnail","6":"product_brand-brembo","7":"product_cat-disc-frana-3340-s-diesel-394","8":"product_tag-46155","9":"product_tag-actros","10":"product_tag-brembo","11":"product_tag-disc","12":"product_tag-frana","13":"product_tag-mercedes","14":"product_tag-mercedes-benz","16":"first","17":"instock","18":"shipping-taxable","19":"purchasable","20":"product-type-simple"},"yoast_head":"<!-- This site is optimized with the Yoast SEO plugin v27.3 - https:\/\/yoast.com\/product\/yoast-seo-wordpress\/ -->\n<title>Disc frana MERCEDES-BENZ ACTROS 3340 S diesel 394 cai BREMBO 09.8793.10 Mercedes | BREMBO - Autorival<\/title>\n<meta name=\"description\" content=\"\u26a1 Disc frana MERCEDES-BENZ ACTROS 3340 S diesel 394 cai BREMBO 09.8793.10 pentru Mercedes la doar 1317.48 RON. \u2713 Cod: 09 \u2713 Brand: BREMBO \u2713 \u00cen stoc \u2713 Livrare 24h \u2713 Garan\u021bie!\" \/>\n<meta name=\"robots\" content=\"index, follow, max-snippet:-1, max-image-preview:large, max-video-preview:-1\" \/>\n<meta property=\"og:locale\" content=\"ro_RO\" \/>\n<meta property=\"og:type\" content=\"article\" \/>\n<meta property=\"og:title\" content=\"Disc frana MERCEDES-BENZ ACTROS 3340 S diesel 394 cai BREMBO 09.8793.10 Mercedes | BREMBO - Autorival\" \/>\n<meta property=\"og:description\" content=\"\u26a1 Disc frana MERCEDES-BENZ ACTROS 3340 S diesel 394 cai BREMBO 09.8793.10 pentru Mercedes la doar 1317.48 RON. \u2713 Cod: 09 \u2713 Brand: BREMBO \u2713 \u00cen stoc \u2713 Livrare 24h \u2713 Garan\u021bie!\" \/>\n<meta property=\"og:url\" content=\"https:\/\/autorival.ro\/mercedesbenz\/produs\/disc-frana-mercedes-benz-actros-3340-s-diesel-394-cai-brembo-09-8793-10\/\" \/>\n<meta property=\"og:site_name\" content=\"Mercedes\" \/>\n<meta property=\"og:image\" content=\"https:\/\/autorival.ro\/mercedesbenz\/wp-content\/uploads\/sites\/28\/2025\/07\/09.8793.10-80.jpg\" \/>\n\t<meta property=\"og:image:width\" content=\"561\" \/>\n\t<meta property=\"og:image:height\" content=\"397\" \/>\n\t<meta property=\"og:image:type\" content=\"image\/jpeg\" \/>\n<meta name=\"twitter:card\" content=\"summary_large_image\" \/>\n<meta name=\"twitter:title\" content=\"Disc frana MERCEDES-BENZ ACTROS 3340 S diesel 394 cai BREMBO 09.8793.10 Mercedes | BREMBO - Autorival\" \/>\n<meta name=\"twitter:description\" content=\"\u26a1 Disc frana MERCEDES-BENZ ACTROS 3340 S diesel 394 cai BREMBO 09.8793.10 pentru Mercedes la doar 1317.48 RON. \u2713 Cod: 09 \u2713 Brand: BREMBO \u2713 \u00cen stoc \u2713 Livrare 24h \u2713 Garan\u021bie!\" \/>\n<script type=\"application\/ld+json\" class=\"yoast-schema-graph\">{\"@context\":\"https:\\\/\\\/schema.org\",\"@graph\":[{\"@type\":\"WebPage\",\"@id\":\"https:\\\/\\\/autorival.ro\\\/mercedesbenz\\\/produs\\\/disc-frana-mercedes-benz-actros-3340-s-diesel-394-cai-brembo-09-8793-10\\\/\",\"url\":\"https:\\\/\\\/autorival.ro\\\/mercedesbenz\\\/produs\\\/disc-frana-mercedes-benz-actros-3340-s-diesel-394-cai-brembo-09-8793-10\\\/\",\"name\":\"Disc frana MERCEDES-BENZ ACTROS 3340 S diesel 394 cai BREMBO 09.8793.10 Mercedes | BREMBO - Autorival\",\"isPartOf\":{\"@id\":\"https:\\\/\\\/autorival.ro\\\/mercedesbenz\\\/#website\"},\"primaryImageOfPage\":{\"@id\":\"https:\\\/\\\/autorival.ro\\\/mercedesbenz\\\/produs\\\/disc-frana-mercedes-benz-actros-3340-s-diesel-394-cai-brembo-09-8793-10\\\/#primaryimage\"},\"image\":{\"@id\":\"https:\\\/\\\/autorival.ro\\\/mercedesbenz\\\/produs\\\/disc-frana-mercedes-benz-actros-3340-s-diesel-394-cai-brembo-09-8793-10\\\/#primaryimage\"},\"thumbnailUrl\":\"https:\\\/\\\/autorival.ro\\\/mercedesbenz\\\/wp-content\\\/uploads\\\/sites\\\/28\\\/2025\\\/07\\\/09.8793.10-80.jpg\",\"datePublished\":\"2025-07-09T17:15:50+00:00\",\"description\":\"\u26a1 Disc frana MERCEDES-BENZ ACTROS 3340 S diesel 394 cai BREMBO 09.8793.10 pentru Mercedes la doar 1317.48 RON. \u2713 Cod: 09 \u2713 Brand: BREMBO \u2713 \u00cen stoc \u2713 Livrare 24h \u2713 Garan\u021bie!\",\"breadcrumb\":{\"@id\":\"https:\\\/\\\/autorival.ro\\\/mercedesbenz\\\/produs\\\/disc-frana-mercedes-benz-actros-3340-s-diesel-394-cai-brembo-09-8793-10\\\/#breadcrumb\"},\"inLanguage\":\"ro-RO\",\"potentialAction\":[{\"@type\":\"ReadAction\",\"target\":[\"https:\\\/\\\/autorival.ro\\\/mercedesbenz\\\/produs\\\/disc-frana-mercedes-benz-actros-3340-s-diesel-394-cai-brembo-09-8793-10\\\/\"]}]},{\"@type\":\"ImageObject\",\"inLanguage\":\"ro-RO\",\"@id\":\"https:\\\/\\\/autorival.ro\\\/mercedesbenz\\\/produs\\\/disc-frana-mercedes-benz-actros-3340-s-diesel-394-cai-brembo-09-8793-10\\\/#primaryimage\",\"url\":\"https:\\\/\\\/autorival.ro\\\/mercedesbenz\\\/wp-content\\\/uploads\\\/sites\\\/28\\\/2025\\\/07\\\/09.8793.10-80.jpg\",\"contentUrl\":\"https:\\\/\\\/autorival.ro\\\/mercedesbenz\\\/wp-content\\\/uploads\\\/sites\\\/28\\\/2025\\\/07\\\/09.8793.10-80.jpg\",\"width\":561,\"height\":397,\"caption\":\"Disc frana MERCEDES-BENZ ACTROS 3340 S diesel 394 cai BREMBO 09.8793.10\"},{\"@type\":\"BreadcrumbList\",\"@id\":\"https:\\\/\\\/autorival.ro\\\/mercedesbenz\\\/produs\\\/disc-frana-mercedes-benz-actros-3340-s-diesel-394-cai-brembo-09-8793-10\\\/#breadcrumb\",\"itemListElement\":[{\"@type\":\"ListItem\",\"position\":1,\"name\":\"Prima pagin\u0103\",\"item\":\"https:\\\/\\\/autorival.ro\\\/mercedesbenz\\\/\"},{\"@type\":\"ListItem\",\"position\":2,\"name\":\"Piese auto MERCEDES\",\"item\":\"https:\\\/\\\/autorival.ro\\\/mercedesbenz\\\/\"},{\"@type\":\"ListItem\",\"position\":3,\"name\":\"Disc frana MERCEDES-BENZ ACTROS 3340 S diesel 394 cai BREMBO 09.8793.10\"}]},{\"@type\":\"WebSite\",\"@id\":\"https:\\\/\\\/autorival.ro\\\/mercedesbenz\\\/#website\",\"url\":\"https:\\\/\\\/autorival.ro\\\/mercedesbenz\\\/\",\"name\":\"Mercedes\",\"description\":\"\",\"potentialAction\":[{\"@type\":\"SearchAction\",\"target\":{\"@type\":\"EntryPoint\",\"urlTemplate\":\"https:\\\/\\\/autorival.ro\\\/mercedesbenz\\\/?s={search_term_string}\"},\"query-input\":{\"@type\":\"PropertyValueSpecification\",\"valueRequired\":true,\"valueName\":\"search_term_string\"}}],\"inLanguage\":\"ro-RO\"}]}<\/script>\n<!-- \/ Yoast SEO plugin. -->","yoast_head_json":{"title":"Disc frana MERCEDES-BENZ ACTROS 3340 S diesel 394 cai BREMBO 09.8793.10 Mercedes | BREMBO - Autorival","description":"\u26a1 Disc frana MERCEDES-BENZ ACTROS 3340 S diesel 394 cai BREMBO 09.8793.10 pentru Mercedes la doar 1317.48 RON. \u2713 Cod: 09 \u2713 Brand: BREMBO \u2713 \u00cen stoc \u2713 Livrare 24h \u2713 Garan\u021bie!","robots":{"index":"index","follow":"follow","max-snippet":"max-snippet:-1","max-image-preview":"max-image-preview:large","max-video-preview":"max-video-preview:-1"},"og_locale":"ro_RO","og_type":"article","og_title":"Disc frana MERCEDES-BENZ ACTROS 3340 S diesel 394 cai BREMBO 09.8793.10 Mercedes | BREMBO - Autorival","og_description":"\u26a1 Disc frana MERCEDES-BENZ ACTROS 3340 S diesel 394 cai BREMBO 09.8793.10 pentru Mercedes la doar 1317.48 RON. \u2713 Cod: 09 \u2713 Brand: BREMBO \u2713 \u00cen stoc \u2713 Livrare 24h \u2713 Garan\u021bie!","og_url":"https:\/\/autorival.ro\/mercedesbenz\/produs\/disc-frana-mercedes-benz-actros-3340-s-diesel-394-cai-brembo-09-8793-10\/","og_site_name":"Mercedes","og_image":[{"width":561,"height":397,"url":"https:\/\/autorival.ro\/mercedesbenz\/wp-content\/uploads\/sites\/28\/2025\/07\/09.8793.10-80.jpg","type":"image\/jpeg"}],"twitter_card":"summary_large_image","twitter_title":"Disc frana MERCEDES-BENZ ACTROS 3340 S diesel 394 cai BREMBO 09.8793.10 Mercedes | BREMBO - Autorival","twitter_description":"\u26a1 Disc frana MERCEDES-BENZ ACTROS 3340 S diesel 394 cai BREMBO 09.8793.10 pentru Mercedes la doar 1317.48 RON. \u2713 Cod: 09 \u2713 Brand: BREMBO \u2713 \u00cen stoc \u2713 Livrare 24h \u2713 Garan\u021bie!","schema":{"@context":"https:\/\/schema.org","@graph":[{"@type":"WebPage","@id":"https:\/\/autorival.ro\/mercedesbenz\/produs\/disc-frana-mercedes-benz-actros-3340-s-diesel-394-cai-brembo-09-8793-10\/","url":"https:\/\/autorival.ro\/mercedesbenz\/produs\/disc-frana-mercedes-benz-actros-3340-s-diesel-394-cai-brembo-09-8793-10\/","name":"Disc frana MERCEDES-BENZ ACTROS 3340 S diesel 394 cai BREMBO 09.8793.10 Mercedes | BREMBO - Autorival","isPartOf":{"@id":"https:\/\/autorival.ro\/mercedesbenz\/#website"},"primaryImageOfPage":{"@id":"https:\/\/autorival.ro\/mercedesbenz\/produs\/disc-frana-mercedes-benz-actros-3340-s-diesel-394-cai-brembo-09-8793-10\/#primaryimage"},"image":{"@id":"https:\/\/autorival.ro\/mercedesbenz\/produs\/disc-frana-mercedes-benz-actros-3340-s-diesel-394-cai-brembo-09-8793-10\/#primaryimage"},"thumbnailUrl":"https:\/\/autorival.ro\/mercedesbenz\/wp-content\/uploads\/sites\/28\/2025\/07\/09.8793.10-80.jpg","datePublished":"2025-07-09T17:15:50+00:00","description":"\u26a1 Disc frana MERCEDES-BENZ ACTROS 3340 S diesel 394 cai BREMBO 09.8793.10 pentru Mercedes la doar 1317.48 RON. \u2713 Cod: 09 \u2713 Brand: BREMBO \u2713 \u00cen stoc \u2713 Livrare 24h \u2713 Garan\u021bie!","breadcrumb":{"@id":"https:\/\/autorival.ro\/mercedesbenz\/produs\/disc-frana-mercedes-benz-actros-3340-s-diesel-394-cai-brembo-09-8793-10\/#breadcrumb"},"inLanguage":"ro-RO","potentialAction":[{"@type":"ReadAction","target":["https:\/\/autorival.ro\/mercedesbenz\/produs\/disc-frana-mercedes-benz-actros-3340-s-diesel-394-cai-brembo-09-8793-10\/"]}]},{"@type":"ImageObject","inLanguage":"ro-RO","@id":"https:\/\/autorival.ro\/mercedesbenz\/produs\/disc-frana-mercedes-benz-actros-3340-s-diesel-394-cai-brembo-09-8793-10\/#primaryimage","url":"https:\/\/autorival.ro\/mercedesbenz\/wp-content\/uploads\/sites\/28\/2025\/07\/09.8793.10-80.jpg","contentUrl":"https:\/\/autorival.ro\/mercedesbenz\/wp-content\/uploads\/sites\/28\/2025\/07\/09.8793.10-80.jpg","width":561,"height":397,"caption":"Disc frana MERCEDES-BENZ ACTROS 3340 S diesel 394 cai BREMBO 09.8793.10"},{"@type":"BreadcrumbList","@id":"https:\/\/autorival.ro\/mercedesbenz\/produs\/disc-frana-mercedes-benz-actros-3340-s-diesel-394-cai-brembo-09-8793-10\/#breadcrumb","itemListElement":[{"@type":"ListItem","position":1,"name":"Prima pagin\u0103","item":"https:\/\/autorival.ro\/mercedesbenz\/"},{"@type":"ListItem","position":2,"name":"Piese auto MERCEDES","item":"https:\/\/autorival.ro\/mercedesbenz\/"},{"@type":"ListItem","position":3,"name":"Disc frana MERCEDES-BENZ ACTROS 3340 S diesel 394 cai BREMBO 09.8793.10"}]},{"@type":"WebSite","@id":"https:\/\/autorival.ro\/mercedesbenz\/#website","url":"https:\/\/autorival.ro\/mercedesbenz\/","name":"Mercedes","description":"","potentialAction":[{"@type":"SearchAction","target":{"@type":"EntryPoint","urlTemplate":"https:\/\/autorival.ro\/mercedesbenz\/?s={search_term_string}"},"query-input":{"@type":"PropertyValueSpecification","valueRequired":true,"valueName":"search_term_string"}}],"inLanguage":"ro-RO"}]}},"_links":{"self":[{"href":"https:\/\/autorival.ro\/mercedesbenz\/wp-json\/wp\/v2\/product\/267367","targetHints":{"allow":["GET"]}}],"collection":[{"href":"https:\/\/autorival.ro\/mercedesbenz\/wp-json\/wp\/v2\/product"}],"about":[{"href":"https:\/\/autorival.ro\/mercedesbenz\/wp-json\/wp\/v2\/types\/product"}],"replies":[{"embeddable":true,"href":"https:\/\/autorival.ro\/mercedesbenz\/wp-json\/wp\/v2\/comments?post=267367"}],"wp:featuredmedia":[{"embeddable":true,"href":"https:\/\/autorival.ro\/mercedesbenz\/wp-json\/wp\/v2\/media\/267368"}],"wp:attachment":[{"href":"https:\/\/autorival.ro\/mercedesbenz\/wp-json\/wp\/v2\/media?parent=267367"}],"wp:term":[{"taxonomy":"product_brand","embeddable":true,"href":"https:\/\/autorival.ro\/mercedesbenz\/wp-json\/wp\/v2\/product_brand?post=267367"},{"taxonomy":"product_cat","embeddable":true,"href":"https:\/\/autorival.ro\/mercedesbenz\/wp-json\/wp\/v2\/product_cat?post=267367"},{"taxonomy":"product_tag","embeddable":true,"href":"https:\/\/autorival.ro\/mercedesbenz\/wp-json\/wp\/v2\/product_tag?post=267367"}],"curies":[{"name":"wp","href":"https:\/\/api.w.org\/{rel}","templated":true}]}}