{"id":267001,"date":"2025-07-09T17:10:38","date_gmt":"2025-07-09T17:10:38","guid":{"rendered":"https:\/\/autorival.ro\/mercedesbenz\/produs\/disc-frana-mercedes-benz-actros-3335-b-diesel-354-cai-ferodo-fcr145a\/"},"modified":"2025-07-09T17:10:38","modified_gmt":"2025-07-09T17:10:38","slug":"disc-frana-mercedes-benz-actros-3335-b-diesel-354-cai-ferodo-fcr145a","status":"publish","type":"product","link":"https:\/\/autorival.ro\/mercedesbenz\/produs\/disc-frana-mercedes-benz-actros-3335-b-diesel-354-cai-ferodo-fcr145a\/","title":{"rendered":"Disc frana MERCEDES-BENZ ACTROS 3335 B diesel 354 cai FERODO FCR145A"},"content":{"rendered":"<p>Partea de montare: punte fata, puntea spate\u00cenaltime [mm]: 132 ->Greutate [kg]: 33,5Tip disc fr\u00e2na: ventilat ->Grosime disc fr\u00e2na [mm]: 45 ->Grosime minima [mm]: 37Asezare gauri\/numar gauri: 10\/10 ->Diametru exterior [mm]: 430Numar gauri: 20 ->Diametru de centrare [mm]: 211Asezare gauri \u00d8 [mm]: 238Sistem de fr\u00e2nare: Knorr SB\/SN7Tip ambalaj: CutieUnitate de calitate: bucataArticol completare\/Info suplimentar 2: fara suruburi ->Lungime ambalaj [cm]: 44 ->Latime ambalaj [cm]: 44 ->Inaltime ambalaj [cm]: 14<\/p>\n","protected":false},"excerpt":{"rendered":"<p>Producator: FERODO Cod producator: FCR145A<\/p>\n","protected":false},"featured_media":267002,"comment_status":"open","ping_status":"closed","template":"","meta":[],"product_brand":[8938],"product_cat":[18182],"product_tag":[45803,63029,63146,54360,45829,45795,45801],"class_list":{"0":"post-267001","1":"product","2":"type-product","3":"status-publish","4":"has-post-thumbnail","6":"product_brand-ferodo","7":"product_cat-disc-frana-3335-b-diesel-354","8":"product_tag-actros","9":"product_tag-disc","10":"product_tag-fcr","11":"product_tag-ferodo","12":"product_tag-frana","13":"product_tag-mercedes","14":"product_tag-mercedes-benz","16":"first","17":"instock","18":"shipping-taxable","19":"purchasable","20":"product-type-simple"},"yoast_head":"<!-- This site is optimized with the Yoast SEO plugin v27.3 - https:\/\/yoast.com\/product\/yoast-seo-wordpress\/ -->\n<title>Disc frana MERCEDES-BENZ ACTROS 3335 B diesel 354 cai FERODO FCR145A Mercedes | FERODO - Autorival<\/title>\n<meta name=\"description\" content=\"\u26a1 Disc frana MERCEDES-BENZ ACTROS 3335 B diesel 354 cai FERODO FCR145A pentru Mercedes la doar 598.5 RON. \u2713 Cod: FCR145A \u2713 Brand: FERODO \u2713 \u00cen stoc \u2713 Livrare 24h \u2713 Garan\u021bie!\" \/>\n<meta name=\"robots\" content=\"index, follow, max-snippet:-1, max-image-preview:large, max-video-preview:-1\" \/>\n<meta property=\"og:locale\" content=\"ro_RO\" \/>\n<meta property=\"og:type\" content=\"article\" \/>\n<meta property=\"og:title\" content=\"Disc frana MERCEDES-BENZ ACTROS 3335 B diesel 354 cai FERODO FCR145A Mercedes | FERODO - Autorival\" \/>\n<meta property=\"og:description\" content=\"\u26a1 Disc frana MERCEDES-BENZ ACTROS 3335 B diesel 354 cai FERODO FCR145A pentru Mercedes la doar 598.5 RON. \u2713 Cod: FCR145A \u2713 Brand: FERODO \u2713 \u00cen stoc \u2713 Livrare 24h \u2713 Garan\u021bie!\" \/>\n<meta property=\"og:url\" content=\"https:\/\/autorival.ro\/mercedesbenz\/produs\/disc-frana-mercedes-benz-actros-3335-b-diesel-354-cai-ferodo-fcr145a\/\" \/>\n<meta property=\"og:site_name\" content=\"Mercedes\" \/>\n<meta property=\"og:image\" content=\"https:\/\/autorival.ro\/mercedesbenz\/wp-content\/uploads\/sites\/28\/2025\/07\/fcr145a_1185825-107.jpg\" \/>\n\t<meta property=\"og:image:width\" content=\"600\" \/>\n\t<meta property=\"og:image:height\" content=\"400\" \/>\n\t<meta property=\"og:image:type\" content=\"image\/jpeg\" \/>\n<meta name=\"twitter:card\" content=\"summary_large_image\" \/>\n<meta name=\"twitter:title\" content=\"Disc frana MERCEDES-BENZ ACTROS 3335 B diesel 354 cai FERODO FCR145A Mercedes | FERODO - Autorival\" \/>\n<meta name=\"twitter:description\" content=\"\u26a1 Disc frana MERCEDES-BENZ ACTROS 3335 B diesel 354 cai FERODO FCR145A pentru Mercedes la doar 598.5 RON. \u2713 Cod: FCR145A \u2713 Brand: FERODO \u2713 \u00cen stoc \u2713 Livrare 24h \u2713 Garan\u021bie!\" \/>\n<script type=\"application\/ld+json\" class=\"yoast-schema-graph\">{\"@context\":\"https:\\\/\\\/schema.org\",\"@graph\":[{\"@type\":\"WebPage\",\"@id\":\"https:\\\/\\\/autorival.ro\\\/mercedesbenz\\\/produs\\\/disc-frana-mercedes-benz-actros-3335-b-diesel-354-cai-ferodo-fcr145a\\\/\",\"url\":\"https:\\\/\\\/autorival.ro\\\/mercedesbenz\\\/produs\\\/disc-frana-mercedes-benz-actros-3335-b-diesel-354-cai-ferodo-fcr145a\\\/\",\"name\":\"Disc frana MERCEDES-BENZ ACTROS 3335 B diesel 354 cai FERODO FCR145A Mercedes | FERODO - Autorival\",\"isPartOf\":{\"@id\":\"https:\\\/\\\/autorival.ro\\\/mercedesbenz\\\/#website\"},\"primaryImageOfPage\":{\"@id\":\"https:\\\/\\\/autorival.ro\\\/mercedesbenz\\\/produs\\\/disc-frana-mercedes-benz-actros-3335-b-diesel-354-cai-ferodo-fcr145a\\\/#primaryimage\"},\"image\":{\"@id\":\"https:\\\/\\\/autorival.ro\\\/mercedesbenz\\\/produs\\\/disc-frana-mercedes-benz-actros-3335-b-diesel-354-cai-ferodo-fcr145a\\\/#primaryimage\"},\"thumbnailUrl\":\"https:\\\/\\\/autorival.ro\\\/mercedesbenz\\\/wp-content\\\/uploads\\\/sites\\\/28\\\/2025\\\/07\\\/fcr145a_1185825-107.jpg\",\"datePublished\":\"2025-07-09T17:10:38+00:00\",\"description\":\"\u26a1 Disc frana MERCEDES-BENZ ACTROS 3335 B diesel 354 cai FERODO FCR145A pentru Mercedes la doar 598.5 RON. \u2713 Cod: FCR145A \u2713 Brand: FERODO \u2713 \u00cen stoc \u2713 Livrare 24h \u2713 Garan\u021bie!\",\"breadcrumb\":{\"@id\":\"https:\\\/\\\/autorival.ro\\\/mercedesbenz\\\/produs\\\/disc-frana-mercedes-benz-actros-3335-b-diesel-354-cai-ferodo-fcr145a\\\/#breadcrumb\"},\"inLanguage\":\"ro-RO\",\"potentialAction\":[{\"@type\":\"ReadAction\",\"target\":[\"https:\\\/\\\/autorival.ro\\\/mercedesbenz\\\/produs\\\/disc-frana-mercedes-benz-actros-3335-b-diesel-354-cai-ferodo-fcr145a\\\/\"]}]},{\"@type\":\"ImageObject\",\"inLanguage\":\"ro-RO\",\"@id\":\"https:\\\/\\\/autorival.ro\\\/mercedesbenz\\\/produs\\\/disc-frana-mercedes-benz-actros-3335-b-diesel-354-cai-ferodo-fcr145a\\\/#primaryimage\",\"url\":\"https:\\\/\\\/autorival.ro\\\/mercedesbenz\\\/wp-content\\\/uploads\\\/sites\\\/28\\\/2025\\\/07\\\/fcr145a_1185825-107.jpg\",\"contentUrl\":\"https:\\\/\\\/autorival.ro\\\/mercedesbenz\\\/wp-content\\\/uploads\\\/sites\\\/28\\\/2025\\\/07\\\/fcr145a_1185825-107.jpg\",\"width\":600,\"height\":400,\"caption\":\"Disc frana MERCEDES-BENZ ACTROS 3335 B diesel 354 cai FERODO FCR145A\"},{\"@type\":\"BreadcrumbList\",\"@id\":\"https:\\\/\\\/autorival.ro\\\/mercedesbenz\\\/produs\\\/disc-frana-mercedes-benz-actros-3335-b-diesel-354-cai-ferodo-fcr145a\\\/#breadcrumb\",\"itemListElement\":[{\"@type\":\"ListItem\",\"position\":1,\"name\":\"Prima pagin\u0103\",\"item\":\"https:\\\/\\\/autorival.ro\\\/mercedesbenz\\\/\"},{\"@type\":\"ListItem\",\"position\":2,\"name\":\"Piese auto MERCEDES\",\"item\":\"https:\\\/\\\/autorival.ro\\\/mercedesbenz\\\/\"},{\"@type\":\"ListItem\",\"position\":3,\"name\":\"Disc frana MERCEDES-BENZ ACTROS 3335 B diesel 354 cai FERODO FCR145A\"}]},{\"@type\":\"WebSite\",\"@id\":\"https:\\\/\\\/autorival.ro\\\/mercedesbenz\\\/#website\",\"url\":\"https:\\\/\\\/autorival.ro\\\/mercedesbenz\\\/\",\"name\":\"Mercedes\",\"description\":\"\",\"potentialAction\":[{\"@type\":\"SearchAction\",\"target\":{\"@type\":\"EntryPoint\",\"urlTemplate\":\"https:\\\/\\\/autorival.ro\\\/mercedesbenz\\\/?s={search_term_string}\"},\"query-input\":{\"@type\":\"PropertyValueSpecification\",\"valueRequired\":true,\"valueName\":\"search_term_string\"}}],\"inLanguage\":\"ro-RO\"}]}<\/script>\n<!-- \/ Yoast SEO plugin. -->","yoast_head_json":{"title":"Disc frana MERCEDES-BENZ ACTROS 3335 B diesel 354 cai FERODO FCR145A Mercedes | FERODO - Autorival","description":"\u26a1 Disc frana MERCEDES-BENZ ACTROS 3335 B diesel 354 cai FERODO FCR145A pentru Mercedes la doar 598.5 RON. \u2713 Cod: FCR145A \u2713 Brand: FERODO \u2713 \u00cen stoc \u2713 Livrare 24h \u2713 Garan\u021bie!","robots":{"index":"index","follow":"follow","max-snippet":"max-snippet:-1","max-image-preview":"max-image-preview:large","max-video-preview":"max-video-preview:-1"},"og_locale":"ro_RO","og_type":"article","og_title":"Disc frana MERCEDES-BENZ ACTROS 3335 B diesel 354 cai FERODO FCR145A Mercedes | FERODO - Autorival","og_description":"\u26a1 Disc frana MERCEDES-BENZ ACTROS 3335 B diesel 354 cai FERODO FCR145A pentru Mercedes la doar 598.5 RON. \u2713 Cod: FCR145A \u2713 Brand: FERODO \u2713 \u00cen stoc \u2713 Livrare 24h \u2713 Garan\u021bie!","og_url":"https:\/\/autorival.ro\/mercedesbenz\/produs\/disc-frana-mercedes-benz-actros-3335-b-diesel-354-cai-ferodo-fcr145a\/","og_site_name":"Mercedes","og_image":[{"width":600,"height":400,"url":"https:\/\/autorival.ro\/mercedesbenz\/wp-content\/uploads\/sites\/28\/2025\/07\/fcr145a_1185825-107.jpg","type":"image\/jpeg"}],"twitter_card":"summary_large_image","twitter_title":"Disc frana MERCEDES-BENZ ACTROS 3335 B diesel 354 cai FERODO FCR145A Mercedes | FERODO - Autorival","twitter_description":"\u26a1 Disc frana MERCEDES-BENZ ACTROS 3335 B diesel 354 cai FERODO FCR145A pentru Mercedes la doar 598.5 RON. \u2713 Cod: FCR145A \u2713 Brand: FERODO \u2713 \u00cen stoc \u2713 Livrare 24h \u2713 Garan\u021bie!","schema":{"@context":"https:\/\/schema.org","@graph":[{"@type":"WebPage","@id":"https:\/\/autorival.ro\/mercedesbenz\/produs\/disc-frana-mercedes-benz-actros-3335-b-diesel-354-cai-ferodo-fcr145a\/","url":"https:\/\/autorival.ro\/mercedesbenz\/produs\/disc-frana-mercedes-benz-actros-3335-b-diesel-354-cai-ferodo-fcr145a\/","name":"Disc frana MERCEDES-BENZ ACTROS 3335 B diesel 354 cai FERODO FCR145A Mercedes | FERODO - Autorival","isPartOf":{"@id":"https:\/\/autorival.ro\/mercedesbenz\/#website"},"primaryImageOfPage":{"@id":"https:\/\/autorival.ro\/mercedesbenz\/produs\/disc-frana-mercedes-benz-actros-3335-b-diesel-354-cai-ferodo-fcr145a\/#primaryimage"},"image":{"@id":"https:\/\/autorival.ro\/mercedesbenz\/produs\/disc-frana-mercedes-benz-actros-3335-b-diesel-354-cai-ferodo-fcr145a\/#primaryimage"},"thumbnailUrl":"https:\/\/autorival.ro\/mercedesbenz\/wp-content\/uploads\/sites\/28\/2025\/07\/fcr145a_1185825-107.jpg","datePublished":"2025-07-09T17:10:38+00:00","description":"\u26a1 Disc frana MERCEDES-BENZ ACTROS 3335 B diesel 354 cai FERODO FCR145A pentru Mercedes la doar 598.5 RON. \u2713 Cod: FCR145A \u2713 Brand: FERODO \u2713 \u00cen stoc \u2713 Livrare 24h \u2713 Garan\u021bie!","breadcrumb":{"@id":"https:\/\/autorival.ro\/mercedesbenz\/produs\/disc-frana-mercedes-benz-actros-3335-b-diesel-354-cai-ferodo-fcr145a\/#breadcrumb"},"inLanguage":"ro-RO","potentialAction":[{"@type":"ReadAction","target":["https:\/\/autorival.ro\/mercedesbenz\/produs\/disc-frana-mercedes-benz-actros-3335-b-diesel-354-cai-ferodo-fcr145a\/"]}]},{"@type":"ImageObject","inLanguage":"ro-RO","@id":"https:\/\/autorival.ro\/mercedesbenz\/produs\/disc-frana-mercedes-benz-actros-3335-b-diesel-354-cai-ferodo-fcr145a\/#primaryimage","url":"https:\/\/autorival.ro\/mercedesbenz\/wp-content\/uploads\/sites\/28\/2025\/07\/fcr145a_1185825-107.jpg","contentUrl":"https:\/\/autorival.ro\/mercedesbenz\/wp-content\/uploads\/sites\/28\/2025\/07\/fcr145a_1185825-107.jpg","width":600,"height":400,"caption":"Disc frana MERCEDES-BENZ ACTROS 3335 B diesel 354 cai FERODO FCR145A"},{"@type":"BreadcrumbList","@id":"https:\/\/autorival.ro\/mercedesbenz\/produs\/disc-frana-mercedes-benz-actros-3335-b-diesel-354-cai-ferodo-fcr145a\/#breadcrumb","itemListElement":[{"@type":"ListItem","position":1,"name":"Prima pagin\u0103","item":"https:\/\/autorival.ro\/mercedesbenz\/"},{"@type":"ListItem","position":2,"name":"Piese auto MERCEDES","item":"https:\/\/autorival.ro\/mercedesbenz\/"},{"@type":"ListItem","position":3,"name":"Disc frana MERCEDES-BENZ ACTROS 3335 B diesel 354 cai FERODO FCR145A"}]},{"@type":"WebSite","@id":"https:\/\/autorival.ro\/mercedesbenz\/#website","url":"https:\/\/autorival.ro\/mercedesbenz\/","name":"Mercedes","description":"","potentialAction":[{"@type":"SearchAction","target":{"@type":"EntryPoint","urlTemplate":"https:\/\/autorival.ro\/mercedesbenz\/?s={search_term_string}"},"query-input":{"@type":"PropertyValueSpecification","valueRequired":true,"valueName":"search_term_string"}}],"inLanguage":"ro-RO"}]}},"_links":{"self":[{"href":"https:\/\/autorival.ro\/mercedesbenz\/wp-json\/wp\/v2\/product\/267001","targetHints":{"allow":["GET"]}}],"collection":[{"href":"https:\/\/autorival.ro\/mercedesbenz\/wp-json\/wp\/v2\/product"}],"about":[{"href":"https:\/\/autorival.ro\/mercedesbenz\/wp-json\/wp\/v2\/types\/product"}],"replies":[{"embeddable":true,"href":"https:\/\/autorival.ro\/mercedesbenz\/wp-json\/wp\/v2\/comments?post=267001"}],"wp:featuredmedia":[{"embeddable":true,"href":"https:\/\/autorival.ro\/mercedesbenz\/wp-json\/wp\/v2\/media\/267002"}],"wp:attachment":[{"href":"https:\/\/autorival.ro\/mercedesbenz\/wp-json\/wp\/v2\/media?parent=267001"}],"wp:term":[{"taxonomy":"product_brand","embeddable":true,"href":"https:\/\/autorival.ro\/mercedesbenz\/wp-json\/wp\/v2\/product_brand?post=267001"},{"taxonomy":"product_cat","embeddable":true,"href":"https:\/\/autorival.ro\/mercedesbenz\/wp-json\/wp\/v2\/product_cat?post=267001"},{"taxonomy":"product_tag","embeddable":true,"href":"https:\/\/autorival.ro\/mercedesbenz\/wp-json\/wp\/v2\/product_tag?post=267001"}],"curies":[{"name":"wp","href":"https:\/\/api.w.org\/{rel}","templated":true}]}}