{"id":264483,"date":"2025-07-09T16:35:28","date_gmt":"2025-07-09T16:35:28","guid":{"rendered":"https:\/\/autorival.ro\/mercedesbenz\/produs\/disc-frana-mercedes-benz-actros-2548-ls-diesel-476-cai-sbp-02-me006\/"},"modified":"2025-07-09T16:35:28","modified_gmt":"2025-07-09T16:35:28","slug":"disc-frana-mercedes-benz-actros-2548-ls-diesel-476-cai-sbp-02-me006","status":"publish","type":"product","link":"https:\/\/autorival.ro\/mercedesbenz\/produs\/disc-frana-mercedes-benz-actros-2548-ls-diesel-476-cai-sbp-02-me006\/","title":{"rendered":"Disc frana MERCEDES-BENZ ACTROS 2548 LS diesel 476 cai SBP 02-ME006"},"content":{"rendered":"<p>Varianta osie: 739.510\/520\/550, 748.216, 748.590Variant\u0103 de echipare: (33,39,42) 504304\/03, (33,39,42) 504512, 08-09\/17, (33,39,42) 504019\/13Separarea blocurilorNumar bucati necesare: 2 ->Diametru exterior [mm]: 430 ->Grosime [mm]: 45 ->Grosime minima [mm]: 37\u00cenaltime [mm]: 132,5 ->Diametru alezaj butuc [mm]: 211Asezare gauri \u00d8 [mm]: 238Numar gauri: 10 ->Dimensiune filet: M14Pas filet [mm]: 1,5Partea de montare: puntea spateTip disc fr\u00e2na: ventilat ->Grosime disc fr\u00e2na [mm]: 45 ->Diametru de centrare [mm]: 211,1<\/p>\n","protected":false},"excerpt":{"rendered":"<p>Producator: SBP Cod producator: 02-ME006<\/p>\n","protected":false},"featured_media":264484,"comment_status":"open","ping_status":"closed","template":"","meta":[],"product_brand":[12386],"product_cat":[18112],"product_tag":[45803,63029,45829,45920,45795,45801,59342],"class_list":{"0":"post-264483","1":"product","2":"type-product","3":"status-publish","4":"has-post-thumbnail","6":"product_brand-sbp","7":"product_cat-disc-frana-2548-ls-diesel-476","8":"product_tag-actros","9":"product_tag-disc","10":"product_tag-frana","11":"product_tag-ls","12":"product_tag-mercedes","13":"product_tag-mercedes-benz","14":"product_tag-sbp","16":"first","17":"instock","18":"shipping-taxable","19":"purchasable","20":"product-type-simple"},"yoast_head":"<!-- This site is optimized with the Yoast SEO plugin v27.3 - https:\/\/yoast.com\/product\/yoast-seo-wordpress\/ -->\n<title>Disc frana MERCEDES-BENZ ACTROS 2548 LS diesel 476 cai SBP 02-ME006 Mercedes | SBP - Autorival<\/title>\n<meta name=\"description\" content=\"\u26a1 Disc frana MERCEDES-BENZ ACTROS 2548 LS diesel 476 cai SBP 02-ME006 pentru Mercedes la doar 536.55 RON. \u2713 Cod: 02-ME006 \u2713 Brand: SBP \u2713 \u00cen stoc \u2713 Livrare 24h \u2713 Garan\u021bie!\" \/>\n<meta name=\"robots\" content=\"index, follow, max-snippet:-1, max-image-preview:large, max-video-preview:-1\" \/>\n<meta property=\"og:locale\" content=\"ro_RO\" \/>\n<meta property=\"og:type\" content=\"article\" \/>\n<meta property=\"og:title\" content=\"Disc frana MERCEDES-BENZ ACTROS 2548 LS diesel 476 cai SBP 02-ME006 Mercedes | SBP - Autorival\" \/>\n<meta property=\"og:description\" content=\"\u26a1 Disc frana MERCEDES-BENZ ACTROS 2548 LS diesel 476 cai SBP 02-ME006 pentru Mercedes la doar 536.55 RON. \u2713 Cod: 02-ME006 \u2713 Brand: SBP \u2713 \u00cen stoc \u2713 Livrare 24h \u2713 Garan\u021bie!\" \/>\n<meta property=\"og:url\" content=\"https:\/\/autorival.ro\/mercedesbenz\/produs\/disc-frana-mercedes-benz-actros-2548-ls-diesel-476-cai-sbp-02-me006\/\" \/>\n<meta property=\"og:site_name\" content=\"Mercedes\" \/>\n<meta property=\"og:image\" content=\"https:\/\/autorival.ro\/mercedesbenz\/wp-content\/uploads\/sites\/28\/2025\/07\/MERCEDES_BENZ0105-15922.png\" \/>\n\t<meta property=\"og:image:width\" content=\"400\" \/>\n\t<meta property=\"og:image:height\" content=\"225\" \/>\n\t<meta property=\"og:image:type\" content=\"image\/png\" \/>\n<meta name=\"twitter:card\" content=\"summary_large_image\" \/>\n<meta name=\"twitter:title\" content=\"Disc frana MERCEDES-BENZ ACTROS 2548 LS diesel 476 cai SBP 02-ME006 Mercedes | SBP - Autorival\" \/>\n<meta name=\"twitter:description\" content=\"\u26a1 Disc frana MERCEDES-BENZ ACTROS 2548 LS diesel 476 cai SBP 02-ME006 pentru Mercedes la doar 536.55 RON. \u2713 Cod: 02-ME006 \u2713 Brand: SBP \u2713 \u00cen stoc \u2713 Livrare 24h \u2713 Garan\u021bie!\" \/>\n<script type=\"application\/ld+json\" class=\"yoast-schema-graph\">{\"@context\":\"https:\\\/\\\/schema.org\",\"@graph\":[{\"@type\":\"WebPage\",\"@id\":\"https:\\\/\\\/autorival.ro\\\/mercedesbenz\\\/produs\\\/disc-frana-mercedes-benz-actros-2548-ls-diesel-476-cai-sbp-02-me006\\\/\",\"url\":\"https:\\\/\\\/autorival.ro\\\/mercedesbenz\\\/produs\\\/disc-frana-mercedes-benz-actros-2548-ls-diesel-476-cai-sbp-02-me006\\\/\",\"name\":\"Disc frana MERCEDES-BENZ ACTROS 2548 LS diesel 476 cai SBP 02-ME006 Mercedes | SBP - Autorival\",\"isPartOf\":{\"@id\":\"https:\\\/\\\/autorival.ro\\\/mercedesbenz\\\/#website\"},\"primaryImageOfPage\":{\"@id\":\"https:\\\/\\\/autorival.ro\\\/mercedesbenz\\\/produs\\\/disc-frana-mercedes-benz-actros-2548-ls-diesel-476-cai-sbp-02-me006\\\/#primaryimage\"},\"image\":{\"@id\":\"https:\\\/\\\/autorival.ro\\\/mercedesbenz\\\/produs\\\/disc-frana-mercedes-benz-actros-2548-ls-diesel-476-cai-sbp-02-me006\\\/#primaryimage\"},\"thumbnailUrl\":\"https:\\\/\\\/autorival.ro\\\/mercedesbenz\\\/wp-content\\\/uploads\\\/sites\\\/28\\\/2025\\\/07\\\/MERCEDES_BENZ0105-15922.png\",\"datePublished\":\"2025-07-09T16:35:28+00:00\",\"description\":\"\u26a1 Disc frana MERCEDES-BENZ ACTROS 2548 LS diesel 476 cai SBP 02-ME006 pentru Mercedes la doar 536.55 RON. \u2713 Cod: 02-ME006 \u2713 Brand: SBP \u2713 \u00cen stoc \u2713 Livrare 24h \u2713 Garan\u021bie!\",\"breadcrumb\":{\"@id\":\"https:\\\/\\\/autorival.ro\\\/mercedesbenz\\\/produs\\\/disc-frana-mercedes-benz-actros-2548-ls-diesel-476-cai-sbp-02-me006\\\/#breadcrumb\"},\"inLanguage\":\"ro-RO\",\"potentialAction\":[{\"@type\":\"ReadAction\",\"target\":[\"https:\\\/\\\/autorival.ro\\\/mercedesbenz\\\/produs\\\/disc-frana-mercedes-benz-actros-2548-ls-diesel-476-cai-sbp-02-me006\\\/\"]}]},{\"@type\":\"ImageObject\",\"inLanguage\":\"ro-RO\",\"@id\":\"https:\\\/\\\/autorival.ro\\\/mercedesbenz\\\/produs\\\/disc-frana-mercedes-benz-actros-2548-ls-diesel-476-cai-sbp-02-me006\\\/#primaryimage\",\"url\":\"https:\\\/\\\/autorival.ro\\\/mercedesbenz\\\/wp-content\\\/uploads\\\/sites\\\/28\\\/2025\\\/07\\\/MERCEDES_BENZ0105-15922.png\",\"contentUrl\":\"https:\\\/\\\/autorival.ro\\\/mercedesbenz\\\/wp-content\\\/uploads\\\/sites\\\/28\\\/2025\\\/07\\\/MERCEDES_BENZ0105-15922.png\",\"width\":400,\"height\":225,\"caption\":\"Disc frana MERCEDES-BENZ ACTROS 2548 LS diesel 476 cai SBP 02-ME006\"},{\"@type\":\"BreadcrumbList\",\"@id\":\"https:\\\/\\\/autorival.ro\\\/mercedesbenz\\\/produs\\\/disc-frana-mercedes-benz-actros-2548-ls-diesel-476-cai-sbp-02-me006\\\/#breadcrumb\",\"itemListElement\":[{\"@type\":\"ListItem\",\"position\":1,\"name\":\"Prima pagin\u0103\",\"item\":\"https:\\\/\\\/autorival.ro\\\/mercedesbenz\\\/\"},{\"@type\":\"ListItem\",\"position\":2,\"name\":\"Piese auto MERCEDES\",\"item\":\"https:\\\/\\\/autorival.ro\\\/mercedesbenz\\\/\"},{\"@type\":\"ListItem\",\"position\":3,\"name\":\"Disc frana MERCEDES-BENZ ACTROS 2548 LS diesel 476 cai SBP 02-ME006\"}]},{\"@type\":\"WebSite\",\"@id\":\"https:\\\/\\\/autorival.ro\\\/mercedesbenz\\\/#website\",\"url\":\"https:\\\/\\\/autorival.ro\\\/mercedesbenz\\\/\",\"name\":\"Mercedes\",\"description\":\"\",\"potentialAction\":[{\"@type\":\"SearchAction\",\"target\":{\"@type\":\"EntryPoint\",\"urlTemplate\":\"https:\\\/\\\/autorival.ro\\\/mercedesbenz\\\/?s={search_term_string}\"},\"query-input\":{\"@type\":\"PropertyValueSpecification\",\"valueRequired\":true,\"valueName\":\"search_term_string\"}}],\"inLanguage\":\"ro-RO\"}]}<\/script>\n<!-- \/ Yoast SEO plugin. -->","yoast_head_json":{"title":"Disc frana MERCEDES-BENZ ACTROS 2548 LS diesel 476 cai SBP 02-ME006 Mercedes | SBP - Autorival","description":"\u26a1 Disc frana MERCEDES-BENZ ACTROS 2548 LS diesel 476 cai SBP 02-ME006 pentru Mercedes la doar 536.55 RON. \u2713 Cod: 02-ME006 \u2713 Brand: SBP \u2713 \u00cen stoc \u2713 Livrare 24h \u2713 Garan\u021bie!","robots":{"index":"index","follow":"follow","max-snippet":"max-snippet:-1","max-image-preview":"max-image-preview:large","max-video-preview":"max-video-preview:-1"},"og_locale":"ro_RO","og_type":"article","og_title":"Disc frana MERCEDES-BENZ ACTROS 2548 LS diesel 476 cai SBP 02-ME006 Mercedes | SBP - Autorival","og_description":"\u26a1 Disc frana MERCEDES-BENZ ACTROS 2548 LS diesel 476 cai SBP 02-ME006 pentru Mercedes la doar 536.55 RON. \u2713 Cod: 02-ME006 \u2713 Brand: SBP \u2713 \u00cen stoc \u2713 Livrare 24h \u2713 Garan\u021bie!","og_url":"https:\/\/autorival.ro\/mercedesbenz\/produs\/disc-frana-mercedes-benz-actros-2548-ls-diesel-476-cai-sbp-02-me006\/","og_site_name":"Mercedes","og_image":[{"width":400,"height":225,"url":"https:\/\/autorival.ro\/mercedesbenz\/wp-content\/uploads\/sites\/28\/2025\/07\/MERCEDES_BENZ0105-15922.png","type":"image\/png"}],"twitter_card":"summary_large_image","twitter_title":"Disc frana MERCEDES-BENZ ACTROS 2548 LS diesel 476 cai SBP 02-ME006 Mercedes | SBP - Autorival","twitter_description":"\u26a1 Disc frana MERCEDES-BENZ ACTROS 2548 LS diesel 476 cai SBP 02-ME006 pentru Mercedes la doar 536.55 RON. \u2713 Cod: 02-ME006 \u2713 Brand: SBP \u2713 \u00cen stoc \u2713 Livrare 24h \u2713 Garan\u021bie!","schema":{"@context":"https:\/\/schema.org","@graph":[{"@type":"WebPage","@id":"https:\/\/autorival.ro\/mercedesbenz\/produs\/disc-frana-mercedes-benz-actros-2548-ls-diesel-476-cai-sbp-02-me006\/","url":"https:\/\/autorival.ro\/mercedesbenz\/produs\/disc-frana-mercedes-benz-actros-2548-ls-diesel-476-cai-sbp-02-me006\/","name":"Disc frana MERCEDES-BENZ ACTROS 2548 LS diesel 476 cai SBP 02-ME006 Mercedes | SBP - Autorival","isPartOf":{"@id":"https:\/\/autorival.ro\/mercedesbenz\/#website"},"primaryImageOfPage":{"@id":"https:\/\/autorival.ro\/mercedesbenz\/produs\/disc-frana-mercedes-benz-actros-2548-ls-diesel-476-cai-sbp-02-me006\/#primaryimage"},"image":{"@id":"https:\/\/autorival.ro\/mercedesbenz\/produs\/disc-frana-mercedes-benz-actros-2548-ls-diesel-476-cai-sbp-02-me006\/#primaryimage"},"thumbnailUrl":"https:\/\/autorival.ro\/mercedesbenz\/wp-content\/uploads\/sites\/28\/2025\/07\/MERCEDES_BENZ0105-15922.png","datePublished":"2025-07-09T16:35:28+00:00","description":"\u26a1 Disc frana MERCEDES-BENZ ACTROS 2548 LS diesel 476 cai SBP 02-ME006 pentru Mercedes la doar 536.55 RON. \u2713 Cod: 02-ME006 \u2713 Brand: SBP \u2713 \u00cen stoc \u2713 Livrare 24h \u2713 Garan\u021bie!","breadcrumb":{"@id":"https:\/\/autorival.ro\/mercedesbenz\/produs\/disc-frana-mercedes-benz-actros-2548-ls-diesel-476-cai-sbp-02-me006\/#breadcrumb"},"inLanguage":"ro-RO","potentialAction":[{"@type":"ReadAction","target":["https:\/\/autorival.ro\/mercedesbenz\/produs\/disc-frana-mercedes-benz-actros-2548-ls-diesel-476-cai-sbp-02-me006\/"]}]},{"@type":"ImageObject","inLanguage":"ro-RO","@id":"https:\/\/autorival.ro\/mercedesbenz\/produs\/disc-frana-mercedes-benz-actros-2548-ls-diesel-476-cai-sbp-02-me006\/#primaryimage","url":"https:\/\/autorival.ro\/mercedesbenz\/wp-content\/uploads\/sites\/28\/2025\/07\/MERCEDES_BENZ0105-15922.png","contentUrl":"https:\/\/autorival.ro\/mercedesbenz\/wp-content\/uploads\/sites\/28\/2025\/07\/MERCEDES_BENZ0105-15922.png","width":400,"height":225,"caption":"Disc frana MERCEDES-BENZ ACTROS 2548 LS diesel 476 cai SBP 02-ME006"},{"@type":"BreadcrumbList","@id":"https:\/\/autorival.ro\/mercedesbenz\/produs\/disc-frana-mercedes-benz-actros-2548-ls-diesel-476-cai-sbp-02-me006\/#breadcrumb","itemListElement":[{"@type":"ListItem","position":1,"name":"Prima pagin\u0103","item":"https:\/\/autorival.ro\/mercedesbenz\/"},{"@type":"ListItem","position":2,"name":"Piese auto MERCEDES","item":"https:\/\/autorival.ro\/mercedesbenz\/"},{"@type":"ListItem","position":3,"name":"Disc frana MERCEDES-BENZ ACTROS 2548 LS diesel 476 cai SBP 02-ME006"}]},{"@type":"WebSite","@id":"https:\/\/autorival.ro\/mercedesbenz\/#website","url":"https:\/\/autorival.ro\/mercedesbenz\/","name":"Mercedes","description":"","potentialAction":[{"@type":"SearchAction","target":{"@type":"EntryPoint","urlTemplate":"https:\/\/autorival.ro\/mercedesbenz\/?s={search_term_string}"},"query-input":{"@type":"PropertyValueSpecification","valueRequired":true,"valueName":"search_term_string"}}],"inLanguage":"ro-RO"}]}},"_links":{"self":[{"href":"https:\/\/autorival.ro\/mercedesbenz\/wp-json\/wp\/v2\/product\/264483","targetHints":{"allow":["GET"]}}],"collection":[{"href":"https:\/\/autorival.ro\/mercedesbenz\/wp-json\/wp\/v2\/product"}],"about":[{"href":"https:\/\/autorival.ro\/mercedesbenz\/wp-json\/wp\/v2\/types\/product"}],"replies":[{"embeddable":true,"href":"https:\/\/autorival.ro\/mercedesbenz\/wp-json\/wp\/v2\/comments?post=264483"}],"wp:featuredmedia":[{"embeddable":true,"href":"https:\/\/autorival.ro\/mercedesbenz\/wp-json\/wp\/v2\/media\/264484"}],"wp:attachment":[{"href":"https:\/\/autorival.ro\/mercedesbenz\/wp-json\/wp\/v2\/media?parent=264483"}],"wp:term":[{"taxonomy":"product_brand","embeddable":true,"href":"https:\/\/autorival.ro\/mercedesbenz\/wp-json\/wp\/v2\/product_brand?post=264483"},{"taxonomy":"product_cat","embeddable":true,"href":"https:\/\/autorival.ro\/mercedesbenz\/wp-json\/wp\/v2\/product_cat?post=264483"},{"taxonomy":"product_tag","embeddable":true,"href":"https:\/\/autorival.ro\/mercedesbenz\/wp-json\/wp\/v2\/product_tag?post=264483"}],"curies":[{"name":"wp","href":"https:\/\/api.w.org\/{rel}","templated":true}]}}