{"id":259413,"date":"2025-07-09T15:28:34","date_gmt":"2025-07-09T15:28:34","guid":{"rendered":"https:\/\/autorival.ro\/mercedesbenz\/produs\/disc-frana-mercedes-benz-a-class-w177-a-180-d-177-010-diesel-116-cai-ate-24-0128-0327-1\/"},"modified":"2025-07-09T15:28:34","modified_gmt":"2025-07-09T15:28:34","slug":"disc-frana-mercedes-benz-a-class-w177-a-180-d-177-010-diesel-116-cai-ate-24-0128-0327-1","status":"publish","type":"product","link":"https:\/\/autorival.ro\/mercedesbenz\/produs\/disc-frana-mercedes-benz-a-class-w177-a-180-d-177-010-diesel-116-cai-ate-24-0128-0327-1\/","title":{"rendered":"Disc frana MERCEDES-BENZ A-CLASS (W177) A 180 d (177.010) diesel 116 cai ATE 24.0128-0327.1"},"content":{"rendered":"<p>Partea de montare: punte fataInstala\u021bie de fr\u00e2nare: pentru vehicule f\u0103r\u0103 instala\u021bie de fr\u00e2n\u0103 sport ->Diametru exterior [mm]: 305,0 ->Grosime disc fr\u00e2na [mm]: 28,0 ->Grosime minima [mm]: 25,4Tip disc fr\u00e2na: ventilatSuprafata: acoperit (cu un strat protector)Procesare: continut ridicat de carbonNumar gauri: 5Asezare gauri \u00d8 [mm]: 111,5\u00cenaltime [mm]: 51,0 ->Diametru de centrare [mm]: 67,0 ->Diametru interior [mm]: 155,0 ->Diametrul orificiului [mm]: 15,4Articol completare\/Info suplimentar 2: cu suruburiAprobare: E1 90R-02C0115\/1048Cod MAPP disponibil<\/p>\n","protected":false},"excerpt":{"rendered":"<p>Producator: ATE Cod producator: 24.0128-0327.1<\/p>\n","protected":false},"featured_media":259414,"comment_status":"open","ping_status":"closed","template":"","meta":[],"product_brand":[8935],"product_cat":[17999],"product_tag":[45906,45887,45802,54356,63029,45829,45795,45801],"class_list":{"0":"post-259413","1":"product","2":"type-product","3":"status-publish","4":"has-post-thumbnail","6":"product_brand-ate","7":"product_cat-disc-frana-w177-a-180-d-177-010-diesel-116","8":"product_tag-w177","9":"product_tag-45887","10":"product_tag-a-class","11":"product_tag-ate","12":"product_tag-disc","13":"product_tag-frana","14":"product_tag-mercedes","15":"product_tag-mercedes-benz","17":"first","18":"instock","19":"shipping-taxable","20":"purchasable","21":"product-type-simple"},"yoast_head":"<!-- This site is optimized with the Yoast SEO plugin v27.3 - https:\/\/yoast.com\/product\/yoast-seo-wordpress\/ -->\n<title>Disc frana MERCEDES-BENZ A-CLASS (W177) A 180 d (177.010) diesel 116 cai ATE 24.0128-0327.1 Mercedes | ATE - Autorival<\/title>\n<meta name=\"description\" content=\"\u26a1 Disc frana MERCEDES-BENZ A-CLASS (W177) A 180 d (177.010) diesel 116 cai ATE 24.0128-0327.1 pentru Mercedes la doar 370 RON. \u2713 Cod: 24 \u2713 Brand: ATE \u2713 \u00cen stoc \u2713 Livrare 24h \u2713 Garan\u021bie!\" \/>\n<meta name=\"robots\" content=\"index, follow, max-snippet:-1, max-image-preview:large, max-video-preview:-1\" \/>\n<meta property=\"og:locale\" content=\"ro_RO\" \/>\n<meta property=\"og:type\" content=\"article\" \/>\n<meta property=\"og:title\" content=\"Disc frana MERCEDES-BENZ A-CLASS (W177) A 180 d (177.010) diesel 116 cai ATE 24.0128-0327.1 Mercedes | ATE - Autorival\" \/>\n<meta property=\"og:description\" content=\"\u26a1 Disc frana MERCEDES-BENZ A-CLASS (W177) A 180 d (177.010) diesel 116 cai ATE 24.0128-0327.1 pentru Mercedes la doar 370 RON. \u2713 Cod: 24 \u2713 Brand: ATE \u2713 \u00cen stoc \u2713 Livrare 24h \u2713 Garan\u021bie!\" \/>\n<meta property=\"og:url\" content=\"https:\/\/autorival.ro\/mercedesbenz\/produs\/disc-frana-mercedes-benz-a-class-w177-a-180-d-177-010-diesel-116-cai-ate-24-0128-0327-1\/\" \/>\n<meta property=\"og:site_name\" content=\"Mercedes\" \/>\n<meta property=\"og:image\" content=\"https:\/\/autorival.ro\/mercedesbenz\/wp-content\/uploads\/sites\/28\/2025\/07\/428327-5.jpg\" \/>\n\t<meta property=\"og:image:width\" content=\"600\" \/>\n\t<meta property=\"og:image:height\" content=\"400\" \/>\n\t<meta property=\"og:image:type\" content=\"image\/jpeg\" \/>\n<meta name=\"twitter:card\" content=\"summary_large_image\" \/>\n<meta name=\"twitter:title\" content=\"Disc frana MERCEDES-BENZ A-CLASS (W177) A 180 d (177.010) diesel 116 cai ATE 24.0128-0327.1 Mercedes | ATE - Autorival\" \/>\n<meta name=\"twitter:description\" content=\"\u26a1 Disc frana MERCEDES-BENZ A-CLASS (W177) A 180 d (177.010) diesel 116 cai ATE 24.0128-0327.1 pentru Mercedes la doar 370 RON. \u2713 Cod: 24 \u2713 Brand: ATE \u2713 \u00cen stoc \u2713 Livrare 24h \u2713 Garan\u021bie!\" \/>\n<script type=\"application\/ld+json\" class=\"yoast-schema-graph\">{\"@context\":\"https:\\\/\\\/schema.org\",\"@graph\":[{\"@type\":\"WebPage\",\"@id\":\"https:\\\/\\\/autorival.ro\\\/mercedesbenz\\\/produs\\\/disc-frana-mercedes-benz-a-class-w177-a-180-d-177-010-diesel-116-cai-ate-24-0128-0327-1\\\/\",\"url\":\"https:\\\/\\\/autorival.ro\\\/mercedesbenz\\\/produs\\\/disc-frana-mercedes-benz-a-class-w177-a-180-d-177-010-diesel-116-cai-ate-24-0128-0327-1\\\/\",\"name\":\"Disc frana MERCEDES-BENZ A-CLASS (W177) A 180 d (177.010) diesel 116 cai ATE 24.0128-0327.1 Mercedes | ATE - Autorival\",\"isPartOf\":{\"@id\":\"https:\\\/\\\/autorival.ro\\\/mercedesbenz\\\/#website\"},\"primaryImageOfPage\":{\"@id\":\"https:\\\/\\\/autorival.ro\\\/mercedesbenz\\\/produs\\\/disc-frana-mercedes-benz-a-class-w177-a-180-d-177-010-diesel-116-cai-ate-24-0128-0327-1\\\/#primaryimage\"},\"image\":{\"@id\":\"https:\\\/\\\/autorival.ro\\\/mercedesbenz\\\/produs\\\/disc-frana-mercedes-benz-a-class-w177-a-180-d-177-010-diesel-116-cai-ate-24-0128-0327-1\\\/#primaryimage\"},\"thumbnailUrl\":\"https:\\\/\\\/autorival.ro\\\/mercedesbenz\\\/wp-content\\\/uploads\\\/sites\\\/28\\\/2025\\\/07\\\/428327-5.jpg\",\"datePublished\":\"2025-07-09T15:28:34+00:00\",\"description\":\"\u26a1 Disc frana MERCEDES-BENZ A-CLASS (W177) A 180 d (177.010) diesel 116 cai ATE 24.0128-0327.1 pentru Mercedes la doar 370 RON. \u2713 Cod: 24 \u2713 Brand: ATE \u2713 \u00cen stoc \u2713 Livrare 24h \u2713 Garan\u021bie!\",\"breadcrumb\":{\"@id\":\"https:\\\/\\\/autorival.ro\\\/mercedesbenz\\\/produs\\\/disc-frana-mercedes-benz-a-class-w177-a-180-d-177-010-diesel-116-cai-ate-24-0128-0327-1\\\/#breadcrumb\"},\"inLanguage\":\"ro-RO\",\"potentialAction\":[{\"@type\":\"ReadAction\",\"target\":[\"https:\\\/\\\/autorival.ro\\\/mercedesbenz\\\/produs\\\/disc-frana-mercedes-benz-a-class-w177-a-180-d-177-010-diesel-116-cai-ate-24-0128-0327-1\\\/\"]}]},{\"@type\":\"ImageObject\",\"inLanguage\":\"ro-RO\",\"@id\":\"https:\\\/\\\/autorival.ro\\\/mercedesbenz\\\/produs\\\/disc-frana-mercedes-benz-a-class-w177-a-180-d-177-010-diesel-116-cai-ate-24-0128-0327-1\\\/#primaryimage\",\"url\":\"https:\\\/\\\/autorival.ro\\\/mercedesbenz\\\/wp-content\\\/uploads\\\/sites\\\/28\\\/2025\\\/07\\\/428327-5.jpg\",\"contentUrl\":\"https:\\\/\\\/autorival.ro\\\/mercedesbenz\\\/wp-content\\\/uploads\\\/sites\\\/28\\\/2025\\\/07\\\/428327-5.jpg\",\"width\":600,\"height\":400,\"caption\":\"Disc frana MERCEDES-BENZ A-CLASS (W177) A 180 d (177.010) diesel 116 cai ATE 24.0128-0327.1\"},{\"@type\":\"BreadcrumbList\",\"@id\":\"https:\\\/\\\/autorival.ro\\\/mercedesbenz\\\/produs\\\/disc-frana-mercedes-benz-a-class-w177-a-180-d-177-010-diesel-116-cai-ate-24-0128-0327-1\\\/#breadcrumb\",\"itemListElement\":[{\"@type\":\"ListItem\",\"position\":1,\"name\":\"Prima pagin\u0103\",\"item\":\"https:\\\/\\\/autorival.ro\\\/mercedesbenz\\\/\"},{\"@type\":\"ListItem\",\"position\":2,\"name\":\"Piese auto MERCEDES\",\"item\":\"https:\\\/\\\/autorival.ro\\\/mercedesbenz\\\/\"},{\"@type\":\"ListItem\",\"position\":3,\"name\":\"Disc frana MERCEDES-BENZ A-CLASS (W177) A 180 d (177.010) diesel 116 cai ATE 24.0128-0327.1\"}]},{\"@type\":\"WebSite\",\"@id\":\"https:\\\/\\\/autorival.ro\\\/mercedesbenz\\\/#website\",\"url\":\"https:\\\/\\\/autorival.ro\\\/mercedesbenz\\\/\",\"name\":\"Mercedes\",\"description\":\"\",\"potentialAction\":[{\"@type\":\"SearchAction\",\"target\":{\"@type\":\"EntryPoint\",\"urlTemplate\":\"https:\\\/\\\/autorival.ro\\\/mercedesbenz\\\/?s={search_term_string}\"},\"query-input\":{\"@type\":\"PropertyValueSpecification\",\"valueRequired\":true,\"valueName\":\"search_term_string\"}}],\"inLanguage\":\"ro-RO\"}]}<\/script>\n<!-- \/ Yoast SEO plugin. -->","yoast_head_json":{"title":"Disc frana MERCEDES-BENZ A-CLASS (W177) A 180 d (177.010) diesel 116 cai ATE 24.0128-0327.1 Mercedes | ATE - Autorival","description":"\u26a1 Disc frana MERCEDES-BENZ A-CLASS (W177) A 180 d (177.010) diesel 116 cai ATE 24.0128-0327.1 pentru Mercedes la doar 370 RON. \u2713 Cod: 24 \u2713 Brand: ATE \u2713 \u00cen stoc \u2713 Livrare 24h \u2713 Garan\u021bie!","robots":{"index":"index","follow":"follow","max-snippet":"max-snippet:-1","max-image-preview":"max-image-preview:large","max-video-preview":"max-video-preview:-1"},"og_locale":"ro_RO","og_type":"article","og_title":"Disc frana MERCEDES-BENZ A-CLASS (W177) A 180 d (177.010) diesel 116 cai ATE 24.0128-0327.1 Mercedes | ATE - Autorival","og_description":"\u26a1 Disc frana MERCEDES-BENZ A-CLASS (W177) A 180 d (177.010) diesel 116 cai ATE 24.0128-0327.1 pentru Mercedes la doar 370 RON. \u2713 Cod: 24 \u2713 Brand: ATE \u2713 \u00cen stoc \u2713 Livrare 24h \u2713 Garan\u021bie!","og_url":"https:\/\/autorival.ro\/mercedesbenz\/produs\/disc-frana-mercedes-benz-a-class-w177-a-180-d-177-010-diesel-116-cai-ate-24-0128-0327-1\/","og_site_name":"Mercedes","og_image":[{"width":600,"height":400,"url":"https:\/\/autorival.ro\/mercedesbenz\/wp-content\/uploads\/sites\/28\/2025\/07\/428327-5.jpg","type":"image\/jpeg"}],"twitter_card":"summary_large_image","twitter_title":"Disc frana MERCEDES-BENZ A-CLASS (W177) A 180 d (177.010) diesel 116 cai ATE 24.0128-0327.1 Mercedes | ATE - Autorival","twitter_description":"\u26a1 Disc frana MERCEDES-BENZ A-CLASS (W177) A 180 d (177.010) diesel 116 cai ATE 24.0128-0327.1 pentru Mercedes la doar 370 RON. \u2713 Cod: 24 \u2713 Brand: ATE \u2713 \u00cen stoc \u2713 Livrare 24h \u2713 Garan\u021bie!","schema":{"@context":"https:\/\/schema.org","@graph":[{"@type":"WebPage","@id":"https:\/\/autorival.ro\/mercedesbenz\/produs\/disc-frana-mercedes-benz-a-class-w177-a-180-d-177-010-diesel-116-cai-ate-24-0128-0327-1\/","url":"https:\/\/autorival.ro\/mercedesbenz\/produs\/disc-frana-mercedes-benz-a-class-w177-a-180-d-177-010-diesel-116-cai-ate-24-0128-0327-1\/","name":"Disc frana MERCEDES-BENZ A-CLASS (W177) A 180 d (177.010) diesel 116 cai ATE 24.0128-0327.1 Mercedes | ATE - Autorival","isPartOf":{"@id":"https:\/\/autorival.ro\/mercedesbenz\/#website"},"primaryImageOfPage":{"@id":"https:\/\/autorival.ro\/mercedesbenz\/produs\/disc-frana-mercedes-benz-a-class-w177-a-180-d-177-010-diesel-116-cai-ate-24-0128-0327-1\/#primaryimage"},"image":{"@id":"https:\/\/autorival.ro\/mercedesbenz\/produs\/disc-frana-mercedes-benz-a-class-w177-a-180-d-177-010-diesel-116-cai-ate-24-0128-0327-1\/#primaryimage"},"thumbnailUrl":"https:\/\/autorival.ro\/mercedesbenz\/wp-content\/uploads\/sites\/28\/2025\/07\/428327-5.jpg","datePublished":"2025-07-09T15:28:34+00:00","description":"\u26a1 Disc frana MERCEDES-BENZ A-CLASS (W177) A 180 d (177.010) diesel 116 cai ATE 24.0128-0327.1 pentru Mercedes la doar 370 RON. \u2713 Cod: 24 \u2713 Brand: ATE \u2713 \u00cen stoc \u2713 Livrare 24h \u2713 Garan\u021bie!","breadcrumb":{"@id":"https:\/\/autorival.ro\/mercedesbenz\/produs\/disc-frana-mercedes-benz-a-class-w177-a-180-d-177-010-diesel-116-cai-ate-24-0128-0327-1\/#breadcrumb"},"inLanguage":"ro-RO","potentialAction":[{"@type":"ReadAction","target":["https:\/\/autorival.ro\/mercedesbenz\/produs\/disc-frana-mercedes-benz-a-class-w177-a-180-d-177-010-diesel-116-cai-ate-24-0128-0327-1\/"]}]},{"@type":"ImageObject","inLanguage":"ro-RO","@id":"https:\/\/autorival.ro\/mercedesbenz\/produs\/disc-frana-mercedes-benz-a-class-w177-a-180-d-177-010-diesel-116-cai-ate-24-0128-0327-1\/#primaryimage","url":"https:\/\/autorival.ro\/mercedesbenz\/wp-content\/uploads\/sites\/28\/2025\/07\/428327-5.jpg","contentUrl":"https:\/\/autorival.ro\/mercedesbenz\/wp-content\/uploads\/sites\/28\/2025\/07\/428327-5.jpg","width":600,"height":400,"caption":"Disc frana MERCEDES-BENZ A-CLASS (W177) A 180 d (177.010) diesel 116 cai ATE 24.0128-0327.1"},{"@type":"BreadcrumbList","@id":"https:\/\/autorival.ro\/mercedesbenz\/produs\/disc-frana-mercedes-benz-a-class-w177-a-180-d-177-010-diesel-116-cai-ate-24-0128-0327-1\/#breadcrumb","itemListElement":[{"@type":"ListItem","position":1,"name":"Prima pagin\u0103","item":"https:\/\/autorival.ro\/mercedesbenz\/"},{"@type":"ListItem","position":2,"name":"Piese auto MERCEDES","item":"https:\/\/autorival.ro\/mercedesbenz\/"},{"@type":"ListItem","position":3,"name":"Disc frana MERCEDES-BENZ A-CLASS (W177) A 180 d (177.010) diesel 116 cai ATE 24.0128-0327.1"}]},{"@type":"WebSite","@id":"https:\/\/autorival.ro\/mercedesbenz\/#website","url":"https:\/\/autorival.ro\/mercedesbenz\/","name":"Mercedes","description":"","potentialAction":[{"@type":"SearchAction","target":{"@type":"EntryPoint","urlTemplate":"https:\/\/autorival.ro\/mercedesbenz\/?s={search_term_string}"},"query-input":{"@type":"PropertyValueSpecification","valueRequired":true,"valueName":"search_term_string"}}],"inLanguage":"ro-RO"}]}},"_links":{"self":[{"href":"https:\/\/autorival.ro\/mercedesbenz\/wp-json\/wp\/v2\/product\/259413","targetHints":{"allow":["GET"]}}],"collection":[{"href":"https:\/\/autorival.ro\/mercedesbenz\/wp-json\/wp\/v2\/product"}],"about":[{"href":"https:\/\/autorival.ro\/mercedesbenz\/wp-json\/wp\/v2\/types\/product"}],"replies":[{"embeddable":true,"href":"https:\/\/autorival.ro\/mercedesbenz\/wp-json\/wp\/v2\/comments?post=259413"}],"wp:featuredmedia":[{"embeddable":true,"href":"https:\/\/autorival.ro\/mercedesbenz\/wp-json\/wp\/v2\/media\/259414"}],"wp:attachment":[{"href":"https:\/\/autorival.ro\/mercedesbenz\/wp-json\/wp\/v2\/media?parent=259413"}],"wp:term":[{"taxonomy":"product_brand","embeddable":true,"href":"https:\/\/autorival.ro\/mercedesbenz\/wp-json\/wp\/v2\/product_brand?post=259413"},{"taxonomy":"product_cat","embeddable":true,"href":"https:\/\/autorival.ro\/mercedesbenz\/wp-json\/wp\/v2\/product_cat?post=259413"},{"taxonomy":"product_tag","embeddable":true,"href":"https:\/\/autorival.ro\/mercedesbenz\/wp-json\/wp\/v2\/product_tag?post=259413"}],"curies":[{"name":"wp","href":"https:\/\/api.w.org\/{rel}","templated":true}]}}