{"id":220727,"date":"2025-07-09T07:29:20","date_gmt":"2025-07-09T07:29:20","guid":{"rendered":"https:\/\/autorival.ro\/mercedesbenz\/produs\/compresor-climatizare-mercedes-benz-a-class-w168-a-140-168-031-168-131-benzina-82-cai-bosch-1-986-ad1-040\/"},"modified":"2025-07-09T07:29:20","modified_gmt":"2025-07-09T07:29:20","slug":"compresor-climatizare-mercedes-benz-a-class-w168-a-140-168-031-168-131-benzina-82-cai-bosch-1-986-ad1-040","status":"publish","type":"product","link":"https:\/\/autorival.ro\/mercedesbenz\/produs\/compresor-climatizare-mercedes-benz-a-class-w168-a-140-168-031-168-131-benzina-82-cai-bosch-1-986-ad1-040\/","title":{"rendered":"Compresor climatizare MERCEDES-BENZ A-CLASS (W168) A 140 (168.031, 168.131) benzina 82 cai BOSCH 1 986 AD1 040"},"content":{"rendered":"<p>An fabricatie de la: 199710, 200103, 200301Separarea blocurilorAn fabricatie pana la: 200212Serie \u00c3\u02c6\u00e2\u201e\u00a2asiu (VIN)p\u00e2n\u0103 la: 882639Serie \u00c3\u02c6\u00e2\u201e\u00a2asiu (VIN) \u00eencep\u00e2nd cu: 882640Tensiune [V]: 12Numar de striatii: 5Fulie curea \u00d8 [mm]: 109 ->Diametru admisie [mm]: 16,5 ->Diametru evacuare [mm]: 13,7Cantitate umplere ulei [ml]: 115Ulei de compresor: PAG 46Agent frigorific: R 134aArticol completare\/Info suplimentar 2: cu instructiuni montaj, cu inel etansare<\/p>\n","protected":false},"excerpt":{"rendered":"<p>Producator: BOSCH Cod producator: 1 986 AD1 040<\/p>\n","protected":false},"featured_media":220728,"comment_status":"open","ping_status":"closed","template":"","meta":[],"product_brand":[296],"product_cat":[13503],"product_tag":[45809,45802,54263,45860,60537,46430,45795,45801],"class_list":{"0":"post-220727","1":"product","2":"type-product","3":"status-publish","4":"has-post-thumbnail","6":"product_brand-bosch","7":"product_cat-compresor-climatizare","8":"product_tag-w168","9":"product_tag-a-class","10":"product_tag-ad","11":"product_tag-bosch","12":"product_tag-climatizare","13":"product_tag-compresor","14":"product_tag-mercedes","15":"product_tag-mercedes-benz","17":"first","18":"instock","19":"shipping-taxable","20":"purchasable","21":"product-type-simple"},"yoast_head":"<!-- This site is optimized with the Yoast SEO plugin v27.3 - https:\/\/yoast.com\/product\/yoast-seo-wordpress\/ -->\n<title>Compresor climatizare MERCEDES-BENZ A-CLASS (W168) A 140 (168.031, 168.131) benzina 82 cai BOSCH 1 986 AD1 040 - Mercedes<\/title>\n<meta name=\"description\" content=\"Compresor climatizare MERCEDES-BENZ\" \/>\n<meta name=\"robots\" content=\"index, follow, max-snippet:-1, max-image-preview:large, max-video-preview:-1\" \/>\n<meta property=\"og:locale\" content=\"ro_RO\" \/>\n<meta property=\"og:type\" content=\"article\" \/>\n<meta property=\"og:title\" content=\"Compresor climatizare MERCEDES-BENZ A-CLASS (W168) A 140 (168.031, 168.131) benzina 82 cai BOSCH 1 986 AD1 040 - Mercedes\" \/>\n<meta property=\"og:description\" content=\"Compresor climatizare MERCEDES-BENZ\" \/>\n<meta property=\"og:url\" content=\"https:\/\/autorival.ro\/mercedesbenz\/produs\/compresor-climatizare-mercedes-benz-a-class-w168-a-140-168-031-168-131-benzina-82-cai-bosch-1-986-ad1-040\/\" \/>\n<meta property=\"og:site_name\" content=\"Mercedes\" \/>\n<meta property=\"og:image\" content=\"https:\/\/autorival.ro\/mercedesbenz\/wp-content\/uploads\/sites\/28\/2025\/07\/1986ad1040ph01whco0000.jpg\" \/>\n\t<meta property=\"og:image:width\" content=\"1024\" \/>\n\t<meta property=\"og:image:height\" content=\"1024\" \/>\n\t<meta property=\"og:image:type\" content=\"image\/jpeg\" \/>\n<meta name=\"twitter:card\" content=\"summary_large_image\" \/>\n<script type=\"application\/ld+json\" class=\"yoast-schema-graph\">{\"@context\":\"https:\\\/\\\/schema.org\",\"@graph\":[{\"@type\":\"WebPage\",\"@id\":\"https:\\\/\\\/autorival.ro\\\/mercedesbenz\\\/produs\\\/compresor-climatizare-mercedes-benz-a-class-w168-a-140-168-031-168-131-benzina-82-cai-bosch-1-986-ad1-040\\\/\",\"url\":\"https:\\\/\\\/autorival.ro\\\/mercedesbenz\\\/produs\\\/compresor-climatizare-mercedes-benz-a-class-w168-a-140-168-031-168-131-benzina-82-cai-bosch-1-986-ad1-040\\\/\",\"name\":\"Compresor climatizare MERCEDES-BENZ A-CLASS (W168) A 140 (168.031, 168.131) benzina 82 cai BOSCH 1 986 AD1 040 - Mercedes\",\"isPartOf\":{\"@id\":\"https:\\\/\\\/autorival.ro\\\/mercedesbenz\\\/#website\"},\"primaryImageOfPage\":{\"@id\":\"https:\\\/\\\/autorival.ro\\\/mercedesbenz\\\/produs\\\/compresor-climatizare-mercedes-benz-a-class-w168-a-140-168-031-168-131-benzina-82-cai-bosch-1-986-ad1-040\\\/#primaryimage\"},\"image\":{\"@id\":\"https:\\\/\\\/autorival.ro\\\/mercedesbenz\\\/produs\\\/compresor-climatizare-mercedes-benz-a-class-w168-a-140-168-031-168-131-benzina-82-cai-bosch-1-986-ad1-040\\\/#primaryimage\"},\"thumbnailUrl\":\"https:\\\/\\\/autorival.ro\\\/mercedesbenz\\\/wp-content\\\/uploads\\\/sites\\\/28\\\/2025\\\/07\\\/1986ad1040ph01whco0000.jpg\",\"datePublished\":\"2025-07-09T07:29:20+00:00\",\"description\":\"Compresor climatizare MERCEDES-BENZ\",\"breadcrumb\":{\"@id\":\"https:\\\/\\\/autorival.ro\\\/mercedesbenz\\\/produs\\\/compresor-climatizare-mercedes-benz-a-class-w168-a-140-168-031-168-131-benzina-82-cai-bosch-1-986-ad1-040\\\/#breadcrumb\"},\"inLanguage\":\"ro-RO\",\"potentialAction\":[{\"@type\":\"ReadAction\",\"target\":[\"https:\\\/\\\/autorival.ro\\\/mercedesbenz\\\/produs\\\/compresor-climatizare-mercedes-benz-a-class-w168-a-140-168-031-168-131-benzina-82-cai-bosch-1-986-ad1-040\\\/\"]}]},{\"@type\":\"ImageObject\",\"inLanguage\":\"ro-RO\",\"@id\":\"https:\\\/\\\/autorival.ro\\\/mercedesbenz\\\/produs\\\/compresor-climatizare-mercedes-benz-a-class-w168-a-140-168-031-168-131-benzina-82-cai-bosch-1-986-ad1-040\\\/#primaryimage\",\"url\":\"https:\\\/\\\/autorival.ro\\\/mercedesbenz\\\/wp-content\\\/uploads\\\/sites\\\/28\\\/2025\\\/07\\\/1986ad1040ph01whco0000.jpg\",\"contentUrl\":\"https:\\\/\\\/autorival.ro\\\/mercedesbenz\\\/wp-content\\\/uploads\\\/sites\\\/28\\\/2025\\\/07\\\/1986ad1040ph01whco0000.jpg\",\"width\":1024,\"height\":1024,\"caption\":\"Compresor climatizare MERCEDES-BENZ A-CLASS (W168) A 140 (168.031, 168.131) benzina 82 cai BOSCH 1 986 AD1 040\"},{\"@type\":\"BreadcrumbList\",\"@id\":\"https:\\\/\\\/autorival.ro\\\/mercedesbenz\\\/produs\\\/compresor-climatizare-mercedes-benz-a-class-w168-a-140-168-031-168-131-benzina-82-cai-bosch-1-986-ad1-040\\\/#breadcrumb\",\"itemListElement\":[{\"@type\":\"ListItem\",\"position\":1,\"name\":\"Prima pagin\u0103\",\"item\":\"https:\\\/\\\/autorival.ro\\\/mercedesbenz\\\/\"},{\"@type\":\"ListItem\",\"position\":2,\"name\":\"Piese auto MERCEDES\",\"item\":\"https:\\\/\\\/autorival.ro\\\/mercedesbenz\\\/\"},{\"@type\":\"ListItem\",\"position\":3,\"name\":\"Compresor climatizare MERCEDES-BENZ A-CLASS (W168) A 140 (168.031, 168.131) benzina 82 cai BOSCH 1 986 AD1 040\"}]},{\"@type\":\"WebSite\",\"@id\":\"https:\\\/\\\/autorival.ro\\\/mercedesbenz\\\/#website\",\"url\":\"https:\\\/\\\/autorival.ro\\\/mercedesbenz\\\/\",\"name\":\"Mercedes\",\"description\":\"\",\"potentialAction\":[{\"@type\":\"SearchAction\",\"target\":{\"@type\":\"EntryPoint\",\"urlTemplate\":\"https:\\\/\\\/autorival.ro\\\/mercedesbenz\\\/?s={search_term_string}\"},\"query-input\":{\"@type\":\"PropertyValueSpecification\",\"valueRequired\":true,\"valueName\":\"search_term_string\"}}],\"inLanguage\":\"ro-RO\"}]}<\/script>\n<!-- \/ Yoast SEO plugin. -->","yoast_head_json":{"title":"Compresor climatizare MERCEDES-BENZ A-CLASS (W168) A 140 (168.031, 168.131) benzina 82 cai BOSCH 1 986 AD1 040 - Mercedes","description":"Compresor climatizare MERCEDES-BENZ","robots":{"index":"index","follow":"follow","max-snippet":"max-snippet:-1","max-image-preview":"max-image-preview:large","max-video-preview":"max-video-preview:-1"},"og_locale":"ro_RO","og_type":"article","og_title":"Compresor climatizare MERCEDES-BENZ A-CLASS (W168) A 140 (168.031, 168.131) benzina 82 cai BOSCH 1 986 AD1 040 - Mercedes","og_description":"Compresor climatizare MERCEDES-BENZ","og_url":"https:\/\/autorival.ro\/mercedesbenz\/produs\/compresor-climatizare-mercedes-benz-a-class-w168-a-140-168-031-168-131-benzina-82-cai-bosch-1-986-ad1-040\/","og_site_name":"Mercedes","og_image":[{"width":1024,"height":1024,"url":"https:\/\/autorival.ro\/mercedesbenz\/wp-content\/uploads\/sites\/28\/2025\/07\/1986ad1040ph01whco0000.jpg","type":"image\/jpeg"}],"twitter_card":"summary_large_image","schema":{"@context":"https:\/\/schema.org","@graph":[{"@type":"WebPage","@id":"https:\/\/autorival.ro\/mercedesbenz\/produs\/compresor-climatizare-mercedes-benz-a-class-w168-a-140-168-031-168-131-benzina-82-cai-bosch-1-986-ad1-040\/","url":"https:\/\/autorival.ro\/mercedesbenz\/produs\/compresor-climatizare-mercedes-benz-a-class-w168-a-140-168-031-168-131-benzina-82-cai-bosch-1-986-ad1-040\/","name":"Compresor climatizare MERCEDES-BENZ A-CLASS (W168) A 140 (168.031, 168.131) benzina 82 cai BOSCH 1 986 AD1 040 - Mercedes","isPartOf":{"@id":"https:\/\/autorival.ro\/mercedesbenz\/#website"},"primaryImageOfPage":{"@id":"https:\/\/autorival.ro\/mercedesbenz\/produs\/compresor-climatizare-mercedes-benz-a-class-w168-a-140-168-031-168-131-benzina-82-cai-bosch-1-986-ad1-040\/#primaryimage"},"image":{"@id":"https:\/\/autorival.ro\/mercedesbenz\/produs\/compresor-climatizare-mercedes-benz-a-class-w168-a-140-168-031-168-131-benzina-82-cai-bosch-1-986-ad1-040\/#primaryimage"},"thumbnailUrl":"https:\/\/autorival.ro\/mercedesbenz\/wp-content\/uploads\/sites\/28\/2025\/07\/1986ad1040ph01whco0000.jpg","datePublished":"2025-07-09T07:29:20+00:00","description":"Compresor climatizare MERCEDES-BENZ","breadcrumb":{"@id":"https:\/\/autorival.ro\/mercedesbenz\/produs\/compresor-climatizare-mercedes-benz-a-class-w168-a-140-168-031-168-131-benzina-82-cai-bosch-1-986-ad1-040\/#breadcrumb"},"inLanguage":"ro-RO","potentialAction":[{"@type":"ReadAction","target":["https:\/\/autorival.ro\/mercedesbenz\/produs\/compresor-climatizare-mercedes-benz-a-class-w168-a-140-168-031-168-131-benzina-82-cai-bosch-1-986-ad1-040\/"]}]},{"@type":"ImageObject","inLanguage":"ro-RO","@id":"https:\/\/autorival.ro\/mercedesbenz\/produs\/compresor-climatizare-mercedes-benz-a-class-w168-a-140-168-031-168-131-benzina-82-cai-bosch-1-986-ad1-040\/#primaryimage","url":"https:\/\/autorival.ro\/mercedesbenz\/wp-content\/uploads\/sites\/28\/2025\/07\/1986ad1040ph01whco0000.jpg","contentUrl":"https:\/\/autorival.ro\/mercedesbenz\/wp-content\/uploads\/sites\/28\/2025\/07\/1986ad1040ph01whco0000.jpg","width":1024,"height":1024,"caption":"Compresor climatizare MERCEDES-BENZ A-CLASS (W168) A 140 (168.031, 168.131) benzina 82 cai BOSCH 1 986 AD1 040"},{"@type":"BreadcrumbList","@id":"https:\/\/autorival.ro\/mercedesbenz\/produs\/compresor-climatizare-mercedes-benz-a-class-w168-a-140-168-031-168-131-benzina-82-cai-bosch-1-986-ad1-040\/#breadcrumb","itemListElement":[{"@type":"ListItem","position":1,"name":"Prima pagin\u0103","item":"https:\/\/autorival.ro\/mercedesbenz\/"},{"@type":"ListItem","position":2,"name":"Piese auto MERCEDES","item":"https:\/\/autorival.ro\/mercedesbenz\/"},{"@type":"ListItem","position":3,"name":"Compresor climatizare MERCEDES-BENZ A-CLASS (W168) A 140 (168.031, 168.131) benzina 82 cai BOSCH 1 986 AD1 040"}]},{"@type":"WebSite","@id":"https:\/\/autorival.ro\/mercedesbenz\/#website","url":"https:\/\/autorival.ro\/mercedesbenz\/","name":"Mercedes","description":"","potentialAction":[{"@type":"SearchAction","target":{"@type":"EntryPoint","urlTemplate":"https:\/\/autorival.ro\/mercedesbenz\/?s={search_term_string}"},"query-input":{"@type":"PropertyValueSpecification","valueRequired":true,"valueName":"search_term_string"}}],"inLanguage":"ro-RO"}]}},"_links":{"self":[{"href":"https:\/\/autorival.ro\/mercedesbenz\/wp-json\/wp\/v2\/product\/220727","targetHints":{"allow":["GET"]}}],"collection":[{"href":"https:\/\/autorival.ro\/mercedesbenz\/wp-json\/wp\/v2\/product"}],"about":[{"href":"https:\/\/autorival.ro\/mercedesbenz\/wp-json\/wp\/v2\/types\/product"}],"replies":[{"embeddable":true,"href":"https:\/\/autorival.ro\/mercedesbenz\/wp-json\/wp\/v2\/comments?post=220727"}],"wp:featuredmedia":[{"embeddable":true,"href":"https:\/\/autorival.ro\/mercedesbenz\/wp-json\/wp\/v2\/media\/220728"}],"wp:attachment":[{"href":"https:\/\/autorival.ro\/mercedesbenz\/wp-json\/wp\/v2\/media?parent=220727"}],"wp:term":[{"taxonomy":"product_brand","embeddable":true,"href":"https:\/\/autorival.ro\/mercedesbenz\/wp-json\/wp\/v2\/product_brand?post=220727"},{"taxonomy":"product_cat","embeddable":true,"href":"https:\/\/autorival.ro\/mercedesbenz\/wp-json\/wp\/v2\/product_cat?post=220727"},{"taxonomy":"product_tag","embeddable":true,"href":"https:\/\/autorival.ro\/mercedesbenz\/wp-json\/wp\/v2\/product_tag?post=220727"}],"curies":[{"name":"wp","href":"https:\/\/api.w.org\/{rel}","templated":true}]}}