{"id":218229,"date":"2025-07-09T07:04:54","date_gmt":"2025-07-09T07:04:54","guid":{"rendered":"https:\/\/autorival.ro\/mercedesbenz\/produs\/clips-acoperire-decorativa-si-protectie-mercedes-benz-a-class-w169-e-cell-169-090-electric-68-cai-asam-automotive-34992\/"},"modified":"2025-07-09T07:04:54","modified_gmt":"2025-07-09T07:04:54","slug":"clips-acoperire-decorativa-si-protectie-mercedes-benz-a-class-w169-e-cell-169-090-electric-68-cai-asam-automotive-34992","status":"publish","type":"product","link":"https:\/\/autorival.ro\/mercedesbenz\/produs\/clips-acoperire-decorativa-si-protectie-mercedes-benz-a-class-w169-e-cell-169-090-electric-68-cai-asam-automotive-34992\/","title":{"rendered":"Clips acoperire decorativa si protectie MERCEDES-BENZ A-CLASS (W169) E-CELL (169.090) electric 68 cai ASAM AUTOMOTIVE 34992"},"content":{"rendered":"<p>Versiune: BMW, 3er, 5er, 7er, VAG, Mercedes-Benzpt. cod original (OE): 51 16 1 881 149, N 10259301, 000 990 34 92Partea de montare: Captuseala interioaraMaterial: plastic ->Diametru [mm]: 10\u00cenaltime 1 [mm]: 11,5\u00cenaltime 2 [mm]: 23,5Asezare gauri \u00d8 [mm]: 5,5ptr. diametrul orificiului de la [mm]: 5pana la diametrul cercului [mm]: 5,5 ->Grosime [mm]: 11,5, 23,5<\/p>\n","protected":false},"excerpt":{"rendered":"<p>Producator: ASAM AUTOMOTIVE Cod producator: 34992<\/p>\n","protected":false},"featured_media":218230,"comment_status":"open","ping_status":"closed","template":"","meta":[],"product_brand":[399],"product_cat":[13289],"product_tag":[45798,45966,45832,59854,59855,45795,45801,45800],"class_list":{"0":"post-218229","1":"product","2":"type-product","3":"status-publish","4":"has-post-thumbnail","6":"product_brand-asam-automotive","7":"product_cat-clips-acoperire-decorativa-si-protectie-w169-e-cell-169-090-electric-68","8":"product_tag-acoperire","9":"product_tag-asam","10":"product_tag-automotive","11":"product_tag-clips","12":"product_tag-decorativa","13":"product_tag-mercedes","14":"product_tag-mercedes-benz","15":"product_tag-protectie","17":"first","18":"instock","19":"shipping-taxable","20":"purchasable","21":"product-type-simple"},"yoast_head":"<!-- This site is optimized with the Yoast SEO plugin v27.4 - https:\/\/yoast.com\/product\/yoast-seo-wordpress\/ -->\n<title>Clips acoperire decorativa si protectie MERCEDES-BENZ A-CLASS (W169) E-CELL (169.090) electric 68 cai ASAM AUTOMOTIVE 34992 Mercedes | ASAM - Autorival<\/title>\n<meta name=\"description\" content=\"\u26a1 Clips acoperire decorativa si protectie MERCEDES-BENZ A-CLASS (W169) E-CELL (169.090) electric 68 cai ASAM AUTOMOTIVE 34992 pentru Mercedes la doar 19.22 RON. \u2713 Cod: 34992 \u2713 Brand: ASAM \u2713 \u00cen stoc \u2713 Livrare 24h \u2713 Garan\u021bie!\" \/>\n<meta name=\"robots\" content=\"index, follow, max-snippet:-1, max-image-preview:large, max-video-preview:-1\" \/>\n<meta property=\"og:locale\" content=\"ro_RO\" \/>\n<meta property=\"og:type\" content=\"article\" \/>\n<meta property=\"og:title\" content=\"Clips acoperire decorativa si protectie MERCEDES-BENZ A-CLASS (W169) E-CELL (169.090) electric 68 cai ASAM AUTOMOTIVE 34992 Mercedes | ASAM - Autorival\" \/>\n<meta property=\"og:description\" content=\"\u26a1 Clips acoperire decorativa si protectie MERCEDES-BENZ A-CLASS (W169) E-CELL (169.090) electric 68 cai ASAM AUTOMOTIVE 34992 pentru Mercedes la doar 19.22 RON. \u2713 Cod: 34992 \u2713 Brand: ASAM \u2713 \u00cen stoc \u2713 Livrare 24h \u2713 Garan\u021bie!\" \/>\n<meta property=\"og:url\" content=\"https:\/\/autorival.ro\/mercedesbenz\/produs\/clips-acoperire-decorativa-si-protectie-mercedes-benz-a-class-w169-e-cell-169-090-electric-68-cai-asam-automotive-34992\/\" \/>\n<meta property=\"og:site_name\" content=\"Mercedes\" \/>\n<meta property=\"og:image\" content=\"https:\/\/autorival.ro\/mercedesbenz\/wp-content\/uploads\/sites\/28\/2025\/07\/MERCEDES_BENZ0105-12344.png\" \/>\n\t<meta property=\"og:image:width\" content=\"400\" \/>\n\t<meta property=\"og:image:height\" content=\"225\" \/>\n\t<meta property=\"og:image:type\" content=\"image\/png\" \/>\n<meta name=\"twitter:card\" content=\"summary_large_image\" \/>\n<meta name=\"twitter:title\" content=\"Clips acoperire decorativa si protectie MERCEDES-BENZ A-CLASS (W169) E-CELL (169.090) electric 68 cai ASAM AUTOMOTIVE 34992 Mercedes | ASAM - Autorival\" \/>\n<meta name=\"twitter:description\" content=\"\u26a1 Clips acoperire decorativa si protectie MERCEDES-BENZ A-CLASS (W169) E-CELL (169.090) electric 68 cai ASAM AUTOMOTIVE 34992 pentru Mercedes la doar 19.22 RON. \u2713 Cod: 34992 \u2713 Brand: ASAM \u2713 \u00cen stoc \u2713 Livrare 24h \u2713 Garan\u021bie!\" \/>\n<script type=\"application\/ld+json\" class=\"yoast-schema-graph\">{\"@context\":\"https:\\\/\\\/schema.org\",\"@graph\":[{\"@type\":\"WebPage\",\"@id\":\"https:\\\/\\\/autorival.ro\\\/mercedesbenz\\\/produs\\\/clips-acoperire-decorativa-si-protectie-mercedes-benz-a-class-w169-e-cell-169-090-electric-68-cai-asam-automotive-34992\\\/\",\"url\":\"https:\\\/\\\/autorival.ro\\\/mercedesbenz\\\/produs\\\/clips-acoperire-decorativa-si-protectie-mercedes-benz-a-class-w169-e-cell-169-090-electric-68-cai-asam-automotive-34992\\\/\",\"name\":\"Clips acoperire decorativa si protectie MERCEDES-BENZ A-CLASS (W169) E-CELL (169.090) electric 68 cai ASAM AUTOMOTIVE 34992 Mercedes | ASAM - Autorival\",\"isPartOf\":{\"@id\":\"https:\\\/\\\/autorival.ro\\\/mercedesbenz\\\/#website\"},\"primaryImageOfPage\":{\"@id\":\"https:\\\/\\\/autorival.ro\\\/mercedesbenz\\\/produs\\\/clips-acoperire-decorativa-si-protectie-mercedes-benz-a-class-w169-e-cell-169-090-electric-68-cai-asam-automotive-34992\\\/#primaryimage\"},\"image\":{\"@id\":\"https:\\\/\\\/autorival.ro\\\/mercedesbenz\\\/produs\\\/clips-acoperire-decorativa-si-protectie-mercedes-benz-a-class-w169-e-cell-169-090-electric-68-cai-asam-automotive-34992\\\/#primaryimage\"},\"thumbnailUrl\":\"https:\\\/\\\/autorival.ro\\\/mercedesbenz\\\/wp-content\\\/uploads\\\/sites\\\/28\\\/2025\\\/07\\\/MERCEDES_BENZ0105-12344.png\",\"datePublished\":\"2025-07-09T07:04:54+00:00\",\"description\":\"\u26a1 Clips acoperire decorativa si protectie MERCEDES-BENZ A-CLASS (W169) E-CELL (169.090) electric 68 cai ASAM AUTOMOTIVE 34992 pentru Mercedes la doar 19.22 RON. \u2713 Cod: 34992 \u2713 Brand: ASAM \u2713 \u00cen stoc \u2713 Livrare 24h \u2713 Garan\u021bie!\",\"breadcrumb\":{\"@id\":\"https:\\\/\\\/autorival.ro\\\/mercedesbenz\\\/produs\\\/clips-acoperire-decorativa-si-protectie-mercedes-benz-a-class-w169-e-cell-169-090-electric-68-cai-asam-automotive-34992\\\/#breadcrumb\"},\"inLanguage\":\"ro-RO\",\"potentialAction\":[{\"@type\":\"ReadAction\",\"target\":[\"https:\\\/\\\/autorival.ro\\\/mercedesbenz\\\/produs\\\/clips-acoperire-decorativa-si-protectie-mercedes-benz-a-class-w169-e-cell-169-090-electric-68-cai-asam-automotive-34992\\\/\"]}]},{\"@type\":\"ImageObject\",\"inLanguage\":\"ro-RO\",\"@id\":\"https:\\\/\\\/autorival.ro\\\/mercedesbenz\\\/produs\\\/clips-acoperire-decorativa-si-protectie-mercedes-benz-a-class-w169-e-cell-169-090-electric-68-cai-asam-automotive-34992\\\/#primaryimage\",\"url\":\"https:\\\/\\\/autorival.ro\\\/mercedesbenz\\\/wp-content\\\/uploads\\\/sites\\\/28\\\/2025\\\/07\\\/MERCEDES_BENZ0105-12344.png\",\"contentUrl\":\"https:\\\/\\\/autorival.ro\\\/mercedesbenz\\\/wp-content\\\/uploads\\\/sites\\\/28\\\/2025\\\/07\\\/MERCEDES_BENZ0105-12344.png\",\"width\":400,\"height\":225,\"caption\":\"Clips acoperire decorativa si protectie MERCEDES-BENZ A-CLASS (W169) E-CELL (169.090) electric 68 cai ASAM AUTOMOTIVE 34992\"},{\"@type\":\"BreadcrumbList\",\"@id\":\"https:\\\/\\\/autorival.ro\\\/mercedesbenz\\\/produs\\\/clips-acoperire-decorativa-si-protectie-mercedes-benz-a-class-w169-e-cell-169-090-electric-68-cai-asam-automotive-34992\\\/#breadcrumb\",\"itemListElement\":[{\"@type\":\"ListItem\",\"position\":1,\"name\":\"Prima pagin\u0103\",\"item\":\"https:\\\/\\\/autorival.ro\\\/mercedesbenz\\\/\"},{\"@type\":\"ListItem\",\"position\":2,\"name\":\"Piese auto MERCEDES\",\"item\":\"https:\\\/\\\/autorival.ro\\\/mercedesbenz\\\/\"},{\"@type\":\"ListItem\",\"position\":3,\"name\":\"Clips acoperire decorativa si protectie MERCEDES-BENZ A-CLASS (W169) E-CELL (169.090) electric 68 cai ASAM AUTOMOTIVE 34992\"}]},{\"@type\":\"WebSite\",\"@id\":\"https:\\\/\\\/autorival.ro\\\/mercedesbenz\\\/#website\",\"url\":\"https:\\\/\\\/autorival.ro\\\/mercedesbenz\\\/\",\"name\":\"Mercedes\",\"description\":\"\",\"potentialAction\":[{\"@type\":\"SearchAction\",\"target\":{\"@type\":\"EntryPoint\",\"urlTemplate\":\"https:\\\/\\\/autorival.ro\\\/mercedesbenz\\\/?s={search_term_string}\"},\"query-input\":{\"@type\":\"PropertyValueSpecification\",\"valueRequired\":true,\"valueName\":\"search_term_string\"}}],\"inLanguage\":\"ro-RO\"}]}<\/script>\n<!-- \/ Yoast SEO plugin. -->","yoast_head_json":{"title":"Clips acoperire decorativa si protectie MERCEDES-BENZ A-CLASS (W169) E-CELL (169.090) electric 68 cai ASAM AUTOMOTIVE 34992 Mercedes | ASAM - Autorival","description":"\u26a1 Clips acoperire decorativa si protectie MERCEDES-BENZ A-CLASS (W169) E-CELL (169.090) electric 68 cai ASAM AUTOMOTIVE 34992 pentru Mercedes la doar 19.22 RON. \u2713 Cod: 34992 \u2713 Brand: ASAM \u2713 \u00cen stoc \u2713 Livrare 24h \u2713 Garan\u021bie!","robots":{"index":"index","follow":"follow","max-snippet":"max-snippet:-1","max-image-preview":"max-image-preview:large","max-video-preview":"max-video-preview:-1"},"og_locale":"ro_RO","og_type":"article","og_title":"Clips acoperire decorativa si protectie MERCEDES-BENZ A-CLASS (W169) E-CELL (169.090) electric 68 cai ASAM AUTOMOTIVE 34992 Mercedes | ASAM - Autorival","og_description":"\u26a1 Clips acoperire decorativa si protectie MERCEDES-BENZ A-CLASS (W169) E-CELL (169.090) electric 68 cai ASAM AUTOMOTIVE 34992 pentru Mercedes la doar 19.22 RON. \u2713 Cod: 34992 \u2713 Brand: ASAM \u2713 \u00cen stoc \u2713 Livrare 24h \u2713 Garan\u021bie!","og_url":"https:\/\/autorival.ro\/mercedesbenz\/produs\/clips-acoperire-decorativa-si-protectie-mercedes-benz-a-class-w169-e-cell-169-090-electric-68-cai-asam-automotive-34992\/","og_site_name":"Mercedes","og_image":[{"width":400,"height":225,"url":"https:\/\/autorival.ro\/mercedesbenz\/wp-content\/uploads\/sites\/28\/2025\/07\/MERCEDES_BENZ0105-12344.png","type":"image\/png"}],"twitter_card":"summary_large_image","twitter_title":"Clips acoperire decorativa si protectie MERCEDES-BENZ A-CLASS (W169) E-CELL (169.090) electric 68 cai ASAM AUTOMOTIVE 34992 Mercedes | ASAM - Autorival","twitter_description":"\u26a1 Clips acoperire decorativa si protectie MERCEDES-BENZ A-CLASS (W169) E-CELL (169.090) electric 68 cai ASAM AUTOMOTIVE 34992 pentru Mercedes la doar 19.22 RON. \u2713 Cod: 34992 \u2713 Brand: ASAM \u2713 \u00cen stoc \u2713 Livrare 24h \u2713 Garan\u021bie!","schema":{"@context":"https:\/\/schema.org","@graph":[{"@type":"WebPage","@id":"https:\/\/autorival.ro\/mercedesbenz\/produs\/clips-acoperire-decorativa-si-protectie-mercedes-benz-a-class-w169-e-cell-169-090-electric-68-cai-asam-automotive-34992\/","url":"https:\/\/autorival.ro\/mercedesbenz\/produs\/clips-acoperire-decorativa-si-protectie-mercedes-benz-a-class-w169-e-cell-169-090-electric-68-cai-asam-automotive-34992\/","name":"Clips acoperire decorativa si protectie MERCEDES-BENZ A-CLASS (W169) E-CELL (169.090) electric 68 cai ASAM AUTOMOTIVE 34992 Mercedes | ASAM - Autorival","isPartOf":{"@id":"https:\/\/autorival.ro\/mercedesbenz\/#website"},"primaryImageOfPage":{"@id":"https:\/\/autorival.ro\/mercedesbenz\/produs\/clips-acoperire-decorativa-si-protectie-mercedes-benz-a-class-w169-e-cell-169-090-electric-68-cai-asam-automotive-34992\/#primaryimage"},"image":{"@id":"https:\/\/autorival.ro\/mercedesbenz\/produs\/clips-acoperire-decorativa-si-protectie-mercedes-benz-a-class-w169-e-cell-169-090-electric-68-cai-asam-automotive-34992\/#primaryimage"},"thumbnailUrl":"https:\/\/autorival.ro\/mercedesbenz\/wp-content\/uploads\/sites\/28\/2025\/07\/MERCEDES_BENZ0105-12344.png","datePublished":"2025-07-09T07:04:54+00:00","description":"\u26a1 Clips acoperire decorativa si protectie MERCEDES-BENZ A-CLASS (W169) E-CELL (169.090) electric 68 cai ASAM AUTOMOTIVE 34992 pentru Mercedes la doar 19.22 RON. \u2713 Cod: 34992 \u2713 Brand: ASAM \u2713 \u00cen stoc \u2713 Livrare 24h \u2713 Garan\u021bie!","breadcrumb":{"@id":"https:\/\/autorival.ro\/mercedesbenz\/produs\/clips-acoperire-decorativa-si-protectie-mercedes-benz-a-class-w169-e-cell-169-090-electric-68-cai-asam-automotive-34992\/#breadcrumb"},"inLanguage":"ro-RO","potentialAction":[{"@type":"ReadAction","target":["https:\/\/autorival.ro\/mercedesbenz\/produs\/clips-acoperire-decorativa-si-protectie-mercedes-benz-a-class-w169-e-cell-169-090-electric-68-cai-asam-automotive-34992\/"]}]},{"@type":"ImageObject","inLanguage":"ro-RO","@id":"https:\/\/autorival.ro\/mercedesbenz\/produs\/clips-acoperire-decorativa-si-protectie-mercedes-benz-a-class-w169-e-cell-169-090-electric-68-cai-asam-automotive-34992\/#primaryimage","url":"https:\/\/autorival.ro\/mercedesbenz\/wp-content\/uploads\/sites\/28\/2025\/07\/MERCEDES_BENZ0105-12344.png","contentUrl":"https:\/\/autorival.ro\/mercedesbenz\/wp-content\/uploads\/sites\/28\/2025\/07\/MERCEDES_BENZ0105-12344.png","width":400,"height":225,"caption":"Clips acoperire decorativa si protectie MERCEDES-BENZ A-CLASS (W169) E-CELL (169.090) electric 68 cai ASAM AUTOMOTIVE 34992"},{"@type":"BreadcrumbList","@id":"https:\/\/autorival.ro\/mercedesbenz\/produs\/clips-acoperire-decorativa-si-protectie-mercedes-benz-a-class-w169-e-cell-169-090-electric-68-cai-asam-automotive-34992\/#breadcrumb","itemListElement":[{"@type":"ListItem","position":1,"name":"Prima pagin\u0103","item":"https:\/\/autorival.ro\/mercedesbenz\/"},{"@type":"ListItem","position":2,"name":"Piese auto MERCEDES","item":"https:\/\/autorival.ro\/mercedesbenz\/"},{"@type":"ListItem","position":3,"name":"Clips acoperire decorativa si protectie MERCEDES-BENZ A-CLASS (W169) E-CELL (169.090) electric 68 cai ASAM AUTOMOTIVE 34992"}]},{"@type":"WebSite","@id":"https:\/\/autorival.ro\/mercedesbenz\/#website","url":"https:\/\/autorival.ro\/mercedesbenz\/","name":"Mercedes","description":"","potentialAction":[{"@type":"SearchAction","target":{"@type":"EntryPoint","urlTemplate":"https:\/\/autorival.ro\/mercedesbenz\/?s={search_term_string}"},"query-input":{"@type":"PropertyValueSpecification","valueRequired":true,"valueName":"search_term_string"}}],"inLanguage":"ro-RO"}]}},"_links":{"self":[{"href":"https:\/\/autorival.ro\/mercedesbenz\/wp-json\/wp\/v2\/product\/218229","targetHints":{"allow":["GET"]}}],"collection":[{"href":"https:\/\/autorival.ro\/mercedesbenz\/wp-json\/wp\/v2\/product"}],"about":[{"href":"https:\/\/autorival.ro\/mercedesbenz\/wp-json\/wp\/v2\/types\/product"}],"replies":[{"embeddable":true,"href":"https:\/\/autorival.ro\/mercedesbenz\/wp-json\/wp\/v2\/comments?post=218229"}],"wp:featuredmedia":[{"embeddable":true,"href":"https:\/\/autorival.ro\/mercedesbenz\/wp-json\/wp\/v2\/media\/218230"}],"wp:attachment":[{"href":"https:\/\/autorival.ro\/mercedesbenz\/wp-json\/wp\/v2\/media?parent=218229"}],"wp:term":[{"taxonomy":"product_brand","embeddable":true,"href":"https:\/\/autorival.ro\/mercedesbenz\/wp-json\/wp\/v2\/product_brand?post=218229"},{"taxonomy":"product_cat","embeddable":true,"href":"https:\/\/autorival.ro\/mercedesbenz\/wp-json\/wp\/v2\/product_cat?post=218229"},{"taxonomy":"product_tag","embeddable":true,"href":"https:\/\/autorival.ro\/mercedesbenz\/wp-json\/wp\/v2\/product_tag?post=218229"}],"curies":[{"name":"wp","href":"https:\/\/api.w.org\/{rel}","templated":true}]}}