{"id":82997,"date":"2025-05-13T03:43:00","date_gmt":"2025-05-13T03:43:00","guid":{"rendered":"https:\/\/autorival.ro\/mazda\/product\/etrier-frana-mazda-6-limuzina-gj-gl-2-5-benzina-194-cai-kamoka-jbc1164\/"},"modified":"2025-05-13T03:43:00","modified_gmt":"2025-05-13T03:43:00","slug":"etrier-frana-mazda-6-limuzina-gj-gl-2-5-benzina-194-cai-kamoka-jbc1164","status":"publish","type":"product","link":"https:\/\/autorival.ro\/mazda\/product\/etrier-frana-mazda-6-limuzina-gj-gl-2-5-benzina-194-cai-kamoka-jbc1164\/","title":{"rendered":"Etrier frana MAZDA 6 limuzina (GJ, GL) 2.5 benzina 194 cai KAMOKA JBC1164"},"content":{"rendered":"<p>Partea de montare: Axa spate dreapta ->Diametrul pistonului [mm]: 38Sistem de fr\u00e2nare: TRWMaterial: FontaTip etrier fr\u00e2na: Etrier de fr\u00e2n\u0103 (1 piston)Nr. de cuplaje: 1Echipament vehicul: pentru vehicule cu fr\u00e2n\u0103 de parcare electric\u0103pentru grosime disc frana [mm]: 10Numar articol par: JBC1163<\/p>\n","protected":false},"excerpt":{"rendered":"<p>Producator: KAMOKA Cod producator: JBC1164<\/p>\n","protected":false},"featured_media":82765,"comment_status":"open","ping_status":"closed","template":"","meta":[],"product_brand":[322],"product_cat":[6385],"product_tag":[17469,17470,17280,17930,17341,17275,17249],"class_list":{"0":"post-82997","1":"product","2":"type-product","3":"status-publish","4":"has-post-thumbnail","6":"product_brand-kamoka","7":"product_cat-etrier-frana-limuzina-gj-gl-2-5-benzina-194","8":"product_tag-etrier","9":"product_tag-frana","10":"product_tag-gl","11":"product_tag-jbc","12":"product_tag-kamoka","13":"product_tag-limuzina","14":"product_tag-mazda","16":"first","17":"instock","18":"shipping-taxable","19":"purchasable","20":"product-type-simple"},"yoast_head":"<!-- This site is optimized with the Yoast SEO plugin v27.3 - https:\/\/yoast.com\/product\/yoast-seo-wordpress\/ -->\n<title>Etrier frana MAZDA 6 limuzina (GJ, GL) 2.5 benzina 194 cai KAMOKA JBC1164 MAZDA | KAMOKA - Autorival<\/title>\n<meta name=\"description\" content=\"\u26a1 Etrier frana MAZDA 6 limuzina (GJ, GL) 2.5 benzina 194 cai KAMOKA JBC1164 pentru MAZDA la doar 1368.15 RON. \u2713 Cod: JBC1164 \u2713 Brand: KAMOKA \u2713 \u00cen stoc \u2713 Livrare 24h \u2713 Garan\u021bie!\" \/>\n<meta name=\"robots\" content=\"index, follow, max-snippet:-1, max-image-preview:large, max-video-preview:-1\" \/>\n<meta property=\"og:locale\" content=\"en_US\" \/>\n<meta property=\"og:type\" content=\"article\" \/>\n<meta property=\"og:title\" content=\"Etrier frana MAZDA 6 limuzina (GJ, GL) 2.5 benzina 194 cai KAMOKA JBC1164 MAZDA | KAMOKA - Autorival\" \/>\n<meta property=\"og:description\" content=\"\u26a1 Etrier frana MAZDA 6 limuzina (GJ, GL) 2.5 benzina 194 cai KAMOKA JBC1164 pentru MAZDA la doar 1368.15 RON. \u2713 Cod: JBC1164 \u2713 Brand: KAMOKA \u2713 \u00cen stoc \u2713 Livrare 24h \u2713 Garan\u021bie!\" \/>\n<meta property=\"og:url\" content=\"https:\/\/autorival.ro\/mazda\/product\/etrier-frana-mazda-6-limuzina-gj-gl-2-5-benzina-194-cai-kamoka-jbc1164\/\" \/>\n<meta property=\"og:site_name\" content=\"MAZDA\" \/>\n<meta property=\"og:image\" content=\"https:\/\/autorival.ro\/mazda\/wp-content\/uploads\/sites\/16\/2025\/05\/jbc1164_a-2.jpg\" \/>\n\t<meta property=\"og:image:width\" content=\"640\" \/>\n\t<meta property=\"og:image:height\" content=\"427\" \/>\n\t<meta property=\"og:image:type\" content=\"image\/jpeg\" \/>\n<meta name=\"twitter:card\" content=\"summary_large_image\" \/>\n<meta name=\"twitter:title\" content=\"Etrier frana MAZDA 6 limuzina (GJ, GL) 2.5 benzina 194 cai KAMOKA JBC1164 MAZDA | KAMOKA - Autorival\" \/>\n<meta name=\"twitter:description\" content=\"\u26a1 Etrier frana MAZDA 6 limuzina (GJ, GL) 2.5 benzina 194 cai KAMOKA JBC1164 pentru MAZDA la doar 1368.15 RON. \u2713 Cod: JBC1164 \u2713 Brand: KAMOKA \u2713 \u00cen stoc \u2713 Livrare 24h \u2713 Garan\u021bie!\" \/>\n<script type=\"application\/ld+json\" class=\"yoast-schema-graph\">{\"@context\":\"https:\\\/\\\/schema.org\",\"@graph\":[{\"@type\":\"WebPage\",\"@id\":\"https:\\\/\\\/autorival.ro\\\/mazda\\\/product\\\/etrier-frana-mazda-6-limuzina-gj-gl-2-5-benzina-194-cai-kamoka-jbc1164\\\/\",\"url\":\"https:\\\/\\\/autorival.ro\\\/mazda\\\/product\\\/etrier-frana-mazda-6-limuzina-gj-gl-2-5-benzina-194-cai-kamoka-jbc1164\\\/\",\"name\":\"Etrier frana MAZDA 6 limuzina (GJ, GL) 2.5 benzina 194 cai KAMOKA JBC1164 MAZDA | KAMOKA - Autorival\",\"isPartOf\":{\"@id\":\"https:\\\/\\\/autorival.ro\\\/mazda\\\/#website\"},\"primaryImageOfPage\":{\"@id\":\"https:\\\/\\\/autorival.ro\\\/mazda\\\/product\\\/etrier-frana-mazda-6-limuzina-gj-gl-2-5-benzina-194-cai-kamoka-jbc1164\\\/#primaryimage\"},\"image\":{\"@id\":\"https:\\\/\\\/autorival.ro\\\/mazda\\\/product\\\/etrier-frana-mazda-6-limuzina-gj-gl-2-5-benzina-194-cai-kamoka-jbc1164\\\/#primaryimage\"},\"thumbnailUrl\":\"https:\\\/\\\/autorival.ro\\\/mazda\\\/wp-content\\\/uploads\\\/sites\\\/16\\\/2025\\\/05\\\/jbc1164_a-2.jpg\",\"datePublished\":\"2025-05-13T03:43:00+00:00\",\"description\":\"\u26a1 Etrier frana MAZDA 6 limuzina (GJ, GL) 2.5 benzina 194 cai KAMOKA JBC1164 pentru MAZDA la doar 1368.15 RON. \u2713 Cod: JBC1164 \u2713 Brand: KAMOKA \u2713 \u00cen stoc \u2713 Livrare 24h \u2713 Garan\u021bie!\",\"breadcrumb\":{\"@id\":\"https:\\\/\\\/autorival.ro\\\/mazda\\\/product\\\/etrier-frana-mazda-6-limuzina-gj-gl-2-5-benzina-194-cai-kamoka-jbc1164\\\/#breadcrumb\"},\"inLanguage\":\"en-US\",\"potentialAction\":[{\"@type\":\"ReadAction\",\"target\":[\"https:\\\/\\\/autorival.ro\\\/mazda\\\/product\\\/etrier-frana-mazda-6-limuzina-gj-gl-2-5-benzina-194-cai-kamoka-jbc1164\\\/\"]}]},{\"@type\":\"ImageObject\",\"inLanguage\":\"en-US\",\"@id\":\"https:\\\/\\\/autorival.ro\\\/mazda\\\/product\\\/etrier-frana-mazda-6-limuzina-gj-gl-2-5-benzina-194-cai-kamoka-jbc1164\\\/#primaryimage\",\"url\":\"https:\\\/\\\/autorival.ro\\\/mazda\\\/wp-content\\\/uploads\\\/sites\\\/16\\\/2025\\\/05\\\/jbc1164_a-2.jpg\",\"contentUrl\":\"https:\\\/\\\/autorival.ro\\\/mazda\\\/wp-content\\\/uploads\\\/sites\\\/16\\\/2025\\\/05\\\/jbc1164_a-2.jpg\",\"width\":640,\"height\":427,\"caption\":\"Etrier frana MAZDA 6 limuzina (GJ, GL) 2.0 (GJEFP) benzina 165 cai KAMOKA JBC1164\"},{\"@type\":\"BreadcrumbList\",\"@id\":\"https:\\\/\\\/autorival.ro\\\/mazda\\\/product\\\/etrier-frana-mazda-6-limuzina-gj-gl-2-5-benzina-194-cai-kamoka-jbc1164\\\/#breadcrumb\",\"itemListElement\":[{\"@type\":\"ListItem\",\"position\":1,\"name\":\"Prima pagin\u0103\",\"item\":\"https:\\\/\\\/autorival.ro\\\/mazda\\\/\"},{\"@type\":\"ListItem\",\"position\":2,\"name\":\"Piese auto MAZDA\",\"item\":\"https:\\\/\\\/autorival.ro\\\/mazda\\\/\"},{\"@type\":\"ListItem\",\"position\":3,\"name\":\"Etrier frana MAZDA 6 limuzina (GJ, GL) 2.5 benzina 194 cai KAMOKA JBC1164\"}]},{\"@type\":\"WebSite\",\"@id\":\"https:\\\/\\\/autorival.ro\\\/mazda\\\/#website\",\"url\":\"https:\\\/\\\/autorival.ro\\\/mazda\\\/\",\"name\":\"MAZDA\",\"description\":\"\",\"potentialAction\":[{\"@type\":\"SearchAction\",\"target\":{\"@type\":\"EntryPoint\",\"urlTemplate\":\"https:\\\/\\\/autorival.ro\\\/mazda\\\/?s={search_term_string}\"},\"query-input\":{\"@type\":\"PropertyValueSpecification\",\"valueRequired\":true,\"valueName\":\"search_term_string\"}}],\"inLanguage\":\"en-US\"}]}<\/script>\n<!-- \/ Yoast SEO plugin. -->","yoast_head_json":{"title":"Etrier frana MAZDA 6 limuzina (GJ, GL) 2.5 benzina 194 cai KAMOKA JBC1164 MAZDA | KAMOKA - Autorival","description":"\u26a1 Etrier frana MAZDA 6 limuzina (GJ, GL) 2.5 benzina 194 cai KAMOKA JBC1164 pentru MAZDA la doar 1368.15 RON. \u2713 Cod: JBC1164 \u2713 Brand: KAMOKA \u2713 \u00cen stoc \u2713 Livrare 24h \u2713 Garan\u021bie!","robots":{"index":"index","follow":"follow","max-snippet":"max-snippet:-1","max-image-preview":"max-image-preview:large","max-video-preview":"max-video-preview:-1"},"og_locale":"en_US","og_type":"article","og_title":"Etrier frana MAZDA 6 limuzina (GJ, GL) 2.5 benzina 194 cai KAMOKA JBC1164 MAZDA | KAMOKA - Autorival","og_description":"\u26a1 Etrier frana MAZDA 6 limuzina (GJ, GL) 2.5 benzina 194 cai KAMOKA JBC1164 pentru MAZDA la doar 1368.15 RON. \u2713 Cod: JBC1164 \u2713 Brand: KAMOKA \u2713 \u00cen stoc \u2713 Livrare 24h \u2713 Garan\u021bie!","og_url":"https:\/\/autorival.ro\/mazda\/product\/etrier-frana-mazda-6-limuzina-gj-gl-2-5-benzina-194-cai-kamoka-jbc1164\/","og_site_name":"MAZDA","og_image":[{"width":640,"height":427,"url":"https:\/\/autorival.ro\/mazda\/wp-content\/uploads\/sites\/16\/2025\/05\/jbc1164_a-2.jpg","type":"image\/jpeg"}],"twitter_card":"summary_large_image","twitter_title":"Etrier frana MAZDA 6 limuzina (GJ, GL) 2.5 benzina 194 cai KAMOKA JBC1164 MAZDA | KAMOKA - Autorival","twitter_description":"\u26a1 Etrier frana MAZDA 6 limuzina (GJ, GL) 2.5 benzina 194 cai KAMOKA JBC1164 pentru MAZDA la doar 1368.15 RON. \u2713 Cod: JBC1164 \u2713 Brand: KAMOKA \u2713 \u00cen stoc \u2713 Livrare 24h \u2713 Garan\u021bie!","schema":{"@context":"https:\/\/schema.org","@graph":[{"@type":"WebPage","@id":"https:\/\/autorival.ro\/mazda\/product\/etrier-frana-mazda-6-limuzina-gj-gl-2-5-benzina-194-cai-kamoka-jbc1164\/","url":"https:\/\/autorival.ro\/mazda\/product\/etrier-frana-mazda-6-limuzina-gj-gl-2-5-benzina-194-cai-kamoka-jbc1164\/","name":"Etrier frana MAZDA 6 limuzina (GJ, GL) 2.5 benzina 194 cai KAMOKA JBC1164 MAZDA | KAMOKA - Autorival","isPartOf":{"@id":"https:\/\/autorival.ro\/mazda\/#website"},"primaryImageOfPage":{"@id":"https:\/\/autorival.ro\/mazda\/product\/etrier-frana-mazda-6-limuzina-gj-gl-2-5-benzina-194-cai-kamoka-jbc1164\/#primaryimage"},"image":{"@id":"https:\/\/autorival.ro\/mazda\/product\/etrier-frana-mazda-6-limuzina-gj-gl-2-5-benzina-194-cai-kamoka-jbc1164\/#primaryimage"},"thumbnailUrl":"https:\/\/autorival.ro\/mazda\/wp-content\/uploads\/sites\/16\/2025\/05\/jbc1164_a-2.jpg","datePublished":"2025-05-13T03:43:00+00:00","description":"\u26a1 Etrier frana MAZDA 6 limuzina (GJ, GL) 2.5 benzina 194 cai KAMOKA JBC1164 pentru MAZDA la doar 1368.15 RON. \u2713 Cod: JBC1164 \u2713 Brand: KAMOKA \u2713 \u00cen stoc \u2713 Livrare 24h \u2713 Garan\u021bie!","breadcrumb":{"@id":"https:\/\/autorival.ro\/mazda\/product\/etrier-frana-mazda-6-limuzina-gj-gl-2-5-benzina-194-cai-kamoka-jbc1164\/#breadcrumb"},"inLanguage":"en-US","potentialAction":[{"@type":"ReadAction","target":["https:\/\/autorival.ro\/mazda\/product\/etrier-frana-mazda-6-limuzina-gj-gl-2-5-benzina-194-cai-kamoka-jbc1164\/"]}]},{"@type":"ImageObject","inLanguage":"en-US","@id":"https:\/\/autorival.ro\/mazda\/product\/etrier-frana-mazda-6-limuzina-gj-gl-2-5-benzina-194-cai-kamoka-jbc1164\/#primaryimage","url":"https:\/\/autorival.ro\/mazda\/wp-content\/uploads\/sites\/16\/2025\/05\/jbc1164_a-2.jpg","contentUrl":"https:\/\/autorival.ro\/mazda\/wp-content\/uploads\/sites\/16\/2025\/05\/jbc1164_a-2.jpg","width":640,"height":427,"caption":"Etrier frana MAZDA 6 limuzina (GJ, GL) 2.0 (GJEFP) benzina 165 cai KAMOKA JBC1164"},{"@type":"BreadcrumbList","@id":"https:\/\/autorival.ro\/mazda\/product\/etrier-frana-mazda-6-limuzina-gj-gl-2-5-benzina-194-cai-kamoka-jbc1164\/#breadcrumb","itemListElement":[{"@type":"ListItem","position":1,"name":"Prima pagin\u0103","item":"https:\/\/autorival.ro\/mazda\/"},{"@type":"ListItem","position":2,"name":"Piese auto MAZDA","item":"https:\/\/autorival.ro\/mazda\/"},{"@type":"ListItem","position":3,"name":"Etrier frana MAZDA 6 limuzina (GJ, GL) 2.5 benzina 194 cai KAMOKA JBC1164"}]},{"@type":"WebSite","@id":"https:\/\/autorival.ro\/mazda\/#website","url":"https:\/\/autorival.ro\/mazda\/","name":"MAZDA","description":"","potentialAction":[{"@type":"SearchAction","target":{"@type":"EntryPoint","urlTemplate":"https:\/\/autorival.ro\/mazda\/?s={search_term_string}"},"query-input":{"@type":"PropertyValueSpecification","valueRequired":true,"valueName":"search_term_string"}}],"inLanguage":"en-US"}]}},"_links":{"self":[{"href":"https:\/\/autorival.ro\/mazda\/wp-json\/wp\/v2\/product\/82997","targetHints":{"allow":["GET"]}}],"collection":[{"href":"https:\/\/autorival.ro\/mazda\/wp-json\/wp\/v2\/product"}],"about":[{"href":"https:\/\/autorival.ro\/mazda\/wp-json\/wp\/v2\/types\/product"}],"replies":[{"embeddable":true,"href":"https:\/\/autorival.ro\/mazda\/wp-json\/wp\/v2\/comments?post=82997"}],"wp:featuredmedia":[{"embeddable":true,"href":"https:\/\/autorival.ro\/mazda\/wp-json\/wp\/v2\/media\/82765"}],"wp:attachment":[{"href":"https:\/\/autorival.ro\/mazda\/wp-json\/wp\/v2\/media?parent=82997"}],"wp:term":[{"taxonomy":"product_brand","embeddable":true,"href":"https:\/\/autorival.ro\/mazda\/wp-json\/wp\/v2\/product_brand?post=82997"},{"taxonomy":"product_cat","embeddable":true,"href":"https:\/\/autorival.ro\/mazda\/wp-json\/wp\/v2\/product_cat?post=82997"},{"taxonomy":"product_tag","embeddable":true,"href":"https:\/\/autorival.ro\/mazda\/wp-json\/wp\/v2\/product_tag?post=82997"}],"curies":[{"name":"wp","href":"https:\/\/api.w.org\/{rel}","templated":true}]}}