{"id":82530,"date":"2025-05-13T03:37:54","date_gmt":"2025-05-13T03:37:54","guid":{"rendered":"https:\/\/autorival.ro\/mazda\/product\/etrier-frana-mazda-6-combi-gj-gl-2-2-d-diesel-150-cai-elstock-86-2981\/"},"modified":"2025-05-13T03:37:54","modified_gmt":"2025-05-13T03:37:54","slug":"etrier-frana-mazda-6-combi-gj-gl-2-2-d-diesel-150-cai-elstock-86-2981","status":"publish","type":"product","link":"https:\/\/autorival.ro\/mazda\/product\/etrier-frana-mazda-6-combi-gj-gl-2-2-d-diesel-150-cai-elstock-86-2981\/","title":{"rendered":"Etrier frana MAZDA 6 combi (GJ, GL) 2.2 D diesel 150 cai ELSTOCK 86-2981"},"content":{"rendered":"<p>Partea de montare: puntea spateNumar articol par: 87-2981Partea de montare: Axa spate stanga, in spatele puntiiRestrictiile producatorului: TRWTip etrier fr\u00e2na: etrier flotant, Etrier de fr\u00e2n\u0103 (1 piston) ->Diametrul pistonului [mm]: 38pentru grosime disc frana [mm]: 10Tip disc fr\u00e2na: plinpentru diametru disc frana [mm]: 278Material: FontaEchipament vehicul: pentru vehicule cu fr\u00e2n\u0103 de parcare electric\u0103 ->Greutate neta [kg]: 2,87<\/p>\n","protected":false},"excerpt":{"rendered":"<p>Producator: ELSTOCK Cod producator: 86-2981<\/p>\n","protected":false},"featured_media":82348,"comment_status":"open","ping_status":"closed","template":"","meta":[],"product_brand":[201],"product_cat":[6373],"product_tag":[17279,17295,17469,17470,17281,17280,17249],"class_list":{"0":"post-82530","1":"product","2":"type-product","3":"status-publish","4":"has-post-thumbnail","6":"product_brand-elstock","7":"product_cat-etrier-frana-combi-gj-gl-2-2-d-diesel-150","8":"product_tag-combi","9":"product_tag-elstock","10":"product_tag-etrier","11":"product_tag-frana","12":"product_tag-gj","13":"product_tag-gl","14":"product_tag-mazda","16":"first","17":"instock","18":"shipping-taxable","19":"purchasable","20":"product-type-simple"},"yoast_head":"<!-- This site is optimized with the Yoast SEO plugin v27.3 - https:\/\/yoast.com\/product\/yoast-seo-wordpress\/ -->\n<title>Etrier frana MAZDA 6 combi (GJ, GL) 2.2 D diesel 150 cai ELSTOCK 86-2981 MAZDA | ELSTOCK - Autorival<\/title>\n<meta name=\"description\" content=\"\u26a1 Etrier frana MAZDA 6 combi (GJ, GL) 2.2 D diesel 150 cai ELSTOCK 86-2981 pentru MAZDA la doar 1019.55 RON. \u2713 Cod: 86-2981 \u2713 Brand: ELSTOCK \u2713 \u00cen stoc \u2713 Livrare 24h \u2713 Garan\u021bie!\" \/>\n<meta name=\"robots\" content=\"index, follow, max-snippet:-1, max-image-preview:large, max-video-preview:-1\" \/>\n<meta property=\"og:locale\" content=\"en_US\" \/>\n<meta property=\"og:type\" content=\"article\" \/>\n<meta property=\"og:title\" content=\"Etrier frana MAZDA 6 combi (GJ, GL) 2.2 D diesel 150 cai ELSTOCK 86-2981 MAZDA | ELSTOCK - Autorival\" \/>\n<meta property=\"og:description\" content=\"\u26a1 Etrier frana MAZDA 6 combi (GJ, GL) 2.2 D diesel 150 cai ELSTOCK 86-2981 pentru MAZDA la doar 1019.55 RON. \u2713 Cod: 86-2981 \u2713 Brand: ELSTOCK \u2713 \u00cen stoc \u2713 Livrare 24h \u2713 Garan\u021bie!\" \/>\n<meta property=\"og:url\" content=\"https:\/\/autorival.ro\/mazda\/product\/etrier-frana-mazda-6-combi-gj-gl-2-2-d-diesel-150-cai-elstock-86-2981\/\" \/>\n<meta property=\"og:site_name\" content=\"MAZDA\" \/>\n<meta property=\"og:image\" content=\"https:\/\/autorival.ro\/mazda\/wp-content\/uploads\/sites\/16\/2025\/05\/xr_06-22275-1.jpg\" \/>\n\t<meta property=\"og:image:width\" content=\"2500\" \/>\n\t<meta property=\"og:image:height\" content=\"898\" \/>\n\t<meta property=\"og:image:type\" content=\"image\/jpeg\" \/>\n<meta name=\"twitter:card\" content=\"summary_large_image\" \/>\n<meta name=\"twitter:title\" content=\"Etrier frana MAZDA 6 combi (GJ, GL) 2.2 D diesel 150 cai ELSTOCK 86-2981 MAZDA | ELSTOCK - Autorival\" \/>\n<meta name=\"twitter:description\" content=\"\u26a1 Etrier frana MAZDA 6 combi (GJ, GL) 2.2 D diesel 150 cai ELSTOCK 86-2981 pentru MAZDA la doar 1019.55 RON. \u2713 Cod: 86-2981 \u2713 Brand: ELSTOCK \u2713 \u00cen stoc \u2713 Livrare 24h \u2713 Garan\u021bie!\" \/>\n<script type=\"application\/ld+json\" class=\"yoast-schema-graph\">{\"@context\":\"https:\\\/\\\/schema.org\",\"@graph\":[{\"@type\":\"WebPage\",\"@id\":\"https:\\\/\\\/autorival.ro\\\/mazda\\\/product\\\/etrier-frana-mazda-6-combi-gj-gl-2-2-d-diesel-150-cai-elstock-86-2981\\\/\",\"url\":\"https:\\\/\\\/autorival.ro\\\/mazda\\\/product\\\/etrier-frana-mazda-6-combi-gj-gl-2-2-d-diesel-150-cai-elstock-86-2981\\\/\",\"name\":\"Etrier frana MAZDA 6 combi (GJ, GL) 2.2 D diesel 150 cai ELSTOCK 86-2981 MAZDA | ELSTOCK - Autorival\",\"isPartOf\":{\"@id\":\"https:\\\/\\\/autorival.ro\\\/mazda\\\/#website\"},\"primaryImageOfPage\":{\"@id\":\"https:\\\/\\\/autorival.ro\\\/mazda\\\/product\\\/etrier-frana-mazda-6-combi-gj-gl-2-2-d-diesel-150-cai-elstock-86-2981\\\/#primaryimage\"},\"image\":{\"@id\":\"https:\\\/\\\/autorival.ro\\\/mazda\\\/product\\\/etrier-frana-mazda-6-combi-gj-gl-2-2-d-diesel-150-cai-elstock-86-2981\\\/#primaryimage\"},\"thumbnailUrl\":\"https:\\\/\\\/autorival.ro\\\/mazda\\\/wp-content\\\/uploads\\\/sites\\\/16\\\/2025\\\/05\\\/xr_06-22275-1.jpg\",\"datePublished\":\"2025-05-13T03:37:54+00:00\",\"description\":\"\u26a1 Etrier frana MAZDA 6 combi (GJ, GL) 2.2 D diesel 150 cai ELSTOCK 86-2981 pentru MAZDA la doar 1019.55 RON. \u2713 Cod: 86-2981 \u2713 Brand: ELSTOCK \u2713 \u00cen stoc \u2713 Livrare 24h \u2713 Garan\u021bie!\",\"breadcrumb\":{\"@id\":\"https:\\\/\\\/autorival.ro\\\/mazda\\\/product\\\/etrier-frana-mazda-6-combi-gj-gl-2-2-d-diesel-150-cai-elstock-86-2981\\\/#breadcrumb\"},\"inLanguage\":\"en-US\",\"potentialAction\":[{\"@type\":\"ReadAction\",\"target\":[\"https:\\\/\\\/autorival.ro\\\/mazda\\\/product\\\/etrier-frana-mazda-6-combi-gj-gl-2-2-d-diesel-150-cai-elstock-86-2981\\\/\"]}]},{\"@type\":\"ImageObject\",\"inLanguage\":\"en-US\",\"@id\":\"https:\\\/\\\/autorival.ro\\\/mazda\\\/product\\\/etrier-frana-mazda-6-combi-gj-gl-2-2-d-diesel-150-cai-elstock-86-2981\\\/#primaryimage\",\"url\":\"https:\\\/\\\/autorival.ro\\\/mazda\\\/wp-content\\\/uploads\\\/sites\\\/16\\\/2025\\\/05\\\/xr_06-22275-1.jpg\",\"contentUrl\":\"https:\\\/\\\/autorival.ro\\\/mazda\\\/wp-content\\\/uploads\\\/sites\\\/16\\\/2025\\\/05\\\/xr_06-22275-1.jpg\",\"width\":2500,\"height\":898,\"caption\":\"Etrier frana MAZDA 6 combi (GJ, GL) 2.0 (GJEFW) benzina 165 cai ELSTOCK 86-2981\"},{\"@type\":\"BreadcrumbList\",\"@id\":\"https:\\\/\\\/autorival.ro\\\/mazda\\\/product\\\/etrier-frana-mazda-6-combi-gj-gl-2-2-d-diesel-150-cai-elstock-86-2981\\\/#breadcrumb\",\"itemListElement\":[{\"@type\":\"ListItem\",\"position\":1,\"name\":\"Prima pagin\u0103\",\"item\":\"https:\\\/\\\/autorival.ro\\\/mazda\\\/\"},{\"@type\":\"ListItem\",\"position\":2,\"name\":\"Piese auto MAZDA\",\"item\":\"https:\\\/\\\/autorival.ro\\\/mazda\\\/\"},{\"@type\":\"ListItem\",\"position\":3,\"name\":\"Etrier frana MAZDA 6 combi (GJ, GL) 2.2 D diesel 150 cai ELSTOCK 86-2981\"}]},{\"@type\":\"WebSite\",\"@id\":\"https:\\\/\\\/autorival.ro\\\/mazda\\\/#website\",\"url\":\"https:\\\/\\\/autorival.ro\\\/mazda\\\/\",\"name\":\"MAZDA\",\"description\":\"\",\"potentialAction\":[{\"@type\":\"SearchAction\",\"target\":{\"@type\":\"EntryPoint\",\"urlTemplate\":\"https:\\\/\\\/autorival.ro\\\/mazda\\\/?s={search_term_string}\"},\"query-input\":{\"@type\":\"PropertyValueSpecification\",\"valueRequired\":true,\"valueName\":\"search_term_string\"}}],\"inLanguage\":\"en-US\"}]}<\/script>\n<!-- \/ Yoast SEO plugin. -->","yoast_head_json":{"title":"Etrier frana MAZDA 6 combi (GJ, GL) 2.2 D diesel 150 cai ELSTOCK 86-2981 MAZDA | ELSTOCK - Autorival","description":"\u26a1 Etrier frana MAZDA 6 combi (GJ, GL) 2.2 D diesel 150 cai ELSTOCK 86-2981 pentru MAZDA la doar 1019.55 RON. \u2713 Cod: 86-2981 \u2713 Brand: ELSTOCK \u2713 \u00cen stoc \u2713 Livrare 24h \u2713 Garan\u021bie!","robots":{"index":"index","follow":"follow","max-snippet":"max-snippet:-1","max-image-preview":"max-image-preview:large","max-video-preview":"max-video-preview:-1"},"og_locale":"en_US","og_type":"article","og_title":"Etrier frana MAZDA 6 combi (GJ, GL) 2.2 D diesel 150 cai ELSTOCK 86-2981 MAZDA | ELSTOCK - Autorival","og_description":"\u26a1 Etrier frana MAZDA 6 combi (GJ, GL) 2.2 D diesel 150 cai ELSTOCK 86-2981 pentru MAZDA la doar 1019.55 RON. \u2713 Cod: 86-2981 \u2713 Brand: ELSTOCK \u2713 \u00cen stoc \u2713 Livrare 24h \u2713 Garan\u021bie!","og_url":"https:\/\/autorival.ro\/mazda\/product\/etrier-frana-mazda-6-combi-gj-gl-2-2-d-diesel-150-cai-elstock-86-2981\/","og_site_name":"MAZDA","og_image":[{"width":2500,"height":898,"url":"https:\/\/autorival.ro\/mazda\/wp-content\/uploads\/sites\/16\/2025\/05\/xr_06-22275-1.jpg","type":"image\/jpeg"}],"twitter_card":"summary_large_image","twitter_title":"Etrier frana MAZDA 6 combi (GJ, GL) 2.2 D diesel 150 cai ELSTOCK 86-2981 MAZDA | ELSTOCK - Autorival","twitter_description":"\u26a1 Etrier frana MAZDA 6 combi (GJ, GL) 2.2 D diesel 150 cai ELSTOCK 86-2981 pentru MAZDA la doar 1019.55 RON. \u2713 Cod: 86-2981 \u2713 Brand: ELSTOCK \u2713 \u00cen stoc \u2713 Livrare 24h \u2713 Garan\u021bie!","schema":{"@context":"https:\/\/schema.org","@graph":[{"@type":"WebPage","@id":"https:\/\/autorival.ro\/mazda\/product\/etrier-frana-mazda-6-combi-gj-gl-2-2-d-diesel-150-cai-elstock-86-2981\/","url":"https:\/\/autorival.ro\/mazda\/product\/etrier-frana-mazda-6-combi-gj-gl-2-2-d-diesel-150-cai-elstock-86-2981\/","name":"Etrier frana MAZDA 6 combi (GJ, GL) 2.2 D diesel 150 cai ELSTOCK 86-2981 MAZDA | ELSTOCK - Autorival","isPartOf":{"@id":"https:\/\/autorival.ro\/mazda\/#website"},"primaryImageOfPage":{"@id":"https:\/\/autorival.ro\/mazda\/product\/etrier-frana-mazda-6-combi-gj-gl-2-2-d-diesel-150-cai-elstock-86-2981\/#primaryimage"},"image":{"@id":"https:\/\/autorival.ro\/mazda\/product\/etrier-frana-mazda-6-combi-gj-gl-2-2-d-diesel-150-cai-elstock-86-2981\/#primaryimage"},"thumbnailUrl":"https:\/\/autorival.ro\/mazda\/wp-content\/uploads\/sites\/16\/2025\/05\/xr_06-22275-1.jpg","datePublished":"2025-05-13T03:37:54+00:00","description":"\u26a1 Etrier frana MAZDA 6 combi (GJ, GL) 2.2 D diesel 150 cai ELSTOCK 86-2981 pentru MAZDA la doar 1019.55 RON. \u2713 Cod: 86-2981 \u2713 Brand: ELSTOCK \u2713 \u00cen stoc \u2713 Livrare 24h \u2713 Garan\u021bie!","breadcrumb":{"@id":"https:\/\/autorival.ro\/mazda\/product\/etrier-frana-mazda-6-combi-gj-gl-2-2-d-diesel-150-cai-elstock-86-2981\/#breadcrumb"},"inLanguage":"en-US","potentialAction":[{"@type":"ReadAction","target":["https:\/\/autorival.ro\/mazda\/product\/etrier-frana-mazda-6-combi-gj-gl-2-2-d-diesel-150-cai-elstock-86-2981\/"]}]},{"@type":"ImageObject","inLanguage":"en-US","@id":"https:\/\/autorival.ro\/mazda\/product\/etrier-frana-mazda-6-combi-gj-gl-2-2-d-diesel-150-cai-elstock-86-2981\/#primaryimage","url":"https:\/\/autorival.ro\/mazda\/wp-content\/uploads\/sites\/16\/2025\/05\/xr_06-22275-1.jpg","contentUrl":"https:\/\/autorival.ro\/mazda\/wp-content\/uploads\/sites\/16\/2025\/05\/xr_06-22275-1.jpg","width":2500,"height":898,"caption":"Etrier frana MAZDA 6 combi (GJ, GL) 2.0 (GJEFW) benzina 165 cai ELSTOCK 86-2981"},{"@type":"BreadcrumbList","@id":"https:\/\/autorival.ro\/mazda\/product\/etrier-frana-mazda-6-combi-gj-gl-2-2-d-diesel-150-cai-elstock-86-2981\/#breadcrumb","itemListElement":[{"@type":"ListItem","position":1,"name":"Prima pagin\u0103","item":"https:\/\/autorival.ro\/mazda\/"},{"@type":"ListItem","position":2,"name":"Piese auto MAZDA","item":"https:\/\/autorival.ro\/mazda\/"},{"@type":"ListItem","position":3,"name":"Etrier frana MAZDA 6 combi (GJ, GL) 2.2 D diesel 150 cai ELSTOCK 86-2981"}]},{"@type":"WebSite","@id":"https:\/\/autorival.ro\/mazda\/#website","url":"https:\/\/autorival.ro\/mazda\/","name":"MAZDA","description":"","potentialAction":[{"@type":"SearchAction","target":{"@type":"EntryPoint","urlTemplate":"https:\/\/autorival.ro\/mazda\/?s={search_term_string}"},"query-input":{"@type":"PropertyValueSpecification","valueRequired":true,"valueName":"search_term_string"}}],"inLanguage":"en-US"}]}},"_links":{"self":[{"href":"https:\/\/autorival.ro\/mazda\/wp-json\/wp\/v2\/product\/82530","targetHints":{"allow":["GET"]}}],"collection":[{"href":"https:\/\/autorival.ro\/mazda\/wp-json\/wp\/v2\/product"}],"about":[{"href":"https:\/\/autorival.ro\/mazda\/wp-json\/wp\/v2\/types\/product"}],"replies":[{"embeddable":true,"href":"https:\/\/autorival.ro\/mazda\/wp-json\/wp\/v2\/comments?post=82530"}],"wp:featuredmedia":[{"embeddable":true,"href":"https:\/\/autorival.ro\/mazda\/wp-json\/wp\/v2\/media\/82348"}],"wp:attachment":[{"href":"https:\/\/autorival.ro\/mazda\/wp-json\/wp\/v2\/media?parent=82530"}],"wp:term":[{"taxonomy":"product_brand","embeddable":true,"href":"https:\/\/autorival.ro\/mazda\/wp-json\/wp\/v2\/product_brand?post=82530"},{"taxonomy":"product_cat","embeddable":true,"href":"https:\/\/autorival.ro\/mazda\/wp-json\/wp\/v2\/product_cat?post=82530"},{"taxonomy":"product_tag","embeddable":true,"href":"https:\/\/autorival.ro\/mazda\/wp-json\/wp\/v2\/product_tag?post=82530"}],"curies":[{"name":"wp","href":"https:\/\/api.w.org\/{rel}","templated":true}]}}