{"id":80574,"date":"2025-05-13T03:17:09","date_gmt":"2025-05-13T03:17:09","guid":{"rendered":"https:\/\/autorival.ro\/mazda\/product\/etrier-frana-mazda-2-de_-dh_-1-5-de5fs-benzina-103-cai-budweg-caliper-344532\/"},"modified":"2025-05-13T03:17:09","modified_gmt":"2025-05-13T03:17:09","slug":"etrier-frana-mazda-2-de_-dh_-1-5-de5fs-benzina-103-cai-budweg-caliper-344532","status":"publish","type":"product","link":"https:\/\/autorival.ro\/mazda\/product\/etrier-frana-mazda-2-de_-dh_-1-5-de5fs-benzina-103-cai-budweg-caliper-344532\/","title":{"rendered":"Etrier frana MAZDA 2 (DE_, DH_) 1.5 (DE5FS) benzina 103 cai BUDWEG CALIPER 344532"},"content":{"rendered":"<p>An fabricatie de la: 200710An fabricatie pana la: 201411Partea de montare: in fata osiei, Axa fata stangaNumar articol par: 344533Sistem de fr\u00e2nare: MAZDA ->Grosime disc fr\u00e2na [mm]: 23Tip etrier fr\u00e2na: Etrier de fr\u00e2n\u0103 (1 piston) ->Diametru [mm]: 54<\/p>\n","protected":false},"excerpt":{"rendered":"<p>Producator: BUDWEG CALIPER Cod producator: 344532<\/p>\n","protected":false},"featured_media":80554,"comment_status":"open","ping_status":"closed","template":"","meta":[],"product_brand":[6298],"product_cat":[6302],"product_tag":[17255,17926,17927,17250,17469,17470,17249],"class_list":{"0":"post-80574","1":"product","2":"type-product","3":"status-publish","4":"has-post-thumbnail","6":"product_brand-budweg-caliper","7":"product_cat-etrier-frana-de_-dh_-1-5-de5fs-benzina-103","8":"product_tag-de_","9":"product_tag-budweg","10":"product_tag-caliper","11":"product_tag-dh","12":"product_tag-etrier","13":"product_tag-frana","14":"product_tag-mazda","16":"first","17":"instock","18":"shipping-taxable","19":"purchasable","20":"product-type-simple"},"yoast_head":"<!-- This site is optimized with the Yoast SEO plugin v27.3 - https:\/\/yoast.com\/product\/yoast-seo-wordpress\/ -->\n<title>Etrier frana MAZDA 2 (DE_, DH_) 1.5 (DE5FS) benzina 103 cai BUDWEG CALIPER 344532 MAZDA | BUDWEG - Autorival<\/title>\n<meta name=\"description\" content=\"\u26a1 Etrier frana MAZDA 2 (DE_, DH_) 1.5 (DE5FS) benzina 103 cai BUDWEG CALIPER 344532 pentru MAZDA la doar 639.52 RON. \u2713 Cod: 344532 \u2713 Brand: BUDWEG \u2713 \u00cen stoc \u2713 Livrare 24h \u2713 Garan\u021bie!\" \/>\n<meta name=\"robots\" content=\"index, follow, max-snippet:-1, max-image-preview:large, max-video-preview:-1\" \/>\n<meta property=\"og:locale\" content=\"en_US\" \/>\n<meta property=\"og:type\" content=\"article\" \/>\n<meta property=\"og:title\" content=\"Etrier frana MAZDA 2 (DE_, DH_) 1.5 (DE5FS) benzina 103 cai BUDWEG CALIPER 344532 MAZDA | BUDWEG - Autorival\" \/>\n<meta property=\"og:description\" content=\"\u26a1 Etrier frana MAZDA 2 (DE_, DH_) 1.5 (DE5FS) benzina 103 cai BUDWEG CALIPER 344532 pentru MAZDA la doar 639.52 RON. \u2713 Cod: 344532 \u2713 Brand: BUDWEG \u2713 \u00cen stoc \u2713 Livrare 24h \u2713 Garan\u021bie!\" \/>\n<meta property=\"og:url\" content=\"https:\/\/autorival.ro\/mazda\/product\/etrier-frana-mazda-2-de_-dh_-1-5-de5fs-benzina-103-cai-budweg-caliper-344532\/\" \/>\n<meta property=\"og:site_name\" content=\"MAZDA\" \/>\n<meta property=\"og:image\" content=\"https:\/\/autorival.ro\/mazda\/wp-content\/uploads\/sites\/16\/2025\/05\/344532.jpg\" \/>\n\t<meta property=\"og:image:width\" content=\"600\" \/>\n\t<meta property=\"og:image:height\" content=\"288\" \/>\n\t<meta property=\"og:image:type\" content=\"image\/jpeg\" \/>\n<meta name=\"twitter:card\" content=\"summary_large_image\" \/>\n<meta name=\"twitter:title\" content=\"Etrier frana MAZDA 2 (DE_, DH_) 1.5 (DE5FS) benzina 103 cai BUDWEG CALIPER 344532 MAZDA | BUDWEG - Autorival\" \/>\n<meta name=\"twitter:description\" content=\"\u26a1 Etrier frana MAZDA 2 (DE_, DH_) 1.5 (DE5FS) benzina 103 cai BUDWEG CALIPER 344532 pentru MAZDA la doar 639.52 RON. \u2713 Cod: 344532 \u2713 Brand: BUDWEG \u2713 \u00cen stoc \u2713 Livrare 24h \u2713 Garan\u021bie!\" \/>\n<script type=\"application\/ld+json\" class=\"yoast-schema-graph\">{\"@context\":\"https:\\\/\\\/schema.org\",\"@graph\":[{\"@type\":\"WebPage\",\"@id\":\"https:\\\/\\\/autorival.ro\\\/mazda\\\/product\\\/etrier-frana-mazda-2-de_-dh_-1-5-de5fs-benzina-103-cai-budweg-caliper-344532\\\/\",\"url\":\"https:\\\/\\\/autorival.ro\\\/mazda\\\/product\\\/etrier-frana-mazda-2-de_-dh_-1-5-de5fs-benzina-103-cai-budweg-caliper-344532\\\/\",\"name\":\"Etrier frana MAZDA 2 (DE_, DH_) 1.5 (DE5FS) benzina 103 cai BUDWEG CALIPER 344532 MAZDA | BUDWEG - Autorival\",\"isPartOf\":{\"@id\":\"https:\\\/\\\/autorival.ro\\\/mazda\\\/#website\"},\"primaryImageOfPage\":{\"@id\":\"https:\\\/\\\/autorival.ro\\\/mazda\\\/product\\\/etrier-frana-mazda-2-de_-dh_-1-5-de5fs-benzina-103-cai-budweg-caliper-344532\\\/#primaryimage\"},\"image\":{\"@id\":\"https:\\\/\\\/autorival.ro\\\/mazda\\\/product\\\/etrier-frana-mazda-2-de_-dh_-1-5-de5fs-benzina-103-cai-budweg-caliper-344532\\\/#primaryimage\"},\"thumbnailUrl\":\"https:\\\/\\\/autorival.ro\\\/mazda\\\/wp-content\\\/uploads\\\/sites\\\/16\\\/2025\\\/05\\\/344532.jpg\",\"datePublished\":\"2025-05-13T03:17:09+00:00\",\"description\":\"\u26a1 Etrier frana MAZDA 2 (DE_, DH_) 1.5 (DE5FS) benzina 103 cai BUDWEG CALIPER 344532 pentru MAZDA la doar 639.52 RON. \u2713 Cod: 344532 \u2713 Brand: BUDWEG \u2713 \u00cen stoc \u2713 Livrare 24h \u2713 Garan\u021bie!\",\"breadcrumb\":{\"@id\":\"https:\\\/\\\/autorival.ro\\\/mazda\\\/product\\\/etrier-frana-mazda-2-de_-dh_-1-5-de5fs-benzina-103-cai-budweg-caliper-344532\\\/#breadcrumb\"},\"inLanguage\":\"en-US\",\"potentialAction\":[{\"@type\":\"ReadAction\",\"target\":[\"https:\\\/\\\/autorival.ro\\\/mazda\\\/product\\\/etrier-frana-mazda-2-de_-dh_-1-5-de5fs-benzina-103-cai-budweg-caliper-344532\\\/\"]}]},{\"@type\":\"ImageObject\",\"inLanguage\":\"en-US\",\"@id\":\"https:\\\/\\\/autorival.ro\\\/mazda\\\/product\\\/etrier-frana-mazda-2-de_-dh_-1-5-de5fs-benzina-103-cai-budweg-caliper-344532\\\/#primaryimage\",\"url\":\"https:\\\/\\\/autorival.ro\\\/mazda\\\/wp-content\\\/uploads\\\/sites\\\/16\\\/2025\\\/05\\\/344532.jpg\",\"contentUrl\":\"https:\\\/\\\/autorival.ro\\\/mazda\\\/wp-content\\\/uploads\\\/sites\\\/16\\\/2025\\\/05\\\/344532.jpg\",\"width\":600,\"height\":288,\"caption\":\"Etrier frana MAZDA 2 (DE_, DH_) 1.3 BiFuel Benzina\\\/Autogaz (GPL) 75 cai BUDWEG CALIPER 344532\"},{\"@type\":\"BreadcrumbList\",\"@id\":\"https:\\\/\\\/autorival.ro\\\/mazda\\\/product\\\/etrier-frana-mazda-2-de_-dh_-1-5-de5fs-benzina-103-cai-budweg-caliper-344532\\\/#breadcrumb\",\"itemListElement\":[{\"@type\":\"ListItem\",\"position\":1,\"name\":\"Prima pagin\u0103\",\"item\":\"https:\\\/\\\/autorival.ro\\\/mazda\\\/\"},{\"@type\":\"ListItem\",\"position\":2,\"name\":\"Piese auto MAZDA\",\"item\":\"https:\\\/\\\/autorival.ro\\\/mazda\\\/\"},{\"@type\":\"ListItem\",\"position\":3,\"name\":\"Etrier frana MAZDA 2 (DE_, DH_) 1.5 (DE5FS) benzina 103 cai BUDWEG CALIPER 344532\"}]},{\"@type\":\"WebSite\",\"@id\":\"https:\\\/\\\/autorival.ro\\\/mazda\\\/#website\",\"url\":\"https:\\\/\\\/autorival.ro\\\/mazda\\\/\",\"name\":\"MAZDA\",\"description\":\"\",\"potentialAction\":[{\"@type\":\"SearchAction\",\"target\":{\"@type\":\"EntryPoint\",\"urlTemplate\":\"https:\\\/\\\/autorival.ro\\\/mazda\\\/?s={search_term_string}\"},\"query-input\":{\"@type\":\"PropertyValueSpecification\",\"valueRequired\":true,\"valueName\":\"search_term_string\"}}],\"inLanguage\":\"en-US\"}]}<\/script>\n<!-- \/ Yoast SEO plugin. -->","yoast_head_json":{"title":"Etrier frana MAZDA 2 (DE_, DH_) 1.5 (DE5FS) benzina 103 cai BUDWEG CALIPER 344532 MAZDA | BUDWEG - Autorival","description":"\u26a1 Etrier frana MAZDA 2 (DE_, DH_) 1.5 (DE5FS) benzina 103 cai BUDWEG CALIPER 344532 pentru MAZDA la doar 639.52 RON. \u2713 Cod: 344532 \u2713 Brand: BUDWEG \u2713 \u00cen stoc \u2713 Livrare 24h \u2713 Garan\u021bie!","robots":{"index":"index","follow":"follow","max-snippet":"max-snippet:-1","max-image-preview":"max-image-preview:large","max-video-preview":"max-video-preview:-1"},"og_locale":"en_US","og_type":"article","og_title":"Etrier frana MAZDA 2 (DE_, DH_) 1.5 (DE5FS) benzina 103 cai BUDWEG CALIPER 344532 MAZDA | BUDWEG - Autorival","og_description":"\u26a1 Etrier frana MAZDA 2 (DE_, DH_) 1.5 (DE5FS) benzina 103 cai BUDWEG CALIPER 344532 pentru MAZDA la doar 639.52 RON. \u2713 Cod: 344532 \u2713 Brand: BUDWEG \u2713 \u00cen stoc \u2713 Livrare 24h \u2713 Garan\u021bie!","og_url":"https:\/\/autorival.ro\/mazda\/product\/etrier-frana-mazda-2-de_-dh_-1-5-de5fs-benzina-103-cai-budweg-caliper-344532\/","og_site_name":"MAZDA","og_image":[{"width":600,"height":288,"url":"https:\/\/autorival.ro\/mazda\/wp-content\/uploads\/sites\/16\/2025\/05\/344532.jpg","type":"image\/jpeg"}],"twitter_card":"summary_large_image","twitter_title":"Etrier frana MAZDA 2 (DE_, DH_) 1.5 (DE5FS) benzina 103 cai BUDWEG CALIPER 344532 MAZDA | BUDWEG - Autorival","twitter_description":"\u26a1 Etrier frana MAZDA 2 (DE_, DH_) 1.5 (DE5FS) benzina 103 cai BUDWEG CALIPER 344532 pentru MAZDA la doar 639.52 RON. \u2713 Cod: 344532 \u2713 Brand: BUDWEG \u2713 \u00cen stoc \u2713 Livrare 24h \u2713 Garan\u021bie!","schema":{"@context":"https:\/\/schema.org","@graph":[{"@type":"WebPage","@id":"https:\/\/autorival.ro\/mazda\/product\/etrier-frana-mazda-2-de_-dh_-1-5-de5fs-benzina-103-cai-budweg-caliper-344532\/","url":"https:\/\/autorival.ro\/mazda\/product\/etrier-frana-mazda-2-de_-dh_-1-5-de5fs-benzina-103-cai-budweg-caliper-344532\/","name":"Etrier frana MAZDA 2 (DE_, DH_) 1.5 (DE5FS) benzina 103 cai BUDWEG CALIPER 344532 MAZDA | BUDWEG - Autorival","isPartOf":{"@id":"https:\/\/autorival.ro\/mazda\/#website"},"primaryImageOfPage":{"@id":"https:\/\/autorival.ro\/mazda\/product\/etrier-frana-mazda-2-de_-dh_-1-5-de5fs-benzina-103-cai-budweg-caliper-344532\/#primaryimage"},"image":{"@id":"https:\/\/autorival.ro\/mazda\/product\/etrier-frana-mazda-2-de_-dh_-1-5-de5fs-benzina-103-cai-budweg-caliper-344532\/#primaryimage"},"thumbnailUrl":"https:\/\/autorival.ro\/mazda\/wp-content\/uploads\/sites\/16\/2025\/05\/344532.jpg","datePublished":"2025-05-13T03:17:09+00:00","description":"\u26a1 Etrier frana MAZDA 2 (DE_, DH_) 1.5 (DE5FS) benzina 103 cai BUDWEG CALIPER 344532 pentru MAZDA la doar 639.52 RON. \u2713 Cod: 344532 \u2713 Brand: BUDWEG \u2713 \u00cen stoc \u2713 Livrare 24h \u2713 Garan\u021bie!","breadcrumb":{"@id":"https:\/\/autorival.ro\/mazda\/product\/etrier-frana-mazda-2-de_-dh_-1-5-de5fs-benzina-103-cai-budweg-caliper-344532\/#breadcrumb"},"inLanguage":"en-US","potentialAction":[{"@type":"ReadAction","target":["https:\/\/autorival.ro\/mazda\/product\/etrier-frana-mazda-2-de_-dh_-1-5-de5fs-benzina-103-cai-budweg-caliper-344532\/"]}]},{"@type":"ImageObject","inLanguage":"en-US","@id":"https:\/\/autorival.ro\/mazda\/product\/etrier-frana-mazda-2-de_-dh_-1-5-de5fs-benzina-103-cai-budweg-caliper-344532\/#primaryimage","url":"https:\/\/autorival.ro\/mazda\/wp-content\/uploads\/sites\/16\/2025\/05\/344532.jpg","contentUrl":"https:\/\/autorival.ro\/mazda\/wp-content\/uploads\/sites\/16\/2025\/05\/344532.jpg","width":600,"height":288,"caption":"Etrier frana MAZDA 2 (DE_, DH_) 1.3 BiFuel Benzina\/Autogaz (GPL) 75 cai BUDWEG CALIPER 344532"},{"@type":"BreadcrumbList","@id":"https:\/\/autorival.ro\/mazda\/product\/etrier-frana-mazda-2-de_-dh_-1-5-de5fs-benzina-103-cai-budweg-caliper-344532\/#breadcrumb","itemListElement":[{"@type":"ListItem","position":1,"name":"Prima pagin\u0103","item":"https:\/\/autorival.ro\/mazda\/"},{"@type":"ListItem","position":2,"name":"Piese auto MAZDA","item":"https:\/\/autorival.ro\/mazda\/"},{"@type":"ListItem","position":3,"name":"Etrier frana MAZDA 2 (DE_, DH_) 1.5 (DE5FS) benzina 103 cai BUDWEG CALIPER 344532"}]},{"@type":"WebSite","@id":"https:\/\/autorival.ro\/mazda\/#website","url":"https:\/\/autorival.ro\/mazda\/","name":"MAZDA","description":"","potentialAction":[{"@type":"SearchAction","target":{"@type":"EntryPoint","urlTemplate":"https:\/\/autorival.ro\/mazda\/?s={search_term_string}"},"query-input":{"@type":"PropertyValueSpecification","valueRequired":true,"valueName":"search_term_string"}}],"inLanguage":"en-US"}]}},"_links":{"self":[{"href":"https:\/\/autorival.ro\/mazda\/wp-json\/wp\/v2\/product\/80574","targetHints":{"allow":["GET"]}}],"collection":[{"href":"https:\/\/autorival.ro\/mazda\/wp-json\/wp\/v2\/product"}],"about":[{"href":"https:\/\/autorival.ro\/mazda\/wp-json\/wp\/v2\/types\/product"}],"replies":[{"embeddable":true,"href":"https:\/\/autorival.ro\/mazda\/wp-json\/wp\/v2\/comments?post=80574"}],"wp:featuredmedia":[{"embeddable":true,"href":"https:\/\/autorival.ro\/mazda\/wp-json\/wp\/v2\/media\/80554"}],"wp:attachment":[{"href":"https:\/\/autorival.ro\/mazda\/wp-json\/wp\/v2\/media?parent=80574"}],"wp:term":[{"taxonomy":"product_brand","embeddable":true,"href":"https:\/\/autorival.ro\/mazda\/wp-json\/wp\/v2\/product_brand?post=80574"},{"taxonomy":"product_cat","embeddable":true,"href":"https:\/\/autorival.ro\/mazda\/wp-json\/wp\/v2\/product_cat?post=80574"},{"taxonomy":"product_tag","embeddable":true,"href":"https:\/\/autorival.ro\/mazda\/wp-json\/wp\/v2\/product_tag?post=80574"}],"curies":[{"name":"wp","href":"https:\/\/api.w.org\/{rel}","templated":true}]}}