{"id":80144,"date":"2025-05-13T03:12:55","date_gmt":"2025-05-13T03:12:55","guid":{"rendered":"https:\/\/autorival.ro\/mazda\/product\/electromotor-mazda-6-combi-gj-gl-2-0-gjefw-benzina-165-cai-as-pl-s5448s\/"},"modified":"2025-05-13T03:12:56","modified_gmt":"2025-05-13T03:12:56","slug":"electromotor-mazda-6-combi-gj-gl-2-0-gjefw-benzina-165-cai-as-pl-s5448s","status":"publish","type":"product","link":"https:\/\/autorival.ro\/mazda\/product\/electromotor-mazda-6-combi-gj-gl-2-0-gjefw-benzina-165-cai-as-pl-s5448s\/","title":{"rendered":"Electromotor MAZDA 6 combi (GJ, GL) 2.0 (GJEFW) benzina 165 cai AS-PL S5448S"},"content":{"rendered":"<p>Restrictiile producatorului: MITSUBISHIPutere electromotor [kW]: 1Tensiune [V]: 12Numarul gaurilor de fixare: 2Directia de rotatie: rotatie contrar acelor de ceasornicNumar dinti: 11Versiune: M0TD0071Calitate: STANDARD LINEPies\u0103 nou\u0103 f\u0103r\u0103 gaj<\/p>\n","protected":false},"excerpt":{"rendered":"<p>Producator: AS-PL Cod producator: S5448S<\/p>\n","protected":false},"featured_media":80143,"comment_status":"open","ping_status":"closed","template":"","meta":[],"product_brand":[200],"product_cat":[6197],"product_tag":[17292,17279,17903,17281,17280,17249],"class_list":{"0":"post-80144","1":"product","2":"type-product","3":"status-publish","4":"has-post-thumbnail","6":"product_brand-as-pl","7":"product_cat-electromotor-combi-gj-gl-2-0-gjefw-benzina-165","8":"product_tag-as","9":"product_tag-combi","10":"product_tag-electromotor","11":"product_tag-gj","12":"product_tag-gl","13":"product_tag-mazda","15":"first","16":"instock","17":"shipping-taxable","18":"purchasable","19":"product-type-simple"},"yoast_head":"<!-- This site is optimized with the Yoast SEO plugin v27.3 - https:\/\/yoast.com\/product\/yoast-seo-wordpress\/ -->\n<title>Electromotor MAZDA 6 combi (GJ, GL) 2.0 (GJEFW) benzina 165 cai AS-PL S5448S MAZDA | AS-PL - Autorival<\/title>\n<meta name=\"description\" content=\"\u26a1 Electromotor MAZDA 6 combi (GJ, GL) 2.0 (GJEFW) benzina 165 cai AS-PL S5448S pentru MAZDA la doar 491.12 RON. \u2713 Cod: S5448S \u2713 Brand: AS-PL \u2713 \u00cen stoc \u2713 Livrare 24h \u2713 Garan\u021bie!\" \/>\n<meta name=\"robots\" content=\"index, follow, max-snippet:-1, max-image-preview:large, max-video-preview:-1\" \/>\n<meta property=\"og:locale\" content=\"en_US\" \/>\n<meta property=\"og:type\" content=\"article\" \/>\n<meta property=\"og:title\" content=\"Electromotor MAZDA 6 combi (GJ, GL) 2.0 (GJEFW) benzina 165 cai AS-PL S5448S MAZDA | AS-PL - Autorival\" \/>\n<meta property=\"og:description\" content=\"\u26a1 Electromotor MAZDA 6 combi (GJ, GL) 2.0 (GJEFW) benzina 165 cai AS-PL S5448S pentru MAZDA la doar 491.12 RON. \u2713 Cod: S5448S \u2713 Brand: AS-PL \u2713 \u00cen stoc \u2713 Livrare 24h \u2713 Garan\u021bie!\" \/>\n<meta property=\"og:url\" content=\"https:\/\/autorival.ro\/mazda\/product\/electromotor-mazda-6-combi-gj-gl-2-0-gjefw-benzina-165-cai-as-pl-s5448s\/\" \/>\n<meta property=\"og:site_name\" content=\"MAZDA\" \/>\n<meta property=\"article:modified_time\" content=\"2025-05-13T03:12:56+00:00\" \/>\n<meta property=\"og:image\" content=\"https:\/\/autorival.ro\/mazda\/wp-content\/uploads\/sites\/16\/2025\/05\/200775-6.jpg\" \/>\n\t<meta property=\"og:image:width\" content=\"1080\" \/>\n\t<meta property=\"og:image:height\" content=\"810\" \/>\n\t<meta property=\"og:image:type\" content=\"image\/jpeg\" \/>\n<meta name=\"twitter:card\" content=\"summary_large_image\" \/>\n<meta name=\"twitter:title\" content=\"Electromotor MAZDA 6 combi (GJ, GL) 2.0 (GJEFW) benzina 165 cai AS-PL S5448S MAZDA | AS-PL - Autorival\" \/>\n<meta name=\"twitter:description\" content=\"\u26a1 Electromotor MAZDA 6 combi (GJ, GL) 2.0 (GJEFW) benzina 165 cai AS-PL S5448S pentru MAZDA la doar 491.12 RON. \u2713 Cod: S5448S \u2713 Brand: AS-PL \u2713 \u00cen stoc \u2713 Livrare 24h \u2713 Garan\u021bie!\" \/>\n<script type=\"application\/ld+json\" class=\"yoast-schema-graph\">{\"@context\":\"https:\\\/\\\/schema.org\",\"@graph\":[{\"@type\":\"WebPage\",\"@id\":\"https:\\\/\\\/autorival.ro\\\/mazda\\\/product\\\/electromotor-mazda-6-combi-gj-gl-2-0-gjefw-benzina-165-cai-as-pl-s5448s\\\/\",\"url\":\"https:\\\/\\\/autorival.ro\\\/mazda\\\/product\\\/electromotor-mazda-6-combi-gj-gl-2-0-gjefw-benzina-165-cai-as-pl-s5448s\\\/\",\"name\":\"Electromotor MAZDA 6 combi (GJ, GL) 2.0 (GJEFW) benzina 165 cai AS-PL S5448S MAZDA | AS-PL - Autorival\",\"isPartOf\":{\"@id\":\"https:\\\/\\\/autorival.ro\\\/mazda\\\/#website\"},\"primaryImageOfPage\":{\"@id\":\"https:\\\/\\\/autorival.ro\\\/mazda\\\/product\\\/electromotor-mazda-6-combi-gj-gl-2-0-gjefw-benzina-165-cai-as-pl-s5448s\\\/#primaryimage\"},\"image\":{\"@id\":\"https:\\\/\\\/autorival.ro\\\/mazda\\\/product\\\/electromotor-mazda-6-combi-gj-gl-2-0-gjefw-benzina-165-cai-as-pl-s5448s\\\/#primaryimage\"},\"thumbnailUrl\":\"https:\\\/\\\/autorival.ro\\\/mazda\\\/wp-content\\\/uploads\\\/sites\\\/16\\\/2025\\\/05\\\/200775-6.jpg\",\"datePublished\":\"2025-05-13T03:12:55+00:00\",\"dateModified\":\"2025-05-13T03:12:56+00:00\",\"description\":\"\u26a1 Electromotor MAZDA 6 combi (GJ, GL) 2.0 (GJEFW) benzina 165 cai AS-PL S5448S pentru MAZDA la doar 491.12 RON. \u2713 Cod: S5448S \u2713 Brand: AS-PL \u2713 \u00cen stoc \u2713 Livrare 24h \u2713 Garan\u021bie!\",\"breadcrumb\":{\"@id\":\"https:\\\/\\\/autorival.ro\\\/mazda\\\/product\\\/electromotor-mazda-6-combi-gj-gl-2-0-gjefw-benzina-165-cai-as-pl-s5448s\\\/#breadcrumb\"},\"inLanguage\":\"en-US\",\"potentialAction\":[{\"@type\":\"ReadAction\",\"target\":[\"https:\\\/\\\/autorival.ro\\\/mazda\\\/product\\\/electromotor-mazda-6-combi-gj-gl-2-0-gjefw-benzina-165-cai-as-pl-s5448s\\\/\"]}]},{\"@type\":\"ImageObject\",\"inLanguage\":\"en-US\",\"@id\":\"https:\\\/\\\/autorival.ro\\\/mazda\\\/product\\\/electromotor-mazda-6-combi-gj-gl-2-0-gjefw-benzina-165-cai-as-pl-s5448s\\\/#primaryimage\",\"url\":\"https:\\\/\\\/autorival.ro\\\/mazda\\\/wp-content\\\/uploads\\\/sites\\\/16\\\/2025\\\/05\\\/200775-6.jpg\",\"contentUrl\":\"https:\\\/\\\/autorival.ro\\\/mazda\\\/wp-content\\\/uploads\\\/sites\\\/16\\\/2025\\\/05\\\/200775-6.jpg\",\"width\":1080,\"height\":810,\"caption\":\"Electromotor MAZDA 6 combi (GJ, GL) 2.0 (GJEFW) benzina 165 cai AS-PL S5448S\"},{\"@type\":\"BreadcrumbList\",\"@id\":\"https:\\\/\\\/autorival.ro\\\/mazda\\\/product\\\/electromotor-mazda-6-combi-gj-gl-2-0-gjefw-benzina-165-cai-as-pl-s5448s\\\/#breadcrumb\",\"itemListElement\":[{\"@type\":\"ListItem\",\"position\":1,\"name\":\"Prima pagin\u0103\",\"item\":\"https:\\\/\\\/autorival.ro\\\/mazda\\\/\"},{\"@type\":\"ListItem\",\"position\":2,\"name\":\"Piese auto MAZDA\",\"item\":\"https:\\\/\\\/autorival.ro\\\/mazda\\\/\"},{\"@type\":\"ListItem\",\"position\":3,\"name\":\"Electromotor MAZDA 6 combi (GJ, GL) 2.0 (GJEFW) benzina 165 cai AS-PL S5448S\"}]},{\"@type\":\"WebSite\",\"@id\":\"https:\\\/\\\/autorival.ro\\\/mazda\\\/#website\",\"url\":\"https:\\\/\\\/autorival.ro\\\/mazda\\\/\",\"name\":\"MAZDA\",\"description\":\"\",\"potentialAction\":[{\"@type\":\"SearchAction\",\"target\":{\"@type\":\"EntryPoint\",\"urlTemplate\":\"https:\\\/\\\/autorival.ro\\\/mazda\\\/?s={search_term_string}\"},\"query-input\":{\"@type\":\"PropertyValueSpecification\",\"valueRequired\":true,\"valueName\":\"search_term_string\"}}],\"inLanguage\":\"en-US\"}]}<\/script>\n<!-- \/ Yoast SEO plugin. -->","yoast_head_json":{"title":"Electromotor MAZDA 6 combi (GJ, GL) 2.0 (GJEFW) benzina 165 cai AS-PL S5448S MAZDA | AS-PL - Autorival","description":"\u26a1 Electromotor MAZDA 6 combi (GJ, GL) 2.0 (GJEFW) benzina 165 cai AS-PL S5448S pentru MAZDA la doar 491.12 RON. \u2713 Cod: S5448S \u2713 Brand: AS-PL \u2713 \u00cen stoc \u2713 Livrare 24h \u2713 Garan\u021bie!","robots":{"index":"index","follow":"follow","max-snippet":"max-snippet:-1","max-image-preview":"max-image-preview:large","max-video-preview":"max-video-preview:-1"},"og_locale":"en_US","og_type":"article","og_title":"Electromotor MAZDA 6 combi (GJ, GL) 2.0 (GJEFW) benzina 165 cai AS-PL S5448S MAZDA | AS-PL - Autorival","og_description":"\u26a1 Electromotor MAZDA 6 combi (GJ, GL) 2.0 (GJEFW) benzina 165 cai AS-PL S5448S pentru MAZDA la doar 491.12 RON. \u2713 Cod: S5448S \u2713 Brand: AS-PL \u2713 \u00cen stoc \u2713 Livrare 24h \u2713 Garan\u021bie!","og_url":"https:\/\/autorival.ro\/mazda\/product\/electromotor-mazda-6-combi-gj-gl-2-0-gjefw-benzina-165-cai-as-pl-s5448s\/","og_site_name":"MAZDA","article_modified_time":"2025-05-13T03:12:56+00:00","og_image":[{"width":1080,"height":810,"url":"https:\/\/autorival.ro\/mazda\/wp-content\/uploads\/sites\/16\/2025\/05\/200775-6.jpg","type":"image\/jpeg"}],"twitter_card":"summary_large_image","twitter_title":"Electromotor MAZDA 6 combi (GJ, GL) 2.0 (GJEFW) benzina 165 cai AS-PL S5448S MAZDA | AS-PL - Autorival","twitter_description":"\u26a1 Electromotor MAZDA 6 combi (GJ, GL) 2.0 (GJEFW) benzina 165 cai AS-PL S5448S pentru MAZDA la doar 491.12 RON. \u2713 Cod: S5448S \u2713 Brand: AS-PL \u2713 \u00cen stoc \u2713 Livrare 24h \u2713 Garan\u021bie!","schema":{"@context":"https:\/\/schema.org","@graph":[{"@type":"WebPage","@id":"https:\/\/autorival.ro\/mazda\/product\/electromotor-mazda-6-combi-gj-gl-2-0-gjefw-benzina-165-cai-as-pl-s5448s\/","url":"https:\/\/autorival.ro\/mazda\/product\/electromotor-mazda-6-combi-gj-gl-2-0-gjefw-benzina-165-cai-as-pl-s5448s\/","name":"Electromotor MAZDA 6 combi (GJ, GL) 2.0 (GJEFW) benzina 165 cai AS-PL S5448S MAZDA | AS-PL - Autorival","isPartOf":{"@id":"https:\/\/autorival.ro\/mazda\/#website"},"primaryImageOfPage":{"@id":"https:\/\/autorival.ro\/mazda\/product\/electromotor-mazda-6-combi-gj-gl-2-0-gjefw-benzina-165-cai-as-pl-s5448s\/#primaryimage"},"image":{"@id":"https:\/\/autorival.ro\/mazda\/product\/electromotor-mazda-6-combi-gj-gl-2-0-gjefw-benzina-165-cai-as-pl-s5448s\/#primaryimage"},"thumbnailUrl":"https:\/\/autorival.ro\/mazda\/wp-content\/uploads\/sites\/16\/2025\/05\/200775-6.jpg","datePublished":"2025-05-13T03:12:55+00:00","dateModified":"2025-05-13T03:12:56+00:00","description":"\u26a1 Electromotor MAZDA 6 combi (GJ, GL) 2.0 (GJEFW) benzina 165 cai AS-PL S5448S pentru MAZDA la doar 491.12 RON. \u2713 Cod: S5448S \u2713 Brand: AS-PL \u2713 \u00cen stoc \u2713 Livrare 24h \u2713 Garan\u021bie!","breadcrumb":{"@id":"https:\/\/autorival.ro\/mazda\/product\/electromotor-mazda-6-combi-gj-gl-2-0-gjefw-benzina-165-cai-as-pl-s5448s\/#breadcrumb"},"inLanguage":"en-US","potentialAction":[{"@type":"ReadAction","target":["https:\/\/autorival.ro\/mazda\/product\/electromotor-mazda-6-combi-gj-gl-2-0-gjefw-benzina-165-cai-as-pl-s5448s\/"]}]},{"@type":"ImageObject","inLanguage":"en-US","@id":"https:\/\/autorival.ro\/mazda\/product\/electromotor-mazda-6-combi-gj-gl-2-0-gjefw-benzina-165-cai-as-pl-s5448s\/#primaryimage","url":"https:\/\/autorival.ro\/mazda\/wp-content\/uploads\/sites\/16\/2025\/05\/200775-6.jpg","contentUrl":"https:\/\/autorival.ro\/mazda\/wp-content\/uploads\/sites\/16\/2025\/05\/200775-6.jpg","width":1080,"height":810,"caption":"Electromotor MAZDA 6 combi (GJ, GL) 2.0 (GJEFW) benzina 165 cai AS-PL S5448S"},{"@type":"BreadcrumbList","@id":"https:\/\/autorival.ro\/mazda\/product\/electromotor-mazda-6-combi-gj-gl-2-0-gjefw-benzina-165-cai-as-pl-s5448s\/#breadcrumb","itemListElement":[{"@type":"ListItem","position":1,"name":"Prima pagin\u0103","item":"https:\/\/autorival.ro\/mazda\/"},{"@type":"ListItem","position":2,"name":"Piese auto MAZDA","item":"https:\/\/autorival.ro\/mazda\/"},{"@type":"ListItem","position":3,"name":"Electromotor MAZDA 6 combi (GJ, GL) 2.0 (GJEFW) benzina 165 cai AS-PL S5448S"}]},{"@type":"WebSite","@id":"https:\/\/autorival.ro\/mazda\/#website","url":"https:\/\/autorival.ro\/mazda\/","name":"MAZDA","description":"","potentialAction":[{"@type":"SearchAction","target":{"@type":"EntryPoint","urlTemplate":"https:\/\/autorival.ro\/mazda\/?s={search_term_string}"},"query-input":{"@type":"PropertyValueSpecification","valueRequired":true,"valueName":"search_term_string"}}],"inLanguage":"en-US"}]}},"_links":{"self":[{"href":"https:\/\/autorival.ro\/mazda\/wp-json\/wp\/v2\/product\/80144","targetHints":{"allow":["GET"]}}],"collection":[{"href":"https:\/\/autorival.ro\/mazda\/wp-json\/wp\/v2\/product"}],"about":[{"href":"https:\/\/autorival.ro\/mazda\/wp-json\/wp\/v2\/types\/product"}],"replies":[{"embeddable":true,"href":"https:\/\/autorival.ro\/mazda\/wp-json\/wp\/v2\/comments?post=80144"}],"wp:featuredmedia":[{"embeddable":true,"href":"https:\/\/autorival.ro\/mazda\/wp-json\/wp\/v2\/media\/80143"}],"wp:attachment":[{"href":"https:\/\/autorival.ro\/mazda\/wp-json\/wp\/v2\/media?parent=80144"}],"wp:term":[{"taxonomy":"product_brand","embeddable":true,"href":"https:\/\/autorival.ro\/mazda\/wp-json\/wp\/v2\/product_brand?post=80144"},{"taxonomy":"product_cat","embeddable":true,"href":"https:\/\/autorival.ro\/mazda\/wp-json\/wp\/v2\/product_cat?post=80144"},{"taxonomy":"product_tag","embeddable":true,"href":"https:\/\/autorival.ro\/mazda\/wp-json\/wp\/v2\/product_tag?post=80144"}],"curies":[{"name":"wp","href":"https:\/\/api.w.org\/{rel}","templated":true}]}}