{"id":79926,"date":"2025-05-13T03:10:44","date_gmt":"2025-05-13T03:10:44","guid":{"rendered":"https:\/\/autorival.ro\/mazda\/product\/electromotor-mazda-323-iii-station-wagon-bw-1-5-bw105-benzina-73-cai-as-pl-s5014\/"},"modified":"2025-05-13T03:10:45","modified_gmt":"2025-05-13T03:10:45","slug":"electromotor-mazda-323-iii-station-wagon-bw-1-5-bw105-benzina-73-cai-as-pl-s5014","status":"publish","type":"product","link":"https:\/\/autorival.ro\/mazda\/product\/electromotor-mazda-323-iii-station-wagon-bw-1-5-bw105-benzina-73-cai-as-pl-s5014\/","title":{"rendered":"Electromotor MAZDA 323 III Station Wagon (BW) 1.5 (BW105) benzina 73 cai AS-PL S5014"},"content":{"rendered":"<p>Restrictiile producatorului: MITSUBISHIPutere electromotor [kW]: 0,9Tensiune [V]: 12Numarul gaurilor de fixare: 3Directia de rotatie: rotatie contrar acelor de ceasornicNumar dinti: 8Versiune: M3T24481Calitate: STANDARD LINEPies\u0103 nou\u0103 f\u0103r\u0103 gaj<\/p>\n","protected":false},"excerpt":{"rendered":"<p>Producator: AS-PL Cod producator: S5014<\/p>\n","protected":false},"featured_media":79925,"comment_status":"open","ping_status":"closed","template":"","meta":[],"product_brand":[200],"product_cat":[6168],"product_tag":[17322,17292,17903,17290,17249,17389],"class_list":{"0":"post-79926","1":"product","2":"type-product","3":"status-publish","4":"has-post-thumbnail","6":"product_brand-as-pl","7":"product_cat-electromotor-iii-station-wagon-bw-1-5-bw105-benzina-73","8":"product_tag-17322","9":"product_tag-as","10":"product_tag-electromotor","11":"product_tag-iii","12":"product_tag-mazda","13":"product_tag-station","15":"first","16":"instock","17":"shipping-taxable","18":"purchasable","19":"product-type-simple"},"yoast_head":"<!-- This site is optimized with the Yoast SEO plugin v27.3 - https:\/\/yoast.com\/product\/yoast-seo-wordpress\/ -->\n<title>Electromotor MAZDA 323 III Station Wagon (BW) 1.5 (BW105) benzina 73 cai AS-PL S5014 MAZDA | AS-PL - Autorival<\/title>\n<meta name=\"description\" content=\"\u26a1 Electromotor MAZDA 323 III Station Wagon (BW) 1.5 (BW105) benzina 73 cai AS-PL S5014 pentru MAZDA la doar 480.44 RON. \u2713 Cod: S5014 \u2713 Brand: AS-PL \u2713 \u00cen stoc \u2713 Livrare 24h \u2713 Garan\u021bie!\" \/>\n<meta name=\"robots\" content=\"index, follow, max-snippet:-1, max-image-preview:large, max-video-preview:-1\" \/>\n<meta property=\"og:locale\" content=\"en_US\" \/>\n<meta property=\"og:type\" content=\"article\" \/>\n<meta property=\"og:title\" content=\"Electromotor MAZDA 323 III Station Wagon (BW) 1.5 (BW105) benzina 73 cai AS-PL S5014 MAZDA | AS-PL - Autorival\" \/>\n<meta property=\"og:description\" content=\"\u26a1 Electromotor MAZDA 323 III Station Wagon (BW) 1.5 (BW105) benzina 73 cai AS-PL S5014 pentru MAZDA la doar 480.44 RON. \u2713 Cod: S5014 \u2713 Brand: AS-PL \u2713 \u00cen stoc \u2713 Livrare 24h \u2713 Garan\u021bie!\" \/>\n<meta property=\"og:url\" content=\"https:\/\/autorival.ro\/mazda\/product\/electromotor-mazda-323-iii-station-wagon-bw-1-5-bw105-benzina-73-cai-as-pl-s5014\/\" \/>\n<meta property=\"og:site_name\" content=\"MAZDA\" \/>\n<meta property=\"article:modified_time\" content=\"2025-05-13T03:10:45+00:00\" \/>\n<meta property=\"og:image\" content=\"https:\/\/autorival.ro\/mazda\/wp-content\/uploads\/sites\/16\/2025\/05\/208876-6.jpg\" \/>\n\t<meta property=\"og:image:width\" content=\"1080\" \/>\n\t<meta property=\"og:image:height\" content=\"810\" \/>\n\t<meta property=\"og:image:type\" content=\"image\/jpeg\" \/>\n<meta name=\"twitter:card\" content=\"summary_large_image\" \/>\n<meta name=\"twitter:title\" content=\"Electromotor MAZDA 323 III Station Wagon (BW) 1.5 (BW105) benzina 73 cai AS-PL S5014 MAZDA | AS-PL - Autorival\" \/>\n<meta name=\"twitter:description\" content=\"\u26a1 Electromotor MAZDA 323 III Station Wagon (BW) 1.5 (BW105) benzina 73 cai AS-PL S5014 pentru MAZDA la doar 480.44 RON. \u2713 Cod: S5014 \u2713 Brand: AS-PL \u2713 \u00cen stoc \u2713 Livrare 24h \u2713 Garan\u021bie!\" \/>\n<script type=\"application\/ld+json\" class=\"yoast-schema-graph\">{\"@context\":\"https:\\\/\\\/schema.org\",\"@graph\":[{\"@type\":\"WebPage\",\"@id\":\"https:\\\/\\\/autorival.ro\\\/mazda\\\/product\\\/electromotor-mazda-323-iii-station-wagon-bw-1-5-bw105-benzina-73-cai-as-pl-s5014\\\/\",\"url\":\"https:\\\/\\\/autorival.ro\\\/mazda\\\/product\\\/electromotor-mazda-323-iii-station-wagon-bw-1-5-bw105-benzina-73-cai-as-pl-s5014\\\/\",\"name\":\"Electromotor MAZDA 323 III Station Wagon (BW) 1.5 (BW105) benzina 73 cai AS-PL S5014 MAZDA | AS-PL - Autorival\",\"isPartOf\":{\"@id\":\"https:\\\/\\\/autorival.ro\\\/mazda\\\/#website\"},\"primaryImageOfPage\":{\"@id\":\"https:\\\/\\\/autorival.ro\\\/mazda\\\/product\\\/electromotor-mazda-323-iii-station-wagon-bw-1-5-bw105-benzina-73-cai-as-pl-s5014\\\/#primaryimage\"},\"image\":{\"@id\":\"https:\\\/\\\/autorival.ro\\\/mazda\\\/product\\\/electromotor-mazda-323-iii-station-wagon-bw-1-5-bw105-benzina-73-cai-as-pl-s5014\\\/#primaryimage\"},\"thumbnailUrl\":\"https:\\\/\\\/autorival.ro\\\/mazda\\\/wp-content\\\/uploads\\\/sites\\\/16\\\/2025\\\/05\\\/208876-6.jpg\",\"datePublished\":\"2025-05-13T03:10:44+00:00\",\"dateModified\":\"2025-05-13T03:10:45+00:00\",\"description\":\"\u26a1 Electromotor MAZDA 323 III Station Wagon (BW) 1.5 (BW105) benzina 73 cai AS-PL S5014 pentru MAZDA la doar 480.44 RON. \u2713 Cod: S5014 \u2713 Brand: AS-PL \u2713 \u00cen stoc \u2713 Livrare 24h \u2713 Garan\u021bie!\",\"breadcrumb\":{\"@id\":\"https:\\\/\\\/autorival.ro\\\/mazda\\\/product\\\/electromotor-mazda-323-iii-station-wagon-bw-1-5-bw105-benzina-73-cai-as-pl-s5014\\\/#breadcrumb\"},\"inLanguage\":\"en-US\",\"potentialAction\":[{\"@type\":\"ReadAction\",\"target\":[\"https:\\\/\\\/autorival.ro\\\/mazda\\\/product\\\/electromotor-mazda-323-iii-station-wagon-bw-1-5-bw105-benzina-73-cai-as-pl-s5014\\\/\"]}]},{\"@type\":\"ImageObject\",\"inLanguage\":\"en-US\",\"@id\":\"https:\\\/\\\/autorival.ro\\\/mazda\\\/product\\\/electromotor-mazda-323-iii-station-wagon-bw-1-5-bw105-benzina-73-cai-as-pl-s5014\\\/#primaryimage\",\"url\":\"https:\\\/\\\/autorival.ro\\\/mazda\\\/wp-content\\\/uploads\\\/sites\\\/16\\\/2025\\\/05\\\/208876-6.jpg\",\"contentUrl\":\"https:\\\/\\\/autorival.ro\\\/mazda\\\/wp-content\\\/uploads\\\/sites\\\/16\\\/2025\\\/05\\\/208876-6.jpg\",\"width\":1080,\"height\":810,\"caption\":\"Electromotor MAZDA 323 III Station Wagon (BW) 1.5 (BW105) benzina 73 cai AS-PL S5014\"},{\"@type\":\"BreadcrumbList\",\"@id\":\"https:\\\/\\\/autorival.ro\\\/mazda\\\/product\\\/electromotor-mazda-323-iii-station-wagon-bw-1-5-bw105-benzina-73-cai-as-pl-s5014\\\/#breadcrumb\",\"itemListElement\":[{\"@type\":\"ListItem\",\"position\":1,\"name\":\"Prima pagin\u0103\",\"item\":\"https:\\\/\\\/autorival.ro\\\/mazda\\\/\"},{\"@type\":\"ListItem\",\"position\":2,\"name\":\"Piese auto MAZDA\",\"item\":\"https:\\\/\\\/autorival.ro\\\/mazda\\\/\"},{\"@type\":\"ListItem\",\"position\":3,\"name\":\"Electromotor MAZDA 323 III Station Wagon (BW) 1.5 (BW105) benzina 73 cai AS-PL S5014\"}]},{\"@type\":\"WebSite\",\"@id\":\"https:\\\/\\\/autorival.ro\\\/mazda\\\/#website\",\"url\":\"https:\\\/\\\/autorival.ro\\\/mazda\\\/\",\"name\":\"MAZDA\",\"description\":\"\",\"potentialAction\":[{\"@type\":\"SearchAction\",\"target\":{\"@type\":\"EntryPoint\",\"urlTemplate\":\"https:\\\/\\\/autorival.ro\\\/mazda\\\/?s={search_term_string}\"},\"query-input\":{\"@type\":\"PropertyValueSpecification\",\"valueRequired\":true,\"valueName\":\"search_term_string\"}}],\"inLanguage\":\"en-US\"}]}<\/script>\n<!-- \/ Yoast SEO plugin. -->","yoast_head_json":{"title":"Electromotor MAZDA 323 III Station Wagon (BW) 1.5 (BW105) benzina 73 cai AS-PL S5014 MAZDA | AS-PL - Autorival","description":"\u26a1 Electromotor MAZDA 323 III Station Wagon (BW) 1.5 (BW105) benzina 73 cai AS-PL S5014 pentru MAZDA la doar 480.44 RON. \u2713 Cod: S5014 \u2713 Brand: AS-PL \u2713 \u00cen stoc \u2713 Livrare 24h \u2713 Garan\u021bie!","robots":{"index":"index","follow":"follow","max-snippet":"max-snippet:-1","max-image-preview":"max-image-preview:large","max-video-preview":"max-video-preview:-1"},"og_locale":"en_US","og_type":"article","og_title":"Electromotor MAZDA 323 III Station Wagon (BW) 1.5 (BW105) benzina 73 cai AS-PL S5014 MAZDA | AS-PL - Autorival","og_description":"\u26a1 Electromotor MAZDA 323 III Station Wagon (BW) 1.5 (BW105) benzina 73 cai AS-PL S5014 pentru MAZDA la doar 480.44 RON. \u2713 Cod: S5014 \u2713 Brand: AS-PL \u2713 \u00cen stoc \u2713 Livrare 24h \u2713 Garan\u021bie!","og_url":"https:\/\/autorival.ro\/mazda\/product\/electromotor-mazda-323-iii-station-wagon-bw-1-5-bw105-benzina-73-cai-as-pl-s5014\/","og_site_name":"MAZDA","article_modified_time":"2025-05-13T03:10:45+00:00","og_image":[{"width":1080,"height":810,"url":"https:\/\/autorival.ro\/mazda\/wp-content\/uploads\/sites\/16\/2025\/05\/208876-6.jpg","type":"image\/jpeg"}],"twitter_card":"summary_large_image","twitter_title":"Electromotor MAZDA 323 III Station Wagon (BW) 1.5 (BW105) benzina 73 cai AS-PL S5014 MAZDA | AS-PL - Autorival","twitter_description":"\u26a1 Electromotor MAZDA 323 III Station Wagon (BW) 1.5 (BW105) benzina 73 cai AS-PL S5014 pentru MAZDA la doar 480.44 RON. \u2713 Cod: S5014 \u2713 Brand: AS-PL \u2713 \u00cen stoc \u2713 Livrare 24h \u2713 Garan\u021bie!","schema":{"@context":"https:\/\/schema.org","@graph":[{"@type":"WebPage","@id":"https:\/\/autorival.ro\/mazda\/product\/electromotor-mazda-323-iii-station-wagon-bw-1-5-bw105-benzina-73-cai-as-pl-s5014\/","url":"https:\/\/autorival.ro\/mazda\/product\/electromotor-mazda-323-iii-station-wagon-bw-1-5-bw105-benzina-73-cai-as-pl-s5014\/","name":"Electromotor MAZDA 323 III Station Wagon (BW) 1.5 (BW105) benzina 73 cai AS-PL S5014 MAZDA | AS-PL - Autorival","isPartOf":{"@id":"https:\/\/autorival.ro\/mazda\/#website"},"primaryImageOfPage":{"@id":"https:\/\/autorival.ro\/mazda\/product\/electromotor-mazda-323-iii-station-wagon-bw-1-5-bw105-benzina-73-cai-as-pl-s5014\/#primaryimage"},"image":{"@id":"https:\/\/autorival.ro\/mazda\/product\/electromotor-mazda-323-iii-station-wagon-bw-1-5-bw105-benzina-73-cai-as-pl-s5014\/#primaryimage"},"thumbnailUrl":"https:\/\/autorival.ro\/mazda\/wp-content\/uploads\/sites\/16\/2025\/05\/208876-6.jpg","datePublished":"2025-05-13T03:10:44+00:00","dateModified":"2025-05-13T03:10:45+00:00","description":"\u26a1 Electromotor MAZDA 323 III Station Wagon (BW) 1.5 (BW105) benzina 73 cai AS-PL S5014 pentru MAZDA la doar 480.44 RON. \u2713 Cod: S5014 \u2713 Brand: AS-PL \u2713 \u00cen stoc \u2713 Livrare 24h \u2713 Garan\u021bie!","breadcrumb":{"@id":"https:\/\/autorival.ro\/mazda\/product\/electromotor-mazda-323-iii-station-wagon-bw-1-5-bw105-benzina-73-cai-as-pl-s5014\/#breadcrumb"},"inLanguage":"en-US","potentialAction":[{"@type":"ReadAction","target":["https:\/\/autorival.ro\/mazda\/product\/electromotor-mazda-323-iii-station-wagon-bw-1-5-bw105-benzina-73-cai-as-pl-s5014\/"]}]},{"@type":"ImageObject","inLanguage":"en-US","@id":"https:\/\/autorival.ro\/mazda\/product\/electromotor-mazda-323-iii-station-wagon-bw-1-5-bw105-benzina-73-cai-as-pl-s5014\/#primaryimage","url":"https:\/\/autorival.ro\/mazda\/wp-content\/uploads\/sites\/16\/2025\/05\/208876-6.jpg","contentUrl":"https:\/\/autorival.ro\/mazda\/wp-content\/uploads\/sites\/16\/2025\/05\/208876-6.jpg","width":1080,"height":810,"caption":"Electromotor MAZDA 323 III Station Wagon (BW) 1.5 (BW105) benzina 73 cai AS-PL S5014"},{"@type":"BreadcrumbList","@id":"https:\/\/autorival.ro\/mazda\/product\/electromotor-mazda-323-iii-station-wagon-bw-1-5-bw105-benzina-73-cai-as-pl-s5014\/#breadcrumb","itemListElement":[{"@type":"ListItem","position":1,"name":"Prima pagin\u0103","item":"https:\/\/autorival.ro\/mazda\/"},{"@type":"ListItem","position":2,"name":"Piese auto MAZDA","item":"https:\/\/autorival.ro\/mazda\/"},{"@type":"ListItem","position":3,"name":"Electromotor MAZDA 323 III Station Wagon (BW) 1.5 (BW105) benzina 73 cai AS-PL S5014"}]},{"@type":"WebSite","@id":"https:\/\/autorival.ro\/mazda\/#website","url":"https:\/\/autorival.ro\/mazda\/","name":"MAZDA","description":"","potentialAction":[{"@type":"SearchAction","target":{"@type":"EntryPoint","urlTemplate":"https:\/\/autorival.ro\/mazda\/?s={search_term_string}"},"query-input":{"@type":"PropertyValueSpecification","valueRequired":true,"valueName":"search_term_string"}}],"inLanguage":"en-US"}]}},"_links":{"self":[{"href":"https:\/\/autorival.ro\/mazda\/wp-json\/wp\/v2\/product\/79926","targetHints":{"allow":["GET"]}}],"collection":[{"href":"https:\/\/autorival.ro\/mazda\/wp-json\/wp\/v2\/product"}],"about":[{"href":"https:\/\/autorival.ro\/mazda\/wp-json\/wp\/v2\/types\/product"}],"replies":[{"embeddable":true,"href":"https:\/\/autorival.ro\/mazda\/wp-json\/wp\/v2\/comments?post=79926"}],"wp:featuredmedia":[{"embeddable":true,"href":"https:\/\/autorival.ro\/mazda\/wp-json\/wp\/v2\/media\/79925"}],"wp:attachment":[{"href":"https:\/\/autorival.ro\/mazda\/wp-json\/wp\/v2\/media?parent=79926"}],"wp:term":[{"taxonomy":"product_brand","embeddable":true,"href":"https:\/\/autorival.ro\/mazda\/wp-json\/wp\/v2\/product_brand?post=79926"},{"taxonomy":"product_cat","embeddable":true,"href":"https:\/\/autorival.ro\/mazda\/wp-json\/wp\/v2\/product_cat?post=79926"},{"taxonomy":"product_tag","embeddable":true,"href":"https:\/\/autorival.ro\/mazda\/wp-json\/wp\/v2\/product_tag?post=79926"}],"curies":[{"name":"wp","href":"https:\/\/api.w.org\/{rel}","templated":true}]}}