{"id":79759,"date":"2025-05-13T03:08:57","date_gmt":"2025-05-13T03:08:57","guid":{"rendered":"https:\/\/autorival.ro\/mazda\/product\/electromotor-mazda-3-limuzina-bl-2-0-blffp-benzina-154-cai-as-pl-s5317s\/"},"modified":"2025-05-13T03:08:58","modified_gmt":"2025-05-13T03:08:58","slug":"electromotor-mazda-3-limuzina-bl-2-0-blffp-benzina-154-cai-as-pl-s5317s","status":"publish","type":"product","link":"https:\/\/autorival.ro\/mazda\/product\/electromotor-mazda-3-limuzina-bl-2-0-blffp-benzina-154-cai-as-pl-s5317s\/","title":{"rendered":"Electromotor MAZDA 3 limuzina (BL) 2.0 (BLFFP) benzina 154 cai AS-PL S5317S"},"content":{"rendered":"<p>Restrictiile producatorului: MITSUBISHIPutere electromotor [kW]: 1,4Tensiune [V]: 12Numarul gaurilor de fixare: 2Directia de rotatie: rotatie contrar acelor de ceasornicNumar dinti: 11Versiune: M0T33271Calitate: STANDARD LINEPies\u0103 nou\u0103 f\u0103r\u0103 gaj<\/p>\n","protected":false},"excerpt":{"rendered":"<p>Producator: AS-PL Cod producator: S5317S<\/p>\n","protected":false},"featured_media":79758,"comment_status":"open","ping_status":"closed","template":"","meta":[],"product_brand":[200],"product_cat":[6134],"product_tag":[17270,17318,17268,17292,17903,17275,17249],"class_list":{"0":"post-79759","1":"product","2":"type-product","3":"status-publish","4":"has-post-thumbnail","6":"product_brand-as-pl","7":"product_cat-electromotor-limuzina-bl-2-0-blffp-benzina-154","8":"product_tag-bl","9":"product_tag-blffp","10":"product_tag-2-0","11":"product_tag-as","12":"product_tag-electromotor","13":"product_tag-limuzina","14":"product_tag-mazda","16":"first","17":"instock","18":"shipping-taxable","19":"purchasable","20":"product-type-simple"},"yoast_head":"<!-- This site is optimized with the Yoast SEO plugin v27.3 - https:\/\/yoast.com\/product\/yoast-seo-wordpress\/ -->\n<title>Electromotor MAZDA 3 limuzina (BL) 2.0 (BLFFP) benzina 154 cai AS-PL S5317S - MAZDA<\/title>\n<meta name=\"robots\" content=\"index, follow, max-snippet:-1, max-image-preview:large, max-video-preview:-1\" \/>\n<meta property=\"og:locale\" content=\"en_US\" \/>\n<meta property=\"og:type\" content=\"article\" \/>\n<meta property=\"og:title\" content=\"Electromotor MAZDA 3 limuzina (BL) 2.0 (BLFFP) benzina 154 cai AS-PL S5317S - MAZDA\" \/>\n<meta property=\"og:description\" content=\"Producator: AS-PL Cod producator: S5317S\" \/>\n<meta property=\"og:url\" content=\"https:\/\/autorival.ro\/mazda\/product\/electromotor-mazda-3-limuzina-bl-2-0-blffp-benzina-154-cai-as-pl-s5317s\/\" \/>\n<meta property=\"og:site_name\" content=\"MAZDA\" \/>\n<meta property=\"article:modified_time\" content=\"2025-05-13T03:08:58+00:00\" \/>\n<meta property=\"og:image\" content=\"https:\/\/autorival.ro\/mazda\/wp-content\/uploads\/sites\/16\/2025\/05\/157401-1.jpg\" \/>\n\t<meta property=\"og:image:width\" content=\"1080\" \/>\n\t<meta property=\"og:image:height\" content=\"810\" \/>\n\t<meta property=\"og:image:type\" content=\"image\/jpeg\" \/>\n<meta name=\"twitter:card\" content=\"summary_large_image\" \/>\n<script type=\"application\/ld+json\" class=\"yoast-schema-graph\">{\"@context\":\"https:\\\/\\\/schema.org\",\"@graph\":[{\"@type\":\"WebPage\",\"@id\":\"https:\\\/\\\/autorival.ro\\\/mazda\\\/product\\\/electromotor-mazda-3-limuzina-bl-2-0-blffp-benzina-154-cai-as-pl-s5317s\\\/\",\"url\":\"https:\\\/\\\/autorival.ro\\\/mazda\\\/product\\\/electromotor-mazda-3-limuzina-bl-2-0-blffp-benzina-154-cai-as-pl-s5317s\\\/\",\"name\":\"Electromotor MAZDA 3 limuzina (BL) 2.0 (BLFFP) benzina 154 cai AS-PL S5317S - MAZDA\",\"isPartOf\":{\"@id\":\"https:\\\/\\\/autorival.ro\\\/mazda\\\/#website\"},\"primaryImageOfPage\":{\"@id\":\"https:\\\/\\\/autorival.ro\\\/mazda\\\/product\\\/electromotor-mazda-3-limuzina-bl-2-0-blffp-benzina-154-cai-as-pl-s5317s\\\/#primaryimage\"},\"image\":{\"@id\":\"https:\\\/\\\/autorival.ro\\\/mazda\\\/product\\\/electromotor-mazda-3-limuzina-bl-2-0-blffp-benzina-154-cai-as-pl-s5317s\\\/#primaryimage\"},\"thumbnailUrl\":\"https:\\\/\\\/autorival.ro\\\/mazda\\\/wp-content\\\/uploads\\\/sites\\\/16\\\/2025\\\/05\\\/157401-1.jpg\",\"datePublished\":\"2025-05-13T03:08:57+00:00\",\"dateModified\":\"2025-05-13T03:08:58+00:00\",\"breadcrumb\":{\"@id\":\"https:\\\/\\\/autorival.ro\\\/mazda\\\/product\\\/electromotor-mazda-3-limuzina-bl-2-0-blffp-benzina-154-cai-as-pl-s5317s\\\/#breadcrumb\"},\"inLanguage\":\"en-US\",\"potentialAction\":[{\"@type\":\"ReadAction\",\"target\":[\"https:\\\/\\\/autorival.ro\\\/mazda\\\/product\\\/electromotor-mazda-3-limuzina-bl-2-0-blffp-benzina-154-cai-as-pl-s5317s\\\/\"]}]},{\"@type\":\"ImageObject\",\"inLanguage\":\"en-US\",\"@id\":\"https:\\\/\\\/autorival.ro\\\/mazda\\\/product\\\/electromotor-mazda-3-limuzina-bl-2-0-blffp-benzina-154-cai-as-pl-s5317s\\\/#primaryimage\",\"url\":\"https:\\\/\\\/autorival.ro\\\/mazda\\\/wp-content\\\/uploads\\\/sites\\\/16\\\/2025\\\/05\\\/157401-1.jpg\",\"contentUrl\":\"https:\\\/\\\/autorival.ro\\\/mazda\\\/wp-content\\\/uploads\\\/sites\\\/16\\\/2025\\\/05\\\/157401-1.jpg\",\"width\":1080,\"height\":810,\"caption\":\"Electromotor MAZDA 3 limuzina (BL) 2.0 (BLFFP) benzina 154 cai AS-PL S5317S\"},{\"@type\":\"BreadcrumbList\",\"@id\":\"https:\\\/\\\/autorival.ro\\\/mazda\\\/product\\\/electromotor-mazda-3-limuzina-bl-2-0-blffp-benzina-154-cai-as-pl-s5317s\\\/#breadcrumb\",\"itemListElement\":[{\"@type\":\"ListItem\",\"position\":1,\"name\":\"Prima pagin\u0103\",\"item\":\"https:\\\/\\\/autorival.ro\\\/mazda\\\/\"},{\"@type\":\"ListItem\",\"position\":2,\"name\":\"Piese auto MAZDA\",\"item\":\"https:\\\/\\\/autorival.ro\\\/mazda\\\/\"},{\"@type\":\"ListItem\",\"position\":3,\"name\":\"Electromotor MAZDA 3 limuzina (BL) 2.0 (BLFFP) benzina 154 cai AS-PL S5317S\"}]},{\"@type\":\"WebSite\",\"@id\":\"https:\\\/\\\/autorival.ro\\\/mazda\\\/#website\",\"url\":\"https:\\\/\\\/autorival.ro\\\/mazda\\\/\",\"name\":\"MAZDA\",\"description\":\"\",\"potentialAction\":[{\"@type\":\"SearchAction\",\"target\":{\"@type\":\"EntryPoint\",\"urlTemplate\":\"https:\\\/\\\/autorival.ro\\\/mazda\\\/?s={search_term_string}\"},\"query-input\":{\"@type\":\"PropertyValueSpecification\",\"valueRequired\":true,\"valueName\":\"search_term_string\"}}],\"inLanguage\":\"en-US\"}]}<\/script>\n<!-- \/ Yoast SEO plugin. -->","yoast_head_json":{"title":"Electromotor MAZDA 3 limuzina (BL) 2.0 (BLFFP) benzina 154 cai AS-PL S5317S - MAZDA","robots":{"index":"index","follow":"follow","max-snippet":"max-snippet:-1","max-image-preview":"max-image-preview:large","max-video-preview":"max-video-preview:-1"},"og_locale":"en_US","og_type":"article","og_title":"Electromotor MAZDA 3 limuzina (BL) 2.0 (BLFFP) benzina 154 cai AS-PL S5317S - MAZDA","og_description":"Producator: AS-PL Cod producator: S5317S","og_url":"https:\/\/autorival.ro\/mazda\/product\/electromotor-mazda-3-limuzina-bl-2-0-blffp-benzina-154-cai-as-pl-s5317s\/","og_site_name":"MAZDA","article_modified_time":"2025-05-13T03:08:58+00:00","og_image":[{"width":1080,"height":810,"url":"https:\/\/autorival.ro\/mazda\/wp-content\/uploads\/sites\/16\/2025\/05\/157401-1.jpg","type":"image\/jpeg"}],"twitter_card":"summary_large_image","schema":{"@context":"https:\/\/schema.org","@graph":[{"@type":"WebPage","@id":"https:\/\/autorival.ro\/mazda\/product\/electromotor-mazda-3-limuzina-bl-2-0-blffp-benzina-154-cai-as-pl-s5317s\/","url":"https:\/\/autorival.ro\/mazda\/product\/electromotor-mazda-3-limuzina-bl-2-0-blffp-benzina-154-cai-as-pl-s5317s\/","name":"Electromotor MAZDA 3 limuzina (BL) 2.0 (BLFFP) benzina 154 cai AS-PL S5317S - MAZDA","isPartOf":{"@id":"https:\/\/autorival.ro\/mazda\/#website"},"primaryImageOfPage":{"@id":"https:\/\/autorival.ro\/mazda\/product\/electromotor-mazda-3-limuzina-bl-2-0-blffp-benzina-154-cai-as-pl-s5317s\/#primaryimage"},"image":{"@id":"https:\/\/autorival.ro\/mazda\/product\/electromotor-mazda-3-limuzina-bl-2-0-blffp-benzina-154-cai-as-pl-s5317s\/#primaryimage"},"thumbnailUrl":"https:\/\/autorival.ro\/mazda\/wp-content\/uploads\/sites\/16\/2025\/05\/157401-1.jpg","datePublished":"2025-05-13T03:08:57+00:00","dateModified":"2025-05-13T03:08:58+00:00","breadcrumb":{"@id":"https:\/\/autorival.ro\/mazda\/product\/electromotor-mazda-3-limuzina-bl-2-0-blffp-benzina-154-cai-as-pl-s5317s\/#breadcrumb"},"inLanguage":"en-US","potentialAction":[{"@type":"ReadAction","target":["https:\/\/autorival.ro\/mazda\/product\/electromotor-mazda-3-limuzina-bl-2-0-blffp-benzina-154-cai-as-pl-s5317s\/"]}]},{"@type":"ImageObject","inLanguage":"en-US","@id":"https:\/\/autorival.ro\/mazda\/product\/electromotor-mazda-3-limuzina-bl-2-0-blffp-benzina-154-cai-as-pl-s5317s\/#primaryimage","url":"https:\/\/autorival.ro\/mazda\/wp-content\/uploads\/sites\/16\/2025\/05\/157401-1.jpg","contentUrl":"https:\/\/autorival.ro\/mazda\/wp-content\/uploads\/sites\/16\/2025\/05\/157401-1.jpg","width":1080,"height":810,"caption":"Electromotor MAZDA 3 limuzina (BL) 2.0 (BLFFP) benzina 154 cai AS-PL S5317S"},{"@type":"BreadcrumbList","@id":"https:\/\/autorival.ro\/mazda\/product\/electromotor-mazda-3-limuzina-bl-2-0-blffp-benzina-154-cai-as-pl-s5317s\/#breadcrumb","itemListElement":[{"@type":"ListItem","position":1,"name":"Prima pagin\u0103","item":"https:\/\/autorival.ro\/mazda\/"},{"@type":"ListItem","position":2,"name":"Piese auto MAZDA","item":"https:\/\/autorival.ro\/mazda\/"},{"@type":"ListItem","position":3,"name":"Electromotor MAZDA 3 limuzina (BL) 2.0 (BLFFP) benzina 154 cai AS-PL S5317S"}]},{"@type":"WebSite","@id":"https:\/\/autorival.ro\/mazda\/#website","url":"https:\/\/autorival.ro\/mazda\/","name":"MAZDA","description":"","potentialAction":[{"@type":"SearchAction","target":{"@type":"EntryPoint","urlTemplate":"https:\/\/autorival.ro\/mazda\/?s={search_term_string}"},"query-input":{"@type":"PropertyValueSpecification","valueRequired":true,"valueName":"search_term_string"}}],"inLanguage":"en-US"}]}},"_links":{"self":[{"href":"https:\/\/autorival.ro\/mazda\/wp-json\/wp\/v2\/product\/79759","targetHints":{"allow":["GET"]}}],"collection":[{"href":"https:\/\/autorival.ro\/mazda\/wp-json\/wp\/v2\/product"}],"about":[{"href":"https:\/\/autorival.ro\/mazda\/wp-json\/wp\/v2\/types\/product"}],"replies":[{"embeddable":true,"href":"https:\/\/autorival.ro\/mazda\/wp-json\/wp\/v2\/comments?post=79759"}],"wp:featuredmedia":[{"embeddable":true,"href":"https:\/\/autorival.ro\/mazda\/wp-json\/wp\/v2\/media\/79758"}],"wp:attachment":[{"href":"https:\/\/autorival.ro\/mazda\/wp-json\/wp\/v2\/media?parent=79759"}],"wp:term":[{"taxonomy":"product_brand","embeddable":true,"href":"https:\/\/autorival.ro\/mazda\/wp-json\/wp\/v2\/product_brand?post=79759"},{"taxonomy":"product_cat","embeddable":true,"href":"https:\/\/autorival.ro\/mazda\/wp-json\/wp\/v2\/product_cat?post=79759"},{"taxonomy":"product_tag","embeddable":true,"href":"https:\/\/autorival.ro\/mazda\/wp-json\/wp\/v2\/product_tag?post=79759"}],"curies":[{"name":"wp","href":"https:\/\/api.w.org\/{rel}","templated":true}]}}