{"id":79563,"date":"2025-05-13T03:07:03","date_gmt":"2025-05-13T03:07:03","guid":{"rendered":"https:\/\/autorival.ro\/mazda\/product\/electromotor-mazda-2-de_-dh_-1-6-mz-cd-diesel-95-cai-as-pl-s3202pr\/"},"modified":"2025-05-13T03:07:03","modified_gmt":"2025-05-13T03:07:03","slug":"electromotor-mazda-2-de_-dh_-1-6-mz-cd-diesel-95-cai-as-pl-s3202pr","status":"publish","type":"product","link":"https:\/\/autorival.ro\/mazda\/product\/electromotor-mazda-2-de_-dh_-1-6-mz-cd-diesel-95-cai-as-pl-s3202pr\/","title":{"rendered":"Electromotor MAZDA 2 (DE_, DH_) 1.6 MZ-CD diesel 95 cai AS-PL S3202PR"},"content":{"rendered":"<p>Restrictiile producatorului: VALEOPutere electromotor [kW]: 1,4Tensiune [V]: 12Numarul gaurilor de fixare: 3Directia de rotatie: rotatie contrar acelor de ceasornicNumar dinti: 10Calitate: PREMIUM LINEPies\u0103 de schimb f\u0103r\u0103 gaj<\/p>\n","protected":false},"excerpt":{"rendered":"<p>Producator: AS-PL Cod producator: S3202PR<\/p>\n","protected":false},"featured_media":79562,"comment_status":"open","ping_status":"closed","template":"","meta":[],"product_brand":[200],"product_cat":[6103],"product_tag":[17255,17292,17250,17300,17903,17249,17259],"class_list":{"0":"post-79563","1":"product","2":"type-product","3":"status-publish","4":"has-post-thumbnail","6":"product_brand-as-pl","7":"product_cat-electromotor-de_-dh_-1-6-mz-cd-diesel-95","8":"product_tag-de_","9":"product_tag-as","10":"product_tag-dh","11":"product_tag-dh_","12":"product_tag-electromotor","13":"product_tag-mazda","14":"product_tag-mz","16":"first","17":"instock","18":"shipping-taxable","19":"purchasable","20":"product-type-simple"},"yoast_head":"<!-- This site is optimized with the Yoast SEO plugin v27.3 - https:\/\/yoast.com\/product\/yoast-seo-wordpress\/ -->\n<title>Electromotor MAZDA 2 (DE_, DH_) 1.6 MZ-CD diesel 95 cai AS-PL S3202PR MAZDA | AS-PL - Autorival<\/title>\n<meta name=\"description\" content=\"\u26a1 Electromotor MAZDA 2 (DE_, DH_) 1.6 MZ-CD diesel 95 cai AS-PL S3202PR pentru MAZDA la doar 412.65 RON. \u2713 Cod: S3202PR \u2713 Brand: AS-PL \u2713 \u00cen stoc \u2713 Livrare 24h \u2713 Garan\u021bie!\" \/>\n<meta name=\"robots\" content=\"index, follow, max-snippet:-1, max-image-preview:large, max-video-preview:-1\" \/>\n<meta property=\"og:locale\" content=\"en_US\" \/>\n<meta property=\"og:type\" content=\"article\" \/>\n<meta property=\"og:title\" content=\"Electromotor MAZDA 2 (DE_, DH_) 1.6 MZ-CD diesel 95 cai AS-PL S3202PR MAZDA | AS-PL - Autorival\" \/>\n<meta property=\"og:description\" content=\"\u26a1 Electromotor MAZDA 2 (DE_, DH_) 1.6 MZ-CD diesel 95 cai AS-PL S3202PR pentru MAZDA la doar 412.65 RON. \u2713 Cod: S3202PR \u2713 Brand: AS-PL \u2713 \u00cen stoc \u2713 Livrare 24h \u2713 Garan\u021bie!\" \/>\n<meta property=\"og:url\" content=\"https:\/\/autorival.ro\/mazda\/product\/electromotor-mazda-2-de_-dh_-1-6-mz-cd-diesel-95-cai-as-pl-s3202pr\/\" \/>\n<meta property=\"og:site_name\" content=\"MAZDA\" \/>\n<meta property=\"og:image\" content=\"https:\/\/autorival.ro\/mazda\/wp-content\/uploads\/sites\/16\/2025\/05\/173843.jpg\" \/>\n\t<meta property=\"og:image:width\" content=\"1080\" \/>\n\t<meta property=\"og:image:height\" content=\"810\" \/>\n\t<meta property=\"og:image:type\" content=\"image\/jpeg\" \/>\n<meta name=\"twitter:card\" content=\"summary_large_image\" \/>\n<meta name=\"twitter:title\" content=\"Electromotor MAZDA 2 (DE_, DH_) 1.6 MZ-CD diesel 95 cai AS-PL S3202PR MAZDA | AS-PL - Autorival\" \/>\n<meta name=\"twitter:description\" content=\"\u26a1 Electromotor MAZDA 2 (DE_, DH_) 1.6 MZ-CD diesel 95 cai AS-PL S3202PR pentru MAZDA la doar 412.65 RON. \u2713 Cod: S3202PR \u2713 Brand: AS-PL \u2713 \u00cen stoc \u2713 Livrare 24h \u2713 Garan\u021bie!\" \/>\n<script type=\"application\/ld+json\" class=\"yoast-schema-graph\">{\"@context\":\"https:\\\/\\\/schema.org\",\"@graph\":[{\"@type\":\"WebPage\",\"@id\":\"https:\\\/\\\/autorival.ro\\\/mazda\\\/product\\\/electromotor-mazda-2-de_-dh_-1-6-mz-cd-diesel-95-cai-as-pl-s3202pr\\\/\",\"url\":\"https:\\\/\\\/autorival.ro\\\/mazda\\\/product\\\/electromotor-mazda-2-de_-dh_-1-6-mz-cd-diesel-95-cai-as-pl-s3202pr\\\/\",\"name\":\"Electromotor MAZDA 2 (DE_, DH_) 1.6 MZ-CD diesel 95 cai AS-PL S3202PR MAZDA | AS-PL - Autorival\",\"isPartOf\":{\"@id\":\"https:\\\/\\\/autorival.ro\\\/mazda\\\/#website\"},\"primaryImageOfPage\":{\"@id\":\"https:\\\/\\\/autorival.ro\\\/mazda\\\/product\\\/electromotor-mazda-2-de_-dh_-1-6-mz-cd-diesel-95-cai-as-pl-s3202pr\\\/#primaryimage\"},\"image\":{\"@id\":\"https:\\\/\\\/autorival.ro\\\/mazda\\\/product\\\/electromotor-mazda-2-de_-dh_-1-6-mz-cd-diesel-95-cai-as-pl-s3202pr\\\/#primaryimage\"},\"thumbnailUrl\":\"https:\\\/\\\/autorival.ro\\\/mazda\\\/wp-content\\\/uploads\\\/sites\\\/16\\\/2025\\\/05\\\/173843.jpg\",\"datePublished\":\"2025-05-13T03:07:03+00:00\",\"description\":\"\u26a1 Electromotor MAZDA 2 (DE_, DH_) 1.6 MZ-CD diesel 95 cai AS-PL S3202PR pentru MAZDA la doar 412.65 RON. \u2713 Cod: S3202PR \u2713 Brand: AS-PL \u2713 \u00cen stoc \u2713 Livrare 24h \u2713 Garan\u021bie!\",\"breadcrumb\":{\"@id\":\"https:\\\/\\\/autorival.ro\\\/mazda\\\/product\\\/electromotor-mazda-2-de_-dh_-1-6-mz-cd-diesel-95-cai-as-pl-s3202pr\\\/#breadcrumb\"},\"inLanguage\":\"en-US\",\"potentialAction\":[{\"@type\":\"ReadAction\",\"target\":[\"https:\\\/\\\/autorival.ro\\\/mazda\\\/product\\\/electromotor-mazda-2-de_-dh_-1-6-mz-cd-diesel-95-cai-as-pl-s3202pr\\\/\"]}]},{\"@type\":\"ImageObject\",\"inLanguage\":\"en-US\",\"@id\":\"https:\\\/\\\/autorival.ro\\\/mazda\\\/product\\\/electromotor-mazda-2-de_-dh_-1-6-mz-cd-diesel-95-cai-as-pl-s3202pr\\\/#primaryimage\",\"url\":\"https:\\\/\\\/autorival.ro\\\/mazda\\\/wp-content\\\/uploads\\\/sites\\\/16\\\/2025\\\/05\\\/173843.jpg\",\"contentUrl\":\"https:\\\/\\\/autorival.ro\\\/mazda\\\/wp-content\\\/uploads\\\/sites\\\/16\\\/2025\\\/05\\\/173843.jpg\",\"width\":1080,\"height\":810,\"caption\":\"Electromotor MAZDA 2 (DE_, DH_) 1.6 MZ-CD diesel 95 cai AS-PL S3202PR\"},{\"@type\":\"BreadcrumbList\",\"@id\":\"https:\\\/\\\/autorival.ro\\\/mazda\\\/product\\\/electromotor-mazda-2-de_-dh_-1-6-mz-cd-diesel-95-cai-as-pl-s3202pr\\\/#breadcrumb\",\"itemListElement\":[{\"@type\":\"ListItem\",\"position\":1,\"name\":\"Prima pagin\u0103\",\"item\":\"https:\\\/\\\/autorival.ro\\\/mazda\\\/\"},{\"@type\":\"ListItem\",\"position\":2,\"name\":\"Piese auto MAZDA\",\"item\":\"https:\\\/\\\/autorival.ro\\\/mazda\\\/\"},{\"@type\":\"ListItem\",\"position\":3,\"name\":\"Electromotor MAZDA 2 (DE_, DH_) 1.6 MZ-CD diesel 95 cai AS-PL S3202PR\"}]},{\"@type\":\"WebSite\",\"@id\":\"https:\\\/\\\/autorival.ro\\\/mazda\\\/#website\",\"url\":\"https:\\\/\\\/autorival.ro\\\/mazda\\\/\",\"name\":\"MAZDA\",\"description\":\"\",\"potentialAction\":[{\"@type\":\"SearchAction\",\"target\":{\"@type\":\"EntryPoint\",\"urlTemplate\":\"https:\\\/\\\/autorival.ro\\\/mazda\\\/?s={search_term_string}\"},\"query-input\":{\"@type\":\"PropertyValueSpecification\",\"valueRequired\":true,\"valueName\":\"search_term_string\"}}],\"inLanguage\":\"en-US\"}]}<\/script>\n<!-- \/ Yoast SEO plugin. -->","yoast_head_json":{"title":"Electromotor MAZDA 2 (DE_, DH_) 1.6 MZ-CD diesel 95 cai AS-PL S3202PR MAZDA | AS-PL - Autorival","description":"\u26a1 Electromotor MAZDA 2 (DE_, DH_) 1.6 MZ-CD diesel 95 cai AS-PL S3202PR pentru MAZDA la doar 412.65 RON. \u2713 Cod: S3202PR \u2713 Brand: AS-PL \u2713 \u00cen stoc \u2713 Livrare 24h \u2713 Garan\u021bie!","robots":{"index":"index","follow":"follow","max-snippet":"max-snippet:-1","max-image-preview":"max-image-preview:large","max-video-preview":"max-video-preview:-1"},"og_locale":"en_US","og_type":"article","og_title":"Electromotor MAZDA 2 (DE_, DH_) 1.6 MZ-CD diesel 95 cai AS-PL S3202PR MAZDA | AS-PL - Autorival","og_description":"\u26a1 Electromotor MAZDA 2 (DE_, DH_) 1.6 MZ-CD diesel 95 cai AS-PL S3202PR pentru MAZDA la doar 412.65 RON. \u2713 Cod: S3202PR \u2713 Brand: AS-PL \u2713 \u00cen stoc \u2713 Livrare 24h \u2713 Garan\u021bie!","og_url":"https:\/\/autorival.ro\/mazda\/product\/electromotor-mazda-2-de_-dh_-1-6-mz-cd-diesel-95-cai-as-pl-s3202pr\/","og_site_name":"MAZDA","og_image":[{"width":1080,"height":810,"url":"https:\/\/autorival.ro\/mazda\/wp-content\/uploads\/sites\/16\/2025\/05\/173843.jpg","type":"image\/jpeg"}],"twitter_card":"summary_large_image","twitter_title":"Electromotor MAZDA 2 (DE_, DH_) 1.6 MZ-CD diesel 95 cai AS-PL S3202PR MAZDA | AS-PL - Autorival","twitter_description":"\u26a1 Electromotor MAZDA 2 (DE_, DH_) 1.6 MZ-CD diesel 95 cai AS-PL S3202PR pentru MAZDA la doar 412.65 RON. \u2713 Cod: S3202PR \u2713 Brand: AS-PL \u2713 \u00cen stoc \u2713 Livrare 24h \u2713 Garan\u021bie!","schema":{"@context":"https:\/\/schema.org","@graph":[{"@type":"WebPage","@id":"https:\/\/autorival.ro\/mazda\/product\/electromotor-mazda-2-de_-dh_-1-6-mz-cd-diesel-95-cai-as-pl-s3202pr\/","url":"https:\/\/autorival.ro\/mazda\/product\/electromotor-mazda-2-de_-dh_-1-6-mz-cd-diesel-95-cai-as-pl-s3202pr\/","name":"Electromotor MAZDA 2 (DE_, DH_) 1.6 MZ-CD diesel 95 cai AS-PL S3202PR MAZDA | AS-PL - Autorival","isPartOf":{"@id":"https:\/\/autorival.ro\/mazda\/#website"},"primaryImageOfPage":{"@id":"https:\/\/autorival.ro\/mazda\/product\/electromotor-mazda-2-de_-dh_-1-6-mz-cd-diesel-95-cai-as-pl-s3202pr\/#primaryimage"},"image":{"@id":"https:\/\/autorival.ro\/mazda\/product\/electromotor-mazda-2-de_-dh_-1-6-mz-cd-diesel-95-cai-as-pl-s3202pr\/#primaryimage"},"thumbnailUrl":"https:\/\/autorival.ro\/mazda\/wp-content\/uploads\/sites\/16\/2025\/05\/173843.jpg","datePublished":"2025-05-13T03:07:03+00:00","description":"\u26a1 Electromotor MAZDA 2 (DE_, DH_) 1.6 MZ-CD diesel 95 cai AS-PL S3202PR pentru MAZDA la doar 412.65 RON. \u2713 Cod: S3202PR \u2713 Brand: AS-PL \u2713 \u00cen stoc \u2713 Livrare 24h \u2713 Garan\u021bie!","breadcrumb":{"@id":"https:\/\/autorival.ro\/mazda\/product\/electromotor-mazda-2-de_-dh_-1-6-mz-cd-diesel-95-cai-as-pl-s3202pr\/#breadcrumb"},"inLanguage":"en-US","potentialAction":[{"@type":"ReadAction","target":["https:\/\/autorival.ro\/mazda\/product\/electromotor-mazda-2-de_-dh_-1-6-mz-cd-diesel-95-cai-as-pl-s3202pr\/"]}]},{"@type":"ImageObject","inLanguage":"en-US","@id":"https:\/\/autorival.ro\/mazda\/product\/electromotor-mazda-2-de_-dh_-1-6-mz-cd-diesel-95-cai-as-pl-s3202pr\/#primaryimage","url":"https:\/\/autorival.ro\/mazda\/wp-content\/uploads\/sites\/16\/2025\/05\/173843.jpg","contentUrl":"https:\/\/autorival.ro\/mazda\/wp-content\/uploads\/sites\/16\/2025\/05\/173843.jpg","width":1080,"height":810,"caption":"Electromotor MAZDA 2 (DE_, DH_) 1.6 MZ-CD diesel 95 cai AS-PL S3202PR"},{"@type":"BreadcrumbList","@id":"https:\/\/autorival.ro\/mazda\/product\/electromotor-mazda-2-de_-dh_-1-6-mz-cd-diesel-95-cai-as-pl-s3202pr\/#breadcrumb","itemListElement":[{"@type":"ListItem","position":1,"name":"Prima pagin\u0103","item":"https:\/\/autorival.ro\/mazda\/"},{"@type":"ListItem","position":2,"name":"Piese auto MAZDA","item":"https:\/\/autorival.ro\/mazda\/"},{"@type":"ListItem","position":3,"name":"Electromotor MAZDA 2 (DE_, DH_) 1.6 MZ-CD diesel 95 cai AS-PL S3202PR"}]},{"@type":"WebSite","@id":"https:\/\/autorival.ro\/mazda\/#website","url":"https:\/\/autorival.ro\/mazda\/","name":"MAZDA","description":"","potentialAction":[{"@type":"SearchAction","target":{"@type":"EntryPoint","urlTemplate":"https:\/\/autorival.ro\/mazda\/?s={search_term_string}"},"query-input":{"@type":"PropertyValueSpecification","valueRequired":true,"valueName":"search_term_string"}}],"inLanguage":"en-US"}]}},"_links":{"self":[{"href":"https:\/\/autorival.ro\/mazda\/wp-json\/wp\/v2\/product\/79563","targetHints":{"allow":["GET"]}}],"collection":[{"href":"https:\/\/autorival.ro\/mazda\/wp-json\/wp\/v2\/product"}],"about":[{"href":"https:\/\/autorival.ro\/mazda\/wp-json\/wp\/v2\/types\/product"}],"replies":[{"embeddable":true,"href":"https:\/\/autorival.ro\/mazda\/wp-json\/wp\/v2\/comments?post=79563"}],"wp:featuredmedia":[{"embeddable":true,"href":"https:\/\/autorival.ro\/mazda\/wp-json\/wp\/v2\/media\/79562"}],"wp:attachment":[{"href":"https:\/\/autorival.ro\/mazda\/wp-json\/wp\/v2\/media?parent=79563"}],"wp:term":[{"taxonomy":"product_brand","embeddable":true,"href":"https:\/\/autorival.ro\/mazda\/wp-json\/wp\/v2\/product_brand?post=79563"},{"taxonomy":"product_cat","embeddable":true,"href":"https:\/\/autorival.ro\/mazda\/wp-json\/wp\/v2\/product_cat?post=79563"},{"taxonomy":"product_tag","embeddable":true,"href":"https:\/\/autorival.ro\/mazda\/wp-json\/wp\/v2\/product_tag?post=79563"}],"curies":[{"name":"wp","href":"https:\/\/api.w.org\/{rel}","templated":true}]}}