{"id":79548,"date":"2025-05-13T03:06:54","date_gmt":"2025-05-13T03:06:54","guid":{"rendered":"https:\/\/autorival.ro\/mazda\/product\/electromotor-mazda-2-de_-dh_-1-3-bifuel-benzina-autogaz-gpl-75-cai-bosch-0-986-025-290\/"},"modified":"2025-05-13T03:06:54","modified_gmt":"2025-05-13T03:06:54","slug":"electromotor-mazda-2-de_-dh_-1-3-bifuel-benzina-autogaz-gpl-75-cai-bosch-0-986-025-290","status":"publish","type":"product","link":"https:\/\/autorival.ro\/mazda\/product\/electromotor-mazda-2-de_-dh_-1-3-bifuel-benzina-autogaz-gpl-75-cai-bosch-0-986-025-290\/","title":{"rendered":"Electromotor MAZDA 2 (DE_, DH_) 1.3 BiFuel Benzina\/Autogaz (GPL) 75 cai BOSCH 0 986 025 290"},"content":{"rendered":"<p>Cod motor: ZJAn fabricatie de la: 201202An fabricatie pana la: 201410Serie \u00c3\u02c6\u00e2\u201e\u00a2asiu (VIN)p\u00e2n\u0103 la: DEA3**306187, DEA4**461692, DE14**461609Piesa la schimbTensiune [V]: 12Putere electromotor [kW]: 1Numarul gaurilor de fixare: 0Numarul gaurilor filetate: 3Numar dinti: 10Clema: 30,50 ->Diametru flan\u00c3\u02c6\u00e2\u201e\u00a2\u0103 [mm]: 74Directia de rotatie: rotatie contrar acelor de ceasornicPozitie initiala-Pinion [mm]: 15Varianta starter: lagare individuale ->Dimensiune filet: M10x1,25 ->Dimensiune filet 1: M10x1,25 ->Dimensiune filet 2: M10x1,25 ->Lungime [mm]: 173Pozitie\/Grade: linksUnghi de fixare (Grade): 35M\u0103rime unghiular\u0103 orificiu de alimentare [grade]: 170M\u0103rime unghiular\u0103 orificiu de fixare [grade]: 35<\/p>\n","protected":false},"excerpt":{"rendered":"<p>Producator: BOSCH Cod producator: 0 986 025 290<\/p>\n","protected":false},"featured_media":79535,"comment_status":"open","ping_status":"closed","template":"","meta":[],"product_brand":[204],"product_cat":[6100],"product_tag":[17255,17301,17302,17250,17300,17903,17249],"class_list":{"0":"post-79548","1":"product","2":"type-product","3":"status-publish","4":"has-post-thumbnail","6":"product_brand-bosch","7":"product_cat-electromotor-de_-dh_-1-3-bifuel-benzina-autogaz-gpl-75","8":"product_tag-de_","9":"product_tag-1-3","10":"product_tag-bosch","11":"product_tag-dh","12":"product_tag-dh_","13":"product_tag-electromotor","14":"product_tag-mazda","16":"first","17":"instock","18":"shipping-taxable","19":"purchasable","20":"product-type-simple"},"yoast_head":"<!-- This site is optimized with the Yoast SEO plugin v27.3 - https:\/\/yoast.com\/product\/yoast-seo-wordpress\/ -->\n<title>Electromotor MAZDA 2 (DE_, DH_) 1.3 BiFuel Benzina\/Autogaz (GPL) 75 cai BOSCH 0 986 025 290 MAZDA | BOSCH - Autorival<\/title>\n<meta name=\"description\" content=\"\u26a1 Electromotor MAZDA 2 (DE_, DH_) 1.3 BiFuel Benzina\/Autogaz (GPL) 75 cai BOSCH 0 986 025 290 pentru MAZDA la doar 1281 RON \u2713 Brand: BOSCH \u2713 \u00cen stoc \u2713 Livrare 24h \u2713 Garan\u021bie!\" \/>\n<meta name=\"robots\" content=\"index, follow, max-snippet:-1, max-image-preview:large, max-video-preview:-1\" \/>\n<meta property=\"og:locale\" content=\"en_US\" \/>\n<meta property=\"og:type\" content=\"article\" \/>\n<meta property=\"og:title\" content=\"Electromotor MAZDA 2 (DE_, DH_) 1.3 BiFuel Benzina\/Autogaz (GPL) 75 cai BOSCH 0 986 025 290 MAZDA | BOSCH - Autorival\" \/>\n<meta property=\"og:description\" content=\"\u26a1 Electromotor MAZDA 2 (DE_, DH_) 1.3 BiFuel Benzina\/Autogaz (GPL) 75 cai BOSCH 0 986 025 290 pentru MAZDA la doar 1281 RON \u2713 Brand: BOSCH \u2713 \u00cen stoc \u2713 Livrare 24h \u2713 Garan\u021bie!\" \/>\n<meta property=\"og:url\" content=\"https:\/\/autorival.ro\/mazda\/product\/electromotor-mazda-2-de_-dh_-1-3-bifuel-benzina-autogaz-gpl-75-cai-bosch-0-986-025-290\/\" \/>\n<meta property=\"og:site_name\" content=\"MAZDA\" \/>\n<meta property=\"og:image\" content=\"https:\/\/autorival.ro\/mazda\/wp-content\/uploads\/sites\/16\/2025\/05\/0986025290dr00whcoenmm.jpg\" \/>\n\t<meta property=\"og:image:width\" content=\"1280\" \/>\n\t<meta property=\"og:image:height\" content=\"853\" \/>\n\t<meta property=\"og:image:type\" content=\"image\/jpeg\" \/>\n<meta name=\"twitter:card\" content=\"summary_large_image\" \/>\n<meta name=\"twitter:title\" content=\"Electromotor MAZDA 2 (DE_, DH_) 1.3 BiFuel Benzina\/Autogaz (GPL) 75 cai BOSCH 0 986 025 290 MAZDA | BOSCH - Autorival\" \/>\n<meta name=\"twitter:description\" content=\"\u26a1 Electromotor MAZDA 2 (DE_, DH_) 1.3 BiFuel Benzina\/Autogaz (GPL) 75 cai BOSCH 0 986 025 290 pentru MAZDA la doar 1281 RON \u2713 Brand: BOSCH \u2713 \u00cen stoc \u2713 Livrare 24h \u2713 Garan\u021bie!\" \/>\n<script type=\"application\/ld+json\" class=\"yoast-schema-graph\">{\"@context\":\"https:\\\/\\\/schema.org\",\"@graph\":[{\"@type\":\"WebPage\",\"@id\":\"https:\\\/\\\/autorival.ro\\\/mazda\\\/product\\\/electromotor-mazda-2-de_-dh_-1-3-bifuel-benzina-autogaz-gpl-75-cai-bosch-0-986-025-290\\\/\",\"url\":\"https:\\\/\\\/autorival.ro\\\/mazda\\\/product\\\/electromotor-mazda-2-de_-dh_-1-3-bifuel-benzina-autogaz-gpl-75-cai-bosch-0-986-025-290\\\/\",\"name\":\"Electromotor MAZDA 2 (DE_, DH_) 1.3 BiFuel Benzina\\\/Autogaz (GPL) 75 cai BOSCH 0 986 025 290 MAZDA | BOSCH - Autorival\",\"isPartOf\":{\"@id\":\"https:\\\/\\\/autorival.ro\\\/mazda\\\/#website\"},\"primaryImageOfPage\":{\"@id\":\"https:\\\/\\\/autorival.ro\\\/mazda\\\/product\\\/electromotor-mazda-2-de_-dh_-1-3-bifuel-benzina-autogaz-gpl-75-cai-bosch-0-986-025-290\\\/#primaryimage\"},\"image\":{\"@id\":\"https:\\\/\\\/autorival.ro\\\/mazda\\\/product\\\/electromotor-mazda-2-de_-dh_-1-3-bifuel-benzina-autogaz-gpl-75-cai-bosch-0-986-025-290\\\/#primaryimage\"},\"thumbnailUrl\":\"https:\\\/\\\/autorival.ro\\\/mazda\\\/wp-content\\\/uploads\\\/sites\\\/16\\\/2025\\\/05\\\/0986025290dr00whcoenmm.jpg\",\"datePublished\":\"2025-05-13T03:06:54+00:00\",\"description\":\"\u26a1 Electromotor MAZDA 2 (DE_, DH_) 1.3 BiFuel Benzina\\\/Autogaz (GPL) 75 cai BOSCH 0 986 025 290 pentru MAZDA la doar 1281 RON \u2713 Brand: BOSCH \u2713 \u00cen stoc \u2713 Livrare 24h \u2713 Garan\u021bie!\",\"breadcrumb\":{\"@id\":\"https:\\\/\\\/autorival.ro\\\/mazda\\\/product\\\/electromotor-mazda-2-de_-dh_-1-3-bifuel-benzina-autogaz-gpl-75-cai-bosch-0-986-025-290\\\/#breadcrumb\"},\"inLanguage\":\"en-US\",\"potentialAction\":[{\"@type\":\"ReadAction\",\"target\":[\"https:\\\/\\\/autorival.ro\\\/mazda\\\/product\\\/electromotor-mazda-2-de_-dh_-1-3-bifuel-benzina-autogaz-gpl-75-cai-bosch-0-986-025-290\\\/\"]}]},{\"@type\":\"ImageObject\",\"inLanguage\":\"en-US\",\"@id\":\"https:\\\/\\\/autorival.ro\\\/mazda\\\/product\\\/electromotor-mazda-2-de_-dh_-1-3-bifuel-benzina-autogaz-gpl-75-cai-bosch-0-986-025-290\\\/#primaryimage\",\"url\":\"https:\\\/\\\/autorival.ro\\\/mazda\\\/wp-content\\\/uploads\\\/sites\\\/16\\\/2025\\\/05\\\/0986025290dr00whcoenmm.jpg\",\"contentUrl\":\"https:\\\/\\\/autorival.ro\\\/mazda\\\/wp-content\\\/uploads\\\/sites\\\/16\\\/2025\\\/05\\\/0986025290dr00whcoenmm.jpg\",\"width\":1280,\"height\":853,\"caption\":\"Electromotor MAZDA 2 (DE_, DH_) 1.3 (DE3FS) benzina 75 cai BOSCH 0 986 025 290\"},{\"@type\":\"BreadcrumbList\",\"@id\":\"https:\\\/\\\/autorival.ro\\\/mazda\\\/product\\\/electromotor-mazda-2-de_-dh_-1-3-bifuel-benzina-autogaz-gpl-75-cai-bosch-0-986-025-290\\\/#breadcrumb\",\"itemListElement\":[{\"@type\":\"ListItem\",\"position\":1,\"name\":\"Prima pagin\u0103\",\"item\":\"https:\\\/\\\/autorival.ro\\\/mazda\\\/\"},{\"@type\":\"ListItem\",\"position\":2,\"name\":\"Piese auto MAZDA\",\"item\":\"https:\\\/\\\/autorival.ro\\\/mazda\\\/\"},{\"@type\":\"ListItem\",\"position\":3,\"name\":\"Electromotor MAZDA 2 (DE_, DH_) 1.3 BiFuel Benzina\\\/Autogaz (GPL) 75 cai BOSCH 0 986 025 290\"}]},{\"@type\":\"WebSite\",\"@id\":\"https:\\\/\\\/autorival.ro\\\/mazda\\\/#website\",\"url\":\"https:\\\/\\\/autorival.ro\\\/mazda\\\/\",\"name\":\"MAZDA\",\"description\":\"\",\"potentialAction\":[{\"@type\":\"SearchAction\",\"target\":{\"@type\":\"EntryPoint\",\"urlTemplate\":\"https:\\\/\\\/autorival.ro\\\/mazda\\\/?s={search_term_string}\"},\"query-input\":{\"@type\":\"PropertyValueSpecification\",\"valueRequired\":true,\"valueName\":\"search_term_string\"}}],\"inLanguage\":\"en-US\"}]}<\/script>\n<!-- \/ Yoast SEO plugin. -->","yoast_head_json":{"title":"Electromotor MAZDA 2 (DE_, DH_) 1.3 BiFuel Benzina\/Autogaz (GPL) 75 cai BOSCH 0 986 025 290 MAZDA | BOSCH - Autorival","description":"\u26a1 Electromotor MAZDA 2 (DE_, DH_) 1.3 BiFuel Benzina\/Autogaz (GPL) 75 cai BOSCH 0 986 025 290 pentru MAZDA la doar 1281 RON \u2713 Brand: BOSCH \u2713 \u00cen stoc \u2713 Livrare 24h \u2713 Garan\u021bie!","robots":{"index":"index","follow":"follow","max-snippet":"max-snippet:-1","max-image-preview":"max-image-preview:large","max-video-preview":"max-video-preview:-1"},"og_locale":"en_US","og_type":"article","og_title":"Electromotor MAZDA 2 (DE_, DH_) 1.3 BiFuel Benzina\/Autogaz (GPL) 75 cai BOSCH 0 986 025 290 MAZDA | BOSCH - Autorival","og_description":"\u26a1 Electromotor MAZDA 2 (DE_, DH_) 1.3 BiFuel Benzina\/Autogaz (GPL) 75 cai BOSCH 0 986 025 290 pentru MAZDA la doar 1281 RON \u2713 Brand: BOSCH \u2713 \u00cen stoc \u2713 Livrare 24h \u2713 Garan\u021bie!","og_url":"https:\/\/autorival.ro\/mazda\/product\/electromotor-mazda-2-de_-dh_-1-3-bifuel-benzina-autogaz-gpl-75-cai-bosch-0-986-025-290\/","og_site_name":"MAZDA","og_image":[{"width":1280,"height":853,"url":"https:\/\/autorival.ro\/mazda\/wp-content\/uploads\/sites\/16\/2025\/05\/0986025290dr00whcoenmm.jpg","type":"image\/jpeg"}],"twitter_card":"summary_large_image","twitter_title":"Electromotor MAZDA 2 (DE_, DH_) 1.3 BiFuel Benzina\/Autogaz (GPL) 75 cai BOSCH 0 986 025 290 MAZDA | BOSCH - Autorival","twitter_description":"\u26a1 Electromotor MAZDA 2 (DE_, DH_) 1.3 BiFuel Benzina\/Autogaz (GPL) 75 cai BOSCH 0 986 025 290 pentru MAZDA la doar 1281 RON \u2713 Brand: BOSCH \u2713 \u00cen stoc \u2713 Livrare 24h \u2713 Garan\u021bie!","schema":{"@context":"https:\/\/schema.org","@graph":[{"@type":"WebPage","@id":"https:\/\/autorival.ro\/mazda\/product\/electromotor-mazda-2-de_-dh_-1-3-bifuel-benzina-autogaz-gpl-75-cai-bosch-0-986-025-290\/","url":"https:\/\/autorival.ro\/mazda\/product\/electromotor-mazda-2-de_-dh_-1-3-bifuel-benzina-autogaz-gpl-75-cai-bosch-0-986-025-290\/","name":"Electromotor MAZDA 2 (DE_, DH_) 1.3 BiFuel Benzina\/Autogaz (GPL) 75 cai BOSCH 0 986 025 290 MAZDA | BOSCH - Autorival","isPartOf":{"@id":"https:\/\/autorival.ro\/mazda\/#website"},"primaryImageOfPage":{"@id":"https:\/\/autorival.ro\/mazda\/product\/electromotor-mazda-2-de_-dh_-1-3-bifuel-benzina-autogaz-gpl-75-cai-bosch-0-986-025-290\/#primaryimage"},"image":{"@id":"https:\/\/autorival.ro\/mazda\/product\/electromotor-mazda-2-de_-dh_-1-3-bifuel-benzina-autogaz-gpl-75-cai-bosch-0-986-025-290\/#primaryimage"},"thumbnailUrl":"https:\/\/autorival.ro\/mazda\/wp-content\/uploads\/sites\/16\/2025\/05\/0986025290dr00whcoenmm.jpg","datePublished":"2025-05-13T03:06:54+00:00","description":"\u26a1 Electromotor MAZDA 2 (DE_, DH_) 1.3 BiFuel Benzina\/Autogaz (GPL) 75 cai BOSCH 0 986 025 290 pentru MAZDA la doar 1281 RON \u2713 Brand: BOSCH \u2713 \u00cen stoc \u2713 Livrare 24h \u2713 Garan\u021bie!","breadcrumb":{"@id":"https:\/\/autorival.ro\/mazda\/product\/electromotor-mazda-2-de_-dh_-1-3-bifuel-benzina-autogaz-gpl-75-cai-bosch-0-986-025-290\/#breadcrumb"},"inLanguage":"en-US","potentialAction":[{"@type":"ReadAction","target":["https:\/\/autorival.ro\/mazda\/product\/electromotor-mazda-2-de_-dh_-1-3-bifuel-benzina-autogaz-gpl-75-cai-bosch-0-986-025-290\/"]}]},{"@type":"ImageObject","inLanguage":"en-US","@id":"https:\/\/autorival.ro\/mazda\/product\/electromotor-mazda-2-de_-dh_-1-3-bifuel-benzina-autogaz-gpl-75-cai-bosch-0-986-025-290\/#primaryimage","url":"https:\/\/autorival.ro\/mazda\/wp-content\/uploads\/sites\/16\/2025\/05\/0986025290dr00whcoenmm.jpg","contentUrl":"https:\/\/autorival.ro\/mazda\/wp-content\/uploads\/sites\/16\/2025\/05\/0986025290dr00whcoenmm.jpg","width":1280,"height":853,"caption":"Electromotor MAZDA 2 (DE_, DH_) 1.3 (DE3FS) benzina 75 cai BOSCH 0 986 025 290"},{"@type":"BreadcrumbList","@id":"https:\/\/autorival.ro\/mazda\/product\/electromotor-mazda-2-de_-dh_-1-3-bifuel-benzina-autogaz-gpl-75-cai-bosch-0-986-025-290\/#breadcrumb","itemListElement":[{"@type":"ListItem","position":1,"name":"Prima pagin\u0103","item":"https:\/\/autorival.ro\/mazda\/"},{"@type":"ListItem","position":2,"name":"Piese auto MAZDA","item":"https:\/\/autorival.ro\/mazda\/"},{"@type":"ListItem","position":3,"name":"Electromotor MAZDA 2 (DE_, DH_) 1.3 BiFuel Benzina\/Autogaz (GPL) 75 cai BOSCH 0 986 025 290"}]},{"@type":"WebSite","@id":"https:\/\/autorival.ro\/mazda\/#website","url":"https:\/\/autorival.ro\/mazda\/","name":"MAZDA","description":"","potentialAction":[{"@type":"SearchAction","target":{"@type":"EntryPoint","urlTemplate":"https:\/\/autorival.ro\/mazda\/?s={search_term_string}"},"query-input":{"@type":"PropertyValueSpecification","valueRequired":true,"valueName":"search_term_string"}}],"inLanguage":"en-US"}]}},"_links":{"self":[{"href":"https:\/\/autorival.ro\/mazda\/wp-json\/wp\/v2\/product\/79548","targetHints":{"allow":["GET"]}}],"collection":[{"href":"https:\/\/autorival.ro\/mazda\/wp-json\/wp\/v2\/product"}],"about":[{"href":"https:\/\/autorival.ro\/mazda\/wp-json\/wp\/v2\/types\/product"}],"replies":[{"embeddable":true,"href":"https:\/\/autorival.ro\/mazda\/wp-json\/wp\/v2\/comments?post=79548"}],"wp:featuredmedia":[{"embeddable":true,"href":"https:\/\/autorival.ro\/mazda\/wp-json\/wp\/v2\/media\/79535"}],"wp:attachment":[{"href":"https:\/\/autorival.ro\/mazda\/wp-json\/wp\/v2\/media?parent=79548"}],"wp:term":[{"taxonomy":"product_brand","embeddable":true,"href":"https:\/\/autorival.ro\/mazda\/wp-json\/wp\/v2\/product_brand?post=79548"},{"taxonomy":"product_cat","embeddable":true,"href":"https:\/\/autorival.ro\/mazda\/wp-json\/wp\/v2\/product_cat?post=79548"},{"taxonomy":"product_tag","embeddable":true,"href":"https:\/\/autorival.ro\/mazda\/wp-json\/wp\/v2\/product_tag?post=79548"}],"curies":[{"name":"wp","href":"https:\/\/api.w.org\/{rel}","templated":true}]}}