{"id":78640,"date":"2025-05-13T02:56:12","date_gmt":"2025-05-13T02:56:12","guid":{"rendered":"https:\/\/autorival.ro\/mazda\/product\/disc-frana-mazda-6-limuzina-gj-gl-2-5-gj5fp-gl1032-gl1033-benzina-190-cai-trw-df8052\/"},"modified":"2025-05-13T02:56:12","modified_gmt":"2025-05-13T02:56:12","slug":"disc-frana-mazda-6-limuzina-gj-gl-2-5-gj5fp-gl1032-gl1033-benzina-190-cai-trw-df8052","status":"publish","type":"product","link":"https:\/\/autorival.ro\/mazda\/product\/disc-frana-mazda-6-limuzina-gj-gl-2-5-gj5fp-gl1032-gl1033-benzina-190-cai-trw-df8052\/","title":{"rendered":"Disc frana MAZDA 6 limuzina (GJ, GL) 2.5 (GJ5FP, GL1032, GL1033) benzina 190 cai TRW DF8052"},"content":{"rendered":"<p>Partea de montare: punte fataAn fabricatie pana la: 201902Tip disc fr\u00e2na: ventilat ->Diametru exterior [mm]: 297 ->Grosime disc fr\u00e2na [mm]: 28 ->Grosime minima [mm]: 26Numar gauri: 5\u00cenaltime [mm]: 51,5 ->Diametru de centrare [mm]: 68Asezare gauri \u00d8 [mm]: 114,3 ->Dimensiune filet: 13.3Aprobare: E1 90R-02 C0176\/0492<\/p>\n","protected":false},"excerpt":{"rendered":"<p>Producator: TRW Cod producator: DF8052<\/p>\n","protected":false},"featured_media":78430,"comment_status":"open","ping_status":"closed","template":"","meta":[],"product_brand":[340],"product_cat":[5977],"product_tag":[17883,17882,17470,17280,17249,17365],"class_list":{"0":"post-78640","1":"product","2":"type-product","3":"status-publish","4":"has-post-thumbnail","6":"product_brand-trw","7":"product_cat-disc-frana-limuzina-gj-gl-2-5-gj5fp-gl1032-gl1033-benzina-190","8":"product_tag-df","9":"product_tag-disc","10":"product_tag-frana","11":"product_tag-gl","12":"product_tag-mazda","13":"product_tag-trw","15":"first","16":"instock","17":"shipping-taxable","18":"purchasable","19":"product-type-simple"},"yoast_head":"<!-- This site is optimized with the Yoast SEO plugin v27.3 - https:\/\/yoast.com\/product\/yoast-seo-wordpress\/ -->\n<title>Disc frana MAZDA 6 limuzina (GJ, GL) 2.5 (GJ5FP, GL1032, GL1033) benzina 190 cai TRW DF8052 MAZDA | TRW - Autorival<\/title>\n<meta name=\"description\" content=\"\u26a1 Disc frana MAZDA 6 limuzina (GJ, GL) 2.5 (GJ5FP, GL1032, GL1033) benzina 190 cai TRW DF8052 pentru MAZDA la doar 281.86 RON. \u2713 Cod: DF8052 \u2713 Brand: TRW \u2713 \u00cen stoc \u2713 Livrare 24h \u2713 Garan\u021bie!\" \/>\n<meta name=\"robots\" content=\"index, follow, max-snippet:-1, max-image-preview:large, max-video-preview:-1\" \/>\n<meta property=\"og:locale\" content=\"en_US\" \/>\n<meta property=\"og:type\" content=\"article\" \/>\n<meta property=\"og:title\" content=\"Disc frana MAZDA 6 limuzina (GJ, GL) 2.5 (GJ5FP, GL1032, GL1033) benzina 190 cai TRW DF8052 MAZDA | TRW - Autorival\" \/>\n<meta property=\"og:description\" content=\"\u26a1 Disc frana MAZDA 6 limuzina (GJ, GL) 2.5 (GJ5FP, GL1032, GL1033) benzina 190 cai TRW DF8052 pentru MAZDA la doar 281.86 RON. \u2713 Cod: DF8052 \u2713 Brand: TRW \u2713 \u00cen stoc \u2713 Livrare 24h \u2713 Garan\u021bie!\" \/>\n<meta property=\"og:url\" content=\"https:\/\/autorival.ro\/mazda\/product\/disc-frana-mazda-6-limuzina-gj-gl-2-5-gj5fp-gl1032-gl1033-benzina-190-cai-trw-df8052\/\" \/>\n<meta property=\"og:site_name\" content=\"MAZDA\" \/>\n<meta property=\"og:image\" content=\"https:\/\/autorival.ro\/mazda\/wp-content\/uploads\/sites\/16\/2025\/05\/0161df8052-2.jpg\" \/>\n\t<meta property=\"og:image:width\" content=\"600\" \/>\n\t<meta property=\"og:image:height\" content=\"400\" \/>\n\t<meta property=\"og:image:type\" content=\"image\/jpeg\" \/>\n<meta name=\"twitter:card\" content=\"summary_large_image\" \/>\n<meta name=\"twitter:title\" content=\"Disc frana MAZDA 6 limuzina (GJ, GL) 2.5 (GJ5FP, GL1032, GL1033) benzina 190 cai TRW DF8052 MAZDA | TRW - Autorival\" \/>\n<meta name=\"twitter:description\" content=\"\u26a1 Disc frana MAZDA 6 limuzina (GJ, GL) 2.5 (GJ5FP, GL1032, GL1033) benzina 190 cai TRW DF8052 pentru MAZDA la doar 281.86 RON. \u2713 Cod: DF8052 \u2713 Brand: TRW \u2713 \u00cen stoc \u2713 Livrare 24h \u2713 Garan\u021bie!\" \/>\n<script type=\"application\/ld+json\" class=\"yoast-schema-graph\">{\"@context\":\"https:\\\/\\\/schema.org\",\"@graph\":[{\"@type\":\"WebPage\",\"@id\":\"https:\\\/\\\/autorival.ro\\\/mazda\\\/product\\\/disc-frana-mazda-6-limuzina-gj-gl-2-5-gj5fp-gl1032-gl1033-benzina-190-cai-trw-df8052\\\/\",\"url\":\"https:\\\/\\\/autorival.ro\\\/mazda\\\/product\\\/disc-frana-mazda-6-limuzina-gj-gl-2-5-gj5fp-gl1032-gl1033-benzina-190-cai-trw-df8052\\\/\",\"name\":\"Disc frana MAZDA 6 limuzina (GJ, GL) 2.5 (GJ5FP, GL1032, GL1033) benzina 190 cai TRW DF8052 MAZDA | TRW - Autorival\",\"isPartOf\":{\"@id\":\"https:\\\/\\\/autorival.ro\\\/mazda\\\/#website\"},\"primaryImageOfPage\":{\"@id\":\"https:\\\/\\\/autorival.ro\\\/mazda\\\/product\\\/disc-frana-mazda-6-limuzina-gj-gl-2-5-gj5fp-gl1032-gl1033-benzina-190-cai-trw-df8052\\\/#primaryimage\"},\"image\":{\"@id\":\"https:\\\/\\\/autorival.ro\\\/mazda\\\/product\\\/disc-frana-mazda-6-limuzina-gj-gl-2-5-gj5fp-gl1032-gl1033-benzina-190-cai-trw-df8052\\\/#primaryimage\"},\"thumbnailUrl\":\"https:\\\/\\\/autorival.ro\\\/mazda\\\/wp-content\\\/uploads\\\/sites\\\/16\\\/2025\\\/05\\\/0161df8052-2.jpg\",\"datePublished\":\"2025-05-13T02:56:12+00:00\",\"description\":\"\u26a1 Disc frana MAZDA 6 limuzina (GJ, GL) 2.5 (GJ5FP, GL1032, GL1033) benzina 190 cai TRW DF8052 pentru MAZDA la doar 281.86 RON. \u2713 Cod: DF8052 \u2713 Brand: TRW \u2713 \u00cen stoc \u2713 Livrare 24h \u2713 Garan\u021bie!\",\"breadcrumb\":{\"@id\":\"https:\\\/\\\/autorival.ro\\\/mazda\\\/product\\\/disc-frana-mazda-6-limuzina-gj-gl-2-5-gj5fp-gl1032-gl1033-benzina-190-cai-trw-df8052\\\/#breadcrumb\"},\"inLanguage\":\"en-US\",\"potentialAction\":[{\"@type\":\"ReadAction\",\"target\":[\"https:\\\/\\\/autorival.ro\\\/mazda\\\/product\\\/disc-frana-mazda-6-limuzina-gj-gl-2-5-gj5fp-gl1032-gl1033-benzina-190-cai-trw-df8052\\\/\"]}]},{\"@type\":\"ImageObject\",\"inLanguage\":\"en-US\",\"@id\":\"https:\\\/\\\/autorival.ro\\\/mazda\\\/product\\\/disc-frana-mazda-6-limuzina-gj-gl-2-5-gj5fp-gl1032-gl1033-benzina-190-cai-trw-df8052\\\/#primaryimage\",\"url\":\"https:\\\/\\\/autorival.ro\\\/mazda\\\/wp-content\\\/uploads\\\/sites\\\/16\\\/2025\\\/05\\\/0161df8052-2.jpg\",\"contentUrl\":\"https:\\\/\\\/autorival.ro\\\/mazda\\\/wp-content\\\/uploads\\\/sites\\\/16\\\/2025\\\/05\\\/0161df8052-2.jpg\",\"width\":600,\"height\":400,\"caption\":\"Disc frana MAZDA 6 limuzina (GJ, GL) 2.0 (GJEFP) benzina 165 cai TRW DF8052\"},{\"@type\":\"BreadcrumbList\",\"@id\":\"https:\\\/\\\/autorival.ro\\\/mazda\\\/product\\\/disc-frana-mazda-6-limuzina-gj-gl-2-5-gj5fp-gl1032-gl1033-benzina-190-cai-trw-df8052\\\/#breadcrumb\",\"itemListElement\":[{\"@type\":\"ListItem\",\"position\":1,\"name\":\"Prima pagin\u0103\",\"item\":\"https:\\\/\\\/autorival.ro\\\/mazda\\\/\"},{\"@type\":\"ListItem\",\"position\":2,\"name\":\"Piese auto MAZDA\",\"item\":\"https:\\\/\\\/autorival.ro\\\/mazda\\\/\"},{\"@type\":\"ListItem\",\"position\":3,\"name\":\"Disc frana MAZDA 6 limuzina (GJ, GL) 2.5 (GJ5FP, GL1032, GL1033) benzina 190 cai TRW DF8052\"}]},{\"@type\":\"WebSite\",\"@id\":\"https:\\\/\\\/autorival.ro\\\/mazda\\\/#website\",\"url\":\"https:\\\/\\\/autorival.ro\\\/mazda\\\/\",\"name\":\"MAZDA\",\"description\":\"\",\"potentialAction\":[{\"@type\":\"SearchAction\",\"target\":{\"@type\":\"EntryPoint\",\"urlTemplate\":\"https:\\\/\\\/autorival.ro\\\/mazda\\\/?s={search_term_string}\"},\"query-input\":{\"@type\":\"PropertyValueSpecification\",\"valueRequired\":true,\"valueName\":\"search_term_string\"}}],\"inLanguage\":\"en-US\"}]}<\/script>\n<!-- \/ Yoast SEO plugin. -->","yoast_head_json":{"title":"Disc frana MAZDA 6 limuzina (GJ, GL) 2.5 (GJ5FP, GL1032, GL1033) benzina 190 cai TRW DF8052 MAZDA | TRW - Autorival","description":"\u26a1 Disc frana MAZDA 6 limuzina (GJ, GL) 2.5 (GJ5FP, GL1032, GL1033) benzina 190 cai TRW DF8052 pentru MAZDA la doar 281.86 RON. \u2713 Cod: DF8052 \u2713 Brand: TRW \u2713 \u00cen stoc \u2713 Livrare 24h \u2713 Garan\u021bie!","robots":{"index":"index","follow":"follow","max-snippet":"max-snippet:-1","max-image-preview":"max-image-preview:large","max-video-preview":"max-video-preview:-1"},"og_locale":"en_US","og_type":"article","og_title":"Disc frana MAZDA 6 limuzina (GJ, GL) 2.5 (GJ5FP, GL1032, GL1033) benzina 190 cai TRW DF8052 MAZDA | TRW - Autorival","og_description":"\u26a1 Disc frana MAZDA 6 limuzina (GJ, GL) 2.5 (GJ5FP, GL1032, GL1033) benzina 190 cai TRW DF8052 pentru MAZDA la doar 281.86 RON. \u2713 Cod: DF8052 \u2713 Brand: TRW \u2713 \u00cen stoc \u2713 Livrare 24h \u2713 Garan\u021bie!","og_url":"https:\/\/autorival.ro\/mazda\/product\/disc-frana-mazda-6-limuzina-gj-gl-2-5-gj5fp-gl1032-gl1033-benzina-190-cai-trw-df8052\/","og_site_name":"MAZDA","og_image":[{"width":600,"height":400,"url":"https:\/\/autorival.ro\/mazda\/wp-content\/uploads\/sites\/16\/2025\/05\/0161df8052-2.jpg","type":"image\/jpeg"}],"twitter_card":"summary_large_image","twitter_title":"Disc frana MAZDA 6 limuzina (GJ, GL) 2.5 (GJ5FP, GL1032, GL1033) benzina 190 cai TRW DF8052 MAZDA | TRW - Autorival","twitter_description":"\u26a1 Disc frana MAZDA 6 limuzina (GJ, GL) 2.5 (GJ5FP, GL1032, GL1033) benzina 190 cai TRW DF8052 pentru MAZDA la doar 281.86 RON. \u2713 Cod: DF8052 \u2713 Brand: TRW \u2713 \u00cen stoc \u2713 Livrare 24h \u2713 Garan\u021bie!","schema":{"@context":"https:\/\/schema.org","@graph":[{"@type":"WebPage","@id":"https:\/\/autorival.ro\/mazda\/product\/disc-frana-mazda-6-limuzina-gj-gl-2-5-gj5fp-gl1032-gl1033-benzina-190-cai-trw-df8052\/","url":"https:\/\/autorival.ro\/mazda\/product\/disc-frana-mazda-6-limuzina-gj-gl-2-5-gj5fp-gl1032-gl1033-benzina-190-cai-trw-df8052\/","name":"Disc frana MAZDA 6 limuzina (GJ, GL) 2.5 (GJ5FP, GL1032, GL1033) benzina 190 cai TRW DF8052 MAZDA | TRW - Autorival","isPartOf":{"@id":"https:\/\/autorival.ro\/mazda\/#website"},"primaryImageOfPage":{"@id":"https:\/\/autorival.ro\/mazda\/product\/disc-frana-mazda-6-limuzina-gj-gl-2-5-gj5fp-gl1032-gl1033-benzina-190-cai-trw-df8052\/#primaryimage"},"image":{"@id":"https:\/\/autorival.ro\/mazda\/product\/disc-frana-mazda-6-limuzina-gj-gl-2-5-gj5fp-gl1032-gl1033-benzina-190-cai-trw-df8052\/#primaryimage"},"thumbnailUrl":"https:\/\/autorival.ro\/mazda\/wp-content\/uploads\/sites\/16\/2025\/05\/0161df8052-2.jpg","datePublished":"2025-05-13T02:56:12+00:00","description":"\u26a1 Disc frana MAZDA 6 limuzina (GJ, GL) 2.5 (GJ5FP, GL1032, GL1033) benzina 190 cai TRW DF8052 pentru MAZDA la doar 281.86 RON. \u2713 Cod: DF8052 \u2713 Brand: TRW \u2713 \u00cen stoc \u2713 Livrare 24h \u2713 Garan\u021bie!","breadcrumb":{"@id":"https:\/\/autorival.ro\/mazda\/product\/disc-frana-mazda-6-limuzina-gj-gl-2-5-gj5fp-gl1032-gl1033-benzina-190-cai-trw-df8052\/#breadcrumb"},"inLanguage":"en-US","potentialAction":[{"@type":"ReadAction","target":["https:\/\/autorival.ro\/mazda\/product\/disc-frana-mazda-6-limuzina-gj-gl-2-5-gj5fp-gl1032-gl1033-benzina-190-cai-trw-df8052\/"]}]},{"@type":"ImageObject","inLanguage":"en-US","@id":"https:\/\/autorival.ro\/mazda\/product\/disc-frana-mazda-6-limuzina-gj-gl-2-5-gj5fp-gl1032-gl1033-benzina-190-cai-trw-df8052\/#primaryimage","url":"https:\/\/autorival.ro\/mazda\/wp-content\/uploads\/sites\/16\/2025\/05\/0161df8052-2.jpg","contentUrl":"https:\/\/autorival.ro\/mazda\/wp-content\/uploads\/sites\/16\/2025\/05\/0161df8052-2.jpg","width":600,"height":400,"caption":"Disc frana MAZDA 6 limuzina (GJ, GL) 2.0 (GJEFP) benzina 165 cai TRW DF8052"},{"@type":"BreadcrumbList","@id":"https:\/\/autorival.ro\/mazda\/product\/disc-frana-mazda-6-limuzina-gj-gl-2-5-gj5fp-gl1032-gl1033-benzina-190-cai-trw-df8052\/#breadcrumb","itemListElement":[{"@type":"ListItem","position":1,"name":"Prima pagin\u0103","item":"https:\/\/autorival.ro\/mazda\/"},{"@type":"ListItem","position":2,"name":"Piese auto MAZDA","item":"https:\/\/autorival.ro\/mazda\/"},{"@type":"ListItem","position":3,"name":"Disc frana MAZDA 6 limuzina (GJ, GL) 2.5 (GJ5FP, GL1032, GL1033) benzina 190 cai TRW DF8052"}]},{"@type":"WebSite","@id":"https:\/\/autorival.ro\/mazda\/#website","url":"https:\/\/autorival.ro\/mazda\/","name":"MAZDA","description":"","potentialAction":[{"@type":"SearchAction","target":{"@type":"EntryPoint","urlTemplate":"https:\/\/autorival.ro\/mazda\/?s={search_term_string}"},"query-input":{"@type":"PropertyValueSpecification","valueRequired":true,"valueName":"search_term_string"}}],"inLanguage":"en-US"}]}},"_links":{"self":[{"href":"https:\/\/autorival.ro\/mazda\/wp-json\/wp\/v2\/product\/78640","targetHints":{"allow":["GET"]}}],"collection":[{"href":"https:\/\/autorival.ro\/mazda\/wp-json\/wp\/v2\/product"}],"about":[{"href":"https:\/\/autorival.ro\/mazda\/wp-json\/wp\/v2\/types\/product"}],"replies":[{"embeddable":true,"href":"https:\/\/autorival.ro\/mazda\/wp-json\/wp\/v2\/comments?post=78640"}],"wp:featuredmedia":[{"embeddable":true,"href":"https:\/\/autorival.ro\/mazda\/wp-json\/wp\/v2\/media\/78430"}],"wp:attachment":[{"href":"https:\/\/autorival.ro\/mazda\/wp-json\/wp\/v2\/media?parent=78640"}],"wp:term":[{"taxonomy":"product_brand","embeddable":true,"href":"https:\/\/autorival.ro\/mazda\/wp-json\/wp\/v2\/product_brand?post=78640"},{"taxonomy":"product_cat","embeddable":true,"href":"https:\/\/autorival.ro\/mazda\/wp-json\/wp\/v2\/product_cat?post=78640"},{"taxonomy":"product_tag","embeddable":true,"href":"https:\/\/autorival.ro\/mazda\/wp-json\/wp\/v2\/product_tag?post=78640"}],"curies":[{"name":"wp","href":"https:\/\/api.w.org\/{rel}","templated":true}]}}