{"id":77853,"date":"2025-05-13T02:47:45","date_gmt":"2025-05-13T02:47:45","guid":{"rendered":"https:\/\/autorival.ro\/mazda\/product\/disc-frana-mazda-6-combi-gh-2-2-mzr-cd-gh10-diesel-125-cai-krieger-0950004202\/"},"modified":"2025-05-13T02:47:46","modified_gmt":"2025-05-13T02:47:46","slug":"disc-frana-mazda-6-combi-gh-2-2-mzr-cd-gh10-diesel-125-cai-krieger-0950004202","status":"publish","type":"product","link":"https:\/\/autorival.ro\/mazda\/product\/disc-frana-mazda-6-combi-gh-2-2-mzr-cd-gh10-diesel-125-cai-krieger-0950004202\/","title":{"rendered":"Disc frana MAZDA 6 combi (GH) 2.2 MZR-CD (GH10) diesel 125 cai KRIEGER 0950004202"},"content":{"rendered":"<p>Partea de montare: puntea spateTip disc fr\u00e2na: plin ->Diametru exterior [mm]: 280 ->Grosime disc fr\u00e2na [mm]: 10\u00cenaltime [mm]: 40 ->Grosime minima [mm]: 8Suprafata: acoperit (cu un strat protector) ->Diametru interior [mm]: 142,7Asezare gauri \u00d8 [mm]: 114,3 ->Diametru de centrare [mm]: 72Asezare gauri\/numar gauri: 05\/08 ->Diametru alezaj bol\u021b roat\u0103 [mm]: 13Articol completare\/Info suplimentar 2: fara butuc roata, fara rulment roata, fara suruburi de fixare roata ->Lungime ambalaj [cm]: 29,3 ->Latime ambalaj [cm]: 29,3 ->Inaltime ambalaj [cm]: 10,5 ->Greutate [kg]: 4,1<\/p>\n","protected":false},"excerpt":{"rendered":"<p>Producator: KRIEGER Cod producator: 0950004202<\/p>\n","protected":false},"featured_media":750,"comment_status":"open","ping_status":"closed","template":"","meta":[],"product_brand":[3351],"product_cat":[5962],"product_tag":[17279,17882,17470,17283,17710,17249,17258],"class_list":{"0":"post-77853","1":"product","2":"type-product","3":"status-publish","4":"has-post-thumbnail","6":"product_brand-krieger","7":"product_cat-disc-frana-combi-gh-2-2-mzr-cd-gh10-diesel-125","8":"product_tag-combi","9":"product_tag-disc","10":"product_tag-frana","11":"product_tag-gh","12":"product_tag-krieger","13":"product_tag-mazda","14":"product_tag-mzr","16":"first","17":"instock","18":"shipping-taxable","19":"purchasable","20":"product-type-simple"},"yoast_head":"<!-- This site is optimized with the Yoast SEO plugin v27.3 - https:\/\/yoast.com\/product\/yoast-seo-wordpress\/ -->\n<title>Disc frana MAZDA 6 combi (GH) 2.2 MZR-CD (GH10) diesel 125 cai KRIEGER 0950004202 MAZDA | KRIEGER - Autorival<\/title>\n<meta name=\"description\" content=\"\u26a1 Disc frana MAZDA 6 combi (GH) 2.2 MZR-CD (GH10) diesel 125 cai KRIEGER 0950004202 pentru MAZDA la doar 127.05 RON. \u2713 Cod: 0950004202 \u2713 Brand: KRIEGER \u2713 \u00cen stoc \u2713 Livrare 24h \u2713 Garan\u021bie!\" \/>\n<meta name=\"robots\" content=\"index, follow, max-snippet:-1, max-image-preview:large, max-video-preview:-1\" \/>\n<meta property=\"og:locale\" content=\"en_US\" \/>\n<meta property=\"og:type\" content=\"article\" \/>\n<meta property=\"og:title\" content=\"Disc frana MAZDA 6 combi (GH) 2.2 MZR-CD (GH10) diesel 125 cai KRIEGER 0950004202 MAZDA | KRIEGER - Autorival\" \/>\n<meta property=\"og:description\" content=\"\u26a1 Disc frana MAZDA 6 combi (GH) 2.2 MZR-CD (GH10) diesel 125 cai KRIEGER 0950004202 pentru MAZDA la doar 127.05 RON. \u2713 Cod: 0950004202 \u2713 Brand: KRIEGER \u2713 \u00cen stoc \u2713 Livrare 24h \u2713 Garan\u021bie!\" \/>\n<meta property=\"og:url\" content=\"https:\/\/autorival.ro\/mazda\/product\/disc-frana-mazda-6-combi-gh-2-2-mzr-cd-gh10-diesel-125-cai-krieger-0950004202\/\" \/>\n<meta property=\"og:site_name\" content=\"MAZDA\" \/>\n<meta property=\"article:modified_time\" content=\"2025-05-13T02:47:46+00:00\" \/>\n<meta property=\"og:image\" content=\"https:\/\/autorival.ro\/mazda\/wp-content\/uploads\/sites\/16\/2025\/05\/no-photo-5.jpg\" \/>\n\t<meta property=\"og:image:width\" content=\"1024\" \/>\n\t<meta property=\"og:image:height\" content=\"1024\" \/>\n\t<meta property=\"og:image:type\" content=\"image\/jpeg\" \/>\n<meta name=\"twitter:card\" content=\"summary_large_image\" \/>\n<meta name=\"twitter:title\" content=\"Disc frana MAZDA 6 combi (GH) 2.2 MZR-CD (GH10) diesel 125 cai KRIEGER 0950004202 MAZDA | KRIEGER - Autorival\" \/>\n<meta name=\"twitter:description\" content=\"\u26a1 Disc frana MAZDA 6 combi (GH) 2.2 MZR-CD (GH10) diesel 125 cai KRIEGER 0950004202 pentru MAZDA la doar 127.05 RON. \u2713 Cod: 0950004202 \u2713 Brand: KRIEGER \u2713 \u00cen stoc \u2713 Livrare 24h \u2713 Garan\u021bie!\" \/>\n<script type=\"application\/ld+json\" class=\"yoast-schema-graph\">{\"@context\":\"https:\\\/\\\/schema.org\",\"@graph\":[{\"@type\":\"WebPage\",\"@id\":\"https:\\\/\\\/autorival.ro\\\/mazda\\\/product\\\/disc-frana-mazda-6-combi-gh-2-2-mzr-cd-gh10-diesel-125-cai-krieger-0950004202\\\/\",\"url\":\"https:\\\/\\\/autorival.ro\\\/mazda\\\/product\\\/disc-frana-mazda-6-combi-gh-2-2-mzr-cd-gh10-diesel-125-cai-krieger-0950004202\\\/\",\"name\":\"Disc frana MAZDA 6 combi (GH) 2.2 MZR-CD (GH10) diesel 125 cai KRIEGER 0950004202 MAZDA | KRIEGER - Autorival\",\"isPartOf\":{\"@id\":\"https:\\\/\\\/autorival.ro\\\/mazda\\\/#website\"},\"primaryImageOfPage\":{\"@id\":\"https:\\\/\\\/autorival.ro\\\/mazda\\\/product\\\/disc-frana-mazda-6-combi-gh-2-2-mzr-cd-gh10-diesel-125-cai-krieger-0950004202\\\/#primaryimage\"},\"image\":{\"@id\":\"https:\\\/\\\/autorival.ro\\\/mazda\\\/product\\\/disc-frana-mazda-6-combi-gh-2-2-mzr-cd-gh10-diesel-125-cai-krieger-0950004202\\\/#primaryimage\"},\"thumbnailUrl\":\"https:\\\/\\\/autorival.ro\\\/mazda\\\/wp-content\\\/uploads\\\/sites\\\/16\\\/2025\\\/05\\\/no-photo-5.jpg\",\"datePublished\":\"2025-05-13T02:47:45+00:00\",\"dateModified\":\"2025-05-13T02:47:46+00:00\",\"description\":\"\u26a1 Disc frana MAZDA 6 combi (GH) 2.2 MZR-CD (GH10) diesel 125 cai KRIEGER 0950004202 pentru MAZDA la doar 127.05 RON. \u2713 Cod: 0950004202 \u2713 Brand: KRIEGER \u2713 \u00cen stoc \u2713 Livrare 24h \u2713 Garan\u021bie!\",\"breadcrumb\":{\"@id\":\"https:\\\/\\\/autorival.ro\\\/mazda\\\/product\\\/disc-frana-mazda-6-combi-gh-2-2-mzr-cd-gh10-diesel-125-cai-krieger-0950004202\\\/#breadcrumb\"},\"inLanguage\":\"en-US\",\"potentialAction\":[{\"@type\":\"ReadAction\",\"target\":[\"https:\\\/\\\/autorival.ro\\\/mazda\\\/product\\\/disc-frana-mazda-6-combi-gh-2-2-mzr-cd-gh10-diesel-125-cai-krieger-0950004202\\\/\"]}]},{\"@type\":\"ImageObject\",\"inLanguage\":\"en-US\",\"@id\":\"https:\\\/\\\/autorival.ro\\\/mazda\\\/product\\\/disc-frana-mazda-6-combi-gh-2-2-mzr-cd-gh10-diesel-125-cai-krieger-0950004202\\\/#primaryimage\",\"url\":\"https:\\\/\\\/autorival.ro\\\/mazda\\\/wp-content\\\/uploads\\\/sites\\\/16\\\/2025\\\/05\\\/no-photo-5.jpg\",\"contentUrl\":\"https:\\\/\\\/autorival.ro\\\/mazda\\\/wp-content\\\/uploads\\\/sites\\\/16\\\/2025\\\/05\\\/no-photo-5.jpg\",\"width\":1024,\"height\":1024,\"caption\":\"Alternator MAZDA 6 combi (GJ, GL) 2.0 (GJEFW) benzina 165 cai BOSCH 0 986 084 990\"},{\"@type\":\"BreadcrumbList\",\"@id\":\"https:\\\/\\\/autorival.ro\\\/mazda\\\/product\\\/disc-frana-mazda-6-combi-gh-2-2-mzr-cd-gh10-diesel-125-cai-krieger-0950004202\\\/#breadcrumb\",\"itemListElement\":[{\"@type\":\"ListItem\",\"position\":1,\"name\":\"Prima pagin\u0103\",\"item\":\"https:\\\/\\\/autorival.ro\\\/mazda\\\/\"},{\"@type\":\"ListItem\",\"position\":2,\"name\":\"Piese auto MAZDA\",\"item\":\"https:\\\/\\\/autorival.ro\\\/mazda\\\/\"},{\"@type\":\"ListItem\",\"position\":3,\"name\":\"Disc frana MAZDA 6 combi (GH) 2.2 MZR-CD (GH10) diesel 125 cai KRIEGER 0950004202\"}]},{\"@type\":\"WebSite\",\"@id\":\"https:\\\/\\\/autorival.ro\\\/mazda\\\/#website\",\"url\":\"https:\\\/\\\/autorival.ro\\\/mazda\\\/\",\"name\":\"MAZDA\",\"description\":\"\",\"potentialAction\":[{\"@type\":\"SearchAction\",\"target\":{\"@type\":\"EntryPoint\",\"urlTemplate\":\"https:\\\/\\\/autorival.ro\\\/mazda\\\/?s={search_term_string}\"},\"query-input\":{\"@type\":\"PropertyValueSpecification\",\"valueRequired\":true,\"valueName\":\"search_term_string\"}}],\"inLanguage\":\"en-US\"}]}<\/script>\n<!-- \/ Yoast SEO plugin. -->","yoast_head_json":{"title":"Disc frana MAZDA 6 combi (GH) 2.2 MZR-CD (GH10) diesel 125 cai KRIEGER 0950004202 MAZDA | KRIEGER - Autorival","description":"\u26a1 Disc frana MAZDA 6 combi (GH) 2.2 MZR-CD (GH10) diesel 125 cai KRIEGER 0950004202 pentru MAZDA la doar 127.05 RON. \u2713 Cod: 0950004202 \u2713 Brand: KRIEGER \u2713 \u00cen stoc \u2713 Livrare 24h \u2713 Garan\u021bie!","robots":{"index":"index","follow":"follow","max-snippet":"max-snippet:-1","max-image-preview":"max-image-preview:large","max-video-preview":"max-video-preview:-1"},"og_locale":"en_US","og_type":"article","og_title":"Disc frana MAZDA 6 combi (GH) 2.2 MZR-CD (GH10) diesel 125 cai KRIEGER 0950004202 MAZDA | KRIEGER - Autorival","og_description":"\u26a1 Disc frana MAZDA 6 combi (GH) 2.2 MZR-CD (GH10) diesel 125 cai KRIEGER 0950004202 pentru MAZDA la doar 127.05 RON. \u2713 Cod: 0950004202 \u2713 Brand: KRIEGER \u2713 \u00cen stoc \u2713 Livrare 24h \u2713 Garan\u021bie!","og_url":"https:\/\/autorival.ro\/mazda\/product\/disc-frana-mazda-6-combi-gh-2-2-mzr-cd-gh10-diesel-125-cai-krieger-0950004202\/","og_site_name":"MAZDA","article_modified_time":"2025-05-13T02:47:46+00:00","og_image":[{"width":1024,"height":1024,"url":"https:\/\/autorival.ro\/mazda\/wp-content\/uploads\/sites\/16\/2025\/05\/no-photo-5.jpg","type":"image\/jpeg"}],"twitter_card":"summary_large_image","twitter_title":"Disc frana MAZDA 6 combi (GH) 2.2 MZR-CD (GH10) diesel 125 cai KRIEGER 0950004202 MAZDA | KRIEGER - Autorival","twitter_description":"\u26a1 Disc frana MAZDA 6 combi (GH) 2.2 MZR-CD (GH10) diesel 125 cai KRIEGER 0950004202 pentru MAZDA la doar 127.05 RON. \u2713 Cod: 0950004202 \u2713 Brand: KRIEGER \u2713 \u00cen stoc \u2713 Livrare 24h \u2713 Garan\u021bie!","schema":{"@context":"https:\/\/schema.org","@graph":[{"@type":"WebPage","@id":"https:\/\/autorival.ro\/mazda\/product\/disc-frana-mazda-6-combi-gh-2-2-mzr-cd-gh10-diesel-125-cai-krieger-0950004202\/","url":"https:\/\/autorival.ro\/mazda\/product\/disc-frana-mazda-6-combi-gh-2-2-mzr-cd-gh10-diesel-125-cai-krieger-0950004202\/","name":"Disc frana MAZDA 6 combi (GH) 2.2 MZR-CD (GH10) diesel 125 cai KRIEGER 0950004202 MAZDA | KRIEGER - Autorival","isPartOf":{"@id":"https:\/\/autorival.ro\/mazda\/#website"},"primaryImageOfPage":{"@id":"https:\/\/autorival.ro\/mazda\/product\/disc-frana-mazda-6-combi-gh-2-2-mzr-cd-gh10-diesel-125-cai-krieger-0950004202\/#primaryimage"},"image":{"@id":"https:\/\/autorival.ro\/mazda\/product\/disc-frana-mazda-6-combi-gh-2-2-mzr-cd-gh10-diesel-125-cai-krieger-0950004202\/#primaryimage"},"thumbnailUrl":"https:\/\/autorival.ro\/mazda\/wp-content\/uploads\/sites\/16\/2025\/05\/no-photo-5.jpg","datePublished":"2025-05-13T02:47:45+00:00","dateModified":"2025-05-13T02:47:46+00:00","description":"\u26a1 Disc frana MAZDA 6 combi (GH) 2.2 MZR-CD (GH10) diesel 125 cai KRIEGER 0950004202 pentru MAZDA la doar 127.05 RON. \u2713 Cod: 0950004202 \u2713 Brand: KRIEGER \u2713 \u00cen stoc \u2713 Livrare 24h \u2713 Garan\u021bie!","breadcrumb":{"@id":"https:\/\/autorival.ro\/mazda\/product\/disc-frana-mazda-6-combi-gh-2-2-mzr-cd-gh10-diesel-125-cai-krieger-0950004202\/#breadcrumb"},"inLanguage":"en-US","potentialAction":[{"@type":"ReadAction","target":["https:\/\/autorival.ro\/mazda\/product\/disc-frana-mazda-6-combi-gh-2-2-mzr-cd-gh10-diesel-125-cai-krieger-0950004202\/"]}]},{"@type":"ImageObject","inLanguage":"en-US","@id":"https:\/\/autorival.ro\/mazda\/product\/disc-frana-mazda-6-combi-gh-2-2-mzr-cd-gh10-diesel-125-cai-krieger-0950004202\/#primaryimage","url":"https:\/\/autorival.ro\/mazda\/wp-content\/uploads\/sites\/16\/2025\/05\/no-photo-5.jpg","contentUrl":"https:\/\/autorival.ro\/mazda\/wp-content\/uploads\/sites\/16\/2025\/05\/no-photo-5.jpg","width":1024,"height":1024,"caption":"Alternator MAZDA 6 combi (GJ, GL) 2.0 (GJEFW) benzina 165 cai BOSCH 0 986 084 990"},{"@type":"BreadcrumbList","@id":"https:\/\/autorival.ro\/mazda\/product\/disc-frana-mazda-6-combi-gh-2-2-mzr-cd-gh10-diesel-125-cai-krieger-0950004202\/#breadcrumb","itemListElement":[{"@type":"ListItem","position":1,"name":"Prima pagin\u0103","item":"https:\/\/autorival.ro\/mazda\/"},{"@type":"ListItem","position":2,"name":"Piese auto MAZDA","item":"https:\/\/autorival.ro\/mazda\/"},{"@type":"ListItem","position":3,"name":"Disc frana MAZDA 6 combi (GH) 2.2 MZR-CD (GH10) diesel 125 cai KRIEGER 0950004202"}]},{"@type":"WebSite","@id":"https:\/\/autorival.ro\/mazda\/#website","url":"https:\/\/autorival.ro\/mazda\/","name":"MAZDA","description":"","potentialAction":[{"@type":"SearchAction","target":{"@type":"EntryPoint","urlTemplate":"https:\/\/autorival.ro\/mazda\/?s={search_term_string}"},"query-input":{"@type":"PropertyValueSpecification","valueRequired":true,"valueName":"search_term_string"}}],"inLanguage":"en-US"}]}},"_links":{"self":[{"href":"https:\/\/autorival.ro\/mazda\/wp-json\/wp\/v2\/product\/77853","targetHints":{"allow":["GET"]}}],"collection":[{"href":"https:\/\/autorival.ro\/mazda\/wp-json\/wp\/v2\/product"}],"about":[{"href":"https:\/\/autorival.ro\/mazda\/wp-json\/wp\/v2\/types\/product"}],"replies":[{"embeddable":true,"href":"https:\/\/autorival.ro\/mazda\/wp-json\/wp\/v2\/comments?post=77853"}],"wp:featuredmedia":[{"embeddable":true,"href":"https:\/\/autorival.ro\/mazda\/wp-json\/wp\/v2\/media\/750"}],"wp:attachment":[{"href":"https:\/\/autorival.ro\/mazda\/wp-json\/wp\/v2\/media?parent=77853"}],"wp:term":[{"taxonomy":"product_brand","embeddable":true,"href":"https:\/\/autorival.ro\/mazda\/wp-json\/wp\/v2\/product_brand?post=77853"},{"taxonomy":"product_cat","embeddable":true,"href":"https:\/\/autorival.ro\/mazda\/wp-json\/wp\/v2\/product_cat?post=77853"},{"taxonomy":"product_tag","embeddable":true,"href":"https:\/\/autorival.ro\/mazda\/wp-json\/wp\/v2\/product_tag?post=77853"}],"curies":[{"name":"wp","href":"https:\/\/api.w.org\/{rel}","templated":true}]}}