{"id":77799,"date":"2025-05-13T02:47:12","date_gmt":"2025-05-13T02:47:12","guid":{"rendered":"https:\/\/autorival.ro\/mazda\/product\/disc-frana-mazda-6-combi-gh-2-0-mzr-ghefw-benzina-155-cai-premiere-fdf-471\/"},"modified":"2025-05-13T02:47:12","modified_gmt":"2025-05-13T02:47:12","slug":"disc-frana-mazda-6-combi-gh-2-0-mzr-ghefw-benzina-155-cai-premiere-fdf-471","status":"publish","type":"product","link":"https:\/\/autorival.ro\/mazda\/product\/disc-frana-mazda-6-combi-gh-2-0-mzr-ghefw-benzina-155-cai-premiere-fdf-471\/","title":{"rendered":"Disc frana MAZDA 6 combi (GH) 2.0 MZR (GHEFW) benzina 155 cai PREMIERE FDF.471"},"content":{"rendered":"<p>Partea de montare: puntea spateTip disc fr\u00e2na: plin ->Diametru exterior [mm]: 280 ->Grosime disc fr\u00e2na [mm]: 10 ->Grosime minima [mm]: 8Numar gauri: 5Asezare gauri \u00d8 [mm]: 114,3Suprafata: acoperit (cu un strat protector)\u00cenaltime [mm]: 40,5 ->Diametru de centrare [mm]: 72Aprobare: 90R-02C0250\/1540<\/p>\n","protected":false},"excerpt":{"rendered":"<p>Producator: PREMIERE Cod producator: FDF.471<\/p>\n","protected":false},"featured_media":750,"comment_status":"open","ping_status":"closed","template":"","meta":[],"product_brand":[344],"product_cat":[5961],"product_tag":[17279,17882,17890,17470,17249,17258,17374],"class_list":{"0":"post-77799","1":"product","2":"type-product","3":"status-publish","4":"has-post-thumbnail","6":"product_brand-premiere","7":"product_cat-disc-frana-combi-gh-2-0-mzr-ghefw-benzina-155","8":"product_tag-combi","9":"product_tag-disc","10":"product_tag-fdf","11":"product_tag-frana","12":"product_tag-mazda","13":"product_tag-mzr","14":"product_tag-premiere","16":"first","17":"instock","18":"shipping-taxable","19":"purchasable","20":"product-type-simple"},"yoast_head":"<!-- This site is optimized with the Yoast SEO plugin v27.3 - https:\/\/yoast.com\/product\/yoast-seo-wordpress\/ -->\n<title>Disc frana MAZDA 6 combi (GH) 2.0 MZR (GHEFW) benzina 155 cai PREMIERE FDF.471 MAZDA | PREMIERE - Autorival<\/title>\n<meta name=\"description\" content=\"\u26a1 Disc frana MAZDA 6 combi (GH) 2.0 MZR (GHEFW) benzina 155 cai PREMIERE FDF.471 pentru MAZDA la doar 179.36 RON. \u2713 Cod: FDF \u2713 Brand: PREMIERE \u2713 \u00cen stoc \u2713 Livrare 24h \u2713 Garan\u021bie!\" \/>\n<meta name=\"robots\" content=\"index, follow, max-snippet:-1, max-image-preview:large, max-video-preview:-1\" \/>\n<meta property=\"og:locale\" content=\"en_US\" \/>\n<meta property=\"og:type\" content=\"article\" \/>\n<meta property=\"og:title\" content=\"Disc frana MAZDA 6 combi (GH) 2.0 MZR (GHEFW) benzina 155 cai PREMIERE FDF.471 MAZDA | PREMIERE - Autorival\" \/>\n<meta property=\"og:description\" content=\"\u26a1 Disc frana MAZDA 6 combi (GH) 2.0 MZR (GHEFW) benzina 155 cai PREMIERE FDF.471 pentru MAZDA la doar 179.36 RON. \u2713 Cod: FDF \u2713 Brand: PREMIERE \u2713 \u00cen stoc \u2713 Livrare 24h \u2713 Garan\u021bie!\" \/>\n<meta property=\"og:url\" content=\"https:\/\/autorival.ro\/mazda\/product\/disc-frana-mazda-6-combi-gh-2-0-mzr-ghefw-benzina-155-cai-premiere-fdf-471\/\" \/>\n<meta property=\"og:site_name\" content=\"MAZDA\" \/>\n<meta property=\"og:image\" content=\"https:\/\/autorival.ro\/mazda\/wp-content\/uploads\/sites\/16\/2025\/05\/no-photo-5.jpg\" \/>\n\t<meta property=\"og:image:width\" content=\"1024\" \/>\n\t<meta property=\"og:image:height\" content=\"1024\" \/>\n\t<meta property=\"og:image:type\" content=\"image\/jpeg\" \/>\n<meta name=\"twitter:card\" content=\"summary_large_image\" \/>\n<meta name=\"twitter:title\" content=\"Disc frana MAZDA 6 combi (GH) 2.0 MZR (GHEFW) benzina 155 cai PREMIERE FDF.471 MAZDA | PREMIERE - Autorival\" \/>\n<meta name=\"twitter:description\" content=\"\u26a1 Disc frana MAZDA 6 combi (GH) 2.0 MZR (GHEFW) benzina 155 cai PREMIERE FDF.471 pentru MAZDA la doar 179.36 RON. \u2713 Cod: FDF \u2713 Brand: PREMIERE \u2713 \u00cen stoc \u2713 Livrare 24h \u2713 Garan\u021bie!\" \/>\n<script type=\"application\/ld+json\" class=\"yoast-schema-graph\">{\"@context\":\"https:\\\/\\\/schema.org\",\"@graph\":[{\"@type\":\"WebPage\",\"@id\":\"https:\\\/\\\/autorival.ro\\\/mazda\\\/product\\\/disc-frana-mazda-6-combi-gh-2-0-mzr-ghefw-benzina-155-cai-premiere-fdf-471\\\/\",\"url\":\"https:\\\/\\\/autorival.ro\\\/mazda\\\/product\\\/disc-frana-mazda-6-combi-gh-2-0-mzr-ghefw-benzina-155-cai-premiere-fdf-471\\\/\",\"name\":\"Disc frana MAZDA 6 combi (GH) 2.0 MZR (GHEFW) benzina 155 cai PREMIERE FDF.471 MAZDA | PREMIERE - Autorival\",\"isPartOf\":{\"@id\":\"https:\\\/\\\/autorival.ro\\\/mazda\\\/#website\"},\"primaryImageOfPage\":{\"@id\":\"https:\\\/\\\/autorival.ro\\\/mazda\\\/product\\\/disc-frana-mazda-6-combi-gh-2-0-mzr-ghefw-benzina-155-cai-premiere-fdf-471\\\/#primaryimage\"},\"image\":{\"@id\":\"https:\\\/\\\/autorival.ro\\\/mazda\\\/product\\\/disc-frana-mazda-6-combi-gh-2-0-mzr-ghefw-benzina-155-cai-premiere-fdf-471\\\/#primaryimage\"},\"thumbnailUrl\":\"https:\\\/\\\/autorival.ro\\\/mazda\\\/wp-content\\\/uploads\\\/sites\\\/16\\\/2025\\\/05\\\/no-photo-5.jpg\",\"datePublished\":\"2025-05-13T02:47:12+00:00\",\"description\":\"\u26a1 Disc frana MAZDA 6 combi (GH) 2.0 MZR (GHEFW) benzina 155 cai PREMIERE FDF.471 pentru MAZDA la doar 179.36 RON. \u2713 Cod: FDF \u2713 Brand: PREMIERE \u2713 \u00cen stoc \u2713 Livrare 24h \u2713 Garan\u021bie!\",\"breadcrumb\":{\"@id\":\"https:\\\/\\\/autorival.ro\\\/mazda\\\/product\\\/disc-frana-mazda-6-combi-gh-2-0-mzr-ghefw-benzina-155-cai-premiere-fdf-471\\\/#breadcrumb\"},\"inLanguage\":\"en-US\",\"potentialAction\":[{\"@type\":\"ReadAction\",\"target\":[\"https:\\\/\\\/autorival.ro\\\/mazda\\\/product\\\/disc-frana-mazda-6-combi-gh-2-0-mzr-ghefw-benzina-155-cai-premiere-fdf-471\\\/\"]}]},{\"@type\":\"ImageObject\",\"inLanguage\":\"en-US\",\"@id\":\"https:\\\/\\\/autorival.ro\\\/mazda\\\/product\\\/disc-frana-mazda-6-combi-gh-2-0-mzr-ghefw-benzina-155-cai-premiere-fdf-471\\\/#primaryimage\",\"url\":\"https:\\\/\\\/autorival.ro\\\/mazda\\\/wp-content\\\/uploads\\\/sites\\\/16\\\/2025\\\/05\\\/no-photo-5.jpg\",\"contentUrl\":\"https:\\\/\\\/autorival.ro\\\/mazda\\\/wp-content\\\/uploads\\\/sites\\\/16\\\/2025\\\/05\\\/no-photo-5.jpg\",\"width\":1024,\"height\":1024,\"caption\":\"Alternator MAZDA 6 combi (GJ, GL) 2.0 (GJEFW) benzina 165 cai BOSCH 0 986 084 990\"},{\"@type\":\"BreadcrumbList\",\"@id\":\"https:\\\/\\\/autorival.ro\\\/mazda\\\/product\\\/disc-frana-mazda-6-combi-gh-2-0-mzr-ghefw-benzina-155-cai-premiere-fdf-471\\\/#breadcrumb\",\"itemListElement\":[{\"@type\":\"ListItem\",\"position\":1,\"name\":\"Prima pagin\u0103\",\"item\":\"https:\\\/\\\/autorival.ro\\\/mazda\\\/\"},{\"@type\":\"ListItem\",\"position\":2,\"name\":\"Piese auto MAZDA\",\"item\":\"https:\\\/\\\/autorival.ro\\\/mazda\\\/\"},{\"@type\":\"ListItem\",\"position\":3,\"name\":\"Disc frana MAZDA 6 combi (GH) 2.0 MZR (GHEFW) benzina 155 cai PREMIERE FDF.471\"}]},{\"@type\":\"WebSite\",\"@id\":\"https:\\\/\\\/autorival.ro\\\/mazda\\\/#website\",\"url\":\"https:\\\/\\\/autorival.ro\\\/mazda\\\/\",\"name\":\"MAZDA\",\"description\":\"\",\"potentialAction\":[{\"@type\":\"SearchAction\",\"target\":{\"@type\":\"EntryPoint\",\"urlTemplate\":\"https:\\\/\\\/autorival.ro\\\/mazda\\\/?s={search_term_string}\"},\"query-input\":{\"@type\":\"PropertyValueSpecification\",\"valueRequired\":true,\"valueName\":\"search_term_string\"}}],\"inLanguage\":\"en-US\"}]}<\/script>\n<!-- \/ Yoast SEO plugin. -->","yoast_head_json":{"title":"Disc frana MAZDA 6 combi (GH) 2.0 MZR (GHEFW) benzina 155 cai PREMIERE FDF.471 MAZDA | PREMIERE - Autorival","description":"\u26a1 Disc frana MAZDA 6 combi (GH) 2.0 MZR (GHEFW) benzina 155 cai PREMIERE FDF.471 pentru MAZDA la doar 179.36 RON. \u2713 Cod: FDF \u2713 Brand: PREMIERE \u2713 \u00cen stoc \u2713 Livrare 24h \u2713 Garan\u021bie!","robots":{"index":"index","follow":"follow","max-snippet":"max-snippet:-1","max-image-preview":"max-image-preview:large","max-video-preview":"max-video-preview:-1"},"og_locale":"en_US","og_type":"article","og_title":"Disc frana MAZDA 6 combi (GH) 2.0 MZR (GHEFW) benzina 155 cai PREMIERE FDF.471 MAZDA | PREMIERE - Autorival","og_description":"\u26a1 Disc frana MAZDA 6 combi (GH) 2.0 MZR (GHEFW) benzina 155 cai PREMIERE FDF.471 pentru MAZDA la doar 179.36 RON. \u2713 Cod: FDF \u2713 Brand: PREMIERE \u2713 \u00cen stoc \u2713 Livrare 24h \u2713 Garan\u021bie!","og_url":"https:\/\/autorival.ro\/mazda\/product\/disc-frana-mazda-6-combi-gh-2-0-mzr-ghefw-benzina-155-cai-premiere-fdf-471\/","og_site_name":"MAZDA","og_image":[{"width":1024,"height":1024,"url":"https:\/\/autorival.ro\/mazda\/wp-content\/uploads\/sites\/16\/2025\/05\/no-photo-5.jpg","type":"image\/jpeg"}],"twitter_card":"summary_large_image","twitter_title":"Disc frana MAZDA 6 combi (GH) 2.0 MZR (GHEFW) benzina 155 cai PREMIERE FDF.471 MAZDA | PREMIERE - Autorival","twitter_description":"\u26a1 Disc frana MAZDA 6 combi (GH) 2.0 MZR (GHEFW) benzina 155 cai PREMIERE FDF.471 pentru MAZDA la doar 179.36 RON. \u2713 Cod: FDF \u2713 Brand: PREMIERE \u2713 \u00cen stoc \u2713 Livrare 24h \u2713 Garan\u021bie!","schema":{"@context":"https:\/\/schema.org","@graph":[{"@type":"WebPage","@id":"https:\/\/autorival.ro\/mazda\/product\/disc-frana-mazda-6-combi-gh-2-0-mzr-ghefw-benzina-155-cai-premiere-fdf-471\/","url":"https:\/\/autorival.ro\/mazda\/product\/disc-frana-mazda-6-combi-gh-2-0-mzr-ghefw-benzina-155-cai-premiere-fdf-471\/","name":"Disc frana MAZDA 6 combi (GH) 2.0 MZR (GHEFW) benzina 155 cai PREMIERE FDF.471 MAZDA | PREMIERE - Autorival","isPartOf":{"@id":"https:\/\/autorival.ro\/mazda\/#website"},"primaryImageOfPage":{"@id":"https:\/\/autorival.ro\/mazda\/product\/disc-frana-mazda-6-combi-gh-2-0-mzr-ghefw-benzina-155-cai-premiere-fdf-471\/#primaryimage"},"image":{"@id":"https:\/\/autorival.ro\/mazda\/product\/disc-frana-mazda-6-combi-gh-2-0-mzr-ghefw-benzina-155-cai-premiere-fdf-471\/#primaryimage"},"thumbnailUrl":"https:\/\/autorival.ro\/mazda\/wp-content\/uploads\/sites\/16\/2025\/05\/no-photo-5.jpg","datePublished":"2025-05-13T02:47:12+00:00","description":"\u26a1 Disc frana MAZDA 6 combi (GH) 2.0 MZR (GHEFW) benzina 155 cai PREMIERE FDF.471 pentru MAZDA la doar 179.36 RON. \u2713 Cod: FDF \u2713 Brand: PREMIERE \u2713 \u00cen stoc \u2713 Livrare 24h \u2713 Garan\u021bie!","breadcrumb":{"@id":"https:\/\/autorival.ro\/mazda\/product\/disc-frana-mazda-6-combi-gh-2-0-mzr-ghefw-benzina-155-cai-premiere-fdf-471\/#breadcrumb"},"inLanguage":"en-US","potentialAction":[{"@type":"ReadAction","target":["https:\/\/autorival.ro\/mazda\/product\/disc-frana-mazda-6-combi-gh-2-0-mzr-ghefw-benzina-155-cai-premiere-fdf-471\/"]}]},{"@type":"ImageObject","inLanguage":"en-US","@id":"https:\/\/autorival.ro\/mazda\/product\/disc-frana-mazda-6-combi-gh-2-0-mzr-ghefw-benzina-155-cai-premiere-fdf-471\/#primaryimage","url":"https:\/\/autorival.ro\/mazda\/wp-content\/uploads\/sites\/16\/2025\/05\/no-photo-5.jpg","contentUrl":"https:\/\/autorival.ro\/mazda\/wp-content\/uploads\/sites\/16\/2025\/05\/no-photo-5.jpg","width":1024,"height":1024,"caption":"Alternator MAZDA 6 combi (GJ, GL) 2.0 (GJEFW) benzina 165 cai BOSCH 0 986 084 990"},{"@type":"BreadcrumbList","@id":"https:\/\/autorival.ro\/mazda\/product\/disc-frana-mazda-6-combi-gh-2-0-mzr-ghefw-benzina-155-cai-premiere-fdf-471\/#breadcrumb","itemListElement":[{"@type":"ListItem","position":1,"name":"Prima pagin\u0103","item":"https:\/\/autorival.ro\/mazda\/"},{"@type":"ListItem","position":2,"name":"Piese auto MAZDA","item":"https:\/\/autorival.ro\/mazda\/"},{"@type":"ListItem","position":3,"name":"Disc frana MAZDA 6 combi (GH) 2.0 MZR (GHEFW) benzina 155 cai PREMIERE FDF.471"}]},{"@type":"WebSite","@id":"https:\/\/autorival.ro\/mazda\/#website","url":"https:\/\/autorival.ro\/mazda\/","name":"MAZDA","description":"","potentialAction":[{"@type":"SearchAction","target":{"@type":"EntryPoint","urlTemplate":"https:\/\/autorival.ro\/mazda\/?s={search_term_string}"},"query-input":{"@type":"PropertyValueSpecification","valueRequired":true,"valueName":"search_term_string"}}],"inLanguage":"en-US"}]}},"_links":{"self":[{"href":"https:\/\/autorival.ro\/mazda\/wp-json\/wp\/v2\/product\/77799","targetHints":{"allow":["GET"]}}],"collection":[{"href":"https:\/\/autorival.ro\/mazda\/wp-json\/wp\/v2\/product"}],"about":[{"href":"https:\/\/autorival.ro\/mazda\/wp-json\/wp\/v2\/types\/product"}],"replies":[{"embeddable":true,"href":"https:\/\/autorival.ro\/mazda\/wp-json\/wp\/v2\/comments?post=77799"}],"wp:featuredmedia":[{"embeddable":true,"href":"https:\/\/autorival.ro\/mazda\/wp-json\/wp\/v2\/media\/750"}],"wp:attachment":[{"href":"https:\/\/autorival.ro\/mazda\/wp-json\/wp\/v2\/media?parent=77799"}],"wp:term":[{"taxonomy":"product_brand","embeddable":true,"href":"https:\/\/autorival.ro\/mazda\/wp-json\/wp\/v2\/product_brand?post=77799"},{"taxonomy":"product_cat","embeddable":true,"href":"https:\/\/autorival.ro\/mazda\/wp-json\/wp\/v2\/product_cat?post=77799"},{"taxonomy":"product_tag","embeddable":true,"href":"https:\/\/autorival.ro\/mazda\/wp-json\/wp\/v2\/product_tag?post=77799"}],"curies":[{"name":"wp","href":"https:\/\/api.w.org\/{rel}","templated":true}]}}