{"id":76290,"date":"2025-05-13T02:33:17","date_gmt":"2025-05-13T02:33:17","guid":{"rendered":"https:\/\/autorival.ro\/mazda\/product\/disc-frana-mazda-3-limuzina-bl-2-2-mzr-cd-bl10-diesel-150-cai-jurid-562635jc\/"},"modified":"2025-05-13T02:33:17","modified_gmt":"2025-05-13T02:33:17","slug":"disc-frana-mazda-3-limuzina-bl-2-2-mzr-cd-bl10-diesel-150-cai-jurid-562635jc","status":"publish","type":"product","link":"https:\/\/autorival.ro\/mazda\/product\/disc-frana-mazda-3-limuzina-bl-2-2-mzr-cd-bl10-diesel-150-cai-jurid-562635jc\/","title":{"rendered":"Disc frana MAZDA 3 limuzina (BL) 2.2 MZR CD (BL10) diesel 150 cai JURID 562635JC"},"content":{"rendered":"<p>Partea de montare: punte fata\u00cenaltime [mm]: 48,5 ->Greutate [kg]: 16,44Tip disc fr\u00e2na: ventilat ->Grosime disc fr\u00e2na [mm]: 25 ->Grosime minima [mm]: 23Asezare gauri\/numar gauri: 5 ->Diametru exterior [mm]: 300Numar gauri: 5 ->Diametru de centrare [mm]: 72Moment strangere [Nm]: 103Asezare gauri \u00d8 [mm]: 114,3Suprafata: acoperit (cu un strat protector)Tip ambalaj: CutieUnitate de calitate: setArticol completare\/Info suplimentar 2: fara suruburiVersiune: JC ->Lungime ambalaj [cm]: 31 ->Latime ambalaj [cm]: 31 ->Inaltime ambalaj [cm]: 11,5<\/p>\n","protected":false},"excerpt":{"rendered":"<p>Producator: JURID Cod producator: 562635JC<\/p>\n","protected":false},"featured_media":76289,"comment_status":"open","ping_status":"closed","template":"","meta":[],"product_brand":[5884],"product_cat":[5914],"product_tag":[17272,17882,17470,17885,17275,17249,17258],"class_list":{"0":"post-76290","1":"product","2":"type-product","3":"status-publish","4":"has-post-thumbnail","6":"product_brand-jurid","7":"product_cat-disc-frana-limuzina-bl-2-2-mzr-cd-bl10-diesel-150","8":"product_tag-cd","9":"product_tag-disc","10":"product_tag-frana","11":"product_tag-jurid","12":"product_tag-limuzina","13":"product_tag-mazda","14":"product_tag-mzr","16":"first","17":"instock","18":"shipping-taxable","19":"purchasable","20":"product-type-simple"},"yoast_head":"<!-- This site is optimized with the Yoast SEO plugin v27.3 - https:\/\/yoast.com\/product\/yoast-seo-wordpress\/ -->\n<title>Disc frana MAZDA 3 limuzina (BL) 2.2 MZR CD (BL10) diesel 150 cai JURID 562635JC MAZDA | JURID - Autorival<\/title>\n<meta name=\"description\" content=\"\u26a1 Disc frana MAZDA 3 limuzina (BL) 2.2 MZR CD (BL10) diesel 150 cai JURID 562635JC pentru MAZDA la doar 675.15 RON. \u2713 Cod: 562635JC \u2713 Brand: JURID \u2713 \u00cen stoc \u2713 Livrare 24h \u2713 Garan\u021bie!\" \/>\n<meta name=\"robots\" content=\"index, follow, max-snippet:-1, max-image-preview:large, max-video-preview:-1\" \/>\n<meta property=\"og:locale\" content=\"en_US\" \/>\n<meta property=\"og:type\" content=\"article\" \/>\n<meta property=\"og:title\" content=\"Disc frana MAZDA 3 limuzina (BL) 2.2 MZR CD (BL10) diesel 150 cai JURID 562635JC MAZDA | JURID - Autorival\" \/>\n<meta property=\"og:description\" content=\"\u26a1 Disc frana MAZDA 3 limuzina (BL) 2.2 MZR CD (BL10) diesel 150 cai JURID 562635JC pentru MAZDA la doar 675.15 RON. \u2713 Cod: 562635JC \u2713 Brand: JURID \u2713 \u00cen stoc \u2713 Livrare 24h \u2713 Garan\u021bie!\" \/>\n<meta property=\"og:url\" content=\"https:\/\/autorival.ro\/mazda\/product\/disc-frana-mazda-3-limuzina-bl-2-2-mzr-cd-bl10-diesel-150-cai-jurid-562635jc\/\" \/>\n<meta property=\"og:site_name\" content=\"MAZDA\" \/>\n<meta property=\"og:image\" content=\"https:\/\/autorival.ro\/mazda\/wp-content\/uploads\/sites\/16\/2025\/05\/562635jc_1688349-1.jpg\" \/>\n\t<meta property=\"og:image:width\" content=\"400\" \/>\n\t<meta property=\"og:image:height\" content=\"400\" \/>\n\t<meta property=\"og:image:type\" content=\"image\/jpeg\" \/>\n<meta name=\"twitter:card\" content=\"summary_large_image\" \/>\n<meta name=\"twitter:title\" content=\"Disc frana MAZDA 3 limuzina (BL) 2.2 MZR CD (BL10) diesel 150 cai JURID 562635JC MAZDA | JURID - Autorival\" \/>\n<meta name=\"twitter:description\" content=\"\u26a1 Disc frana MAZDA 3 limuzina (BL) 2.2 MZR CD (BL10) diesel 150 cai JURID 562635JC pentru MAZDA la doar 675.15 RON. \u2713 Cod: 562635JC \u2713 Brand: JURID \u2713 \u00cen stoc \u2713 Livrare 24h \u2713 Garan\u021bie!\" \/>\n<script type=\"application\/ld+json\" class=\"yoast-schema-graph\">{\"@context\":\"https:\\\/\\\/schema.org\",\"@graph\":[{\"@type\":\"WebPage\",\"@id\":\"https:\\\/\\\/autorival.ro\\\/mazda\\\/product\\\/disc-frana-mazda-3-limuzina-bl-2-2-mzr-cd-bl10-diesel-150-cai-jurid-562635jc\\\/\",\"url\":\"https:\\\/\\\/autorival.ro\\\/mazda\\\/product\\\/disc-frana-mazda-3-limuzina-bl-2-2-mzr-cd-bl10-diesel-150-cai-jurid-562635jc\\\/\",\"name\":\"Disc frana MAZDA 3 limuzina (BL) 2.2 MZR CD (BL10) diesel 150 cai JURID 562635JC MAZDA | JURID - Autorival\",\"isPartOf\":{\"@id\":\"https:\\\/\\\/autorival.ro\\\/mazda\\\/#website\"},\"primaryImageOfPage\":{\"@id\":\"https:\\\/\\\/autorival.ro\\\/mazda\\\/product\\\/disc-frana-mazda-3-limuzina-bl-2-2-mzr-cd-bl10-diesel-150-cai-jurid-562635jc\\\/#primaryimage\"},\"image\":{\"@id\":\"https:\\\/\\\/autorival.ro\\\/mazda\\\/product\\\/disc-frana-mazda-3-limuzina-bl-2-2-mzr-cd-bl10-diesel-150-cai-jurid-562635jc\\\/#primaryimage\"},\"thumbnailUrl\":\"https:\\\/\\\/autorival.ro\\\/mazda\\\/wp-content\\\/uploads\\\/sites\\\/16\\\/2025\\\/05\\\/562635jc_1688349-1.jpg\",\"datePublished\":\"2025-05-13T02:33:17+00:00\",\"description\":\"\u26a1 Disc frana MAZDA 3 limuzina (BL) 2.2 MZR CD (BL10) diesel 150 cai JURID 562635JC pentru MAZDA la doar 675.15 RON. \u2713 Cod: 562635JC \u2713 Brand: JURID \u2713 \u00cen stoc \u2713 Livrare 24h \u2713 Garan\u021bie!\",\"breadcrumb\":{\"@id\":\"https:\\\/\\\/autorival.ro\\\/mazda\\\/product\\\/disc-frana-mazda-3-limuzina-bl-2-2-mzr-cd-bl10-diesel-150-cai-jurid-562635jc\\\/#breadcrumb\"},\"inLanguage\":\"en-US\",\"potentialAction\":[{\"@type\":\"ReadAction\",\"target\":[\"https:\\\/\\\/autorival.ro\\\/mazda\\\/product\\\/disc-frana-mazda-3-limuzina-bl-2-2-mzr-cd-bl10-diesel-150-cai-jurid-562635jc\\\/\"]}]},{\"@type\":\"ImageObject\",\"inLanguage\":\"en-US\",\"@id\":\"https:\\\/\\\/autorival.ro\\\/mazda\\\/product\\\/disc-frana-mazda-3-limuzina-bl-2-2-mzr-cd-bl10-diesel-150-cai-jurid-562635jc\\\/#primaryimage\",\"url\":\"https:\\\/\\\/autorival.ro\\\/mazda\\\/wp-content\\\/uploads\\\/sites\\\/16\\\/2025\\\/05\\\/562635jc_1688349-1.jpg\",\"contentUrl\":\"https:\\\/\\\/autorival.ro\\\/mazda\\\/wp-content\\\/uploads\\\/sites\\\/16\\\/2025\\\/05\\\/562635jc_1688349-1.jpg\",\"width\":400,\"height\":400,\"caption\":\"Disc frana MAZDA 3 limuzina (BL) 2.2 MZR CD (BL10) diesel 150 cai JURID 562635JC\"},{\"@type\":\"BreadcrumbList\",\"@id\":\"https:\\\/\\\/autorival.ro\\\/mazda\\\/product\\\/disc-frana-mazda-3-limuzina-bl-2-2-mzr-cd-bl10-diesel-150-cai-jurid-562635jc\\\/#breadcrumb\",\"itemListElement\":[{\"@type\":\"ListItem\",\"position\":1,\"name\":\"Prima pagin\u0103\",\"item\":\"https:\\\/\\\/autorival.ro\\\/mazda\\\/\"},{\"@type\":\"ListItem\",\"position\":2,\"name\":\"Piese auto MAZDA\",\"item\":\"https:\\\/\\\/autorival.ro\\\/mazda\\\/\"},{\"@type\":\"ListItem\",\"position\":3,\"name\":\"Disc frana MAZDA 3 limuzina (BL) 2.2 MZR CD (BL10) diesel 150 cai JURID 562635JC\"}]},{\"@type\":\"WebSite\",\"@id\":\"https:\\\/\\\/autorival.ro\\\/mazda\\\/#website\",\"url\":\"https:\\\/\\\/autorival.ro\\\/mazda\\\/\",\"name\":\"MAZDA\",\"description\":\"\",\"potentialAction\":[{\"@type\":\"SearchAction\",\"target\":{\"@type\":\"EntryPoint\",\"urlTemplate\":\"https:\\\/\\\/autorival.ro\\\/mazda\\\/?s={search_term_string}\"},\"query-input\":{\"@type\":\"PropertyValueSpecification\",\"valueRequired\":true,\"valueName\":\"search_term_string\"}}],\"inLanguage\":\"en-US\"}]}<\/script>\n<!-- \/ Yoast SEO plugin. -->","yoast_head_json":{"title":"Disc frana MAZDA 3 limuzina (BL) 2.2 MZR CD (BL10) diesel 150 cai JURID 562635JC MAZDA | JURID - Autorival","description":"\u26a1 Disc frana MAZDA 3 limuzina (BL) 2.2 MZR CD (BL10) diesel 150 cai JURID 562635JC pentru MAZDA la doar 675.15 RON. \u2713 Cod: 562635JC \u2713 Brand: JURID \u2713 \u00cen stoc \u2713 Livrare 24h \u2713 Garan\u021bie!","robots":{"index":"index","follow":"follow","max-snippet":"max-snippet:-1","max-image-preview":"max-image-preview:large","max-video-preview":"max-video-preview:-1"},"og_locale":"en_US","og_type":"article","og_title":"Disc frana MAZDA 3 limuzina (BL) 2.2 MZR CD (BL10) diesel 150 cai JURID 562635JC MAZDA | JURID - Autorival","og_description":"\u26a1 Disc frana MAZDA 3 limuzina (BL) 2.2 MZR CD (BL10) diesel 150 cai JURID 562635JC pentru MAZDA la doar 675.15 RON. \u2713 Cod: 562635JC \u2713 Brand: JURID \u2713 \u00cen stoc \u2713 Livrare 24h \u2713 Garan\u021bie!","og_url":"https:\/\/autorival.ro\/mazda\/product\/disc-frana-mazda-3-limuzina-bl-2-2-mzr-cd-bl10-diesel-150-cai-jurid-562635jc\/","og_site_name":"MAZDA","og_image":[{"width":400,"height":400,"url":"https:\/\/autorival.ro\/mazda\/wp-content\/uploads\/sites\/16\/2025\/05\/562635jc_1688349-1.jpg","type":"image\/jpeg"}],"twitter_card":"summary_large_image","twitter_title":"Disc frana MAZDA 3 limuzina (BL) 2.2 MZR CD (BL10) diesel 150 cai JURID 562635JC MAZDA | JURID - Autorival","twitter_description":"\u26a1 Disc frana MAZDA 3 limuzina (BL) 2.2 MZR CD (BL10) diesel 150 cai JURID 562635JC pentru MAZDA la doar 675.15 RON. \u2713 Cod: 562635JC \u2713 Brand: JURID \u2713 \u00cen stoc \u2713 Livrare 24h \u2713 Garan\u021bie!","schema":{"@context":"https:\/\/schema.org","@graph":[{"@type":"WebPage","@id":"https:\/\/autorival.ro\/mazda\/product\/disc-frana-mazda-3-limuzina-bl-2-2-mzr-cd-bl10-diesel-150-cai-jurid-562635jc\/","url":"https:\/\/autorival.ro\/mazda\/product\/disc-frana-mazda-3-limuzina-bl-2-2-mzr-cd-bl10-diesel-150-cai-jurid-562635jc\/","name":"Disc frana MAZDA 3 limuzina (BL) 2.2 MZR CD (BL10) diesel 150 cai JURID 562635JC MAZDA | JURID - Autorival","isPartOf":{"@id":"https:\/\/autorival.ro\/mazda\/#website"},"primaryImageOfPage":{"@id":"https:\/\/autorival.ro\/mazda\/product\/disc-frana-mazda-3-limuzina-bl-2-2-mzr-cd-bl10-diesel-150-cai-jurid-562635jc\/#primaryimage"},"image":{"@id":"https:\/\/autorival.ro\/mazda\/product\/disc-frana-mazda-3-limuzina-bl-2-2-mzr-cd-bl10-diesel-150-cai-jurid-562635jc\/#primaryimage"},"thumbnailUrl":"https:\/\/autorival.ro\/mazda\/wp-content\/uploads\/sites\/16\/2025\/05\/562635jc_1688349-1.jpg","datePublished":"2025-05-13T02:33:17+00:00","description":"\u26a1 Disc frana MAZDA 3 limuzina (BL) 2.2 MZR CD (BL10) diesel 150 cai JURID 562635JC pentru MAZDA la doar 675.15 RON. \u2713 Cod: 562635JC \u2713 Brand: JURID \u2713 \u00cen stoc \u2713 Livrare 24h \u2713 Garan\u021bie!","breadcrumb":{"@id":"https:\/\/autorival.ro\/mazda\/product\/disc-frana-mazda-3-limuzina-bl-2-2-mzr-cd-bl10-diesel-150-cai-jurid-562635jc\/#breadcrumb"},"inLanguage":"en-US","potentialAction":[{"@type":"ReadAction","target":["https:\/\/autorival.ro\/mazda\/product\/disc-frana-mazda-3-limuzina-bl-2-2-mzr-cd-bl10-diesel-150-cai-jurid-562635jc\/"]}]},{"@type":"ImageObject","inLanguage":"en-US","@id":"https:\/\/autorival.ro\/mazda\/product\/disc-frana-mazda-3-limuzina-bl-2-2-mzr-cd-bl10-diesel-150-cai-jurid-562635jc\/#primaryimage","url":"https:\/\/autorival.ro\/mazda\/wp-content\/uploads\/sites\/16\/2025\/05\/562635jc_1688349-1.jpg","contentUrl":"https:\/\/autorival.ro\/mazda\/wp-content\/uploads\/sites\/16\/2025\/05\/562635jc_1688349-1.jpg","width":400,"height":400,"caption":"Disc frana MAZDA 3 limuzina (BL) 2.2 MZR CD (BL10) diesel 150 cai JURID 562635JC"},{"@type":"BreadcrumbList","@id":"https:\/\/autorival.ro\/mazda\/product\/disc-frana-mazda-3-limuzina-bl-2-2-mzr-cd-bl10-diesel-150-cai-jurid-562635jc\/#breadcrumb","itemListElement":[{"@type":"ListItem","position":1,"name":"Prima pagin\u0103","item":"https:\/\/autorival.ro\/mazda\/"},{"@type":"ListItem","position":2,"name":"Piese auto MAZDA","item":"https:\/\/autorival.ro\/mazda\/"},{"@type":"ListItem","position":3,"name":"Disc frana MAZDA 3 limuzina (BL) 2.2 MZR CD (BL10) diesel 150 cai JURID 562635JC"}]},{"@type":"WebSite","@id":"https:\/\/autorival.ro\/mazda\/#website","url":"https:\/\/autorival.ro\/mazda\/","name":"MAZDA","description":"","potentialAction":[{"@type":"SearchAction","target":{"@type":"EntryPoint","urlTemplate":"https:\/\/autorival.ro\/mazda\/?s={search_term_string}"},"query-input":{"@type":"PropertyValueSpecification","valueRequired":true,"valueName":"search_term_string"}}],"inLanguage":"en-US"}]}},"_links":{"self":[{"href":"https:\/\/autorival.ro\/mazda\/wp-json\/wp\/v2\/product\/76290","targetHints":{"allow":["GET"]}}],"collection":[{"href":"https:\/\/autorival.ro\/mazda\/wp-json\/wp\/v2\/product"}],"about":[{"href":"https:\/\/autorival.ro\/mazda\/wp-json\/wp\/v2\/types\/product"}],"replies":[{"embeddable":true,"href":"https:\/\/autorival.ro\/mazda\/wp-json\/wp\/v2\/comments?post=76290"}],"wp:featuredmedia":[{"embeddable":true,"href":"https:\/\/autorival.ro\/mazda\/wp-json\/wp\/v2\/media\/76289"}],"wp:attachment":[{"href":"https:\/\/autorival.ro\/mazda\/wp-json\/wp\/v2\/media?parent=76290"}],"wp:term":[{"taxonomy":"product_brand","embeddable":true,"href":"https:\/\/autorival.ro\/mazda\/wp-json\/wp\/v2\/product_brand?post=76290"},{"taxonomy":"product_cat","embeddable":true,"href":"https:\/\/autorival.ro\/mazda\/wp-json\/wp\/v2\/product_cat?post=76290"},{"taxonomy":"product_tag","embeddable":true,"href":"https:\/\/autorival.ro\/mazda\/wp-json\/wp\/v2\/product_tag?post=76290"}],"curies":[{"name":"wp","href":"https:\/\/api.w.org\/{rel}","templated":true}]}}