{"id":75604,"date":"2025-05-13T02:27:01","date_gmt":"2025-05-13T02:27:01","guid":{"rendered":"https:\/\/autorival.ro\/mazda\/product\/disc-frana-mazda-3-bl-1-6-mzr-bl14-benzina-105-cai-skf-vkbd-80273-v2\/"},"modified":"2025-05-13T02:27:01","modified_gmt":"2025-05-13T02:27:01","slug":"disc-frana-mazda-3-bl-1-6-mzr-bl14-benzina-105-cai-skf-vkbd-80273-v2","status":"publish","type":"product","link":"https:\/\/autorival.ro\/mazda\/product\/disc-frana-mazda-3-bl-1-6-mzr-bl14-benzina-105-cai-skf-vkbd-80273-v2\/","title":{"rendered":"Disc frana MAZDA 3 (BL) 1.6 MZR (BL14) benzina 105 cai SKF VKBD 80273 V2"},"content":{"rendered":"<p>Partea de montare: punte fatapentru diametru disc frana [mm]: 300\u00cenaltime [mm]: 48,5Tip disc fr\u00e2na: ventilat interior ->Grosime disc fr\u00e2na [mm]: 25 ->Grosime minima [mm]: 23 ->Diametru exterior [mm]: 300Numar gauri: 5 ->Diametru de centrare [mm]: 72Asezare gauri \u00d8 [mm]: 114,3Suprafata: acoperit (cu un strat protector)<\/p>\n","protected":false},"excerpt":{"rendered":"<p>Producator: SKF Cod producator: VKBD 80273 V2<\/p>\n","protected":false},"featured_media":75506,"comment_status":"open","ping_status":"closed","template":"","meta":[],"product_brand":[620],"product_cat":[5899],"product_tag":[17270,17882,17470,17249,17258,17424,17889],"class_list":{"0":"post-75604","1":"product","2":"type-product","3":"status-publish","4":"has-post-thumbnail","6":"product_brand-skf","7":"product_cat-disc-frana-bl-1-6-mzr-bl14-benzina-105","8":"product_tag-bl","9":"product_tag-disc","10":"product_tag-frana","11":"product_tag-mazda","12":"product_tag-mzr","13":"product_tag-skf","14":"product_tag-vkbd","16":"first","17":"instock","18":"shipping-taxable","19":"purchasable","20":"product-type-simple"},"yoast_head":"<!-- This site is optimized with the Yoast SEO plugin v27.3 - https:\/\/yoast.com\/product\/yoast-seo-wordpress\/ -->\n<title>Disc frana MAZDA 3 (BL) 1.6 MZR (BL14) benzina 105 cai SKF VKBD 80273 V2 MAZDA | SKF - Autorival<\/title>\n<meta name=\"description\" content=\"\u26a1 Disc frana MAZDA 3 (BL) 1.6 MZR (BL14) benzina 105 cai SKF VKBD 80273 V2 pentru MAZDA la doar 232.05 RON. \u2713 Cod: VKBD \u2713 Brand: SKF \u2713 \u00cen stoc \u2713 Livrare 24h \u2713 Garan\u021bie!\" \/>\n<meta name=\"robots\" content=\"index, follow, max-snippet:-1, max-image-preview:large, max-video-preview:-1\" \/>\n<meta property=\"og:locale\" content=\"en_US\" \/>\n<meta property=\"og:type\" content=\"article\" \/>\n<meta property=\"og:title\" content=\"Disc frana MAZDA 3 (BL) 1.6 MZR (BL14) benzina 105 cai SKF VKBD 80273 V2 MAZDA | SKF - Autorival\" \/>\n<meta property=\"og:description\" content=\"\u26a1 Disc frana MAZDA 3 (BL) 1.6 MZR (BL14) benzina 105 cai SKF VKBD 80273 V2 pentru MAZDA la doar 232.05 RON. \u2713 Cod: VKBD \u2713 Brand: SKF \u2713 \u00cen stoc \u2713 Livrare 24h \u2713 Garan\u021bie!\" \/>\n<meta property=\"og:url\" content=\"https:\/\/autorival.ro\/mazda\/product\/disc-frana-mazda-3-bl-1-6-mzr-bl14-benzina-105-cai-skf-vkbd-80273-v2\/\" \/>\n<meta property=\"og:site_name\" content=\"MAZDA\" \/>\n<meta property=\"og:image\" content=\"https:\/\/autorival.ro\/mazda\/wp-content\/uploads\/sites\/16\/2025\/05\/brake20disc20v2.jpg\" \/>\n\t<meta property=\"og:image:width\" content=\"358\" \/>\n\t<meta property=\"og:image:height\" content=\"400\" \/>\n\t<meta property=\"og:image:type\" content=\"image\/jpeg\" \/>\n<meta name=\"twitter:card\" content=\"summary_large_image\" \/>\n<meta name=\"twitter:title\" content=\"Disc frana MAZDA 3 (BL) 1.6 MZR (BL14) benzina 105 cai SKF VKBD 80273 V2 MAZDA | SKF - Autorival\" \/>\n<meta name=\"twitter:description\" content=\"\u26a1 Disc frana MAZDA 3 (BL) 1.6 MZR (BL14) benzina 105 cai SKF VKBD 80273 V2 pentru MAZDA la doar 232.05 RON. \u2713 Cod: VKBD \u2713 Brand: SKF \u2713 \u00cen stoc \u2713 Livrare 24h \u2713 Garan\u021bie!\" \/>\n<script type=\"application\/ld+json\" class=\"yoast-schema-graph\">{\"@context\":\"https:\\\/\\\/schema.org\",\"@graph\":[{\"@type\":\"WebPage\",\"@id\":\"https:\\\/\\\/autorival.ro\\\/mazda\\\/product\\\/disc-frana-mazda-3-bl-1-6-mzr-bl14-benzina-105-cai-skf-vkbd-80273-v2\\\/\",\"url\":\"https:\\\/\\\/autorival.ro\\\/mazda\\\/product\\\/disc-frana-mazda-3-bl-1-6-mzr-bl14-benzina-105-cai-skf-vkbd-80273-v2\\\/\",\"name\":\"Disc frana MAZDA 3 (BL) 1.6 MZR (BL14) benzina 105 cai SKF VKBD 80273 V2 MAZDA | SKF - Autorival\",\"isPartOf\":{\"@id\":\"https:\\\/\\\/autorival.ro\\\/mazda\\\/#website\"},\"primaryImageOfPage\":{\"@id\":\"https:\\\/\\\/autorival.ro\\\/mazda\\\/product\\\/disc-frana-mazda-3-bl-1-6-mzr-bl14-benzina-105-cai-skf-vkbd-80273-v2\\\/#primaryimage\"},\"image\":{\"@id\":\"https:\\\/\\\/autorival.ro\\\/mazda\\\/product\\\/disc-frana-mazda-3-bl-1-6-mzr-bl14-benzina-105-cai-skf-vkbd-80273-v2\\\/#primaryimage\"},\"thumbnailUrl\":\"https:\\\/\\\/autorival.ro\\\/mazda\\\/wp-content\\\/uploads\\\/sites\\\/16\\\/2025\\\/05\\\/brake20disc20v2.jpg\",\"datePublished\":\"2025-05-13T02:27:01+00:00\",\"description\":\"\u26a1 Disc frana MAZDA 3 (BL) 1.6 MZR (BL14) benzina 105 cai SKF VKBD 80273 V2 pentru MAZDA la doar 232.05 RON. \u2713 Cod: VKBD \u2713 Brand: SKF \u2713 \u00cen stoc \u2713 Livrare 24h \u2713 Garan\u021bie!\",\"breadcrumb\":{\"@id\":\"https:\\\/\\\/autorival.ro\\\/mazda\\\/product\\\/disc-frana-mazda-3-bl-1-6-mzr-bl14-benzina-105-cai-skf-vkbd-80273-v2\\\/#breadcrumb\"},\"inLanguage\":\"en-US\",\"potentialAction\":[{\"@type\":\"ReadAction\",\"target\":[\"https:\\\/\\\/autorival.ro\\\/mazda\\\/product\\\/disc-frana-mazda-3-bl-1-6-mzr-bl14-benzina-105-cai-skf-vkbd-80273-v2\\\/\"]}]},{\"@type\":\"ImageObject\",\"inLanguage\":\"en-US\",\"@id\":\"https:\\\/\\\/autorival.ro\\\/mazda\\\/product\\\/disc-frana-mazda-3-bl-1-6-mzr-bl14-benzina-105-cai-skf-vkbd-80273-v2\\\/#primaryimage\",\"url\":\"https:\\\/\\\/autorival.ro\\\/mazda\\\/wp-content\\\/uploads\\\/sites\\\/16\\\/2025\\\/05\\\/brake20disc20v2.jpg\",\"contentUrl\":\"https:\\\/\\\/autorival.ro\\\/mazda\\\/wp-content\\\/uploads\\\/sites\\\/16\\\/2025\\\/05\\\/brake20disc20v2.jpg\",\"width\":358,\"height\":400,\"caption\":\"Disc frana MAZDA 3 (BK) 2.3 DiSi Turbo MPS (BK3P) benzina 250 cai SKF VKBD 80273 V2\"},{\"@type\":\"BreadcrumbList\",\"@id\":\"https:\\\/\\\/autorival.ro\\\/mazda\\\/product\\\/disc-frana-mazda-3-bl-1-6-mzr-bl14-benzina-105-cai-skf-vkbd-80273-v2\\\/#breadcrumb\",\"itemListElement\":[{\"@type\":\"ListItem\",\"position\":1,\"name\":\"Prima pagin\u0103\",\"item\":\"https:\\\/\\\/autorival.ro\\\/mazda\\\/\"},{\"@type\":\"ListItem\",\"position\":2,\"name\":\"Piese auto MAZDA\",\"item\":\"https:\\\/\\\/autorival.ro\\\/mazda\\\/\"},{\"@type\":\"ListItem\",\"position\":3,\"name\":\"Disc frana MAZDA 3 (BL) 1.6 MZR (BL14) benzina 105 cai SKF VKBD 80273 V2\"}]},{\"@type\":\"WebSite\",\"@id\":\"https:\\\/\\\/autorival.ro\\\/mazda\\\/#website\",\"url\":\"https:\\\/\\\/autorival.ro\\\/mazda\\\/\",\"name\":\"MAZDA\",\"description\":\"\",\"potentialAction\":[{\"@type\":\"SearchAction\",\"target\":{\"@type\":\"EntryPoint\",\"urlTemplate\":\"https:\\\/\\\/autorival.ro\\\/mazda\\\/?s={search_term_string}\"},\"query-input\":{\"@type\":\"PropertyValueSpecification\",\"valueRequired\":true,\"valueName\":\"search_term_string\"}}],\"inLanguage\":\"en-US\"}]}<\/script>\n<!-- \/ Yoast SEO plugin. -->","yoast_head_json":{"title":"Disc frana MAZDA 3 (BL) 1.6 MZR (BL14) benzina 105 cai SKF VKBD 80273 V2 MAZDA | SKF - Autorival","description":"\u26a1 Disc frana MAZDA 3 (BL) 1.6 MZR (BL14) benzina 105 cai SKF VKBD 80273 V2 pentru MAZDA la doar 232.05 RON. \u2713 Cod: VKBD \u2713 Brand: SKF \u2713 \u00cen stoc \u2713 Livrare 24h \u2713 Garan\u021bie!","robots":{"index":"index","follow":"follow","max-snippet":"max-snippet:-1","max-image-preview":"max-image-preview:large","max-video-preview":"max-video-preview:-1"},"og_locale":"en_US","og_type":"article","og_title":"Disc frana MAZDA 3 (BL) 1.6 MZR (BL14) benzina 105 cai SKF VKBD 80273 V2 MAZDA | SKF - Autorival","og_description":"\u26a1 Disc frana MAZDA 3 (BL) 1.6 MZR (BL14) benzina 105 cai SKF VKBD 80273 V2 pentru MAZDA la doar 232.05 RON. \u2713 Cod: VKBD \u2713 Brand: SKF \u2713 \u00cen stoc \u2713 Livrare 24h \u2713 Garan\u021bie!","og_url":"https:\/\/autorival.ro\/mazda\/product\/disc-frana-mazda-3-bl-1-6-mzr-bl14-benzina-105-cai-skf-vkbd-80273-v2\/","og_site_name":"MAZDA","og_image":[{"width":358,"height":400,"url":"https:\/\/autorival.ro\/mazda\/wp-content\/uploads\/sites\/16\/2025\/05\/brake20disc20v2.jpg","type":"image\/jpeg"}],"twitter_card":"summary_large_image","twitter_title":"Disc frana MAZDA 3 (BL) 1.6 MZR (BL14) benzina 105 cai SKF VKBD 80273 V2 MAZDA | SKF - Autorival","twitter_description":"\u26a1 Disc frana MAZDA 3 (BL) 1.6 MZR (BL14) benzina 105 cai SKF VKBD 80273 V2 pentru MAZDA la doar 232.05 RON. \u2713 Cod: VKBD \u2713 Brand: SKF \u2713 \u00cen stoc \u2713 Livrare 24h \u2713 Garan\u021bie!","schema":{"@context":"https:\/\/schema.org","@graph":[{"@type":"WebPage","@id":"https:\/\/autorival.ro\/mazda\/product\/disc-frana-mazda-3-bl-1-6-mzr-bl14-benzina-105-cai-skf-vkbd-80273-v2\/","url":"https:\/\/autorival.ro\/mazda\/product\/disc-frana-mazda-3-bl-1-6-mzr-bl14-benzina-105-cai-skf-vkbd-80273-v2\/","name":"Disc frana MAZDA 3 (BL) 1.6 MZR (BL14) benzina 105 cai SKF VKBD 80273 V2 MAZDA | SKF - Autorival","isPartOf":{"@id":"https:\/\/autorival.ro\/mazda\/#website"},"primaryImageOfPage":{"@id":"https:\/\/autorival.ro\/mazda\/product\/disc-frana-mazda-3-bl-1-6-mzr-bl14-benzina-105-cai-skf-vkbd-80273-v2\/#primaryimage"},"image":{"@id":"https:\/\/autorival.ro\/mazda\/product\/disc-frana-mazda-3-bl-1-6-mzr-bl14-benzina-105-cai-skf-vkbd-80273-v2\/#primaryimage"},"thumbnailUrl":"https:\/\/autorival.ro\/mazda\/wp-content\/uploads\/sites\/16\/2025\/05\/brake20disc20v2.jpg","datePublished":"2025-05-13T02:27:01+00:00","description":"\u26a1 Disc frana MAZDA 3 (BL) 1.6 MZR (BL14) benzina 105 cai SKF VKBD 80273 V2 pentru MAZDA la doar 232.05 RON. \u2713 Cod: VKBD \u2713 Brand: SKF \u2713 \u00cen stoc \u2713 Livrare 24h \u2713 Garan\u021bie!","breadcrumb":{"@id":"https:\/\/autorival.ro\/mazda\/product\/disc-frana-mazda-3-bl-1-6-mzr-bl14-benzina-105-cai-skf-vkbd-80273-v2\/#breadcrumb"},"inLanguage":"en-US","potentialAction":[{"@type":"ReadAction","target":["https:\/\/autorival.ro\/mazda\/product\/disc-frana-mazda-3-bl-1-6-mzr-bl14-benzina-105-cai-skf-vkbd-80273-v2\/"]}]},{"@type":"ImageObject","inLanguage":"en-US","@id":"https:\/\/autorival.ro\/mazda\/product\/disc-frana-mazda-3-bl-1-6-mzr-bl14-benzina-105-cai-skf-vkbd-80273-v2\/#primaryimage","url":"https:\/\/autorival.ro\/mazda\/wp-content\/uploads\/sites\/16\/2025\/05\/brake20disc20v2.jpg","contentUrl":"https:\/\/autorival.ro\/mazda\/wp-content\/uploads\/sites\/16\/2025\/05\/brake20disc20v2.jpg","width":358,"height":400,"caption":"Disc frana MAZDA 3 (BK) 2.3 DiSi Turbo MPS (BK3P) benzina 250 cai SKF VKBD 80273 V2"},{"@type":"BreadcrumbList","@id":"https:\/\/autorival.ro\/mazda\/product\/disc-frana-mazda-3-bl-1-6-mzr-bl14-benzina-105-cai-skf-vkbd-80273-v2\/#breadcrumb","itemListElement":[{"@type":"ListItem","position":1,"name":"Prima pagin\u0103","item":"https:\/\/autorival.ro\/mazda\/"},{"@type":"ListItem","position":2,"name":"Piese auto MAZDA","item":"https:\/\/autorival.ro\/mazda\/"},{"@type":"ListItem","position":3,"name":"Disc frana MAZDA 3 (BL) 1.6 MZR (BL14) benzina 105 cai SKF VKBD 80273 V2"}]},{"@type":"WebSite","@id":"https:\/\/autorival.ro\/mazda\/#website","url":"https:\/\/autorival.ro\/mazda\/","name":"MAZDA","description":"","potentialAction":[{"@type":"SearchAction","target":{"@type":"EntryPoint","urlTemplate":"https:\/\/autorival.ro\/mazda\/?s={search_term_string}"},"query-input":{"@type":"PropertyValueSpecification","valueRequired":true,"valueName":"search_term_string"}}],"inLanguage":"en-US"}]}},"_links":{"self":[{"href":"https:\/\/autorival.ro\/mazda\/wp-json\/wp\/v2\/product\/75604","targetHints":{"allow":["GET"]}}],"collection":[{"href":"https:\/\/autorival.ro\/mazda\/wp-json\/wp\/v2\/product"}],"about":[{"href":"https:\/\/autorival.ro\/mazda\/wp-json\/wp\/v2\/types\/product"}],"replies":[{"embeddable":true,"href":"https:\/\/autorival.ro\/mazda\/wp-json\/wp\/v2\/comments?post=75604"}],"wp:featuredmedia":[{"embeddable":true,"href":"https:\/\/autorival.ro\/mazda\/wp-json\/wp\/v2\/media\/75506"}],"wp:attachment":[{"href":"https:\/\/autorival.ro\/mazda\/wp-json\/wp\/v2\/media?parent=75604"}],"wp:term":[{"taxonomy":"product_brand","embeddable":true,"href":"https:\/\/autorival.ro\/mazda\/wp-json\/wp\/v2\/product_brand?post=75604"},{"taxonomy":"product_cat","embeddable":true,"href":"https:\/\/autorival.ro\/mazda\/wp-json\/wp\/v2\/product_cat?post=75604"},{"taxonomy":"product_tag","embeddable":true,"href":"https:\/\/autorival.ro\/mazda\/wp-json\/wp\/v2\/product_tag?post=75604"}],"curies":[{"name":"wp","href":"https:\/\/api.w.org\/{rel}","templated":true}]}}