{"id":75447,"date":"2025-05-13T02:25:46","date_gmt":"2025-05-13T02:25:46","guid":{"rendered":"https:\/\/autorival.ro\/mazda\/product\/disc-frana-mazda-2-hatchback-kb-1-5-hybrid-kbac3x-benzina-elector-116-cai-textar-92333503\/"},"modified":"2025-05-13T02:25:47","modified_gmt":"2025-05-13T02:25:47","slug":"disc-frana-mazda-2-hatchback-kb-1-5-hybrid-kbac3x-benzina-elector-116-cai-textar-92333503","status":"publish","type":"product","link":"https:\/\/autorival.ro\/mazda\/product\/disc-frana-mazda-2-hatchback-kb-1-5-hybrid-kbac3x-benzina-elector-116-cai-textar-92333503\/","title":{"rendered":"Disc frana MAZDA 2 hatchback (KB) 1.5 Hybrid (KBAC3X) benzina\/elector 116 cai TEXTAR 92333503"},"content":{"rendered":"<p>Partea de montare: punte fataTip disc fr\u00e2na: ventilat interior ->Diametru exterior [mm]: 282 ->Grosime disc fr\u00e2na [mm]: 22\u00cenaltime [mm]: 46 ->Grosime minima [mm]: 19Suprafata: acoperit (cu un strat protector) ->Diametru interior [mm]: 138Asezare gauri \u00d8 [mm]: 100 ->Diametru de centrare [mm]: 55Asezare gauri\/numar gauri: 05\/07 ->Diametru alezaj bol\u021b roat\u0103 [mm]: 14,6Articol completare\/Info suplimentar 2: fara butuc roata, fara rulment roata, fara suruburi de fixare roata ->Lungime ambalaj [cm]: 30,8 ->Latime ambalaj [cm]: 30,8 ->Inaltime ambalaj [cm]: 12,7 ->Greutate [kg]: 6<\/p>\n","protected":false},"excerpt":{"rendered":"<p>Producator: TEXTAR Cod producator: 92333503<\/p>\n","protected":false},"featured_media":75446,"comment_status":"open","ping_status":"closed","template":"","meta":[],"product_brand":[2548],"product_cat":[5897],"product_tag":[17383,17306,17882,17470,17264,17249,17646],"class_list":{"0":"post-75447","1":"product","2":"type-product","3":"status-publish","4":"has-post-thumbnail","6":"product_brand-textar","7":"product_cat-disc-frana-hatchback-kb-1-5-hybrid-kbac3x-benzina-elector-116","8":"product_tag-kb","9":"product_tag-1-5","10":"product_tag-disc","11":"product_tag-frana","12":"product_tag-hatchback","13":"product_tag-mazda","14":"product_tag-textar","16":"first","17":"instock","18":"shipping-taxable","19":"purchasable","20":"product-type-simple"},"yoast_head":"<!-- This site is optimized with the Yoast SEO plugin v27.3 - https:\/\/yoast.com\/product\/yoast-seo-wordpress\/ -->\n<title>Disc frana MAZDA 2 hatchback (KB) 1.5 Hybrid (KBAC3X) benzina\/elector 116 cai TEXTAR 92333503 - MAZDA<\/title>\n<meta name=\"robots\" content=\"index, follow, max-snippet:-1, max-image-preview:large, max-video-preview:-1\" \/>\n<meta property=\"og:locale\" content=\"en_US\" \/>\n<meta property=\"og:type\" content=\"article\" \/>\n<meta property=\"og:title\" content=\"Disc frana MAZDA 2 hatchback (KB) 1.5 Hybrid (KBAC3X) benzina\/elector 116 cai TEXTAR 92333503 - MAZDA\" \/>\n<meta property=\"og:description\" content=\"Producator: TEXTAR Cod producator: 92333503\" \/>\n<meta property=\"og:url\" content=\"https:\/\/autorival.ro\/mazda\/product\/disc-frana-mazda-2-hatchback-kb-1-5-hybrid-kbac3x-benzina-elector-116-cai-textar-92333503\/\" \/>\n<meta property=\"og:site_name\" content=\"MAZDA\" \/>\n<meta property=\"article:modified_time\" content=\"2025-05-13T02:25:47+00:00\" \/>\n<meta property=\"og:image\" content=\"https:\/\/autorival.ro\/mazda\/wp-content\/uploads\/sites\/16\/2025\/05\/98200_3335_0_1_tex.jpg\" \/>\n\t<meta property=\"og:image:width\" content=\"600\" \/>\n\t<meta property=\"og:image:height\" content=\"400\" \/>\n\t<meta property=\"og:image:type\" content=\"image\/jpeg\" \/>\n<meta name=\"twitter:card\" content=\"summary_large_image\" \/>\n<script type=\"application\/ld+json\" class=\"yoast-schema-graph\">{\"@context\":\"https:\\\/\\\/schema.org\",\"@graph\":[{\"@type\":\"WebPage\",\"@id\":\"https:\\\/\\\/autorival.ro\\\/mazda\\\/product\\\/disc-frana-mazda-2-hatchback-kb-1-5-hybrid-kbac3x-benzina-elector-116-cai-textar-92333503\\\/\",\"url\":\"https:\\\/\\\/autorival.ro\\\/mazda\\\/product\\\/disc-frana-mazda-2-hatchback-kb-1-5-hybrid-kbac3x-benzina-elector-116-cai-textar-92333503\\\/\",\"name\":\"Disc frana MAZDA 2 hatchback (KB) 1.5 Hybrid (KBAC3X) benzina\\\/elector 116 cai TEXTAR 92333503 - MAZDA\",\"isPartOf\":{\"@id\":\"https:\\\/\\\/autorival.ro\\\/mazda\\\/#website\"},\"primaryImageOfPage\":{\"@id\":\"https:\\\/\\\/autorival.ro\\\/mazda\\\/product\\\/disc-frana-mazda-2-hatchback-kb-1-5-hybrid-kbac3x-benzina-elector-116-cai-textar-92333503\\\/#primaryimage\"},\"image\":{\"@id\":\"https:\\\/\\\/autorival.ro\\\/mazda\\\/product\\\/disc-frana-mazda-2-hatchback-kb-1-5-hybrid-kbac3x-benzina-elector-116-cai-textar-92333503\\\/#primaryimage\"},\"thumbnailUrl\":\"https:\\\/\\\/autorival.ro\\\/mazda\\\/wp-content\\\/uploads\\\/sites\\\/16\\\/2025\\\/05\\\/98200_3335_0_1_tex.jpg\",\"datePublished\":\"2025-05-13T02:25:46+00:00\",\"dateModified\":\"2025-05-13T02:25:47+00:00\",\"breadcrumb\":{\"@id\":\"https:\\\/\\\/autorival.ro\\\/mazda\\\/product\\\/disc-frana-mazda-2-hatchback-kb-1-5-hybrid-kbac3x-benzina-elector-116-cai-textar-92333503\\\/#breadcrumb\"},\"inLanguage\":\"en-US\",\"potentialAction\":[{\"@type\":\"ReadAction\",\"target\":[\"https:\\\/\\\/autorival.ro\\\/mazda\\\/product\\\/disc-frana-mazda-2-hatchback-kb-1-5-hybrid-kbac3x-benzina-elector-116-cai-textar-92333503\\\/\"]}]},{\"@type\":\"ImageObject\",\"inLanguage\":\"en-US\",\"@id\":\"https:\\\/\\\/autorival.ro\\\/mazda\\\/product\\\/disc-frana-mazda-2-hatchback-kb-1-5-hybrid-kbac3x-benzina-elector-116-cai-textar-92333503\\\/#primaryimage\",\"url\":\"https:\\\/\\\/autorival.ro\\\/mazda\\\/wp-content\\\/uploads\\\/sites\\\/16\\\/2025\\\/05\\\/98200_3335_0_1_tex.jpg\",\"contentUrl\":\"https:\\\/\\\/autorival.ro\\\/mazda\\\/wp-content\\\/uploads\\\/sites\\\/16\\\/2025\\\/05\\\/98200_3335_0_1_tex.jpg\",\"width\":600,\"height\":400,\"caption\":\"Disc frana MAZDA 2 hatchback (KB) 1.5 Hybrid (KBAC3X) benzina\\\/elector 116 cai TEXTAR 92333503\"},{\"@type\":\"BreadcrumbList\",\"@id\":\"https:\\\/\\\/autorival.ro\\\/mazda\\\/product\\\/disc-frana-mazda-2-hatchback-kb-1-5-hybrid-kbac3x-benzina-elector-116-cai-textar-92333503\\\/#breadcrumb\",\"itemListElement\":[{\"@type\":\"ListItem\",\"position\":1,\"name\":\"Prima pagin\u0103\",\"item\":\"https:\\\/\\\/autorival.ro\\\/mazda\\\/\"},{\"@type\":\"ListItem\",\"position\":2,\"name\":\"Piese auto MAZDA\",\"item\":\"https:\\\/\\\/autorival.ro\\\/mazda\\\/\"},{\"@type\":\"ListItem\",\"position\":3,\"name\":\"Disc frana MAZDA 2 hatchback (KB) 1.5 Hybrid (KBAC3X) benzina\\\/elector 116 cai TEXTAR 92333503\"}]},{\"@type\":\"WebSite\",\"@id\":\"https:\\\/\\\/autorival.ro\\\/mazda\\\/#website\",\"url\":\"https:\\\/\\\/autorival.ro\\\/mazda\\\/\",\"name\":\"MAZDA\",\"description\":\"\",\"potentialAction\":[{\"@type\":\"SearchAction\",\"target\":{\"@type\":\"EntryPoint\",\"urlTemplate\":\"https:\\\/\\\/autorival.ro\\\/mazda\\\/?s={search_term_string}\"},\"query-input\":{\"@type\":\"PropertyValueSpecification\",\"valueRequired\":true,\"valueName\":\"search_term_string\"}}],\"inLanguage\":\"en-US\"}]}<\/script>\n<!-- \/ Yoast SEO plugin. -->","yoast_head_json":{"title":"Disc frana MAZDA 2 hatchback (KB) 1.5 Hybrid (KBAC3X) benzina\/elector 116 cai TEXTAR 92333503 - MAZDA","robots":{"index":"index","follow":"follow","max-snippet":"max-snippet:-1","max-image-preview":"max-image-preview:large","max-video-preview":"max-video-preview:-1"},"og_locale":"en_US","og_type":"article","og_title":"Disc frana MAZDA 2 hatchback (KB) 1.5 Hybrid (KBAC3X) benzina\/elector 116 cai TEXTAR 92333503 - MAZDA","og_description":"Producator: TEXTAR Cod producator: 92333503","og_url":"https:\/\/autorival.ro\/mazda\/product\/disc-frana-mazda-2-hatchback-kb-1-5-hybrid-kbac3x-benzina-elector-116-cai-textar-92333503\/","og_site_name":"MAZDA","article_modified_time":"2025-05-13T02:25:47+00:00","og_image":[{"width":600,"height":400,"url":"https:\/\/autorival.ro\/mazda\/wp-content\/uploads\/sites\/16\/2025\/05\/98200_3335_0_1_tex.jpg","type":"image\/jpeg"}],"twitter_card":"summary_large_image","schema":{"@context":"https:\/\/schema.org","@graph":[{"@type":"WebPage","@id":"https:\/\/autorival.ro\/mazda\/product\/disc-frana-mazda-2-hatchback-kb-1-5-hybrid-kbac3x-benzina-elector-116-cai-textar-92333503\/","url":"https:\/\/autorival.ro\/mazda\/product\/disc-frana-mazda-2-hatchback-kb-1-5-hybrid-kbac3x-benzina-elector-116-cai-textar-92333503\/","name":"Disc frana MAZDA 2 hatchback (KB) 1.5 Hybrid (KBAC3X) benzina\/elector 116 cai TEXTAR 92333503 - MAZDA","isPartOf":{"@id":"https:\/\/autorival.ro\/mazda\/#website"},"primaryImageOfPage":{"@id":"https:\/\/autorival.ro\/mazda\/product\/disc-frana-mazda-2-hatchback-kb-1-5-hybrid-kbac3x-benzina-elector-116-cai-textar-92333503\/#primaryimage"},"image":{"@id":"https:\/\/autorival.ro\/mazda\/product\/disc-frana-mazda-2-hatchback-kb-1-5-hybrid-kbac3x-benzina-elector-116-cai-textar-92333503\/#primaryimage"},"thumbnailUrl":"https:\/\/autorival.ro\/mazda\/wp-content\/uploads\/sites\/16\/2025\/05\/98200_3335_0_1_tex.jpg","datePublished":"2025-05-13T02:25:46+00:00","dateModified":"2025-05-13T02:25:47+00:00","breadcrumb":{"@id":"https:\/\/autorival.ro\/mazda\/product\/disc-frana-mazda-2-hatchback-kb-1-5-hybrid-kbac3x-benzina-elector-116-cai-textar-92333503\/#breadcrumb"},"inLanguage":"en-US","potentialAction":[{"@type":"ReadAction","target":["https:\/\/autorival.ro\/mazda\/product\/disc-frana-mazda-2-hatchback-kb-1-5-hybrid-kbac3x-benzina-elector-116-cai-textar-92333503\/"]}]},{"@type":"ImageObject","inLanguage":"en-US","@id":"https:\/\/autorival.ro\/mazda\/product\/disc-frana-mazda-2-hatchback-kb-1-5-hybrid-kbac3x-benzina-elector-116-cai-textar-92333503\/#primaryimage","url":"https:\/\/autorival.ro\/mazda\/wp-content\/uploads\/sites\/16\/2025\/05\/98200_3335_0_1_tex.jpg","contentUrl":"https:\/\/autorival.ro\/mazda\/wp-content\/uploads\/sites\/16\/2025\/05\/98200_3335_0_1_tex.jpg","width":600,"height":400,"caption":"Disc frana MAZDA 2 hatchback (KB) 1.5 Hybrid (KBAC3X) benzina\/elector 116 cai TEXTAR 92333503"},{"@type":"BreadcrumbList","@id":"https:\/\/autorival.ro\/mazda\/product\/disc-frana-mazda-2-hatchback-kb-1-5-hybrid-kbac3x-benzina-elector-116-cai-textar-92333503\/#breadcrumb","itemListElement":[{"@type":"ListItem","position":1,"name":"Prima pagin\u0103","item":"https:\/\/autorival.ro\/mazda\/"},{"@type":"ListItem","position":2,"name":"Piese auto MAZDA","item":"https:\/\/autorival.ro\/mazda\/"},{"@type":"ListItem","position":3,"name":"Disc frana MAZDA 2 hatchback (KB) 1.5 Hybrid (KBAC3X) benzina\/elector 116 cai TEXTAR 92333503"}]},{"@type":"WebSite","@id":"https:\/\/autorival.ro\/mazda\/#website","url":"https:\/\/autorival.ro\/mazda\/","name":"MAZDA","description":"","potentialAction":[{"@type":"SearchAction","target":{"@type":"EntryPoint","urlTemplate":"https:\/\/autorival.ro\/mazda\/?s={search_term_string}"},"query-input":{"@type":"PropertyValueSpecification","valueRequired":true,"valueName":"search_term_string"}}],"inLanguage":"en-US"}]}},"_links":{"self":[{"href":"https:\/\/autorival.ro\/mazda\/wp-json\/wp\/v2\/product\/75447","targetHints":{"allow":["GET"]}}],"collection":[{"href":"https:\/\/autorival.ro\/mazda\/wp-json\/wp\/v2\/product"}],"about":[{"href":"https:\/\/autorival.ro\/mazda\/wp-json\/wp\/v2\/types\/product"}],"replies":[{"embeddable":true,"href":"https:\/\/autorival.ro\/mazda\/wp-json\/wp\/v2\/comments?post=75447"}],"wp:featuredmedia":[{"embeddable":true,"href":"https:\/\/autorival.ro\/mazda\/wp-json\/wp\/v2\/media\/75446"}],"wp:attachment":[{"href":"https:\/\/autorival.ro\/mazda\/wp-json\/wp\/v2\/media?parent=75447"}],"wp:term":[{"taxonomy":"product_brand","embeddable":true,"href":"https:\/\/autorival.ro\/mazda\/wp-json\/wp\/v2\/product_brand?post=75447"},{"taxonomy":"product_cat","embeddable":true,"href":"https:\/\/autorival.ro\/mazda\/wp-json\/wp\/v2\/product_cat?post=75447"},{"taxonomy":"product_tag","embeddable":true,"href":"https:\/\/autorival.ro\/mazda\/wp-json\/wp\/v2\/product_tag?post=75447"}],"curies":[{"name":"wp","href":"https:\/\/api.w.org\/{rel}","templated":true}]}}