{"id":75445,"date":"2025-05-13T02:25:45","date_gmt":"2025-05-13T02:25:45","guid":{"rendered":"https:\/\/autorival.ro\/mazda\/product\/disc-frana-mazda-2-hatchback-kb-1-5-hybrid-kbac3x-benzina-elector-116-cai-maxgear-19-4830\/"},"modified":"2025-05-13T02:25:46","modified_gmt":"2025-05-13T02:25:46","slug":"disc-frana-mazda-2-hatchback-kb-1-5-hybrid-kbac3x-benzina-elector-116-cai-maxgear-19-4830","status":"publish","type":"product","link":"https:\/\/autorival.ro\/mazda\/product\/disc-frana-mazda-2-hatchback-kb-1-5-hybrid-kbac3x-benzina-elector-116-cai-maxgear-19-4830\/","title":{"rendered":"Disc frana MAZDA 2 hatchback (KB) 1.5 Hybrid (KBAC3X) benzina\/elector 116 cai MAXGEAR 19-4830"},"content":{"rendered":"<p>Partea de montare: punte fataTip disc fr\u00e2na: ventilat interior ->Diametru exterior [mm]: 282 ->Grosime disc fr\u00e2na [mm]: 22\u00cenaltime [mm]: 46 ->Grosime minima [mm]: 19Suprafata: acoperit (cu un strat protector) ->Diametru interior [mm]: 138Asezare gauri \u00d8 [mm]: 100 ->Diametru de centrare [mm]: 55Asezare gauri\/numar gauri: 05\/07 ->Diametru alezaj bol\u021b roat\u0103 [mm]: 14,6Articol completare\/Info suplimentar 2: fara butuc roata, fara rulment roata, fara suruburi de fixare roata<\/p>\n","protected":false},"excerpt":{"rendered":"<p>Producator: MAXGEAR Cod producator: 19-4830<\/p>\n","protected":false},"featured_media":1396,"comment_status":"open","ping_status":"closed","template":"","meta":[],"product_brand":[331],"product_cat":[5897],"product_tag":[17383,17306,17882,17470,17264,17360,17249],"class_list":{"0":"post-75445","1":"product","2":"type-product","3":"status-publish","4":"has-post-thumbnail","6":"product_brand-maxgear","7":"product_cat-disc-frana-hatchback-kb-1-5-hybrid-kbac3x-benzina-elector-116","8":"product_tag-kb","9":"product_tag-1-5","10":"product_tag-disc","11":"product_tag-frana","12":"product_tag-hatchback","13":"product_tag-maxgear","14":"product_tag-mazda","16":"first","17":"instock","18":"shipping-taxable","19":"purchasable","20":"product-type-simple"},"yoast_head":"<!-- This site is optimized with the Yoast SEO plugin v27.3 - https:\/\/yoast.com\/product\/yoast-seo-wordpress\/ -->\n<title>Disc frana MAZDA 2 hatchback (KB) 1.5 Hybrid (KBAC3X) benzina\/elector 116 cai MAXGEAR 19-4830 - MAZDA<\/title>\n<meta name=\"robots\" content=\"index, follow, max-snippet:-1, max-image-preview:large, max-video-preview:-1\" \/>\n<meta property=\"og:locale\" content=\"en_US\" \/>\n<meta property=\"og:type\" content=\"article\" \/>\n<meta property=\"og:title\" content=\"Disc frana MAZDA 2 hatchback (KB) 1.5 Hybrid (KBAC3X) benzina\/elector 116 cai MAXGEAR 19-4830 - MAZDA\" \/>\n<meta property=\"og:description\" content=\"Producator: MAXGEAR Cod producator: 19-4830\" \/>\n<meta property=\"og:url\" content=\"https:\/\/autorival.ro\/mazda\/product\/disc-frana-mazda-2-hatchback-kb-1-5-hybrid-kbac3x-benzina-elector-116-cai-maxgear-19-4830\/\" \/>\n<meta property=\"og:site_name\" content=\"MAZDA\" \/>\n<meta property=\"article:modified_time\" content=\"2025-05-13T02:25:46+00:00\" \/>\n<meta property=\"og:image\" content=\"https:\/\/autorival.ro\/mazda\/wp-content\/uploads\/sites\/16\/2025\/05\/no-photo-7.jpg\" \/>\n\t<meta property=\"og:image:width\" content=\"1024\" \/>\n\t<meta property=\"og:image:height\" content=\"1024\" \/>\n\t<meta property=\"og:image:type\" content=\"image\/jpeg\" \/>\n<meta name=\"twitter:card\" content=\"summary_large_image\" \/>\n<script type=\"application\/ld+json\" class=\"yoast-schema-graph\">{\"@context\":\"https:\\\/\\\/schema.org\",\"@graph\":[{\"@type\":\"WebPage\",\"@id\":\"https:\\\/\\\/autorival.ro\\\/mazda\\\/product\\\/disc-frana-mazda-2-hatchback-kb-1-5-hybrid-kbac3x-benzina-elector-116-cai-maxgear-19-4830\\\/\",\"url\":\"https:\\\/\\\/autorival.ro\\\/mazda\\\/product\\\/disc-frana-mazda-2-hatchback-kb-1-5-hybrid-kbac3x-benzina-elector-116-cai-maxgear-19-4830\\\/\",\"name\":\"Disc frana MAZDA 2 hatchback (KB) 1.5 Hybrid (KBAC3X) benzina\\\/elector 116 cai MAXGEAR 19-4830 - MAZDA\",\"isPartOf\":{\"@id\":\"https:\\\/\\\/autorival.ro\\\/mazda\\\/#website\"},\"primaryImageOfPage\":{\"@id\":\"https:\\\/\\\/autorival.ro\\\/mazda\\\/product\\\/disc-frana-mazda-2-hatchback-kb-1-5-hybrid-kbac3x-benzina-elector-116-cai-maxgear-19-4830\\\/#primaryimage\"},\"image\":{\"@id\":\"https:\\\/\\\/autorival.ro\\\/mazda\\\/product\\\/disc-frana-mazda-2-hatchback-kb-1-5-hybrid-kbac3x-benzina-elector-116-cai-maxgear-19-4830\\\/#primaryimage\"},\"thumbnailUrl\":\"https:\\\/\\\/autorival.ro\\\/mazda\\\/wp-content\\\/uploads\\\/sites\\\/16\\\/2025\\\/05\\\/no-photo-7.jpg\",\"datePublished\":\"2025-05-13T02:25:45+00:00\",\"dateModified\":\"2025-05-13T02:25:46+00:00\",\"breadcrumb\":{\"@id\":\"https:\\\/\\\/autorival.ro\\\/mazda\\\/product\\\/disc-frana-mazda-2-hatchback-kb-1-5-hybrid-kbac3x-benzina-elector-116-cai-maxgear-19-4830\\\/#breadcrumb\"},\"inLanguage\":\"en-US\",\"potentialAction\":[{\"@type\":\"ReadAction\",\"target\":[\"https:\\\/\\\/autorival.ro\\\/mazda\\\/product\\\/disc-frana-mazda-2-hatchback-kb-1-5-hybrid-kbac3x-benzina-elector-116-cai-maxgear-19-4830\\\/\"]}]},{\"@type\":\"ImageObject\",\"inLanguage\":\"en-US\",\"@id\":\"https:\\\/\\\/autorival.ro\\\/mazda\\\/product\\\/disc-frana-mazda-2-hatchback-kb-1-5-hybrid-kbac3x-benzina-elector-116-cai-maxgear-19-4830\\\/#primaryimage\",\"url\":\"https:\\\/\\\/autorival.ro\\\/mazda\\\/wp-content\\\/uploads\\\/sites\\\/16\\\/2025\\\/05\\\/no-photo-7.jpg\",\"contentUrl\":\"https:\\\/\\\/autorival.ro\\\/mazda\\\/wp-content\\\/uploads\\\/sites\\\/16\\\/2025\\\/05\\\/no-photo-7.jpg\",\"width\":1024,\"height\":1024,\"caption\":\"Amortizor MAZDA 2 hatchback (KB) 1.5 Hybrid (KBAC3X) benzina\\\/elector 116 cai BILSTEIN 22-329592\"},{\"@type\":\"BreadcrumbList\",\"@id\":\"https:\\\/\\\/autorival.ro\\\/mazda\\\/product\\\/disc-frana-mazda-2-hatchback-kb-1-5-hybrid-kbac3x-benzina-elector-116-cai-maxgear-19-4830\\\/#breadcrumb\",\"itemListElement\":[{\"@type\":\"ListItem\",\"position\":1,\"name\":\"Prima pagin\u0103\",\"item\":\"https:\\\/\\\/autorival.ro\\\/mazda\\\/\"},{\"@type\":\"ListItem\",\"position\":2,\"name\":\"Piese auto MAZDA\",\"item\":\"https:\\\/\\\/autorival.ro\\\/mazda\\\/\"},{\"@type\":\"ListItem\",\"position\":3,\"name\":\"Disc frana MAZDA 2 hatchback (KB) 1.5 Hybrid (KBAC3X) benzina\\\/elector 116 cai MAXGEAR 19-4830\"}]},{\"@type\":\"WebSite\",\"@id\":\"https:\\\/\\\/autorival.ro\\\/mazda\\\/#website\",\"url\":\"https:\\\/\\\/autorival.ro\\\/mazda\\\/\",\"name\":\"MAZDA\",\"description\":\"\",\"potentialAction\":[{\"@type\":\"SearchAction\",\"target\":{\"@type\":\"EntryPoint\",\"urlTemplate\":\"https:\\\/\\\/autorival.ro\\\/mazda\\\/?s={search_term_string}\"},\"query-input\":{\"@type\":\"PropertyValueSpecification\",\"valueRequired\":true,\"valueName\":\"search_term_string\"}}],\"inLanguage\":\"en-US\"}]}<\/script>\n<!-- \/ Yoast SEO plugin. -->","yoast_head_json":{"title":"Disc frana MAZDA 2 hatchback (KB) 1.5 Hybrid (KBAC3X) benzina\/elector 116 cai MAXGEAR 19-4830 - MAZDA","robots":{"index":"index","follow":"follow","max-snippet":"max-snippet:-1","max-image-preview":"max-image-preview:large","max-video-preview":"max-video-preview:-1"},"og_locale":"en_US","og_type":"article","og_title":"Disc frana MAZDA 2 hatchback (KB) 1.5 Hybrid (KBAC3X) benzina\/elector 116 cai MAXGEAR 19-4830 - MAZDA","og_description":"Producator: MAXGEAR Cod producator: 19-4830","og_url":"https:\/\/autorival.ro\/mazda\/product\/disc-frana-mazda-2-hatchback-kb-1-5-hybrid-kbac3x-benzina-elector-116-cai-maxgear-19-4830\/","og_site_name":"MAZDA","article_modified_time":"2025-05-13T02:25:46+00:00","og_image":[{"width":1024,"height":1024,"url":"https:\/\/autorival.ro\/mazda\/wp-content\/uploads\/sites\/16\/2025\/05\/no-photo-7.jpg","type":"image\/jpeg"}],"twitter_card":"summary_large_image","schema":{"@context":"https:\/\/schema.org","@graph":[{"@type":"WebPage","@id":"https:\/\/autorival.ro\/mazda\/product\/disc-frana-mazda-2-hatchback-kb-1-5-hybrid-kbac3x-benzina-elector-116-cai-maxgear-19-4830\/","url":"https:\/\/autorival.ro\/mazda\/product\/disc-frana-mazda-2-hatchback-kb-1-5-hybrid-kbac3x-benzina-elector-116-cai-maxgear-19-4830\/","name":"Disc frana MAZDA 2 hatchback (KB) 1.5 Hybrid (KBAC3X) benzina\/elector 116 cai MAXGEAR 19-4830 - MAZDA","isPartOf":{"@id":"https:\/\/autorival.ro\/mazda\/#website"},"primaryImageOfPage":{"@id":"https:\/\/autorival.ro\/mazda\/product\/disc-frana-mazda-2-hatchback-kb-1-5-hybrid-kbac3x-benzina-elector-116-cai-maxgear-19-4830\/#primaryimage"},"image":{"@id":"https:\/\/autorival.ro\/mazda\/product\/disc-frana-mazda-2-hatchback-kb-1-5-hybrid-kbac3x-benzina-elector-116-cai-maxgear-19-4830\/#primaryimage"},"thumbnailUrl":"https:\/\/autorival.ro\/mazda\/wp-content\/uploads\/sites\/16\/2025\/05\/no-photo-7.jpg","datePublished":"2025-05-13T02:25:45+00:00","dateModified":"2025-05-13T02:25:46+00:00","breadcrumb":{"@id":"https:\/\/autorival.ro\/mazda\/product\/disc-frana-mazda-2-hatchback-kb-1-5-hybrid-kbac3x-benzina-elector-116-cai-maxgear-19-4830\/#breadcrumb"},"inLanguage":"en-US","potentialAction":[{"@type":"ReadAction","target":["https:\/\/autorival.ro\/mazda\/product\/disc-frana-mazda-2-hatchback-kb-1-5-hybrid-kbac3x-benzina-elector-116-cai-maxgear-19-4830\/"]}]},{"@type":"ImageObject","inLanguage":"en-US","@id":"https:\/\/autorival.ro\/mazda\/product\/disc-frana-mazda-2-hatchback-kb-1-5-hybrid-kbac3x-benzina-elector-116-cai-maxgear-19-4830\/#primaryimage","url":"https:\/\/autorival.ro\/mazda\/wp-content\/uploads\/sites\/16\/2025\/05\/no-photo-7.jpg","contentUrl":"https:\/\/autorival.ro\/mazda\/wp-content\/uploads\/sites\/16\/2025\/05\/no-photo-7.jpg","width":1024,"height":1024,"caption":"Amortizor MAZDA 2 hatchback (KB) 1.5 Hybrid (KBAC3X) benzina\/elector 116 cai BILSTEIN 22-329592"},{"@type":"BreadcrumbList","@id":"https:\/\/autorival.ro\/mazda\/product\/disc-frana-mazda-2-hatchback-kb-1-5-hybrid-kbac3x-benzina-elector-116-cai-maxgear-19-4830\/#breadcrumb","itemListElement":[{"@type":"ListItem","position":1,"name":"Prima pagin\u0103","item":"https:\/\/autorival.ro\/mazda\/"},{"@type":"ListItem","position":2,"name":"Piese auto MAZDA","item":"https:\/\/autorival.ro\/mazda\/"},{"@type":"ListItem","position":3,"name":"Disc frana MAZDA 2 hatchback (KB) 1.5 Hybrid (KBAC3X) benzina\/elector 116 cai MAXGEAR 19-4830"}]},{"@type":"WebSite","@id":"https:\/\/autorival.ro\/mazda\/#website","url":"https:\/\/autorival.ro\/mazda\/","name":"MAZDA","description":"","potentialAction":[{"@type":"SearchAction","target":{"@type":"EntryPoint","urlTemplate":"https:\/\/autorival.ro\/mazda\/?s={search_term_string}"},"query-input":{"@type":"PropertyValueSpecification","valueRequired":true,"valueName":"search_term_string"}}],"inLanguage":"en-US"}]}},"_links":{"self":[{"href":"https:\/\/autorival.ro\/mazda\/wp-json\/wp\/v2\/product\/75445","targetHints":{"allow":["GET"]}}],"collection":[{"href":"https:\/\/autorival.ro\/mazda\/wp-json\/wp\/v2\/product"}],"about":[{"href":"https:\/\/autorival.ro\/mazda\/wp-json\/wp\/v2\/types\/product"}],"replies":[{"embeddable":true,"href":"https:\/\/autorival.ro\/mazda\/wp-json\/wp\/v2\/comments?post=75445"}],"wp:featuredmedia":[{"embeddable":true,"href":"https:\/\/autorival.ro\/mazda\/wp-json\/wp\/v2\/media\/1396"}],"wp:attachment":[{"href":"https:\/\/autorival.ro\/mazda\/wp-json\/wp\/v2\/media?parent=75445"}],"wp:term":[{"taxonomy":"product_brand","embeddable":true,"href":"https:\/\/autorival.ro\/mazda\/wp-json\/wp\/v2\/product_brand?post=75445"},{"taxonomy":"product_cat","embeddable":true,"href":"https:\/\/autorival.ro\/mazda\/wp-json\/wp\/v2\/product_cat?post=75445"},{"taxonomy":"product_tag","embeddable":true,"href":"https:\/\/autorival.ro\/mazda\/wp-json\/wp\/v2\/product_tag?post=75445"}],"curies":[{"name":"wp","href":"https:\/\/api.w.org\/{rel}","templated":true}]}}