{"id":67062,"date":"2025-05-13T01:10:04","date_gmt":"2025-05-13T01:10:04","guid":{"rendered":"https:\/\/autorival.ro\/mazda\/product\/compresor-sistem-de-supraalimentare-mazda-6-limuzina-gj-gl-2-2-d-gj2fp-diesel-150-cai-bts-turbo-t917187\/"},"modified":"2025-05-13T01:10:05","modified_gmt":"2025-05-13T01:10:05","slug":"compresor-sistem-de-supraalimentare-mazda-6-limuzina-gj-gl-2-2-d-gj2fp-diesel-150-cai-bts-turbo-t917187","status":"publish","type":"product","link":"https:\/\/autorival.ro\/mazda\/product\/compresor-sistem-de-supraalimentare-mazda-6-limuzina-gj-gl-2-2-d-gj2fp-diesel-150-cai-bts-turbo-t917187\/","title":{"rendered":"Compresor sistem de supraalimentare MAZDA 6 limuzina (GJ, GL) 2.2 D (GJ2FP) diesel 150 cai BTS TURBO T917187"},"content":{"rendered":"<p>Numar motor TECDOC: 28018Tip compresor: \u00eenc\u0103rcare reglat\u0103 \u00een dou\u0103 trepte<\/p>\n","protected":false},"excerpt":{"rendered":"<p>Producator: BTS TURBO Cod producator: T917187<\/p>\n","protected":false},"featured_media":777,"comment_status":"open","ping_status":"closed","template":"","meta":[],"product_brand":[4806],"product_cat":[4802],"product_tag":[17799,17593,17280,17249,17514,17797,17458],"class_list":{"0":"post-67062","1":"product","2":"type-product","3":"status-publish","4":"has-post-thumbnail","6":"product_brand-bts-turbo","7":"product_cat-compresor-sistem-de-supraalimentare-limuzina-gj-gl-2-2-d-gj2fp-diesel-150","8":"product_tag-bts","9":"product_tag-compresor","10":"product_tag-gl","11":"product_tag-mazda","12":"product_tag-sistem","13":"product_tag-supraalimentare","14":"product_tag-turbo","16":"first","17":"instock","18":"shipping-taxable","19":"purchasable","20":"product-type-simple"},"yoast_head":"<!-- This site is optimized with the Yoast SEO plugin v27.3 - https:\/\/yoast.com\/product\/yoast-seo-wordpress\/ -->\n<title>Compresor sistem de supraalimentare MAZDA 6 limuzina (GJ, GL) 2.2 D (GJ2FP) diesel 150 cai BTS TURBO T917187 MAZDA | BTS - Autorival<\/title>\n<meta name=\"description\" content=\"\u26a1 Compresor sistem de supraalimentare MAZDA 6 limuzina (GJ, GL) 2.2 D (GJ2FP) diesel 150 cai BTS TURBO T917187 pentru MAZDA la doar 17945.01 RON. \u2713 Cod: T917187 \u2713 Brand: BTS \u2713 \u00cen stoc \u2713 Livrare 24h \u2713 Garan\u021bie!\" \/>\n<meta name=\"robots\" content=\"index, follow, max-snippet:-1, max-image-preview:large, max-video-preview:-1\" \/>\n<meta property=\"og:locale\" content=\"en_US\" \/>\n<meta property=\"og:type\" content=\"article\" \/>\n<meta property=\"og:title\" content=\"Compresor sistem de supraalimentare MAZDA 6 limuzina (GJ, GL) 2.2 D (GJ2FP) diesel 150 cai BTS TURBO T917187 MAZDA | BTS - Autorival\" \/>\n<meta property=\"og:description\" content=\"\u26a1 Compresor sistem de supraalimentare MAZDA 6 limuzina (GJ, GL) 2.2 D (GJ2FP) diesel 150 cai BTS TURBO T917187 pentru MAZDA la doar 17945.01 RON. \u2713 Cod: T917187 \u2713 Brand: BTS \u2713 \u00cen stoc \u2713 Livrare 24h \u2713 Garan\u021bie!\" \/>\n<meta property=\"og:url\" content=\"https:\/\/autorival.ro\/mazda\/product\/compresor-sistem-de-supraalimentare-mazda-6-limuzina-gj-gl-2-2-d-gj2fp-diesel-150-cai-bts-turbo-t917187\/\" \/>\n<meta property=\"og:site_name\" content=\"MAZDA\" \/>\n<meta property=\"article:modified_time\" content=\"2025-05-13T01:10:05+00:00\" \/>\n<meta property=\"og:image\" content=\"https:\/\/autorival.ro\/mazda\/wp-content\/uploads\/sites\/16\/2025\/05\/no-photo-6.jpg\" \/>\n\t<meta property=\"og:image:width\" content=\"1024\" \/>\n\t<meta property=\"og:image:height\" content=\"1024\" \/>\n\t<meta property=\"og:image:type\" content=\"image\/jpeg\" \/>\n<meta name=\"twitter:card\" content=\"summary_large_image\" \/>\n<meta name=\"twitter:title\" content=\"Compresor sistem de supraalimentare MAZDA 6 limuzina (GJ, GL) 2.2 D (GJ2FP) diesel 150 cai BTS TURBO T917187 MAZDA | BTS - Autorival\" \/>\n<meta name=\"twitter:description\" content=\"\u26a1 Compresor sistem de supraalimentare MAZDA 6 limuzina (GJ, GL) 2.2 D (GJ2FP) diesel 150 cai BTS TURBO T917187 pentru MAZDA la doar 17945.01 RON. \u2713 Cod: T917187 \u2713 Brand: BTS \u2713 \u00cen stoc \u2713 Livrare 24h \u2713 Garan\u021bie!\" \/>\n<script type=\"application\/ld+json\" class=\"yoast-schema-graph\">{\"@context\":\"https:\\\/\\\/schema.org\",\"@graph\":[{\"@type\":\"WebPage\",\"@id\":\"https:\\\/\\\/autorival.ro\\\/mazda\\\/product\\\/compresor-sistem-de-supraalimentare-mazda-6-limuzina-gj-gl-2-2-d-gj2fp-diesel-150-cai-bts-turbo-t917187\\\/\",\"url\":\"https:\\\/\\\/autorival.ro\\\/mazda\\\/product\\\/compresor-sistem-de-supraalimentare-mazda-6-limuzina-gj-gl-2-2-d-gj2fp-diesel-150-cai-bts-turbo-t917187\\\/\",\"name\":\"Compresor sistem de supraalimentare MAZDA 6 limuzina (GJ, GL) 2.2 D (GJ2FP) diesel 150 cai BTS TURBO T917187 MAZDA | BTS - Autorival\",\"isPartOf\":{\"@id\":\"https:\\\/\\\/autorival.ro\\\/mazda\\\/#website\"},\"primaryImageOfPage\":{\"@id\":\"https:\\\/\\\/autorival.ro\\\/mazda\\\/product\\\/compresor-sistem-de-supraalimentare-mazda-6-limuzina-gj-gl-2-2-d-gj2fp-diesel-150-cai-bts-turbo-t917187\\\/#primaryimage\"},\"image\":{\"@id\":\"https:\\\/\\\/autorival.ro\\\/mazda\\\/product\\\/compresor-sistem-de-supraalimentare-mazda-6-limuzina-gj-gl-2-2-d-gj2fp-diesel-150-cai-bts-turbo-t917187\\\/#primaryimage\"},\"thumbnailUrl\":\"https:\\\/\\\/autorival.ro\\\/mazda\\\/wp-content\\\/uploads\\\/sites\\\/16\\\/2025\\\/05\\\/no-photo-6.jpg\",\"datePublished\":\"2025-05-13T01:10:04+00:00\",\"dateModified\":\"2025-05-13T01:10:05+00:00\",\"description\":\"\u26a1 Compresor sistem de supraalimentare MAZDA 6 limuzina (GJ, GL) 2.2 D (GJ2FP) diesel 150 cai BTS TURBO T917187 pentru MAZDA la doar 17945.01 RON. \u2713 Cod: T917187 \u2713 Brand: BTS \u2713 \u00cen stoc \u2713 Livrare 24h \u2713 Garan\u021bie!\",\"breadcrumb\":{\"@id\":\"https:\\\/\\\/autorival.ro\\\/mazda\\\/product\\\/compresor-sistem-de-supraalimentare-mazda-6-limuzina-gj-gl-2-2-d-gj2fp-diesel-150-cai-bts-turbo-t917187\\\/#breadcrumb\"},\"inLanguage\":\"en-US\",\"potentialAction\":[{\"@type\":\"ReadAction\",\"target\":[\"https:\\\/\\\/autorival.ro\\\/mazda\\\/product\\\/compresor-sistem-de-supraalimentare-mazda-6-limuzina-gj-gl-2-2-d-gj2fp-diesel-150-cai-bts-turbo-t917187\\\/\"]}]},{\"@type\":\"ImageObject\",\"inLanguage\":\"en-US\",\"@id\":\"https:\\\/\\\/autorival.ro\\\/mazda\\\/product\\\/compresor-sistem-de-supraalimentare-mazda-6-limuzina-gj-gl-2-2-d-gj2fp-diesel-150-cai-bts-turbo-t917187\\\/#primaryimage\",\"url\":\"https:\\\/\\\/autorival.ro\\\/mazda\\\/wp-content\\\/uploads\\\/sites\\\/16\\\/2025\\\/05\\\/no-photo-6.jpg\",\"contentUrl\":\"https:\\\/\\\/autorival.ro\\\/mazda\\\/wp-content\\\/uploads\\\/sites\\\/16\\\/2025\\\/05\\\/no-photo-6.jpg\",\"width\":1024,\"height\":1024,\"caption\":\"Alternator MAZDA 6 limuzina (GJ, GL) 2.0 (GJEFP) benzina 165 cai BOSCH 0 986 084 990\"},{\"@type\":\"BreadcrumbList\",\"@id\":\"https:\\\/\\\/autorival.ro\\\/mazda\\\/product\\\/compresor-sistem-de-supraalimentare-mazda-6-limuzina-gj-gl-2-2-d-gj2fp-diesel-150-cai-bts-turbo-t917187\\\/#breadcrumb\",\"itemListElement\":[{\"@type\":\"ListItem\",\"position\":1,\"name\":\"Prima pagin\u0103\",\"item\":\"https:\\\/\\\/autorival.ro\\\/mazda\\\/\"},{\"@type\":\"ListItem\",\"position\":2,\"name\":\"Piese auto MAZDA\",\"item\":\"https:\\\/\\\/autorival.ro\\\/mazda\\\/\"},{\"@type\":\"ListItem\",\"position\":3,\"name\":\"Compresor sistem de supraalimentare MAZDA 6 limuzina (GJ, GL) 2.2 D (GJ2FP) diesel 150 cai BTS TURBO T917187\"}]},{\"@type\":\"WebSite\",\"@id\":\"https:\\\/\\\/autorival.ro\\\/mazda\\\/#website\",\"url\":\"https:\\\/\\\/autorival.ro\\\/mazda\\\/\",\"name\":\"MAZDA\",\"description\":\"\",\"potentialAction\":[{\"@type\":\"SearchAction\",\"target\":{\"@type\":\"EntryPoint\",\"urlTemplate\":\"https:\\\/\\\/autorival.ro\\\/mazda\\\/?s={search_term_string}\"},\"query-input\":{\"@type\":\"PropertyValueSpecification\",\"valueRequired\":true,\"valueName\":\"search_term_string\"}}],\"inLanguage\":\"en-US\"}]}<\/script>\n<!-- \/ Yoast SEO plugin. -->","yoast_head_json":{"title":"Compresor sistem de supraalimentare MAZDA 6 limuzina (GJ, GL) 2.2 D (GJ2FP) diesel 150 cai BTS TURBO T917187 MAZDA | BTS - Autorival","description":"\u26a1 Compresor sistem de supraalimentare MAZDA 6 limuzina (GJ, GL) 2.2 D (GJ2FP) diesel 150 cai BTS TURBO T917187 pentru MAZDA la doar 17945.01 RON. \u2713 Cod: T917187 \u2713 Brand: BTS \u2713 \u00cen stoc \u2713 Livrare 24h \u2713 Garan\u021bie!","robots":{"index":"index","follow":"follow","max-snippet":"max-snippet:-1","max-image-preview":"max-image-preview:large","max-video-preview":"max-video-preview:-1"},"og_locale":"en_US","og_type":"article","og_title":"Compresor sistem de supraalimentare MAZDA 6 limuzina (GJ, GL) 2.2 D (GJ2FP) diesel 150 cai BTS TURBO T917187 MAZDA | BTS - Autorival","og_description":"\u26a1 Compresor sistem de supraalimentare MAZDA 6 limuzina (GJ, GL) 2.2 D (GJ2FP) diesel 150 cai BTS TURBO T917187 pentru MAZDA la doar 17945.01 RON. \u2713 Cod: T917187 \u2713 Brand: BTS \u2713 \u00cen stoc \u2713 Livrare 24h \u2713 Garan\u021bie!","og_url":"https:\/\/autorival.ro\/mazda\/product\/compresor-sistem-de-supraalimentare-mazda-6-limuzina-gj-gl-2-2-d-gj2fp-diesel-150-cai-bts-turbo-t917187\/","og_site_name":"MAZDA","article_modified_time":"2025-05-13T01:10:05+00:00","og_image":[{"width":1024,"height":1024,"url":"https:\/\/autorival.ro\/mazda\/wp-content\/uploads\/sites\/16\/2025\/05\/no-photo-6.jpg","type":"image\/jpeg"}],"twitter_card":"summary_large_image","twitter_title":"Compresor sistem de supraalimentare MAZDA 6 limuzina (GJ, GL) 2.2 D (GJ2FP) diesel 150 cai BTS TURBO T917187 MAZDA | BTS - Autorival","twitter_description":"\u26a1 Compresor sistem de supraalimentare MAZDA 6 limuzina (GJ, GL) 2.2 D (GJ2FP) diesel 150 cai BTS TURBO T917187 pentru MAZDA la doar 17945.01 RON. \u2713 Cod: T917187 \u2713 Brand: BTS \u2713 \u00cen stoc \u2713 Livrare 24h \u2713 Garan\u021bie!","schema":{"@context":"https:\/\/schema.org","@graph":[{"@type":"WebPage","@id":"https:\/\/autorival.ro\/mazda\/product\/compresor-sistem-de-supraalimentare-mazda-6-limuzina-gj-gl-2-2-d-gj2fp-diesel-150-cai-bts-turbo-t917187\/","url":"https:\/\/autorival.ro\/mazda\/product\/compresor-sistem-de-supraalimentare-mazda-6-limuzina-gj-gl-2-2-d-gj2fp-diesel-150-cai-bts-turbo-t917187\/","name":"Compresor sistem de supraalimentare MAZDA 6 limuzina (GJ, GL) 2.2 D (GJ2FP) diesel 150 cai BTS TURBO T917187 MAZDA | BTS - Autorival","isPartOf":{"@id":"https:\/\/autorival.ro\/mazda\/#website"},"primaryImageOfPage":{"@id":"https:\/\/autorival.ro\/mazda\/product\/compresor-sistem-de-supraalimentare-mazda-6-limuzina-gj-gl-2-2-d-gj2fp-diesel-150-cai-bts-turbo-t917187\/#primaryimage"},"image":{"@id":"https:\/\/autorival.ro\/mazda\/product\/compresor-sistem-de-supraalimentare-mazda-6-limuzina-gj-gl-2-2-d-gj2fp-diesel-150-cai-bts-turbo-t917187\/#primaryimage"},"thumbnailUrl":"https:\/\/autorival.ro\/mazda\/wp-content\/uploads\/sites\/16\/2025\/05\/no-photo-6.jpg","datePublished":"2025-05-13T01:10:04+00:00","dateModified":"2025-05-13T01:10:05+00:00","description":"\u26a1 Compresor sistem de supraalimentare MAZDA 6 limuzina (GJ, GL) 2.2 D (GJ2FP) diesel 150 cai BTS TURBO T917187 pentru MAZDA la doar 17945.01 RON. \u2713 Cod: T917187 \u2713 Brand: BTS \u2713 \u00cen stoc \u2713 Livrare 24h \u2713 Garan\u021bie!","breadcrumb":{"@id":"https:\/\/autorival.ro\/mazda\/product\/compresor-sistem-de-supraalimentare-mazda-6-limuzina-gj-gl-2-2-d-gj2fp-diesel-150-cai-bts-turbo-t917187\/#breadcrumb"},"inLanguage":"en-US","potentialAction":[{"@type":"ReadAction","target":["https:\/\/autorival.ro\/mazda\/product\/compresor-sistem-de-supraalimentare-mazda-6-limuzina-gj-gl-2-2-d-gj2fp-diesel-150-cai-bts-turbo-t917187\/"]}]},{"@type":"ImageObject","inLanguage":"en-US","@id":"https:\/\/autorival.ro\/mazda\/product\/compresor-sistem-de-supraalimentare-mazda-6-limuzina-gj-gl-2-2-d-gj2fp-diesel-150-cai-bts-turbo-t917187\/#primaryimage","url":"https:\/\/autorival.ro\/mazda\/wp-content\/uploads\/sites\/16\/2025\/05\/no-photo-6.jpg","contentUrl":"https:\/\/autorival.ro\/mazda\/wp-content\/uploads\/sites\/16\/2025\/05\/no-photo-6.jpg","width":1024,"height":1024,"caption":"Alternator MAZDA 6 limuzina (GJ, GL) 2.0 (GJEFP) benzina 165 cai BOSCH 0 986 084 990"},{"@type":"BreadcrumbList","@id":"https:\/\/autorival.ro\/mazda\/product\/compresor-sistem-de-supraalimentare-mazda-6-limuzina-gj-gl-2-2-d-gj2fp-diesel-150-cai-bts-turbo-t917187\/#breadcrumb","itemListElement":[{"@type":"ListItem","position":1,"name":"Prima pagin\u0103","item":"https:\/\/autorival.ro\/mazda\/"},{"@type":"ListItem","position":2,"name":"Piese auto MAZDA","item":"https:\/\/autorival.ro\/mazda\/"},{"@type":"ListItem","position":3,"name":"Compresor sistem de supraalimentare MAZDA 6 limuzina (GJ, GL) 2.2 D (GJ2FP) diesel 150 cai BTS TURBO T917187"}]},{"@type":"WebSite","@id":"https:\/\/autorival.ro\/mazda\/#website","url":"https:\/\/autorival.ro\/mazda\/","name":"MAZDA","description":"","potentialAction":[{"@type":"SearchAction","target":{"@type":"EntryPoint","urlTemplate":"https:\/\/autorival.ro\/mazda\/?s={search_term_string}"},"query-input":{"@type":"PropertyValueSpecification","valueRequired":true,"valueName":"search_term_string"}}],"inLanguage":"en-US"}]}},"_links":{"self":[{"href":"https:\/\/autorival.ro\/mazda\/wp-json\/wp\/v2\/product\/67062","targetHints":{"allow":["GET"]}}],"collection":[{"href":"https:\/\/autorival.ro\/mazda\/wp-json\/wp\/v2\/product"}],"about":[{"href":"https:\/\/autorival.ro\/mazda\/wp-json\/wp\/v2\/types\/product"}],"replies":[{"embeddable":true,"href":"https:\/\/autorival.ro\/mazda\/wp-json\/wp\/v2\/comments?post=67062"}],"wp:featuredmedia":[{"embeddable":true,"href":"https:\/\/autorival.ro\/mazda\/wp-json\/wp\/v2\/media\/777"}],"wp:attachment":[{"href":"https:\/\/autorival.ro\/mazda\/wp-json\/wp\/v2\/media?parent=67062"}],"wp:term":[{"taxonomy":"product_brand","embeddable":true,"href":"https:\/\/autorival.ro\/mazda\/wp-json\/wp\/v2\/product_brand?post=67062"},{"taxonomy":"product_cat","embeddable":true,"href":"https:\/\/autorival.ro\/mazda\/wp-json\/wp\/v2\/product_cat?post=67062"},{"taxonomy":"product_tag","embeddable":true,"href":"https:\/\/autorival.ro\/mazda\/wp-json\/wp\/v2\/product_tag?post=67062"}],"curies":[{"name":"wp","href":"https:\/\/api.w.org\/{rel}","templated":true}]}}