{"id":54164,"date":"2025-05-12T23:35:56","date_gmt":"2025-05-12T23:35:56","guid":{"rendered":"https:\/\/autorival.ro\/mazda\/product\/buson-vas-expansiune-mazda-323-iii-hatchback-bf-1-5-bf5s-benzina-75-cai-herth-buss-jakoparts-j1545002\/"},"modified":"2025-05-12T23:35:57","modified_gmt":"2025-05-12T23:35:57","slug":"buson-vas-expansiune-mazda-323-iii-hatchback-bf-1-5-bf5s-benzina-75-cai-herth-buss-jakoparts-j1545002","status":"publish","type":"product","link":"https:\/\/autorival.ro\/mazda\/product\/buson-vas-expansiune-mazda-323-iii-hatchback-bf-1-5-bf5s-benzina-75-cai-herth-buss-jakoparts-j1545002\/","title":{"rendered":"Buson vas expansiune MAZDA 323 III Hatchback (BF) 1.5 (BF5S) benzina 75 cai HERTH BUSS JAKOPARTS J1545002"},"content":{"rendered":"<p>Serie \u00c3\u02c6\u00e2\u201e\u00a2asiu (VIN) \u00eencep\u00e2nd cu: BFxx108905 ->Diametru [mm]: 45\u00cenaltime [mm]: 23Presiune [bar]: 0,9<\/p>\n","protected":false},"excerpt":{"rendered":"<p>Producator: HERTH BUSS JAKOPARTS Cod producator: J1545002<\/p>\n","protected":false},"featured_media":54158,"comment_status":"open","ping_status":"closed","template":"","meta":[],"product_brand":[214],"product_cat":[3206],"product_tag":[17681,17297,17701,17296,17290,17311,17249,17700],"class_list":{"0":"post-54164","1":"product","2":"type-product","3":"status-publish","4":"has-post-thumbnail","6":"product_brand-herth-buss-jakoparts","7":"product_cat-buson-vas-expansiune-iii-hatchback-bf-1-5-bf5s-benzina-75","8":"product_tag-buson","9":"product_tag-buss","10":"product_tag-expansiune","11":"product_tag-herth","12":"product_tag-iii","13":"product_tag-jakoparts","14":"product_tag-mazda","15":"product_tag-vas","17":"first","18":"instock","19":"shipping-taxable","20":"purchasable","21":"product-type-simple"},"yoast_head":"<!-- This site is optimized with the Yoast SEO plugin v27.3 - https:\/\/yoast.com\/product\/yoast-seo-wordpress\/ -->\n<title>Buson vas expansiune MAZDA 323 III Hatchback (BF) 1.5 (BF5S) benzina 75 cai HERTH BUSS JAKOPARTS J1545002 MAZDA | HERTH - Autorival<\/title>\n<meta name=\"description\" content=\"\u26a1 Buson vas expansiune MAZDA 323 III Hatchback (BF) 1.5 (BF5S) benzina 75 cai HERTH BUSS JAKOPARTS J1545002 pentru MAZDA la doar 21 RON. \u2713 Cod: J1545002 \u2713 Brand: HERTH \u2713 \u00cen stoc \u2713 Livrare 24h \u2713 Garan\u021bie!\" \/>\n<meta name=\"robots\" content=\"index, follow, max-snippet:-1, max-image-preview:large, max-video-preview:-1\" \/>\n<meta property=\"og:locale\" content=\"en_US\" \/>\n<meta property=\"og:type\" content=\"article\" \/>\n<meta property=\"og:title\" content=\"Buson vas expansiune MAZDA 323 III Hatchback (BF) 1.5 (BF5S) benzina 75 cai HERTH BUSS JAKOPARTS J1545002 MAZDA | HERTH - Autorival\" \/>\n<meta property=\"og:description\" content=\"\u26a1 Buson vas expansiune MAZDA 323 III Hatchback (BF) 1.5 (BF5S) benzina 75 cai HERTH BUSS JAKOPARTS J1545002 pentru MAZDA la doar 21 RON. \u2713 Cod: J1545002 \u2713 Brand: HERTH \u2713 \u00cen stoc \u2713 Livrare 24h \u2713 Garan\u021bie!\" \/>\n<meta property=\"og:url\" content=\"https:\/\/autorival.ro\/mazda\/product\/buson-vas-expansiune-mazda-323-iii-hatchback-bf-1-5-bf5s-benzina-75-cai-herth-buss-jakoparts-j1545002\/\" \/>\n<meta property=\"og:site_name\" content=\"MAZDA\" \/>\n<meta property=\"article:modified_time\" content=\"2025-05-12T23:35:57+00:00\" \/>\n<meta property=\"og:image\" content=\"https:\/\/autorival.ro\/mazda\/wp-content\/uploads\/sites\/16\/2025\/05\/j1545002-6.jpg\" \/>\n\t<meta property=\"og:image:width\" content=\"589\" \/>\n\t<meta property=\"og:image:height\" content=\"400\" \/>\n\t<meta property=\"og:image:type\" content=\"image\/jpeg\" \/>\n<meta name=\"twitter:card\" content=\"summary_large_image\" \/>\n<meta name=\"twitter:title\" content=\"Buson vas expansiune MAZDA 323 III Hatchback (BF) 1.5 (BF5S) benzina 75 cai HERTH BUSS JAKOPARTS J1545002 MAZDA | HERTH - Autorival\" \/>\n<meta name=\"twitter:description\" content=\"\u26a1 Buson vas expansiune MAZDA 323 III Hatchback (BF) 1.5 (BF5S) benzina 75 cai HERTH BUSS JAKOPARTS J1545002 pentru MAZDA la doar 21 RON. \u2713 Cod: J1545002 \u2713 Brand: HERTH \u2713 \u00cen stoc \u2713 Livrare 24h \u2713 Garan\u021bie!\" \/>\n<script type=\"application\/ld+json\" class=\"yoast-schema-graph\">{\"@context\":\"https:\\\/\\\/schema.org\",\"@graph\":[{\"@type\":\"WebPage\",\"@id\":\"https:\\\/\\\/autorival.ro\\\/mazda\\\/product\\\/buson-vas-expansiune-mazda-323-iii-hatchback-bf-1-5-bf5s-benzina-75-cai-herth-buss-jakoparts-j1545002\\\/\",\"url\":\"https:\\\/\\\/autorival.ro\\\/mazda\\\/product\\\/buson-vas-expansiune-mazda-323-iii-hatchback-bf-1-5-bf5s-benzina-75-cai-herth-buss-jakoparts-j1545002\\\/\",\"name\":\"Buson vas expansiune MAZDA 323 III Hatchback (BF) 1.5 (BF5S) benzina 75 cai HERTH BUSS JAKOPARTS J1545002 MAZDA | HERTH - Autorival\",\"isPartOf\":{\"@id\":\"https:\\\/\\\/autorival.ro\\\/mazda\\\/#website\"},\"primaryImageOfPage\":{\"@id\":\"https:\\\/\\\/autorival.ro\\\/mazda\\\/product\\\/buson-vas-expansiune-mazda-323-iii-hatchback-bf-1-5-bf5s-benzina-75-cai-herth-buss-jakoparts-j1545002\\\/#primaryimage\"},\"image\":{\"@id\":\"https:\\\/\\\/autorival.ro\\\/mazda\\\/product\\\/buson-vas-expansiune-mazda-323-iii-hatchback-bf-1-5-bf5s-benzina-75-cai-herth-buss-jakoparts-j1545002\\\/#primaryimage\"},\"thumbnailUrl\":\"https:\\\/\\\/autorival.ro\\\/mazda\\\/wp-content\\\/uploads\\\/sites\\\/16\\\/2025\\\/05\\\/j1545002-6.jpg\",\"datePublished\":\"2025-05-12T23:35:56+00:00\",\"dateModified\":\"2025-05-12T23:35:57+00:00\",\"description\":\"\u26a1 Buson vas expansiune MAZDA 323 III Hatchback (BF) 1.5 (BF5S) benzina 75 cai HERTH BUSS JAKOPARTS J1545002 pentru MAZDA la doar 21 RON. \u2713 Cod: J1545002 \u2713 Brand: HERTH \u2713 \u00cen stoc \u2713 Livrare 24h \u2713 Garan\u021bie!\",\"breadcrumb\":{\"@id\":\"https:\\\/\\\/autorival.ro\\\/mazda\\\/product\\\/buson-vas-expansiune-mazda-323-iii-hatchback-bf-1-5-bf5s-benzina-75-cai-herth-buss-jakoparts-j1545002\\\/#breadcrumb\"},\"inLanguage\":\"en-US\",\"potentialAction\":[{\"@type\":\"ReadAction\",\"target\":[\"https:\\\/\\\/autorival.ro\\\/mazda\\\/product\\\/buson-vas-expansiune-mazda-323-iii-hatchback-bf-1-5-bf5s-benzina-75-cai-herth-buss-jakoparts-j1545002\\\/\"]}]},{\"@type\":\"ImageObject\",\"inLanguage\":\"en-US\",\"@id\":\"https:\\\/\\\/autorival.ro\\\/mazda\\\/product\\\/buson-vas-expansiune-mazda-323-iii-hatchback-bf-1-5-bf5s-benzina-75-cai-herth-buss-jakoparts-j1545002\\\/#primaryimage\",\"url\":\"https:\\\/\\\/autorival.ro\\\/mazda\\\/wp-content\\\/uploads\\\/sites\\\/16\\\/2025\\\/05\\\/j1545002-6.jpg\",\"contentUrl\":\"https:\\\/\\\/autorival.ro\\\/mazda\\\/wp-content\\\/uploads\\\/sites\\\/16\\\/2025\\\/05\\\/j1545002-6.jpg\",\"width\":589,\"height\":400,\"caption\":\"Buson vas expansiune MAZDA 323 III Hatchback (BF) 1.1 benzina 54 cai HERTH BUSS JAKOPARTS J1545002\"},{\"@type\":\"BreadcrumbList\",\"@id\":\"https:\\\/\\\/autorival.ro\\\/mazda\\\/product\\\/buson-vas-expansiune-mazda-323-iii-hatchback-bf-1-5-bf5s-benzina-75-cai-herth-buss-jakoparts-j1545002\\\/#breadcrumb\",\"itemListElement\":[{\"@type\":\"ListItem\",\"position\":1,\"name\":\"Prima pagin\u0103\",\"item\":\"https:\\\/\\\/autorival.ro\\\/mazda\\\/\"},{\"@type\":\"ListItem\",\"position\":2,\"name\":\"Piese auto MAZDA\",\"item\":\"https:\\\/\\\/autorival.ro\\\/mazda\\\/\"},{\"@type\":\"ListItem\",\"position\":3,\"name\":\"Buson vas expansiune MAZDA 323 III Hatchback (BF) 1.5 (BF5S) benzina 75 cai HERTH BUSS JAKOPARTS J1545002\"}]},{\"@type\":\"WebSite\",\"@id\":\"https:\\\/\\\/autorival.ro\\\/mazda\\\/#website\",\"url\":\"https:\\\/\\\/autorival.ro\\\/mazda\\\/\",\"name\":\"MAZDA\",\"description\":\"\",\"potentialAction\":[{\"@type\":\"SearchAction\",\"target\":{\"@type\":\"EntryPoint\",\"urlTemplate\":\"https:\\\/\\\/autorival.ro\\\/mazda\\\/?s={search_term_string}\"},\"query-input\":{\"@type\":\"PropertyValueSpecification\",\"valueRequired\":true,\"valueName\":\"search_term_string\"}}],\"inLanguage\":\"en-US\"}]}<\/script>\n<!-- \/ Yoast SEO plugin. -->","yoast_head_json":{"title":"Buson vas expansiune MAZDA 323 III Hatchback (BF) 1.5 (BF5S) benzina 75 cai HERTH BUSS JAKOPARTS J1545002 MAZDA | HERTH - Autorival","description":"\u26a1 Buson vas expansiune MAZDA 323 III Hatchback (BF) 1.5 (BF5S) benzina 75 cai HERTH BUSS JAKOPARTS J1545002 pentru MAZDA la doar 21 RON. \u2713 Cod: J1545002 \u2713 Brand: HERTH \u2713 \u00cen stoc \u2713 Livrare 24h \u2713 Garan\u021bie!","robots":{"index":"index","follow":"follow","max-snippet":"max-snippet:-1","max-image-preview":"max-image-preview:large","max-video-preview":"max-video-preview:-1"},"og_locale":"en_US","og_type":"article","og_title":"Buson vas expansiune MAZDA 323 III Hatchback (BF) 1.5 (BF5S) benzina 75 cai HERTH BUSS JAKOPARTS J1545002 MAZDA | HERTH - Autorival","og_description":"\u26a1 Buson vas expansiune MAZDA 323 III Hatchback (BF) 1.5 (BF5S) benzina 75 cai HERTH BUSS JAKOPARTS J1545002 pentru MAZDA la doar 21 RON. \u2713 Cod: J1545002 \u2713 Brand: HERTH \u2713 \u00cen stoc \u2713 Livrare 24h \u2713 Garan\u021bie!","og_url":"https:\/\/autorival.ro\/mazda\/product\/buson-vas-expansiune-mazda-323-iii-hatchback-bf-1-5-bf5s-benzina-75-cai-herth-buss-jakoparts-j1545002\/","og_site_name":"MAZDA","article_modified_time":"2025-05-12T23:35:57+00:00","og_image":[{"width":589,"height":400,"url":"https:\/\/autorival.ro\/mazda\/wp-content\/uploads\/sites\/16\/2025\/05\/j1545002-6.jpg","type":"image\/jpeg"}],"twitter_card":"summary_large_image","twitter_title":"Buson vas expansiune MAZDA 323 III Hatchback (BF) 1.5 (BF5S) benzina 75 cai HERTH BUSS JAKOPARTS J1545002 MAZDA | HERTH - Autorival","twitter_description":"\u26a1 Buson vas expansiune MAZDA 323 III Hatchback (BF) 1.5 (BF5S) benzina 75 cai HERTH BUSS JAKOPARTS J1545002 pentru MAZDA la doar 21 RON. \u2713 Cod: J1545002 \u2713 Brand: HERTH \u2713 \u00cen stoc \u2713 Livrare 24h \u2713 Garan\u021bie!","schema":{"@context":"https:\/\/schema.org","@graph":[{"@type":"WebPage","@id":"https:\/\/autorival.ro\/mazda\/product\/buson-vas-expansiune-mazda-323-iii-hatchback-bf-1-5-bf5s-benzina-75-cai-herth-buss-jakoparts-j1545002\/","url":"https:\/\/autorival.ro\/mazda\/product\/buson-vas-expansiune-mazda-323-iii-hatchback-bf-1-5-bf5s-benzina-75-cai-herth-buss-jakoparts-j1545002\/","name":"Buson vas expansiune MAZDA 323 III Hatchback (BF) 1.5 (BF5S) benzina 75 cai HERTH BUSS JAKOPARTS J1545002 MAZDA | HERTH - Autorival","isPartOf":{"@id":"https:\/\/autorival.ro\/mazda\/#website"},"primaryImageOfPage":{"@id":"https:\/\/autorival.ro\/mazda\/product\/buson-vas-expansiune-mazda-323-iii-hatchback-bf-1-5-bf5s-benzina-75-cai-herth-buss-jakoparts-j1545002\/#primaryimage"},"image":{"@id":"https:\/\/autorival.ro\/mazda\/product\/buson-vas-expansiune-mazda-323-iii-hatchback-bf-1-5-bf5s-benzina-75-cai-herth-buss-jakoparts-j1545002\/#primaryimage"},"thumbnailUrl":"https:\/\/autorival.ro\/mazda\/wp-content\/uploads\/sites\/16\/2025\/05\/j1545002-6.jpg","datePublished":"2025-05-12T23:35:56+00:00","dateModified":"2025-05-12T23:35:57+00:00","description":"\u26a1 Buson vas expansiune MAZDA 323 III Hatchback (BF) 1.5 (BF5S) benzina 75 cai HERTH BUSS JAKOPARTS J1545002 pentru MAZDA la doar 21 RON. \u2713 Cod: J1545002 \u2713 Brand: HERTH \u2713 \u00cen stoc \u2713 Livrare 24h \u2713 Garan\u021bie!","breadcrumb":{"@id":"https:\/\/autorival.ro\/mazda\/product\/buson-vas-expansiune-mazda-323-iii-hatchback-bf-1-5-bf5s-benzina-75-cai-herth-buss-jakoparts-j1545002\/#breadcrumb"},"inLanguage":"en-US","potentialAction":[{"@type":"ReadAction","target":["https:\/\/autorival.ro\/mazda\/product\/buson-vas-expansiune-mazda-323-iii-hatchback-bf-1-5-bf5s-benzina-75-cai-herth-buss-jakoparts-j1545002\/"]}]},{"@type":"ImageObject","inLanguage":"en-US","@id":"https:\/\/autorival.ro\/mazda\/product\/buson-vas-expansiune-mazda-323-iii-hatchback-bf-1-5-bf5s-benzina-75-cai-herth-buss-jakoparts-j1545002\/#primaryimage","url":"https:\/\/autorival.ro\/mazda\/wp-content\/uploads\/sites\/16\/2025\/05\/j1545002-6.jpg","contentUrl":"https:\/\/autorival.ro\/mazda\/wp-content\/uploads\/sites\/16\/2025\/05\/j1545002-6.jpg","width":589,"height":400,"caption":"Buson vas expansiune MAZDA 323 III Hatchback (BF) 1.1 benzina 54 cai HERTH BUSS JAKOPARTS J1545002"},{"@type":"BreadcrumbList","@id":"https:\/\/autorival.ro\/mazda\/product\/buson-vas-expansiune-mazda-323-iii-hatchback-bf-1-5-bf5s-benzina-75-cai-herth-buss-jakoparts-j1545002\/#breadcrumb","itemListElement":[{"@type":"ListItem","position":1,"name":"Prima pagin\u0103","item":"https:\/\/autorival.ro\/mazda\/"},{"@type":"ListItem","position":2,"name":"Piese auto MAZDA","item":"https:\/\/autorival.ro\/mazda\/"},{"@type":"ListItem","position":3,"name":"Buson vas expansiune MAZDA 323 III Hatchback (BF) 1.5 (BF5S) benzina 75 cai HERTH BUSS JAKOPARTS J1545002"}]},{"@type":"WebSite","@id":"https:\/\/autorival.ro\/mazda\/#website","url":"https:\/\/autorival.ro\/mazda\/","name":"MAZDA","description":"","potentialAction":[{"@type":"SearchAction","target":{"@type":"EntryPoint","urlTemplate":"https:\/\/autorival.ro\/mazda\/?s={search_term_string}"},"query-input":{"@type":"PropertyValueSpecification","valueRequired":true,"valueName":"search_term_string"}}],"inLanguage":"en-US"}]}},"_links":{"self":[{"href":"https:\/\/autorival.ro\/mazda\/wp-json\/wp\/v2\/product\/54164","targetHints":{"allow":["GET"]}}],"collection":[{"href":"https:\/\/autorival.ro\/mazda\/wp-json\/wp\/v2\/product"}],"about":[{"href":"https:\/\/autorival.ro\/mazda\/wp-json\/wp\/v2\/types\/product"}],"replies":[{"embeddable":true,"href":"https:\/\/autorival.ro\/mazda\/wp-json\/wp\/v2\/comments?post=54164"}],"wp:featuredmedia":[{"embeddable":true,"href":"https:\/\/autorival.ro\/mazda\/wp-json\/wp\/v2\/media\/54158"}],"wp:attachment":[{"href":"https:\/\/autorival.ro\/mazda\/wp-json\/wp\/v2\/media?parent=54164"}],"wp:term":[{"taxonomy":"product_brand","embeddable":true,"href":"https:\/\/autorival.ro\/mazda\/wp-json\/wp\/v2\/product_brand?post=54164"},{"taxonomy":"product_cat","embeddable":true,"href":"https:\/\/autorival.ro\/mazda\/wp-json\/wp\/v2\/product_cat?post=54164"},{"taxonomy":"product_tag","embeddable":true,"href":"https:\/\/autorival.ro\/mazda\/wp-json\/wp\/v2\/product_tag?post=54164"}],"curies":[{"name":"wp","href":"https:\/\/api.w.org\/{rel}","templated":true}]}}