{"id":43252,"date":"2025-05-12T22:37:22","date_gmt":"2025-05-12T22:37:22","guid":{"rendered":"https:\/\/autorival.ro\/mazda\/product\/brat-bieleta-suspensie-roata-mazda-3-bk-1-6-bk14-benzina-105-cai-meyle-716-035-0006\/"},"modified":"2025-05-12T22:37:23","modified_gmt":"2025-05-12T22:37:23","slug":"brat-bieleta-suspensie-roata-mazda-3-bk-1-6-bk14-benzina-105-cai-meyle-716-035-0006","status":"publish","type":"product","link":"https:\/\/autorival.ro\/mazda\/product\/brat-bieleta-suspensie-roata-mazda-3-bk-1-6-bk14-benzina-105-cai-meyle-716-035-0006\/","title":{"rendered":"Brat \/ bieleta suspensie roata MAZDA 3 (BK) 1.6 (BK14) benzina 105 cai MEYLE 716 035 0006"},"content":{"rendered":"<p>Partea de montare: deasupra, Axa spate dreapta, Axa spate stangaBara\/bieleta: bieleta ->Lungime [mm]: 286Articol completare\/Info suplimentar 2: cu bucsa de cauciucMaterial: otel\u00eenlocuire \u00een pereche recomandat\u0103Numar bucati necesare: 2<\/p>\n","protected":false},"excerpt":{"rendered":"<p>Producator: MEYLE Cod producator: 716 035 0006<\/p>\n","protected":false},"featured_media":43251,"comment_status":"open","ping_status":"closed","template":"","meta":[],"product_brand":[332],"product_cat":[2273],"product_tag":[17266,17553,17623,17249,17361,17499,17498],"class_list":{"0":"post-43252","1":"product","2":"type-product","3":"status-publish","4":"has-post-thumbnail","6":"product_brand-meyle","7":"product_cat-brat-bieleta-suspensie-roata","8":"product_tag-bk","9":"product_tag-bieleta","10":"product_tag-brat","11":"product_tag-mazda","12":"product_tag-meyle","13":"product_tag-roata","14":"product_tag-suspensie","16":"first","17":"instock","18":"shipping-taxable","19":"purchasable","20":"product-type-simple"},"yoast_head":"<!-- This site is optimized with the Yoast SEO plugin v27.3 - https:\/\/yoast.com\/product\/yoast-seo-wordpress\/ -->\n<title>Brat \/ bieleta suspensie roata MAZDA 3 (BK) 1.6 (BK14) benzina 105 cai MEYLE 716 035 0006 MAZDA | MEYLE - Autorival<\/title>\n<meta name=\"description\" content=\"\u26a1 Brat \/ bieleta suspensie roata MAZDA 3 (BK) 1.6 (BK14) benzina 105 cai MEYLE 716 035 0006 pentru MAZDA la doar 153.3 RON. \u2713 Cod: 716 \u2713 Brand: MEYLE \u2713 \u00cen stoc \u2713 Livrare 24h \u2713 Garan\u021bie!\" \/>\n<meta name=\"robots\" content=\"index, follow, max-snippet:-1, max-image-preview:large, max-video-preview:-1\" \/>\n<meta property=\"og:locale\" content=\"en_US\" \/>\n<meta property=\"og:type\" content=\"article\" \/>\n<meta property=\"og:title\" content=\"Brat \/ bieleta suspensie roata MAZDA 3 (BK) 1.6 (BK14) benzina 105 cai MEYLE 716 035 0006 MAZDA | MEYLE - Autorival\" \/>\n<meta property=\"og:description\" content=\"\u26a1 Brat \/ bieleta suspensie roata MAZDA 3 (BK) 1.6 (BK14) benzina 105 cai MEYLE 716 035 0006 pentru MAZDA la doar 153.3 RON. \u2713 Cod: 716 \u2713 Brand: MEYLE \u2713 \u00cen stoc \u2713 Livrare 24h \u2713 Garan\u021bie!\" \/>\n<meta property=\"og:url\" content=\"https:\/\/autorival.ro\/mazda\/product\/brat-bieleta-suspensie-roata-mazda-3-bk-1-6-bk14-benzina-105-cai-meyle-716-035-0006\/\" \/>\n<meta property=\"og:site_name\" content=\"MAZDA\" \/>\n<meta property=\"article:modified_time\" content=\"2025-05-12T22:37:23+00:00\" \/>\n<meta property=\"og:image\" content=\"https:\/\/autorival.ro\/mazda\/wp-content\/uploads\/sites\/16\/2025\/05\/fs_7160350006_1.jpg\" \/>\n\t<meta property=\"og:image:width\" content=\"600\" \/>\n\t<meta property=\"og:image:height\" content=\"400\" \/>\n\t<meta property=\"og:image:type\" content=\"image\/jpeg\" \/>\n<meta name=\"twitter:card\" content=\"summary_large_image\" \/>\n<meta name=\"twitter:title\" content=\"Brat \/ bieleta suspensie roata MAZDA 3 (BK) 1.6 (BK14) benzina 105 cai MEYLE 716 035 0006 MAZDA | MEYLE - Autorival\" \/>\n<meta name=\"twitter:description\" content=\"\u26a1 Brat \/ bieleta suspensie roata MAZDA 3 (BK) 1.6 (BK14) benzina 105 cai MEYLE 716 035 0006 pentru MAZDA la doar 153.3 RON. \u2713 Cod: 716 \u2713 Brand: MEYLE \u2713 \u00cen stoc \u2713 Livrare 24h \u2713 Garan\u021bie!\" \/>\n<script type=\"application\/ld+json\" class=\"yoast-schema-graph\">{\"@context\":\"https:\\\/\\\/schema.org\",\"@graph\":[{\"@type\":\"WebPage\",\"@id\":\"https:\\\/\\\/autorival.ro\\\/mazda\\\/product\\\/brat-bieleta-suspensie-roata-mazda-3-bk-1-6-bk14-benzina-105-cai-meyle-716-035-0006\\\/\",\"url\":\"https:\\\/\\\/autorival.ro\\\/mazda\\\/product\\\/brat-bieleta-suspensie-roata-mazda-3-bk-1-6-bk14-benzina-105-cai-meyle-716-035-0006\\\/\",\"name\":\"Brat \\\/ bieleta suspensie roata MAZDA 3 (BK) 1.6 (BK14) benzina 105 cai MEYLE 716 035 0006 MAZDA | MEYLE - Autorival\",\"isPartOf\":{\"@id\":\"https:\\\/\\\/autorival.ro\\\/mazda\\\/#website\"},\"primaryImageOfPage\":{\"@id\":\"https:\\\/\\\/autorival.ro\\\/mazda\\\/product\\\/brat-bieleta-suspensie-roata-mazda-3-bk-1-6-bk14-benzina-105-cai-meyle-716-035-0006\\\/#primaryimage\"},\"image\":{\"@id\":\"https:\\\/\\\/autorival.ro\\\/mazda\\\/product\\\/brat-bieleta-suspensie-roata-mazda-3-bk-1-6-bk14-benzina-105-cai-meyle-716-035-0006\\\/#primaryimage\"},\"thumbnailUrl\":\"https:\\\/\\\/autorival.ro\\\/mazda\\\/wp-content\\\/uploads\\\/sites\\\/16\\\/2025\\\/05\\\/fs_7160350006_1.jpg\",\"datePublished\":\"2025-05-12T22:37:22+00:00\",\"dateModified\":\"2025-05-12T22:37:23+00:00\",\"description\":\"\u26a1 Brat \\\/ bieleta suspensie roata MAZDA 3 (BK) 1.6 (BK14) benzina 105 cai MEYLE 716 035 0006 pentru MAZDA la doar 153.3 RON. \u2713 Cod: 716 \u2713 Brand: MEYLE \u2713 \u00cen stoc \u2713 Livrare 24h \u2713 Garan\u021bie!\",\"breadcrumb\":{\"@id\":\"https:\\\/\\\/autorival.ro\\\/mazda\\\/product\\\/brat-bieleta-suspensie-roata-mazda-3-bk-1-6-bk14-benzina-105-cai-meyle-716-035-0006\\\/#breadcrumb\"},\"inLanguage\":\"en-US\",\"potentialAction\":[{\"@type\":\"ReadAction\",\"target\":[\"https:\\\/\\\/autorival.ro\\\/mazda\\\/product\\\/brat-bieleta-suspensie-roata-mazda-3-bk-1-6-bk14-benzina-105-cai-meyle-716-035-0006\\\/\"]}]},{\"@type\":\"ImageObject\",\"inLanguage\":\"en-US\",\"@id\":\"https:\\\/\\\/autorival.ro\\\/mazda\\\/product\\\/brat-bieleta-suspensie-roata-mazda-3-bk-1-6-bk14-benzina-105-cai-meyle-716-035-0006\\\/#primaryimage\",\"url\":\"https:\\\/\\\/autorival.ro\\\/mazda\\\/wp-content\\\/uploads\\\/sites\\\/16\\\/2025\\\/05\\\/fs_7160350006_1.jpg\",\"contentUrl\":\"https:\\\/\\\/autorival.ro\\\/mazda\\\/wp-content\\\/uploads\\\/sites\\\/16\\\/2025\\\/05\\\/fs_7160350006_1.jpg\",\"width\":600,\"height\":400,\"caption\":\"Brat \\\/ bieleta suspensie roata MAZDA 3 (BK) 1.6 (BK14) benzina 105 cai MEYLE 716 035 0006\"},{\"@type\":\"BreadcrumbList\",\"@id\":\"https:\\\/\\\/autorival.ro\\\/mazda\\\/product\\\/brat-bieleta-suspensie-roata-mazda-3-bk-1-6-bk14-benzina-105-cai-meyle-716-035-0006\\\/#breadcrumb\",\"itemListElement\":[{\"@type\":\"ListItem\",\"position\":1,\"name\":\"Prima pagin\u0103\",\"item\":\"https:\\\/\\\/autorival.ro\\\/mazda\\\/\"},{\"@type\":\"ListItem\",\"position\":2,\"name\":\"Piese auto MAZDA\",\"item\":\"https:\\\/\\\/autorival.ro\\\/mazda\\\/\"},{\"@type\":\"ListItem\",\"position\":3,\"name\":\"Brat \\\/ bieleta suspensie roata MAZDA 3 (BK) 1.6 (BK14) benzina 105 cai MEYLE 716 035 0006\"}]},{\"@type\":\"WebSite\",\"@id\":\"https:\\\/\\\/autorival.ro\\\/mazda\\\/#website\",\"url\":\"https:\\\/\\\/autorival.ro\\\/mazda\\\/\",\"name\":\"MAZDA\",\"description\":\"\",\"potentialAction\":[{\"@type\":\"SearchAction\",\"target\":{\"@type\":\"EntryPoint\",\"urlTemplate\":\"https:\\\/\\\/autorival.ro\\\/mazda\\\/?s={search_term_string}\"},\"query-input\":{\"@type\":\"PropertyValueSpecification\",\"valueRequired\":true,\"valueName\":\"search_term_string\"}}],\"inLanguage\":\"en-US\"}]}<\/script>\n<!-- \/ Yoast SEO plugin. -->","yoast_head_json":{"title":"Brat \/ bieleta suspensie roata MAZDA 3 (BK) 1.6 (BK14) benzina 105 cai MEYLE 716 035 0006 MAZDA | MEYLE - Autorival","description":"\u26a1 Brat \/ bieleta suspensie roata MAZDA 3 (BK) 1.6 (BK14) benzina 105 cai MEYLE 716 035 0006 pentru MAZDA la doar 153.3 RON. \u2713 Cod: 716 \u2713 Brand: MEYLE \u2713 \u00cen stoc \u2713 Livrare 24h \u2713 Garan\u021bie!","robots":{"index":"index","follow":"follow","max-snippet":"max-snippet:-1","max-image-preview":"max-image-preview:large","max-video-preview":"max-video-preview:-1"},"og_locale":"en_US","og_type":"article","og_title":"Brat \/ bieleta suspensie roata MAZDA 3 (BK) 1.6 (BK14) benzina 105 cai MEYLE 716 035 0006 MAZDA | MEYLE - Autorival","og_description":"\u26a1 Brat \/ bieleta suspensie roata MAZDA 3 (BK) 1.6 (BK14) benzina 105 cai MEYLE 716 035 0006 pentru MAZDA la doar 153.3 RON. \u2713 Cod: 716 \u2713 Brand: MEYLE \u2713 \u00cen stoc \u2713 Livrare 24h \u2713 Garan\u021bie!","og_url":"https:\/\/autorival.ro\/mazda\/product\/brat-bieleta-suspensie-roata-mazda-3-bk-1-6-bk14-benzina-105-cai-meyle-716-035-0006\/","og_site_name":"MAZDA","article_modified_time":"2025-05-12T22:37:23+00:00","og_image":[{"width":600,"height":400,"url":"https:\/\/autorival.ro\/mazda\/wp-content\/uploads\/sites\/16\/2025\/05\/fs_7160350006_1.jpg","type":"image\/jpeg"}],"twitter_card":"summary_large_image","twitter_title":"Brat \/ bieleta suspensie roata MAZDA 3 (BK) 1.6 (BK14) benzina 105 cai MEYLE 716 035 0006 MAZDA | MEYLE - Autorival","twitter_description":"\u26a1 Brat \/ bieleta suspensie roata MAZDA 3 (BK) 1.6 (BK14) benzina 105 cai MEYLE 716 035 0006 pentru MAZDA la doar 153.3 RON. \u2713 Cod: 716 \u2713 Brand: MEYLE \u2713 \u00cen stoc \u2713 Livrare 24h \u2713 Garan\u021bie!","schema":{"@context":"https:\/\/schema.org","@graph":[{"@type":"WebPage","@id":"https:\/\/autorival.ro\/mazda\/product\/brat-bieleta-suspensie-roata-mazda-3-bk-1-6-bk14-benzina-105-cai-meyle-716-035-0006\/","url":"https:\/\/autorival.ro\/mazda\/product\/brat-bieleta-suspensie-roata-mazda-3-bk-1-6-bk14-benzina-105-cai-meyle-716-035-0006\/","name":"Brat \/ bieleta suspensie roata MAZDA 3 (BK) 1.6 (BK14) benzina 105 cai MEYLE 716 035 0006 MAZDA | MEYLE - Autorival","isPartOf":{"@id":"https:\/\/autorival.ro\/mazda\/#website"},"primaryImageOfPage":{"@id":"https:\/\/autorival.ro\/mazda\/product\/brat-bieleta-suspensie-roata-mazda-3-bk-1-6-bk14-benzina-105-cai-meyle-716-035-0006\/#primaryimage"},"image":{"@id":"https:\/\/autorival.ro\/mazda\/product\/brat-bieleta-suspensie-roata-mazda-3-bk-1-6-bk14-benzina-105-cai-meyle-716-035-0006\/#primaryimage"},"thumbnailUrl":"https:\/\/autorival.ro\/mazda\/wp-content\/uploads\/sites\/16\/2025\/05\/fs_7160350006_1.jpg","datePublished":"2025-05-12T22:37:22+00:00","dateModified":"2025-05-12T22:37:23+00:00","description":"\u26a1 Brat \/ bieleta suspensie roata MAZDA 3 (BK) 1.6 (BK14) benzina 105 cai MEYLE 716 035 0006 pentru MAZDA la doar 153.3 RON. \u2713 Cod: 716 \u2713 Brand: MEYLE \u2713 \u00cen stoc \u2713 Livrare 24h \u2713 Garan\u021bie!","breadcrumb":{"@id":"https:\/\/autorival.ro\/mazda\/product\/brat-bieleta-suspensie-roata-mazda-3-bk-1-6-bk14-benzina-105-cai-meyle-716-035-0006\/#breadcrumb"},"inLanguage":"en-US","potentialAction":[{"@type":"ReadAction","target":["https:\/\/autorival.ro\/mazda\/product\/brat-bieleta-suspensie-roata-mazda-3-bk-1-6-bk14-benzina-105-cai-meyle-716-035-0006\/"]}]},{"@type":"ImageObject","inLanguage":"en-US","@id":"https:\/\/autorival.ro\/mazda\/product\/brat-bieleta-suspensie-roata-mazda-3-bk-1-6-bk14-benzina-105-cai-meyle-716-035-0006\/#primaryimage","url":"https:\/\/autorival.ro\/mazda\/wp-content\/uploads\/sites\/16\/2025\/05\/fs_7160350006_1.jpg","contentUrl":"https:\/\/autorival.ro\/mazda\/wp-content\/uploads\/sites\/16\/2025\/05\/fs_7160350006_1.jpg","width":600,"height":400,"caption":"Brat \/ bieleta suspensie roata MAZDA 3 (BK) 1.6 (BK14) benzina 105 cai MEYLE 716 035 0006"},{"@type":"BreadcrumbList","@id":"https:\/\/autorival.ro\/mazda\/product\/brat-bieleta-suspensie-roata-mazda-3-bk-1-6-bk14-benzina-105-cai-meyle-716-035-0006\/#breadcrumb","itemListElement":[{"@type":"ListItem","position":1,"name":"Prima pagin\u0103","item":"https:\/\/autorival.ro\/mazda\/"},{"@type":"ListItem","position":2,"name":"Piese auto MAZDA","item":"https:\/\/autorival.ro\/mazda\/"},{"@type":"ListItem","position":3,"name":"Brat \/ bieleta suspensie roata MAZDA 3 (BK) 1.6 (BK14) benzina 105 cai MEYLE 716 035 0006"}]},{"@type":"WebSite","@id":"https:\/\/autorival.ro\/mazda\/#website","url":"https:\/\/autorival.ro\/mazda\/","name":"MAZDA","description":"","potentialAction":[{"@type":"SearchAction","target":{"@type":"EntryPoint","urlTemplate":"https:\/\/autorival.ro\/mazda\/?s={search_term_string}"},"query-input":{"@type":"PropertyValueSpecification","valueRequired":true,"valueName":"search_term_string"}}],"inLanguage":"en-US"}]}},"_links":{"self":[{"href":"https:\/\/autorival.ro\/mazda\/wp-json\/wp\/v2\/product\/43252","targetHints":{"allow":["GET"]}}],"collection":[{"href":"https:\/\/autorival.ro\/mazda\/wp-json\/wp\/v2\/product"}],"about":[{"href":"https:\/\/autorival.ro\/mazda\/wp-json\/wp\/v2\/types\/product"}],"replies":[{"embeddable":true,"href":"https:\/\/autorival.ro\/mazda\/wp-json\/wp\/v2\/comments?post=43252"}],"wp:featuredmedia":[{"embeddable":true,"href":"https:\/\/autorival.ro\/mazda\/wp-json\/wp\/v2\/media\/43251"}],"wp:attachment":[{"href":"https:\/\/autorival.ro\/mazda\/wp-json\/wp\/v2\/media?parent=43252"}],"wp:term":[{"taxonomy":"product_brand","embeddable":true,"href":"https:\/\/autorival.ro\/mazda\/wp-json\/wp\/v2\/product_brand?post=43252"},{"taxonomy":"product_cat","embeddable":true,"href":"https:\/\/autorival.ro\/mazda\/wp-json\/wp\/v2\/product_cat?post=43252"},{"taxonomy":"product_tag","embeddable":true,"href":"https:\/\/autorival.ro\/mazda\/wp-json\/wp\/v2\/product_tag?post=43252"}],"curies":[{"name":"wp","href":"https:\/\/api.w.org\/{rel}","templated":true}]}}