{"id":29936,"date":"2025-05-12T21:32:53","date_gmt":"2025-05-12T21:32:53","guid":{"rendered":"https:\/\/autorival.ro\/mazda\/product\/bec-semnalizator-mazda-121-i-da-1-3-da103-benzina-55-cai-philips-12499cp\/"},"modified":"2025-05-12T21:32:53","modified_gmt":"2025-05-12T21:32:53","slug":"bec-semnalizator-mazda-121-i-da-1-3-da103-benzina-55-cai-philips-12499cp","status":"publish","type":"product","link":"https:\/\/autorival.ro\/mazda\/product\/bec-semnalizator-mazda-121-i-da-1-3-da103-benzina-55-cai-philips-12499cp\/","title":{"rendered":"Bec semnalizator MAZDA 121 I (DA) 1.3 (DA103) benzina 55 cai PHILIPS 12499CP"},"content":{"rendered":"<p>TIp lampa: P21\/5W, Lamp\u0103 sferic\u0103Tensiune [V]: 12Putere nominal\u0103 [W]: 21\/5Variant\u0103 de execu\u021bie soclu lamp\u0103 incandescent\u0103: BAY15d<\/p>\n","protected":false},"excerpt":{"rendered":"<p>Producator: PHILIPS Cod producator: 12499CP<\/p>\n","protected":false},"featured_media":29832,"comment_status":"open","ping_status":"closed","template":"","meta":[],"product_brand":[1438],"product_cat":[1745],"product_tag":[17343,17301,17294,17524,17249,17533,17548],"class_list":{"0":"post-29936","1":"product","2":"type-product","3":"status-publish","4":"has-post-thumbnail","6":"product_brand-philips","7":"product_cat-bec-semnalizator-i-da-1-3-da103-benzina-55","8":"product_tag-da","9":"product_tag-1-3","10":"product_tag-17294","11":"product_tag-bec","12":"product_tag-mazda","13":"product_tag-philips","14":"product_tag-semnalizator","16":"first","17":"instock","18":"shipping-taxable","19":"purchasable","20":"product-type-simple"},"yoast_head":"<!-- This site is optimized with the Yoast SEO plugin v27.3 - https:\/\/yoast.com\/product\/yoast-seo-wordpress\/ -->\n<title>Bec semnalizator MAZDA 121 I (DA) 1.3 (DA103) benzina 55 cai PHILIPS 12499CP MAZDA | PHILIPS - Autorival<\/title>\n<meta name=\"description\" content=\"\u26a1 Bec semnalizator MAZDA 121 I (DA) 1.3 (DA103) benzina 55 cai PHILIPS 12499CP pentru MAZDA la doar 5.34 RON. \u2713 Cod: 12499CP \u2713 Brand: PHILIPS \u2713 \u00cen stoc \u2713 Livrare 24h \u2713 Garan\u021bie!\" \/>\n<meta name=\"robots\" content=\"index, follow, max-snippet:-1, max-image-preview:large, max-video-preview:-1\" \/>\n<meta property=\"og:locale\" content=\"en_US\" \/>\n<meta property=\"og:type\" content=\"article\" \/>\n<meta property=\"og:title\" content=\"Bec semnalizator MAZDA 121 I (DA) 1.3 (DA103) benzina 55 cai PHILIPS 12499CP MAZDA | PHILIPS - Autorival\" \/>\n<meta property=\"og:description\" content=\"\u26a1 Bec semnalizator MAZDA 121 I (DA) 1.3 (DA103) benzina 55 cai PHILIPS 12499CP pentru MAZDA la doar 5.34 RON. \u2713 Cod: 12499CP \u2713 Brand: PHILIPS \u2713 \u00cen stoc \u2713 Livrare 24h \u2713 Garan\u021bie!\" \/>\n<meta property=\"og:url\" content=\"https:\/\/autorival.ro\/mazda\/product\/bec-semnalizator-mazda-121-i-da-1-3-da103-benzina-55-cai-philips-12499cp\/\" \/>\n<meta property=\"og:site_name\" content=\"MAZDA\" \/>\n<meta property=\"og:image\" content=\"https:\/\/autorival.ro\/mazda\/wp-content\/uploads\/sites\/16\/2025\/05\/12499cp.jpg\" \/>\n\t<meta property=\"og:image:width\" content=\"600\" \/>\n\t<meta property=\"og:image:height\" content=\"323\" \/>\n\t<meta property=\"og:image:type\" content=\"image\/jpeg\" \/>\n<meta name=\"twitter:card\" content=\"summary_large_image\" \/>\n<meta name=\"twitter:title\" content=\"Bec semnalizator MAZDA 121 I (DA) 1.3 (DA103) benzina 55 cai PHILIPS 12499CP MAZDA | PHILIPS - Autorival\" \/>\n<meta name=\"twitter:description\" content=\"\u26a1 Bec semnalizator MAZDA 121 I (DA) 1.3 (DA103) benzina 55 cai PHILIPS 12499CP pentru MAZDA la doar 5.34 RON. \u2713 Cod: 12499CP \u2713 Brand: PHILIPS \u2713 \u00cen stoc \u2713 Livrare 24h \u2713 Garan\u021bie!\" \/>\n<script type=\"application\/ld+json\" class=\"yoast-schema-graph\">{\"@context\":\"https:\\\/\\\/schema.org\",\"@graph\":[{\"@type\":\"WebPage\",\"@id\":\"https:\\\/\\\/autorival.ro\\\/mazda\\\/product\\\/bec-semnalizator-mazda-121-i-da-1-3-da103-benzina-55-cai-philips-12499cp\\\/\",\"url\":\"https:\\\/\\\/autorival.ro\\\/mazda\\\/product\\\/bec-semnalizator-mazda-121-i-da-1-3-da103-benzina-55-cai-philips-12499cp\\\/\",\"name\":\"Bec semnalizator MAZDA 121 I (DA) 1.3 (DA103) benzina 55 cai PHILIPS 12499CP MAZDA | PHILIPS - Autorival\",\"isPartOf\":{\"@id\":\"https:\\\/\\\/autorival.ro\\\/mazda\\\/#website\"},\"primaryImageOfPage\":{\"@id\":\"https:\\\/\\\/autorival.ro\\\/mazda\\\/product\\\/bec-semnalizator-mazda-121-i-da-1-3-da103-benzina-55-cai-philips-12499cp\\\/#primaryimage\"},\"image\":{\"@id\":\"https:\\\/\\\/autorival.ro\\\/mazda\\\/product\\\/bec-semnalizator-mazda-121-i-da-1-3-da103-benzina-55-cai-philips-12499cp\\\/#primaryimage\"},\"thumbnailUrl\":\"https:\\\/\\\/autorival.ro\\\/mazda\\\/wp-content\\\/uploads\\\/sites\\\/16\\\/2025\\\/05\\\/12499cp.jpg\",\"datePublished\":\"2025-05-12T21:32:53+00:00\",\"description\":\"\u26a1 Bec semnalizator MAZDA 121 I (DA) 1.3 (DA103) benzina 55 cai PHILIPS 12499CP pentru MAZDA la doar 5.34 RON. \u2713 Cod: 12499CP \u2713 Brand: PHILIPS \u2713 \u00cen stoc \u2713 Livrare 24h \u2713 Garan\u021bie!\",\"breadcrumb\":{\"@id\":\"https:\\\/\\\/autorival.ro\\\/mazda\\\/product\\\/bec-semnalizator-mazda-121-i-da-1-3-da103-benzina-55-cai-philips-12499cp\\\/#breadcrumb\"},\"inLanguage\":\"en-US\",\"potentialAction\":[{\"@type\":\"ReadAction\",\"target\":[\"https:\\\/\\\/autorival.ro\\\/mazda\\\/product\\\/bec-semnalizator-mazda-121-i-da-1-3-da103-benzina-55-cai-philips-12499cp\\\/\"]}]},{\"@type\":\"ImageObject\",\"inLanguage\":\"en-US\",\"@id\":\"https:\\\/\\\/autorival.ro\\\/mazda\\\/product\\\/bec-semnalizator-mazda-121-i-da-1-3-da103-benzina-55-cai-philips-12499cp\\\/#primaryimage\",\"url\":\"https:\\\/\\\/autorival.ro\\\/mazda\\\/wp-content\\\/uploads\\\/sites\\\/16\\\/2025\\\/05\\\/12499cp.jpg\",\"contentUrl\":\"https:\\\/\\\/autorival.ro\\\/mazda\\\/wp-content\\\/uploads\\\/sites\\\/16\\\/2025\\\/05\\\/12499cp.jpg\",\"width\":600,\"height\":323,\"caption\":\"Bec semnalizator MAZDA 121 I (DA) 1.1 (DA101) benzina 57 cai PHILIPS 12499CP\"},{\"@type\":\"BreadcrumbList\",\"@id\":\"https:\\\/\\\/autorival.ro\\\/mazda\\\/product\\\/bec-semnalizator-mazda-121-i-da-1-3-da103-benzina-55-cai-philips-12499cp\\\/#breadcrumb\",\"itemListElement\":[{\"@type\":\"ListItem\",\"position\":1,\"name\":\"Prima pagin\u0103\",\"item\":\"https:\\\/\\\/autorival.ro\\\/mazda\\\/\"},{\"@type\":\"ListItem\",\"position\":2,\"name\":\"Piese auto MAZDA\",\"item\":\"https:\\\/\\\/autorival.ro\\\/mazda\\\/\"},{\"@type\":\"ListItem\",\"position\":3,\"name\":\"Bec semnalizator MAZDA 121 I (DA) 1.3 (DA103) benzina 55 cai PHILIPS 12499CP\"}]},{\"@type\":\"WebSite\",\"@id\":\"https:\\\/\\\/autorival.ro\\\/mazda\\\/#website\",\"url\":\"https:\\\/\\\/autorival.ro\\\/mazda\\\/\",\"name\":\"MAZDA\",\"description\":\"\",\"potentialAction\":[{\"@type\":\"SearchAction\",\"target\":{\"@type\":\"EntryPoint\",\"urlTemplate\":\"https:\\\/\\\/autorival.ro\\\/mazda\\\/?s={search_term_string}\"},\"query-input\":{\"@type\":\"PropertyValueSpecification\",\"valueRequired\":true,\"valueName\":\"search_term_string\"}}],\"inLanguage\":\"en-US\"}]}<\/script>\n<!-- \/ Yoast SEO plugin. -->","yoast_head_json":{"title":"Bec semnalizator MAZDA 121 I (DA) 1.3 (DA103) benzina 55 cai PHILIPS 12499CP MAZDA | PHILIPS - Autorival","description":"\u26a1 Bec semnalizator MAZDA 121 I (DA) 1.3 (DA103) benzina 55 cai PHILIPS 12499CP pentru MAZDA la doar 5.34 RON. \u2713 Cod: 12499CP \u2713 Brand: PHILIPS \u2713 \u00cen stoc \u2713 Livrare 24h \u2713 Garan\u021bie!","robots":{"index":"index","follow":"follow","max-snippet":"max-snippet:-1","max-image-preview":"max-image-preview:large","max-video-preview":"max-video-preview:-1"},"og_locale":"en_US","og_type":"article","og_title":"Bec semnalizator MAZDA 121 I (DA) 1.3 (DA103) benzina 55 cai PHILIPS 12499CP MAZDA | PHILIPS - Autorival","og_description":"\u26a1 Bec semnalizator MAZDA 121 I (DA) 1.3 (DA103) benzina 55 cai PHILIPS 12499CP pentru MAZDA la doar 5.34 RON. \u2713 Cod: 12499CP \u2713 Brand: PHILIPS \u2713 \u00cen stoc \u2713 Livrare 24h \u2713 Garan\u021bie!","og_url":"https:\/\/autorival.ro\/mazda\/product\/bec-semnalizator-mazda-121-i-da-1-3-da103-benzina-55-cai-philips-12499cp\/","og_site_name":"MAZDA","og_image":[{"width":600,"height":323,"url":"https:\/\/autorival.ro\/mazda\/wp-content\/uploads\/sites\/16\/2025\/05\/12499cp.jpg","type":"image\/jpeg"}],"twitter_card":"summary_large_image","twitter_title":"Bec semnalizator MAZDA 121 I (DA) 1.3 (DA103) benzina 55 cai PHILIPS 12499CP MAZDA | PHILIPS - Autorival","twitter_description":"\u26a1 Bec semnalizator MAZDA 121 I (DA) 1.3 (DA103) benzina 55 cai PHILIPS 12499CP pentru MAZDA la doar 5.34 RON. \u2713 Cod: 12499CP \u2713 Brand: PHILIPS \u2713 \u00cen stoc \u2713 Livrare 24h \u2713 Garan\u021bie!","schema":{"@context":"https:\/\/schema.org","@graph":[{"@type":"WebPage","@id":"https:\/\/autorival.ro\/mazda\/product\/bec-semnalizator-mazda-121-i-da-1-3-da103-benzina-55-cai-philips-12499cp\/","url":"https:\/\/autorival.ro\/mazda\/product\/bec-semnalizator-mazda-121-i-da-1-3-da103-benzina-55-cai-philips-12499cp\/","name":"Bec semnalizator MAZDA 121 I (DA) 1.3 (DA103) benzina 55 cai PHILIPS 12499CP MAZDA | PHILIPS - Autorival","isPartOf":{"@id":"https:\/\/autorival.ro\/mazda\/#website"},"primaryImageOfPage":{"@id":"https:\/\/autorival.ro\/mazda\/product\/bec-semnalizator-mazda-121-i-da-1-3-da103-benzina-55-cai-philips-12499cp\/#primaryimage"},"image":{"@id":"https:\/\/autorival.ro\/mazda\/product\/bec-semnalizator-mazda-121-i-da-1-3-da103-benzina-55-cai-philips-12499cp\/#primaryimage"},"thumbnailUrl":"https:\/\/autorival.ro\/mazda\/wp-content\/uploads\/sites\/16\/2025\/05\/12499cp.jpg","datePublished":"2025-05-12T21:32:53+00:00","description":"\u26a1 Bec semnalizator MAZDA 121 I (DA) 1.3 (DA103) benzina 55 cai PHILIPS 12499CP pentru MAZDA la doar 5.34 RON. \u2713 Cod: 12499CP \u2713 Brand: PHILIPS \u2713 \u00cen stoc \u2713 Livrare 24h \u2713 Garan\u021bie!","breadcrumb":{"@id":"https:\/\/autorival.ro\/mazda\/product\/bec-semnalizator-mazda-121-i-da-1-3-da103-benzina-55-cai-philips-12499cp\/#breadcrumb"},"inLanguage":"en-US","potentialAction":[{"@type":"ReadAction","target":["https:\/\/autorival.ro\/mazda\/product\/bec-semnalizator-mazda-121-i-da-1-3-da103-benzina-55-cai-philips-12499cp\/"]}]},{"@type":"ImageObject","inLanguage":"en-US","@id":"https:\/\/autorival.ro\/mazda\/product\/bec-semnalizator-mazda-121-i-da-1-3-da103-benzina-55-cai-philips-12499cp\/#primaryimage","url":"https:\/\/autorival.ro\/mazda\/wp-content\/uploads\/sites\/16\/2025\/05\/12499cp.jpg","contentUrl":"https:\/\/autorival.ro\/mazda\/wp-content\/uploads\/sites\/16\/2025\/05\/12499cp.jpg","width":600,"height":323,"caption":"Bec semnalizator MAZDA 121 I (DA) 1.1 (DA101) benzina 57 cai PHILIPS 12499CP"},{"@type":"BreadcrumbList","@id":"https:\/\/autorival.ro\/mazda\/product\/bec-semnalizator-mazda-121-i-da-1-3-da103-benzina-55-cai-philips-12499cp\/#breadcrumb","itemListElement":[{"@type":"ListItem","position":1,"name":"Prima pagin\u0103","item":"https:\/\/autorival.ro\/mazda\/"},{"@type":"ListItem","position":2,"name":"Piese auto MAZDA","item":"https:\/\/autorival.ro\/mazda\/"},{"@type":"ListItem","position":3,"name":"Bec semnalizator MAZDA 121 I (DA) 1.3 (DA103) benzina 55 cai PHILIPS 12499CP"}]},{"@type":"WebSite","@id":"https:\/\/autorival.ro\/mazda\/#website","url":"https:\/\/autorival.ro\/mazda\/","name":"MAZDA","description":"","potentialAction":[{"@type":"SearchAction","target":{"@type":"EntryPoint","urlTemplate":"https:\/\/autorival.ro\/mazda\/?s={search_term_string}"},"query-input":{"@type":"PropertyValueSpecification","valueRequired":true,"valueName":"search_term_string"}}],"inLanguage":"en-US"}]}},"_links":{"self":[{"href":"https:\/\/autorival.ro\/mazda\/wp-json\/wp\/v2\/product\/29936","targetHints":{"allow":["GET"]}}],"collection":[{"href":"https:\/\/autorival.ro\/mazda\/wp-json\/wp\/v2\/product"}],"about":[{"href":"https:\/\/autorival.ro\/mazda\/wp-json\/wp\/v2\/types\/product"}],"replies":[{"embeddable":true,"href":"https:\/\/autorival.ro\/mazda\/wp-json\/wp\/v2\/comments?post=29936"}],"wp:featuredmedia":[{"embeddable":true,"href":"https:\/\/autorival.ro\/mazda\/wp-json\/wp\/v2\/media\/29832"}],"wp:attachment":[{"href":"https:\/\/autorival.ro\/mazda\/wp-json\/wp\/v2\/media?parent=29936"}],"wp:term":[{"taxonomy":"product_brand","embeddable":true,"href":"https:\/\/autorival.ro\/mazda\/wp-json\/wp\/v2\/product_brand?post=29936"},{"taxonomy":"product_cat","embeddable":true,"href":"https:\/\/autorival.ro\/mazda\/wp-json\/wp\/v2\/product_cat?post=29936"},{"taxonomy":"product_tag","embeddable":true,"href":"https:\/\/autorival.ro\/mazda\/wp-json\/wp\/v2\/product_tag?post=29936"}],"curies":[{"name":"wp","href":"https:\/\/api.w.org\/{rel}","templated":true}]}}