{"id":185820,"date":"2025-05-15T17:55:15","date_gmt":"2025-05-15T17:55:15","guid":{"rendered":"https:\/\/autorival.ro\/mazda\/product\/termostat-lichid-racire-mazda-323-iii-station-wagon-bw-1-7-d-bw7w-diesel-54-cai-mahle-original-tx-8-83d\/"},"modified":"2025-05-15T17:55:16","modified_gmt":"2025-05-15T17:55:16","slug":"termostat-lichid-racire-mazda-323-iii-station-wagon-bw-1-7-d-bw7w-diesel-54-cai-mahle-original-tx-8-83d","status":"publish","type":"product","link":"https:\/\/autorival.ro\/mazda\/product\/termostat-lichid-racire-mazda-323-iii-station-wagon-bw-1-7-d-bw7w-diesel-54-cai-mahle-original-tx-8-83d\/","title":{"rendered":"Termostat lichid racire MAZDA 323 III Station Wagon (BW) 1.7 D (BW7W) diesel 54 cai MAHLE ORIGINAL TX 8 83D"},"content":{"rendered":"<p>Temperatura de deschidere [\u00c3\u201a\u00c2\u00b0C]: 83Articol extins\/Informatii de extindere: cu etansare ->Diametru 2 [mm]: 35 ->Diametru 1 [mm]: 54\u00cenaltime 1 [mm]: 21\u00cenaltime 2 [mm]: 33,5 ->Latime ambalaj [cm]: 6,70 ->Greutate net\u0103 [g]: 69 ->Lungime ambalaj [cm]: 8,7 ->Inaltime ambalaj [cm]: 9,20<\/p>\n","protected":false},"excerpt":{"rendered":"<p>Producator: MAHLE ORIGINAL Cod producator: TX 8 83D<\/p>\n","protected":false},"featured_media":185819,"comment_status":"open","ping_status":"closed","template":"","meta":[],"product_brand":[4693],"product_cat":[16716],"product_tag":[17290,18046,17788,17249,17445,18047,17736,18351],"class_list":{"0":"post-185820","1":"product","2":"type-product","3":"status-publish","4":"has-post-thumbnail","6":"product_brand-mahle-original","7":"product_cat-termostat-lichid-racire-iii-station-wagon-bw-1-7-d-bw7w-diesel-54","8":"product_tag-iii","9":"product_tag-lichid","10":"product_tag-mahle","11":"product_tag-mazda","12":"product_tag-original","13":"product_tag-racire","14":"product_tag-termostat","15":"product_tag-tx","17":"first","18":"instock","19":"shipping-taxable","20":"purchasable","21":"product-type-simple"},"yoast_head":"<!-- This site is optimized with the Yoast SEO plugin v27.3 - https:\/\/yoast.com\/product\/yoast-seo-wordpress\/ -->\n<title>Termostat lichid racire MAZDA 323 III Station Wagon (BW) 1.7 D (BW7W) diesel 54 cai MAHLE ORIGINAL TX 8 83D MAZDA | MAHLE - Autorival<\/title>\n<meta name=\"description\" content=\"\u26a1 Termostat lichid racire MAZDA 323 III Station Wagon (BW) 1.7 D (BW7W) diesel 54 cai MAHLE ORIGINAL TX 8 83D pentru MAZDA la doar 194.25 RON. \u2713 Cod: TX \u2713 Brand: MAHLE \u2713 \u00cen stoc \u2713 Livrare 24h \u2713 Garan\u021bie!\" \/>\n<meta name=\"robots\" content=\"index, follow, max-snippet:-1, max-image-preview:large, max-video-preview:-1\" \/>\n<meta property=\"og:locale\" content=\"en_US\" \/>\n<meta property=\"og:type\" content=\"article\" \/>\n<meta property=\"og:title\" content=\"Termostat lichid racire MAZDA 323 III Station Wagon (BW) 1.7 D (BW7W) diesel 54 cai MAHLE ORIGINAL TX 8 83D MAZDA | MAHLE - Autorival\" \/>\n<meta property=\"og:description\" content=\"\u26a1 Termostat lichid racire MAZDA 323 III Station Wagon (BW) 1.7 D (BW7W) diesel 54 cai MAHLE ORIGINAL TX 8 83D pentru MAZDA la doar 194.25 RON. \u2713 Cod: TX \u2713 Brand: MAHLE \u2713 \u00cen stoc \u2713 Livrare 24h \u2713 Garan\u021bie!\" \/>\n<meta property=\"og:url\" content=\"https:\/\/autorival.ro\/mazda\/product\/termostat-lichid-racire-mazda-323-iii-station-wagon-bw-1-7-d-bw7w-diesel-54-cai-mahle-original-tx-8-83d\/\" \/>\n<meta property=\"og:site_name\" content=\"MAZDA\" \/>\n<meta property=\"article:modified_time\" content=\"2025-05-15T17:55:16+00:00\" \/>\n<meta property=\"og:image\" content=\"https:\/\/autorival.ro\/mazda\/wp-content\/uploads\/sites\/16\/2025\/05\/31758556-2.jpg\" \/>\n\t<meta property=\"og:image:width\" content=\"283\" \/>\n\t<meta property=\"og:image:height\" content=\"400\" \/>\n\t<meta property=\"og:image:type\" content=\"image\/jpeg\" \/>\n<meta name=\"twitter:card\" content=\"summary_large_image\" \/>\n<meta name=\"twitter:title\" content=\"Termostat lichid racire MAZDA 323 III Station Wagon (BW) 1.7 D (BW7W) diesel 54 cai MAHLE ORIGINAL TX 8 83D MAZDA | MAHLE - Autorival\" \/>\n<meta name=\"twitter:description\" content=\"\u26a1 Termostat lichid racire MAZDA 323 III Station Wagon (BW) 1.7 D (BW7W) diesel 54 cai MAHLE ORIGINAL TX 8 83D pentru MAZDA la doar 194.25 RON. \u2713 Cod: TX \u2713 Brand: MAHLE \u2713 \u00cen stoc \u2713 Livrare 24h \u2713 Garan\u021bie!\" \/>\n<script type=\"application\/ld+json\" class=\"yoast-schema-graph\">{\"@context\":\"https:\\\/\\\/schema.org\",\"@graph\":[{\"@type\":\"WebPage\",\"@id\":\"https:\\\/\\\/autorival.ro\\\/mazda\\\/product\\\/termostat-lichid-racire-mazda-323-iii-station-wagon-bw-1-7-d-bw7w-diesel-54-cai-mahle-original-tx-8-83d\\\/\",\"url\":\"https:\\\/\\\/autorival.ro\\\/mazda\\\/product\\\/termostat-lichid-racire-mazda-323-iii-station-wagon-bw-1-7-d-bw7w-diesel-54-cai-mahle-original-tx-8-83d\\\/\",\"name\":\"Termostat lichid racire MAZDA 323 III Station Wagon (BW) 1.7 D (BW7W) diesel 54 cai MAHLE ORIGINAL TX 8 83D MAZDA | MAHLE - Autorival\",\"isPartOf\":{\"@id\":\"https:\\\/\\\/autorival.ro\\\/mazda\\\/#website\"},\"primaryImageOfPage\":{\"@id\":\"https:\\\/\\\/autorival.ro\\\/mazda\\\/product\\\/termostat-lichid-racire-mazda-323-iii-station-wagon-bw-1-7-d-bw7w-diesel-54-cai-mahle-original-tx-8-83d\\\/#primaryimage\"},\"image\":{\"@id\":\"https:\\\/\\\/autorival.ro\\\/mazda\\\/product\\\/termostat-lichid-racire-mazda-323-iii-station-wagon-bw-1-7-d-bw7w-diesel-54-cai-mahle-original-tx-8-83d\\\/#primaryimage\"},\"thumbnailUrl\":\"https:\\\/\\\/autorival.ro\\\/mazda\\\/wp-content\\\/uploads\\\/sites\\\/16\\\/2025\\\/05\\\/31758556-2.jpg\",\"datePublished\":\"2025-05-15T17:55:15+00:00\",\"dateModified\":\"2025-05-15T17:55:16+00:00\",\"description\":\"\u26a1 Termostat lichid racire MAZDA 323 III Station Wagon (BW) 1.7 D (BW7W) diesel 54 cai MAHLE ORIGINAL TX 8 83D pentru MAZDA la doar 194.25 RON. \u2713 Cod: TX \u2713 Brand: MAHLE \u2713 \u00cen stoc \u2713 Livrare 24h \u2713 Garan\u021bie!\",\"breadcrumb\":{\"@id\":\"https:\\\/\\\/autorival.ro\\\/mazda\\\/product\\\/termostat-lichid-racire-mazda-323-iii-station-wagon-bw-1-7-d-bw7w-diesel-54-cai-mahle-original-tx-8-83d\\\/#breadcrumb\"},\"inLanguage\":\"en-US\",\"potentialAction\":[{\"@type\":\"ReadAction\",\"target\":[\"https:\\\/\\\/autorival.ro\\\/mazda\\\/product\\\/termostat-lichid-racire-mazda-323-iii-station-wagon-bw-1-7-d-bw7w-diesel-54-cai-mahle-original-tx-8-83d\\\/\"]}]},{\"@type\":\"ImageObject\",\"inLanguage\":\"en-US\",\"@id\":\"https:\\\/\\\/autorival.ro\\\/mazda\\\/product\\\/termostat-lichid-racire-mazda-323-iii-station-wagon-bw-1-7-d-bw7w-diesel-54-cai-mahle-original-tx-8-83d\\\/#primaryimage\",\"url\":\"https:\\\/\\\/autorival.ro\\\/mazda\\\/wp-content\\\/uploads\\\/sites\\\/16\\\/2025\\\/05\\\/31758556-2.jpg\",\"contentUrl\":\"https:\\\/\\\/autorival.ro\\\/mazda\\\/wp-content\\\/uploads\\\/sites\\\/16\\\/2025\\\/05\\\/31758556-2.jpg\",\"width\":283,\"height\":400,\"caption\":\"Termostat lichid racire MAZDA 323 III Station Wagon (BW) 1.7 D (BW7W) diesel 54 cai MAHLE ORIGINAL TX 8 83D\"},{\"@type\":\"BreadcrumbList\",\"@id\":\"https:\\\/\\\/autorival.ro\\\/mazda\\\/product\\\/termostat-lichid-racire-mazda-323-iii-station-wagon-bw-1-7-d-bw7w-diesel-54-cai-mahle-original-tx-8-83d\\\/#breadcrumb\",\"itemListElement\":[{\"@type\":\"ListItem\",\"position\":1,\"name\":\"Prima pagin\u0103\",\"item\":\"https:\\\/\\\/autorival.ro\\\/mazda\\\/\"},{\"@type\":\"ListItem\",\"position\":2,\"name\":\"Piese auto MAZDA\",\"item\":\"https:\\\/\\\/autorival.ro\\\/mazda\\\/\"},{\"@type\":\"ListItem\",\"position\":3,\"name\":\"Termostat lichid racire MAZDA 323 III Station Wagon (BW) 1.7 D (BW7W) diesel 54 cai MAHLE ORIGINAL TX 8 83D\"}]},{\"@type\":\"WebSite\",\"@id\":\"https:\\\/\\\/autorival.ro\\\/mazda\\\/#website\",\"url\":\"https:\\\/\\\/autorival.ro\\\/mazda\\\/\",\"name\":\"MAZDA\",\"description\":\"\",\"potentialAction\":[{\"@type\":\"SearchAction\",\"target\":{\"@type\":\"EntryPoint\",\"urlTemplate\":\"https:\\\/\\\/autorival.ro\\\/mazda\\\/?s={search_term_string}\"},\"query-input\":{\"@type\":\"PropertyValueSpecification\",\"valueRequired\":true,\"valueName\":\"search_term_string\"}}],\"inLanguage\":\"en-US\"}]}<\/script>\n<!-- \/ Yoast SEO plugin. -->","yoast_head_json":{"title":"Termostat lichid racire MAZDA 323 III Station Wagon (BW) 1.7 D (BW7W) diesel 54 cai MAHLE ORIGINAL TX 8 83D MAZDA | MAHLE - Autorival","description":"\u26a1 Termostat lichid racire MAZDA 323 III Station Wagon (BW) 1.7 D (BW7W) diesel 54 cai MAHLE ORIGINAL TX 8 83D pentru MAZDA la doar 194.25 RON. \u2713 Cod: TX \u2713 Brand: MAHLE \u2713 \u00cen stoc \u2713 Livrare 24h \u2713 Garan\u021bie!","robots":{"index":"index","follow":"follow","max-snippet":"max-snippet:-1","max-image-preview":"max-image-preview:large","max-video-preview":"max-video-preview:-1"},"og_locale":"en_US","og_type":"article","og_title":"Termostat lichid racire MAZDA 323 III Station Wagon (BW) 1.7 D (BW7W) diesel 54 cai MAHLE ORIGINAL TX 8 83D MAZDA | MAHLE - Autorival","og_description":"\u26a1 Termostat lichid racire MAZDA 323 III Station Wagon (BW) 1.7 D (BW7W) diesel 54 cai MAHLE ORIGINAL TX 8 83D pentru MAZDA la doar 194.25 RON. \u2713 Cod: TX \u2713 Brand: MAHLE \u2713 \u00cen stoc \u2713 Livrare 24h \u2713 Garan\u021bie!","og_url":"https:\/\/autorival.ro\/mazda\/product\/termostat-lichid-racire-mazda-323-iii-station-wagon-bw-1-7-d-bw7w-diesel-54-cai-mahle-original-tx-8-83d\/","og_site_name":"MAZDA","article_modified_time":"2025-05-15T17:55:16+00:00","og_image":[{"width":283,"height":400,"url":"https:\/\/autorival.ro\/mazda\/wp-content\/uploads\/sites\/16\/2025\/05\/31758556-2.jpg","type":"image\/jpeg"}],"twitter_card":"summary_large_image","twitter_title":"Termostat lichid racire MAZDA 323 III Station Wagon (BW) 1.7 D (BW7W) diesel 54 cai MAHLE ORIGINAL TX 8 83D MAZDA | MAHLE - Autorival","twitter_description":"\u26a1 Termostat lichid racire MAZDA 323 III Station Wagon (BW) 1.7 D (BW7W) diesel 54 cai MAHLE ORIGINAL TX 8 83D pentru MAZDA la doar 194.25 RON. \u2713 Cod: TX \u2713 Brand: MAHLE \u2713 \u00cen stoc \u2713 Livrare 24h \u2713 Garan\u021bie!","schema":{"@context":"https:\/\/schema.org","@graph":[{"@type":"WebPage","@id":"https:\/\/autorival.ro\/mazda\/product\/termostat-lichid-racire-mazda-323-iii-station-wagon-bw-1-7-d-bw7w-diesel-54-cai-mahle-original-tx-8-83d\/","url":"https:\/\/autorival.ro\/mazda\/product\/termostat-lichid-racire-mazda-323-iii-station-wagon-bw-1-7-d-bw7w-diesel-54-cai-mahle-original-tx-8-83d\/","name":"Termostat lichid racire MAZDA 323 III Station Wagon (BW) 1.7 D (BW7W) diesel 54 cai MAHLE ORIGINAL TX 8 83D MAZDA | MAHLE - Autorival","isPartOf":{"@id":"https:\/\/autorival.ro\/mazda\/#website"},"primaryImageOfPage":{"@id":"https:\/\/autorival.ro\/mazda\/product\/termostat-lichid-racire-mazda-323-iii-station-wagon-bw-1-7-d-bw7w-diesel-54-cai-mahle-original-tx-8-83d\/#primaryimage"},"image":{"@id":"https:\/\/autorival.ro\/mazda\/product\/termostat-lichid-racire-mazda-323-iii-station-wagon-bw-1-7-d-bw7w-diesel-54-cai-mahle-original-tx-8-83d\/#primaryimage"},"thumbnailUrl":"https:\/\/autorival.ro\/mazda\/wp-content\/uploads\/sites\/16\/2025\/05\/31758556-2.jpg","datePublished":"2025-05-15T17:55:15+00:00","dateModified":"2025-05-15T17:55:16+00:00","description":"\u26a1 Termostat lichid racire MAZDA 323 III Station Wagon (BW) 1.7 D (BW7W) diesel 54 cai MAHLE ORIGINAL TX 8 83D pentru MAZDA la doar 194.25 RON. \u2713 Cod: TX \u2713 Brand: MAHLE \u2713 \u00cen stoc \u2713 Livrare 24h \u2713 Garan\u021bie!","breadcrumb":{"@id":"https:\/\/autorival.ro\/mazda\/product\/termostat-lichid-racire-mazda-323-iii-station-wagon-bw-1-7-d-bw7w-diesel-54-cai-mahle-original-tx-8-83d\/#breadcrumb"},"inLanguage":"en-US","potentialAction":[{"@type":"ReadAction","target":["https:\/\/autorival.ro\/mazda\/product\/termostat-lichid-racire-mazda-323-iii-station-wagon-bw-1-7-d-bw7w-diesel-54-cai-mahle-original-tx-8-83d\/"]}]},{"@type":"ImageObject","inLanguage":"en-US","@id":"https:\/\/autorival.ro\/mazda\/product\/termostat-lichid-racire-mazda-323-iii-station-wagon-bw-1-7-d-bw7w-diesel-54-cai-mahle-original-tx-8-83d\/#primaryimage","url":"https:\/\/autorival.ro\/mazda\/wp-content\/uploads\/sites\/16\/2025\/05\/31758556-2.jpg","contentUrl":"https:\/\/autorival.ro\/mazda\/wp-content\/uploads\/sites\/16\/2025\/05\/31758556-2.jpg","width":283,"height":400,"caption":"Termostat lichid racire MAZDA 323 III Station Wagon (BW) 1.7 D (BW7W) diesel 54 cai MAHLE ORIGINAL TX 8 83D"},{"@type":"BreadcrumbList","@id":"https:\/\/autorival.ro\/mazda\/product\/termostat-lichid-racire-mazda-323-iii-station-wagon-bw-1-7-d-bw7w-diesel-54-cai-mahle-original-tx-8-83d\/#breadcrumb","itemListElement":[{"@type":"ListItem","position":1,"name":"Prima pagin\u0103","item":"https:\/\/autorival.ro\/mazda\/"},{"@type":"ListItem","position":2,"name":"Piese auto MAZDA","item":"https:\/\/autorival.ro\/mazda\/"},{"@type":"ListItem","position":3,"name":"Termostat lichid racire MAZDA 323 III Station Wagon (BW) 1.7 D (BW7W) diesel 54 cai MAHLE ORIGINAL TX 8 83D"}]},{"@type":"WebSite","@id":"https:\/\/autorival.ro\/mazda\/#website","url":"https:\/\/autorival.ro\/mazda\/","name":"MAZDA","description":"","potentialAction":[{"@type":"SearchAction","target":{"@type":"EntryPoint","urlTemplate":"https:\/\/autorival.ro\/mazda\/?s={search_term_string}"},"query-input":{"@type":"PropertyValueSpecification","valueRequired":true,"valueName":"search_term_string"}}],"inLanguage":"en-US"}]}},"_links":{"self":[{"href":"https:\/\/autorival.ro\/mazda\/wp-json\/wp\/v2\/product\/185820","targetHints":{"allow":["GET"]}}],"collection":[{"href":"https:\/\/autorival.ro\/mazda\/wp-json\/wp\/v2\/product"}],"about":[{"href":"https:\/\/autorival.ro\/mazda\/wp-json\/wp\/v2\/types\/product"}],"replies":[{"embeddable":true,"href":"https:\/\/autorival.ro\/mazda\/wp-json\/wp\/v2\/comments?post=185820"}],"wp:featuredmedia":[{"embeddable":true,"href":"https:\/\/autorival.ro\/mazda\/wp-json\/wp\/v2\/media\/185819"}],"wp:attachment":[{"href":"https:\/\/autorival.ro\/mazda\/wp-json\/wp\/v2\/media?parent=185820"}],"wp:term":[{"taxonomy":"product_brand","embeddable":true,"href":"https:\/\/autorival.ro\/mazda\/wp-json\/wp\/v2\/product_brand?post=185820"},{"taxonomy":"product_cat","embeddable":true,"href":"https:\/\/autorival.ro\/mazda\/wp-json\/wp\/v2\/product_cat?post=185820"},{"taxonomy":"product_tag","embeddable":true,"href":"https:\/\/autorival.ro\/mazda\/wp-json\/wp\/v2\/product_tag?post=185820"}],"curies":[{"name":"wp","href":"https:\/\/api.w.org\/{rel}","templated":true}]}}