{"id":182495,"date":"2025-05-15T16:40:50","date_gmt":"2025-05-15T16:40:50","guid":{"rendered":"https:\/\/autorival.ro\/mazda\/product\/suport-trapez-mazda-5-cw-1-8-mzr-benzina-116-cai-sidem-851630\/"},"modified":"2025-05-15T16:40:51","modified_gmt":"2025-05-15T16:40:51","slug":"suport-trapez-mazda-5-cw-1-8-mzr-benzina-116-cai-sidem-851630","status":"publish","type":"product","link":"https:\/\/autorival.ro\/mazda\/product\/suport-trapez-mazda-5-cw-1-8-mzr-benzina-116-cai-sidem-851630\/","title":{"rendered":"Suport trapez MAZDA 5 (CW) 1.8 MZR benzina 116 cai SIDEM 851630"},"content":{"rendered":"<p>Variant\u0103 de echipare: HYDRO SBPartea de montare: spate, punte fata\u00cenaltime [mm]: 73 ->Diametru interior [mm]: 22Tip legatura: brat suspensieTip montare: Buc\u00c3\u02c6\u00e2\u201e\u00a2a cauciuc-metal<\/p>\n","protected":false},"excerpt":{"rendered":"<p>Producator: SIDEM Cod producator: 851630<\/p>\n","protected":false},"featured_media":182300,"comment_status":"open","ping_status":"closed","template":"","meta":[],"product_brand":[1813],"product_cat":[16177],"product_tag":[17332,17330,17249,17258,17568,17923,18482],"class_list":{"0":"post-182495","1":"product","2":"type-product","3":"status-publish","4":"has-post-thumbnail","6":"product_brand-sidem","7":"product_cat-suport-trapez-cw-1-8-mzr-benzina-116","8":"product_tag-cw","9":"product_tag-1-8","10":"product_tag-mazda","11":"product_tag-mzr","12":"product_tag-sidem","13":"product_tag-suport","14":"product_tag-trapez","16":"first","17":"instock","18":"shipping-taxable","19":"purchasable","20":"product-type-simple"},"yoast_head":"<!-- This site is optimized with the Yoast SEO plugin v27.3 - https:\/\/yoast.com\/product\/yoast-seo-wordpress\/ -->\n<title>Suport trapez MAZDA 5 (CW) 1.8 MZR benzina 116 cai SIDEM 851630 MAZDA | SIDEM - Autorival<\/title>\n<meta name=\"description\" content=\"\u26a1 Suport trapez MAZDA 5 (CW) 1.8 MZR benzina 116 cai SIDEM 851630 pentru MAZDA la doar 124.95 RON. \u2713 Cod: 851630 \u2713 Brand: SIDEM \u2713 \u00cen stoc \u2713 Livrare 24h \u2713 Garan\u021bie!\" \/>\n<meta name=\"robots\" content=\"index, follow, max-snippet:-1, max-image-preview:large, max-video-preview:-1\" \/>\n<meta property=\"og:locale\" content=\"en_US\" \/>\n<meta property=\"og:type\" content=\"article\" \/>\n<meta property=\"og:title\" content=\"Suport trapez MAZDA 5 (CW) 1.8 MZR benzina 116 cai SIDEM 851630 MAZDA | SIDEM - Autorival\" \/>\n<meta property=\"og:description\" content=\"\u26a1 Suport trapez MAZDA 5 (CW) 1.8 MZR benzina 116 cai SIDEM 851630 pentru MAZDA la doar 124.95 RON. \u2713 Cod: 851630 \u2713 Brand: SIDEM \u2713 \u00cen stoc \u2713 Livrare 24h \u2713 Garan\u021bie!\" \/>\n<meta property=\"og:url\" content=\"https:\/\/autorival.ro\/mazda\/product\/suport-trapez-mazda-5-cw-1-8-mzr-benzina-116-cai-sidem-851630\/\" \/>\n<meta property=\"og:site_name\" content=\"MAZDA\" \/>\n<meta property=\"article:modified_time\" content=\"2025-05-15T16:40:51+00:00\" \/>\n<meta property=\"og:image\" content=\"https:\/\/autorival.ro\/mazda\/wp-content\/uploads\/sites\/16\/2025\/05\/851630.jpg\" \/>\n\t<meta property=\"og:image:width\" content=\"1500\" \/>\n\t<meta property=\"og:image:height\" content=\"1000\" \/>\n\t<meta property=\"og:image:type\" content=\"image\/jpeg\" \/>\n<meta name=\"twitter:card\" content=\"summary_large_image\" \/>\n<meta name=\"twitter:title\" content=\"Suport trapez MAZDA 5 (CW) 1.8 MZR benzina 116 cai SIDEM 851630 MAZDA | SIDEM - Autorival\" \/>\n<meta name=\"twitter:description\" content=\"\u26a1 Suport trapez MAZDA 5 (CW) 1.8 MZR benzina 116 cai SIDEM 851630 pentru MAZDA la doar 124.95 RON. \u2713 Cod: 851630 \u2713 Brand: SIDEM \u2713 \u00cen stoc \u2713 Livrare 24h \u2713 Garan\u021bie!\" \/>\n<script type=\"application\/ld+json\" class=\"yoast-schema-graph\">{\"@context\":\"https:\\\/\\\/schema.org\",\"@graph\":[{\"@type\":\"WebPage\",\"@id\":\"https:\\\/\\\/autorival.ro\\\/mazda\\\/product\\\/suport-trapez-mazda-5-cw-1-8-mzr-benzina-116-cai-sidem-851630\\\/\",\"url\":\"https:\\\/\\\/autorival.ro\\\/mazda\\\/product\\\/suport-trapez-mazda-5-cw-1-8-mzr-benzina-116-cai-sidem-851630\\\/\",\"name\":\"Suport trapez MAZDA 5 (CW) 1.8 MZR benzina 116 cai SIDEM 851630 MAZDA | SIDEM - Autorival\",\"isPartOf\":{\"@id\":\"https:\\\/\\\/autorival.ro\\\/mazda\\\/#website\"},\"primaryImageOfPage\":{\"@id\":\"https:\\\/\\\/autorival.ro\\\/mazda\\\/product\\\/suport-trapez-mazda-5-cw-1-8-mzr-benzina-116-cai-sidem-851630\\\/#primaryimage\"},\"image\":{\"@id\":\"https:\\\/\\\/autorival.ro\\\/mazda\\\/product\\\/suport-trapez-mazda-5-cw-1-8-mzr-benzina-116-cai-sidem-851630\\\/#primaryimage\"},\"thumbnailUrl\":\"https:\\\/\\\/autorival.ro\\\/mazda\\\/wp-content\\\/uploads\\\/sites\\\/16\\\/2025\\\/05\\\/851630.jpg\",\"datePublished\":\"2025-05-15T16:40:50+00:00\",\"dateModified\":\"2025-05-15T16:40:51+00:00\",\"description\":\"\u26a1 Suport trapez MAZDA 5 (CW) 1.8 MZR benzina 116 cai SIDEM 851630 pentru MAZDA la doar 124.95 RON. \u2713 Cod: 851630 \u2713 Brand: SIDEM \u2713 \u00cen stoc \u2713 Livrare 24h \u2713 Garan\u021bie!\",\"breadcrumb\":{\"@id\":\"https:\\\/\\\/autorival.ro\\\/mazda\\\/product\\\/suport-trapez-mazda-5-cw-1-8-mzr-benzina-116-cai-sidem-851630\\\/#breadcrumb\"},\"inLanguage\":\"en-US\",\"potentialAction\":[{\"@type\":\"ReadAction\",\"target\":[\"https:\\\/\\\/autorival.ro\\\/mazda\\\/product\\\/suport-trapez-mazda-5-cw-1-8-mzr-benzina-116-cai-sidem-851630\\\/\"]}]},{\"@type\":\"ImageObject\",\"inLanguage\":\"en-US\",\"@id\":\"https:\\\/\\\/autorival.ro\\\/mazda\\\/product\\\/suport-trapez-mazda-5-cw-1-8-mzr-benzina-116-cai-sidem-851630\\\/#primaryimage\",\"url\":\"https:\\\/\\\/autorival.ro\\\/mazda\\\/wp-content\\\/uploads\\\/sites\\\/16\\\/2025\\\/05\\\/851630.jpg\",\"contentUrl\":\"https:\\\/\\\/autorival.ro\\\/mazda\\\/wp-content\\\/uploads\\\/sites\\\/16\\\/2025\\\/05\\\/851630.jpg\",\"width\":1500,\"height\":1000,\"caption\":\"Suport trapez MAZDA 5 (CR) 2.0 CD (CR19) diesel 110 cai SIDEM 851630\"},{\"@type\":\"BreadcrumbList\",\"@id\":\"https:\\\/\\\/autorival.ro\\\/mazda\\\/product\\\/suport-trapez-mazda-5-cw-1-8-mzr-benzina-116-cai-sidem-851630\\\/#breadcrumb\",\"itemListElement\":[{\"@type\":\"ListItem\",\"position\":1,\"name\":\"Prima pagin\u0103\",\"item\":\"https:\\\/\\\/autorival.ro\\\/mazda\\\/\"},{\"@type\":\"ListItem\",\"position\":2,\"name\":\"Piese auto MAZDA\",\"item\":\"https:\\\/\\\/autorival.ro\\\/mazda\\\/\"},{\"@type\":\"ListItem\",\"position\":3,\"name\":\"Suport trapez MAZDA 5 (CW) 1.8 MZR benzina 116 cai SIDEM 851630\"}]},{\"@type\":\"WebSite\",\"@id\":\"https:\\\/\\\/autorival.ro\\\/mazda\\\/#website\",\"url\":\"https:\\\/\\\/autorival.ro\\\/mazda\\\/\",\"name\":\"MAZDA\",\"description\":\"\",\"potentialAction\":[{\"@type\":\"SearchAction\",\"target\":{\"@type\":\"EntryPoint\",\"urlTemplate\":\"https:\\\/\\\/autorival.ro\\\/mazda\\\/?s={search_term_string}\"},\"query-input\":{\"@type\":\"PropertyValueSpecification\",\"valueRequired\":true,\"valueName\":\"search_term_string\"}}],\"inLanguage\":\"en-US\"}]}<\/script>\n<!-- \/ Yoast SEO plugin. -->","yoast_head_json":{"title":"Suport trapez MAZDA 5 (CW) 1.8 MZR benzina 116 cai SIDEM 851630 MAZDA | SIDEM - Autorival","description":"\u26a1 Suport trapez MAZDA 5 (CW) 1.8 MZR benzina 116 cai SIDEM 851630 pentru MAZDA la doar 124.95 RON. \u2713 Cod: 851630 \u2713 Brand: SIDEM \u2713 \u00cen stoc \u2713 Livrare 24h \u2713 Garan\u021bie!","robots":{"index":"index","follow":"follow","max-snippet":"max-snippet:-1","max-image-preview":"max-image-preview:large","max-video-preview":"max-video-preview:-1"},"og_locale":"en_US","og_type":"article","og_title":"Suport trapez MAZDA 5 (CW) 1.8 MZR benzina 116 cai SIDEM 851630 MAZDA | SIDEM - Autorival","og_description":"\u26a1 Suport trapez MAZDA 5 (CW) 1.8 MZR benzina 116 cai SIDEM 851630 pentru MAZDA la doar 124.95 RON. \u2713 Cod: 851630 \u2713 Brand: SIDEM \u2713 \u00cen stoc \u2713 Livrare 24h \u2713 Garan\u021bie!","og_url":"https:\/\/autorival.ro\/mazda\/product\/suport-trapez-mazda-5-cw-1-8-mzr-benzina-116-cai-sidem-851630\/","og_site_name":"MAZDA","article_modified_time":"2025-05-15T16:40:51+00:00","og_image":[{"width":1500,"height":1000,"url":"https:\/\/autorival.ro\/mazda\/wp-content\/uploads\/sites\/16\/2025\/05\/851630.jpg","type":"image\/jpeg"}],"twitter_card":"summary_large_image","twitter_title":"Suport trapez MAZDA 5 (CW) 1.8 MZR benzina 116 cai SIDEM 851630 MAZDA | SIDEM - Autorival","twitter_description":"\u26a1 Suport trapez MAZDA 5 (CW) 1.8 MZR benzina 116 cai SIDEM 851630 pentru MAZDA la doar 124.95 RON. \u2713 Cod: 851630 \u2713 Brand: SIDEM \u2713 \u00cen stoc \u2713 Livrare 24h \u2713 Garan\u021bie!","schema":{"@context":"https:\/\/schema.org","@graph":[{"@type":"WebPage","@id":"https:\/\/autorival.ro\/mazda\/product\/suport-trapez-mazda-5-cw-1-8-mzr-benzina-116-cai-sidem-851630\/","url":"https:\/\/autorival.ro\/mazda\/product\/suport-trapez-mazda-5-cw-1-8-mzr-benzina-116-cai-sidem-851630\/","name":"Suport trapez MAZDA 5 (CW) 1.8 MZR benzina 116 cai SIDEM 851630 MAZDA | SIDEM - Autorival","isPartOf":{"@id":"https:\/\/autorival.ro\/mazda\/#website"},"primaryImageOfPage":{"@id":"https:\/\/autorival.ro\/mazda\/product\/suport-trapez-mazda-5-cw-1-8-mzr-benzina-116-cai-sidem-851630\/#primaryimage"},"image":{"@id":"https:\/\/autorival.ro\/mazda\/product\/suport-trapez-mazda-5-cw-1-8-mzr-benzina-116-cai-sidem-851630\/#primaryimage"},"thumbnailUrl":"https:\/\/autorival.ro\/mazda\/wp-content\/uploads\/sites\/16\/2025\/05\/851630.jpg","datePublished":"2025-05-15T16:40:50+00:00","dateModified":"2025-05-15T16:40:51+00:00","description":"\u26a1 Suport trapez MAZDA 5 (CW) 1.8 MZR benzina 116 cai SIDEM 851630 pentru MAZDA la doar 124.95 RON. \u2713 Cod: 851630 \u2713 Brand: SIDEM \u2713 \u00cen stoc \u2713 Livrare 24h \u2713 Garan\u021bie!","breadcrumb":{"@id":"https:\/\/autorival.ro\/mazda\/product\/suport-trapez-mazda-5-cw-1-8-mzr-benzina-116-cai-sidem-851630\/#breadcrumb"},"inLanguage":"en-US","potentialAction":[{"@type":"ReadAction","target":["https:\/\/autorival.ro\/mazda\/product\/suport-trapez-mazda-5-cw-1-8-mzr-benzina-116-cai-sidem-851630\/"]}]},{"@type":"ImageObject","inLanguage":"en-US","@id":"https:\/\/autorival.ro\/mazda\/product\/suport-trapez-mazda-5-cw-1-8-mzr-benzina-116-cai-sidem-851630\/#primaryimage","url":"https:\/\/autorival.ro\/mazda\/wp-content\/uploads\/sites\/16\/2025\/05\/851630.jpg","contentUrl":"https:\/\/autorival.ro\/mazda\/wp-content\/uploads\/sites\/16\/2025\/05\/851630.jpg","width":1500,"height":1000,"caption":"Suport trapez MAZDA 5 (CR) 2.0 CD (CR19) diesel 110 cai SIDEM 851630"},{"@type":"BreadcrumbList","@id":"https:\/\/autorival.ro\/mazda\/product\/suport-trapez-mazda-5-cw-1-8-mzr-benzina-116-cai-sidem-851630\/#breadcrumb","itemListElement":[{"@type":"ListItem","position":1,"name":"Prima pagin\u0103","item":"https:\/\/autorival.ro\/mazda\/"},{"@type":"ListItem","position":2,"name":"Piese auto MAZDA","item":"https:\/\/autorival.ro\/mazda\/"},{"@type":"ListItem","position":3,"name":"Suport trapez MAZDA 5 (CW) 1.8 MZR benzina 116 cai SIDEM 851630"}]},{"@type":"WebSite","@id":"https:\/\/autorival.ro\/mazda\/#website","url":"https:\/\/autorival.ro\/mazda\/","name":"MAZDA","description":"","potentialAction":[{"@type":"SearchAction","target":{"@type":"EntryPoint","urlTemplate":"https:\/\/autorival.ro\/mazda\/?s={search_term_string}"},"query-input":{"@type":"PropertyValueSpecification","valueRequired":true,"valueName":"search_term_string"}}],"inLanguage":"en-US"}]}},"_links":{"self":[{"href":"https:\/\/autorival.ro\/mazda\/wp-json\/wp\/v2\/product\/182495","targetHints":{"allow":["GET"]}}],"collection":[{"href":"https:\/\/autorival.ro\/mazda\/wp-json\/wp\/v2\/product"}],"about":[{"href":"https:\/\/autorival.ro\/mazda\/wp-json\/wp\/v2\/types\/product"}],"replies":[{"embeddable":true,"href":"https:\/\/autorival.ro\/mazda\/wp-json\/wp\/v2\/comments?post=182495"}],"wp:featuredmedia":[{"embeddable":true,"href":"https:\/\/autorival.ro\/mazda\/wp-json\/wp\/v2\/media\/182300"}],"wp:attachment":[{"href":"https:\/\/autorival.ro\/mazda\/wp-json\/wp\/v2\/media?parent=182495"}],"wp:term":[{"taxonomy":"product_brand","embeddable":true,"href":"https:\/\/autorival.ro\/mazda\/wp-json\/wp\/v2\/product_brand?post=182495"},{"taxonomy":"product_cat","embeddable":true,"href":"https:\/\/autorival.ro\/mazda\/wp-json\/wp\/v2\/product_cat?post=182495"},{"taxonomy":"product_tag","embeddable":true,"href":"https:\/\/autorival.ro\/mazda\/wp-json\/wp\/v2\/product_tag?post=182495"}],"curies":[{"name":"wp","href":"https:\/\/api.w.org\/{rel}","templated":true}]}}