{"id":178426,"date":"2025-05-15T15:14:55","date_gmt":"2025-05-15T15:14:55","guid":{"rendered":"https:\/\/autorival.ro\/mazda\/product\/sonda-lambda-mazda-6-combi-gj-gl-2-2-d-awd-diesel-150-cai-denso-dox-0589\/"},"modified":"2025-05-15T15:14:56","modified_gmt":"2025-05-15T15:14:56","slug":"sonda-lambda-mazda-6-combi-gj-gl-2-2-d-awd-diesel-150-cai-denso-dox-0589","status":"publish","type":"product","link":"https:\/\/autorival.ro\/mazda\/product\/sonda-lambda-mazda-6-combi-gj-gl-2-2-d-awd-diesel-150-cai-denso-dox-0589\/","title":{"rendered":"Sonda Lambda MAZDA 6 combi (GJ, GL) 2.2 D AWD diesel 150 cai DENSO DOX-0589"},"content":{"rendered":"<p>pt. cod original (OE): SH01188G1Sistem de esapament: ptr. filtru de particulept. cod original (OE): SH09188G1Calitate: OERestrictiile producatorului: DENSO ->Dimensiune filet: M18x1.5 ->Lungime cablu [mm]: 613Num\u0103rul conexiunilor cu muf\u0103: 4Masa [g]: 109Sonda lambda: incalzit, Sonda Lambda, Sonda Lambda de banda larga ->Greutate brut\u0103 [g]: 144<\/p>\n","protected":false},"excerpt":{"rendered":"<p>Producator: DENSO Cod producator: DOX-0589<\/p>\n","protected":false},"featured_media":178421,"comment_status":"open","ping_status":"closed","template":"","meta":[],"product_brand":[2552],"product_cat":[15647],"product_tag":[17282,17652,18462,17280,18461,17249,18460],"class_list":{"0":"post-178426","1":"product","2":"type-product","3":"status-publish","4":"has-post-thumbnail","6":"product_brand-denso","7":"product_cat-sonda-lambda-combi-gj-gl-2-2-d-awd-diesel-150","8":"product_tag-awd","9":"product_tag-denso","10":"product_tag-dox","11":"product_tag-gl","12":"product_tag-lambda","13":"product_tag-mazda","14":"product_tag-sonda","16":"first","17":"instock","18":"shipping-taxable","19":"purchasable","20":"product-type-simple"},"yoast_head":"<!-- This site is optimized with the Yoast SEO plugin v27.3 - https:\/\/yoast.com\/product\/yoast-seo-wordpress\/ -->\n<title>Sonda Lambda MAZDA 6 combi (GJ, GL) 2.2 D AWD diesel 150 cai DENSO DOX-0589 MAZDA | DENSO - Autorival<\/title>\n<meta name=\"description\" content=\"\u26a1 Sonda Lambda MAZDA 6 combi (GJ, GL) 2.2 D AWD diesel 150 cai DENSO DOX-0589 pentru MAZDA la doar 886.2 RON. \u2713 Cod: DOX-0589 \u2713 Brand: DENSO \u2713 \u00cen stoc \u2713 Livrare 24h \u2713 Garan\u021bie!\" \/>\n<meta name=\"robots\" content=\"index, follow, max-snippet:-1, max-image-preview:large, max-video-preview:-1\" \/>\n<meta property=\"og:locale\" content=\"en_US\" \/>\n<meta property=\"og:type\" content=\"article\" \/>\n<meta property=\"og:title\" content=\"Sonda Lambda MAZDA 6 combi (GJ, GL) 2.2 D AWD diesel 150 cai DENSO DOX-0589 MAZDA | DENSO - Autorival\" \/>\n<meta property=\"og:description\" content=\"\u26a1 Sonda Lambda MAZDA 6 combi (GJ, GL) 2.2 D AWD diesel 150 cai DENSO DOX-0589 pentru MAZDA la doar 886.2 RON. \u2713 Cod: DOX-0589 \u2713 Brand: DENSO \u2713 \u00cen stoc \u2713 Livrare 24h \u2713 Garan\u021bie!\" \/>\n<meta property=\"og:url\" content=\"https:\/\/autorival.ro\/mazda\/product\/sonda-lambda-mazda-6-combi-gj-gl-2-2-d-awd-diesel-150-cai-denso-dox-0589\/\" \/>\n<meta property=\"og:site_name\" content=\"MAZDA\" \/>\n<meta property=\"article:modified_time\" content=\"2025-05-15T15:14:56+00:00\" \/>\n<meta property=\"og:image\" content=\"https:\/\/autorival.ro\/mazda\/wp-content\/uploads\/sites\/16\/2025\/05\/dox-0589_2127277-3.jpg\" \/>\n\t<meta property=\"og:image:width\" content=\"2000\" \/>\n\t<meta property=\"og:image:height\" content=\"2000\" \/>\n\t<meta property=\"og:image:type\" content=\"image\/jpeg\" \/>\n<meta name=\"twitter:card\" content=\"summary_large_image\" \/>\n<meta name=\"twitter:title\" content=\"Sonda Lambda MAZDA 6 combi (GJ, GL) 2.2 D AWD diesel 150 cai DENSO DOX-0589 MAZDA | DENSO - Autorival\" \/>\n<meta name=\"twitter:description\" content=\"\u26a1 Sonda Lambda MAZDA 6 combi (GJ, GL) 2.2 D AWD diesel 150 cai DENSO DOX-0589 pentru MAZDA la doar 886.2 RON. \u2713 Cod: DOX-0589 \u2713 Brand: DENSO \u2713 \u00cen stoc \u2713 Livrare 24h \u2713 Garan\u021bie!\" \/>\n<script type=\"application\/ld+json\" class=\"yoast-schema-graph\">{\"@context\":\"https:\\\/\\\/schema.org\",\"@graph\":[{\"@type\":\"WebPage\",\"@id\":\"https:\\\/\\\/autorival.ro\\\/mazda\\\/product\\\/sonda-lambda-mazda-6-combi-gj-gl-2-2-d-awd-diesel-150-cai-denso-dox-0589\\\/\",\"url\":\"https:\\\/\\\/autorival.ro\\\/mazda\\\/product\\\/sonda-lambda-mazda-6-combi-gj-gl-2-2-d-awd-diesel-150-cai-denso-dox-0589\\\/\",\"name\":\"Sonda Lambda MAZDA 6 combi (GJ, GL) 2.2 D AWD diesel 150 cai DENSO DOX-0589 MAZDA | DENSO - Autorival\",\"isPartOf\":{\"@id\":\"https:\\\/\\\/autorival.ro\\\/mazda\\\/#website\"},\"primaryImageOfPage\":{\"@id\":\"https:\\\/\\\/autorival.ro\\\/mazda\\\/product\\\/sonda-lambda-mazda-6-combi-gj-gl-2-2-d-awd-diesel-150-cai-denso-dox-0589\\\/#primaryimage\"},\"image\":{\"@id\":\"https:\\\/\\\/autorival.ro\\\/mazda\\\/product\\\/sonda-lambda-mazda-6-combi-gj-gl-2-2-d-awd-diesel-150-cai-denso-dox-0589\\\/#primaryimage\"},\"thumbnailUrl\":\"https:\\\/\\\/autorival.ro\\\/mazda\\\/wp-content\\\/uploads\\\/sites\\\/16\\\/2025\\\/05\\\/dox-0589_2127277-3.jpg\",\"datePublished\":\"2025-05-15T15:14:55+00:00\",\"dateModified\":\"2025-05-15T15:14:56+00:00\",\"description\":\"\u26a1 Sonda Lambda MAZDA 6 combi (GJ, GL) 2.2 D AWD diesel 150 cai DENSO DOX-0589 pentru MAZDA la doar 886.2 RON. \u2713 Cod: DOX-0589 \u2713 Brand: DENSO \u2713 \u00cen stoc \u2713 Livrare 24h \u2713 Garan\u021bie!\",\"breadcrumb\":{\"@id\":\"https:\\\/\\\/autorival.ro\\\/mazda\\\/product\\\/sonda-lambda-mazda-6-combi-gj-gl-2-2-d-awd-diesel-150-cai-denso-dox-0589\\\/#breadcrumb\"},\"inLanguage\":\"en-US\",\"potentialAction\":[{\"@type\":\"ReadAction\",\"target\":[\"https:\\\/\\\/autorival.ro\\\/mazda\\\/product\\\/sonda-lambda-mazda-6-combi-gj-gl-2-2-d-awd-diesel-150-cai-denso-dox-0589\\\/\"]}]},{\"@type\":\"ImageObject\",\"inLanguage\":\"en-US\",\"@id\":\"https:\\\/\\\/autorival.ro\\\/mazda\\\/product\\\/sonda-lambda-mazda-6-combi-gj-gl-2-2-d-awd-diesel-150-cai-denso-dox-0589\\\/#primaryimage\",\"url\":\"https:\\\/\\\/autorival.ro\\\/mazda\\\/wp-content\\\/uploads\\\/sites\\\/16\\\/2025\\\/05\\\/dox-0589_2127277-3.jpg\",\"contentUrl\":\"https:\\\/\\\/autorival.ro\\\/mazda\\\/wp-content\\\/uploads\\\/sites\\\/16\\\/2025\\\/05\\\/dox-0589_2127277-3.jpg\",\"width\":2000,\"height\":2000,\"caption\":\"Sonda Lambda MAZDA 6 combi (GJ, GL) 2.2 D (GJ2FW, GJ1021, GJ1022, GL1021) diesel 175 cai DENSO DOX-0589\"},{\"@type\":\"BreadcrumbList\",\"@id\":\"https:\\\/\\\/autorival.ro\\\/mazda\\\/product\\\/sonda-lambda-mazda-6-combi-gj-gl-2-2-d-awd-diesel-150-cai-denso-dox-0589\\\/#breadcrumb\",\"itemListElement\":[{\"@type\":\"ListItem\",\"position\":1,\"name\":\"Prima pagin\u0103\",\"item\":\"https:\\\/\\\/autorival.ro\\\/mazda\\\/\"},{\"@type\":\"ListItem\",\"position\":2,\"name\":\"Piese auto MAZDA\",\"item\":\"https:\\\/\\\/autorival.ro\\\/mazda\\\/\"},{\"@type\":\"ListItem\",\"position\":3,\"name\":\"Sonda Lambda MAZDA 6 combi (GJ, GL) 2.2 D AWD diesel 150 cai DENSO DOX-0589\"}]},{\"@type\":\"WebSite\",\"@id\":\"https:\\\/\\\/autorival.ro\\\/mazda\\\/#website\",\"url\":\"https:\\\/\\\/autorival.ro\\\/mazda\\\/\",\"name\":\"MAZDA\",\"description\":\"\",\"potentialAction\":[{\"@type\":\"SearchAction\",\"target\":{\"@type\":\"EntryPoint\",\"urlTemplate\":\"https:\\\/\\\/autorival.ro\\\/mazda\\\/?s={search_term_string}\"},\"query-input\":{\"@type\":\"PropertyValueSpecification\",\"valueRequired\":true,\"valueName\":\"search_term_string\"}}],\"inLanguage\":\"en-US\"}]}<\/script>\n<!-- \/ Yoast SEO plugin. -->","yoast_head_json":{"title":"Sonda Lambda MAZDA 6 combi (GJ, GL) 2.2 D AWD diesel 150 cai DENSO DOX-0589 MAZDA | DENSO - Autorival","description":"\u26a1 Sonda Lambda MAZDA 6 combi (GJ, GL) 2.2 D AWD diesel 150 cai DENSO DOX-0589 pentru MAZDA la doar 886.2 RON. \u2713 Cod: DOX-0589 \u2713 Brand: DENSO \u2713 \u00cen stoc \u2713 Livrare 24h \u2713 Garan\u021bie!","robots":{"index":"index","follow":"follow","max-snippet":"max-snippet:-1","max-image-preview":"max-image-preview:large","max-video-preview":"max-video-preview:-1"},"og_locale":"en_US","og_type":"article","og_title":"Sonda Lambda MAZDA 6 combi (GJ, GL) 2.2 D AWD diesel 150 cai DENSO DOX-0589 MAZDA | DENSO - Autorival","og_description":"\u26a1 Sonda Lambda MAZDA 6 combi (GJ, GL) 2.2 D AWD diesel 150 cai DENSO DOX-0589 pentru MAZDA la doar 886.2 RON. \u2713 Cod: DOX-0589 \u2713 Brand: DENSO \u2713 \u00cen stoc \u2713 Livrare 24h \u2713 Garan\u021bie!","og_url":"https:\/\/autorival.ro\/mazda\/product\/sonda-lambda-mazda-6-combi-gj-gl-2-2-d-awd-diesel-150-cai-denso-dox-0589\/","og_site_name":"MAZDA","article_modified_time":"2025-05-15T15:14:56+00:00","og_image":[{"width":2000,"height":2000,"url":"https:\/\/autorival.ro\/mazda\/wp-content\/uploads\/sites\/16\/2025\/05\/dox-0589_2127277-3.jpg","type":"image\/jpeg"}],"twitter_card":"summary_large_image","twitter_title":"Sonda Lambda MAZDA 6 combi (GJ, GL) 2.2 D AWD diesel 150 cai DENSO DOX-0589 MAZDA | DENSO - Autorival","twitter_description":"\u26a1 Sonda Lambda MAZDA 6 combi (GJ, GL) 2.2 D AWD diesel 150 cai DENSO DOX-0589 pentru MAZDA la doar 886.2 RON. \u2713 Cod: DOX-0589 \u2713 Brand: DENSO \u2713 \u00cen stoc \u2713 Livrare 24h \u2713 Garan\u021bie!","schema":{"@context":"https:\/\/schema.org","@graph":[{"@type":"WebPage","@id":"https:\/\/autorival.ro\/mazda\/product\/sonda-lambda-mazda-6-combi-gj-gl-2-2-d-awd-diesel-150-cai-denso-dox-0589\/","url":"https:\/\/autorival.ro\/mazda\/product\/sonda-lambda-mazda-6-combi-gj-gl-2-2-d-awd-diesel-150-cai-denso-dox-0589\/","name":"Sonda Lambda MAZDA 6 combi (GJ, GL) 2.2 D AWD diesel 150 cai DENSO DOX-0589 MAZDA | DENSO - Autorival","isPartOf":{"@id":"https:\/\/autorival.ro\/mazda\/#website"},"primaryImageOfPage":{"@id":"https:\/\/autorival.ro\/mazda\/product\/sonda-lambda-mazda-6-combi-gj-gl-2-2-d-awd-diesel-150-cai-denso-dox-0589\/#primaryimage"},"image":{"@id":"https:\/\/autorival.ro\/mazda\/product\/sonda-lambda-mazda-6-combi-gj-gl-2-2-d-awd-diesel-150-cai-denso-dox-0589\/#primaryimage"},"thumbnailUrl":"https:\/\/autorival.ro\/mazda\/wp-content\/uploads\/sites\/16\/2025\/05\/dox-0589_2127277-3.jpg","datePublished":"2025-05-15T15:14:55+00:00","dateModified":"2025-05-15T15:14:56+00:00","description":"\u26a1 Sonda Lambda MAZDA 6 combi (GJ, GL) 2.2 D AWD diesel 150 cai DENSO DOX-0589 pentru MAZDA la doar 886.2 RON. \u2713 Cod: DOX-0589 \u2713 Brand: DENSO \u2713 \u00cen stoc \u2713 Livrare 24h \u2713 Garan\u021bie!","breadcrumb":{"@id":"https:\/\/autorival.ro\/mazda\/product\/sonda-lambda-mazda-6-combi-gj-gl-2-2-d-awd-diesel-150-cai-denso-dox-0589\/#breadcrumb"},"inLanguage":"en-US","potentialAction":[{"@type":"ReadAction","target":["https:\/\/autorival.ro\/mazda\/product\/sonda-lambda-mazda-6-combi-gj-gl-2-2-d-awd-diesel-150-cai-denso-dox-0589\/"]}]},{"@type":"ImageObject","inLanguage":"en-US","@id":"https:\/\/autorival.ro\/mazda\/product\/sonda-lambda-mazda-6-combi-gj-gl-2-2-d-awd-diesel-150-cai-denso-dox-0589\/#primaryimage","url":"https:\/\/autorival.ro\/mazda\/wp-content\/uploads\/sites\/16\/2025\/05\/dox-0589_2127277-3.jpg","contentUrl":"https:\/\/autorival.ro\/mazda\/wp-content\/uploads\/sites\/16\/2025\/05\/dox-0589_2127277-3.jpg","width":2000,"height":2000,"caption":"Sonda Lambda MAZDA 6 combi (GJ, GL) 2.2 D (GJ2FW, GJ1021, GJ1022, GL1021) diesel 175 cai DENSO DOX-0589"},{"@type":"BreadcrumbList","@id":"https:\/\/autorival.ro\/mazda\/product\/sonda-lambda-mazda-6-combi-gj-gl-2-2-d-awd-diesel-150-cai-denso-dox-0589\/#breadcrumb","itemListElement":[{"@type":"ListItem","position":1,"name":"Prima pagin\u0103","item":"https:\/\/autorival.ro\/mazda\/"},{"@type":"ListItem","position":2,"name":"Piese auto MAZDA","item":"https:\/\/autorival.ro\/mazda\/"},{"@type":"ListItem","position":3,"name":"Sonda Lambda MAZDA 6 combi (GJ, GL) 2.2 D AWD diesel 150 cai DENSO DOX-0589"}]},{"@type":"WebSite","@id":"https:\/\/autorival.ro\/mazda\/#website","url":"https:\/\/autorival.ro\/mazda\/","name":"MAZDA","description":"","potentialAction":[{"@type":"SearchAction","target":{"@type":"EntryPoint","urlTemplate":"https:\/\/autorival.ro\/mazda\/?s={search_term_string}"},"query-input":{"@type":"PropertyValueSpecification","valueRequired":true,"valueName":"search_term_string"}}],"inLanguage":"en-US"}]}},"_links":{"self":[{"href":"https:\/\/autorival.ro\/mazda\/wp-json\/wp\/v2\/product\/178426","targetHints":{"allow":["GET"]}}],"collection":[{"href":"https:\/\/autorival.ro\/mazda\/wp-json\/wp\/v2\/product"}],"about":[{"href":"https:\/\/autorival.ro\/mazda\/wp-json\/wp\/v2\/types\/product"}],"replies":[{"embeddable":true,"href":"https:\/\/autorival.ro\/mazda\/wp-json\/wp\/v2\/comments?post=178426"}],"wp:featuredmedia":[{"embeddable":true,"href":"https:\/\/autorival.ro\/mazda\/wp-json\/wp\/v2\/media\/178421"}],"wp:attachment":[{"href":"https:\/\/autorival.ro\/mazda\/wp-json\/wp\/v2\/media?parent=178426"}],"wp:term":[{"taxonomy":"product_brand","embeddable":true,"href":"https:\/\/autorival.ro\/mazda\/wp-json\/wp\/v2\/product_brand?post=178426"},{"taxonomy":"product_cat","embeddable":true,"href":"https:\/\/autorival.ro\/mazda\/wp-json\/wp\/v2\/product_cat?post=178426"},{"taxonomy":"product_tag","embeddable":true,"href":"https:\/\/autorival.ro\/mazda\/wp-json\/wp\/v2\/product_tag?post=178426"}],"curies":[{"name":"wp","href":"https:\/\/api.w.org\/{rel}","templated":true}]}}