{"id":173309,"date":"2025-05-15T13:34:52","date_gmt":"2025-05-15T13:34:52","guid":{"rendered":"https:\/\/autorival.ro\/mazda\/product\/set-saboti-frana-mazda-2-dy-1-2-dy3w-benzina-75-cai-zimmermann-10990-119-0\/"},"modified":"2025-05-15T13:34:52","modified_gmt":"2025-05-15T13:34:52","slug":"set-saboti-frana-mazda-2-dy-1-2-dy3w-benzina-75-cai-zimmermann-10990-119-0","status":"publish","type":"product","link":"https:\/\/autorival.ro\/mazda\/product\/set-saboti-frana-mazda-2-dy-1-2-dy3w-benzina-75-cai-zimmermann-10990-119-0\/","title":{"rendered":"Set saboti frana MAZDA 2 (DY) 1.2 (DY3W) benzina 75 cai ZIMMERMANN 10990.119.0"},"content":{"rendered":"<p>Partea de montare: puntea spateSistem de fr\u00e2nare: LOCKHEED ->Diametru tambur de fr\u00e2n\u0103 interior [mm]: 203 ->Latime [mm]: 38Articol extins\/Informatii de extindere: cu p\u00e2rghie, Fotografia corespunde volumului livr\u0103riiAprobare: ECE R90 APPROVED<\/p>\n","protected":false},"excerpt":{"rendered":"<p>Producator: ZIMMERMANN Cod producator: 10990.119.0<\/p>\n","protected":false},"featured_media":173308,"comment_status":"open","ping_status":"closed","template":"","meta":[],"product_brand":[5887],"product_cat":[14782],"product_tag":[17261,17262,17470,17249,18368,18241,17888],"class_list":{"0":"post-173309","1":"product","2":"type-product","3":"status-publish","4":"has-post-thumbnail","6":"product_brand-zimmermann","7":"product_cat-set-saboti-frana-dy-1-2-dy3w-benzina-75","8":"product_tag-dy","9":"product_tag-1-2","10":"product_tag-frana","11":"product_tag-mazda","12":"product_tag-saboti","13":"product_tag-set","14":"product_tag-zimmermann","16":"first","17":"instock","18":"shipping-taxable","19":"purchasable","20":"product-type-simple"},"yoast_head":"<!-- This site is optimized with the Yoast SEO plugin v27.3 - https:\/\/yoast.com\/product\/yoast-seo-wordpress\/ -->\n<title>Set saboti frana MAZDA 2 (DY) 1.2 (DY3W) benzina 75 cai ZIMMERMANN 10990.119.0 MAZDA | ZIMMERMANN - Autorival<\/title>\n<meta name=\"description\" content=\"\u26a1 Set saboti frana MAZDA 2 (DY) 1.2 (DY3W) benzina 75 cai ZIMMERMANN 10990.119.0 pentru MAZDA la doar 255.15 RON. \u2713 Cod: 10990 \u2713 Brand: ZIMMERMANN \u2713 \u00cen stoc \u2713 Livrare 24h \u2713 Garan\u021bie!\" \/>\n<meta name=\"robots\" content=\"index, follow, max-snippet:-1, max-image-preview:large, max-video-preview:-1\" \/>\n<meta property=\"og:locale\" content=\"en_US\" \/>\n<meta property=\"og:type\" content=\"article\" \/>\n<meta property=\"og:title\" content=\"Set saboti frana MAZDA 2 (DY) 1.2 (DY3W) benzina 75 cai ZIMMERMANN 10990.119.0 MAZDA | ZIMMERMANN - Autorival\" \/>\n<meta property=\"og:description\" content=\"\u26a1 Set saboti frana MAZDA 2 (DY) 1.2 (DY3W) benzina 75 cai ZIMMERMANN 10990.119.0 pentru MAZDA la doar 255.15 RON. \u2713 Cod: 10990 \u2713 Brand: ZIMMERMANN \u2713 \u00cen stoc \u2713 Livrare 24h \u2713 Garan\u021bie!\" \/>\n<meta property=\"og:url\" content=\"https:\/\/autorival.ro\/mazda\/product\/set-saboti-frana-mazda-2-dy-1-2-dy3w-benzina-75-cai-zimmermann-10990-119-0\/\" \/>\n<meta property=\"og:site_name\" content=\"MAZDA\" \/>\n<meta property=\"og:image\" content=\"https:\/\/autorival.ro\/mazda\/wp-content\/uploads\/sites\/16\/2025\/05\/10990.119.0-1.jpg\" \/>\n\t<meta property=\"og:image:width\" content=\"396\" \/>\n\t<meta property=\"og:image:height\" content=\"398\" \/>\n\t<meta property=\"og:image:type\" content=\"image\/jpeg\" \/>\n<meta name=\"twitter:card\" content=\"summary_large_image\" \/>\n<meta name=\"twitter:title\" content=\"Set saboti frana MAZDA 2 (DY) 1.2 (DY3W) benzina 75 cai ZIMMERMANN 10990.119.0 MAZDA | ZIMMERMANN - Autorival\" \/>\n<meta name=\"twitter:description\" content=\"\u26a1 Set saboti frana MAZDA 2 (DY) 1.2 (DY3W) benzina 75 cai ZIMMERMANN 10990.119.0 pentru MAZDA la doar 255.15 RON. \u2713 Cod: 10990 \u2713 Brand: ZIMMERMANN \u2713 \u00cen stoc \u2713 Livrare 24h \u2713 Garan\u021bie!\" \/>\n<script type=\"application\/ld+json\" class=\"yoast-schema-graph\">{\"@context\":\"https:\\\/\\\/schema.org\",\"@graph\":[{\"@type\":\"WebPage\",\"@id\":\"https:\\\/\\\/autorival.ro\\\/mazda\\\/product\\\/set-saboti-frana-mazda-2-dy-1-2-dy3w-benzina-75-cai-zimmermann-10990-119-0\\\/\",\"url\":\"https:\\\/\\\/autorival.ro\\\/mazda\\\/product\\\/set-saboti-frana-mazda-2-dy-1-2-dy3w-benzina-75-cai-zimmermann-10990-119-0\\\/\",\"name\":\"Set saboti frana MAZDA 2 (DY) 1.2 (DY3W) benzina 75 cai ZIMMERMANN 10990.119.0 MAZDA | ZIMMERMANN - Autorival\",\"isPartOf\":{\"@id\":\"https:\\\/\\\/autorival.ro\\\/mazda\\\/#website\"},\"primaryImageOfPage\":{\"@id\":\"https:\\\/\\\/autorival.ro\\\/mazda\\\/product\\\/set-saboti-frana-mazda-2-dy-1-2-dy3w-benzina-75-cai-zimmermann-10990-119-0\\\/#primaryimage\"},\"image\":{\"@id\":\"https:\\\/\\\/autorival.ro\\\/mazda\\\/product\\\/set-saboti-frana-mazda-2-dy-1-2-dy3w-benzina-75-cai-zimmermann-10990-119-0\\\/#primaryimage\"},\"thumbnailUrl\":\"https:\\\/\\\/autorival.ro\\\/mazda\\\/wp-content\\\/uploads\\\/sites\\\/16\\\/2025\\\/05\\\/10990.119.0-1.jpg\",\"datePublished\":\"2025-05-15T13:34:52+00:00\",\"description\":\"\u26a1 Set saboti frana MAZDA 2 (DY) 1.2 (DY3W) benzina 75 cai ZIMMERMANN 10990.119.0 pentru MAZDA la doar 255.15 RON. \u2713 Cod: 10990 \u2713 Brand: ZIMMERMANN \u2713 \u00cen stoc \u2713 Livrare 24h \u2713 Garan\u021bie!\",\"breadcrumb\":{\"@id\":\"https:\\\/\\\/autorival.ro\\\/mazda\\\/product\\\/set-saboti-frana-mazda-2-dy-1-2-dy3w-benzina-75-cai-zimmermann-10990-119-0\\\/#breadcrumb\"},\"inLanguage\":\"en-US\",\"potentialAction\":[{\"@type\":\"ReadAction\",\"target\":[\"https:\\\/\\\/autorival.ro\\\/mazda\\\/product\\\/set-saboti-frana-mazda-2-dy-1-2-dy3w-benzina-75-cai-zimmermann-10990-119-0\\\/\"]}]},{\"@type\":\"ImageObject\",\"inLanguage\":\"en-US\",\"@id\":\"https:\\\/\\\/autorival.ro\\\/mazda\\\/product\\\/set-saboti-frana-mazda-2-dy-1-2-dy3w-benzina-75-cai-zimmermann-10990-119-0\\\/#primaryimage\",\"url\":\"https:\\\/\\\/autorival.ro\\\/mazda\\\/wp-content\\\/uploads\\\/sites\\\/16\\\/2025\\\/05\\\/10990.119.0-1.jpg\",\"contentUrl\":\"https:\\\/\\\/autorival.ro\\\/mazda\\\/wp-content\\\/uploads\\\/sites\\\/16\\\/2025\\\/05\\\/10990.119.0-1.jpg\",\"width\":396,\"height\":398,\"caption\":\"Set saboti frana MAZDA 2 (DY) 1.2 (DY3W) benzina 75 cai ZIMMERMANN 10990.119.0\"},{\"@type\":\"BreadcrumbList\",\"@id\":\"https:\\\/\\\/autorival.ro\\\/mazda\\\/product\\\/set-saboti-frana-mazda-2-dy-1-2-dy3w-benzina-75-cai-zimmermann-10990-119-0\\\/#breadcrumb\",\"itemListElement\":[{\"@type\":\"ListItem\",\"position\":1,\"name\":\"Prima pagin\u0103\",\"item\":\"https:\\\/\\\/autorival.ro\\\/mazda\\\/\"},{\"@type\":\"ListItem\",\"position\":2,\"name\":\"Piese auto MAZDA\",\"item\":\"https:\\\/\\\/autorival.ro\\\/mazda\\\/\"},{\"@type\":\"ListItem\",\"position\":3,\"name\":\"Set saboti frana MAZDA 2 (DY) 1.2 (DY3W) benzina 75 cai ZIMMERMANN 10990.119.0\"}]},{\"@type\":\"WebSite\",\"@id\":\"https:\\\/\\\/autorival.ro\\\/mazda\\\/#website\",\"url\":\"https:\\\/\\\/autorival.ro\\\/mazda\\\/\",\"name\":\"MAZDA\",\"description\":\"\",\"potentialAction\":[{\"@type\":\"SearchAction\",\"target\":{\"@type\":\"EntryPoint\",\"urlTemplate\":\"https:\\\/\\\/autorival.ro\\\/mazda\\\/?s={search_term_string}\"},\"query-input\":{\"@type\":\"PropertyValueSpecification\",\"valueRequired\":true,\"valueName\":\"search_term_string\"}}],\"inLanguage\":\"en-US\"}]}<\/script>\n<!-- \/ Yoast SEO plugin. -->","yoast_head_json":{"title":"Set saboti frana MAZDA 2 (DY) 1.2 (DY3W) benzina 75 cai ZIMMERMANN 10990.119.0 MAZDA | ZIMMERMANN - Autorival","description":"\u26a1 Set saboti frana MAZDA 2 (DY) 1.2 (DY3W) benzina 75 cai ZIMMERMANN 10990.119.0 pentru MAZDA la doar 255.15 RON. \u2713 Cod: 10990 \u2713 Brand: ZIMMERMANN \u2713 \u00cen stoc \u2713 Livrare 24h \u2713 Garan\u021bie!","robots":{"index":"index","follow":"follow","max-snippet":"max-snippet:-1","max-image-preview":"max-image-preview:large","max-video-preview":"max-video-preview:-1"},"og_locale":"en_US","og_type":"article","og_title":"Set saboti frana MAZDA 2 (DY) 1.2 (DY3W) benzina 75 cai ZIMMERMANN 10990.119.0 MAZDA | ZIMMERMANN - Autorival","og_description":"\u26a1 Set saboti frana MAZDA 2 (DY) 1.2 (DY3W) benzina 75 cai ZIMMERMANN 10990.119.0 pentru MAZDA la doar 255.15 RON. \u2713 Cod: 10990 \u2713 Brand: ZIMMERMANN \u2713 \u00cen stoc \u2713 Livrare 24h \u2713 Garan\u021bie!","og_url":"https:\/\/autorival.ro\/mazda\/product\/set-saboti-frana-mazda-2-dy-1-2-dy3w-benzina-75-cai-zimmermann-10990-119-0\/","og_site_name":"MAZDA","og_image":[{"width":396,"height":398,"url":"https:\/\/autorival.ro\/mazda\/wp-content\/uploads\/sites\/16\/2025\/05\/10990.119.0-1.jpg","type":"image\/jpeg"}],"twitter_card":"summary_large_image","twitter_title":"Set saboti frana MAZDA 2 (DY) 1.2 (DY3W) benzina 75 cai ZIMMERMANN 10990.119.0 MAZDA | ZIMMERMANN - Autorival","twitter_description":"\u26a1 Set saboti frana MAZDA 2 (DY) 1.2 (DY3W) benzina 75 cai ZIMMERMANN 10990.119.0 pentru MAZDA la doar 255.15 RON. \u2713 Cod: 10990 \u2713 Brand: ZIMMERMANN \u2713 \u00cen stoc \u2713 Livrare 24h \u2713 Garan\u021bie!","schema":{"@context":"https:\/\/schema.org","@graph":[{"@type":"WebPage","@id":"https:\/\/autorival.ro\/mazda\/product\/set-saboti-frana-mazda-2-dy-1-2-dy3w-benzina-75-cai-zimmermann-10990-119-0\/","url":"https:\/\/autorival.ro\/mazda\/product\/set-saboti-frana-mazda-2-dy-1-2-dy3w-benzina-75-cai-zimmermann-10990-119-0\/","name":"Set saboti frana MAZDA 2 (DY) 1.2 (DY3W) benzina 75 cai ZIMMERMANN 10990.119.0 MAZDA | ZIMMERMANN - Autorival","isPartOf":{"@id":"https:\/\/autorival.ro\/mazda\/#website"},"primaryImageOfPage":{"@id":"https:\/\/autorival.ro\/mazda\/product\/set-saboti-frana-mazda-2-dy-1-2-dy3w-benzina-75-cai-zimmermann-10990-119-0\/#primaryimage"},"image":{"@id":"https:\/\/autorival.ro\/mazda\/product\/set-saboti-frana-mazda-2-dy-1-2-dy3w-benzina-75-cai-zimmermann-10990-119-0\/#primaryimage"},"thumbnailUrl":"https:\/\/autorival.ro\/mazda\/wp-content\/uploads\/sites\/16\/2025\/05\/10990.119.0-1.jpg","datePublished":"2025-05-15T13:34:52+00:00","description":"\u26a1 Set saboti frana MAZDA 2 (DY) 1.2 (DY3W) benzina 75 cai ZIMMERMANN 10990.119.0 pentru MAZDA la doar 255.15 RON. \u2713 Cod: 10990 \u2713 Brand: ZIMMERMANN \u2713 \u00cen stoc \u2713 Livrare 24h \u2713 Garan\u021bie!","breadcrumb":{"@id":"https:\/\/autorival.ro\/mazda\/product\/set-saboti-frana-mazda-2-dy-1-2-dy3w-benzina-75-cai-zimmermann-10990-119-0\/#breadcrumb"},"inLanguage":"en-US","potentialAction":[{"@type":"ReadAction","target":["https:\/\/autorival.ro\/mazda\/product\/set-saboti-frana-mazda-2-dy-1-2-dy3w-benzina-75-cai-zimmermann-10990-119-0\/"]}]},{"@type":"ImageObject","inLanguage":"en-US","@id":"https:\/\/autorival.ro\/mazda\/product\/set-saboti-frana-mazda-2-dy-1-2-dy3w-benzina-75-cai-zimmermann-10990-119-0\/#primaryimage","url":"https:\/\/autorival.ro\/mazda\/wp-content\/uploads\/sites\/16\/2025\/05\/10990.119.0-1.jpg","contentUrl":"https:\/\/autorival.ro\/mazda\/wp-content\/uploads\/sites\/16\/2025\/05\/10990.119.0-1.jpg","width":396,"height":398,"caption":"Set saboti frana MAZDA 2 (DY) 1.2 (DY3W) benzina 75 cai ZIMMERMANN 10990.119.0"},{"@type":"BreadcrumbList","@id":"https:\/\/autorival.ro\/mazda\/product\/set-saboti-frana-mazda-2-dy-1-2-dy3w-benzina-75-cai-zimmermann-10990-119-0\/#breadcrumb","itemListElement":[{"@type":"ListItem","position":1,"name":"Prima pagin\u0103","item":"https:\/\/autorival.ro\/mazda\/"},{"@type":"ListItem","position":2,"name":"Piese auto MAZDA","item":"https:\/\/autorival.ro\/mazda\/"},{"@type":"ListItem","position":3,"name":"Set saboti frana MAZDA 2 (DY) 1.2 (DY3W) benzina 75 cai ZIMMERMANN 10990.119.0"}]},{"@type":"WebSite","@id":"https:\/\/autorival.ro\/mazda\/#website","url":"https:\/\/autorival.ro\/mazda\/","name":"MAZDA","description":"","potentialAction":[{"@type":"SearchAction","target":{"@type":"EntryPoint","urlTemplate":"https:\/\/autorival.ro\/mazda\/?s={search_term_string}"},"query-input":{"@type":"PropertyValueSpecification","valueRequired":true,"valueName":"search_term_string"}}],"inLanguage":"en-US"}]}},"_links":{"self":[{"href":"https:\/\/autorival.ro\/mazda\/wp-json\/wp\/v2\/product\/173309","targetHints":{"allow":["GET"]}}],"collection":[{"href":"https:\/\/autorival.ro\/mazda\/wp-json\/wp\/v2\/product"}],"about":[{"href":"https:\/\/autorival.ro\/mazda\/wp-json\/wp\/v2\/types\/product"}],"replies":[{"embeddable":true,"href":"https:\/\/autorival.ro\/mazda\/wp-json\/wp\/v2\/comments?post=173309"}],"wp:featuredmedia":[{"embeddable":true,"href":"https:\/\/autorival.ro\/mazda\/wp-json\/wp\/v2\/media\/173308"}],"wp:attachment":[{"href":"https:\/\/autorival.ro\/mazda\/wp-json\/wp\/v2\/media?parent=173309"}],"wp:term":[{"taxonomy":"product_brand","embeddable":true,"href":"https:\/\/autorival.ro\/mazda\/wp-json\/wp\/v2\/product_brand?post=173309"},{"taxonomy":"product_cat","embeddable":true,"href":"https:\/\/autorival.ro\/mazda\/wp-json\/wp\/v2\/product_cat?post=173309"},{"taxonomy":"product_tag","embeddable":true,"href":"https:\/\/autorival.ro\/mazda\/wp-json\/wp\/v2\/product_tag?post=173309"}],"curies":[{"name":"wp","href":"https:\/\/api.w.org\/{rel}","templated":true}]}}