{"id":173203,"date":"2025-05-15T13:33:00","date_gmt":"2025-05-15T13:33:00","guid":{"rendered":"https:\/\/autorival.ro\/mazda\/product\/set-saboti-frana-mazda-2-de_-dh_-1-5-de5fs-benzina-103-cai-lpr-09300\/"},"modified":"2025-05-15T13:33:01","modified_gmt":"2025-05-15T13:33:01","slug":"set-saboti-frana-mazda-2-de_-dh_-1-5-de5fs-benzina-103-cai-lpr-09300","status":"publish","type":"product","link":"https:\/\/autorival.ro\/mazda\/product\/set-saboti-frana-mazda-2-de_-dh_-1-5-de5fs-benzina-103-cai-lpr-09300\/","title":{"rendered":"Set saboti frana MAZDA 2 (DE_, DH_) 1.5 (DE5FS) benzina 103 cai LPR 09300"},"content":{"rendered":"<p>An fabricatie de la: 200710An fabricatie pana la: 201412Partea de montare: puntea spate ->Diametru tambur de fr\u00e2n\u0103 interior [mm]: 200 ->Latime [mm]: 32Sistem de fr\u00e2nare: TRW<\/p>\n","protected":false},"excerpt":{"rendered":"<p>Producator: LPR Cod producator: 09300<\/p>\n","protected":false},"featured_media":173166,"comment_status":"open","ping_status":"closed","template":"","meta":[],"product_brand":[3655],"product_cat":[14779],"product_tag":[17255,17250,17470,17724,17249,18368,18241],"class_list":{"0":"post-173203","1":"product","2":"type-product","3":"status-publish","4":"has-post-thumbnail","6":"product_brand-lpr","7":"product_cat-set-saboti-frana-de_-dh_-1-5-de5fs-benzina-103","8":"product_tag-de_","9":"product_tag-dh","10":"product_tag-frana","11":"product_tag-lpr","12":"product_tag-mazda","13":"product_tag-saboti","14":"product_tag-set","16":"first","17":"instock","18":"shipping-taxable","19":"purchasable","20":"product-type-simple"},"yoast_head":"<!-- This site is optimized with the Yoast SEO plugin v27.3 - https:\/\/yoast.com\/product\/yoast-seo-wordpress\/ -->\n<title>Set saboti frana MAZDA 2 (DE_, DH_) 1.5 (DE5FS) benzina 103 cai LPR 09300 MAZDA | LPR - Autorival<\/title>\n<meta name=\"description\" content=\"\u26a1 Set saboti frana MAZDA 2 (DE_, DH_) 1.5 (DE5FS) benzina 103 cai LPR 09300 pentru MAZDA la doar 208.95 RON. \u2713 Cod: 09300 \u2713 Brand: LPR \u2713 \u00cen stoc \u2713 Livrare 24h \u2713 Garan\u021bie!\" \/>\n<meta name=\"robots\" content=\"index, follow, max-snippet:-1, max-image-preview:large, max-video-preview:-1\" \/>\n<meta property=\"og:locale\" content=\"en_US\" \/>\n<meta property=\"og:type\" content=\"article\" \/>\n<meta property=\"og:title\" content=\"Set saboti frana MAZDA 2 (DE_, DH_) 1.5 (DE5FS) benzina 103 cai LPR 09300 MAZDA | LPR - Autorival\" \/>\n<meta property=\"og:description\" content=\"\u26a1 Set saboti frana MAZDA 2 (DE_, DH_) 1.5 (DE5FS) benzina 103 cai LPR 09300 pentru MAZDA la doar 208.95 RON. \u2713 Cod: 09300 \u2713 Brand: LPR \u2713 \u00cen stoc \u2713 Livrare 24h \u2713 Garan\u021bie!\" \/>\n<meta property=\"og:url\" content=\"https:\/\/autorival.ro\/mazda\/product\/set-saboti-frana-mazda-2-de_-dh_-1-5-de5fs-benzina-103-cai-lpr-09300\/\" \/>\n<meta property=\"og:site_name\" content=\"MAZDA\" \/>\n<meta property=\"article:modified_time\" content=\"2025-05-15T13:33:01+00:00\" \/>\n<meta property=\"og:image\" content=\"https:\/\/autorival.ro\/mazda\/wp-content\/uploads\/sites\/16\/2025\/05\/09300.jpg\" \/>\n\t<meta property=\"og:image:width\" content=\"400\" \/>\n\t<meta property=\"og:image:height\" content=\"400\" \/>\n\t<meta property=\"og:image:type\" content=\"image\/jpeg\" \/>\n<meta name=\"twitter:card\" content=\"summary_large_image\" \/>\n<meta name=\"twitter:title\" content=\"Set saboti frana MAZDA 2 (DE_, DH_) 1.5 (DE5FS) benzina 103 cai LPR 09300 MAZDA | LPR - Autorival\" \/>\n<meta name=\"twitter:description\" content=\"\u26a1 Set saboti frana MAZDA 2 (DE_, DH_) 1.5 (DE5FS) benzina 103 cai LPR 09300 pentru MAZDA la doar 208.95 RON. \u2713 Cod: 09300 \u2713 Brand: LPR \u2713 \u00cen stoc \u2713 Livrare 24h \u2713 Garan\u021bie!\" \/>\n<script type=\"application\/ld+json\" class=\"yoast-schema-graph\">{\"@context\":\"https:\\\/\\\/schema.org\",\"@graph\":[{\"@type\":\"WebPage\",\"@id\":\"https:\\\/\\\/autorival.ro\\\/mazda\\\/product\\\/set-saboti-frana-mazda-2-de_-dh_-1-5-de5fs-benzina-103-cai-lpr-09300\\\/\",\"url\":\"https:\\\/\\\/autorival.ro\\\/mazda\\\/product\\\/set-saboti-frana-mazda-2-de_-dh_-1-5-de5fs-benzina-103-cai-lpr-09300\\\/\",\"name\":\"Set saboti frana MAZDA 2 (DE_, DH_) 1.5 (DE5FS) benzina 103 cai LPR 09300 MAZDA | LPR - Autorival\",\"isPartOf\":{\"@id\":\"https:\\\/\\\/autorival.ro\\\/mazda\\\/#website\"},\"primaryImageOfPage\":{\"@id\":\"https:\\\/\\\/autorival.ro\\\/mazda\\\/product\\\/set-saboti-frana-mazda-2-de_-dh_-1-5-de5fs-benzina-103-cai-lpr-09300\\\/#primaryimage\"},\"image\":{\"@id\":\"https:\\\/\\\/autorival.ro\\\/mazda\\\/product\\\/set-saboti-frana-mazda-2-de_-dh_-1-5-de5fs-benzina-103-cai-lpr-09300\\\/#primaryimage\"},\"thumbnailUrl\":\"https:\\\/\\\/autorival.ro\\\/mazda\\\/wp-content\\\/uploads\\\/sites\\\/16\\\/2025\\\/05\\\/09300.jpg\",\"datePublished\":\"2025-05-15T13:33:00+00:00\",\"dateModified\":\"2025-05-15T13:33:01+00:00\",\"description\":\"\u26a1 Set saboti frana MAZDA 2 (DE_, DH_) 1.5 (DE5FS) benzina 103 cai LPR 09300 pentru MAZDA la doar 208.95 RON. \u2713 Cod: 09300 \u2713 Brand: LPR \u2713 \u00cen stoc \u2713 Livrare 24h \u2713 Garan\u021bie!\",\"breadcrumb\":{\"@id\":\"https:\\\/\\\/autorival.ro\\\/mazda\\\/product\\\/set-saboti-frana-mazda-2-de_-dh_-1-5-de5fs-benzina-103-cai-lpr-09300\\\/#breadcrumb\"},\"inLanguage\":\"en-US\",\"potentialAction\":[{\"@type\":\"ReadAction\",\"target\":[\"https:\\\/\\\/autorival.ro\\\/mazda\\\/product\\\/set-saboti-frana-mazda-2-de_-dh_-1-5-de5fs-benzina-103-cai-lpr-09300\\\/\"]}]},{\"@type\":\"ImageObject\",\"inLanguage\":\"en-US\",\"@id\":\"https:\\\/\\\/autorival.ro\\\/mazda\\\/product\\\/set-saboti-frana-mazda-2-de_-dh_-1-5-de5fs-benzina-103-cai-lpr-09300\\\/#primaryimage\",\"url\":\"https:\\\/\\\/autorival.ro\\\/mazda\\\/wp-content\\\/uploads\\\/sites\\\/16\\\/2025\\\/05\\\/09300.jpg\",\"contentUrl\":\"https:\\\/\\\/autorival.ro\\\/mazda\\\/wp-content\\\/uploads\\\/sites\\\/16\\\/2025\\\/05\\\/09300.jpg\",\"width\":400,\"height\":400,\"caption\":\"Set saboti frana MAZDA 2 (DE_, DH_) 1.3 (DE3FS) benzina 75 cai LPR 09300\"},{\"@type\":\"BreadcrumbList\",\"@id\":\"https:\\\/\\\/autorival.ro\\\/mazda\\\/product\\\/set-saboti-frana-mazda-2-de_-dh_-1-5-de5fs-benzina-103-cai-lpr-09300\\\/#breadcrumb\",\"itemListElement\":[{\"@type\":\"ListItem\",\"position\":1,\"name\":\"Prima pagin\u0103\",\"item\":\"https:\\\/\\\/autorival.ro\\\/mazda\\\/\"},{\"@type\":\"ListItem\",\"position\":2,\"name\":\"Piese auto MAZDA\",\"item\":\"https:\\\/\\\/autorival.ro\\\/mazda\\\/\"},{\"@type\":\"ListItem\",\"position\":3,\"name\":\"Set saboti frana MAZDA 2 (DE_, DH_) 1.5 (DE5FS) benzina 103 cai LPR 09300\"}]},{\"@type\":\"WebSite\",\"@id\":\"https:\\\/\\\/autorival.ro\\\/mazda\\\/#website\",\"url\":\"https:\\\/\\\/autorival.ro\\\/mazda\\\/\",\"name\":\"MAZDA\",\"description\":\"\",\"potentialAction\":[{\"@type\":\"SearchAction\",\"target\":{\"@type\":\"EntryPoint\",\"urlTemplate\":\"https:\\\/\\\/autorival.ro\\\/mazda\\\/?s={search_term_string}\"},\"query-input\":{\"@type\":\"PropertyValueSpecification\",\"valueRequired\":true,\"valueName\":\"search_term_string\"}}],\"inLanguage\":\"en-US\"}]}<\/script>\n<!-- \/ Yoast SEO plugin. -->","yoast_head_json":{"title":"Set saboti frana MAZDA 2 (DE_, DH_) 1.5 (DE5FS) benzina 103 cai LPR 09300 MAZDA | LPR - Autorival","description":"\u26a1 Set saboti frana MAZDA 2 (DE_, DH_) 1.5 (DE5FS) benzina 103 cai LPR 09300 pentru MAZDA la doar 208.95 RON. \u2713 Cod: 09300 \u2713 Brand: LPR \u2713 \u00cen stoc \u2713 Livrare 24h \u2713 Garan\u021bie!","robots":{"index":"index","follow":"follow","max-snippet":"max-snippet:-1","max-image-preview":"max-image-preview:large","max-video-preview":"max-video-preview:-1"},"og_locale":"en_US","og_type":"article","og_title":"Set saboti frana MAZDA 2 (DE_, DH_) 1.5 (DE5FS) benzina 103 cai LPR 09300 MAZDA | LPR - Autorival","og_description":"\u26a1 Set saboti frana MAZDA 2 (DE_, DH_) 1.5 (DE5FS) benzina 103 cai LPR 09300 pentru MAZDA la doar 208.95 RON. \u2713 Cod: 09300 \u2713 Brand: LPR \u2713 \u00cen stoc \u2713 Livrare 24h \u2713 Garan\u021bie!","og_url":"https:\/\/autorival.ro\/mazda\/product\/set-saboti-frana-mazda-2-de_-dh_-1-5-de5fs-benzina-103-cai-lpr-09300\/","og_site_name":"MAZDA","article_modified_time":"2025-05-15T13:33:01+00:00","og_image":[{"width":400,"height":400,"url":"https:\/\/autorival.ro\/mazda\/wp-content\/uploads\/sites\/16\/2025\/05\/09300.jpg","type":"image\/jpeg"}],"twitter_card":"summary_large_image","twitter_title":"Set saboti frana MAZDA 2 (DE_, DH_) 1.5 (DE5FS) benzina 103 cai LPR 09300 MAZDA | LPR - Autorival","twitter_description":"\u26a1 Set saboti frana MAZDA 2 (DE_, DH_) 1.5 (DE5FS) benzina 103 cai LPR 09300 pentru MAZDA la doar 208.95 RON. \u2713 Cod: 09300 \u2713 Brand: LPR \u2713 \u00cen stoc \u2713 Livrare 24h \u2713 Garan\u021bie!","schema":{"@context":"https:\/\/schema.org","@graph":[{"@type":"WebPage","@id":"https:\/\/autorival.ro\/mazda\/product\/set-saboti-frana-mazda-2-de_-dh_-1-5-de5fs-benzina-103-cai-lpr-09300\/","url":"https:\/\/autorival.ro\/mazda\/product\/set-saboti-frana-mazda-2-de_-dh_-1-5-de5fs-benzina-103-cai-lpr-09300\/","name":"Set saboti frana MAZDA 2 (DE_, DH_) 1.5 (DE5FS) benzina 103 cai LPR 09300 MAZDA | LPR - Autorival","isPartOf":{"@id":"https:\/\/autorival.ro\/mazda\/#website"},"primaryImageOfPage":{"@id":"https:\/\/autorival.ro\/mazda\/product\/set-saboti-frana-mazda-2-de_-dh_-1-5-de5fs-benzina-103-cai-lpr-09300\/#primaryimage"},"image":{"@id":"https:\/\/autorival.ro\/mazda\/product\/set-saboti-frana-mazda-2-de_-dh_-1-5-de5fs-benzina-103-cai-lpr-09300\/#primaryimage"},"thumbnailUrl":"https:\/\/autorival.ro\/mazda\/wp-content\/uploads\/sites\/16\/2025\/05\/09300.jpg","datePublished":"2025-05-15T13:33:00+00:00","dateModified":"2025-05-15T13:33:01+00:00","description":"\u26a1 Set saboti frana MAZDA 2 (DE_, DH_) 1.5 (DE5FS) benzina 103 cai LPR 09300 pentru MAZDA la doar 208.95 RON. \u2713 Cod: 09300 \u2713 Brand: LPR \u2713 \u00cen stoc \u2713 Livrare 24h \u2713 Garan\u021bie!","breadcrumb":{"@id":"https:\/\/autorival.ro\/mazda\/product\/set-saboti-frana-mazda-2-de_-dh_-1-5-de5fs-benzina-103-cai-lpr-09300\/#breadcrumb"},"inLanguage":"en-US","potentialAction":[{"@type":"ReadAction","target":["https:\/\/autorival.ro\/mazda\/product\/set-saboti-frana-mazda-2-de_-dh_-1-5-de5fs-benzina-103-cai-lpr-09300\/"]}]},{"@type":"ImageObject","inLanguage":"en-US","@id":"https:\/\/autorival.ro\/mazda\/product\/set-saboti-frana-mazda-2-de_-dh_-1-5-de5fs-benzina-103-cai-lpr-09300\/#primaryimage","url":"https:\/\/autorival.ro\/mazda\/wp-content\/uploads\/sites\/16\/2025\/05\/09300.jpg","contentUrl":"https:\/\/autorival.ro\/mazda\/wp-content\/uploads\/sites\/16\/2025\/05\/09300.jpg","width":400,"height":400,"caption":"Set saboti frana MAZDA 2 (DE_, DH_) 1.3 (DE3FS) benzina 75 cai LPR 09300"},{"@type":"BreadcrumbList","@id":"https:\/\/autorival.ro\/mazda\/product\/set-saboti-frana-mazda-2-de_-dh_-1-5-de5fs-benzina-103-cai-lpr-09300\/#breadcrumb","itemListElement":[{"@type":"ListItem","position":1,"name":"Prima pagin\u0103","item":"https:\/\/autorival.ro\/mazda\/"},{"@type":"ListItem","position":2,"name":"Piese auto MAZDA","item":"https:\/\/autorival.ro\/mazda\/"},{"@type":"ListItem","position":3,"name":"Set saboti frana MAZDA 2 (DE_, DH_) 1.5 (DE5FS) benzina 103 cai LPR 09300"}]},{"@type":"WebSite","@id":"https:\/\/autorival.ro\/mazda\/#website","url":"https:\/\/autorival.ro\/mazda\/","name":"MAZDA","description":"","potentialAction":[{"@type":"SearchAction","target":{"@type":"EntryPoint","urlTemplate":"https:\/\/autorival.ro\/mazda\/?s={search_term_string}"},"query-input":{"@type":"PropertyValueSpecification","valueRequired":true,"valueName":"search_term_string"}}],"inLanguage":"en-US"}]}},"_links":{"self":[{"href":"https:\/\/autorival.ro\/mazda\/wp-json\/wp\/v2\/product\/173203","targetHints":{"allow":["GET"]}}],"collection":[{"href":"https:\/\/autorival.ro\/mazda\/wp-json\/wp\/v2\/product"}],"about":[{"href":"https:\/\/autorival.ro\/mazda\/wp-json\/wp\/v2\/types\/product"}],"replies":[{"embeddable":true,"href":"https:\/\/autorival.ro\/mazda\/wp-json\/wp\/v2\/comments?post=173203"}],"wp:featuredmedia":[{"embeddable":true,"href":"https:\/\/autorival.ro\/mazda\/wp-json\/wp\/v2\/media\/173166"}],"wp:attachment":[{"href":"https:\/\/autorival.ro\/mazda\/wp-json\/wp\/v2\/media?parent=173203"}],"wp:term":[{"taxonomy":"product_brand","embeddable":true,"href":"https:\/\/autorival.ro\/mazda\/wp-json\/wp\/v2\/product_brand?post=173203"},{"taxonomy":"product_cat","embeddable":true,"href":"https:\/\/autorival.ro\/mazda\/wp-json\/wp\/v2\/product_cat?post=173203"},{"taxonomy":"product_tag","embeddable":true,"href":"https:\/\/autorival.ro\/mazda\/wp-json\/wp\/v2\/product_tag?post=173203"}],"curies":[{"name":"wp","href":"https:\/\/api.w.org\/{rel}","templated":true}]}}