{"id":164287,"date":"2025-05-14T18:47:32","date_gmt":"2025-05-14T18:47:32","guid":{"rendered":"https:\/\/autorival.ro\/mazda\/product\/set-frana-frana-disc-mazda-5-cw-1-6-cd-diesel-116-cai-mastersport-germany-202501700\/"},"modified":"2025-05-14T18:47:32","modified_gmt":"2025-05-14T18:47:32","slug":"set-frana-frana-disc-mazda-5-cw-1-6-cd-diesel-116-cai-mastersport-germany-202501700","status":"publish","type":"product","link":"https:\/\/autorival.ro\/mazda\/product\/set-frana-frana-disc-mazda-5-cw-1-6-cd-diesel-116-cai-mastersport-germany-202501700\/","title":{"rendered":"Set frana frana disc MAZDA 5 (CW) 1.6 CD diesel 116 cai MASTERSPORT GERMANY 202501700"},"content":{"rendered":"<p>Tip disc fr\u00e2na: ventilat ->Grosime disc fr\u00e2na [mm]: 25Partea de montare: punte fata ->Diametru exterior [mm]: 300\u00cenaltime [mm]: 48,5 ->Diametrul orificiului [mm]: 14 ->Grosime minima [mm]: 23 ->Diametru interior [mm]: 140Numar gauri: 5 ->Diametru de centrare [mm]: 72Asezare gauri \u00d8 [mm]: 114Procesare: continut ridicat de carbonSuprafata: acoperit (cu un strat protector) ->Grosime [mm]: 18,1Sistem de fr\u00e2nare: ATE\u00cenaltime 1 [mm]: 62,4\u00cenaltime 2 [mm]: 67 ->Latime 1 [mm]: 155 ->Latime 2 [mm]: 156Contact indicator uzura: fara contact avertizare uzura, exclus indicator avertizareUnitate de calitate: set ->Greutate neta [kg]: 17,58 ->Greutate brut\u0103 [kg]: 17,61<\/p>\n","protected":false},"excerpt":{"rendered":"<p>Producator: MASTERSPORT GERMANY Cod producator: 202501700<\/p>\n","protected":false},"featured_media":164274,"comment_status":"open","ping_status":"closed","template":"","meta":[],"product_brand":[343],"product_cat":[13838],"product_tag":[17272,17882,17470,17373,17372,17249,18241],"class_list":{"0":"post-164287","1":"product","2":"type-product","3":"status-publish","4":"has-post-thumbnail","6":"product_brand-mastersport-germany","7":"product_cat-set-frana-frana-disc-cw-1-6-cd-diesel-116","8":"product_tag-cd","9":"product_tag-disc","10":"product_tag-frana","11":"product_tag-germany","12":"product_tag-mastersport","13":"product_tag-mazda","14":"product_tag-set","16":"first","17":"instock","18":"shipping-taxable","19":"purchasable","20":"product-type-simple"},"yoast_head":"<!-- This site is optimized with the Yoast SEO plugin v27.3 - https:\/\/yoast.com\/product\/yoast-seo-wordpress\/ -->\n<title>Set frana frana disc MAZDA 5 (CW) 1.6 CD diesel 116 cai MASTERSPORT GERMANY 202501700 MAZDA | MASTERSPORT - Autorival<\/title>\n<meta name=\"description\" content=\"\u26a1 Set frana frana disc MAZDA 5 (CW) 1.6 CD diesel 116 cai MASTERSPORT GERMANY 202501700 pentru MAZDA la doar 640.5 RON. \u2713 Cod: 202501700 \u2713 Brand: MASTERSPORT \u2713 \u00cen stoc \u2713 Livrare 24h \u2713 Garan\u021bie!\" \/>\n<meta name=\"robots\" content=\"index, follow, max-snippet:-1, max-image-preview:large, max-video-preview:-1\" \/>\n<meta property=\"og:locale\" content=\"en_US\" \/>\n<meta property=\"og:type\" content=\"article\" \/>\n<meta property=\"og:title\" content=\"Set frana frana disc MAZDA 5 (CW) 1.6 CD diesel 116 cai MASTERSPORT GERMANY 202501700 MAZDA | MASTERSPORT - Autorival\" \/>\n<meta property=\"og:description\" content=\"\u26a1 Set frana frana disc MAZDA 5 (CW) 1.6 CD diesel 116 cai MASTERSPORT GERMANY 202501700 pentru MAZDA la doar 640.5 RON. \u2713 Cod: 202501700 \u2713 Brand: MASTERSPORT \u2713 \u00cen stoc \u2713 Livrare 24h \u2713 Garan\u021bie!\" \/>\n<meta property=\"og:url\" content=\"https:\/\/autorival.ro\/mazda\/product\/set-frana-frana-disc-mazda-5-cw-1-6-cd-diesel-116-cai-mastersport-germany-202501700\/\" \/>\n<meta property=\"og:site_name\" content=\"MAZDA\" \/>\n<meta property=\"og:image\" content=\"https:\/\/autorival.ro\/mazda\/wp-content\/uploads\/sites\/16\/2025\/05\/202501700-2.jpg\" \/>\n\t<meta property=\"og:image:width\" content=\"1500\" \/>\n\t<meta property=\"og:image:height\" content=\"1500\" \/>\n\t<meta property=\"og:image:type\" content=\"image\/jpeg\" \/>\n<meta name=\"twitter:card\" content=\"summary_large_image\" \/>\n<meta name=\"twitter:title\" content=\"Set frana frana disc MAZDA 5 (CW) 1.6 CD diesel 116 cai MASTERSPORT GERMANY 202501700 MAZDA | MASTERSPORT - Autorival\" \/>\n<meta name=\"twitter:description\" content=\"\u26a1 Set frana frana disc MAZDA 5 (CW) 1.6 CD diesel 116 cai MASTERSPORT GERMANY 202501700 pentru MAZDA la doar 640.5 RON. \u2713 Cod: 202501700 \u2713 Brand: MASTERSPORT \u2713 \u00cen stoc \u2713 Livrare 24h \u2713 Garan\u021bie!\" \/>\n<script type=\"application\/ld+json\" class=\"yoast-schema-graph\">{\"@context\":\"https:\\\/\\\/schema.org\",\"@graph\":[{\"@type\":\"WebPage\",\"@id\":\"https:\\\/\\\/autorival.ro\\\/mazda\\\/product\\\/set-frana-frana-disc-mazda-5-cw-1-6-cd-diesel-116-cai-mastersport-germany-202501700\\\/\",\"url\":\"https:\\\/\\\/autorival.ro\\\/mazda\\\/product\\\/set-frana-frana-disc-mazda-5-cw-1-6-cd-diesel-116-cai-mastersport-germany-202501700\\\/\",\"name\":\"Set frana frana disc MAZDA 5 (CW) 1.6 CD diesel 116 cai MASTERSPORT GERMANY 202501700 MAZDA | MASTERSPORT - Autorival\",\"isPartOf\":{\"@id\":\"https:\\\/\\\/autorival.ro\\\/mazda\\\/#website\"},\"primaryImageOfPage\":{\"@id\":\"https:\\\/\\\/autorival.ro\\\/mazda\\\/product\\\/set-frana-frana-disc-mazda-5-cw-1-6-cd-diesel-116-cai-mastersport-germany-202501700\\\/#primaryimage\"},\"image\":{\"@id\":\"https:\\\/\\\/autorival.ro\\\/mazda\\\/product\\\/set-frana-frana-disc-mazda-5-cw-1-6-cd-diesel-116-cai-mastersport-germany-202501700\\\/#primaryimage\"},\"thumbnailUrl\":\"https:\\\/\\\/autorival.ro\\\/mazda\\\/wp-content\\\/uploads\\\/sites\\\/16\\\/2025\\\/05\\\/202501700-2.jpg\",\"datePublished\":\"2025-05-14T18:47:32+00:00\",\"description\":\"\u26a1 Set frana frana disc MAZDA 5 (CW) 1.6 CD diesel 116 cai MASTERSPORT GERMANY 202501700 pentru MAZDA la doar 640.5 RON. \u2713 Cod: 202501700 \u2713 Brand: MASTERSPORT \u2713 \u00cen stoc \u2713 Livrare 24h \u2713 Garan\u021bie!\",\"breadcrumb\":{\"@id\":\"https:\\\/\\\/autorival.ro\\\/mazda\\\/product\\\/set-frana-frana-disc-mazda-5-cw-1-6-cd-diesel-116-cai-mastersport-germany-202501700\\\/#breadcrumb\"},\"inLanguage\":\"en-US\",\"potentialAction\":[{\"@type\":\"ReadAction\",\"target\":[\"https:\\\/\\\/autorival.ro\\\/mazda\\\/product\\\/set-frana-frana-disc-mazda-5-cw-1-6-cd-diesel-116-cai-mastersport-germany-202501700\\\/\"]}]},{\"@type\":\"ImageObject\",\"inLanguage\":\"en-US\",\"@id\":\"https:\\\/\\\/autorival.ro\\\/mazda\\\/product\\\/set-frana-frana-disc-mazda-5-cw-1-6-cd-diesel-116-cai-mastersport-germany-202501700\\\/#primaryimage\",\"url\":\"https:\\\/\\\/autorival.ro\\\/mazda\\\/wp-content\\\/uploads\\\/sites\\\/16\\\/2025\\\/05\\\/202501700-2.jpg\",\"contentUrl\":\"https:\\\/\\\/autorival.ro\\\/mazda\\\/wp-content\\\/uploads\\\/sites\\\/16\\\/2025\\\/05\\\/202501700-2.jpg\",\"width\":1500,\"height\":1500,\"caption\":\"Set frana frana disc MAZDA 5 (CR) 1.8 (CR19) benzina 116 cai MASTERSPORT GERMANY 202501700\"},{\"@type\":\"BreadcrumbList\",\"@id\":\"https:\\\/\\\/autorival.ro\\\/mazda\\\/product\\\/set-frana-frana-disc-mazda-5-cw-1-6-cd-diesel-116-cai-mastersport-germany-202501700\\\/#breadcrumb\",\"itemListElement\":[{\"@type\":\"ListItem\",\"position\":1,\"name\":\"Prima pagin\u0103\",\"item\":\"https:\\\/\\\/autorival.ro\\\/mazda\\\/\"},{\"@type\":\"ListItem\",\"position\":2,\"name\":\"Piese auto MAZDA\",\"item\":\"https:\\\/\\\/autorival.ro\\\/mazda\\\/\"},{\"@type\":\"ListItem\",\"position\":3,\"name\":\"Set frana frana disc MAZDA 5 (CW) 1.6 CD diesel 116 cai MASTERSPORT GERMANY 202501700\"}]},{\"@type\":\"WebSite\",\"@id\":\"https:\\\/\\\/autorival.ro\\\/mazda\\\/#website\",\"url\":\"https:\\\/\\\/autorival.ro\\\/mazda\\\/\",\"name\":\"MAZDA\",\"description\":\"\",\"potentialAction\":[{\"@type\":\"SearchAction\",\"target\":{\"@type\":\"EntryPoint\",\"urlTemplate\":\"https:\\\/\\\/autorival.ro\\\/mazda\\\/?s={search_term_string}\"},\"query-input\":{\"@type\":\"PropertyValueSpecification\",\"valueRequired\":true,\"valueName\":\"search_term_string\"}}],\"inLanguage\":\"en-US\"}]}<\/script>\n<!-- \/ Yoast SEO plugin. -->","yoast_head_json":{"title":"Set frana frana disc MAZDA 5 (CW) 1.6 CD diesel 116 cai MASTERSPORT GERMANY 202501700 MAZDA | MASTERSPORT - Autorival","description":"\u26a1 Set frana frana disc MAZDA 5 (CW) 1.6 CD diesel 116 cai MASTERSPORT GERMANY 202501700 pentru MAZDA la doar 640.5 RON. \u2713 Cod: 202501700 \u2713 Brand: MASTERSPORT \u2713 \u00cen stoc \u2713 Livrare 24h \u2713 Garan\u021bie!","robots":{"index":"index","follow":"follow","max-snippet":"max-snippet:-1","max-image-preview":"max-image-preview:large","max-video-preview":"max-video-preview:-1"},"og_locale":"en_US","og_type":"article","og_title":"Set frana frana disc MAZDA 5 (CW) 1.6 CD diesel 116 cai MASTERSPORT GERMANY 202501700 MAZDA | MASTERSPORT - Autorival","og_description":"\u26a1 Set frana frana disc MAZDA 5 (CW) 1.6 CD diesel 116 cai MASTERSPORT GERMANY 202501700 pentru MAZDA la doar 640.5 RON. \u2713 Cod: 202501700 \u2713 Brand: MASTERSPORT \u2713 \u00cen stoc \u2713 Livrare 24h \u2713 Garan\u021bie!","og_url":"https:\/\/autorival.ro\/mazda\/product\/set-frana-frana-disc-mazda-5-cw-1-6-cd-diesel-116-cai-mastersport-germany-202501700\/","og_site_name":"MAZDA","og_image":[{"width":1500,"height":1500,"url":"https:\/\/autorival.ro\/mazda\/wp-content\/uploads\/sites\/16\/2025\/05\/202501700-2.jpg","type":"image\/jpeg"}],"twitter_card":"summary_large_image","twitter_title":"Set frana frana disc MAZDA 5 (CW) 1.6 CD diesel 116 cai MASTERSPORT GERMANY 202501700 MAZDA | MASTERSPORT - Autorival","twitter_description":"\u26a1 Set frana frana disc MAZDA 5 (CW) 1.6 CD diesel 116 cai MASTERSPORT GERMANY 202501700 pentru MAZDA la doar 640.5 RON. \u2713 Cod: 202501700 \u2713 Brand: MASTERSPORT \u2713 \u00cen stoc \u2713 Livrare 24h \u2713 Garan\u021bie!","schema":{"@context":"https:\/\/schema.org","@graph":[{"@type":"WebPage","@id":"https:\/\/autorival.ro\/mazda\/product\/set-frana-frana-disc-mazda-5-cw-1-6-cd-diesel-116-cai-mastersport-germany-202501700\/","url":"https:\/\/autorival.ro\/mazda\/product\/set-frana-frana-disc-mazda-5-cw-1-6-cd-diesel-116-cai-mastersport-germany-202501700\/","name":"Set frana frana disc MAZDA 5 (CW) 1.6 CD diesel 116 cai MASTERSPORT GERMANY 202501700 MAZDA | MASTERSPORT - Autorival","isPartOf":{"@id":"https:\/\/autorival.ro\/mazda\/#website"},"primaryImageOfPage":{"@id":"https:\/\/autorival.ro\/mazda\/product\/set-frana-frana-disc-mazda-5-cw-1-6-cd-diesel-116-cai-mastersport-germany-202501700\/#primaryimage"},"image":{"@id":"https:\/\/autorival.ro\/mazda\/product\/set-frana-frana-disc-mazda-5-cw-1-6-cd-diesel-116-cai-mastersport-germany-202501700\/#primaryimage"},"thumbnailUrl":"https:\/\/autorival.ro\/mazda\/wp-content\/uploads\/sites\/16\/2025\/05\/202501700-2.jpg","datePublished":"2025-05-14T18:47:32+00:00","description":"\u26a1 Set frana frana disc MAZDA 5 (CW) 1.6 CD diesel 116 cai MASTERSPORT GERMANY 202501700 pentru MAZDA la doar 640.5 RON. \u2713 Cod: 202501700 \u2713 Brand: MASTERSPORT \u2713 \u00cen stoc \u2713 Livrare 24h \u2713 Garan\u021bie!","breadcrumb":{"@id":"https:\/\/autorival.ro\/mazda\/product\/set-frana-frana-disc-mazda-5-cw-1-6-cd-diesel-116-cai-mastersport-germany-202501700\/#breadcrumb"},"inLanguage":"en-US","potentialAction":[{"@type":"ReadAction","target":["https:\/\/autorival.ro\/mazda\/product\/set-frana-frana-disc-mazda-5-cw-1-6-cd-diesel-116-cai-mastersport-germany-202501700\/"]}]},{"@type":"ImageObject","inLanguage":"en-US","@id":"https:\/\/autorival.ro\/mazda\/product\/set-frana-frana-disc-mazda-5-cw-1-6-cd-diesel-116-cai-mastersport-germany-202501700\/#primaryimage","url":"https:\/\/autorival.ro\/mazda\/wp-content\/uploads\/sites\/16\/2025\/05\/202501700-2.jpg","contentUrl":"https:\/\/autorival.ro\/mazda\/wp-content\/uploads\/sites\/16\/2025\/05\/202501700-2.jpg","width":1500,"height":1500,"caption":"Set frana frana disc MAZDA 5 (CR) 1.8 (CR19) benzina 116 cai MASTERSPORT GERMANY 202501700"},{"@type":"BreadcrumbList","@id":"https:\/\/autorival.ro\/mazda\/product\/set-frana-frana-disc-mazda-5-cw-1-6-cd-diesel-116-cai-mastersport-germany-202501700\/#breadcrumb","itemListElement":[{"@type":"ListItem","position":1,"name":"Prima pagin\u0103","item":"https:\/\/autorival.ro\/mazda\/"},{"@type":"ListItem","position":2,"name":"Piese auto MAZDA","item":"https:\/\/autorival.ro\/mazda\/"},{"@type":"ListItem","position":3,"name":"Set frana frana disc MAZDA 5 (CW) 1.6 CD diesel 116 cai MASTERSPORT GERMANY 202501700"}]},{"@type":"WebSite","@id":"https:\/\/autorival.ro\/mazda\/#website","url":"https:\/\/autorival.ro\/mazda\/","name":"MAZDA","description":"","potentialAction":[{"@type":"SearchAction","target":{"@type":"EntryPoint","urlTemplate":"https:\/\/autorival.ro\/mazda\/?s={search_term_string}"},"query-input":{"@type":"PropertyValueSpecification","valueRequired":true,"valueName":"search_term_string"}}],"inLanguage":"en-US"}]}},"_links":{"self":[{"href":"https:\/\/autorival.ro\/mazda\/wp-json\/wp\/v2\/product\/164287","targetHints":{"allow":["GET"]}}],"collection":[{"href":"https:\/\/autorival.ro\/mazda\/wp-json\/wp\/v2\/product"}],"about":[{"href":"https:\/\/autorival.ro\/mazda\/wp-json\/wp\/v2\/types\/product"}],"replies":[{"embeddable":true,"href":"https:\/\/autorival.ro\/mazda\/wp-json\/wp\/v2\/comments?post=164287"}],"wp:featuredmedia":[{"embeddable":true,"href":"https:\/\/autorival.ro\/mazda\/wp-json\/wp\/v2\/media\/164274"}],"wp:attachment":[{"href":"https:\/\/autorival.ro\/mazda\/wp-json\/wp\/v2\/media?parent=164287"}],"wp:term":[{"taxonomy":"product_brand","embeddable":true,"href":"https:\/\/autorival.ro\/mazda\/wp-json\/wp\/v2\/product_brand?post=164287"},{"taxonomy":"product_cat","embeddable":true,"href":"https:\/\/autorival.ro\/mazda\/wp-json\/wp\/v2\/product_cat?post=164287"},{"taxonomy":"product_tag","embeddable":true,"href":"https:\/\/autorival.ro\/mazda\/wp-json\/wp\/v2\/product_tag?post=164287"}],"curies":[{"name":"wp","href":"https:\/\/api.w.org\/{rel}","templated":true}]}}