{"id":154150,"date":"2025-05-14T15:38:40","date_gmt":"2025-05-14T15:38:40","guid":{"rendered":"https:\/\/autorival.ro\/mazda\/product\/senzor-presiune-gaze-evacuare-mazda-5-cw-1-6-cd-diesel-116-cai-pierburg-7-11190-10-0\/"},"modified":"2025-05-14T15:38:41","modified_gmt":"2025-05-14T15:38:41","slug":"senzor-presiune-gaze-evacuare-mazda-5-cw-1-6-cd-diesel-116-cai-pierburg-7-11190-10-0","status":"publish","type":"product","link":"https:\/\/autorival.ro\/mazda\/product\/senzor-presiune-gaze-evacuare-mazda-5-cw-1-6-cd-diesel-116-cai-pierburg-7-11190-10-0\/","title":{"rendered":"Senzor presiune gaze evacuare MAZDA 5 (CW) 1.6 CD diesel 116 cai PIERBURG 7.11190.10.0"},"content":{"rendered":"<p>Numar motor TECDOC: 31287, 36623, 31229Separarea blocurilorTip senzor: Senzor de presiune diferen\u021bial\u0103Tensiune de ie\u00c3\u02c6\u00e2\u201e\u00a2ire p\u00e2n\u0103 la [V]: 5Pana la domeniul de masurare [kPa]: 80Num\u0103rul conexiunilor cu muf\u0103: 3Partea de montare: Filtru particule de calamin\u0103Numarul gaurilor de fixare: 2Articol extins\/Informatii de extindere: fara accesorii<\/p>\n","protected":false},"excerpt":{"rendered":"<p>Producator: PIERBURG Cod producator: 7.11190.10.0<\/p>\n","protected":false},"featured_media":154149,"comment_status":"open","ping_status":"closed","template":"","meta":[],"product_brand":[5389],"product_cat":[12415],"product_tag":[17272,18085,18343,17249,17842,17814,17828],"class_list":{"0":"post-154150","1":"product","2":"type-product","3":"status-publish","4":"has-post-thumbnail","6":"product_brand-pierburg","7":"product_cat-senzor-presiune-gaze-evacuare-cw-1-6-cd-diesel-116","8":"product_tag-cd","9":"product_tag-evacuare","10":"product_tag-gaze","11":"product_tag-mazda","12":"product_tag-pierburg","13":"product_tag-presiune","14":"product_tag-senzor","16":"first","17":"instock","18":"shipping-taxable","19":"purchasable","20":"product-type-simple"},"yoast_head":"<!-- This site is optimized with the Yoast SEO plugin v27.4 - https:\/\/yoast.com\/product\/yoast-seo-wordpress\/ -->\n<title>Senzor presiune gaze evacuare MAZDA 5 (CW) 1.6 CD diesel 116 cai PIERBURG 7.11190.10.0 MAZDA | PIERBURG - Autorival<\/title>\n<meta name=\"description\" content=\"\u26a1 Senzor presiune gaze evacuare MAZDA 5 (CW) 1.6 CD diesel 116 cai PIERBURG 7.11190.10.0 pentru MAZDA la doar 316.05 RON. \u2713 Cod: 7 \u2713 Brand: PIERBURG \u2713 \u00cen stoc \u2713 Livrare 24h \u2713 Garan\u021bie!\" \/>\n<meta name=\"robots\" content=\"index, follow, max-snippet:-1, max-image-preview:large, max-video-preview:-1\" \/>\n<meta property=\"og:locale\" content=\"en_US\" \/>\n<meta property=\"og:type\" content=\"article\" \/>\n<meta property=\"og:title\" content=\"Senzor presiune gaze evacuare MAZDA 5 (CW) 1.6 CD diesel 116 cai PIERBURG 7.11190.10.0 MAZDA | PIERBURG - Autorival\" \/>\n<meta property=\"og:description\" content=\"\u26a1 Senzor presiune gaze evacuare MAZDA 5 (CW) 1.6 CD diesel 116 cai PIERBURG 7.11190.10.0 pentru MAZDA la doar 316.05 RON. \u2713 Cod: 7 \u2713 Brand: PIERBURG \u2713 \u00cen stoc \u2713 Livrare 24h \u2713 Garan\u021bie!\" \/>\n<meta property=\"og:url\" content=\"https:\/\/autorival.ro\/mazda\/product\/senzor-presiune-gaze-evacuare-mazda-5-cw-1-6-cd-diesel-116-cai-pierburg-7-11190-10-0\/\" \/>\n<meta property=\"og:site_name\" content=\"MAZDA\" \/>\n<meta property=\"article:modified_time\" content=\"2025-05-14T15:38:41+00:00\" \/>\n<meta property=\"og:image\" content=\"https:\/\/autorival.ro\/mazda\/wp-content\/uploads\/sites\/16\/2025\/05\/7.11190.10.0.jpg\" \/>\n\t<meta property=\"og:image:width\" content=\"250\" \/>\n\t<meta property=\"og:image:height\" content=\"250\" \/>\n\t<meta property=\"og:image:type\" content=\"image\/jpeg\" \/>\n<meta name=\"twitter:card\" content=\"summary_large_image\" \/>\n<meta name=\"twitter:title\" content=\"Senzor presiune gaze evacuare MAZDA 5 (CW) 1.6 CD diesel 116 cai PIERBURG 7.11190.10.0 MAZDA | PIERBURG - Autorival\" \/>\n<meta name=\"twitter:description\" content=\"\u26a1 Senzor presiune gaze evacuare MAZDA 5 (CW) 1.6 CD diesel 116 cai PIERBURG 7.11190.10.0 pentru MAZDA la doar 316.05 RON. \u2713 Cod: 7 \u2713 Brand: PIERBURG \u2713 \u00cen stoc \u2713 Livrare 24h \u2713 Garan\u021bie!\" \/>\n<script type=\"application\/ld+json\" class=\"yoast-schema-graph\">{\"@context\":\"https:\\\/\\\/schema.org\",\"@graph\":[{\"@type\":\"WebPage\",\"@id\":\"https:\\\/\\\/autorival.ro\\\/mazda\\\/product\\\/senzor-presiune-gaze-evacuare-mazda-5-cw-1-6-cd-diesel-116-cai-pierburg-7-11190-10-0\\\/\",\"url\":\"https:\\\/\\\/autorival.ro\\\/mazda\\\/product\\\/senzor-presiune-gaze-evacuare-mazda-5-cw-1-6-cd-diesel-116-cai-pierburg-7-11190-10-0\\\/\",\"name\":\"Senzor presiune gaze evacuare MAZDA 5 (CW) 1.6 CD diesel 116 cai PIERBURG 7.11190.10.0 MAZDA | PIERBURG - Autorival\",\"isPartOf\":{\"@id\":\"https:\\\/\\\/autorival.ro\\\/mazda\\\/#website\"},\"primaryImageOfPage\":{\"@id\":\"https:\\\/\\\/autorival.ro\\\/mazda\\\/product\\\/senzor-presiune-gaze-evacuare-mazda-5-cw-1-6-cd-diesel-116-cai-pierburg-7-11190-10-0\\\/#primaryimage\"},\"image\":{\"@id\":\"https:\\\/\\\/autorival.ro\\\/mazda\\\/product\\\/senzor-presiune-gaze-evacuare-mazda-5-cw-1-6-cd-diesel-116-cai-pierburg-7-11190-10-0\\\/#primaryimage\"},\"thumbnailUrl\":\"https:\\\/\\\/autorival.ro\\\/mazda\\\/wp-content\\\/uploads\\\/sites\\\/16\\\/2025\\\/05\\\/7.11190.10.0.jpg\",\"datePublished\":\"2025-05-14T15:38:40+00:00\",\"dateModified\":\"2025-05-14T15:38:41+00:00\",\"description\":\"\u26a1 Senzor presiune gaze evacuare MAZDA 5 (CW) 1.6 CD diesel 116 cai PIERBURG 7.11190.10.0 pentru MAZDA la doar 316.05 RON. \u2713 Cod: 7 \u2713 Brand: PIERBURG \u2713 \u00cen stoc \u2713 Livrare 24h \u2713 Garan\u021bie!\",\"breadcrumb\":{\"@id\":\"https:\\\/\\\/autorival.ro\\\/mazda\\\/product\\\/senzor-presiune-gaze-evacuare-mazda-5-cw-1-6-cd-diesel-116-cai-pierburg-7-11190-10-0\\\/#breadcrumb\"},\"inLanguage\":\"en-US\",\"potentialAction\":[{\"@type\":\"ReadAction\",\"target\":[\"https:\\\/\\\/autorival.ro\\\/mazda\\\/product\\\/senzor-presiune-gaze-evacuare-mazda-5-cw-1-6-cd-diesel-116-cai-pierburg-7-11190-10-0\\\/\"]}]},{\"@type\":\"ImageObject\",\"inLanguage\":\"en-US\",\"@id\":\"https:\\\/\\\/autorival.ro\\\/mazda\\\/product\\\/senzor-presiune-gaze-evacuare-mazda-5-cw-1-6-cd-diesel-116-cai-pierburg-7-11190-10-0\\\/#primaryimage\",\"url\":\"https:\\\/\\\/autorival.ro\\\/mazda\\\/wp-content\\\/uploads\\\/sites\\\/16\\\/2025\\\/05\\\/7.11190.10.0.jpg\",\"contentUrl\":\"https:\\\/\\\/autorival.ro\\\/mazda\\\/wp-content\\\/uploads\\\/sites\\\/16\\\/2025\\\/05\\\/7.11190.10.0.jpg\",\"width\":250,\"height\":250,\"caption\":\"Senzor presiune gaze evacuare MAZDA 5 (CW) 1.6 CD diesel 116 cai PIERBURG 7.11190.10.0\"},{\"@type\":\"BreadcrumbList\",\"@id\":\"https:\\\/\\\/autorival.ro\\\/mazda\\\/product\\\/senzor-presiune-gaze-evacuare-mazda-5-cw-1-6-cd-diesel-116-cai-pierburg-7-11190-10-0\\\/#breadcrumb\",\"itemListElement\":[{\"@type\":\"ListItem\",\"position\":1,\"name\":\"Prima pagin\u0103\",\"item\":\"https:\\\/\\\/autorival.ro\\\/mazda\\\/\"},{\"@type\":\"ListItem\",\"position\":2,\"name\":\"Piese auto MAZDA\",\"item\":\"https:\\\/\\\/autorival.ro\\\/mazda\\\/\"},{\"@type\":\"ListItem\",\"position\":3,\"name\":\"Senzor presiune gaze evacuare MAZDA 5 (CW) 1.6 CD diesel 116 cai PIERBURG 7.11190.10.0\"}]},{\"@type\":\"WebSite\",\"@id\":\"https:\\\/\\\/autorival.ro\\\/mazda\\\/#website\",\"url\":\"https:\\\/\\\/autorival.ro\\\/mazda\\\/\",\"name\":\"MAZDA\",\"description\":\"\",\"potentialAction\":[{\"@type\":\"SearchAction\",\"target\":{\"@type\":\"EntryPoint\",\"urlTemplate\":\"https:\\\/\\\/autorival.ro\\\/mazda\\\/?s={search_term_string}\"},\"query-input\":{\"@type\":\"PropertyValueSpecification\",\"valueRequired\":true,\"valueName\":\"search_term_string\"}}],\"inLanguage\":\"en-US\"}]}<\/script>\n<!-- \/ Yoast SEO plugin. -->","yoast_head_json":{"title":"Senzor presiune gaze evacuare MAZDA 5 (CW) 1.6 CD diesel 116 cai PIERBURG 7.11190.10.0 MAZDA | PIERBURG - Autorival","description":"\u26a1 Senzor presiune gaze evacuare MAZDA 5 (CW) 1.6 CD diesel 116 cai PIERBURG 7.11190.10.0 pentru MAZDA la doar 316.05 RON. \u2713 Cod: 7 \u2713 Brand: PIERBURG \u2713 \u00cen stoc \u2713 Livrare 24h \u2713 Garan\u021bie!","robots":{"index":"index","follow":"follow","max-snippet":"max-snippet:-1","max-image-preview":"max-image-preview:large","max-video-preview":"max-video-preview:-1"},"og_locale":"en_US","og_type":"article","og_title":"Senzor presiune gaze evacuare MAZDA 5 (CW) 1.6 CD diesel 116 cai PIERBURG 7.11190.10.0 MAZDA | PIERBURG - Autorival","og_description":"\u26a1 Senzor presiune gaze evacuare MAZDA 5 (CW) 1.6 CD diesel 116 cai PIERBURG 7.11190.10.0 pentru MAZDA la doar 316.05 RON. \u2713 Cod: 7 \u2713 Brand: PIERBURG \u2713 \u00cen stoc \u2713 Livrare 24h \u2713 Garan\u021bie!","og_url":"https:\/\/autorival.ro\/mazda\/product\/senzor-presiune-gaze-evacuare-mazda-5-cw-1-6-cd-diesel-116-cai-pierburg-7-11190-10-0\/","og_site_name":"MAZDA","article_modified_time":"2025-05-14T15:38:41+00:00","og_image":[{"width":250,"height":250,"url":"https:\/\/autorival.ro\/mazda\/wp-content\/uploads\/sites\/16\/2025\/05\/7.11190.10.0.jpg","type":"image\/jpeg"}],"twitter_card":"summary_large_image","twitter_title":"Senzor presiune gaze evacuare MAZDA 5 (CW) 1.6 CD diesel 116 cai PIERBURG 7.11190.10.0 MAZDA | PIERBURG - Autorival","twitter_description":"\u26a1 Senzor presiune gaze evacuare MAZDA 5 (CW) 1.6 CD diesel 116 cai PIERBURG 7.11190.10.0 pentru MAZDA la doar 316.05 RON. \u2713 Cod: 7 \u2713 Brand: PIERBURG \u2713 \u00cen stoc \u2713 Livrare 24h \u2713 Garan\u021bie!","schema":{"@context":"https:\/\/schema.org","@graph":[{"@type":"WebPage","@id":"https:\/\/autorival.ro\/mazda\/product\/senzor-presiune-gaze-evacuare-mazda-5-cw-1-6-cd-diesel-116-cai-pierburg-7-11190-10-0\/","url":"https:\/\/autorival.ro\/mazda\/product\/senzor-presiune-gaze-evacuare-mazda-5-cw-1-6-cd-diesel-116-cai-pierburg-7-11190-10-0\/","name":"Senzor presiune gaze evacuare MAZDA 5 (CW) 1.6 CD diesel 116 cai PIERBURG 7.11190.10.0 MAZDA | PIERBURG - Autorival","isPartOf":{"@id":"https:\/\/autorival.ro\/mazda\/#website"},"primaryImageOfPage":{"@id":"https:\/\/autorival.ro\/mazda\/product\/senzor-presiune-gaze-evacuare-mazda-5-cw-1-6-cd-diesel-116-cai-pierburg-7-11190-10-0\/#primaryimage"},"image":{"@id":"https:\/\/autorival.ro\/mazda\/product\/senzor-presiune-gaze-evacuare-mazda-5-cw-1-6-cd-diesel-116-cai-pierburg-7-11190-10-0\/#primaryimage"},"thumbnailUrl":"https:\/\/autorival.ro\/mazda\/wp-content\/uploads\/sites\/16\/2025\/05\/7.11190.10.0.jpg","datePublished":"2025-05-14T15:38:40+00:00","dateModified":"2025-05-14T15:38:41+00:00","description":"\u26a1 Senzor presiune gaze evacuare MAZDA 5 (CW) 1.6 CD diesel 116 cai PIERBURG 7.11190.10.0 pentru MAZDA la doar 316.05 RON. \u2713 Cod: 7 \u2713 Brand: PIERBURG \u2713 \u00cen stoc \u2713 Livrare 24h \u2713 Garan\u021bie!","breadcrumb":{"@id":"https:\/\/autorival.ro\/mazda\/product\/senzor-presiune-gaze-evacuare-mazda-5-cw-1-6-cd-diesel-116-cai-pierburg-7-11190-10-0\/#breadcrumb"},"inLanguage":"en-US","potentialAction":[{"@type":"ReadAction","target":["https:\/\/autorival.ro\/mazda\/product\/senzor-presiune-gaze-evacuare-mazda-5-cw-1-6-cd-diesel-116-cai-pierburg-7-11190-10-0\/"]}]},{"@type":"ImageObject","inLanguage":"en-US","@id":"https:\/\/autorival.ro\/mazda\/product\/senzor-presiune-gaze-evacuare-mazda-5-cw-1-6-cd-diesel-116-cai-pierburg-7-11190-10-0\/#primaryimage","url":"https:\/\/autorival.ro\/mazda\/wp-content\/uploads\/sites\/16\/2025\/05\/7.11190.10.0.jpg","contentUrl":"https:\/\/autorival.ro\/mazda\/wp-content\/uploads\/sites\/16\/2025\/05\/7.11190.10.0.jpg","width":250,"height":250,"caption":"Senzor presiune gaze evacuare MAZDA 5 (CW) 1.6 CD diesel 116 cai PIERBURG 7.11190.10.0"},{"@type":"BreadcrumbList","@id":"https:\/\/autorival.ro\/mazda\/product\/senzor-presiune-gaze-evacuare-mazda-5-cw-1-6-cd-diesel-116-cai-pierburg-7-11190-10-0\/#breadcrumb","itemListElement":[{"@type":"ListItem","position":1,"name":"Prima pagin\u0103","item":"https:\/\/autorival.ro\/mazda\/"},{"@type":"ListItem","position":2,"name":"Piese auto MAZDA","item":"https:\/\/autorival.ro\/mazda\/"},{"@type":"ListItem","position":3,"name":"Senzor presiune gaze evacuare MAZDA 5 (CW) 1.6 CD diesel 116 cai PIERBURG 7.11190.10.0"}]},{"@type":"WebSite","@id":"https:\/\/autorival.ro\/mazda\/#website","url":"https:\/\/autorival.ro\/mazda\/","name":"MAZDA","description":"","potentialAction":[{"@type":"SearchAction","target":{"@type":"EntryPoint","urlTemplate":"https:\/\/autorival.ro\/mazda\/?s={search_term_string}"},"query-input":{"@type":"PropertyValueSpecification","valueRequired":true,"valueName":"search_term_string"}}],"inLanguage":"en-US"}]}},"_links":{"self":[{"href":"https:\/\/autorival.ro\/mazda\/wp-json\/wp\/v2\/product\/154150","targetHints":{"allow":["GET"]}}],"collection":[{"href":"https:\/\/autorival.ro\/mazda\/wp-json\/wp\/v2\/product"}],"about":[{"href":"https:\/\/autorival.ro\/mazda\/wp-json\/wp\/v2\/types\/product"}],"replies":[{"embeddable":true,"href":"https:\/\/autorival.ro\/mazda\/wp-json\/wp\/v2\/comments?post=154150"}],"wp:featuredmedia":[{"embeddable":true,"href":"https:\/\/autorival.ro\/mazda\/wp-json\/wp\/v2\/media\/154149"}],"wp:attachment":[{"href":"https:\/\/autorival.ro\/mazda\/wp-json\/wp\/v2\/media?parent=154150"}],"wp:term":[{"taxonomy":"product_brand","embeddable":true,"href":"https:\/\/autorival.ro\/mazda\/wp-json\/wp\/v2\/product_brand?post=154150"},{"taxonomy":"product_cat","embeddable":true,"href":"https:\/\/autorival.ro\/mazda\/wp-json\/wp\/v2\/product_cat?post=154150"},{"taxonomy":"product_tag","embeddable":true,"href":"https:\/\/autorival.ro\/mazda\/wp-json\/wp\/v2\/product_tag?post=154150"}],"curies":[{"name":"wp","href":"https:\/\/api.w.org\/{rel}","templated":true}]}}