{"id":151666,"date":"2025-05-14T14:57:24","date_gmt":"2025-05-14T14:57:24","guid":{"rendered":"https:\/\/autorival.ro\/mazda\/product\/senzor-debit-aer-mazda-6-combi-gh-2-2-mzr-cd-gh10-diesel-185-cai-denso-dma-0113\/"},"modified":"2025-05-14T14:57:24","modified_gmt":"2025-05-14T14:57:24","slug":"senzor-debit-aer-mazda-6-combi-gh-2-2-mzr-cd-gh10-diesel-185-cai-denso-dma-0113","status":"publish","type":"product","link":"https:\/\/autorival.ro\/mazda\/product\/senzor-debit-aer-mazda-6-combi-gh-2-2-mzr-cd-gh10-diesel-185-cai-denso-dma-0113\/","title":{"rendered":"Senzor debit aer MAZDA 6 combi (GH) 2.2 MZR-CD (GH10) diesel 185 cai DENSO DMA-0113"},"content":{"rendered":"<p>pt. cod original (OE): 22204-21010Calitate: OEMod de operare: electricNum\u0103rul conexiunilor cu muf\u0103: 5 ->Greutate brut\u0103 [g]: 79<\/p>\n","protected":false},"excerpt":{"rendered":"<p>Producator: DENSO Cod producator: DMA-0113<\/p>\n","protected":false},"featured_media":151631,"comment_status":"open","ping_status":"closed","template":"","meta":[],"product_brand":[2552],"product_cat":[12031],"product_tag":[17815,18330,17652,18332,17249,17258,17828],"class_list":{"0":"post-151666","1":"product","2":"type-product","3":"status-publish","4":"has-post-thumbnail","6":"product_brand-denso","7":"product_cat-senzor-debit-aer-combi-gh-2-2-mzr-cd-gh10-diesel-185","8":"product_tag-aer","9":"product_tag-debit","10":"product_tag-denso","11":"product_tag-dma","12":"product_tag-mazda","13":"product_tag-mzr","14":"product_tag-senzor","16":"first","17":"instock","18":"shipping-taxable","19":"purchasable","20":"product-type-simple"},"yoast_head":"<!-- This site is optimized with the Yoast SEO plugin v27.3 - https:\/\/yoast.com\/product\/yoast-seo-wordpress\/ -->\n<title>Senzor debit aer MAZDA 6 combi (GH) 2.2 MZR-CD (GH10) diesel 185 cai DENSO DMA-0113 MAZDA | DENSO - Autorival<\/title>\n<meta name=\"description\" content=\"\u26a1 Senzor debit aer MAZDA 6 combi (GH) 2.2 MZR-CD (GH10) diesel 185 cai DENSO DMA-0113 pentru MAZDA la doar 561.58 RON. \u2713 Cod: DMA-0113 \u2713 Brand: DENSO \u2713 \u00cen stoc \u2713 Livrare 24h \u2713 Garan\u021bie!\" \/>\n<meta name=\"robots\" content=\"index, follow, max-snippet:-1, max-image-preview:large, max-video-preview:-1\" \/>\n<meta property=\"og:locale\" content=\"en_US\" \/>\n<meta property=\"og:type\" content=\"article\" \/>\n<meta property=\"og:title\" content=\"Senzor debit aer MAZDA 6 combi (GH) 2.2 MZR-CD (GH10) diesel 185 cai DENSO DMA-0113 MAZDA | DENSO - Autorival\" \/>\n<meta property=\"og:description\" content=\"\u26a1 Senzor debit aer MAZDA 6 combi (GH) 2.2 MZR-CD (GH10) diesel 185 cai DENSO DMA-0113 pentru MAZDA la doar 561.58 RON. \u2713 Cod: DMA-0113 \u2713 Brand: DENSO \u2713 \u00cen stoc \u2713 Livrare 24h \u2713 Garan\u021bie!\" \/>\n<meta property=\"og:url\" content=\"https:\/\/autorival.ro\/mazda\/product\/senzor-debit-aer-mazda-6-combi-gh-2-2-mzr-cd-gh10-diesel-185-cai-denso-dma-0113\/\" \/>\n<meta property=\"og:site_name\" content=\"MAZDA\" \/>\n<meta property=\"og:image\" content=\"https:\/\/autorival.ro\/mazda\/wp-content\/uploads\/sites\/16\/2025\/05\/dma-0113_102720-7.jpg\" \/>\n\t<meta property=\"og:image:width\" content=\"800\" \/>\n\t<meta property=\"og:image:height\" content=\"800\" \/>\n\t<meta property=\"og:image:type\" content=\"image\/jpeg\" \/>\n<meta name=\"twitter:card\" content=\"summary_large_image\" \/>\n<meta name=\"twitter:title\" content=\"Senzor debit aer MAZDA 6 combi (GH) 2.2 MZR-CD (GH10) diesel 185 cai DENSO DMA-0113 MAZDA | DENSO - Autorival\" \/>\n<meta name=\"twitter:description\" content=\"\u26a1 Senzor debit aer MAZDA 6 combi (GH) 2.2 MZR-CD (GH10) diesel 185 cai DENSO DMA-0113 pentru MAZDA la doar 561.58 RON. \u2713 Cod: DMA-0113 \u2713 Brand: DENSO \u2713 \u00cen stoc \u2713 Livrare 24h \u2713 Garan\u021bie!\" \/>\n<script type=\"application\/ld+json\" class=\"yoast-schema-graph\">{\"@context\":\"https:\\\/\\\/schema.org\",\"@graph\":[{\"@type\":\"WebPage\",\"@id\":\"https:\\\/\\\/autorival.ro\\\/mazda\\\/product\\\/senzor-debit-aer-mazda-6-combi-gh-2-2-mzr-cd-gh10-diesel-185-cai-denso-dma-0113\\\/\",\"url\":\"https:\\\/\\\/autorival.ro\\\/mazda\\\/product\\\/senzor-debit-aer-mazda-6-combi-gh-2-2-mzr-cd-gh10-diesel-185-cai-denso-dma-0113\\\/\",\"name\":\"Senzor debit aer MAZDA 6 combi (GH) 2.2 MZR-CD (GH10) diesel 185 cai DENSO DMA-0113 MAZDA | DENSO - Autorival\",\"isPartOf\":{\"@id\":\"https:\\\/\\\/autorival.ro\\\/mazda\\\/#website\"},\"primaryImageOfPage\":{\"@id\":\"https:\\\/\\\/autorival.ro\\\/mazda\\\/product\\\/senzor-debit-aer-mazda-6-combi-gh-2-2-mzr-cd-gh10-diesel-185-cai-denso-dma-0113\\\/#primaryimage\"},\"image\":{\"@id\":\"https:\\\/\\\/autorival.ro\\\/mazda\\\/product\\\/senzor-debit-aer-mazda-6-combi-gh-2-2-mzr-cd-gh10-diesel-185-cai-denso-dma-0113\\\/#primaryimage\"},\"thumbnailUrl\":\"https:\\\/\\\/autorival.ro\\\/mazda\\\/wp-content\\\/uploads\\\/sites\\\/16\\\/2025\\\/05\\\/dma-0113_102720-7.jpg\",\"datePublished\":\"2025-05-14T14:57:24+00:00\",\"description\":\"\u26a1 Senzor debit aer MAZDA 6 combi (GH) 2.2 MZR-CD (GH10) diesel 185 cai DENSO DMA-0113 pentru MAZDA la doar 561.58 RON. \u2713 Cod: DMA-0113 \u2713 Brand: DENSO \u2713 \u00cen stoc \u2713 Livrare 24h \u2713 Garan\u021bie!\",\"breadcrumb\":{\"@id\":\"https:\\\/\\\/autorival.ro\\\/mazda\\\/product\\\/senzor-debit-aer-mazda-6-combi-gh-2-2-mzr-cd-gh10-diesel-185-cai-denso-dma-0113\\\/#breadcrumb\"},\"inLanguage\":\"en-US\",\"potentialAction\":[{\"@type\":\"ReadAction\",\"target\":[\"https:\\\/\\\/autorival.ro\\\/mazda\\\/product\\\/senzor-debit-aer-mazda-6-combi-gh-2-2-mzr-cd-gh10-diesel-185-cai-denso-dma-0113\\\/\"]}]},{\"@type\":\"ImageObject\",\"inLanguage\":\"en-US\",\"@id\":\"https:\\\/\\\/autorival.ro\\\/mazda\\\/product\\\/senzor-debit-aer-mazda-6-combi-gh-2-2-mzr-cd-gh10-diesel-185-cai-denso-dma-0113\\\/#primaryimage\",\"url\":\"https:\\\/\\\/autorival.ro\\\/mazda\\\/wp-content\\\/uploads\\\/sites\\\/16\\\/2025\\\/05\\\/dma-0113_102720-7.jpg\",\"contentUrl\":\"https:\\\/\\\/autorival.ro\\\/mazda\\\/wp-content\\\/uploads\\\/sites\\\/16\\\/2025\\\/05\\\/dma-0113_102720-7.jpg\",\"width\":800,\"height\":800,\"caption\":\"Senzor debit aer MAZDA 6 combi (GH) 2.0 MZR (GHEFW) benzina 155 cai DENSO DMA-0113\"},{\"@type\":\"BreadcrumbList\",\"@id\":\"https:\\\/\\\/autorival.ro\\\/mazda\\\/product\\\/senzor-debit-aer-mazda-6-combi-gh-2-2-mzr-cd-gh10-diesel-185-cai-denso-dma-0113\\\/#breadcrumb\",\"itemListElement\":[{\"@type\":\"ListItem\",\"position\":1,\"name\":\"Prima pagin\u0103\",\"item\":\"https:\\\/\\\/autorival.ro\\\/mazda\\\/\"},{\"@type\":\"ListItem\",\"position\":2,\"name\":\"Piese auto MAZDA\",\"item\":\"https:\\\/\\\/autorival.ro\\\/mazda\\\/\"},{\"@type\":\"ListItem\",\"position\":3,\"name\":\"Senzor debit aer MAZDA 6 combi (GH) 2.2 MZR-CD (GH10) diesel 185 cai DENSO DMA-0113\"}]},{\"@type\":\"WebSite\",\"@id\":\"https:\\\/\\\/autorival.ro\\\/mazda\\\/#website\",\"url\":\"https:\\\/\\\/autorival.ro\\\/mazda\\\/\",\"name\":\"MAZDA\",\"description\":\"\",\"potentialAction\":[{\"@type\":\"SearchAction\",\"target\":{\"@type\":\"EntryPoint\",\"urlTemplate\":\"https:\\\/\\\/autorival.ro\\\/mazda\\\/?s={search_term_string}\"},\"query-input\":{\"@type\":\"PropertyValueSpecification\",\"valueRequired\":true,\"valueName\":\"search_term_string\"}}],\"inLanguage\":\"en-US\"}]}<\/script>\n<!-- \/ Yoast SEO plugin. -->","yoast_head_json":{"title":"Senzor debit aer MAZDA 6 combi (GH) 2.2 MZR-CD (GH10) diesel 185 cai DENSO DMA-0113 MAZDA | DENSO - Autorival","description":"\u26a1 Senzor debit aer MAZDA 6 combi (GH) 2.2 MZR-CD (GH10) diesel 185 cai DENSO DMA-0113 pentru MAZDA la doar 561.58 RON. \u2713 Cod: DMA-0113 \u2713 Brand: DENSO \u2713 \u00cen stoc \u2713 Livrare 24h \u2713 Garan\u021bie!","robots":{"index":"index","follow":"follow","max-snippet":"max-snippet:-1","max-image-preview":"max-image-preview:large","max-video-preview":"max-video-preview:-1"},"og_locale":"en_US","og_type":"article","og_title":"Senzor debit aer MAZDA 6 combi (GH) 2.2 MZR-CD (GH10) diesel 185 cai DENSO DMA-0113 MAZDA | DENSO - Autorival","og_description":"\u26a1 Senzor debit aer MAZDA 6 combi (GH) 2.2 MZR-CD (GH10) diesel 185 cai DENSO DMA-0113 pentru MAZDA la doar 561.58 RON. \u2713 Cod: DMA-0113 \u2713 Brand: DENSO \u2713 \u00cen stoc \u2713 Livrare 24h \u2713 Garan\u021bie!","og_url":"https:\/\/autorival.ro\/mazda\/product\/senzor-debit-aer-mazda-6-combi-gh-2-2-mzr-cd-gh10-diesel-185-cai-denso-dma-0113\/","og_site_name":"MAZDA","og_image":[{"width":800,"height":800,"url":"https:\/\/autorival.ro\/mazda\/wp-content\/uploads\/sites\/16\/2025\/05\/dma-0113_102720-7.jpg","type":"image\/jpeg"}],"twitter_card":"summary_large_image","twitter_title":"Senzor debit aer MAZDA 6 combi (GH) 2.2 MZR-CD (GH10) diesel 185 cai DENSO DMA-0113 MAZDA | DENSO - Autorival","twitter_description":"\u26a1 Senzor debit aer MAZDA 6 combi (GH) 2.2 MZR-CD (GH10) diesel 185 cai DENSO DMA-0113 pentru MAZDA la doar 561.58 RON. \u2713 Cod: DMA-0113 \u2713 Brand: DENSO \u2713 \u00cen stoc \u2713 Livrare 24h \u2713 Garan\u021bie!","schema":{"@context":"https:\/\/schema.org","@graph":[{"@type":"WebPage","@id":"https:\/\/autorival.ro\/mazda\/product\/senzor-debit-aer-mazda-6-combi-gh-2-2-mzr-cd-gh10-diesel-185-cai-denso-dma-0113\/","url":"https:\/\/autorival.ro\/mazda\/product\/senzor-debit-aer-mazda-6-combi-gh-2-2-mzr-cd-gh10-diesel-185-cai-denso-dma-0113\/","name":"Senzor debit aer MAZDA 6 combi (GH) 2.2 MZR-CD (GH10) diesel 185 cai DENSO DMA-0113 MAZDA | DENSO - Autorival","isPartOf":{"@id":"https:\/\/autorival.ro\/mazda\/#website"},"primaryImageOfPage":{"@id":"https:\/\/autorival.ro\/mazda\/product\/senzor-debit-aer-mazda-6-combi-gh-2-2-mzr-cd-gh10-diesel-185-cai-denso-dma-0113\/#primaryimage"},"image":{"@id":"https:\/\/autorival.ro\/mazda\/product\/senzor-debit-aer-mazda-6-combi-gh-2-2-mzr-cd-gh10-diesel-185-cai-denso-dma-0113\/#primaryimage"},"thumbnailUrl":"https:\/\/autorival.ro\/mazda\/wp-content\/uploads\/sites\/16\/2025\/05\/dma-0113_102720-7.jpg","datePublished":"2025-05-14T14:57:24+00:00","description":"\u26a1 Senzor debit aer MAZDA 6 combi (GH) 2.2 MZR-CD (GH10) diesel 185 cai DENSO DMA-0113 pentru MAZDA la doar 561.58 RON. \u2713 Cod: DMA-0113 \u2713 Brand: DENSO \u2713 \u00cen stoc \u2713 Livrare 24h \u2713 Garan\u021bie!","breadcrumb":{"@id":"https:\/\/autorival.ro\/mazda\/product\/senzor-debit-aer-mazda-6-combi-gh-2-2-mzr-cd-gh10-diesel-185-cai-denso-dma-0113\/#breadcrumb"},"inLanguage":"en-US","potentialAction":[{"@type":"ReadAction","target":["https:\/\/autorival.ro\/mazda\/product\/senzor-debit-aer-mazda-6-combi-gh-2-2-mzr-cd-gh10-diesel-185-cai-denso-dma-0113\/"]}]},{"@type":"ImageObject","inLanguage":"en-US","@id":"https:\/\/autorival.ro\/mazda\/product\/senzor-debit-aer-mazda-6-combi-gh-2-2-mzr-cd-gh10-diesel-185-cai-denso-dma-0113\/#primaryimage","url":"https:\/\/autorival.ro\/mazda\/wp-content\/uploads\/sites\/16\/2025\/05\/dma-0113_102720-7.jpg","contentUrl":"https:\/\/autorival.ro\/mazda\/wp-content\/uploads\/sites\/16\/2025\/05\/dma-0113_102720-7.jpg","width":800,"height":800,"caption":"Senzor debit aer MAZDA 6 combi (GH) 2.0 MZR (GHEFW) benzina 155 cai DENSO DMA-0113"},{"@type":"BreadcrumbList","@id":"https:\/\/autorival.ro\/mazda\/product\/senzor-debit-aer-mazda-6-combi-gh-2-2-mzr-cd-gh10-diesel-185-cai-denso-dma-0113\/#breadcrumb","itemListElement":[{"@type":"ListItem","position":1,"name":"Prima pagin\u0103","item":"https:\/\/autorival.ro\/mazda\/"},{"@type":"ListItem","position":2,"name":"Piese auto MAZDA","item":"https:\/\/autorival.ro\/mazda\/"},{"@type":"ListItem","position":3,"name":"Senzor debit aer MAZDA 6 combi (GH) 2.2 MZR-CD (GH10) diesel 185 cai DENSO DMA-0113"}]},{"@type":"WebSite","@id":"https:\/\/autorival.ro\/mazda\/#website","url":"https:\/\/autorival.ro\/mazda\/","name":"MAZDA","description":"","potentialAction":[{"@type":"SearchAction","target":{"@type":"EntryPoint","urlTemplate":"https:\/\/autorival.ro\/mazda\/?s={search_term_string}"},"query-input":{"@type":"PropertyValueSpecification","valueRequired":true,"valueName":"search_term_string"}}],"inLanguage":"en-US"}]}},"_links":{"self":[{"href":"https:\/\/autorival.ro\/mazda\/wp-json\/wp\/v2\/product\/151666","targetHints":{"allow":["GET"]}}],"collection":[{"href":"https:\/\/autorival.ro\/mazda\/wp-json\/wp\/v2\/product"}],"about":[{"href":"https:\/\/autorival.ro\/mazda\/wp-json\/wp\/v2\/types\/product"}],"replies":[{"embeddable":true,"href":"https:\/\/autorival.ro\/mazda\/wp-json\/wp\/v2\/comments?post=151666"}],"wp:featuredmedia":[{"embeddable":true,"href":"https:\/\/autorival.ro\/mazda\/wp-json\/wp\/v2\/media\/151631"}],"wp:attachment":[{"href":"https:\/\/autorival.ro\/mazda\/wp-json\/wp\/v2\/media?parent=151666"}],"wp:term":[{"taxonomy":"product_brand","embeddable":true,"href":"https:\/\/autorival.ro\/mazda\/wp-json\/wp\/v2\/product_brand?post=151666"},{"taxonomy":"product_cat","embeddable":true,"href":"https:\/\/autorival.ro\/mazda\/wp-json\/wp\/v2\/product_cat?post=151666"},{"taxonomy":"product_tag","embeddable":true,"href":"https:\/\/autorival.ro\/mazda\/wp-json\/wp\/v2\/product_tag?post=151666"}],"curies":[{"name":"wp","href":"https:\/\/api.w.org\/{rel}","templated":true}]}}