{"id":140304,"date":"2025-05-14T12:08:12","date_gmt":"2025-05-14T12:08:12","guid":{"rendered":"https:\/\/autorival.ro\/mazda\/product\/placute-frana-mazda-6-limuzina-gj-gl-2-2-d-gj2fp-diesel-150-cai-skf-vkbp-90497-a\/"},"modified":"2025-05-14T12:08:13","modified_gmt":"2025-05-14T12:08:13","slug":"placute-frana-mazda-6-limuzina-gj-gl-2-2-d-gj2fp-diesel-150-cai-skf-vkbp-90497-a","status":"publish","type":"product","link":"https:\/\/autorival.ro\/mazda\/product\/placute-frana-mazda-6-limuzina-gj-gl-2-2-d-gj2fp-diesel-150-cai-skf-vkbp-90497-a\/","title":{"rendered":"Placute frana MAZDA 6 limuzina (GJ, GL) 2.2 D (GJ2FP) diesel 150 cai SKF VKBP 90497 A"},"content":{"rendered":"<p>Partea de montare: puntea spateEchipament vehicul: pentru vehicule cu fr\u00e2n\u0103 de parcare electric\u0103Numar de placute: 4 ->Grosime [mm]: 15,2 ->Lungime [mm]: 104\u00cenaltime [mm]: 47,2Contact indicator uzura: cu avertizare acustica uzuraPlacuta de frana: cu muchie tesitaSistem de fr\u00e2nare: AkebonoNumar WVA: 22349, 22350, 22351<\/p>\n","protected":false},"excerpt":{"rendered":"<p>Producator: SKF Cod producator: VKBP 90497 A<\/p>\n","protected":false},"featured_media":140132,"comment_status":"open","ping_status":"closed","template":"","meta":[],"product_brand":[620],"product_cat":[10190],"product_tag":[17470,17280,17275,17249,18219,17424,18225],"class_list":{"0":"post-140304","1":"product","2":"type-product","3":"status-publish","4":"has-post-thumbnail","6":"product_brand-skf","7":"product_cat-placute-frana-limuzina-gj-gl-2-2-d-gj2fp-diesel-150","8":"product_tag-frana","9":"product_tag-gl","10":"product_tag-limuzina","11":"product_tag-mazda","12":"product_tag-placute","13":"product_tag-skf","14":"product_tag-vkbp","16":"first","17":"instock","18":"shipping-taxable","19":"purchasable","20":"product-type-simple"},"yoast_head":"<!-- This site is optimized with the Yoast SEO plugin v27.3 - https:\/\/yoast.com\/product\/yoast-seo-wordpress\/ -->\n<title>Placute frana MAZDA 6 limuzina (GJ, GL) 2.2 D (GJ2FP) diesel 150 cai SKF VKBP 90497 A MAZDA | SKF - Autorival<\/title>\n<meta name=\"description\" content=\"\u26a1 Placute frana MAZDA 6 limuzina (GJ, GL) 2.2 D (GJ2FP) diesel 150 cai SKF VKBP 90497 A pentru MAZDA la doar 223.14 RON. \u2713 Cod: VKBP \u2713 Brand: SKF \u2713 \u00cen stoc \u2713 Livrare 24h \u2713 Garan\u021bie!\" \/>\n<meta name=\"robots\" content=\"index, follow, max-snippet:-1, max-image-preview:large, max-video-preview:-1\" \/>\n<meta property=\"og:locale\" content=\"en_US\" \/>\n<meta property=\"og:type\" content=\"article\" \/>\n<meta property=\"og:title\" content=\"Placute frana MAZDA 6 limuzina (GJ, GL) 2.2 D (GJ2FP) diesel 150 cai SKF VKBP 90497 A MAZDA | SKF - Autorival\" \/>\n<meta property=\"og:description\" content=\"\u26a1 Placute frana MAZDA 6 limuzina (GJ, GL) 2.2 D (GJ2FP) diesel 150 cai SKF VKBP 90497 A pentru MAZDA la doar 223.14 RON. \u2713 Cod: VKBP \u2713 Brand: SKF \u2713 \u00cen stoc \u2713 Livrare 24h \u2713 Garan\u021bie!\" \/>\n<meta property=\"og:url\" content=\"https:\/\/autorival.ro\/mazda\/product\/placute-frana-mazda-6-limuzina-gj-gl-2-2-d-gj2fp-diesel-150-cai-skf-vkbp-90497-a\/\" \/>\n<meta property=\"og:site_name\" content=\"MAZDA\" \/>\n<meta property=\"article:modified_time\" content=\"2025-05-14T12:08:13+00:00\" \/>\n<meta property=\"og:image\" content=\"https:\/\/autorival.ro\/mazda\/wp-content\/uploads\/sites\/16\/2025\/05\/vkbp209049720a_bs-2.jpg\" \/>\n\t<meta property=\"og:image:width\" content=\"1500\" \/>\n\t<meta property=\"og:image:height\" content=\"1000\" \/>\n\t<meta property=\"og:image:type\" content=\"image\/jpeg\" \/>\n<meta name=\"twitter:card\" content=\"summary_large_image\" \/>\n<meta name=\"twitter:title\" content=\"Placute frana MAZDA 6 limuzina (GJ, GL) 2.2 D (GJ2FP) diesel 150 cai SKF VKBP 90497 A MAZDA | SKF - Autorival\" \/>\n<meta name=\"twitter:description\" content=\"\u26a1 Placute frana MAZDA 6 limuzina (GJ, GL) 2.2 D (GJ2FP) diesel 150 cai SKF VKBP 90497 A pentru MAZDA la doar 223.14 RON. \u2713 Cod: VKBP \u2713 Brand: SKF \u2713 \u00cen stoc \u2713 Livrare 24h \u2713 Garan\u021bie!\" \/>\n<script type=\"application\/ld+json\" class=\"yoast-schema-graph\">{\"@context\":\"https:\\\/\\\/schema.org\",\"@graph\":[{\"@type\":\"WebPage\",\"@id\":\"https:\\\/\\\/autorival.ro\\\/mazda\\\/product\\\/placute-frana-mazda-6-limuzina-gj-gl-2-2-d-gj2fp-diesel-150-cai-skf-vkbp-90497-a\\\/\",\"url\":\"https:\\\/\\\/autorival.ro\\\/mazda\\\/product\\\/placute-frana-mazda-6-limuzina-gj-gl-2-2-d-gj2fp-diesel-150-cai-skf-vkbp-90497-a\\\/\",\"name\":\"Placute frana MAZDA 6 limuzina (GJ, GL) 2.2 D (GJ2FP) diesel 150 cai SKF VKBP 90497 A MAZDA | SKF - Autorival\",\"isPartOf\":{\"@id\":\"https:\\\/\\\/autorival.ro\\\/mazda\\\/#website\"},\"primaryImageOfPage\":{\"@id\":\"https:\\\/\\\/autorival.ro\\\/mazda\\\/product\\\/placute-frana-mazda-6-limuzina-gj-gl-2-2-d-gj2fp-diesel-150-cai-skf-vkbp-90497-a\\\/#primaryimage\"},\"image\":{\"@id\":\"https:\\\/\\\/autorival.ro\\\/mazda\\\/product\\\/placute-frana-mazda-6-limuzina-gj-gl-2-2-d-gj2fp-diesel-150-cai-skf-vkbp-90497-a\\\/#primaryimage\"},\"thumbnailUrl\":\"https:\\\/\\\/autorival.ro\\\/mazda\\\/wp-content\\\/uploads\\\/sites\\\/16\\\/2025\\\/05\\\/vkbp209049720a_bs-2.jpg\",\"datePublished\":\"2025-05-14T12:08:12+00:00\",\"dateModified\":\"2025-05-14T12:08:13+00:00\",\"description\":\"\u26a1 Placute frana MAZDA 6 limuzina (GJ, GL) 2.2 D (GJ2FP) diesel 150 cai SKF VKBP 90497 A pentru MAZDA la doar 223.14 RON. \u2713 Cod: VKBP \u2713 Brand: SKF \u2713 \u00cen stoc \u2713 Livrare 24h \u2713 Garan\u021bie!\",\"breadcrumb\":{\"@id\":\"https:\\\/\\\/autorival.ro\\\/mazda\\\/product\\\/placute-frana-mazda-6-limuzina-gj-gl-2-2-d-gj2fp-diesel-150-cai-skf-vkbp-90497-a\\\/#breadcrumb\"},\"inLanguage\":\"en-US\",\"potentialAction\":[{\"@type\":\"ReadAction\",\"target\":[\"https:\\\/\\\/autorival.ro\\\/mazda\\\/product\\\/placute-frana-mazda-6-limuzina-gj-gl-2-2-d-gj2fp-diesel-150-cai-skf-vkbp-90497-a\\\/\"]}]},{\"@type\":\"ImageObject\",\"inLanguage\":\"en-US\",\"@id\":\"https:\\\/\\\/autorival.ro\\\/mazda\\\/product\\\/placute-frana-mazda-6-limuzina-gj-gl-2-2-d-gj2fp-diesel-150-cai-skf-vkbp-90497-a\\\/#primaryimage\",\"url\":\"https:\\\/\\\/autorival.ro\\\/mazda\\\/wp-content\\\/uploads\\\/sites\\\/16\\\/2025\\\/05\\\/vkbp209049720a_bs-2.jpg\",\"contentUrl\":\"https:\\\/\\\/autorival.ro\\\/mazda\\\/wp-content\\\/uploads\\\/sites\\\/16\\\/2025\\\/05\\\/vkbp209049720a_bs-2.jpg\",\"width\":1500,\"height\":1000,\"caption\":\"Placute frana MAZDA 6 limuzina (GJ, GL) 2.0 (GJEFP) benzina 165 cai SKF VKBP 90497 A\"},{\"@type\":\"BreadcrumbList\",\"@id\":\"https:\\\/\\\/autorival.ro\\\/mazda\\\/product\\\/placute-frana-mazda-6-limuzina-gj-gl-2-2-d-gj2fp-diesel-150-cai-skf-vkbp-90497-a\\\/#breadcrumb\",\"itemListElement\":[{\"@type\":\"ListItem\",\"position\":1,\"name\":\"Prima pagin\u0103\",\"item\":\"https:\\\/\\\/autorival.ro\\\/mazda\\\/\"},{\"@type\":\"ListItem\",\"position\":2,\"name\":\"Piese auto MAZDA\",\"item\":\"https:\\\/\\\/autorival.ro\\\/mazda\\\/\"},{\"@type\":\"ListItem\",\"position\":3,\"name\":\"Placute frana MAZDA 6 limuzina (GJ, GL) 2.2 D (GJ2FP) diesel 150 cai SKF VKBP 90497 A\"}]},{\"@type\":\"WebSite\",\"@id\":\"https:\\\/\\\/autorival.ro\\\/mazda\\\/#website\",\"url\":\"https:\\\/\\\/autorival.ro\\\/mazda\\\/\",\"name\":\"MAZDA\",\"description\":\"\",\"potentialAction\":[{\"@type\":\"SearchAction\",\"target\":{\"@type\":\"EntryPoint\",\"urlTemplate\":\"https:\\\/\\\/autorival.ro\\\/mazda\\\/?s={search_term_string}\"},\"query-input\":{\"@type\":\"PropertyValueSpecification\",\"valueRequired\":true,\"valueName\":\"search_term_string\"}}],\"inLanguage\":\"en-US\"}]}<\/script>\n<!-- \/ Yoast SEO plugin. -->","yoast_head_json":{"title":"Placute frana MAZDA 6 limuzina (GJ, GL) 2.2 D (GJ2FP) diesel 150 cai SKF VKBP 90497 A MAZDA | SKF - Autorival","description":"\u26a1 Placute frana MAZDA 6 limuzina (GJ, GL) 2.2 D (GJ2FP) diesel 150 cai SKF VKBP 90497 A pentru MAZDA la doar 223.14 RON. \u2713 Cod: VKBP \u2713 Brand: SKF \u2713 \u00cen stoc \u2713 Livrare 24h \u2713 Garan\u021bie!","robots":{"index":"index","follow":"follow","max-snippet":"max-snippet:-1","max-image-preview":"max-image-preview:large","max-video-preview":"max-video-preview:-1"},"og_locale":"en_US","og_type":"article","og_title":"Placute frana MAZDA 6 limuzina (GJ, GL) 2.2 D (GJ2FP) diesel 150 cai SKF VKBP 90497 A MAZDA | SKF - Autorival","og_description":"\u26a1 Placute frana MAZDA 6 limuzina (GJ, GL) 2.2 D (GJ2FP) diesel 150 cai SKF VKBP 90497 A pentru MAZDA la doar 223.14 RON. \u2713 Cod: VKBP \u2713 Brand: SKF \u2713 \u00cen stoc \u2713 Livrare 24h \u2713 Garan\u021bie!","og_url":"https:\/\/autorival.ro\/mazda\/product\/placute-frana-mazda-6-limuzina-gj-gl-2-2-d-gj2fp-diesel-150-cai-skf-vkbp-90497-a\/","og_site_name":"MAZDA","article_modified_time":"2025-05-14T12:08:13+00:00","og_image":[{"width":1500,"height":1000,"url":"https:\/\/autorival.ro\/mazda\/wp-content\/uploads\/sites\/16\/2025\/05\/vkbp209049720a_bs-2.jpg","type":"image\/jpeg"}],"twitter_card":"summary_large_image","twitter_title":"Placute frana MAZDA 6 limuzina (GJ, GL) 2.2 D (GJ2FP) diesel 150 cai SKF VKBP 90497 A MAZDA | SKF - Autorival","twitter_description":"\u26a1 Placute frana MAZDA 6 limuzina (GJ, GL) 2.2 D (GJ2FP) diesel 150 cai SKF VKBP 90497 A pentru MAZDA la doar 223.14 RON. \u2713 Cod: VKBP \u2713 Brand: SKF \u2713 \u00cen stoc \u2713 Livrare 24h \u2713 Garan\u021bie!","schema":{"@context":"https:\/\/schema.org","@graph":[{"@type":"WebPage","@id":"https:\/\/autorival.ro\/mazda\/product\/placute-frana-mazda-6-limuzina-gj-gl-2-2-d-gj2fp-diesel-150-cai-skf-vkbp-90497-a\/","url":"https:\/\/autorival.ro\/mazda\/product\/placute-frana-mazda-6-limuzina-gj-gl-2-2-d-gj2fp-diesel-150-cai-skf-vkbp-90497-a\/","name":"Placute frana MAZDA 6 limuzina (GJ, GL) 2.2 D (GJ2FP) diesel 150 cai SKF VKBP 90497 A MAZDA | SKF - Autorival","isPartOf":{"@id":"https:\/\/autorival.ro\/mazda\/#website"},"primaryImageOfPage":{"@id":"https:\/\/autorival.ro\/mazda\/product\/placute-frana-mazda-6-limuzina-gj-gl-2-2-d-gj2fp-diesel-150-cai-skf-vkbp-90497-a\/#primaryimage"},"image":{"@id":"https:\/\/autorival.ro\/mazda\/product\/placute-frana-mazda-6-limuzina-gj-gl-2-2-d-gj2fp-diesel-150-cai-skf-vkbp-90497-a\/#primaryimage"},"thumbnailUrl":"https:\/\/autorival.ro\/mazda\/wp-content\/uploads\/sites\/16\/2025\/05\/vkbp209049720a_bs-2.jpg","datePublished":"2025-05-14T12:08:12+00:00","dateModified":"2025-05-14T12:08:13+00:00","description":"\u26a1 Placute frana MAZDA 6 limuzina (GJ, GL) 2.2 D (GJ2FP) diesel 150 cai SKF VKBP 90497 A pentru MAZDA la doar 223.14 RON. \u2713 Cod: VKBP \u2713 Brand: SKF \u2713 \u00cen stoc \u2713 Livrare 24h \u2713 Garan\u021bie!","breadcrumb":{"@id":"https:\/\/autorival.ro\/mazda\/product\/placute-frana-mazda-6-limuzina-gj-gl-2-2-d-gj2fp-diesel-150-cai-skf-vkbp-90497-a\/#breadcrumb"},"inLanguage":"en-US","potentialAction":[{"@type":"ReadAction","target":["https:\/\/autorival.ro\/mazda\/product\/placute-frana-mazda-6-limuzina-gj-gl-2-2-d-gj2fp-diesel-150-cai-skf-vkbp-90497-a\/"]}]},{"@type":"ImageObject","inLanguage":"en-US","@id":"https:\/\/autorival.ro\/mazda\/product\/placute-frana-mazda-6-limuzina-gj-gl-2-2-d-gj2fp-diesel-150-cai-skf-vkbp-90497-a\/#primaryimage","url":"https:\/\/autorival.ro\/mazda\/wp-content\/uploads\/sites\/16\/2025\/05\/vkbp209049720a_bs-2.jpg","contentUrl":"https:\/\/autorival.ro\/mazda\/wp-content\/uploads\/sites\/16\/2025\/05\/vkbp209049720a_bs-2.jpg","width":1500,"height":1000,"caption":"Placute frana MAZDA 6 limuzina (GJ, GL) 2.0 (GJEFP) benzina 165 cai SKF VKBP 90497 A"},{"@type":"BreadcrumbList","@id":"https:\/\/autorival.ro\/mazda\/product\/placute-frana-mazda-6-limuzina-gj-gl-2-2-d-gj2fp-diesel-150-cai-skf-vkbp-90497-a\/#breadcrumb","itemListElement":[{"@type":"ListItem","position":1,"name":"Prima pagin\u0103","item":"https:\/\/autorival.ro\/mazda\/"},{"@type":"ListItem","position":2,"name":"Piese auto MAZDA","item":"https:\/\/autorival.ro\/mazda\/"},{"@type":"ListItem","position":3,"name":"Placute frana MAZDA 6 limuzina (GJ, GL) 2.2 D (GJ2FP) diesel 150 cai SKF VKBP 90497 A"}]},{"@type":"WebSite","@id":"https:\/\/autorival.ro\/mazda\/#website","url":"https:\/\/autorival.ro\/mazda\/","name":"MAZDA","description":"","potentialAction":[{"@type":"SearchAction","target":{"@type":"EntryPoint","urlTemplate":"https:\/\/autorival.ro\/mazda\/?s={search_term_string}"},"query-input":{"@type":"PropertyValueSpecification","valueRequired":true,"valueName":"search_term_string"}}],"inLanguage":"en-US"}]}},"_links":{"self":[{"href":"https:\/\/autorival.ro\/mazda\/wp-json\/wp\/v2\/product\/140304","targetHints":{"allow":["GET"]}}],"collection":[{"href":"https:\/\/autorival.ro\/mazda\/wp-json\/wp\/v2\/product"}],"about":[{"href":"https:\/\/autorival.ro\/mazda\/wp-json\/wp\/v2\/types\/product"}],"replies":[{"embeddable":true,"href":"https:\/\/autorival.ro\/mazda\/wp-json\/wp\/v2\/comments?post=140304"}],"wp:featuredmedia":[{"embeddable":true,"href":"https:\/\/autorival.ro\/mazda\/wp-json\/wp\/v2\/media\/140132"}],"wp:attachment":[{"href":"https:\/\/autorival.ro\/mazda\/wp-json\/wp\/v2\/media?parent=140304"}],"wp:term":[{"taxonomy":"product_brand","embeddable":true,"href":"https:\/\/autorival.ro\/mazda\/wp-json\/wp\/v2\/product_brand?post=140304"},{"taxonomy":"product_cat","embeddable":true,"href":"https:\/\/autorival.ro\/mazda\/wp-json\/wp\/v2\/product_cat?post=140304"},{"taxonomy":"product_tag","embeddable":true,"href":"https:\/\/autorival.ro\/mazda\/wp-json\/wp\/v2\/product_tag?post=140304"}],"curies":[{"name":"wp","href":"https:\/\/api.w.org\/{rel}","templated":true}]}}