{"id":140294,"date":"2025-05-14T12:08:04","date_gmt":"2025-05-14T12:08:04","guid":{"rendered":"https:\/\/autorival.ro\/mazda\/product\/placute-frana-mazda-6-limuzina-gj-gl-2-2-d-gj2fp-diesel-150-cai-oe-mazda-gmy02643zc\/"},"modified":"2025-05-14T12:08:04","modified_gmt":"2025-05-14T12:08:04","slug":"placute-frana-mazda-6-limuzina-gj-gl-2-2-d-gj2fp-diesel-150-cai-oe-mazda-gmy02643zc","status":"publish","type":"product","link":"https:\/\/autorival.ro\/mazda\/product\/placute-frana-mazda-6-limuzina-gj-gl-2-2-d-gj2fp-diesel-150-cai-oe-mazda-gmy02643zc\/","title":{"rendered":"Placute frana MAZDA 6 limuzina (GJ, GL) 2.2 D (GJ2FP) diesel 150 cai OE MAZDA GMY02643ZC"},"content":{"rendered":"<p>Partea de montare: puntea spateAn fabricatie de la: 201601Echipament vehicul: pentru vehicule cu fr\u00e2n\u0103 de parcare electric\u0103Contact indicator uzura: inclusiv contact avertizare uzura ->Latime [mm]: 104\u00cenaltime [mm]: 47,1 ->Grosime [mm]: 15,4<\/p>\n","protected":false},"excerpt":{"rendered":"<p>Producator: OE MAZDA Cod producator: GMY02643ZC<\/p>\n","protected":false},"featured_media":11638,"comment_status":"open","ping_status":"closed","template":"","meta":[],"product_brand":[1269],"product_cat":[10190],"product_tag":[17470,17280,18237,17249,17435,18219],"class_list":{"0":"post-140294","1":"product","2":"type-product","3":"status-publish","4":"has-post-thumbnail","6":"product_brand-oe-mazda","7":"product_cat-placute-frana-limuzina-gj-gl-2-2-d-gj2fp-diesel-150","8":"product_tag-frana","9":"product_tag-gl","10":"product_tag-gmy","11":"product_tag-mazda","12":"product_tag-oe","13":"product_tag-placute","15":"first","16":"instock","17":"shipping-taxable","18":"purchasable","19":"product-type-simple"},"yoast_head":"<!-- This site is optimized with the Yoast SEO plugin v27.3 - https:\/\/yoast.com\/product\/yoast-seo-wordpress\/ -->\n<title>Placute frana MAZDA 6 limuzina (GJ, GL) 2.2 D (GJ2FP) diesel 150 cai OE MAZDA GMY02643ZC MAZDA | OE - Autorival<\/title>\n<meta name=\"description\" content=\"\u26a1 Placute frana MAZDA 6 limuzina (GJ, GL) 2.2 D (GJ2FP) diesel 150 cai OE MAZDA GMY02643ZC pentru MAZDA la doar 677.96 RON. \u2713 Cod: GMY02643ZC \u2713 Brand: OE \u2713 \u00cen stoc \u2713 Livrare 24h \u2713 Garan\u021bie!\" \/>\n<meta name=\"robots\" content=\"index, follow, max-snippet:-1, max-image-preview:large, max-video-preview:-1\" \/>\n<meta property=\"og:locale\" content=\"en_US\" \/>\n<meta property=\"og:type\" content=\"article\" \/>\n<meta property=\"og:title\" content=\"Placute frana MAZDA 6 limuzina (GJ, GL) 2.2 D (GJ2FP) diesel 150 cai OE MAZDA GMY02643ZC MAZDA | OE - Autorival\" \/>\n<meta property=\"og:description\" content=\"\u26a1 Placute frana MAZDA 6 limuzina (GJ, GL) 2.2 D (GJ2FP) diesel 150 cai OE MAZDA GMY02643ZC pentru MAZDA la doar 677.96 RON. \u2713 Cod: GMY02643ZC \u2713 Brand: OE \u2713 \u00cen stoc \u2713 Livrare 24h \u2713 Garan\u021bie!\" \/>\n<meta property=\"og:url\" content=\"https:\/\/autorival.ro\/mazda\/product\/placute-frana-mazda-6-limuzina-gj-gl-2-2-d-gj2fp-diesel-150-cai-oe-mazda-gmy02643zc\/\" \/>\n<meta property=\"og:site_name\" content=\"MAZDA\" \/>\n<meta property=\"og:image\" content=\"https:\/\/autorival.ro\/mazda\/wp-content\/uploads\/sites\/16\/2025\/05\/OE20MAZDA-3.png\" \/>\n\t<meta property=\"og:image:width\" content=\"969\" \/>\n\t<meta property=\"og:image:height\" content=\"1024\" \/>\n\t<meta property=\"og:image:type\" content=\"image\/png\" \/>\n<meta name=\"twitter:card\" content=\"summary_large_image\" \/>\n<meta name=\"twitter:title\" content=\"Placute frana MAZDA 6 limuzina (GJ, GL) 2.2 D (GJ2FP) diesel 150 cai OE MAZDA GMY02643ZC MAZDA | OE - Autorival\" \/>\n<meta name=\"twitter:description\" content=\"\u26a1 Placute frana MAZDA 6 limuzina (GJ, GL) 2.2 D (GJ2FP) diesel 150 cai OE MAZDA GMY02643ZC pentru MAZDA la doar 677.96 RON. \u2713 Cod: GMY02643ZC \u2713 Brand: OE \u2713 \u00cen stoc \u2713 Livrare 24h \u2713 Garan\u021bie!\" \/>\n<script type=\"application\/ld+json\" class=\"yoast-schema-graph\">{\"@context\":\"https:\\\/\\\/schema.org\",\"@graph\":[{\"@type\":\"WebPage\",\"@id\":\"https:\\\/\\\/autorival.ro\\\/mazda\\\/product\\\/placute-frana-mazda-6-limuzina-gj-gl-2-2-d-gj2fp-diesel-150-cai-oe-mazda-gmy02643zc\\\/\",\"url\":\"https:\\\/\\\/autorival.ro\\\/mazda\\\/product\\\/placute-frana-mazda-6-limuzina-gj-gl-2-2-d-gj2fp-diesel-150-cai-oe-mazda-gmy02643zc\\\/\",\"name\":\"Placute frana MAZDA 6 limuzina (GJ, GL) 2.2 D (GJ2FP) diesel 150 cai OE MAZDA GMY02643ZC MAZDA | OE - Autorival\",\"isPartOf\":{\"@id\":\"https:\\\/\\\/autorival.ro\\\/mazda\\\/#website\"},\"primaryImageOfPage\":{\"@id\":\"https:\\\/\\\/autorival.ro\\\/mazda\\\/product\\\/placute-frana-mazda-6-limuzina-gj-gl-2-2-d-gj2fp-diesel-150-cai-oe-mazda-gmy02643zc\\\/#primaryimage\"},\"image\":{\"@id\":\"https:\\\/\\\/autorival.ro\\\/mazda\\\/product\\\/placute-frana-mazda-6-limuzina-gj-gl-2-2-d-gj2fp-diesel-150-cai-oe-mazda-gmy02643zc\\\/#primaryimage\"},\"thumbnailUrl\":\"https:\\\/\\\/autorival.ro\\\/mazda\\\/wp-content\\\/uploads\\\/sites\\\/16\\\/2025\\\/05\\\/OE20MAZDA-3.png\",\"datePublished\":\"2025-05-14T12:08:04+00:00\",\"description\":\"\u26a1 Placute frana MAZDA 6 limuzina (GJ, GL) 2.2 D (GJ2FP) diesel 150 cai OE MAZDA GMY02643ZC pentru MAZDA la doar 677.96 RON. \u2713 Cod: GMY02643ZC \u2713 Brand: OE \u2713 \u00cen stoc \u2713 Livrare 24h \u2713 Garan\u021bie!\",\"breadcrumb\":{\"@id\":\"https:\\\/\\\/autorival.ro\\\/mazda\\\/product\\\/placute-frana-mazda-6-limuzina-gj-gl-2-2-d-gj2fp-diesel-150-cai-oe-mazda-gmy02643zc\\\/#breadcrumb\"},\"inLanguage\":\"en-US\",\"potentialAction\":[{\"@type\":\"ReadAction\",\"target\":[\"https:\\\/\\\/autorival.ro\\\/mazda\\\/product\\\/placute-frana-mazda-6-limuzina-gj-gl-2-2-d-gj2fp-diesel-150-cai-oe-mazda-gmy02643zc\\\/\"]}]},{\"@type\":\"ImageObject\",\"inLanguage\":\"en-US\",\"@id\":\"https:\\\/\\\/autorival.ro\\\/mazda\\\/product\\\/placute-frana-mazda-6-limuzina-gj-gl-2-2-d-gj2fp-diesel-150-cai-oe-mazda-gmy02643zc\\\/#primaryimage\",\"url\":\"https:\\\/\\\/autorival.ro\\\/mazda\\\/wp-content\\\/uploads\\\/sites\\\/16\\\/2025\\\/05\\\/OE20MAZDA-3.png\",\"contentUrl\":\"https:\\\/\\\/autorival.ro\\\/mazda\\\/wp-content\\\/uploads\\\/sites\\\/16\\\/2025\\\/05\\\/OE20MAZDA-3.png\",\"width\":969,\"height\":1024,\"caption\":\"Aripa MAZDA 6 limuzina (GJ, GL) 2.0 (GJEFP) benzina 165 cai OE MAZDA GHP952211A\"},{\"@type\":\"BreadcrumbList\",\"@id\":\"https:\\\/\\\/autorival.ro\\\/mazda\\\/product\\\/placute-frana-mazda-6-limuzina-gj-gl-2-2-d-gj2fp-diesel-150-cai-oe-mazda-gmy02643zc\\\/#breadcrumb\",\"itemListElement\":[{\"@type\":\"ListItem\",\"position\":1,\"name\":\"Prima pagin\u0103\",\"item\":\"https:\\\/\\\/autorival.ro\\\/mazda\\\/\"},{\"@type\":\"ListItem\",\"position\":2,\"name\":\"Piese auto MAZDA\",\"item\":\"https:\\\/\\\/autorival.ro\\\/mazda\\\/\"},{\"@type\":\"ListItem\",\"position\":3,\"name\":\"Placute frana MAZDA 6 limuzina (GJ, GL) 2.2 D (GJ2FP) diesel 150 cai OE MAZDA GMY02643ZC\"}]},{\"@type\":\"WebSite\",\"@id\":\"https:\\\/\\\/autorival.ro\\\/mazda\\\/#website\",\"url\":\"https:\\\/\\\/autorival.ro\\\/mazda\\\/\",\"name\":\"MAZDA\",\"description\":\"\",\"potentialAction\":[{\"@type\":\"SearchAction\",\"target\":{\"@type\":\"EntryPoint\",\"urlTemplate\":\"https:\\\/\\\/autorival.ro\\\/mazda\\\/?s={search_term_string}\"},\"query-input\":{\"@type\":\"PropertyValueSpecification\",\"valueRequired\":true,\"valueName\":\"search_term_string\"}}],\"inLanguage\":\"en-US\"}]}<\/script>\n<!-- \/ Yoast SEO plugin. -->","yoast_head_json":{"title":"Placute frana MAZDA 6 limuzina (GJ, GL) 2.2 D (GJ2FP) diesel 150 cai OE MAZDA GMY02643ZC MAZDA | OE - Autorival","description":"\u26a1 Placute frana MAZDA 6 limuzina (GJ, GL) 2.2 D (GJ2FP) diesel 150 cai OE MAZDA GMY02643ZC pentru MAZDA la doar 677.96 RON. \u2713 Cod: GMY02643ZC \u2713 Brand: OE \u2713 \u00cen stoc \u2713 Livrare 24h \u2713 Garan\u021bie!","robots":{"index":"index","follow":"follow","max-snippet":"max-snippet:-1","max-image-preview":"max-image-preview:large","max-video-preview":"max-video-preview:-1"},"og_locale":"en_US","og_type":"article","og_title":"Placute frana MAZDA 6 limuzina (GJ, GL) 2.2 D (GJ2FP) diesel 150 cai OE MAZDA GMY02643ZC MAZDA | OE - Autorival","og_description":"\u26a1 Placute frana MAZDA 6 limuzina (GJ, GL) 2.2 D (GJ2FP) diesel 150 cai OE MAZDA GMY02643ZC pentru MAZDA la doar 677.96 RON. \u2713 Cod: GMY02643ZC \u2713 Brand: OE \u2713 \u00cen stoc \u2713 Livrare 24h \u2713 Garan\u021bie!","og_url":"https:\/\/autorival.ro\/mazda\/product\/placute-frana-mazda-6-limuzina-gj-gl-2-2-d-gj2fp-diesel-150-cai-oe-mazda-gmy02643zc\/","og_site_name":"MAZDA","og_image":[{"width":969,"height":1024,"url":"https:\/\/autorival.ro\/mazda\/wp-content\/uploads\/sites\/16\/2025\/05\/OE20MAZDA-3.png","type":"image\/png"}],"twitter_card":"summary_large_image","twitter_title":"Placute frana MAZDA 6 limuzina (GJ, GL) 2.2 D (GJ2FP) diesel 150 cai OE MAZDA GMY02643ZC MAZDA | OE - Autorival","twitter_description":"\u26a1 Placute frana MAZDA 6 limuzina (GJ, GL) 2.2 D (GJ2FP) diesel 150 cai OE MAZDA GMY02643ZC pentru MAZDA la doar 677.96 RON. \u2713 Cod: GMY02643ZC \u2713 Brand: OE \u2713 \u00cen stoc \u2713 Livrare 24h \u2713 Garan\u021bie!","schema":{"@context":"https:\/\/schema.org","@graph":[{"@type":"WebPage","@id":"https:\/\/autorival.ro\/mazda\/product\/placute-frana-mazda-6-limuzina-gj-gl-2-2-d-gj2fp-diesel-150-cai-oe-mazda-gmy02643zc\/","url":"https:\/\/autorival.ro\/mazda\/product\/placute-frana-mazda-6-limuzina-gj-gl-2-2-d-gj2fp-diesel-150-cai-oe-mazda-gmy02643zc\/","name":"Placute frana MAZDA 6 limuzina (GJ, GL) 2.2 D (GJ2FP) diesel 150 cai OE MAZDA GMY02643ZC MAZDA | OE - Autorival","isPartOf":{"@id":"https:\/\/autorival.ro\/mazda\/#website"},"primaryImageOfPage":{"@id":"https:\/\/autorival.ro\/mazda\/product\/placute-frana-mazda-6-limuzina-gj-gl-2-2-d-gj2fp-diesel-150-cai-oe-mazda-gmy02643zc\/#primaryimage"},"image":{"@id":"https:\/\/autorival.ro\/mazda\/product\/placute-frana-mazda-6-limuzina-gj-gl-2-2-d-gj2fp-diesel-150-cai-oe-mazda-gmy02643zc\/#primaryimage"},"thumbnailUrl":"https:\/\/autorival.ro\/mazda\/wp-content\/uploads\/sites\/16\/2025\/05\/OE20MAZDA-3.png","datePublished":"2025-05-14T12:08:04+00:00","description":"\u26a1 Placute frana MAZDA 6 limuzina (GJ, GL) 2.2 D (GJ2FP) diesel 150 cai OE MAZDA GMY02643ZC pentru MAZDA la doar 677.96 RON. \u2713 Cod: GMY02643ZC \u2713 Brand: OE \u2713 \u00cen stoc \u2713 Livrare 24h \u2713 Garan\u021bie!","breadcrumb":{"@id":"https:\/\/autorival.ro\/mazda\/product\/placute-frana-mazda-6-limuzina-gj-gl-2-2-d-gj2fp-diesel-150-cai-oe-mazda-gmy02643zc\/#breadcrumb"},"inLanguage":"en-US","potentialAction":[{"@type":"ReadAction","target":["https:\/\/autorival.ro\/mazda\/product\/placute-frana-mazda-6-limuzina-gj-gl-2-2-d-gj2fp-diesel-150-cai-oe-mazda-gmy02643zc\/"]}]},{"@type":"ImageObject","inLanguage":"en-US","@id":"https:\/\/autorival.ro\/mazda\/product\/placute-frana-mazda-6-limuzina-gj-gl-2-2-d-gj2fp-diesel-150-cai-oe-mazda-gmy02643zc\/#primaryimage","url":"https:\/\/autorival.ro\/mazda\/wp-content\/uploads\/sites\/16\/2025\/05\/OE20MAZDA-3.png","contentUrl":"https:\/\/autorival.ro\/mazda\/wp-content\/uploads\/sites\/16\/2025\/05\/OE20MAZDA-3.png","width":969,"height":1024,"caption":"Aripa MAZDA 6 limuzina (GJ, GL) 2.0 (GJEFP) benzina 165 cai OE MAZDA GHP952211A"},{"@type":"BreadcrumbList","@id":"https:\/\/autorival.ro\/mazda\/product\/placute-frana-mazda-6-limuzina-gj-gl-2-2-d-gj2fp-diesel-150-cai-oe-mazda-gmy02643zc\/#breadcrumb","itemListElement":[{"@type":"ListItem","position":1,"name":"Prima pagin\u0103","item":"https:\/\/autorival.ro\/mazda\/"},{"@type":"ListItem","position":2,"name":"Piese auto MAZDA","item":"https:\/\/autorival.ro\/mazda\/"},{"@type":"ListItem","position":3,"name":"Placute frana MAZDA 6 limuzina (GJ, GL) 2.2 D (GJ2FP) diesel 150 cai OE MAZDA GMY02643ZC"}]},{"@type":"WebSite","@id":"https:\/\/autorival.ro\/mazda\/#website","url":"https:\/\/autorival.ro\/mazda\/","name":"MAZDA","description":"","potentialAction":[{"@type":"SearchAction","target":{"@type":"EntryPoint","urlTemplate":"https:\/\/autorival.ro\/mazda\/?s={search_term_string}"},"query-input":{"@type":"PropertyValueSpecification","valueRequired":true,"valueName":"search_term_string"}}],"inLanguage":"en-US"}]}},"_links":{"self":[{"href":"https:\/\/autorival.ro\/mazda\/wp-json\/wp\/v2\/product\/140294","targetHints":{"allow":["GET"]}}],"collection":[{"href":"https:\/\/autorival.ro\/mazda\/wp-json\/wp\/v2\/product"}],"about":[{"href":"https:\/\/autorival.ro\/mazda\/wp-json\/wp\/v2\/types\/product"}],"replies":[{"embeddable":true,"href":"https:\/\/autorival.ro\/mazda\/wp-json\/wp\/v2\/comments?post=140294"}],"wp:featuredmedia":[{"embeddable":true,"href":"https:\/\/autorival.ro\/mazda\/wp-json\/wp\/v2\/media\/11638"}],"wp:attachment":[{"href":"https:\/\/autorival.ro\/mazda\/wp-json\/wp\/v2\/media?parent=140294"}],"wp:term":[{"taxonomy":"product_brand","embeddable":true,"href":"https:\/\/autorival.ro\/mazda\/wp-json\/wp\/v2\/product_brand?post=140294"},{"taxonomy":"product_cat","embeddable":true,"href":"https:\/\/autorival.ro\/mazda\/wp-json\/wp\/v2\/product_cat?post=140294"},{"taxonomy":"product_tag","embeddable":true,"href":"https:\/\/autorival.ro\/mazda\/wp-json\/wp\/v2\/product_tag?post=140294"}],"curies":[{"name":"wp","href":"https:\/\/api.w.org\/{rel}","templated":true}]}}