{"id":139468,"date":"2025-05-14T11:57:27","date_gmt":"2025-05-14T11:57:27","guid":{"rendered":"https:\/\/autorival.ro\/mazda\/product\/placute-frana-mazda-6-combi-gj-gl-2-2-d-diesel-150-cai-maxgear-19-3043\/"},"modified":"2025-05-14T11:57:28","modified_gmt":"2025-05-14T11:57:28","slug":"placute-frana-mazda-6-combi-gj-gl-2-2-d-diesel-150-cai-maxgear-19-3043","status":"publish","type":"product","link":"https:\/\/autorival.ro\/mazda\/product\/placute-frana-mazda-6-combi-gj-gl-2-2-d-diesel-150-cai-maxgear-19-3043\/","title":{"rendered":"Placute frana MAZDA 6 combi (GJ, GL) 2.2 D diesel 150 cai MAXGEAR 19-3043"},"content":{"rendered":"<p>Echipament vehicul: pentru vehicule f\u0103r\u0103 fr\u00e2n\u0103 de parcare electric\u0103\u00cenaltime [mm]: 44,4 ->Grosime [mm]: 14,3Contact indicator uzura: cu avertizare acustica uzuraNum\u0103rul indicatorilor de uzur\u0103 [per ax\u0103]: 2Sistem de fr\u00e2nare: AkebonoNr. articol al accesoriului recomandat: 27-1467Partea de montare: puntea spate ->Latime [mm]: 102<\/p>\n","protected":false},"excerpt":{"rendered":"<p>Producator: MAXGEAR Cod producator: 19-3043<\/p>\n","protected":false},"featured_media":139056,"comment_status":"open","ping_status":"closed","template":"","meta":[],"product_brand":[331],"product_cat":[10181],"product_tag":[17279,17470,17281,17280,17360,17249,18219],"class_list":{"0":"post-139468","1":"product","2":"type-product","3":"status-publish","4":"has-post-thumbnail","6":"product_brand-maxgear","7":"product_cat-placute-frana-combi-gj-gl-2-2-d-diesel-150","8":"product_tag-combi","9":"product_tag-frana","10":"product_tag-gj","11":"product_tag-gl","12":"product_tag-maxgear","13":"product_tag-mazda","14":"product_tag-placute","16":"first","17":"instock","18":"shipping-taxable","19":"purchasable","20":"product-type-simple"},"yoast_head":"<!-- This site is optimized with the Yoast SEO plugin v27.3 - https:\/\/yoast.com\/product\/yoast-seo-wordpress\/ -->\n<title>Placute frana MAZDA 6 combi (GJ, GL) 2.2 D diesel 150 cai MAXGEAR 19-3043 MAZDA | MAXGEAR - Autorival<\/title>\n<meta name=\"description\" content=\"\u26a1 Placute frana MAZDA 6 combi (GJ, GL) 2.2 D diesel 150 cai MAXGEAR 19-3043 pentru MAZDA la doar 98.22 RON. \u2713 Cod: 19-3043 \u2713 Brand: MAXGEAR \u2713 \u00cen stoc \u2713 Livrare 24h \u2713 Garan\u021bie!\" \/>\n<meta name=\"robots\" content=\"index, follow, max-snippet:-1, max-image-preview:large, max-video-preview:-1\" \/>\n<meta property=\"og:locale\" content=\"en_US\" \/>\n<meta property=\"og:type\" content=\"article\" \/>\n<meta property=\"og:title\" content=\"Placute frana MAZDA 6 combi (GJ, GL) 2.2 D diesel 150 cai MAXGEAR 19-3043 MAZDA | MAXGEAR - Autorival\" \/>\n<meta property=\"og:description\" content=\"\u26a1 Placute frana MAZDA 6 combi (GJ, GL) 2.2 D diesel 150 cai MAXGEAR 19-3043 pentru MAZDA la doar 98.22 RON. \u2713 Cod: 19-3043 \u2713 Brand: MAXGEAR \u2713 \u00cen stoc \u2713 Livrare 24h \u2713 Garan\u021bie!\" \/>\n<meta property=\"og:url\" content=\"https:\/\/autorival.ro\/mazda\/product\/placute-frana-mazda-6-combi-gj-gl-2-2-d-diesel-150-cai-maxgear-19-3043\/\" \/>\n<meta property=\"og:site_name\" content=\"MAZDA\" \/>\n<meta property=\"article:modified_time\" content=\"2025-05-14T11:57:28+00:00\" \/>\n<meta property=\"og:image\" content=\"https:\/\/autorival.ro\/mazda\/wp-content\/uploads\/sites\/16\/2025\/05\/5902659714985_large-1.jpg\" \/>\n\t<meta property=\"og:image:width\" content=\"600\" \/>\n\t<meta property=\"og:image:height\" content=\"400\" \/>\n\t<meta property=\"og:image:type\" content=\"image\/jpeg\" \/>\n<meta name=\"twitter:card\" content=\"summary_large_image\" \/>\n<meta name=\"twitter:title\" content=\"Placute frana MAZDA 6 combi (GJ, GL) 2.2 D diesel 150 cai MAXGEAR 19-3043 MAZDA | MAXGEAR - Autorival\" \/>\n<meta name=\"twitter:description\" content=\"\u26a1 Placute frana MAZDA 6 combi (GJ, GL) 2.2 D diesel 150 cai MAXGEAR 19-3043 pentru MAZDA la doar 98.22 RON. \u2713 Cod: 19-3043 \u2713 Brand: MAXGEAR \u2713 \u00cen stoc \u2713 Livrare 24h \u2713 Garan\u021bie!\" \/>\n<script type=\"application\/ld+json\" class=\"yoast-schema-graph\">{\"@context\":\"https:\\\/\\\/schema.org\",\"@graph\":[{\"@type\":\"WebPage\",\"@id\":\"https:\\\/\\\/autorival.ro\\\/mazda\\\/product\\\/placute-frana-mazda-6-combi-gj-gl-2-2-d-diesel-150-cai-maxgear-19-3043\\\/\",\"url\":\"https:\\\/\\\/autorival.ro\\\/mazda\\\/product\\\/placute-frana-mazda-6-combi-gj-gl-2-2-d-diesel-150-cai-maxgear-19-3043\\\/\",\"name\":\"Placute frana MAZDA 6 combi (GJ, GL) 2.2 D diesel 150 cai MAXGEAR 19-3043 MAZDA | MAXGEAR - Autorival\",\"isPartOf\":{\"@id\":\"https:\\\/\\\/autorival.ro\\\/mazda\\\/#website\"},\"primaryImageOfPage\":{\"@id\":\"https:\\\/\\\/autorival.ro\\\/mazda\\\/product\\\/placute-frana-mazda-6-combi-gj-gl-2-2-d-diesel-150-cai-maxgear-19-3043\\\/#primaryimage\"},\"image\":{\"@id\":\"https:\\\/\\\/autorival.ro\\\/mazda\\\/product\\\/placute-frana-mazda-6-combi-gj-gl-2-2-d-diesel-150-cai-maxgear-19-3043\\\/#primaryimage\"},\"thumbnailUrl\":\"https:\\\/\\\/autorival.ro\\\/mazda\\\/wp-content\\\/uploads\\\/sites\\\/16\\\/2025\\\/05\\\/5902659714985_large-1.jpg\",\"datePublished\":\"2025-05-14T11:57:27+00:00\",\"dateModified\":\"2025-05-14T11:57:28+00:00\",\"description\":\"\u26a1 Placute frana MAZDA 6 combi (GJ, GL) 2.2 D diesel 150 cai MAXGEAR 19-3043 pentru MAZDA la doar 98.22 RON. \u2713 Cod: 19-3043 \u2713 Brand: MAXGEAR \u2713 \u00cen stoc \u2713 Livrare 24h \u2713 Garan\u021bie!\",\"breadcrumb\":{\"@id\":\"https:\\\/\\\/autorival.ro\\\/mazda\\\/product\\\/placute-frana-mazda-6-combi-gj-gl-2-2-d-diesel-150-cai-maxgear-19-3043\\\/#breadcrumb\"},\"inLanguage\":\"en-US\",\"potentialAction\":[{\"@type\":\"ReadAction\",\"target\":[\"https:\\\/\\\/autorival.ro\\\/mazda\\\/product\\\/placute-frana-mazda-6-combi-gj-gl-2-2-d-diesel-150-cai-maxgear-19-3043\\\/\"]}]},{\"@type\":\"ImageObject\",\"inLanguage\":\"en-US\",\"@id\":\"https:\\\/\\\/autorival.ro\\\/mazda\\\/product\\\/placute-frana-mazda-6-combi-gj-gl-2-2-d-diesel-150-cai-maxgear-19-3043\\\/#primaryimage\",\"url\":\"https:\\\/\\\/autorival.ro\\\/mazda\\\/wp-content\\\/uploads\\\/sites\\\/16\\\/2025\\\/05\\\/5902659714985_large-1.jpg\",\"contentUrl\":\"https:\\\/\\\/autorival.ro\\\/mazda\\\/wp-content\\\/uploads\\\/sites\\\/16\\\/2025\\\/05\\\/5902659714985_large-1.jpg\",\"width\":600,\"height\":400,\"caption\":\"Placute frana MAZDA 6 combi (GJ, GL) 2.0 (GJEFW) benzina 165 cai MAXGEAR 19-3043\"},{\"@type\":\"BreadcrumbList\",\"@id\":\"https:\\\/\\\/autorival.ro\\\/mazda\\\/product\\\/placute-frana-mazda-6-combi-gj-gl-2-2-d-diesel-150-cai-maxgear-19-3043\\\/#breadcrumb\",\"itemListElement\":[{\"@type\":\"ListItem\",\"position\":1,\"name\":\"Prima pagin\u0103\",\"item\":\"https:\\\/\\\/autorival.ro\\\/mazda\\\/\"},{\"@type\":\"ListItem\",\"position\":2,\"name\":\"Piese auto MAZDA\",\"item\":\"https:\\\/\\\/autorival.ro\\\/mazda\\\/\"},{\"@type\":\"ListItem\",\"position\":3,\"name\":\"Placute frana MAZDA 6 combi (GJ, GL) 2.2 D diesel 150 cai MAXGEAR 19-3043\"}]},{\"@type\":\"WebSite\",\"@id\":\"https:\\\/\\\/autorival.ro\\\/mazda\\\/#website\",\"url\":\"https:\\\/\\\/autorival.ro\\\/mazda\\\/\",\"name\":\"MAZDA\",\"description\":\"\",\"potentialAction\":[{\"@type\":\"SearchAction\",\"target\":{\"@type\":\"EntryPoint\",\"urlTemplate\":\"https:\\\/\\\/autorival.ro\\\/mazda\\\/?s={search_term_string}\"},\"query-input\":{\"@type\":\"PropertyValueSpecification\",\"valueRequired\":true,\"valueName\":\"search_term_string\"}}],\"inLanguage\":\"en-US\"}]}<\/script>\n<!-- \/ Yoast SEO plugin. -->","yoast_head_json":{"title":"Placute frana MAZDA 6 combi (GJ, GL) 2.2 D diesel 150 cai MAXGEAR 19-3043 MAZDA | MAXGEAR - Autorival","description":"\u26a1 Placute frana MAZDA 6 combi (GJ, GL) 2.2 D diesel 150 cai MAXGEAR 19-3043 pentru MAZDA la doar 98.22 RON. \u2713 Cod: 19-3043 \u2713 Brand: MAXGEAR \u2713 \u00cen stoc \u2713 Livrare 24h \u2713 Garan\u021bie!","robots":{"index":"index","follow":"follow","max-snippet":"max-snippet:-1","max-image-preview":"max-image-preview:large","max-video-preview":"max-video-preview:-1"},"og_locale":"en_US","og_type":"article","og_title":"Placute frana MAZDA 6 combi (GJ, GL) 2.2 D diesel 150 cai MAXGEAR 19-3043 MAZDA | MAXGEAR - Autorival","og_description":"\u26a1 Placute frana MAZDA 6 combi (GJ, GL) 2.2 D diesel 150 cai MAXGEAR 19-3043 pentru MAZDA la doar 98.22 RON. \u2713 Cod: 19-3043 \u2713 Brand: MAXGEAR \u2713 \u00cen stoc \u2713 Livrare 24h \u2713 Garan\u021bie!","og_url":"https:\/\/autorival.ro\/mazda\/product\/placute-frana-mazda-6-combi-gj-gl-2-2-d-diesel-150-cai-maxgear-19-3043\/","og_site_name":"MAZDA","article_modified_time":"2025-05-14T11:57:28+00:00","og_image":[{"width":600,"height":400,"url":"https:\/\/autorival.ro\/mazda\/wp-content\/uploads\/sites\/16\/2025\/05\/5902659714985_large-1.jpg","type":"image\/jpeg"}],"twitter_card":"summary_large_image","twitter_title":"Placute frana MAZDA 6 combi (GJ, GL) 2.2 D diesel 150 cai MAXGEAR 19-3043 MAZDA | MAXGEAR - Autorival","twitter_description":"\u26a1 Placute frana MAZDA 6 combi (GJ, GL) 2.2 D diesel 150 cai MAXGEAR 19-3043 pentru MAZDA la doar 98.22 RON. \u2713 Cod: 19-3043 \u2713 Brand: MAXGEAR \u2713 \u00cen stoc \u2713 Livrare 24h \u2713 Garan\u021bie!","schema":{"@context":"https:\/\/schema.org","@graph":[{"@type":"WebPage","@id":"https:\/\/autorival.ro\/mazda\/product\/placute-frana-mazda-6-combi-gj-gl-2-2-d-diesel-150-cai-maxgear-19-3043\/","url":"https:\/\/autorival.ro\/mazda\/product\/placute-frana-mazda-6-combi-gj-gl-2-2-d-diesel-150-cai-maxgear-19-3043\/","name":"Placute frana MAZDA 6 combi (GJ, GL) 2.2 D diesel 150 cai MAXGEAR 19-3043 MAZDA | MAXGEAR - Autorival","isPartOf":{"@id":"https:\/\/autorival.ro\/mazda\/#website"},"primaryImageOfPage":{"@id":"https:\/\/autorival.ro\/mazda\/product\/placute-frana-mazda-6-combi-gj-gl-2-2-d-diesel-150-cai-maxgear-19-3043\/#primaryimage"},"image":{"@id":"https:\/\/autorival.ro\/mazda\/product\/placute-frana-mazda-6-combi-gj-gl-2-2-d-diesel-150-cai-maxgear-19-3043\/#primaryimage"},"thumbnailUrl":"https:\/\/autorival.ro\/mazda\/wp-content\/uploads\/sites\/16\/2025\/05\/5902659714985_large-1.jpg","datePublished":"2025-05-14T11:57:27+00:00","dateModified":"2025-05-14T11:57:28+00:00","description":"\u26a1 Placute frana MAZDA 6 combi (GJ, GL) 2.2 D diesel 150 cai MAXGEAR 19-3043 pentru MAZDA la doar 98.22 RON. \u2713 Cod: 19-3043 \u2713 Brand: MAXGEAR \u2713 \u00cen stoc \u2713 Livrare 24h \u2713 Garan\u021bie!","breadcrumb":{"@id":"https:\/\/autorival.ro\/mazda\/product\/placute-frana-mazda-6-combi-gj-gl-2-2-d-diesel-150-cai-maxgear-19-3043\/#breadcrumb"},"inLanguage":"en-US","potentialAction":[{"@type":"ReadAction","target":["https:\/\/autorival.ro\/mazda\/product\/placute-frana-mazda-6-combi-gj-gl-2-2-d-diesel-150-cai-maxgear-19-3043\/"]}]},{"@type":"ImageObject","inLanguage":"en-US","@id":"https:\/\/autorival.ro\/mazda\/product\/placute-frana-mazda-6-combi-gj-gl-2-2-d-diesel-150-cai-maxgear-19-3043\/#primaryimage","url":"https:\/\/autorival.ro\/mazda\/wp-content\/uploads\/sites\/16\/2025\/05\/5902659714985_large-1.jpg","contentUrl":"https:\/\/autorival.ro\/mazda\/wp-content\/uploads\/sites\/16\/2025\/05\/5902659714985_large-1.jpg","width":600,"height":400,"caption":"Placute frana MAZDA 6 combi (GJ, GL) 2.0 (GJEFW) benzina 165 cai MAXGEAR 19-3043"},{"@type":"BreadcrumbList","@id":"https:\/\/autorival.ro\/mazda\/product\/placute-frana-mazda-6-combi-gj-gl-2-2-d-diesel-150-cai-maxgear-19-3043\/#breadcrumb","itemListElement":[{"@type":"ListItem","position":1,"name":"Prima pagin\u0103","item":"https:\/\/autorival.ro\/mazda\/"},{"@type":"ListItem","position":2,"name":"Piese auto MAZDA","item":"https:\/\/autorival.ro\/mazda\/"},{"@type":"ListItem","position":3,"name":"Placute frana MAZDA 6 combi (GJ, GL) 2.2 D diesel 150 cai MAXGEAR 19-3043"}]},{"@type":"WebSite","@id":"https:\/\/autorival.ro\/mazda\/#website","url":"https:\/\/autorival.ro\/mazda\/","name":"MAZDA","description":"","potentialAction":[{"@type":"SearchAction","target":{"@type":"EntryPoint","urlTemplate":"https:\/\/autorival.ro\/mazda\/?s={search_term_string}"},"query-input":{"@type":"PropertyValueSpecification","valueRequired":true,"valueName":"search_term_string"}}],"inLanguage":"en-US"}]}},"_links":{"self":[{"href":"https:\/\/autorival.ro\/mazda\/wp-json\/wp\/v2\/product\/139468","targetHints":{"allow":["GET"]}}],"collection":[{"href":"https:\/\/autorival.ro\/mazda\/wp-json\/wp\/v2\/product"}],"about":[{"href":"https:\/\/autorival.ro\/mazda\/wp-json\/wp\/v2\/types\/product"}],"replies":[{"embeddable":true,"href":"https:\/\/autorival.ro\/mazda\/wp-json\/wp\/v2\/comments?post=139468"}],"wp:featuredmedia":[{"embeddable":true,"href":"https:\/\/autorival.ro\/mazda\/wp-json\/wp\/v2\/media\/139056"}],"wp:attachment":[{"href":"https:\/\/autorival.ro\/mazda\/wp-json\/wp\/v2\/media?parent=139468"}],"wp:term":[{"taxonomy":"product_brand","embeddable":true,"href":"https:\/\/autorival.ro\/mazda\/wp-json\/wp\/v2\/product_brand?post=139468"},{"taxonomy":"product_cat","embeddable":true,"href":"https:\/\/autorival.ro\/mazda\/wp-json\/wp\/v2\/product_cat?post=139468"},{"taxonomy":"product_tag","embeddable":true,"href":"https:\/\/autorival.ro\/mazda\/wp-json\/wp\/v2\/product_tag?post=139468"}],"curies":[{"name":"wp","href":"https:\/\/api.w.org\/{rel}","templated":true}]}}