{"id":137621,"date":"2025-05-14T11:33:21","date_gmt":"2025-05-14T11:33:21","guid":{"rendered":"https:\/\/autorival.ro\/mazda\/product\/placute-frana-mazda-5-cr-2-0-cd-cr19-diesel-143-cai-kamoka-jq1013188\/"},"modified":"2025-05-14T11:33:21","modified_gmt":"2025-05-14T11:33:21","slug":"placute-frana-mazda-5-cr-2-0-cd-cr19-diesel-143-cai-kamoka-jq1013188","status":"publish","type":"product","link":"https:\/\/autorival.ro\/mazda\/product\/placute-frana-mazda-5-cr-2-0-cd-cr19-diesel-143-cai-kamoka-jq1013188\/","title":{"rendered":"Placute frana MAZDA 5 (CR) 2.0 CD (CR19) diesel 143 cai KAMOKA JQ1013188"},"content":{"rendered":"<p>Partea de montare: punte fataContact indicator uzura: fara contact avertizare uzuraSistem de fr\u00e2nare: ATE ->Latime 1 [mm]: 155 ->Latime 2 [mm]: 156\u00cenaltime 1 [mm]: 62\u00cenaltime 2 [mm]: 67 ->Grosime [mm]: 18<\/p>\n","protected":false},"excerpt":{"rendered":"<p>Producator: KAMOKA Cod producator: JQ1013188<\/p>\n","protected":false},"featured_media":137266,"comment_status":"open","ping_status":"closed","template":"","meta":[],"product_brand":[322],"product_cat":[10161],"product_tag":[17278,17272,17470,18223,17341,17249,18219],"class_list":{"0":"post-137621","1":"product","2":"type-product","3":"status-publish","4":"has-post-thumbnail","6":"product_brand-kamoka","7":"product_cat-placute-frana-cr-2-0-cd-cr19-diesel-143","8":"product_tag-cr","9":"product_tag-cd","10":"product_tag-frana","11":"product_tag-jq","12":"product_tag-kamoka","13":"product_tag-mazda","14":"product_tag-placute","16":"first","17":"instock","18":"shipping-taxable","19":"purchasable","20":"product-type-simple"},"yoast_head":"<!-- This site is optimized with the Yoast SEO plugin v27.3 - https:\/\/yoast.com\/product\/yoast-seo-wordpress\/ -->\n<title>Placute frana MAZDA 5 (CR) 2.0 CD (CR19) diesel 143 cai KAMOKA JQ1013188 MAZDA | KAMOKA - Autorival<\/title>\n<meta name=\"description\" content=\"\u26a1 Placute frana MAZDA 5 (CR) 2.0 CD (CR19) diesel 143 cai KAMOKA JQ1013188 pentru MAZDA la doar 155.88 RON. \u2713 Cod: JQ1013188 \u2713 Brand: KAMOKA \u2713 \u00cen stoc \u2713 Livrare 24h \u2713 Garan\u021bie!\" \/>\n<meta name=\"robots\" content=\"index, follow, max-snippet:-1, max-image-preview:large, max-video-preview:-1\" \/>\n<meta property=\"og:locale\" content=\"en_US\" \/>\n<meta property=\"og:type\" content=\"article\" \/>\n<meta property=\"og:title\" content=\"Placute frana MAZDA 5 (CR) 2.0 CD (CR19) diesel 143 cai KAMOKA JQ1013188 MAZDA | KAMOKA - Autorival\" \/>\n<meta property=\"og:description\" content=\"\u26a1 Placute frana MAZDA 5 (CR) 2.0 CD (CR19) diesel 143 cai KAMOKA JQ1013188 pentru MAZDA la doar 155.88 RON. \u2713 Cod: JQ1013188 \u2713 Brand: KAMOKA \u2713 \u00cen stoc \u2713 Livrare 24h \u2713 Garan\u021bie!\" \/>\n<meta property=\"og:url\" content=\"https:\/\/autorival.ro\/mazda\/product\/placute-frana-mazda-5-cr-2-0-cd-cr19-diesel-143-cai-kamoka-jq1013188\/\" \/>\n<meta property=\"og:site_name\" content=\"MAZDA\" \/>\n<meta property=\"og:image\" content=\"https:\/\/autorival.ro\/mazda\/wp-content\/uploads\/sites\/16\/2025\/05\/jq1013188_a-2.jpg\" \/>\n\t<meta property=\"og:image:width\" content=\"600\" \/>\n\t<meta property=\"og:image:height\" content=\"400\" \/>\n\t<meta property=\"og:image:type\" content=\"image\/jpeg\" \/>\n<meta name=\"twitter:card\" content=\"summary_large_image\" \/>\n<meta name=\"twitter:title\" content=\"Placute frana MAZDA 5 (CR) 2.0 CD (CR19) diesel 143 cai KAMOKA JQ1013188 MAZDA | KAMOKA - Autorival\" \/>\n<meta name=\"twitter:description\" content=\"\u26a1 Placute frana MAZDA 5 (CR) 2.0 CD (CR19) diesel 143 cai KAMOKA JQ1013188 pentru MAZDA la doar 155.88 RON. \u2713 Cod: JQ1013188 \u2713 Brand: KAMOKA \u2713 \u00cen stoc \u2713 Livrare 24h \u2713 Garan\u021bie!\" \/>\n<script type=\"application\/ld+json\" class=\"yoast-schema-graph\">{\"@context\":\"https:\\\/\\\/schema.org\",\"@graph\":[{\"@type\":\"WebPage\",\"@id\":\"https:\\\/\\\/autorival.ro\\\/mazda\\\/product\\\/placute-frana-mazda-5-cr-2-0-cd-cr19-diesel-143-cai-kamoka-jq1013188\\\/\",\"url\":\"https:\\\/\\\/autorival.ro\\\/mazda\\\/product\\\/placute-frana-mazda-5-cr-2-0-cd-cr19-diesel-143-cai-kamoka-jq1013188\\\/\",\"name\":\"Placute frana MAZDA 5 (CR) 2.0 CD (CR19) diesel 143 cai KAMOKA JQ1013188 MAZDA | KAMOKA - Autorival\",\"isPartOf\":{\"@id\":\"https:\\\/\\\/autorival.ro\\\/mazda\\\/#website\"},\"primaryImageOfPage\":{\"@id\":\"https:\\\/\\\/autorival.ro\\\/mazda\\\/product\\\/placute-frana-mazda-5-cr-2-0-cd-cr19-diesel-143-cai-kamoka-jq1013188\\\/#primaryimage\"},\"image\":{\"@id\":\"https:\\\/\\\/autorival.ro\\\/mazda\\\/product\\\/placute-frana-mazda-5-cr-2-0-cd-cr19-diesel-143-cai-kamoka-jq1013188\\\/#primaryimage\"},\"thumbnailUrl\":\"https:\\\/\\\/autorival.ro\\\/mazda\\\/wp-content\\\/uploads\\\/sites\\\/16\\\/2025\\\/05\\\/jq1013188_a-2.jpg\",\"datePublished\":\"2025-05-14T11:33:21+00:00\",\"description\":\"\u26a1 Placute frana MAZDA 5 (CR) 2.0 CD (CR19) diesel 143 cai KAMOKA JQ1013188 pentru MAZDA la doar 155.88 RON. \u2713 Cod: JQ1013188 \u2713 Brand: KAMOKA \u2713 \u00cen stoc \u2713 Livrare 24h \u2713 Garan\u021bie!\",\"breadcrumb\":{\"@id\":\"https:\\\/\\\/autorival.ro\\\/mazda\\\/product\\\/placute-frana-mazda-5-cr-2-0-cd-cr19-diesel-143-cai-kamoka-jq1013188\\\/#breadcrumb\"},\"inLanguage\":\"en-US\",\"potentialAction\":[{\"@type\":\"ReadAction\",\"target\":[\"https:\\\/\\\/autorival.ro\\\/mazda\\\/product\\\/placute-frana-mazda-5-cr-2-0-cd-cr19-diesel-143-cai-kamoka-jq1013188\\\/\"]}]},{\"@type\":\"ImageObject\",\"inLanguage\":\"en-US\",\"@id\":\"https:\\\/\\\/autorival.ro\\\/mazda\\\/product\\\/placute-frana-mazda-5-cr-2-0-cd-cr19-diesel-143-cai-kamoka-jq1013188\\\/#primaryimage\",\"url\":\"https:\\\/\\\/autorival.ro\\\/mazda\\\/wp-content\\\/uploads\\\/sites\\\/16\\\/2025\\\/05\\\/jq1013188_a-2.jpg\",\"contentUrl\":\"https:\\\/\\\/autorival.ro\\\/mazda\\\/wp-content\\\/uploads\\\/sites\\\/16\\\/2025\\\/05\\\/jq1013188_a-2.jpg\",\"width\":600,\"height\":400,\"caption\":\"Placute frana MAZDA 5 (CR) 1.8 (CR19) benzina 116 cai KAMOKA JQ1013188\"},{\"@type\":\"BreadcrumbList\",\"@id\":\"https:\\\/\\\/autorival.ro\\\/mazda\\\/product\\\/placute-frana-mazda-5-cr-2-0-cd-cr19-diesel-143-cai-kamoka-jq1013188\\\/#breadcrumb\",\"itemListElement\":[{\"@type\":\"ListItem\",\"position\":1,\"name\":\"Prima pagin\u0103\",\"item\":\"https:\\\/\\\/autorival.ro\\\/mazda\\\/\"},{\"@type\":\"ListItem\",\"position\":2,\"name\":\"Piese auto MAZDA\",\"item\":\"https:\\\/\\\/autorival.ro\\\/mazda\\\/\"},{\"@type\":\"ListItem\",\"position\":3,\"name\":\"Placute frana MAZDA 5 (CR) 2.0 CD (CR19) diesel 143 cai KAMOKA JQ1013188\"}]},{\"@type\":\"WebSite\",\"@id\":\"https:\\\/\\\/autorival.ro\\\/mazda\\\/#website\",\"url\":\"https:\\\/\\\/autorival.ro\\\/mazda\\\/\",\"name\":\"MAZDA\",\"description\":\"\",\"potentialAction\":[{\"@type\":\"SearchAction\",\"target\":{\"@type\":\"EntryPoint\",\"urlTemplate\":\"https:\\\/\\\/autorival.ro\\\/mazda\\\/?s={search_term_string}\"},\"query-input\":{\"@type\":\"PropertyValueSpecification\",\"valueRequired\":true,\"valueName\":\"search_term_string\"}}],\"inLanguage\":\"en-US\"}]}<\/script>\n<!-- \/ Yoast SEO plugin. -->","yoast_head_json":{"title":"Placute frana MAZDA 5 (CR) 2.0 CD (CR19) diesel 143 cai KAMOKA JQ1013188 MAZDA | KAMOKA - Autorival","description":"\u26a1 Placute frana MAZDA 5 (CR) 2.0 CD (CR19) diesel 143 cai KAMOKA JQ1013188 pentru MAZDA la doar 155.88 RON. \u2713 Cod: JQ1013188 \u2713 Brand: KAMOKA \u2713 \u00cen stoc \u2713 Livrare 24h \u2713 Garan\u021bie!","robots":{"index":"index","follow":"follow","max-snippet":"max-snippet:-1","max-image-preview":"max-image-preview:large","max-video-preview":"max-video-preview:-1"},"og_locale":"en_US","og_type":"article","og_title":"Placute frana MAZDA 5 (CR) 2.0 CD (CR19) diesel 143 cai KAMOKA JQ1013188 MAZDA | KAMOKA - Autorival","og_description":"\u26a1 Placute frana MAZDA 5 (CR) 2.0 CD (CR19) diesel 143 cai KAMOKA JQ1013188 pentru MAZDA la doar 155.88 RON. \u2713 Cod: JQ1013188 \u2713 Brand: KAMOKA \u2713 \u00cen stoc \u2713 Livrare 24h \u2713 Garan\u021bie!","og_url":"https:\/\/autorival.ro\/mazda\/product\/placute-frana-mazda-5-cr-2-0-cd-cr19-diesel-143-cai-kamoka-jq1013188\/","og_site_name":"MAZDA","og_image":[{"width":600,"height":400,"url":"https:\/\/autorival.ro\/mazda\/wp-content\/uploads\/sites\/16\/2025\/05\/jq1013188_a-2.jpg","type":"image\/jpeg"}],"twitter_card":"summary_large_image","twitter_title":"Placute frana MAZDA 5 (CR) 2.0 CD (CR19) diesel 143 cai KAMOKA JQ1013188 MAZDA | KAMOKA - Autorival","twitter_description":"\u26a1 Placute frana MAZDA 5 (CR) 2.0 CD (CR19) diesel 143 cai KAMOKA JQ1013188 pentru MAZDA la doar 155.88 RON. \u2713 Cod: JQ1013188 \u2713 Brand: KAMOKA \u2713 \u00cen stoc \u2713 Livrare 24h \u2713 Garan\u021bie!","schema":{"@context":"https:\/\/schema.org","@graph":[{"@type":"WebPage","@id":"https:\/\/autorival.ro\/mazda\/product\/placute-frana-mazda-5-cr-2-0-cd-cr19-diesel-143-cai-kamoka-jq1013188\/","url":"https:\/\/autorival.ro\/mazda\/product\/placute-frana-mazda-5-cr-2-0-cd-cr19-diesel-143-cai-kamoka-jq1013188\/","name":"Placute frana MAZDA 5 (CR) 2.0 CD (CR19) diesel 143 cai KAMOKA JQ1013188 MAZDA | KAMOKA - Autorival","isPartOf":{"@id":"https:\/\/autorival.ro\/mazda\/#website"},"primaryImageOfPage":{"@id":"https:\/\/autorival.ro\/mazda\/product\/placute-frana-mazda-5-cr-2-0-cd-cr19-diesel-143-cai-kamoka-jq1013188\/#primaryimage"},"image":{"@id":"https:\/\/autorival.ro\/mazda\/product\/placute-frana-mazda-5-cr-2-0-cd-cr19-diesel-143-cai-kamoka-jq1013188\/#primaryimage"},"thumbnailUrl":"https:\/\/autorival.ro\/mazda\/wp-content\/uploads\/sites\/16\/2025\/05\/jq1013188_a-2.jpg","datePublished":"2025-05-14T11:33:21+00:00","description":"\u26a1 Placute frana MAZDA 5 (CR) 2.0 CD (CR19) diesel 143 cai KAMOKA JQ1013188 pentru MAZDA la doar 155.88 RON. \u2713 Cod: JQ1013188 \u2713 Brand: KAMOKA \u2713 \u00cen stoc \u2713 Livrare 24h \u2713 Garan\u021bie!","breadcrumb":{"@id":"https:\/\/autorival.ro\/mazda\/product\/placute-frana-mazda-5-cr-2-0-cd-cr19-diesel-143-cai-kamoka-jq1013188\/#breadcrumb"},"inLanguage":"en-US","potentialAction":[{"@type":"ReadAction","target":["https:\/\/autorival.ro\/mazda\/product\/placute-frana-mazda-5-cr-2-0-cd-cr19-diesel-143-cai-kamoka-jq1013188\/"]}]},{"@type":"ImageObject","inLanguage":"en-US","@id":"https:\/\/autorival.ro\/mazda\/product\/placute-frana-mazda-5-cr-2-0-cd-cr19-diesel-143-cai-kamoka-jq1013188\/#primaryimage","url":"https:\/\/autorival.ro\/mazda\/wp-content\/uploads\/sites\/16\/2025\/05\/jq1013188_a-2.jpg","contentUrl":"https:\/\/autorival.ro\/mazda\/wp-content\/uploads\/sites\/16\/2025\/05\/jq1013188_a-2.jpg","width":600,"height":400,"caption":"Placute frana MAZDA 5 (CR) 1.8 (CR19) benzina 116 cai KAMOKA JQ1013188"},{"@type":"BreadcrumbList","@id":"https:\/\/autorival.ro\/mazda\/product\/placute-frana-mazda-5-cr-2-0-cd-cr19-diesel-143-cai-kamoka-jq1013188\/#breadcrumb","itemListElement":[{"@type":"ListItem","position":1,"name":"Prima pagin\u0103","item":"https:\/\/autorival.ro\/mazda\/"},{"@type":"ListItem","position":2,"name":"Piese auto MAZDA","item":"https:\/\/autorival.ro\/mazda\/"},{"@type":"ListItem","position":3,"name":"Placute frana MAZDA 5 (CR) 2.0 CD (CR19) diesel 143 cai KAMOKA JQ1013188"}]},{"@type":"WebSite","@id":"https:\/\/autorival.ro\/mazda\/#website","url":"https:\/\/autorival.ro\/mazda\/","name":"MAZDA","description":"","potentialAction":[{"@type":"SearchAction","target":{"@type":"EntryPoint","urlTemplate":"https:\/\/autorival.ro\/mazda\/?s={search_term_string}"},"query-input":{"@type":"PropertyValueSpecification","valueRequired":true,"valueName":"search_term_string"}}],"inLanguage":"en-US"}]}},"_links":{"self":[{"href":"https:\/\/autorival.ro\/mazda\/wp-json\/wp\/v2\/product\/137621","targetHints":{"allow":["GET"]}}],"collection":[{"href":"https:\/\/autorival.ro\/mazda\/wp-json\/wp\/v2\/product"}],"about":[{"href":"https:\/\/autorival.ro\/mazda\/wp-json\/wp\/v2\/types\/product"}],"replies":[{"embeddable":true,"href":"https:\/\/autorival.ro\/mazda\/wp-json\/wp\/v2\/comments?post=137621"}],"wp:featuredmedia":[{"embeddable":true,"href":"https:\/\/autorival.ro\/mazda\/wp-json\/wp\/v2\/media\/137266"}],"wp:attachment":[{"href":"https:\/\/autorival.ro\/mazda\/wp-json\/wp\/v2\/media?parent=137621"}],"wp:term":[{"taxonomy":"product_brand","embeddable":true,"href":"https:\/\/autorival.ro\/mazda\/wp-json\/wp\/v2\/product_brand?post=137621"},{"taxonomy":"product_cat","embeddable":true,"href":"https:\/\/autorival.ro\/mazda\/wp-json\/wp\/v2\/product_cat?post=137621"},{"taxonomy":"product_tag","embeddable":true,"href":"https:\/\/autorival.ro\/mazda\/wp-json\/wp\/v2\/product_tag?post=137621"}],"curies":[{"name":"wp","href":"https:\/\/api.w.org\/{rel}","templated":true}]}}